{"id":19238,"date":"2019-10-17T14:35:43","date_gmt":"2019-10-17T14:35:43","guid":{"rendered":"https:\/\/www.accuratereviews.com\/?page_id=19238"},"modified":"2019-10-17T14:35:43","modified_gmt":"2019-10-17T14:35:43","slug":"resource-guru-recensione","status":"publish","type":"page","link":"https:\/\/www.accuratereviews.com\/it\/project-management-online-lista-software\/resource-guru-recensione\/","title":{"rendered":"Resource Guru"},"content":{"rendered":"<p><strong>Resource Guru<\/strong> \u00e8 uno <strong>strumento di pianificazione<\/strong> efficace progettato per mantenere te e il tuo team in contatto, incrementare il business, tenere il passo con il tuo lavoro e rispettare le scadenze. Cosa pu\u00f2 fare <strong>Resource Guru<\/strong> per la tua azienda? Oltre a essere uno strumento di pianificazione di base, mette tutto il tuo team in un calendario online in cui puoi mappare le tue mosse, impostare programmi e risorse. Resource Guru offre una visibilit\u00e0 ottimale per le aziende per massimizzare realmente i loro programmi e sfruttare al massimo la loro forza lavoro, attrezzature, risorse e tempo. Il sistema si integra facilmente in qualsiasi ambiente software, grazie alle sue <strong>API aperte<\/strong> e ai Webhook che ti aiutano a collegarlo praticamente a qualsiasi sistema. Dalla comodit\u00e0 di una singola dashboard, potrai organizzare le prenotazioni per progetto o cliente e consegnare e-mail personalizzata ogni giorno. Il prezzo \u00e8 moderato e soddisfa le esigenze di tutti gli utenti, poich\u00e9 i pacchetti partono da $ 2,50 al mese.<\/p>\n<h2>RESOURCE GURU &#8211; TUTORIAL<\/h2>\n<p>Questo tutorial ti guider\u00e0 a configurare il tuo account di questo <strong>software Project Management<\/strong>, aggiungere risorse, progetti e clienti, aggiungere eventi al Programma e usare i Rapporti per ottenere le metriche di cui hai bisogno:<\/p>\n<div id=\"fluid-wrapper-counter-1\" class=\"g1-fluid-wrapper \" style=\"width:686px;\">\n<div style=\"padding-bottom:56.268221574344%;\"><iframe loading=\"lazy\" title=\"Resource Guru Demo: A Full Overview\" width=\"686\" height=\"386\" src=\"https:\/\/www.youtube.com\/embed\/mwnyM9TvXh4?feature=oembed&amp;wmode=transparent&amp;autohide=1&amp;autoplay=0&amp;disablekb=0&amp;fs=1&amp;loop=0&amp;enablejsapi=1&amp;rel=0&amp;controls=2&amp;showinfo=0&amp;wmode=transparent&amp;autohide=2&amp;autoplay=0&amp;disablekb=0&amp;fs=1&amp;loop=0&amp;enablejsapi=1&amp;rel=0&amp;controls=2&amp;showinfo=1\" frameborder=\"0\" allow=\"accelerometer; autoplay; encrypted-media; gyroscope; picture-in-picture\" allowfullscreen><\/iframe><\/div>\n<\/div>\n<h3>RESOURCE GURU &#8211; CARATTERISTICHE<\/h3>\n<ul>\n<li>Progetti illimitati<\/li>\n<li>Clienti illimitati<\/li>\n<li>Dashboard personalizzatI<\/li>\n<li>Campi e filtri personalizzati<\/li>\n<li>Supporto fuso orario<\/li>\n<li>Autorizzazioni utente flessibili<\/li>\n<li>API con webhooks<\/li>\n<li>Aggiornamenti automatici<\/li>\n<li>Sincronizzazione del calendario<\/li>\n<\/ul>\n<h4>LE RECENSIONE DEGLI UTENTI<\/h4>\n<h4>Jane D. &#8220;Ci risparmia tempo ed energia&#8221;<\/h4>\n<p><strong>Commenti<\/strong>: personale cordiale e tempi di risposta molto rapidi.<\/p>\n<p><strong>Vantaggi<\/strong>: la facilit\u00e0 d&#8217;uso e la disponibilit\u00e0 del programma per tutti i nostri utenti, anche quando sono in viaggio, hanno semplificato il lavoro di tutti. E &#8216;stato rapidamente adottato &#8211; anche dai tecnofobi nella nostra azienda &#8211; visto che \u00e8 cos\u00ec intuitivo.<br \/>\nD\u00e0 una grande &#8216;at-a-glance&#8217; vista di tutto ci\u00f2 che abbiamo in arrivo una delle opzioni di reporting sono troppo grandi.<\/p>\n<p><strong>Inconvenienti<\/strong>: Sarebbe bello poter avere un&#8217;opzione &#8216;confermata \/ non confermata&#8217; (o qualcosa di simile ma, nel frattempo, abbiamo soluzioni alternative.)<\/p>\n<h4>Nancy E. &#8220;Resource Guru recensione&#8221;<\/h4>\n<p><strong>Commenti<\/strong>: Tutti hanno accesso al programma in modo che ogni sviluppatore o designer non solo sappia su cosa dovrebbero lavorare, ma su cosa stanno lavorando gli altri. Siamo in grado di programmare cosa che ci aiuta visto che abbiamo progetti che durano mesi, non settimane.<\/p>\n<p><strong>Vantaggi<\/strong>: \u00e8 facile da usare. Tutti possono vedere cosa c&#8217;\u00e8 sul calendario o quello che dovrebbero essere svolto. Posso vedere quanto tempo \u00e8 un progetto nella nostra coda di produzione per accertare quando avremo finito. Posso programmare le vacanze in modo che altri sappiano quali risorse sono disponibili in quale data.<\/p>\n<p><strong>Inconvenienti<\/strong>: i tempi a volte non sono corretti. Sembra pensare un giorno di lavoro \u00e8 lungo dodici ore, invece di otto. \u00c8 difficile programmare diversi progetti nello stesso giorno. \u00c8 pi\u00f9 semplice assegnare un progetto per l&#8217;intera giornata.<\/p>\n<h4>Sonia P. &#8220;Strumento di pianificazione di alto livello facile da usare&#8221;<\/h4>\n<p><strong>Commenti<\/strong>: Resource Guru consente alla nostra azienda di pianificare a lungo termine l&#8217;utilizzazione delle risorse e di fornire una guida ai lead time per i team di vendita.<\/p>\n<p><strong>Vantaggi<\/strong>: utilizzo Resource Guru dal 2013 ed \u00e8 in costante miglioramento, il che \u00e8 bello da vedere. \u00c8 facile da usare e offre rapporti decenti.<\/p>\n<p><strong>Inconvenienti<\/strong>: mi piacerebbe vedere le festivit\u00e0 pubbliche popolate automaticamente in base a un paese di scelta e alla possibilit\u00e0 di limitare le ore giornaliere prenotabili solo di un numero (ad esempio 7,5 ore) senza impostare un inizio \/ fine \/ pausa pranzo.<\/p>\n","protected":false},"excerpt":{"rendered":"<p>Resource Guru \u00e8 uno strumento di pianificazione efficace progettato per mantenere te e il tuo team in contatto, incrementare il business, tenere il passo con il tuo lavoro e rispettare le scadenze. Cosa pu\u00f2 fare Resource Guru per la tua azienda? Oltre ad essere uno strumento di pianificazione di base, mette tutto il tuo team in un calendario online in cui puoi mappare le tue mosse, impostare programmi e risorse.<\/p>\n","protected":false},"author":19,"featured_media":19239,"parent":8333,"menu_order":0,"comment_status":"open","ping_status":"closed","template":"g1_template_page_review_new.php","meta":{"_acf_changed":false,"cwp_meta_box_check":"Yes","cwp_rev_product_name":"","cwp_rev_product_image":"","wppr_links":[],"cwp_rev_price":"","wppr_options":[],"wppr_pros":[],"wppr_cons":[],"_monsterinsights_skip_tracking":false,"_monsterinsights_sitenote_active":false,"_monsterinsights_sitenote_note":"","_monsterinsights_sitenote_category":0,"footnotes":""},"categories":[172],"tags":[396,246,1312,1383,1319,1309,1363],"features":[],"class_list":{"0":"post-19238","1":"page","2":"type-page","3":"status-publish","4":"has-post-thumbnail","6":"category-online-project-management-it","7":"tag-cloud","8":"tag-open-source","9":"tag-programma-gestione-progetti","10":"tag-resource-guru","11":"tag-software-gestione-progetti","12":"tag-software-project-management","13":"tag-soluzione-gestione-progetti"},"wppr_data":{"cwp_meta_box_check":"Yes","cwp_rev_product_name":"","cwp_rev_product_image":"","cwp_image_link":"image","cwp_rev_price":"","wppr_rating":"0.00"},"acf":[],"yoast_head":"<!-- This site is optimized with the Yoast SEO plugin v27.4 - https:\/\/yoast.com\/product\/yoast-seo-wordpress\/ -->\n<title>Resource Guru: recensione software Project Management<\/title>\n<meta name=\"description\" content=\"Resource Guru: recensione strumento di pianificazione efficace progettato per mantenere te e il tuo team in contatto, incrementare il business e molto altro\" \/>\n<meta name=\"robots\" content=\"index, follow, max-snippet:-1, max-image-preview:large, max-video-preview:-1\" \/>\n<link rel=\"canonical\" href=\"https:\/\/www.accuratereviews.com\/it\/project-management-online-lista-software\/resource-guru-recensione\/\" \/>\n<meta property=\"og:locale\" content=\"it_IT\" \/>\n<meta property=\"og:type\" content=\"article\" \/>\n<meta property=\"og:title\" content=\"Resource Guru: recensione software Project Management\" \/>\n<meta property=\"og:description\" content=\"Resource Guru: recensione strumento di pianificazione efficace progettato per mantenere te e il tuo team in contatto, incrementare il business e molto altro\" \/>\n<meta property=\"og:url\" content=\"https:\/\/www.accuratereviews.com\/it\/project-management-online-lista-software\/resource-guru-recensione\/\" \/>\n<meta property=\"og:site_name\" content=\"Accurate Reviews\" \/>\n<meta property=\"og:image\" content=\"https:\/\/www.accuratereviews.com\/wp-content\/uploads\/2019\/10\/Resource-Guru-logo.jpg\" \/>\n\t<meta property=\"og:image:width\" content=\"256\" \/>\n\t<meta property=\"og:image:height\" content=\"256\" \/>\n\t<meta property=\"og:image:type\" content=\"image\/jpeg\" \/>\n<meta name=\"twitter:card\" content=\"summary_large_image\" \/>\n<meta name=\"twitter:label1\" content=\"Tempo di lettura stimato\" \/>\n\t<meta name=\"twitter:data1\" content=\"3 minuti\" \/>\n<script type=\"application\/ld+json\" class=\"yoast-schema-graph\">{\"@context\":\"https:\\\/\\\/schema.org\",\"@graph\":[{\"@type\":\"WebPage\",\"@id\":\"https:\\\/\\\/www.accuratereviews.com\\\/it\\\/project-management-online-lista-software\\\/resource-guru-recensione\\\/\",\"url\":\"https:\\\/\\\/www.accuratereviews.com\\\/it\\\/project-management-online-lista-software\\\/resource-guru-recensione\\\/\",\"name\":\"Resource Guru: recensione software Project Management\",\"isPartOf\":{\"@id\":\"https:\\\/\\\/www.accuratereviews.com\\\/it\\\/#website\"},\"primaryImageOfPage\":{\"@id\":\"https:\\\/\\\/www.accuratereviews.com\\\/it\\\/project-management-online-lista-software\\\/resource-guru-recensione\\\/#primaryimage\"},\"image\":{\"@id\":\"https:\\\/\\\/www.accuratereviews.com\\\/it\\\/project-management-online-lista-software\\\/resource-guru-recensione\\\/#primaryimage\"},\"thumbnailUrl\":\"https:\\\/\\\/www.accuratereviews.com\\\/wp-content\\\/uploads\\\/2019\\\/10\\\/Resource-Guru-logo.jpg\",\"datePublished\":\"2019-10-17T14:35:43+00:00\",\"description\":\"Resource Guru: recensione strumento di pianificazione efficace progettato per mantenere te e il tuo team in contatto, incrementare il business e molto altro\",\"breadcrumb\":{\"@id\":\"https:\\\/\\\/www.accuratereviews.com\\\/it\\\/project-management-online-lista-software\\\/resource-guru-recensione\\\/#breadcrumb\"},\"inLanguage\":\"it-IT\",\"potentialAction\":[{\"@type\":\"ReadAction\",\"target\":[\"https:\\\/\\\/www.accuratereviews.com\\\/it\\\/project-management-online-lista-software\\\/resource-guru-recensione\\\/\"]}]},{\"@type\":\"ImageObject\",\"inLanguage\":\"it-IT\",\"@id\":\"https:\\\/\\\/www.accuratereviews.com\\\/it\\\/project-management-online-lista-software\\\/resource-guru-recensione\\\/#primaryimage\",\"url\":\"https:\\\/\\\/www.accuratereviews.com\\\/wp-content\\\/uploads\\\/2019\\\/10\\\/Resource-Guru-logo.jpg\",\"contentUrl\":\"https:\\\/\\\/www.accuratereviews.com\\\/wp-content\\\/uploads\\\/2019\\\/10\\\/Resource-Guru-logo.jpg\",\"width\":256,\"height\":256},{\"@type\":\"BreadcrumbList\",\"@id\":\"https:\\\/\\\/www.accuratereviews.com\\\/it\\\/project-management-online-lista-software\\\/resource-guru-recensione\\\/#breadcrumb\",\"itemListElement\":[{\"@type\":\"ListItem\",\"position\":1,\"name\":\"Home\",\"item\":\"https:\\\/\\\/www.accuratereviews.com\\\/it\\\/\"},{\"@type\":\"ListItem\",\"position\":2,\"name\":\"Project Management Online\",\"item\":\"https:\\\/\\\/www.accuratereviews.com\\\/it\\\/project-management-online-lista-software\\\/\"},{\"@type\":\"ListItem\",\"position\":3,\"name\":\"Resource Guru\"}]},{\"@type\":\"WebSite\",\"@id\":\"https:\\\/\\\/www.accuratereviews.com\\\/it\\\/#website\",\"url\":\"https:\\\/\\\/www.accuratereviews.com\\\/it\\\/\",\"name\":\"Accurate Reviews\",\"description\":\"\",\"potentialAction\":[{\"@type\":\"SearchAction\",\"target\":{\"@type\":\"EntryPoint\",\"urlTemplate\":\"https:\\\/\\\/www.accuratereviews.com\\\/it\\\/?s={search_term_string}\"},\"query-input\":{\"@type\":\"PropertyValueSpecification\",\"valueRequired\":true,\"valueName\":\"search_term_string\"}}],\"inLanguage\":\"it-IT\"}]}<\/script>\n<!-- \/ Yoast SEO plugin. -->","yoast_head_json":{"title":"Resource Guru: recensione software Project Management","description":"Resource Guru: recensione strumento di pianificazione efficace progettato per mantenere te e il tuo team in contatto, incrementare il business e molto altro","robots":{"index":"index","follow":"follow","max-snippet":"max-snippet:-1","max-image-preview":"max-image-preview:large","max-video-preview":"max-video-preview:-1"},"canonical":"https:\/\/www.accuratereviews.com\/it\/project-management-online-lista-software\/resource-guru-recensione\/","og_locale":"it_IT","og_type":"article","og_title":"Resource Guru: recensione software Project Management","og_description":"Resource Guru: recensione strumento di pianificazione efficace progettato per mantenere te e il tuo team in contatto, incrementare il business e molto altro","og_url":"https:\/\/www.accuratereviews.com\/it\/project-management-online-lista-software\/resource-guru-recensione\/","og_site_name":"Accurate Reviews","og_image":[{"width":256,"height":256,"url":"https:\/\/www.accuratereviews.com\/wp-content\/uploads\/2019\/10\/Resource-Guru-logo.jpg","type":"image\/jpeg"}],"twitter_card":"summary_large_image","twitter_misc":{"Tempo di lettura stimato":"3 minuti"},"schema":{"@context":"https:\/\/schema.org","@graph":[{"@type":"WebPage","@id":"https:\/\/www.accuratereviews.com\/it\/project-management-online-lista-software\/resource-guru-recensione\/","url":"https:\/\/www.accuratereviews.com\/it\/project-management-online-lista-software\/resource-guru-recensione\/","name":"Resource Guru: recensione software Project Management","isPartOf":{"@id":"https:\/\/www.accuratereviews.com\/it\/#website"},"primaryImageOfPage":{"@id":"https:\/\/www.accuratereviews.com\/it\/project-management-online-lista-software\/resource-guru-recensione\/#primaryimage"},"image":{"@id":"https:\/\/www.accuratereviews.com\/it\/project-management-online-lista-software\/resource-guru-recensione\/#primaryimage"},"thumbnailUrl":"https:\/\/www.accuratereviews.com\/wp-content\/uploads\/2019\/10\/Resource-Guru-logo.jpg","datePublished":"2019-10-17T14:35:43+00:00","description":"Resource Guru: recensione strumento di pianificazione efficace progettato per mantenere te e il tuo team in contatto, incrementare il business e molto altro","breadcrumb":{"@id":"https:\/\/www.accuratereviews.com\/it\/project-management-online-lista-software\/resource-guru-recensione\/#breadcrumb"},"inLanguage":"it-IT","potentialAction":[{"@type":"ReadAction","target":["https:\/\/www.accuratereviews.com\/it\/project-management-online-lista-software\/resource-guru-recensione\/"]}]},{"@type":"ImageObject","inLanguage":"it-IT","@id":"https:\/\/www.accuratereviews.com\/it\/project-management-online-lista-software\/resource-guru-recensione\/#primaryimage","url":"https:\/\/www.accuratereviews.com\/wp-content\/uploads\/2019\/10\/Resource-Guru-logo.jpg","contentUrl":"https:\/\/www.accuratereviews.com\/wp-content\/uploads\/2019\/10\/Resource-Guru-logo.jpg","width":256,"height":256},{"@type":"BreadcrumbList","@id":"https:\/\/www.accuratereviews.com\/it\/project-management-online-lista-software\/resource-guru-recensione\/#breadcrumb","itemListElement":[{"@type":"ListItem","position":1,"name":"Home","item":"https:\/\/www.accuratereviews.com\/it\/"},{"@type":"ListItem","position":2,"name":"Project Management Online","item":"https:\/\/www.accuratereviews.com\/it\/project-management-online-lista-software\/"},{"@type":"ListItem","position":3,"name":"Resource Guru"}]},{"@type":"WebSite","@id":"https:\/\/www.accuratereviews.com\/it\/#website","url":"https:\/\/www.accuratereviews.com\/it\/","name":"Accurate Reviews","description":"","potentialAction":[{"@type":"SearchAction","target":{"@type":"EntryPoint","urlTemplate":"https:\/\/www.accuratereviews.com\/it\/?s={search_term_string}"},"query-input":{"@type":"PropertyValueSpecification","valueRequired":true,"valueName":"search_term_string"}}],"inLanguage":"it-IT"}]}},"_links":{"self":[{"href":"https:\/\/www.accuratereviews.com\/it\/wp-json\/wp\/v2\/pages\/19238","targetHints":{"allow":["GET"]}}],"collection":[{"href":"https:\/\/www.accuratereviews.com\/it\/wp-json\/wp\/v2\/pages"}],"about":[{"href":"https:\/\/www.accuratereviews.com\/it\/wp-json\/wp\/v2\/types\/page"}],"author":[{"embeddable":true,"href":"https:\/\/www.accuratereviews.com\/it\/wp-json\/wp\/v2\/users\/19"}],"replies":[{"embeddable":true,"href":"https:\/\/www.accuratereviews.com\/it\/wp-json\/wp\/v2\/comments?post=19238"}],"version-history":[{"count":7,"href":"https:\/\/www.accuratereviews.com\/it\/wp-json\/wp\/v2\/pages\/19238\/revisions"}],"predecessor-version":[{"id":19271,"href":"https:\/\/www.accuratereviews.com\/it\/wp-json\/wp\/v2\/pages\/19238\/revisions\/19271"}],"up":[{"embeddable":true,"href":"https:\/\/www.accuratereviews.com\/it\/wp-json\/wp\/v2\/pages\/8333"}],"wp:featuredmedia":[{"embeddable":true,"href":"https:\/\/www.accuratereviews.com\/it\/wp-json\/wp\/v2\/media\/19239"}],"wp:attachment":[{"href":"https:\/\/www.accuratereviews.com\/it\/wp-json\/wp\/v2\/media?parent=19238"}],"wp:term":[{"taxonomy":"category","embeddable":true,"href":"https:\/\/www.accuratereviews.com\/it\/wp-json\/wp\/v2\/categories?post=19238"},{"taxonomy":"post_tag","embeddable":true,"href":"https:\/\/www.accuratereviews.com\/it\/wp-json\/wp\/v2\/tags?post=19238"},{"taxonomy":"features","embeddable":true,"href":"https:\/\/www.accuratereviews.com\/it\/wp-json\/wp\/v2\/features?post=19238"}],"curies":[{"name":"wp","href":"https:\/\/api.w.org\/{rel}","templated":true}]}}