{"id":19244,"date":"2019-10-17T14:36:40","date_gmt":"2019-10-17T14:36:40","guid":{"rendered":"https:\/\/www.accuratereviews.com\/?page_id=19244"},"modified":"2019-10-17T14:36:40","modified_gmt":"2019-10-17T14:36:40","slug":"paskr-recensione","status":"publish","type":"page","link":"https:\/\/www.accuratereviews.com\/it\/project-management-online-lista-software\/paskr-recensione\/","title":{"rendered":"PASKR"},"content":{"rendered":"<p><strong>PASKR<\/strong> \u00e8 uno strumento di<strong> gestione dei progetti<\/strong> basato su <strong>cloud<\/strong> che permette di organizzare meglio il flusso di lavoro in un team numeroso. \u00c8 l&#8217;ideale per chi lavora nel settore edile e necessita un sistema che gli permetta di <strong>aumentare la produttivit\u00e0<\/strong> automatizzando le singole attivit\u00e0 dei processi cos\u00ec da riuscire a ridurre i tempi, i costi e anche gli errori che vengono fatti normalmente durante l&#8217;inserimento manuale di dati. Ti permette quindi di tenere sotto controllo il tuo business, tenendo traccia dei progetti e dei tempi che vengono impiegati per realizzarli. P<strong>ASKR<\/strong> dispone anche di un&#8217;app mobile per i <strong>dispositivi iOS e Android<\/strong> che ti consente di organizzare il tuo lavoro anche dal tuo smartphone o tablet.<\/p>\n<h2>PIANIFICAZIONE PROGETTO CON PASKR &#8211; IMMAGINE<\/h2>\n<p><a href=\"https:\/\/www.accuratereviews.com\/wp-content\/uploads\/2019\/10\/Projects-Details-2.png\"><img loading=\"lazy\" decoding=\"async\" class=\"alignnone wp-image-19245 size-full\" src=\"https:\/\/www.accuratereviews.com\/wp-content\/uploads\/2019\/10\/Projects-Details-2.png\" alt=\"\" width=\"799\" height=\"800\" srcset=\"https:\/\/www.accuratereviews.com\/wp-content\/uploads\/2019\/10\/Projects-Details-2.png 799w, https:\/\/www.accuratereviews.com\/wp-content\/uploads\/2019\/10\/Projects-Details-2-150x150.png 150w, https:\/\/www.accuratereviews.com\/wp-content\/uploads\/2019\/10\/Projects-Details-2-300x300.png 300w, https:\/\/www.accuratereviews.com\/wp-content\/uploads\/2019\/10\/Projects-Details-2-768x769.png 768w, https:\/\/www.accuratereviews.com\/wp-content\/uploads\/2019\/10\/Projects-Details-2-125x125.png 125w, https:\/\/www.accuratereviews.com\/wp-content\/uploads\/2019\/10\/Projects-Details-2-50x50.png 50w, https:\/\/www.accuratereviews.com\/wp-content\/uploads\/2019\/10\/Projects-Details-2-636x637.png 636w, https:\/\/www.accuratereviews.com\/wp-content\/uploads\/2019\/10\/Projects-Details-2-320x320.png 320w, https:\/\/www.accuratereviews.com\/wp-content\/uploads\/2019\/10\/Projects-Details-2-239x239.png 239w, https:\/\/www.accuratereviews.com\/wp-content\/uploads\/2019\/10\/Projects-Details-2-55x55.png 55w\" sizes=\"auto, (max-width: 799px) 100vw, 799px\" \/><\/a><\/p>\n<h3>PASKR &#8211; CARATTERISTICHE<\/h3>\n<p>Di seguito le sue principali caratteristiche:<\/p>\n<ul>\n<li>Gestione dei documenti in tempo reale<\/li>\n<li>Modelli di stima personalizzabili<\/li>\n<li>Pacchetti di proposte completamente automatizzati<\/li>\n<li>Gestione dei progetti<\/li>\n<li>Pianificazione e programmazione con grafici di Gnatt<\/li>\n<li>Ordini di acquisto e di cambiamento<\/li>\n<li>Generazione automatica del registro di invio<\/li>\n<li>Gestione delle attivit\u00e0<\/li>\n<li>Sistema reportistico<\/li>\n<li>App mobile per dispositivi IOS e Android<\/li>\n<li>Sincronizzazione automatica con la contabilit\u00e0<\/li>\n<\/ul>\n<h3>LE RECENSIONI DEGLI UTENTI<\/h3>\n<ul>\n<li><strong>&#8220;Molto da assorbire!&#8221;<\/strong><br \/>\nIN GENERALE: questo software \u00e8 orientato verso gli uffici che hanno diversi soggetti responsabili delle diverse fasi del progetto. Non tengono conto del fatto che alcuni uffici possono avere solo 1 o 2 persone che gestiscono l&#8217;amministrazione. Pertanto, ogni persona richiede almeno 2 accessi separati e deve accedere e disconnettersi ogni volta che desidera svolgere una determinata funzione. Il loro supporto clienti \u00e8 eccellente e ti guideranno attraverso il processo secondo necessit\u00e0.<br \/>\nPRO: ha tutte le funzioni importanti e necessarie per qualsiasi tipo di progetto<br \/>\nCONTRO: La dashboard non \u00e8 facile da usare e non consente a 1 persona di avere tutte le funzioni del progetto. I proprietari dovrebbero avere questo override.<\/li>\n<li><strong>&#8220;Gestione del progetto semplificata con Paskr&#8221;<\/strong><br \/>\nIN GENERALE: L&#8217;uso di Paskr per la nostra azienda \u00e8 stata un&#8217;implementazione di risparmio sui costi. L&#8217;organizzazione e l&#8217;efficienza del software Paskr riducono il tempo dedicato alla gestione dei progetti ed eliminano molti problemi di tracciamento che sono cos\u00ec cruciali per il team. Paskr ha permesso alla nostra azienda di integrarsi completamente attraverso il processo di costruzione e ha semplificato il flusso di lavoro da gestione, project manager, sovrintendenti e contabilit\u00e0.<br \/>\nPRO: facilit\u00e0 d&#8217;uso e aumento della produttivit\u00e0 per il team del progetto<\/li>\n<li><strong>&#8220;Alti e bassi&#8221;<\/strong><br \/>\nIN GENERALE: Complessivamente, PASKR \u00e8 stato un ottimo programma con un grande supporto, ma ultimamente le caratteristiche e le funzionalit\u00e0 sono scivolate. PASKR sembra avere problemi con il calcolo, ordini di modifica, stime, fatture del proprietario ecc. Che hanno numeri che non si sommano costantemente insieme a difetti nei rapporti generati da PASKR che i nostri clienti vedono. L&#8217;evento pi\u00f9 recente ha portato alla decisione della nostra leadership di allontanarsi dal PASKR e trovare un programma diverso. Oltre agli errori informatici, credo che PASKR faccia troppi sforzi per aggiungere campane e fischietti invece di riparare le ossa nude del sistema che necessitavano di attenzione \/ aggiornamento. Anche i progressi compiuti sembrano essere molto lenti. \u00c8 un ottimo programma per la gestione dei contratti e le applicazioni di pagamento dei subappaltatori e hanno un ottimo supporto clienti, ma ci sono troppi errori e troppi progressi oltre a incoraggiare la nostra azienda a continuare a utilizzare PASKR.<br \/>\nPRO: gestione dei contratti<br \/>\nCONTRO: Progressi nell&#8217;aggiornamento del software, errori di elaborazione, modifiche alle funzionalit\u00e0 necessarie, mancanza di integrazione della contabilit\u00e0.<\/li>\n<\/ul>\n","protected":false},"excerpt":{"rendered":"<p>PASKR \u00e8 uno strumento di gestione dei progetti basato su cloud che permette di organizzare meglio il flusso di lavoro in un team numeroso. \u00c8 l&#8217;ideale per chi lavora nel settore edile e necessita un sistema che gli permetta di aumentare la produttivit\u00e0 automatizzando le singole attivit\u00e0 dei processi cos\u00ec da riuscire a ridurre i tempi, i costi e anche gli errori<\/p>\n","protected":false},"author":17,"featured_media":19248,"parent":8333,"menu_order":0,"comment_status":"open","ping_status":"closed","template":"g1_template_page_review_new.php","meta":{"_acf_changed":false,"cwp_meta_box_check":"Yes","cwp_rev_product_name":"","cwp_rev_product_image":"","wppr_links":[],"cwp_rev_price":"","wppr_options":[],"wppr_pros":[],"wppr_cons":[],"_monsterinsights_skip_tracking":false,"_monsterinsights_sitenote_active":false,"_monsterinsights_sitenote_note":"","_monsterinsights_sitenote_category":0,"footnotes":""},"categories":[172],"tags":[1324,1316,1310,1330],"features":[],"class_list":{"0":"post-19244","1":"page","2":"type-page","3":"status-publish","4":"has-post-thumbnail","6":"category-online-project-management-it","7":"tag-gestione-dei-progetti","8":"tag-online-project-management","9":"tag-programma-project-management","10":"tag-project-manager"},"wppr_data":{"cwp_meta_box_check":"Yes","cwp_rev_product_name":"","cwp_rev_product_image":"","cwp_image_link":"image","cwp_rev_price":"","wppr_rating":"0.00"},"acf":[],"yoast_head":"<!-- This site is optimized with the Yoast SEO plugin v27.4 - https:\/\/yoast.com\/product\/yoast-seo-wordpress\/ -->\n<title>PASKR: recensione programma gestione dei progetti - Accurate Reviews<\/title>\n<meta name=\"description\" content=\"PASKR: recensione dello strumento di gestione dei progetti basato su cloud che permette di organizzare meglio il flusso di lavoro in un team numeroso.\" \/>\n<meta name=\"robots\" content=\"index, follow, max-snippet:-1, max-image-preview:large, max-video-preview:-1\" \/>\n<link rel=\"canonical\" href=\"https:\/\/www.accuratereviews.com\/it\/project-management-online-lista-software\/paskr-recensione\/\" \/>\n<meta property=\"og:locale\" content=\"it_IT\" \/>\n<meta property=\"og:type\" content=\"article\" \/>\n<meta property=\"og:title\" content=\"PASKR: recensione programma gestione dei progetti - Accurate Reviews\" \/>\n<meta property=\"og:description\" content=\"PASKR: recensione dello strumento di gestione dei progetti basato su cloud che permette di organizzare meglio il flusso di lavoro in un team numeroso.\" \/>\n<meta property=\"og:url\" content=\"https:\/\/www.accuratereviews.com\/it\/project-management-online-lista-software\/paskr-recensione\/\" \/>\n<meta property=\"og:site_name\" content=\"Accurate Reviews\" \/>\n<meta property=\"og:image\" content=\"https:\/\/www.accuratereviews.com\/wp-content\/uploads\/2019\/10\/PASKR_weblogo-01.png\" \/>\n\t<meta property=\"og:image:width\" content=\"514\" \/>\n\t<meta property=\"og:image:height\" content=\"167\" \/>\n\t<meta property=\"og:image:type\" content=\"image\/png\" \/>\n<meta name=\"twitter:card\" content=\"summary_large_image\" \/>\n<meta name=\"twitter:label1\" content=\"Tempo di lettura stimato\" \/>\n\t<meta name=\"twitter:data1\" content=\"3 minuti\" \/>\n<script type=\"application\/ld+json\" class=\"yoast-schema-graph\">{\"@context\":\"https:\\\/\\\/schema.org\",\"@graph\":[{\"@type\":\"WebPage\",\"@id\":\"https:\\\/\\\/www.accuratereviews.com\\\/it\\\/project-management-online-lista-software\\\/paskr-recensione\\\/\",\"url\":\"https:\\\/\\\/www.accuratereviews.com\\\/it\\\/project-management-online-lista-software\\\/paskr-recensione\\\/\",\"name\":\"PASKR: recensione programma gestione dei progetti - Accurate Reviews\",\"isPartOf\":{\"@id\":\"https:\\\/\\\/www.accuratereviews.com\\\/it\\\/#website\"},\"primaryImageOfPage\":{\"@id\":\"https:\\\/\\\/www.accuratereviews.com\\\/it\\\/project-management-online-lista-software\\\/paskr-recensione\\\/#primaryimage\"},\"image\":{\"@id\":\"https:\\\/\\\/www.accuratereviews.com\\\/it\\\/project-management-online-lista-software\\\/paskr-recensione\\\/#primaryimage\"},\"thumbnailUrl\":\"https:\\\/\\\/www.accuratereviews.com\\\/wp-content\\\/uploads\\\/2019\\\/10\\\/PASKR_weblogo-01.png\",\"datePublished\":\"2019-10-17T14:36:40+00:00\",\"description\":\"PASKR: recensione dello strumento di gestione dei progetti basato su cloud che permette di organizzare meglio il flusso di lavoro in un team numeroso.\",\"breadcrumb\":{\"@id\":\"https:\\\/\\\/www.accuratereviews.com\\\/it\\\/project-management-online-lista-software\\\/paskr-recensione\\\/#breadcrumb\"},\"inLanguage\":\"it-IT\",\"potentialAction\":[{\"@type\":\"ReadAction\",\"target\":[\"https:\\\/\\\/www.accuratereviews.com\\\/it\\\/project-management-online-lista-software\\\/paskr-recensione\\\/\"]}]},{\"@type\":\"ImageObject\",\"inLanguage\":\"it-IT\",\"@id\":\"https:\\\/\\\/www.accuratereviews.com\\\/it\\\/project-management-online-lista-software\\\/paskr-recensione\\\/#primaryimage\",\"url\":\"https:\\\/\\\/www.accuratereviews.com\\\/wp-content\\\/uploads\\\/2019\\\/10\\\/PASKR_weblogo-01.png\",\"contentUrl\":\"https:\\\/\\\/www.accuratereviews.com\\\/wp-content\\\/uploads\\\/2019\\\/10\\\/PASKR_weblogo-01.png\",\"width\":514,\"height\":167},{\"@type\":\"BreadcrumbList\",\"@id\":\"https:\\\/\\\/www.accuratereviews.com\\\/it\\\/project-management-online-lista-software\\\/paskr-recensione\\\/#breadcrumb\",\"itemListElement\":[{\"@type\":\"ListItem\",\"position\":1,\"name\":\"Home\",\"item\":\"https:\\\/\\\/www.accuratereviews.com\\\/it\\\/\"},{\"@type\":\"ListItem\",\"position\":2,\"name\":\"Project Management Online\",\"item\":\"https:\\\/\\\/www.accuratereviews.com\\\/it\\\/project-management-online-lista-software\\\/\"},{\"@type\":\"ListItem\",\"position\":3,\"name\":\"PASKR\"}]},{\"@type\":\"WebSite\",\"@id\":\"https:\\\/\\\/www.accuratereviews.com\\\/it\\\/#website\",\"url\":\"https:\\\/\\\/www.accuratereviews.com\\\/it\\\/\",\"name\":\"Accurate Reviews\",\"description\":\"\",\"potentialAction\":[{\"@type\":\"SearchAction\",\"target\":{\"@type\":\"EntryPoint\",\"urlTemplate\":\"https:\\\/\\\/www.accuratereviews.com\\\/it\\\/?s={search_term_string}\"},\"query-input\":{\"@type\":\"PropertyValueSpecification\",\"valueRequired\":true,\"valueName\":\"search_term_string\"}}],\"inLanguage\":\"it-IT\"}]}<\/script>\n<!-- \/ Yoast SEO plugin. -->","yoast_head_json":{"title":"PASKR: recensione programma gestione dei progetti - Accurate Reviews","description":"PASKR: recensione dello strumento di gestione dei progetti basato su cloud che permette di organizzare meglio il flusso di lavoro in un team numeroso.","robots":{"index":"index","follow":"follow","max-snippet":"max-snippet:-1","max-image-preview":"max-image-preview:large","max-video-preview":"max-video-preview:-1"},"canonical":"https:\/\/www.accuratereviews.com\/it\/project-management-online-lista-software\/paskr-recensione\/","og_locale":"it_IT","og_type":"article","og_title":"PASKR: recensione programma gestione dei progetti - Accurate Reviews","og_description":"PASKR: recensione dello strumento di gestione dei progetti basato su cloud che permette di organizzare meglio il flusso di lavoro in un team numeroso.","og_url":"https:\/\/www.accuratereviews.com\/it\/project-management-online-lista-software\/paskr-recensione\/","og_site_name":"Accurate Reviews","og_image":[{"width":514,"height":167,"url":"https:\/\/www.accuratereviews.com\/wp-content\/uploads\/2019\/10\/PASKR_weblogo-01.png","type":"image\/png"}],"twitter_card":"summary_large_image","twitter_misc":{"Tempo di lettura stimato":"3 minuti"},"schema":{"@context":"https:\/\/schema.org","@graph":[{"@type":"WebPage","@id":"https:\/\/www.accuratereviews.com\/it\/project-management-online-lista-software\/paskr-recensione\/","url":"https:\/\/www.accuratereviews.com\/it\/project-management-online-lista-software\/paskr-recensione\/","name":"PASKR: recensione programma gestione dei progetti - Accurate Reviews","isPartOf":{"@id":"https:\/\/www.accuratereviews.com\/it\/#website"},"primaryImageOfPage":{"@id":"https:\/\/www.accuratereviews.com\/it\/project-management-online-lista-software\/paskr-recensione\/#primaryimage"},"image":{"@id":"https:\/\/www.accuratereviews.com\/it\/project-management-online-lista-software\/paskr-recensione\/#primaryimage"},"thumbnailUrl":"https:\/\/www.accuratereviews.com\/wp-content\/uploads\/2019\/10\/PASKR_weblogo-01.png","datePublished":"2019-10-17T14:36:40+00:00","description":"PASKR: recensione dello strumento di gestione dei progetti basato su cloud che permette di organizzare meglio il flusso di lavoro in un team numeroso.","breadcrumb":{"@id":"https:\/\/www.accuratereviews.com\/it\/project-management-online-lista-software\/paskr-recensione\/#breadcrumb"},"inLanguage":"it-IT","potentialAction":[{"@type":"ReadAction","target":["https:\/\/www.accuratereviews.com\/it\/project-management-online-lista-software\/paskr-recensione\/"]}]},{"@type":"ImageObject","inLanguage":"it-IT","@id":"https:\/\/www.accuratereviews.com\/it\/project-management-online-lista-software\/paskr-recensione\/#primaryimage","url":"https:\/\/www.accuratereviews.com\/wp-content\/uploads\/2019\/10\/PASKR_weblogo-01.png","contentUrl":"https:\/\/www.accuratereviews.com\/wp-content\/uploads\/2019\/10\/PASKR_weblogo-01.png","width":514,"height":167},{"@type":"BreadcrumbList","@id":"https:\/\/www.accuratereviews.com\/it\/project-management-online-lista-software\/paskr-recensione\/#breadcrumb","itemListElement":[{"@type":"ListItem","position":1,"name":"Home","item":"https:\/\/www.accuratereviews.com\/it\/"},{"@type":"ListItem","position":2,"name":"Project Management Online","item":"https:\/\/www.accuratereviews.com\/it\/project-management-online-lista-software\/"},{"@type":"ListItem","position":3,"name":"PASKR"}]},{"@type":"WebSite","@id":"https:\/\/www.accuratereviews.com\/it\/#website","url":"https:\/\/www.accuratereviews.com\/it\/","name":"Accurate Reviews","description":"","potentialAction":[{"@type":"SearchAction","target":{"@type":"EntryPoint","urlTemplate":"https:\/\/www.accuratereviews.com\/it\/?s={search_term_string}"},"query-input":{"@type":"PropertyValueSpecification","valueRequired":true,"valueName":"search_term_string"}}],"inLanguage":"it-IT"}]}},"_links":{"self":[{"href":"https:\/\/www.accuratereviews.com\/it\/wp-json\/wp\/v2\/pages\/19244","targetHints":{"allow":["GET"]}}],"collection":[{"href":"https:\/\/www.accuratereviews.com\/it\/wp-json\/wp\/v2\/pages"}],"about":[{"href":"https:\/\/www.accuratereviews.com\/it\/wp-json\/wp\/v2\/types\/page"}],"author":[{"embeddable":true,"href":"https:\/\/www.accuratereviews.com\/it\/wp-json\/wp\/v2\/users\/17"}],"replies":[{"embeddable":true,"href":"https:\/\/www.accuratereviews.com\/it\/wp-json\/wp\/v2\/comments?post=19244"}],"version-history":[{"count":2,"href":"https:\/\/www.accuratereviews.com\/it\/wp-json\/wp\/v2\/pages\/19244\/revisions"}],"predecessor-version":[{"id":19268,"href":"https:\/\/www.accuratereviews.com\/it\/wp-json\/wp\/v2\/pages\/19244\/revisions\/19268"}],"up":[{"embeddable":true,"href":"https:\/\/www.accuratereviews.com\/it\/wp-json\/wp\/v2\/pages\/8333"}],"wp:featuredmedia":[{"embeddable":true,"href":"https:\/\/www.accuratereviews.com\/it\/wp-json\/wp\/v2\/media\/19248"}],"wp:attachment":[{"href":"https:\/\/www.accuratereviews.com\/it\/wp-json\/wp\/v2\/media?parent=19244"}],"wp:term":[{"taxonomy":"category","embeddable":true,"href":"https:\/\/www.accuratereviews.com\/it\/wp-json\/wp\/v2\/categories?post=19244"},{"taxonomy":"post_tag","embeddable":true,"href":"https:\/\/www.accuratereviews.com\/it\/wp-json\/wp\/v2\/tags?post=19244"},{"taxonomy":"features","embeddable":true,"href":"https:\/\/www.accuratereviews.com\/it\/wp-json\/wp\/v2\/features?post=19244"}],"curies":[{"name":"wp","href":"https:\/\/api.w.org\/{rel}","templated":true}]}}