{"id":19254,"date":"2019-10-17T14:34:48","date_gmt":"2019-10-17T14:34:48","guid":{"rendered":"https:\/\/www.accuratereviews.com\/?page_id=19254"},"modified":"2020-12-24T12:56:48","modified_gmt":"2020-12-24T12:56:48","slug":"ora-recensione","status":"publish","type":"page","link":"https:\/\/www.accuratereviews.com\/it\/project-management-online-lista-software\/ora-recensione\/","title":{"rendered":"Ora"},"content":{"rendered":"<p><strong>Ora<\/strong> \u00e8 un <strong>project management software<\/strong> che permette ai team di lavorare a pi\u00f9 progetti contemporaneamente, risparmiando tempo e denaro. L&#8217;idea \u00e8 quella di rendere il tuo team pi\u00f9 produttivo poich\u00e9 in grado di <strong>ottimizzare il flusso di lavoro<\/strong>, gestendo le attivit\u00e0, i programmi, i progetti e il tempo in modo efficiente. Infatti, grazie agli strumenti di<strong> Ora<\/strong>, \u00e8 possibile progettare in modo semplice utilizzando il <strong>metodo Kanban<\/strong>, monitorando sempre il tempo e utilizzando le chat per comunicare pi\u00f9 velocemente con gli altri membri del team. Si tratta di un programma altamente personalizzabile e semplice da usare, accessibile a tutti.<\/p>\n<h2>COME GESTIRE I PROGETTI CON ORA &#8211; TUTORIAL<\/h2>\n<p>Diamo un&#8217;occhiata a questo video per comprendere come funziona questo software:<\/p>\n<div id=\"fluid-wrapper-counter-1\" class=\"g1-fluid-wrapper \" style=\"width:686px;\">\n<div style=\"padding-bottom:56.268221574344%;\"><iframe loading=\"lazy\" title=\"This is my FAVORITE project management app! | Introduction to Ora\" width=\"686\" height=\"386\" src=\"https:\/\/www.youtube.com\/embed\/OStadgqWRuw?feature=oembed&amp;wmode=transparent&amp;autohide=1&amp;autoplay=0&amp;disablekb=0&amp;fs=1&amp;loop=0&amp;enablejsapi=1&amp;rel=0&amp;controls=2&amp;showinfo=0&amp;wmode=transparent&amp;autohide=2&amp;autoplay=0&amp;disablekb=0&amp;fs=1&amp;loop=0&amp;enablejsapi=1&amp;rel=0&amp;controls=2&amp;showinfo=1\" frameborder=\"0\" allow=\"accelerometer; autoplay; clipboard-write; encrypted-media; gyroscope; picture-in-picture\" allowfullscreen><\/iframe><\/div>\n<\/div>\n<h3>ORA &#8211; CARATTERISTICHE<\/h3>\n<p>Di seguito elenchiamo le sue principali caratteristiche:<\/p>\n<p><strong>Visualizzazione elenco<\/strong>: visualizza l&#8217;elenco di attivit\u00e0 cos\u00ec da avere le liste che desideri in un progetto<br \/>\n<strong>Scheda Kanban<\/strong>: utilizza questo strumento per accedere a tutte le informazioni che ti servono in modo facile e veloce<br \/>\n<strong>Sottoattivit\u00e0<\/strong>: dividi le attivit\u00e0 in attivit\u00e0 secondarie pi\u00f9 piccole creando liste di controllo all&#8217;interno della scheda<br \/>\n<strong>Tracciamento del tempo<\/strong>: traccia il tempo delle attivit\u00e0 o registralo manualmente per comprendere quanto tempo viene impiegato per ogni progetto<br \/>\n<strong>Controllo scadenze<\/strong>: imposta le scadenze in modo da avere tutto sotto controllo e riuscire a raggiungere gli obiettivi nei tempi prefissati<br \/>\n<strong>Assegnazione e collaborazione<\/strong>: condividi i progetti e assegna compiti diversi ai tuoi compagni di squadra<br \/>\n<strong>Centro notifiche:<\/strong> ricevi una notifica ogni volta che c&#8217;\u00e8 un evento importante da ricordare<br \/>\n<strong>Pietre miliari<\/strong>: organizza le attivit\u00e0 in pietre miliari per avere pi\u00f9 chiaro l&#8217;obiettivo da raggiungere<br \/>\n<strong>Agenda e calendario<\/strong>: utilizza l&#8217;agenda e il calendario per pianificare tutte le attivit\u00e0 in un unico posto<br \/>\n<strong>Monitoraggio del tempo e stime<\/strong>: stima ogni attivit\u00e0 e registra il tempo che ci si impiega per realizzarla<br \/>\n<strong>Integrazione con Slack<\/strong><br \/>\n<strong>Sistema reportistico<\/strong>: ottieni report precisi e dettagliati riguardanti i progetti a cui stai lavorando.<\/p>\n<h3>LE RECENSIONI DEGLI UTENTI<\/h3>\n<ul>\n<li><strong>&#8220;Strumento potente&#8221;<\/strong><br \/>\nIN GENERALE: Usiamo ora come una scheda Kanban per monitorare i nostri processi e anche come mezzo per misurare il tempo impiegato per compiti specifici.<br \/>\nPRO: ha molte funzionalit\u00e0 e aggiornamenti continui per mantenerlo stabile, rendendolo adatto a numerose applicazioni. L&#8217;interfaccia utente \u00e8 davvero bella, sono disponibili diversi report e puoi tenere traccia del tempo trascorso su ogni carta<br \/>\nCONTRO: A volte ho riscontrato un comportamento imprevisto su Microsoft Edge, quindi sono passato a un altro browser<\/li>\n<li><strong>&#8220;Questo \u00e8 il miglior strumento PM che ho usato !!&#8221;<\/strong><br \/>\nPRO: mi consente di sincronizzare le attivit\u00e0 con il mio calendario. Ci sono molte diverse impostazioni e funzionalit\u00e0 che posso attivare come il monitoraggio del tempo e la creazione di pietre miliari che sono super utili. Mi tiene organizzato e LO ADORO!<br \/>\nCONTRO: Penso che l&#8217;unica cosa che potrei considerare un contro \u00e8 che non hanno ancora un&#8217;app mobile disponibile, ma \u00e8 in lavorazione.<\/li>\n<li><strong>&#8220;Il mio nuovissimo strumento di gestione dei progetti&#8221;<\/strong><br \/>\nIN GENERALE: Sono estremamente contento di Ora. \u00c8 incredibilmente facile gestire un progetto usando questo strumento ricco di funzionalit\u00e0.<br \/>\nPRO: Di recente ho iniziato a utilizzare Ora per gestire un paio di progetti di pubblicazione di libri che ho. \u00c8 semplicemente incredibile quanto sia facile tenere traccia di tutto e anche invitare altre persone coinvolte nel progetto, come il mio editore. Adoro anche che abbiano un&#8217;app desktop per Mac.<br \/>\nCONTRO: Finora non ho riscontrato nulla di negativo da dire su Ora, poich\u00e9 ha funzionato a meraviglia.<\/li>\n<\/ul>\n","protected":false},"excerpt":{"rendered":"<p>Ora \u00e8 un project management software che permette ai team di lavorare a pi\u00f9 progetti contemporaneamente, risparmiando tempo e denaro. L&#8217;idea \u00e8 quella di rendere il tuo team pi\u00f9 produttivo poich\u00e9 in grado di ottimizzare il flusso di lavoro, gestendo le attivit\u00e0, i programmi, i progetti e il tempo in modo efficiente.<\/p>\n","protected":false},"author":17,"featured_media":19258,"parent":8333,"menu_order":0,"comment_status":"open","ping_status":"closed","template":"g1_template_page_review_new.php","meta":{"_acf_changed":false,"cwp_meta_box_check":"Yes","cwp_rev_product_name":"","cwp_rev_product_image":"","wppr_links":[],"cwp_rev_price":"","wppr_options":[],"wppr_pros":[],"wppr_cons":[],"_monsterinsights_skip_tracking":false,"_monsterinsights_sitenote_active":false,"_monsterinsights_sitenote_note":"","_monsterinsights_sitenote_category":0,"footnotes":""},"categories":[172],"tags":[1324,1316,1310,1314],"features":[],"class_list":{"0":"post-19254","1":"page","2":"type-page","3":"status-publish","4":"has-post-thumbnail","6":"category-online-project-management-it","7":"tag-gestione-dei-progetti","8":"tag-online-project-management","9":"tag-programma-project-management","10":"tag-project-management-software"},"wppr_data":{"cwp_meta_box_check":"Yes","cwp_rev_product_name":"","cwp_rev_product_image":"","cwp_image_link":"image","cwp_rev_price":"","wppr_rating":"0.00"},"acf":[],"yoast_head":"<!-- This site is optimized with the Yoast SEO plugin v27.4 - https:\/\/yoast.com\/product\/yoast-seo-wordpress\/ -->\n<title>Ora: software project management recensione - Accurate Reviews<\/title>\n<meta name=\"description\" content=\"Ora: recensione del project management software che permette ai team di lavorare a pi\u00f9 progetti contemporaneamente, risparmiando tempo e denaro.\" \/>\n<meta name=\"robots\" content=\"index, follow, max-snippet:-1, max-image-preview:large, max-video-preview:-1\" \/>\n<link rel=\"canonical\" href=\"https:\/\/www.accuratereviews.com\/it\/project-management-online-lista-software\/ora-recensione\/\" \/>\n<meta property=\"og:locale\" content=\"it_IT\" \/>\n<meta property=\"og:type\" content=\"article\" \/>\n<meta property=\"og:title\" content=\"Ora: software project management recensione - Accurate Reviews\" \/>\n<meta property=\"og:description\" content=\"Ora: recensione del project management software che permette ai team di lavorare a pi\u00f9 progetti contemporaneamente, risparmiando tempo e denaro.\" \/>\n<meta property=\"og:url\" content=\"https:\/\/www.accuratereviews.com\/it\/project-management-online-lista-software\/ora-recensione\/\" \/>\n<meta property=\"og:site_name\" content=\"Accurate Reviews\" \/>\n<meta property=\"article:modified_time\" content=\"2020-12-24T12:56:48+00:00\" \/>\n<meta property=\"og:image\" content=\"https:\/\/www.accuratereviews.com\/wp-content\/uploads\/2019\/10\/download.jpg\" \/>\n\t<meta property=\"og:image:width\" content=\"225\" \/>\n\t<meta property=\"og:image:height\" content=\"225\" \/>\n\t<meta property=\"og:image:type\" content=\"image\/jpeg\" \/>\n<meta name=\"twitter:card\" content=\"summary_large_image\" \/>\n<meta name=\"twitter:label1\" content=\"Tempo di lettura stimato\" \/>\n\t<meta name=\"twitter:data1\" content=\"3 minuti\" \/>\n<script type=\"application\/ld+json\" class=\"yoast-schema-graph\">{\"@context\":\"https:\\\/\\\/schema.org\",\"@graph\":[{\"@type\":\"WebPage\",\"@id\":\"https:\\\/\\\/www.accuratereviews.com\\\/it\\\/project-management-online-lista-software\\\/ora-recensione\\\/\",\"url\":\"https:\\\/\\\/www.accuratereviews.com\\\/it\\\/project-management-online-lista-software\\\/ora-recensione\\\/\",\"name\":\"Ora: software project management recensione - Accurate Reviews\",\"isPartOf\":{\"@id\":\"https:\\\/\\\/www.accuratereviews.com\\\/it\\\/#website\"},\"primaryImageOfPage\":{\"@id\":\"https:\\\/\\\/www.accuratereviews.com\\\/it\\\/project-management-online-lista-software\\\/ora-recensione\\\/#primaryimage\"},\"image\":{\"@id\":\"https:\\\/\\\/www.accuratereviews.com\\\/it\\\/project-management-online-lista-software\\\/ora-recensione\\\/#primaryimage\"},\"thumbnailUrl\":\"https:\\\/\\\/www.accuratereviews.com\\\/wp-content\\\/uploads\\\/2019\\\/10\\\/download.jpg\",\"datePublished\":\"2019-10-17T14:34:48+00:00\",\"dateModified\":\"2020-12-24T12:56:48+00:00\",\"description\":\"Ora: recensione del project management software che permette ai team di lavorare a pi\u00f9 progetti contemporaneamente, risparmiando tempo e denaro.\",\"breadcrumb\":{\"@id\":\"https:\\\/\\\/www.accuratereviews.com\\\/it\\\/project-management-online-lista-software\\\/ora-recensione\\\/#breadcrumb\"},\"inLanguage\":\"it-IT\",\"potentialAction\":[{\"@type\":\"ReadAction\",\"target\":[\"https:\\\/\\\/www.accuratereviews.com\\\/it\\\/project-management-online-lista-software\\\/ora-recensione\\\/\"]}]},{\"@type\":\"ImageObject\",\"inLanguage\":\"it-IT\",\"@id\":\"https:\\\/\\\/www.accuratereviews.com\\\/it\\\/project-management-online-lista-software\\\/ora-recensione\\\/#primaryimage\",\"url\":\"https:\\\/\\\/www.accuratereviews.com\\\/wp-content\\\/uploads\\\/2019\\\/10\\\/download.jpg\",\"contentUrl\":\"https:\\\/\\\/www.accuratereviews.com\\\/wp-content\\\/uploads\\\/2019\\\/10\\\/download.jpg\",\"width\":225,\"height\":225},{\"@type\":\"BreadcrumbList\",\"@id\":\"https:\\\/\\\/www.accuratereviews.com\\\/it\\\/project-management-online-lista-software\\\/ora-recensione\\\/#breadcrumb\",\"itemListElement\":[{\"@type\":\"ListItem\",\"position\":1,\"name\":\"Home\",\"item\":\"https:\\\/\\\/www.accuratereviews.com\\\/it\\\/\"},{\"@type\":\"ListItem\",\"position\":2,\"name\":\"Project Management Online\",\"item\":\"https:\\\/\\\/www.accuratereviews.com\\\/it\\\/project-management-online-lista-software\\\/\"},{\"@type\":\"ListItem\",\"position\":3,\"name\":\"Ora\"}]},{\"@type\":\"WebSite\",\"@id\":\"https:\\\/\\\/www.accuratereviews.com\\\/it\\\/#website\",\"url\":\"https:\\\/\\\/www.accuratereviews.com\\\/it\\\/\",\"name\":\"Accurate Reviews\",\"description\":\"\",\"potentialAction\":[{\"@type\":\"SearchAction\",\"target\":{\"@type\":\"EntryPoint\",\"urlTemplate\":\"https:\\\/\\\/www.accuratereviews.com\\\/it\\\/?s={search_term_string}\"},\"query-input\":{\"@type\":\"PropertyValueSpecification\",\"valueRequired\":true,\"valueName\":\"search_term_string\"}}],\"inLanguage\":\"it-IT\"}]}<\/script>\n<!-- \/ Yoast SEO plugin. -->","yoast_head_json":{"title":"Ora: software project management recensione - Accurate Reviews","description":"Ora: recensione del project management software che permette ai team di lavorare a pi\u00f9 progetti contemporaneamente, risparmiando tempo e denaro.","robots":{"index":"index","follow":"follow","max-snippet":"max-snippet:-1","max-image-preview":"max-image-preview:large","max-video-preview":"max-video-preview:-1"},"canonical":"https:\/\/www.accuratereviews.com\/it\/project-management-online-lista-software\/ora-recensione\/","og_locale":"it_IT","og_type":"article","og_title":"Ora: software project management recensione - Accurate Reviews","og_description":"Ora: recensione del project management software che permette ai team di lavorare a pi\u00f9 progetti contemporaneamente, risparmiando tempo e denaro.","og_url":"https:\/\/www.accuratereviews.com\/it\/project-management-online-lista-software\/ora-recensione\/","og_site_name":"Accurate Reviews","article_modified_time":"2020-12-24T12:56:48+00:00","og_image":[{"width":225,"height":225,"url":"https:\/\/www.accuratereviews.com\/wp-content\/uploads\/2019\/10\/download.jpg","type":"image\/jpeg"}],"twitter_card":"summary_large_image","twitter_misc":{"Tempo di lettura stimato":"3 minuti"},"schema":{"@context":"https:\/\/schema.org","@graph":[{"@type":"WebPage","@id":"https:\/\/www.accuratereviews.com\/it\/project-management-online-lista-software\/ora-recensione\/","url":"https:\/\/www.accuratereviews.com\/it\/project-management-online-lista-software\/ora-recensione\/","name":"Ora: software project management recensione - Accurate Reviews","isPartOf":{"@id":"https:\/\/www.accuratereviews.com\/it\/#website"},"primaryImageOfPage":{"@id":"https:\/\/www.accuratereviews.com\/it\/project-management-online-lista-software\/ora-recensione\/#primaryimage"},"image":{"@id":"https:\/\/www.accuratereviews.com\/it\/project-management-online-lista-software\/ora-recensione\/#primaryimage"},"thumbnailUrl":"https:\/\/www.accuratereviews.com\/wp-content\/uploads\/2019\/10\/download.jpg","datePublished":"2019-10-17T14:34:48+00:00","dateModified":"2020-12-24T12:56:48+00:00","description":"Ora: recensione del project management software che permette ai team di lavorare a pi\u00f9 progetti contemporaneamente, risparmiando tempo e denaro.","breadcrumb":{"@id":"https:\/\/www.accuratereviews.com\/it\/project-management-online-lista-software\/ora-recensione\/#breadcrumb"},"inLanguage":"it-IT","potentialAction":[{"@type":"ReadAction","target":["https:\/\/www.accuratereviews.com\/it\/project-management-online-lista-software\/ora-recensione\/"]}]},{"@type":"ImageObject","inLanguage":"it-IT","@id":"https:\/\/www.accuratereviews.com\/it\/project-management-online-lista-software\/ora-recensione\/#primaryimage","url":"https:\/\/www.accuratereviews.com\/wp-content\/uploads\/2019\/10\/download.jpg","contentUrl":"https:\/\/www.accuratereviews.com\/wp-content\/uploads\/2019\/10\/download.jpg","width":225,"height":225},{"@type":"BreadcrumbList","@id":"https:\/\/www.accuratereviews.com\/it\/project-management-online-lista-software\/ora-recensione\/#breadcrumb","itemListElement":[{"@type":"ListItem","position":1,"name":"Home","item":"https:\/\/www.accuratereviews.com\/it\/"},{"@type":"ListItem","position":2,"name":"Project Management Online","item":"https:\/\/www.accuratereviews.com\/it\/project-management-online-lista-software\/"},{"@type":"ListItem","position":3,"name":"Ora"}]},{"@type":"WebSite","@id":"https:\/\/www.accuratereviews.com\/it\/#website","url":"https:\/\/www.accuratereviews.com\/it\/","name":"Accurate Reviews","description":"","potentialAction":[{"@type":"SearchAction","target":{"@type":"EntryPoint","urlTemplate":"https:\/\/www.accuratereviews.com\/it\/?s={search_term_string}"},"query-input":{"@type":"PropertyValueSpecification","valueRequired":true,"valueName":"search_term_string"}}],"inLanguage":"it-IT"}]}},"_links":{"self":[{"href":"https:\/\/www.accuratereviews.com\/it\/wp-json\/wp\/v2\/pages\/19254","targetHints":{"allow":["GET"]}}],"collection":[{"href":"https:\/\/www.accuratereviews.com\/it\/wp-json\/wp\/v2\/pages"}],"about":[{"href":"https:\/\/www.accuratereviews.com\/it\/wp-json\/wp\/v2\/types\/page"}],"author":[{"embeddable":true,"href":"https:\/\/www.accuratereviews.com\/it\/wp-json\/wp\/v2\/users\/17"}],"replies":[{"embeddable":true,"href":"https:\/\/www.accuratereviews.com\/it\/wp-json\/wp\/v2\/comments?post=19254"}],"version-history":[{"count":3,"href":"https:\/\/www.accuratereviews.com\/it\/wp-json\/wp\/v2\/pages\/19254\/revisions"}],"predecessor-version":[{"id":19267,"href":"https:\/\/www.accuratereviews.com\/it\/wp-json\/wp\/v2\/pages\/19254\/revisions\/19267"}],"up":[{"embeddable":true,"href":"https:\/\/www.accuratereviews.com\/it\/wp-json\/wp\/v2\/pages\/8333"}],"wp:featuredmedia":[{"embeddable":true,"href":"https:\/\/www.accuratereviews.com\/it\/wp-json\/wp\/v2\/media\/19258"}],"wp:attachment":[{"href":"https:\/\/www.accuratereviews.com\/it\/wp-json\/wp\/v2\/media?parent=19254"}],"wp:term":[{"taxonomy":"category","embeddable":true,"href":"https:\/\/www.accuratereviews.com\/it\/wp-json\/wp\/v2\/categories?post=19254"},{"taxonomy":"post_tag","embeddable":true,"href":"https:\/\/www.accuratereviews.com\/it\/wp-json\/wp\/v2\/tags?post=19254"},{"taxonomy":"features","embeddable":true,"href":"https:\/\/www.accuratereviews.com\/it\/wp-json\/wp\/v2\/features?post=19254"}],"curies":[{"name":"wp","href":"https:\/\/api.w.org\/{rel}","templated":true}]}}