{"id":19272,"date":"2019-10-18T12:02:06","date_gmt":"2019-10-18T12:02:06","guid":{"rendered":"https:\/\/www.accuratereviews.com\/?page_id=19272"},"modified":"2019-10-18T15:22:34","modified_gmt":"2019-10-18T15:22:34","slug":"proprofs-project-recensione","status":"publish","type":"page","link":"https:\/\/www.accuratereviews.com\/it\/project-management-online-lista-software\/proprofs-project-recensione\/","title":{"rendered":"ProProfs Project"},"content":{"rendered":"<p><strong>ProProfs Project<\/strong> \u00e8 una soluzione di <strong>gestione dei progetti<\/strong> semplice e facile da usare, creata per aiutare aziende, organizzazioni e istituzioni in diversi settori. Il software ti d\u00e0 il controllo totale sui tuoi progetti, mettendo tutto in una posizione centralizzata e fornendoti tutti i dettagli di cui hai bisogno a colpo d&#8217;occhio. Con il set di strumenti del programma, ottieni una solida funzione di calendario che ti aiuta a pianificare il tuo carico di lavoro, a fissare scadenze e a consegnare progetti entro il periodo di tempo prestabilito. La collaborazione con il team \u00e8 semplice e la gestione delle attivit\u00e0 e delle persone \u00e8 un gioco da ragazzi. Il tuo team pu\u00f2 facilmente condividere file e comunicare tra loro, consentendo al gruppo di concentrarsi sul proprio lavoro e allo stesso tempo aiutarsi a vicenda su progetti comuni. Il software \u00e8 stato sviluppato anche per dispositivi mobili con sistemi operativi Android e iOS.\u00a0<strong>ProProfs Project<\/strong> ti consente di creare report di progetto in soli due clic. Questi rapporti sono suddivisi nei minimi dettagli e sono ricchi di strumenti visivi come diagrammi di Gantt, grafici e riepiloghi finanziari che i tuoi clienti apprezzeranno. L&#8217;integrazione di <strong>Dropbox e Box<\/strong> aiuter\u00e0 ancora una volta a condividere questi rapporti con il tuo team o i tuoi clienti.<\/p>\n<h2>PROPROFS PROJECT &#8211; TUTORIAL<\/h2>\n<p>Guardiamo questo tutorial per imparare come funziona questo<strong> software Project Management:<\/strong><\/p>\n<div id=\"fluid-wrapper-counter-1\" class=\"g1-fluid-wrapper \" style=\"width:686px;\">\n<div style=\"padding-bottom:56.268221574344%;\"><iframe loading=\"lazy\" title=\"proprofs project\" width=\"515\" height=\"386\" src=\"https:\/\/www.youtube.com\/embed\/XLVnHYXWHHE?feature=oembed&amp;wmode=transparent&amp;autohide=1&amp;autoplay=0&amp;disablekb=0&amp;fs=1&amp;loop=0&amp;enablejsapi=1&amp;rel=0&amp;controls=2&amp;showinfo=0&amp;wmode=transparent&amp;autohide=2&amp;autoplay=0&amp;disablekb=0&amp;fs=1&amp;loop=0&amp;enablejsapi=1&amp;rel=0&amp;controls=2&amp;showinfo=1\" frameborder=\"0\" allow=\"accelerometer; autoplay; encrypted-media; gyroscope; picture-in-picture\" allowfullscreen><\/iframe><\/div>\n<\/div>\n<p>&nbsp;<\/p>\n<h3>PROPROFS PROJECT &#8211; CARATTERISTICHE<\/h3>\n<ul>\n<li>Archiviazione illimitata<\/li>\n<li>Componenti aggiuntivi finanziari<\/li>\n<li>Gestione clienti<\/li>\n<li>Tracciamento del tempo<\/li>\n<li>Promemoria giornalieri<\/li>\n<li>Accesso API<\/li>\n<li>Calendario<\/li>\n<li>Integrazioni di app di terze parti<\/li>\n<li>Sicurezza SSL a 256 bit<\/li>\n<li>Assistenza email 24\/7<\/li>\n<li>Backup giornalieri<\/li>\n<\/ul>\n<h4>LE RECENSIONI DEGLI UTENTI<\/h4>\n<h4>Heyonil L. &#8220;Facile, semplice e molto utile.&#8221;<\/h4>\n<p><strong>Commenti<\/strong>: facilit\u00e0 e organizzazione<\/p>\n<p><strong>Vantaggi<\/strong>: Con un semplice sguardo puoi seguire i tuoi progetti e vedere i progressi che hanno fatto. Se sorgono dubbi o preoccupazioni su un progetto, il team pu\u00f2 lavorare sul posto (questo \u00e8 molto utile e pratico). \u00c8 fantastico assegnare attivit\u00e0 ai membri del team di lavoro e inoltre \u00e8 possibile condividere file.<\/p>\n<p><strong>Inconvenienti<\/strong>: se non \u00e8 chiaro cosa si vuole fare nel progetto, pu\u00f2 diventare ingombrante. \u00c8 necessario che tutte le apparecchiature siano necessariamente online. \u00c8 necessario eseguire una formazione preliminare per utilizzarlo, se non si dispone di conoscenza del software. Per gli iniziati, pu\u00f2 diventare complesso ma solo per un breve periodo di tempo.<\/p>\n<h4>Jim M. &#8220;Adatto anche per una piccola impresa&#8221;<\/h4>\n<p><strong>Commenti<\/strong>: gestivo un&#8217;agenzia di marketing virtuale &#8211; circa 10 persone che lavorano insieme come dettato da ogni cliente \/ progetto &#8211; su carta, in un libro mastro. Avevo un negozio di consulenza sul mercato per una soluzione migliore e dopo una ricerca \u00e8 venuta da me con Project Bubble. \u00c8 stato un risparmio di tempo e di vita per me. Tutti i miei appaltatori indipendenti possono accedere e creare le proprie attivit\u00e0 o aggiungere tempo a quelle che creo. La fatturazione \u00e8 cos\u00ec semplice, soprattutto perch\u00e9 addebito tariffe diverse a clienti diversi (ho circa 50 clienti in un determinato anno). \u00c8 molto pi\u00f9 facile per me tenere traccia di quanto devo a ciascun contraente (in precedenza un incubo, dal momento che li pago solo quando vengo pagato da ciascun cliente). La curva di apprendimento per PB era molto breve e ho scoperto, attraverso prove ed errori, che fa molto pi\u00f9 di quanto io sappia o uso; ogni volta che incontro qualche problema o necessit\u00e0, cercher\u00f2 di scoprire che la risposta \u00e8 gi\u00e0 integrata. Nel complesso, questo ha cambiato il gioco per me. Molto pi\u00f9 tempo da dedicare al lavoro, molto meno al monitoraggio e alla gestione.<\/p>\n<h4>Cecia G. &#8220;Fornire risultati del progetto \u00e8 diventato facile con ProProfs&#8221;<\/h4>\n<p><strong>Vantaggi<\/strong>: al mio team piace come i file relativi a un progetto vengono gestiti facilmente all&#8217;interno delle stesse attivit\u00e0. Non \u00e8 necessario eseguire ricerche approfondite nelle e-mail per ottenere i file aggiornati per proseguire con i loro progetti di sviluppo. Tuttavia, mi piace come tutte le attivit\u00e0 e anche i progetti possano essere visualizzati da una singola dashboard. Rende molto pi\u00f9 facile per me monitorare l&#8217;avanzamento di tutti i progetti in corso.<\/p>\n<p><strong>Inconvenienti<\/strong>: ci\u00f2 che mi piace di meno \u00e8 l&#8217;indisponibilit\u00e0 di funzionalit\u00e0 come il diagramma di Gantt e la visualizzazione Kanban. Tali funzionalit\u00e0 completano un software di gestione del progetto. Quindi chiederei al team di lavorare per ottenere queste due funzionalit\u00e0.<\/p>\n","protected":false},"excerpt":{"rendered":"<p>ProProfs Project \u00e8 una soluzione di gestione dei progetti semplice e facile da usare creata per aiutare aziende, organizzazioni e istituzioni in diversi settori. Il software ti d\u00e0 il controllo totale sui tuoi progetti, mettendo tutto in una posizione centralizzata e fornendoti tutti i dettagli di cui hai bisogno a colpo d&#8217;occhio.\u00a0<\/p>\n","protected":false},"author":19,"featured_media":19275,"parent":8333,"menu_order":0,"comment_status":"open","ping_status":"closed","template":"g1_template_page_review_new.php","meta":{"_acf_changed":false,"cwp_meta_box_check":"Yes","cwp_rev_product_name":"","cwp_rev_product_image":"","wppr_links":[],"cwp_rev_price":"","wppr_options":[],"wppr_pros":[],"wppr_cons":[],"_monsterinsights_skip_tracking":false,"_monsterinsights_sitenote_active":false,"_monsterinsights_sitenote_note":"","_monsterinsights_sitenote_category":0,"footnotes":""},"categories":[172],"tags":[1298,491,1315,1312,1310,1384,1319,1309,1363,1320],"features":[],"class_list":{"0":"post-19272","1":"page","2":"type-page","3":"status-publish","4":"has-post-thumbnail","6":"category-online-project-management-it","7":"tag-box","8":"tag-dropbox","9":"tag-gestione-progetti","10":"tag-programma-gestione-progetti","11":"tag-programma-project-management","12":"tag-proprofs-project","13":"tag-software-gestione-progetti","14":"tag-software-project-management","15":"tag-soluzione-gestione-progetti","16":"tag-soluzione-project-management"},"wppr_data":{"cwp_meta_box_check":"Yes","cwp_rev_product_name":"","cwp_rev_product_image":"","cwp_image_link":"image","cwp_rev_price":"","wppr_rating":"0.00"},"acf":[],"yoast_head":"<!-- This site is optimized with the Yoast SEO plugin v27.4 - https:\/\/yoast.com\/product\/yoast-seo-wordpress\/ -->\n<title>ProProfs Project: recensione software Project Management<\/title>\n<meta name=\"description\" content=\"ProProfs Project: recensione soluzione di gestione dei progetti semplice e facile da usare creata per aiutare aziende e organizzazioni in diversi settori.\" \/>\n<meta name=\"robots\" content=\"index, follow, max-snippet:-1, max-image-preview:large, max-video-preview:-1\" \/>\n<link rel=\"canonical\" href=\"https:\/\/www.accuratereviews.com\/it\/project-management-online-lista-software\/proprofs-project-recensione\/\" \/>\n<meta property=\"og:locale\" content=\"it_IT\" \/>\n<meta property=\"og:type\" content=\"article\" \/>\n<meta property=\"og:title\" content=\"ProProfs Project: recensione software Project Management\" \/>\n<meta property=\"og:description\" content=\"ProProfs Project: recensione soluzione di gestione dei progetti semplice e facile da usare creata per aiutare aziende e organizzazioni in diversi settori.\" \/>\n<meta property=\"og:url\" content=\"https:\/\/www.accuratereviews.com\/it\/project-management-online-lista-software\/proprofs-project-recensione\/\" \/>\n<meta property=\"og:site_name\" content=\"Accurate Reviews\" \/>\n<meta property=\"article:modified_time\" content=\"2019-10-18T15:22:34+00:00\" \/>\n<meta property=\"og:image\" content=\"https:\/\/www.accuratereviews.com\/wp-content\/uploads\/2019\/10\/Project-Logo-200X200.png\" \/>\n\t<meta property=\"og:image:width\" content=\"200\" \/>\n\t<meta property=\"og:image:height\" content=\"200\" \/>\n\t<meta property=\"og:image:type\" content=\"image\/png\" \/>\n<meta name=\"twitter:card\" content=\"summary_large_image\" \/>\n<meta name=\"twitter:label1\" content=\"Tempo di lettura stimato\" \/>\n\t<meta name=\"twitter:data1\" content=\"3 minuti\" \/>\n<script type=\"application\/ld+json\" class=\"yoast-schema-graph\">{\"@context\":\"https:\\\/\\\/schema.org\",\"@graph\":[{\"@type\":\"WebPage\",\"@id\":\"https:\\\/\\\/www.accuratereviews.com\\\/it\\\/project-management-online-lista-software\\\/proprofs-project-recensione\\\/\",\"url\":\"https:\\\/\\\/www.accuratereviews.com\\\/it\\\/project-management-online-lista-software\\\/proprofs-project-recensione\\\/\",\"name\":\"ProProfs Project: recensione software Project Management\",\"isPartOf\":{\"@id\":\"https:\\\/\\\/www.accuratereviews.com\\\/it\\\/#website\"},\"primaryImageOfPage\":{\"@id\":\"https:\\\/\\\/www.accuratereviews.com\\\/it\\\/project-management-online-lista-software\\\/proprofs-project-recensione\\\/#primaryimage\"},\"image\":{\"@id\":\"https:\\\/\\\/www.accuratereviews.com\\\/it\\\/project-management-online-lista-software\\\/proprofs-project-recensione\\\/#primaryimage\"},\"thumbnailUrl\":\"https:\\\/\\\/www.accuratereviews.com\\\/wp-content\\\/uploads\\\/2019\\\/10\\\/Project-Logo-200X200.png\",\"datePublished\":\"2019-10-18T12:02:06+00:00\",\"dateModified\":\"2019-10-18T15:22:34+00:00\",\"description\":\"ProProfs Project: recensione soluzione di gestione dei progetti semplice e facile da usare creata per aiutare aziende e organizzazioni in diversi settori.\",\"breadcrumb\":{\"@id\":\"https:\\\/\\\/www.accuratereviews.com\\\/it\\\/project-management-online-lista-software\\\/proprofs-project-recensione\\\/#breadcrumb\"},\"inLanguage\":\"it-IT\",\"potentialAction\":[{\"@type\":\"ReadAction\",\"target\":[\"https:\\\/\\\/www.accuratereviews.com\\\/it\\\/project-management-online-lista-software\\\/proprofs-project-recensione\\\/\"]}]},{\"@type\":\"ImageObject\",\"inLanguage\":\"it-IT\",\"@id\":\"https:\\\/\\\/www.accuratereviews.com\\\/it\\\/project-management-online-lista-software\\\/proprofs-project-recensione\\\/#primaryimage\",\"url\":\"https:\\\/\\\/www.accuratereviews.com\\\/wp-content\\\/uploads\\\/2019\\\/10\\\/Project-Logo-200X200.png\",\"contentUrl\":\"https:\\\/\\\/www.accuratereviews.com\\\/wp-content\\\/uploads\\\/2019\\\/10\\\/Project-Logo-200X200.png\",\"width\":200,\"height\":200},{\"@type\":\"BreadcrumbList\",\"@id\":\"https:\\\/\\\/www.accuratereviews.com\\\/it\\\/project-management-online-lista-software\\\/proprofs-project-recensione\\\/#breadcrumb\",\"itemListElement\":[{\"@type\":\"ListItem\",\"position\":1,\"name\":\"Home\",\"item\":\"https:\\\/\\\/www.accuratereviews.com\\\/it\\\/\"},{\"@type\":\"ListItem\",\"position\":2,\"name\":\"Project Management Online\",\"item\":\"https:\\\/\\\/www.accuratereviews.com\\\/it\\\/project-management-online-lista-software\\\/\"},{\"@type\":\"ListItem\",\"position\":3,\"name\":\"ProProfs Project\"}]},{\"@type\":\"WebSite\",\"@id\":\"https:\\\/\\\/www.accuratereviews.com\\\/it\\\/#website\",\"url\":\"https:\\\/\\\/www.accuratereviews.com\\\/it\\\/\",\"name\":\"Accurate Reviews\",\"description\":\"\",\"potentialAction\":[{\"@type\":\"SearchAction\",\"target\":{\"@type\":\"EntryPoint\",\"urlTemplate\":\"https:\\\/\\\/www.accuratereviews.com\\\/it\\\/?s={search_term_string}\"},\"query-input\":{\"@type\":\"PropertyValueSpecification\",\"valueRequired\":true,\"valueName\":\"search_term_string\"}}],\"inLanguage\":\"it-IT\"}]}<\/script>\n<!-- \/ Yoast SEO plugin. -->","yoast_head_json":{"title":"ProProfs Project: recensione software Project Management","description":"ProProfs Project: recensione soluzione di gestione dei progetti semplice e facile da usare creata per aiutare aziende e organizzazioni in diversi settori.","robots":{"index":"index","follow":"follow","max-snippet":"max-snippet:-1","max-image-preview":"max-image-preview:large","max-video-preview":"max-video-preview:-1"},"canonical":"https:\/\/www.accuratereviews.com\/it\/project-management-online-lista-software\/proprofs-project-recensione\/","og_locale":"it_IT","og_type":"article","og_title":"ProProfs Project: recensione software Project Management","og_description":"ProProfs Project: recensione soluzione di gestione dei progetti semplice e facile da usare creata per aiutare aziende e organizzazioni in diversi settori.","og_url":"https:\/\/www.accuratereviews.com\/it\/project-management-online-lista-software\/proprofs-project-recensione\/","og_site_name":"Accurate Reviews","article_modified_time":"2019-10-18T15:22:34+00:00","og_image":[{"width":200,"height":200,"url":"https:\/\/www.accuratereviews.com\/wp-content\/uploads\/2019\/10\/Project-Logo-200X200.png","type":"image\/png"}],"twitter_card":"summary_large_image","twitter_misc":{"Tempo di lettura stimato":"3 minuti"},"schema":{"@context":"https:\/\/schema.org","@graph":[{"@type":"WebPage","@id":"https:\/\/www.accuratereviews.com\/it\/project-management-online-lista-software\/proprofs-project-recensione\/","url":"https:\/\/www.accuratereviews.com\/it\/project-management-online-lista-software\/proprofs-project-recensione\/","name":"ProProfs Project: recensione software Project Management","isPartOf":{"@id":"https:\/\/www.accuratereviews.com\/it\/#website"},"primaryImageOfPage":{"@id":"https:\/\/www.accuratereviews.com\/it\/project-management-online-lista-software\/proprofs-project-recensione\/#primaryimage"},"image":{"@id":"https:\/\/www.accuratereviews.com\/it\/project-management-online-lista-software\/proprofs-project-recensione\/#primaryimage"},"thumbnailUrl":"https:\/\/www.accuratereviews.com\/wp-content\/uploads\/2019\/10\/Project-Logo-200X200.png","datePublished":"2019-10-18T12:02:06+00:00","dateModified":"2019-10-18T15:22:34+00:00","description":"ProProfs Project: recensione soluzione di gestione dei progetti semplice e facile da usare creata per aiutare aziende e organizzazioni in diversi settori.","breadcrumb":{"@id":"https:\/\/www.accuratereviews.com\/it\/project-management-online-lista-software\/proprofs-project-recensione\/#breadcrumb"},"inLanguage":"it-IT","potentialAction":[{"@type":"ReadAction","target":["https:\/\/www.accuratereviews.com\/it\/project-management-online-lista-software\/proprofs-project-recensione\/"]}]},{"@type":"ImageObject","inLanguage":"it-IT","@id":"https:\/\/www.accuratereviews.com\/it\/project-management-online-lista-software\/proprofs-project-recensione\/#primaryimage","url":"https:\/\/www.accuratereviews.com\/wp-content\/uploads\/2019\/10\/Project-Logo-200X200.png","contentUrl":"https:\/\/www.accuratereviews.com\/wp-content\/uploads\/2019\/10\/Project-Logo-200X200.png","width":200,"height":200},{"@type":"BreadcrumbList","@id":"https:\/\/www.accuratereviews.com\/it\/project-management-online-lista-software\/proprofs-project-recensione\/#breadcrumb","itemListElement":[{"@type":"ListItem","position":1,"name":"Home","item":"https:\/\/www.accuratereviews.com\/it\/"},{"@type":"ListItem","position":2,"name":"Project Management Online","item":"https:\/\/www.accuratereviews.com\/it\/project-management-online-lista-software\/"},{"@type":"ListItem","position":3,"name":"ProProfs Project"}]},{"@type":"WebSite","@id":"https:\/\/www.accuratereviews.com\/it\/#website","url":"https:\/\/www.accuratereviews.com\/it\/","name":"Accurate Reviews","description":"","potentialAction":[{"@type":"SearchAction","target":{"@type":"EntryPoint","urlTemplate":"https:\/\/www.accuratereviews.com\/it\/?s={search_term_string}"},"query-input":{"@type":"PropertyValueSpecification","valueRequired":true,"valueName":"search_term_string"}}],"inLanguage":"it-IT"}]}},"_links":{"self":[{"href":"https:\/\/www.accuratereviews.com\/it\/wp-json\/wp\/v2\/pages\/19272","targetHints":{"allow":["GET"]}}],"collection":[{"href":"https:\/\/www.accuratereviews.com\/it\/wp-json\/wp\/v2\/pages"}],"about":[{"href":"https:\/\/www.accuratereviews.com\/it\/wp-json\/wp\/v2\/types\/page"}],"author":[{"embeddable":true,"href":"https:\/\/www.accuratereviews.com\/it\/wp-json\/wp\/v2\/users\/19"}],"replies":[{"embeddable":true,"href":"https:\/\/www.accuratereviews.com\/it\/wp-json\/wp\/v2\/comments?post=19272"}],"version-history":[{"count":6,"href":"https:\/\/www.accuratereviews.com\/it\/wp-json\/wp\/v2\/pages\/19272\/revisions"}],"predecessor-version":[{"id":19308,"href":"https:\/\/www.accuratereviews.com\/it\/wp-json\/wp\/v2\/pages\/19272\/revisions\/19308"}],"up":[{"embeddable":true,"href":"https:\/\/www.accuratereviews.com\/it\/wp-json\/wp\/v2\/pages\/8333"}],"wp:featuredmedia":[{"embeddable":true,"href":"https:\/\/www.accuratereviews.com\/it\/wp-json\/wp\/v2\/media\/19275"}],"wp:attachment":[{"href":"https:\/\/www.accuratereviews.com\/it\/wp-json\/wp\/v2\/media?parent=19272"}],"wp:term":[{"taxonomy":"category","embeddable":true,"href":"https:\/\/www.accuratereviews.com\/it\/wp-json\/wp\/v2\/categories?post=19272"},{"taxonomy":"post_tag","embeddable":true,"href":"https:\/\/www.accuratereviews.com\/it\/wp-json\/wp\/v2\/tags?post=19272"},{"taxonomy":"features","embeddable":true,"href":"https:\/\/www.accuratereviews.com\/it\/wp-json\/wp\/v2\/features?post=19272"}],"curies":[{"name":"wp","href":"https:\/\/api.w.org\/{rel}","templated":true}]}}