{"id":19281,"date":"2019-10-18T15:48:50","date_gmt":"2019-10-18T15:48:50","guid":{"rendered":"https:\/\/www.accuratereviews.com\/?page_id=19281"},"modified":"2021-01-20T16:44:39","modified_gmt":"2021-01-20T16:44:39","slug":"nutcache-recensione","status":"publish","type":"page","link":"https:\/\/www.accuratereviews.com\/it\/project-management-online-lista-software\/nutcache-recensione\/","title":{"rendered":"Nutcache"},"content":{"rendered":"<p><strong>Nutcache<\/strong> \u00e8 uno strumento di <strong>gestione dei progetti<\/strong> all-in-one ideale per le piccole e grandi aziende, il programma offre in particolare una gestione flessibile del tempo, il monitoraggio del tempo in base alla durata o l&#8217;utilizzo di valori dall&#8217; inizio alla fine di un progetto, nonch\u00e9 l&#8217;utilizzo di pi\u00f9 timer per tenere traccia di compiti contemporaneamente. Il programma genera anche report con indicatori grafici e approfondimenti per aiutarti a ottenere una rapida panoramica della direzione dei progetti. Allo stesso modo, <strong>Nutcache<\/strong> presenta schede e elenchi che \u00e8 possibile utilizzare per la collaborazione o come promemoria per idee su attivit\u00e0 per iniziative futuri. Inoltre, il sistema dispone anche di un supporto multilingue, che lo rende un ottimo partner per le aziende di portata globale e per le imprese con sede al di fuori degli Stati Uniti.\u00a0Con <strong>Nutcache<\/strong>, le aziende possono offrire ai clienti un servizio di fatturazione di prim&#8217;ordine che porta il logo aziendale per aggiungere quel tocco personalizzato. Oltre alle fatture, gli utenti possono anche fornire ai clienti stime e preventivi, sviluppato da Dynacom Technologies, il software ti consente di inviare fatture e preventivi a un numero illimitato di clienti, in modo da poter riscuotere i pagamenti pi\u00f9 velocemente.<\/p>\n<h2>NUTCACHE &#8211; TUTORIAL<\/h2>\n<p>Ecco un tutorial che mostra come fatturare con questo <strong>software Project Management:<\/strong><\/p>\n<p><a href=\"https:\/\/www.accuratereviews.com\/wp-content\/uploads\/2021\/01\/Nutcache-Screenshot.png\"><img loading=\"lazy\" decoding=\"async\" class=\"alignnone size-full wp-image-35613\" src=\"https:\/\/www.accuratereviews.com\/wp-content\/uploads\/2021\/01\/Nutcache-Screenshot.png\" alt=\"\" width=\"1737\" height=\"1023\" srcset=\"https:\/\/www.accuratereviews.com\/wp-content\/uploads\/2021\/01\/Nutcache-Screenshot.png 1737w, https:\/\/www.accuratereviews.com\/wp-content\/uploads\/2021\/01\/Nutcache-Screenshot-300x177.png 300w, https:\/\/www.accuratereviews.com\/wp-content\/uploads\/2021\/01\/Nutcache-Screenshot-1024x603.png 1024w, https:\/\/www.accuratereviews.com\/wp-content\/uploads\/2021\/01\/Nutcache-Screenshot-768x452.png 768w, https:\/\/www.accuratereviews.com\/wp-content\/uploads\/2021\/01\/Nutcache-Screenshot-1536x905.png 1536w, https:\/\/www.accuratereviews.com\/wp-content\/uploads\/2021\/01\/Nutcache-Screenshot-212x125.png 212w, https:\/\/www.accuratereviews.com\/wp-content\/uploads\/2021\/01\/Nutcache-Screenshot-50x29.png 50w, https:\/\/www.accuratereviews.com\/wp-content\/uploads\/2021\/01\/Nutcache-Screenshot-968x570.png 968w, https:\/\/www.accuratereviews.com\/wp-content\/uploads\/2021\/01\/Nutcache-Screenshot-636x375.png 636w, https:\/\/www.accuratereviews.com\/wp-content\/uploads\/2021\/01\/Nutcache-Screenshot-320x188.png 320w, https:\/\/www.accuratereviews.com\/wp-content\/uploads\/2021\/01\/Nutcache-Screenshot-239x141.png 239w\" sizes=\"auto, (max-width: 1737px) 100vw, 1737px\" \/><\/a><\/p>\n<h3>NUTCACHE &#8211; CARATTERISTICHE<\/h3>\n<ul>\n<li><strong>Organizzazione del flusso di lavoro<\/strong>: crea, gestisci e dai la priorit\u00e0 al tuo team per rendere la consegna del progetto molto pi\u00f9 semplice<\/li>\n<li><strong>Gestione di progetto<\/strong>: scegli la durata del progetto, definisci l&#8217;obiettivo, collega la scheda e monitora i progressi<\/li>\n<li><strong>Gestione dei compiti<\/strong>: rimanere in linea con l&#8217;obiettivo del progetto misurando l&#8217;avanzamento delle attivit\u00e0 (WIP), definendo l&#8217;attivit\u00e0, utilizzando l&#8217;elenco di controllo e le etichette per migliorare il flusso di lavoro del progetto<\/li>\n<li><strong>Squadre e ruoli<\/strong>: dirigi i tuoi diversi team in modo efficiente e imposta le autorizzazioni per i tuoi membri<\/li>\n<li><strong>Tracciamento del tempo<\/strong>: collegare le voci di tempo fatturabili alle attivit\u00e0 e calcolare facilmente i costi di manodopera per membro o per l&#8217;intero progetto<\/li>\n<li><strong>Fatturazione<\/strong>: fatturare facilmente al cliente un intero progetto o beneficiare della fatturazione progressiva<\/li>\n<li><strong>Gestione delle spese<\/strong>: registrare una spesa, assegnarla a un membro, collegarla al progetto e fatturarla al cliente<\/li>\n<li><strong>Strumenti di analisi<\/strong>: traccia e misura l&#8217;avanzamento del progetto utilizzando diagrammi di flusso cumulativi, diagrammi di velocit\u00e0 e diagrammi di burn-down e ottieni un migliore controllo delle prestazioni.<\/li>\n<\/ul>\n<h4>LE RECENSIONI DEGLI UTENTI<\/h4>\n<h4>Erik M. \u201cUtente da molto tempo &#8211; ottimo prodotto! \u201d<\/h4>\n<p><strong>Complessivamente<\/strong>: adoriamo quanto sia accessibile il team Nutcache. Rispondono subito alle domande e persino programmano l&#8217;allenamento per il nostro team quando vogliamo saperne di pi\u00f9. Non possiamo dire abbastanza cose positive di Nutcache.<br \/>\n<strong>Pro<\/strong>: Abbiamo usato Nutcache negli ultimi 4 anni. Il monitoraggio del tempo e del progetto \u00e8 stato determinante poich\u00e9 abbiamo ampliato la nostra attivit\u00e0. Eseguiamo regolarmente rapporti per valutare i progressi e la redditivit\u00e0. La fatturazione e la stima sono facili da usare. Essendo una piccola azienda con liberi professionisti e lavoratori a contratto, essere in grado di tenere traccia di tutte le ore del nostro team \u00e8 un gioco da ragazzi! Lavoriamo con 15-20 clienti e pi\u00f9 progetti contemporaneamente e Nutcache lo rende facile da gestire.<br \/>\n<strong>Contro<\/strong>: Vogliamo davvero che Nutcache funzioni con Quickbooks. Una volta che questo accadr\u00e0, sar\u00e0 tutto ci\u00f2 di cui abbiamo bisogno !!!! La funzione SCHEDE AGILI \u00e8 un po &#8216;goffa. Sarebbe bello vedere maggiori dettagli nella panoramica. Ma abbiamo trovato il modo di personalizzarlo in base alle nostre esigenze.<\/p>\n<h4>Nivin J. &#8220;Un&#8217;applicazione flessibile e collaborativa per la gestione di progetti.&#8221;<\/h4>\n<p><strong>Pro<\/strong>: l&#8217;applicazione di gestione del progetto consente il monitoraggio del tempo, la generazione di fatture e la ricezione di pagamenti. Hai una dashboard centralizzata in cui puoi gestire e tracciare tutte le spese, le ore registrate e i costi per l&#8217;azienda. Se vuoi prendere qualsiasi decisione strategica, puoi semplicemente controllare i dashboard del progetto e i report generati, per ottenere una conoscenza approfondita. La scheda \u00e8 adattabile alle tue preferenze del flusso di lavoro, che si tratti di agile o Kanban. Puoi prendere un elenco delle tue idee o note con le schede e le carte fornite. La funzionalit\u00e0 di ricerca \u00e8 molto potente, che consente di aggiungere filtri alla griglia di visualizzazione, riducendo il tempo impiegato per ogni ricerca. Per semplificare la gestione delle spese o dei costi, \u00e8 possibile raggruppare ciascuna spesa in categorie e sottocategorie. \u00c8 possibile registrare il tempo trascorso da ciascun dipendente in un&#8217;attivit\u00e0 utilizzando la funzione di rilevamento del tempo menzionata. La caratteristica pi\u00f9 interessante di questa applicazione \u00e8 che un clic ti consente di integrare i dati sia del tracker delle spese che del time tracker e creare e inviare automaticamente le fatture.<br \/>\n<strong>Contro<\/strong>: la versione mobile richiede miglioramenti, in particolare la funzione di tracciamento del tempo. L&#8217;assenza di un&#8217;opzione per i costi ricorrenti.<\/p>\n<h4>Briana W. \u201cTutto ci\u00f2 di cui ho bisogno e in costante miglioramento\u201d<\/h4>\n<p><strong>Nel complesso<\/strong>: ho iniziato come utente gratuito, ma quando Nutcache \u00e8 passato a un servizio a pagamento, sono andato avanti e non ho mai guardato indietro. Ogni volta che ho bisogno di creare un nuovo progetto o client sono impressionato da quanto sia facile. Ci sono un numero sempre crescente di funzionalit\u00e0 che uso raramente o mai, ma anche semplicemente il monitoraggio del tempo, la gestione dei clienti e le parti di fatturazione rendono questo software degno per me. E man mano che la mia attivit\u00e0 cresce, so che Nutcache ha gli strumenti per supportarmi.<br \/>\n<strong>Pro<\/strong>: \u00c8 tempo che la funzionalit\u00e0 di tracciamento sia davvero eccezionale: posso monitorare e vedere a colpo d&#8217;occhio il tempo che ho trascorso su pi\u00f9 clienti \/ progetti. \u00c8 facile creare una fattura utilizzando il tempo registrato o un importo fisso (o una combinazione). \u00c8 semplice modificare qualsiasi cosa e il team Nutcache apporta sempre piccoli miglioramenti ad ogni aggiornamento. Continua a migliorare.<br \/>\n<strong>Contro<\/strong>: a volte uso l&#8217;app per la registrazione del tempo sul mio telefono e devo disconnettermi e riconnettermi ogni volta. Dal momento che \u00e8 una societ\u00e0 canadese, mi piacerebbe pagare in dollari CAD anzich\u00e9 negli Stati Uniti (anch&#8217;io con sede in Canada).<\/p>\n","protected":false},"excerpt":{"rendered":"<p>Nutcache \u00e8 uno strumento di gestione dei progetti all-in-one ideale per le piccole e grandi aziende, il programma offre in particolare una gestione flessibile del tempo, il monitoraggio del tempo in base alla durata o l&#8217;utilizzo di valori dall&#8217; inizio alla fine di un progetto, nonch\u00e9 l&#8217;utilizzo di pi\u00f9 timer per tenere traccia di compiti contemporaneamente. Il programma genera anche report con indicatori grafici e approfondimenti per aiutarti a ottenere una rapida panoramica della direzione dei progetti.<\/p>\n","protected":false},"author":19,"featured_media":19297,"parent":8333,"menu_order":0,"comment_status":"open","ping_status":"closed","template":"g1_template_page_review_new.php","meta":{"_acf_changed":false,"cwp_meta_box_check":"Yes","cwp_rev_product_name":"","cwp_rev_product_image":"","wppr_links":[],"cwp_rev_price":"","wppr_options":[],"wppr_pros":[],"wppr_cons":[],"_monsterinsights_skip_tracking":false,"_monsterinsights_sitenote_active":false,"_monsterinsights_sitenote_note":"","_monsterinsights_sitenote_category":0,"footnotes":""},"categories":[172],"tags":[1385,1310,1319,1309,1363,1320],"features":[],"class_list":{"0":"post-19281","1":"page","2":"type-page","3":"status-publish","4":"has-post-thumbnail","6":"category-online-project-management-it","7":"tag-nutcache","8":"tag-programma-project-management","9":"tag-software-gestione-progetti","10":"tag-software-project-management","11":"tag-soluzione-gestione-progetti","12":"tag-soluzione-project-management"},"wppr_data":{"cwp_meta_box_check":"Yes","cwp_rev_product_name":"","cwp_rev_product_image":"","cwp_image_link":"image","cwp_rev_price":"","wppr_rating":"0.00"},"acf":[],"yoast_head":"<!-- This site is optimized with the Yoast SEO plugin v27.4 - https:\/\/yoast.com\/product\/yoast-seo-wordpress\/ -->\n<title>Nutcache: recensione software Project Management - Accurate Reviews<\/title>\n<meta name=\"description\" content=\"Nutcache: recensione strumento di gestione dei progetti all-in-one ideale per le piccole e grandi aziende per svolgere un lavoro dall&#039;inzio alla fine.\" \/>\n<meta name=\"robots\" content=\"index, follow, max-snippet:-1, max-image-preview:large, max-video-preview:-1\" \/>\n<link rel=\"canonical\" href=\"https:\/\/www.accuratereviews.com\/it\/project-management-online-lista-software\/nutcache-recensione\/\" \/>\n<meta property=\"og:locale\" content=\"it_IT\" \/>\n<meta property=\"og:type\" content=\"article\" \/>\n<meta property=\"og:title\" content=\"Nutcache: recensione software Project Management - Accurate Reviews\" \/>\n<meta property=\"og:description\" content=\"Nutcache: recensione strumento di gestione dei progetti all-in-one ideale per le piccole e grandi aziende per svolgere un lavoro dall&#039;inzio alla fine.\" \/>\n<meta property=\"og:url\" content=\"https:\/\/www.accuratereviews.com\/it\/project-management-online-lista-software\/nutcache-recensione\/\" \/>\n<meta property=\"og:site_name\" content=\"Accurate Reviews\" \/>\n<meta property=\"article:modified_time\" content=\"2021-01-20T16:44:39+00:00\" \/>\n<meta property=\"og:image\" content=\"https:\/\/www.accuratereviews.com\/wp-content\/uploads\/2019\/10\/nutcache-logo.png\" \/>\n\t<meta property=\"og:image:width\" content=\"400\" \/>\n\t<meta property=\"og:image:height\" content=\"400\" \/>\n\t<meta property=\"og:image:type\" content=\"image\/png\" \/>\n<meta name=\"twitter:card\" content=\"summary_large_image\" \/>\n<meta name=\"twitter:label1\" content=\"Tempo di lettura stimato\" \/>\n\t<meta name=\"twitter:data1\" content=\"5 minuti\" \/>\n<script type=\"application\/ld+json\" class=\"yoast-schema-graph\">{\"@context\":\"https:\\\/\\\/schema.org\",\"@graph\":[{\"@type\":\"WebPage\",\"@id\":\"https:\\\/\\\/www.accuratereviews.com\\\/it\\\/project-management-online-lista-software\\\/nutcache-recensione\\\/\",\"url\":\"https:\\\/\\\/www.accuratereviews.com\\\/it\\\/project-management-online-lista-software\\\/nutcache-recensione\\\/\",\"name\":\"Nutcache: recensione software Project Management - Accurate Reviews\",\"isPartOf\":{\"@id\":\"https:\\\/\\\/www.accuratereviews.com\\\/it\\\/#website\"},\"primaryImageOfPage\":{\"@id\":\"https:\\\/\\\/www.accuratereviews.com\\\/it\\\/project-management-online-lista-software\\\/nutcache-recensione\\\/#primaryimage\"},\"image\":{\"@id\":\"https:\\\/\\\/www.accuratereviews.com\\\/it\\\/project-management-online-lista-software\\\/nutcache-recensione\\\/#primaryimage\"},\"thumbnailUrl\":\"https:\\\/\\\/www.accuratereviews.com\\\/wp-content\\\/uploads\\\/2019\\\/10\\\/nutcache-logo.png\",\"datePublished\":\"2019-10-18T15:48:50+00:00\",\"dateModified\":\"2021-01-20T16:44:39+00:00\",\"description\":\"Nutcache: recensione strumento di gestione dei progetti all-in-one ideale per le piccole e grandi aziende per svolgere un lavoro dall'inzio alla fine.\",\"breadcrumb\":{\"@id\":\"https:\\\/\\\/www.accuratereviews.com\\\/it\\\/project-management-online-lista-software\\\/nutcache-recensione\\\/#breadcrumb\"},\"inLanguage\":\"it-IT\",\"potentialAction\":[{\"@type\":\"ReadAction\",\"target\":[\"https:\\\/\\\/www.accuratereviews.com\\\/it\\\/project-management-online-lista-software\\\/nutcache-recensione\\\/\"]}]},{\"@type\":\"ImageObject\",\"inLanguage\":\"it-IT\",\"@id\":\"https:\\\/\\\/www.accuratereviews.com\\\/it\\\/project-management-online-lista-software\\\/nutcache-recensione\\\/#primaryimage\",\"url\":\"https:\\\/\\\/www.accuratereviews.com\\\/wp-content\\\/uploads\\\/2019\\\/10\\\/nutcache-logo.png\",\"contentUrl\":\"https:\\\/\\\/www.accuratereviews.com\\\/wp-content\\\/uploads\\\/2019\\\/10\\\/nutcache-logo.png\",\"width\":400,\"height\":400},{\"@type\":\"BreadcrumbList\",\"@id\":\"https:\\\/\\\/www.accuratereviews.com\\\/it\\\/project-management-online-lista-software\\\/nutcache-recensione\\\/#breadcrumb\",\"itemListElement\":[{\"@type\":\"ListItem\",\"position\":1,\"name\":\"Home\",\"item\":\"https:\\\/\\\/www.accuratereviews.com\\\/it\\\/\"},{\"@type\":\"ListItem\",\"position\":2,\"name\":\"Project Management Online\",\"item\":\"https:\\\/\\\/www.accuratereviews.com\\\/it\\\/project-management-online-lista-software\\\/\"},{\"@type\":\"ListItem\",\"position\":3,\"name\":\"Nutcache\"}]},{\"@type\":\"WebSite\",\"@id\":\"https:\\\/\\\/www.accuratereviews.com\\\/it\\\/#website\",\"url\":\"https:\\\/\\\/www.accuratereviews.com\\\/it\\\/\",\"name\":\"Accurate Reviews\",\"description\":\"\",\"potentialAction\":[{\"@type\":\"SearchAction\",\"target\":{\"@type\":\"EntryPoint\",\"urlTemplate\":\"https:\\\/\\\/www.accuratereviews.com\\\/it\\\/?s={search_term_string}\"},\"query-input\":{\"@type\":\"PropertyValueSpecification\",\"valueRequired\":true,\"valueName\":\"search_term_string\"}}],\"inLanguage\":\"it-IT\"}]}<\/script>\n<!-- \/ Yoast SEO plugin. -->","yoast_head_json":{"title":"Nutcache: recensione software Project Management - Accurate Reviews","description":"Nutcache: recensione strumento di gestione dei progetti all-in-one ideale per le piccole e grandi aziende per svolgere un lavoro dall'inzio alla fine.","robots":{"index":"index","follow":"follow","max-snippet":"max-snippet:-1","max-image-preview":"max-image-preview:large","max-video-preview":"max-video-preview:-1"},"canonical":"https:\/\/www.accuratereviews.com\/it\/project-management-online-lista-software\/nutcache-recensione\/","og_locale":"it_IT","og_type":"article","og_title":"Nutcache: recensione software Project Management - Accurate Reviews","og_description":"Nutcache: recensione strumento di gestione dei progetti all-in-one ideale per le piccole e grandi aziende per svolgere un lavoro dall'inzio alla fine.","og_url":"https:\/\/www.accuratereviews.com\/it\/project-management-online-lista-software\/nutcache-recensione\/","og_site_name":"Accurate Reviews","article_modified_time":"2021-01-20T16:44:39+00:00","og_image":[{"width":400,"height":400,"url":"https:\/\/www.accuratereviews.com\/wp-content\/uploads\/2019\/10\/nutcache-logo.png","type":"image\/png"}],"twitter_card":"summary_large_image","twitter_misc":{"Tempo di lettura stimato":"5 minuti"},"schema":{"@context":"https:\/\/schema.org","@graph":[{"@type":"WebPage","@id":"https:\/\/www.accuratereviews.com\/it\/project-management-online-lista-software\/nutcache-recensione\/","url":"https:\/\/www.accuratereviews.com\/it\/project-management-online-lista-software\/nutcache-recensione\/","name":"Nutcache: recensione software Project Management - Accurate Reviews","isPartOf":{"@id":"https:\/\/www.accuratereviews.com\/it\/#website"},"primaryImageOfPage":{"@id":"https:\/\/www.accuratereviews.com\/it\/project-management-online-lista-software\/nutcache-recensione\/#primaryimage"},"image":{"@id":"https:\/\/www.accuratereviews.com\/it\/project-management-online-lista-software\/nutcache-recensione\/#primaryimage"},"thumbnailUrl":"https:\/\/www.accuratereviews.com\/wp-content\/uploads\/2019\/10\/nutcache-logo.png","datePublished":"2019-10-18T15:48:50+00:00","dateModified":"2021-01-20T16:44:39+00:00","description":"Nutcache: recensione strumento di gestione dei progetti all-in-one ideale per le piccole e grandi aziende per svolgere un lavoro dall'inzio alla fine.","breadcrumb":{"@id":"https:\/\/www.accuratereviews.com\/it\/project-management-online-lista-software\/nutcache-recensione\/#breadcrumb"},"inLanguage":"it-IT","potentialAction":[{"@type":"ReadAction","target":["https:\/\/www.accuratereviews.com\/it\/project-management-online-lista-software\/nutcache-recensione\/"]}]},{"@type":"ImageObject","inLanguage":"it-IT","@id":"https:\/\/www.accuratereviews.com\/it\/project-management-online-lista-software\/nutcache-recensione\/#primaryimage","url":"https:\/\/www.accuratereviews.com\/wp-content\/uploads\/2019\/10\/nutcache-logo.png","contentUrl":"https:\/\/www.accuratereviews.com\/wp-content\/uploads\/2019\/10\/nutcache-logo.png","width":400,"height":400},{"@type":"BreadcrumbList","@id":"https:\/\/www.accuratereviews.com\/it\/project-management-online-lista-software\/nutcache-recensione\/#breadcrumb","itemListElement":[{"@type":"ListItem","position":1,"name":"Home","item":"https:\/\/www.accuratereviews.com\/it\/"},{"@type":"ListItem","position":2,"name":"Project Management Online","item":"https:\/\/www.accuratereviews.com\/it\/project-management-online-lista-software\/"},{"@type":"ListItem","position":3,"name":"Nutcache"}]},{"@type":"WebSite","@id":"https:\/\/www.accuratereviews.com\/it\/#website","url":"https:\/\/www.accuratereviews.com\/it\/","name":"Accurate Reviews","description":"","potentialAction":[{"@type":"SearchAction","target":{"@type":"EntryPoint","urlTemplate":"https:\/\/www.accuratereviews.com\/it\/?s={search_term_string}"},"query-input":{"@type":"PropertyValueSpecification","valueRequired":true,"valueName":"search_term_string"}}],"inLanguage":"it-IT"}]}},"_links":{"self":[{"href":"https:\/\/www.accuratereviews.com\/it\/wp-json\/wp\/v2\/pages\/19281","targetHints":{"allow":["GET"]}}],"collection":[{"href":"https:\/\/www.accuratereviews.com\/it\/wp-json\/wp\/v2\/pages"}],"about":[{"href":"https:\/\/www.accuratereviews.com\/it\/wp-json\/wp\/v2\/types\/page"}],"author":[{"embeddable":true,"href":"https:\/\/www.accuratereviews.com\/it\/wp-json\/wp\/v2\/users\/19"}],"replies":[{"embeddable":true,"href":"https:\/\/www.accuratereviews.com\/it\/wp-json\/wp\/v2\/comments?post=19281"}],"version-history":[{"count":13,"href":"https:\/\/www.accuratereviews.com\/it\/wp-json\/wp\/v2\/pages\/19281\/revisions"}],"predecessor-version":[{"id":35641,"href":"https:\/\/www.accuratereviews.com\/it\/wp-json\/wp\/v2\/pages\/19281\/revisions\/35641"}],"up":[{"embeddable":true,"href":"https:\/\/www.accuratereviews.com\/it\/wp-json\/wp\/v2\/pages\/8333"}],"wp:featuredmedia":[{"embeddable":true,"href":"https:\/\/www.accuratereviews.com\/it\/wp-json\/wp\/v2\/media\/19297"}],"wp:attachment":[{"href":"https:\/\/www.accuratereviews.com\/it\/wp-json\/wp\/v2\/media?parent=19281"}],"wp:term":[{"taxonomy":"category","embeddable":true,"href":"https:\/\/www.accuratereviews.com\/it\/wp-json\/wp\/v2\/categories?post=19281"},{"taxonomy":"post_tag","embeddable":true,"href":"https:\/\/www.accuratereviews.com\/it\/wp-json\/wp\/v2\/tags?post=19281"},{"taxonomy":"features","embeddable":true,"href":"https:\/\/www.accuratereviews.com\/it\/wp-json\/wp\/v2\/features?post=19281"}],"curies":[{"name":"wp","href":"https:\/\/api.w.org\/{rel}","templated":true}]}}