{"id":19292,"date":"2019-10-18T15:49:34","date_gmt":"2019-10-18T15:49:34","guid":{"rendered":"https:\/\/www.accuratereviews.com\/?page_id=19292"},"modified":"2024-10-14T20:47:30","modified_gmt":"2024-10-14T20:47:30","slug":"5pm-recensione","status":"publish","type":"page","link":"https:\/\/www.accuratereviews.com\/it\/project-management-online-lista-software\/5pm-recensione\/","title":{"rendered":"5pm"},"content":{"rendered":"<p><strong>5pm<\/strong> \u00e8 un software che permette a aziende di piccole, medie e grandi dimensioni di<strong> tenere traccia delle attivit\u00e0 e dei progetti<\/strong> in modo da <strong>ottimizzare il flusso di lavoro<\/strong>. Si tratta di un programma semplice da usare che dispone di un&#8217;interfaccia intuitiva e personalizzabile in base alle proprie esigenze. Si possono <strong>pianificare attivit\u00e0, progetti<\/strong>, condividere note e file con il resto del team cos\u00ec da poter collaborare agli stessi progetti pur non essendo fisicamente nello stesso posto. Inoltre \u00e8 possibile ottenere degli <strong>ottimi report, precisi e dettagliati<\/strong>, che ci mostrano l&#8217;avanzamento delle attivit\u00e0 e le spese che si stanno sostenendo per realizzarle.<\/p>\n<h2>COME GESTIRE I PROGETTI CON 5PM &#8211; TUTORIAL<\/h2>\n<p>Ecco un video introduttivo di questo software:<\/p>\n<div id=\"fluid-wrapper-counter-1\" class=\"g1-fluid-wrapper \" style=\"width:686px;\">\n<div style=\"padding-bottom:56.268221574344%;\"><iframe loading=\"lazy\" title=\"5pm: 2-min Video Introduction\" width=\"686\" height=\"386\" src=\"https:\/\/www.youtube.com\/embed\/CAMdRQn8t_g?feature=oembed&amp;wmode=transparent&amp;autohide=1&amp;autoplay=0&amp;disablekb=0&amp;fs=1&amp;loop=0&amp;enablejsapi=1&amp;rel=0&amp;controls=2&amp;showinfo=0&amp;wmode=transparent&amp;autohide=2&amp;autoplay=0&amp;disablekb=0&amp;fs=1&amp;loop=0&amp;enablejsapi=1&amp;rel=0&amp;controls=2&amp;showinfo=1\" frameborder=\"0\" allow=\"accelerometer; autoplay; clipboard-write; encrypted-media; gyroscope; picture-in-picture; web-share\" referrerpolicy=\"strict-origin-when-cross-origin\" allowfullscreen><\/iframe><\/div>\n<\/div>\n<h3>5PM &#8211; CARATTERISTICHE<\/h3>\n<p>Diamo un&#8217;occhiata alle sue caratteristiche principali:<\/p>\n<ul>\n<li><strong>Interfaccia personalizzabile semplice<\/strong>: naviga tra progetti e attivit\u00e0, sfoglia le discussioni, condividi file e segnala lo stato di avanzamento, tutto in un&#8217;unica schermata<\/li>\n<li><strong>Gestione delle attivit\u00e0 e dei progetti<\/strong>: crea, pianifica e gestisci in modo semplice le attivit\u00e0 e i progetti<\/li>\n<li><strong>Collaborazione con il team<\/strong>: collabora con gli utenti del team inviando e condividendo file e documenti<\/li>\n<li><strong>Filtri<\/strong>: puoi filtrare i dati per gruppi, progetti, persone<\/li>\n<li><strong>Report personalizzabili<\/strong>: personalizza e crea i tuoi report esportando in CSV\/Excel e Stampa<\/li>\n<li><strong>Rapporto temporale<\/strong>: tieni sotto controllo la situazione guardando come e su cosa stanno lavorando i tuoi colleghi e quanto tempo ci impiegano<\/li>\n<li><strong>Report sul carico di lavoro<\/strong>: ottieni report che ti aiutano a visualizzare e gestire il carico di lavoro del team<\/li>\n<li><strong>Integrazione con la posta elettronica<\/strong>: ricevi le email direttamente su 5pm.<\/li>\n<\/ul>\n<h3>LE RECENSIONI DEGLI UTENTI<\/h3>\n<ul>\n<li><strong>&#8220;L&#8217;organizzazione \u00e8 la chiave&#8221;<\/strong><br \/>\nIN GENERALE: Sono in grado di completare il lavoro di progettazione in modo MOLTO organizzato. Cos\u00ec grato!<br \/>\nPRO: Adoro la possibilit\u00e0 di monitorare con precisione il mio tempo, il widget di monitoraggio del tempo di 5pm \u00e8 perfetto! Sono molto contento del fatto che sono in grado di lasciare note nelle attivit\u00e0 di progetto e sono anche in grado di apportare modifiche a tali attivit\u00e0. I miei livelli di produttivit\u00e0 sono alle stelle!<br \/>\nCONTRO: L&#8217;unico e SOLO difetto che mi viene in mente \u00e8 il design del software. \u00c8 molto datato e arcaico. Sarebbe fantastico se fosse aggiornato per essere visivamente pi\u00f9 stimolante.<\/li>\n<li><strong>&#8220;Facile da usare&#8221;<\/strong><br \/>\nPRO: 5pm \u00e8 un buon canale di comunicazione per la nostra azienda. Abbiamo uffici all&#8217;estero con cui comunichiamo ogni giorno ed \u00e8 un processo continuo ed efficiente!<br \/>\nCONTRO: La funzione di ricerca \u00e8 difficile da usare, il che \u00e8 abbastanza uno svantaggio perch\u00e9 \u00e8 qualcosa che tutti usano ogni giorno. Inoltre, l&#8217;app per dispositivi mobili non \u00e8 cos\u00ec facile da usare.<\/li>\n<li><strong>&#8220;La semplice piattaforma web mantiene tutti i progetti in un unico posto&#8221;<\/strong><br \/>\nIN GENERALE: il mio team \u00e8 pi\u00f9 efficiente che mai. Ogni mattina riceviamo tutti un&#8217;e-mail che elenca tutti i progetti e le scadenze. Non riesco a immaginare di organizzare il nostro lavoro senza di esso!<br \/>\nPRO: con un piccolo team e pi\u00f9 progetti in movimento, alle 17:00 \u00e8 facile monitorare tutto in coda e sapere dove si trovano nella fase di produzione. L&#8217;implementazione di questo strumento stava cambiando la vita!<br \/>\nCONTRO: Non utilizziamo tutte le funzionalit\u00e0. Sarebbe bello se per i clienti fosse facile effettuare ordini direttamente anzich\u00e9 compilare un modulo di richiesta del progetto.<\/li>\n<\/ul>\n","protected":false},"excerpt":{"rendered":"<p>5pm \u00e8 un software che permette a aziende di piccole, medie e grandi dimensioni di tenere traccia delle attivit\u00e0 e dei progetti in modo da ottimizzare il flusso di lavoro. Si tratta di un programma semplice da usare che dispone di un\u2019interfaccia intuitiva e personalizzabile in base alle proprie esigenze.<\/p>\n","protected":false},"author":17,"featured_media":19293,"parent":8333,"menu_order":0,"comment_status":"open","ping_status":"closed","template":"g1_template_page_review_new.php","meta":{"_acf_changed":false,"cwp_meta_box_check":"No","cwp_rev_product_name":"","cwp_rev_product_image":"","wppr_links":[],"cwp_rev_price":"","wppr_options":[],"wppr_pros":[],"wppr_cons":[],"_monsterinsights_skip_tracking":false,"_monsterinsights_sitenote_active":false,"_monsterinsights_sitenote_note":"","_monsterinsights_sitenote_category":0,"footnotes":""},"categories":[172],"tags":[1324,1316,1380,1330],"features":[],"class_list":{"0":"post-19292","1":"page","2":"type-page","3":"status-publish","4":"has-post-thumbnail","6":"category-online-project-management-it","7":"tag-gestione-dei-progetti","8":"tag-online-project-management","9":"tag-project-management","10":"tag-project-manager"},"wppr_data":{"cwp_meta_box_check":"No"},"acf":[],"yoast_head":"<!-- This site is optimized with the Yoast SEO plugin v27.4 - https:\/\/yoast.com\/product\/yoast-seo-wordpress\/ -->\n<title>5pm: recensione project management software - Accurate Reviews<\/title>\n<meta name=\"description\" content=\"5pm: recensione del software che permette ai tean di tenere traccia delle attivit\u00e0 e dei progetti in modo da ottimizzare il flusso di lavoro.\" \/>\n<meta name=\"robots\" content=\"index, follow, max-snippet:-1, max-image-preview:large, max-video-preview:-1\" \/>\n<link rel=\"canonical\" href=\"https:\/\/www.accuratereviews.com\/it\/project-management-online-lista-software\/5pm-recensione\/\" \/>\n<meta property=\"og:locale\" content=\"it_IT\" \/>\n<meta property=\"og:type\" content=\"article\" \/>\n<meta property=\"og:title\" content=\"5pm: recensione project management software - Accurate Reviews\" \/>\n<meta property=\"og:description\" content=\"5pm: recensione del software che permette ai tean di tenere traccia delle attivit\u00e0 e dei progetti in modo da ottimizzare il flusso di lavoro.\" \/>\n<meta property=\"og:url\" content=\"https:\/\/www.accuratereviews.com\/it\/project-management-online-lista-software\/5pm-recensione\/\" \/>\n<meta property=\"og:site_name\" content=\"Accurate Reviews\" \/>\n<meta property=\"article:modified_time\" content=\"2024-10-14T20:47:30+00:00\" \/>\n<meta property=\"og:image\" content=\"https:\/\/www.accuratereviews.com\/wp-content\/uploads\/2019\/10\/452094-5pm.jpg\" \/>\n\t<meta property=\"og:image:width\" content=\"810\" \/>\n\t<meta property=\"og:image:height\" content=\"456\" \/>\n\t<meta property=\"og:image:type\" content=\"image\/jpeg\" \/>\n<meta name=\"twitter:card\" content=\"summary_large_image\" \/>\n<meta name=\"twitter:label1\" content=\"Tempo di lettura stimato\" \/>\n\t<meta name=\"twitter:data1\" content=\"4 minuti\" \/>\n<script type=\"application\/ld+json\" class=\"yoast-schema-graph\">{\"@context\":\"https:\\\/\\\/schema.org\",\"@graph\":[{\"@type\":\"WebPage\",\"@id\":\"https:\\\/\\\/www.accuratereviews.com\\\/it\\\/project-management-online-lista-software\\\/5pm-recensione\\\/\",\"url\":\"https:\\\/\\\/www.accuratereviews.com\\\/it\\\/project-management-online-lista-software\\\/5pm-recensione\\\/\",\"name\":\"5pm: recensione project management software - Accurate Reviews\",\"isPartOf\":{\"@id\":\"https:\\\/\\\/www.accuratereviews.com\\\/it\\\/#website\"},\"primaryImageOfPage\":{\"@id\":\"https:\\\/\\\/www.accuratereviews.com\\\/it\\\/project-management-online-lista-software\\\/5pm-recensione\\\/#primaryimage\"},\"image\":{\"@id\":\"https:\\\/\\\/www.accuratereviews.com\\\/it\\\/project-management-online-lista-software\\\/5pm-recensione\\\/#primaryimage\"},\"thumbnailUrl\":\"https:\\\/\\\/www.accuratereviews.com\\\/wp-content\\\/uploads\\\/2019\\\/10\\\/452094-5pm.jpg\",\"datePublished\":\"2019-10-18T15:49:34+00:00\",\"dateModified\":\"2024-10-14T20:47:30+00:00\",\"description\":\"5pm: recensione del software che permette ai tean di tenere traccia delle attivit\u00e0 e dei progetti in modo da ottimizzare il flusso di lavoro.\",\"breadcrumb\":{\"@id\":\"https:\\\/\\\/www.accuratereviews.com\\\/it\\\/project-management-online-lista-software\\\/5pm-recensione\\\/#breadcrumb\"},\"inLanguage\":\"it-IT\",\"potentialAction\":[{\"@type\":\"ReadAction\",\"target\":[\"https:\\\/\\\/www.accuratereviews.com\\\/it\\\/project-management-online-lista-software\\\/5pm-recensione\\\/\"]}]},{\"@type\":\"ImageObject\",\"inLanguage\":\"it-IT\",\"@id\":\"https:\\\/\\\/www.accuratereviews.com\\\/it\\\/project-management-online-lista-software\\\/5pm-recensione\\\/#primaryimage\",\"url\":\"https:\\\/\\\/www.accuratereviews.com\\\/wp-content\\\/uploads\\\/2019\\\/10\\\/452094-5pm.jpg\",\"contentUrl\":\"https:\\\/\\\/www.accuratereviews.com\\\/wp-content\\\/uploads\\\/2019\\\/10\\\/452094-5pm.jpg\",\"width\":810,\"height\":456},{\"@type\":\"BreadcrumbList\",\"@id\":\"https:\\\/\\\/www.accuratereviews.com\\\/it\\\/project-management-online-lista-software\\\/5pm-recensione\\\/#breadcrumb\",\"itemListElement\":[{\"@type\":\"ListItem\",\"position\":1,\"name\":\"Home\",\"item\":\"https:\\\/\\\/www.accuratereviews.com\\\/it\\\/\"},{\"@type\":\"ListItem\",\"position\":2,\"name\":\"Project Management Online\",\"item\":\"https:\\\/\\\/www.accuratereviews.com\\\/it\\\/project-management-online-lista-software\\\/\"},{\"@type\":\"ListItem\",\"position\":3,\"name\":\"5pm\"}]},{\"@type\":\"WebSite\",\"@id\":\"https:\\\/\\\/www.accuratereviews.com\\\/it\\\/#website\",\"url\":\"https:\\\/\\\/www.accuratereviews.com\\\/it\\\/\",\"name\":\"Accurate Reviews\",\"description\":\"\",\"potentialAction\":[{\"@type\":\"SearchAction\",\"target\":{\"@type\":\"EntryPoint\",\"urlTemplate\":\"https:\\\/\\\/www.accuratereviews.com\\\/it\\\/?s={search_term_string}\"},\"query-input\":{\"@type\":\"PropertyValueSpecification\",\"valueRequired\":true,\"valueName\":\"search_term_string\"}}],\"inLanguage\":\"it-IT\"}]}<\/script>\n<!-- \/ Yoast SEO plugin. -->","yoast_head_json":{"title":"5pm: recensione project management software - Accurate Reviews","description":"5pm: recensione del software che permette ai tean di tenere traccia delle attivit\u00e0 e dei progetti in modo da ottimizzare il flusso di lavoro.","robots":{"index":"index","follow":"follow","max-snippet":"max-snippet:-1","max-image-preview":"max-image-preview:large","max-video-preview":"max-video-preview:-1"},"canonical":"https:\/\/www.accuratereviews.com\/it\/project-management-online-lista-software\/5pm-recensione\/","og_locale":"it_IT","og_type":"article","og_title":"5pm: recensione project management software - Accurate Reviews","og_description":"5pm: recensione del software che permette ai tean di tenere traccia delle attivit\u00e0 e dei progetti in modo da ottimizzare il flusso di lavoro.","og_url":"https:\/\/www.accuratereviews.com\/it\/project-management-online-lista-software\/5pm-recensione\/","og_site_name":"Accurate Reviews","article_modified_time":"2024-10-14T20:47:30+00:00","og_image":[{"width":810,"height":456,"url":"https:\/\/www.accuratereviews.com\/wp-content\/uploads\/2019\/10\/452094-5pm.jpg","type":"image\/jpeg"}],"twitter_card":"summary_large_image","twitter_misc":{"Tempo di lettura stimato":"4 minuti"},"schema":{"@context":"https:\/\/schema.org","@graph":[{"@type":"WebPage","@id":"https:\/\/www.accuratereviews.com\/it\/project-management-online-lista-software\/5pm-recensione\/","url":"https:\/\/www.accuratereviews.com\/it\/project-management-online-lista-software\/5pm-recensione\/","name":"5pm: recensione project management software - Accurate Reviews","isPartOf":{"@id":"https:\/\/www.accuratereviews.com\/it\/#website"},"primaryImageOfPage":{"@id":"https:\/\/www.accuratereviews.com\/it\/project-management-online-lista-software\/5pm-recensione\/#primaryimage"},"image":{"@id":"https:\/\/www.accuratereviews.com\/it\/project-management-online-lista-software\/5pm-recensione\/#primaryimage"},"thumbnailUrl":"https:\/\/www.accuratereviews.com\/wp-content\/uploads\/2019\/10\/452094-5pm.jpg","datePublished":"2019-10-18T15:49:34+00:00","dateModified":"2024-10-14T20:47:30+00:00","description":"5pm: recensione del software che permette ai tean di tenere traccia delle attivit\u00e0 e dei progetti in modo da ottimizzare il flusso di lavoro.","breadcrumb":{"@id":"https:\/\/www.accuratereviews.com\/it\/project-management-online-lista-software\/5pm-recensione\/#breadcrumb"},"inLanguage":"it-IT","potentialAction":[{"@type":"ReadAction","target":["https:\/\/www.accuratereviews.com\/it\/project-management-online-lista-software\/5pm-recensione\/"]}]},{"@type":"ImageObject","inLanguage":"it-IT","@id":"https:\/\/www.accuratereviews.com\/it\/project-management-online-lista-software\/5pm-recensione\/#primaryimage","url":"https:\/\/www.accuratereviews.com\/wp-content\/uploads\/2019\/10\/452094-5pm.jpg","contentUrl":"https:\/\/www.accuratereviews.com\/wp-content\/uploads\/2019\/10\/452094-5pm.jpg","width":810,"height":456},{"@type":"BreadcrumbList","@id":"https:\/\/www.accuratereviews.com\/it\/project-management-online-lista-software\/5pm-recensione\/#breadcrumb","itemListElement":[{"@type":"ListItem","position":1,"name":"Home","item":"https:\/\/www.accuratereviews.com\/it\/"},{"@type":"ListItem","position":2,"name":"Project Management Online","item":"https:\/\/www.accuratereviews.com\/it\/project-management-online-lista-software\/"},{"@type":"ListItem","position":3,"name":"5pm"}]},{"@type":"WebSite","@id":"https:\/\/www.accuratereviews.com\/it\/#website","url":"https:\/\/www.accuratereviews.com\/it\/","name":"Accurate Reviews","description":"","potentialAction":[{"@type":"SearchAction","target":{"@type":"EntryPoint","urlTemplate":"https:\/\/www.accuratereviews.com\/it\/?s={search_term_string}"},"query-input":{"@type":"PropertyValueSpecification","valueRequired":true,"valueName":"search_term_string"}}],"inLanguage":"it-IT"}]}},"_links":{"self":[{"href":"https:\/\/www.accuratereviews.com\/it\/wp-json\/wp\/v2\/pages\/19292","targetHints":{"allow":["GET"]}}],"collection":[{"href":"https:\/\/www.accuratereviews.com\/it\/wp-json\/wp\/v2\/pages"}],"about":[{"href":"https:\/\/www.accuratereviews.com\/it\/wp-json\/wp\/v2\/types\/page"}],"author":[{"embeddable":true,"href":"https:\/\/www.accuratereviews.com\/it\/wp-json\/wp\/v2\/users\/17"}],"replies":[{"embeddable":true,"href":"https:\/\/www.accuratereviews.com\/it\/wp-json\/wp\/v2\/comments?post=19292"}],"version-history":[{"count":2,"href":"https:\/\/www.accuratereviews.com\/it\/wp-json\/wp\/v2\/pages\/19292\/revisions"}],"predecessor-version":[{"id":79486,"href":"https:\/\/www.accuratereviews.com\/it\/wp-json\/wp\/v2\/pages\/19292\/revisions\/79486"}],"up":[{"embeddable":true,"href":"https:\/\/www.accuratereviews.com\/it\/wp-json\/wp\/v2\/pages\/8333"}],"wp:featuredmedia":[{"embeddable":true,"href":"https:\/\/www.accuratereviews.com\/it\/wp-json\/wp\/v2\/media\/19293"}],"wp:attachment":[{"href":"https:\/\/www.accuratereviews.com\/it\/wp-json\/wp\/v2\/media?parent=19292"}],"wp:term":[{"taxonomy":"category","embeddable":true,"href":"https:\/\/www.accuratereviews.com\/it\/wp-json\/wp\/v2\/categories?post=19292"},{"taxonomy":"post_tag","embeddable":true,"href":"https:\/\/www.accuratereviews.com\/it\/wp-json\/wp\/v2\/tags?post=19292"},{"taxonomy":"features","embeddable":true,"href":"https:\/\/www.accuratereviews.com\/it\/wp-json\/wp\/v2\/features?post=19292"}],"curies":[{"name":"wp","href":"https:\/\/api.w.org\/{rel}","templated":true}]}}