{"id":19312,"date":"2019-10-21T08:13:04","date_gmt":"2019-10-21T08:13:04","guid":{"rendered":"https:\/\/www.accuratereviews.com\/?page_id=19312"},"modified":"2019-10-21T08:13:04","modified_gmt":"2019-10-21T08:13:04","slug":"goodday-recensione","status":"publish","type":"page","link":"https:\/\/www.accuratereviews.com\/it\/project-management-online-lista-software\/goodday-recensione\/","title":{"rendered":"GoodDay"},"content":{"rendered":"<p><strong>GoodDay<\/strong> \u00e8 un <strong>software di gestione\u00a0dei progetti<\/strong>\u00a0basato su <strong>cloud<\/strong> di facile utilizzo, creato per le piccole, medie e grandi imprese di qualsiasi settore. Questa \u00e8 una soluzione potente che fornisce gli strumenti necessari per l&#8217;organizzazione delle attivit\u00e0, la gestione dei progetti, la pianificazione di alto livello e la crescita della produttivit\u00e0 basata su agilit\u00e0, trasparenza e motivazione. La piattaforma si basa sui principi della psicologia positiva e della moderna scienza gestionale per stimolare una gestione efficace in modo naturale.\u00a0GoodDay ha un&#8217;architettura solida e funzionalit\u00e0 innovative che automatizzano la gestione del lavoro e consentono alle aziende di collegare la loro strategia con gli obiettivi ed l&#8217;esecuzione. Inoltre, fornisce metriche sulla qualit\u00e0 del lavoro, consentendo alle aziende di visualizzare chiaramente i progressi e individuare le aree chiave per il miglioramento. Alcune delle sue caratteristiche principali includono report automatici, business intelligence, monitoraggio del tempo, integrazioni di email e calendario, dashboard, avanzamento e eventi.<\/p>\n<h2>GOODDAY &#8211; TUTORIAL<\/h2>\n<p>Il tutorial che seguir\u00e0 mostra le principali funzioni di questo <strong>software Project Management:<\/strong><\/p>\n<div id=\"fluid-wrapper-counter-1\" class=\"g1-fluid-wrapper \" style=\"width:686px;\">\n<div style=\"padding-bottom:56.268221574344%;\"><iframe loading=\"lazy\" title=\"GoodDay Tutorial: Task Table\" width=\"686\" height=\"386\" src=\"https:\/\/www.youtube.com\/embed\/videoseries?list=PL6XlKiIUSeSpeV_LuUx7nSLJCDk_NVzLk\" frameborder=\"0\" allow=\"accelerometer; autoplay; encrypted-media; gyroscope; picture-in-picture\" allowfullscreen><\/iframe><\/div>\n<\/div>\n<h3>GOODDAY &#8211; CARATTERISTICHE<\/h3>\n<ul>\n<li><strong>Gerarchia illimitata:<\/strong> organizza il tuo lavoro con cartelle e progetti con una gerarchia simile ad un albero per abbinare la tua struttura del piano di lavoro reale<\/li>\n<li><strong>Portafogli<\/strong>: organizza i tuoi progetti e le tue attivit\u00e0 in portafogli per un accesso rapido e un&#8217;esperienza di gestione dei progetti senza problemi<\/li>\n<li><strong>Stati e flussi di lavoro personalizzati<\/strong>: utilizza stati unici per adattare i flussi di lavoro del tuo progetto, crearne di tuoi o utilizzare la nostra selezione integrata di stati<\/li>\n<li><strong>Attivit\u00e0 ed eventi ricorrenti:<\/strong> crea attivit\u00e0 ed eventi ripetitivi che prevedi si verifichino in base a una pianificazione definita<\/li>\n<li><strong>Modelli di progetto<\/strong>: salva i tuoi progetti esistenti come modelli con tutte le attivit\u00e0, eventi, contenuti e impostazioni disponibili per un facile riutilizzo<\/li>\n<li><strong>Tag<\/strong>:\u00a0contrassegna le attivit\u00e0 con i tag per organizzare meglio gli elementi di lavoro e implementare i flussi di lavoro<\/li>\n<li><strong>Rapporti e stime<\/strong>:\u00a0sfrutta le ricche e intuitive opzioni di tracciamento del tempo di questo programma per registrare il tempo effettivo impiegato o utilizzare la funzione unica di stime automatiche<\/li>\n<li><strong>Assegnazioni multiple<\/strong>: seleziona pi\u00f9 utenti come assegnatari dell&#8217;attivit\u00e0 quando pi\u00f9 di un utente sar\u00e0 responsabile del completamento dell&#8217;attivit\u00e0<\/li>\n<li><strong>Scadenza<\/strong>: utilizza le date di scadenza delle attivit\u00e0 per stabilire obiettivi chiari per i membri del tuo team e aiutarli a pianificare in anticipo<\/li>\n<\/ul>\n<h4>LE RECENSIONI DEGLI UTENTI<\/h4>\n<h4>Violetta Z. &#8220;GoodDay \u00e8 uno strumento facile da usare che allo stesso tempo ha molte funzioni.&#8221;<\/h4>\n<p><strong>Commenti<\/strong>: Abbiamo impostato il flusso di lavoro di tutti i progetti di marketing nella nostra azienda.<\/p>\n<p><strong>Vantaggi<\/strong>: Quello che mi piace di pi\u00f9 \u00e8 che la logica di questo strumento si basa sulla psicologia. Una grande enfasi \u00e8 data alla responsabilit\u00e0 e ai modi in cui le persone possono essere motivate a lavorare di pi\u00f9. Ad esempio, le persone possono vedere chi \u00e8 responsabile per il passaggio successivo e cosa dovrebbe essere fatto esattamente.<br \/>\nPuoi vedere tutti i tuoi progetti in un unico posto e ordinarli per stato, scadenze, membri e cos\u00ec via.<br \/>\nLo strumento fornisce statistiche e rapporti sulla produttivit\u00e0 di ciascun membro del team. Puoi controllare la produttivit\u00e0 e i risultati complessivi della tua azienda grazie a questi report intelligenti.<\/p>\n<p><strong>Inconvenienti<\/strong>: non \u00e8 comodo usare GoodDay tramite browser sul cellulare. Ma non so chi ne abbia bisogno in quanto puoi scaricare un&#8217;applicazione per Android o per iPhone.<\/p>\n<h4><strong>Daniel C. &#8220;Applicazione facile da usare, flessibile, ottimizzata per dispositivi mobili e ricca di funzionalit\u00e0&#8221;<\/strong><\/h4>\n<p><strong>Commenti<\/strong>: Letteralmente, la nostra vita di sviluppo \u00e8 diventata molto pi\u00f9 stabile, facile e persino divertente.<\/p>\n<p><strong>Vantaggi<\/strong>: il vantaggio principale di questo software \u00e8 che ti d\u00e0 la possibilit\u00e0 di impostare, analizzare, monitorare i tuoi obiettivi e compiti e vedere come vengono completati dal tuo team.<br \/>\nIl suo nuovo design, l&#8217;aspetto e la sua funzionalit\u00e0 ci danno ci\u00f2 di cui abbiamo bisogno da questo tipo di software.<br \/>\nDevo anche dire che il prezzo \u00e8 anche uno dei vantaggi di questa app. Abbiamo bisogno che il prezzo non sia cos\u00ec alto e otteniamo quello che stavamo cercando con questa applicazione.<br \/>\nSpero che continueremo a usarlo e andranno avanti con il loro sviluppo.<br \/>\nAnche questo \u00e8 qualcosa che mi \u00e8 piaciuto molto di loro. Continuano a implementare nuove funzionalit\u00e0 nell&#8217;app. E si mantiene sempre meglio.<br \/>\nInutile dire che anche il supporto \u00e8 ottimo. Se smth non va bene, se ne occuperanno al pi\u00f9 presto.<br \/>\nE se desidero implementare smth new nell&#8217;app &#8211; che non hanno altri utenti &#8211; ascoltano le mie parole e ci viene in mente come dovrebbe funzionare insieme &#8211; una soluzione che non costa molto e che volevamo avere in questo software.<\/p>\n<p><strong>Inconvenienti<\/strong>: Ce ne potrebbero essere alcuni. Ma non ne abbiamo trovato nessuno. Abbiamo riscontrato diversi problemi quando l&#8217;app non era raggiungibile. Ma ogni volta che questi problemi venivano risolti in 20-30 minuti.<\/p>\n<h4>Alena K. &#8220;Piattaforma di gestione dei progetti avanzata, efficace, molto flessibile e di facile utilizzo&#8221;<\/h4>\n<p><strong>Commenti<\/strong>: Ogni software che sto usando potrebbe essere migliorato in un modo o nell&#8217;altro, ma queste sono caratteristiche molto minori che aggiungerei a GoodDay, generalmente fa tutto ci\u00f2 che dobbiamo fare. Abbiamo gi\u00e0 inviato nuove richieste di funzionalit\u00e0 al team di supporto GoodDay e alcune sono gi\u00e0 state incluse nelle ultime versioni, il che \u00e8 fantastico, piacevolmente sorpreso da questo livello di servizio e feedback dei clienti!<\/p>\n<p><strong>Vantaggi<\/strong>: GoodDay sar\u00e0 personalizzato e flessibile quanto \u00e8 necessario per renderlo conforme ai flussi di lavoro della vita reale. Tutte le configurazioni richiedono solo pochi clic, la formazione degli utenti \u00e8 molto semplice e il mio team lo adora! Gestiamo tutti i nostri obiettivi, priorit\u00e0, progetti e attivit\u00e0 in un unico posto ora! Adoro il fatto che tutti sappiano esattamente cosa fare, chi \u00e8 responsabile di un compito in qualsiasi momento e ho notato che ora stiamo riuscendo a completare molto pi\u00f9 lavoro di prima, semplicemente rendendo il nostro lavoro trasparente e ben organizzato. Salvavita!<\/p>\n","protected":false},"excerpt":{"rendered":"<p>GoodDay \u00e8 un software di gestione\u00a0dei progetti\u00a0basato su cloud di facile utilizzo, creato per le piccole, medie e grandi imprese di qualsiasi settore. Questa \u00e8 una soluzione potente che fornisce gli strumenti necessari per l&#8217;organizzazione delle attivit\u00e0, la gestione dei progetti, la pianificazione di alto livello e la crescita della produttivit\u00e0 basata su agilit\u00e0, trasparenza e motivazione. La piattaforma si basa sui principi della psicologia positiva e della moderna scienza gestionale per stimolare una gestione efficace in modo naturale.\u00a0<\/p>\n","protected":false},"author":19,"featured_media":19318,"parent":8333,"menu_order":0,"comment_status":"open","ping_status":"closed","template":"g1_template_page_review_new.php","meta":{"_acf_changed":false,"cwp_meta_box_check":"Yes","cwp_rev_product_name":"","cwp_rev_product_image":"","wppr_links":[],"cwp_rev_price":"","wppr_options":[],"wppr_pros":[],"wppr_cons":[],"_monsterinsights_skip_tracking":false,"_monsterinsights_sitenote_active":false,"_monsterinsights_sitenote_note":"","_monsterinsights_sitenote_category":0,"footnotes":""},"categories":[172],"tags":[396,1386,1312,1310,1309,1363,1320],"features":[],"class_list":{"0":"post-19312","1":"page","2":"type-page","3":"status-publish","4":"has-post-thumbnail","6":"category-online-project-management-it","7":"tag-cloud","8":"tag-goodday","9":"tag-programma-gestione-progetti","10":"tag-programma-project-management","11":"tag-software-project-management","12":"tag-soluzione-gestione-progetti","13":"tag-soluzione-project-management"},"wppr_data":{"cwp_meta_box_check":"Yes","cwp_rev_product_name":"","cwp_rev_product_image":"","cwp_image_link":"image","cwp_rev_price":"","wppr_rating":"0.00"},"acf":[],"yoast_head":"<!-- This site is optimized with the Yoast SEO plugin v27.4 - https:\/\/yoast.com\/product\/yoast-seo-wordpress\/ -->\n<title>GoodDay: recensione software Project Management- Accurate Reviews<\/title>\n<meta name=\"description\" content=\"GoodDay: recensione software di gestione\u00a0dei progetti\u00a0basato su cloud di facile utilizzo creato per le piccole, medie e grandi imprese di qualsiasi settore.\" \/>\n<meta name=\"robots\" content=\"index, follow, max-snippet:-1, max-image-preview:large, max-video-preview:-1\" \/>\n<link rel=\"canonical\" href=\"https:\/\/www.accuratereviews.com\/it\/project-management-online-lista-software\/goodday-recensione\/\" \/>\n<meta property=\"og:locale\" content=\"it_IT\" \/>\n<meta property=\"og:type\" content=\"article\" \/>\n<meta property=\"og:title\" content=\"GoodDay: recensione software Project Management- Accurate Reviews\" \/>\n<meta property=\"og:description\" content=\"GoodDay: recensione software di gestione\u00a0dei progetti\u00a0basato su cloud di facile utilizzo creato per le piccole, medie e grandi imprese di qualsiasi settore.\" \/>\n<meta property=\"og:url\" content=\"https:\/\/www.accuratereviews.com\/it\/project-management-online-lista-software\/goodday-recensione\/\" \/>\n<meta property=\"og:site_name\" content=\"Accurate Reviews\" \/>\n<meta property=\"og:image\" content=\"https:\/\/www.accuratereviews.com\/wp-content\/uploads\/2019\/10\/logogoodday.png\" \/>\n\t<meta property=\"og:image:width\" content=\"350\" \/>\n\t<meta property=\"og:image:height\" content=\"350\" \/>\n\t<meta property=\"og:image:type\" content=\"image\/png\" \/>\n<meta name=\"twitter:card\" content=\"summary_large_image\" \/>\n<meta name=\"twitter:label1\" content=\"Tempo di lettura stimato\" \/>\n\t<meta name=\"twitter:data1\" content=\"5 minuti\" \/>\n<script type=\"application\/ld+json\" class=\"yoast-schema-graph\">{\"@context\":\"https:\\\/\\\/schema.org\",\"@graph\":[{\"@type\":\"WebPage\",\"@id\":\"https:\\\/\\\/www.accuratereviews.com\\\/it\\\/project-management-online-lista-software\\\/goodday-recensione\\\/\",\"url\":\"https:\\\/\\\/www.accuratereviews.com\\\/it\\\/project-management-online-lista-software\\\/goodday-recensione\\\/\",\"name\":\"GoodDay: recensione software Project Management- Accurate Reviews\",\"isPartOf\":{\"@id\":\"https:\\\/\\\/www.accuratereviews.com\\\/it\\\/#website\"},\"primaryImageOfPage\":{\"@id\":\"https:\\\/\\\/www.accuratereviews.com\\\/it\\\/project-management-online-lista-software\\\/goodday-recensione\\\/#primaryimage\"},\"image\":{\"@id\":\"https:\\\/\\\/www.accuratereviews.com\\\/it\\\/project-management-online-lista-software\\\/goodday-recensione\\\/#primaryimage\"},\"thumbnailUrl\":\"https:\\\/\\\/www.accuratereviews.com\\\/wp-content\\\/uploads\\\/2019\\\/10\\\/logogoodday.png\",\"datePublished\":\"2019-10-21T08:13:04+00:00\",\"description\":\"GoodDay: recensione software di gestione\u00a0dei progetti\u00a0basato su cloud di facile utilizzo creato per le piccole, medie e grandi imprese di qualsiasi settore.\",\"breadcrumb\":{\"@id\":\"https:\\\/\\\/www.accuratereviews.com\\\/it\\\/project-management-online-lista-software\\\/goodday-recensione\\\/#breadcrumb\"},\"inLanguage\":\"it-IT\",\"potentialAction\":[{\"@type\":\"ReadAction\",\"target\":[\"https:\\\/\\\/www.accuratereviews.com\\\/it\\\/project-management-online-lista-software\\\/goodday-recensione\\\/\"]}]},{\"@type\":\"ImageObject\",\"inLanguage\":\"it-IT\",\"@id\":\"https:\\\/\\\/www.accuratereviews.com\\\/it\\\/project-management-online-lista-software\\\/goodday-recensione\\\/#primaryimage\",\"url\":\"https:\\\/\\\/www.accuratereviews.com\\\/wp-content\\\/uploads\\\/2019\\\/10\\\/logogoodday.png\",\"contentUrl\":\"https:\\\/\\\/www.accuratereviews.com\\\/wp-content\\\/uploads\\\/2019\\\/10\\\/logogoodday.png\",\"width\":350,\"height\":350},{\"@type\":\"BreadcrumbList\",\"@id\":\"https:\\\/\\\/www.accuratereviews.com\\\/it\\\/project-management-online-lista-software\\\/goodday-recensione\\\/#breadcrumb\",\"itemListElement\":[{\"@type\":\"ListItem\",\"position\":1,\"name\":\"Home\",\"item\":\"https:\\\/\\\/www.accuratereviews.com\\\/it\\\/\"},{\"@type\":\"ListItem\",\"position\":2,\"name\":\"Project Management Online\",\"item\":\"https:\\\/\\\/www.accuratereviews.com\\\/it\\\/project-management-online-lista-software\\\/\"},{\"@type\":\"ListItem\",\"position\":3,\"name\":\"GoodDay\"}]},{\"@type\":\"WebSite\",\"@id\":\"https:\\\/\\\/www.accuratereviews.com\\\/it\\\/#website\",\"url\":\"https:\\\/\\\/www.accuratereviews.com\\\/it\\\/\",\"name\":\"Accurate Reviews\",\"description\":\"\",\"potentialAction\":[{\"@type\":\"SearchAction\",\"target\":{\"@type\":\"EntryPoint\",\"urlTemplate\":\"https:\\\/\\\/www.accuratereviews.com\\\/it\\\/?s={search_term_string}\"},\"query-input\":{\"@type\":\"PropertyValueSpecification\",\"valueRequired\":true,\"valueName\":\"search_term_string\"}}],\"inLanguage\":\"it-IT\"}]}<\/script>\n<!-- \/ Yoast SEO plugin. -->","yoast_head_json":{"title":"GoodDay: recensione software Project Management- Accurate Reviews","description":"GoodDay: recensione software di gestione\u00a0dei progetti\u00a0basato su cloud di facile utilizzo creato per le piccole, medie e grandi imprese di qualsiasi settore.","robots":{"index":"index","follow":"follow","max-snippet":"max-snippet:-1","max-image-preview":"max-image-preview:large","max-video-preview":"max-video-preview:-1"},"canonical":"https:\/\/www.accuratereviews.com\/it\/project-management-online-lista-software\/goodday-recensione\/","og_locale":"it_IT","og_type":"article","og_title":"GoodDay: recensione software Project Management- Accurate Reviews","og_description":"GoodDay: recensione software di gestione\u00a0dei progetti\u00a0basato su cloud di facile utilizzo creato per le piccole, medie e grandi imprese di qualsiasi settore.","og_url":"https:\/\/www.accuratereviews.com\/it\/project-management-online-lista-software\/goodday-recensione\/","og_site_name":"Accurate Reviews","og_image":[{"width":350,"height":350,"url":"https:\/\/www.accuratereviews.com\/wp-content\/uploads\/2019\/10\/logogoodday.png","type":"image\/png"}],"twitter_card":"summary_large_image","twitter_misc":{"Tempo di lettura stimato":"5 minuti"},"schema":{"@context":"https:\/\/schema.org","@graph":[{"@type":"WebPage","@id":"https:\/\/www.accuratereviews.com\/it\/project-management-online-lista-software\/goodday-recensione\/","url":"https:\/\/www.accuratereviews.com\/it\/project-management-online-lista-software\/goodday-recensione\/","name":"GoodDay: recensione software Project Management- Accurate Reviews","isPartOf":{"@id":"https:\/\/www.accuratereviews.com\/it\/#website"},"primaryImageOfPage":{"@id":"https:\/\/www.accuratereviews.com\/it\/project-management-online-lista-software\/goodday-recensione\/#primaryimage"},"image":{"@id":"https:\/\/www.accuratereviews.com\/it\/project-management-online-lista-software\/goodday-recensione\/#primaryimage"},"thumbnailUrl":"https:\/\/www.accuratereviews.com\/wp-content\/uploads\/2019\/10\/logogoodday.png","datePublished":"2019-10-21T08:13:04+00:00","description":"GoodDay: recensione software di gestione\u00a0dei progetti\u00a0basato su cloud di facile utilizzo creato per le piccole, medie e grandi imprese di qualsiasi settore.","breadcrumb":{"@id":"https:\/\/www.accuratereviews.com\/it\/project-management-online-lista-software\/goodday-recensione\/#breadcrumb"},"inLanguage":"it-IT","potentialAction":[{"@type":"ReadAction","target":["https:\/\/www.accuratereviews.com\/it\/project-management-online-lista-software\/goodday-recensione\/"]}]},{"@type":"ImageObject","inLanguage":"it-IT","@id":"https:\/\/www.accuratereviews.com\/it\/project-management-online-lista-software\/goodday-recensione\/#primaryimage","url":"https:\/\/www.accuratereviews.com\/wp-content\/uploads\/2019\/10\/logogoodday.png","contentUrl":"https:\/\/www.accuratereviews.com\/wp-content\/uploads\/2019\/10\/logogoodday.png","width":350,"height":350},{"@type":"BreadcrumbList","@id":"https:\/\/www.accuratereviews.com\/it\/project-management-online-lista-software\/goodday-recensione\/#breadcrumb","itemListElement":[{"@type":"ListItem","position":1,"name":"Home","item":"https:\/\/www.accuratereviews.com\/it\/"},{"@type":"ListItem","position":2,"name":"Project Management Online","item":"https:\/\/www.accuratereviews.com\/it\/project-management-online-lista-software\/"},{"@type":"ListItem","position":3,"name":"GoodDay"}]},{"@type":"WebSite","@id":"https:\/\/www.accuratereviews.com\/it\/#website","url":"https:\/\/www.accuratereviews.com\/it\/","name":"Accurate Reviews","description":"","potentialAction":[{"@type":"SearchAction","target":{"@type":"EntryPoint","urlTemplate":"https:\/\/www.accuratereviews.com\/it\/?s={search_term_string}"},"query-input":{"@type":"PropertyValueSpecification","valueRequired":true,"valueName":"search_term_string"}}],"inLanguage":"it-IT"}]}},"_links":{"self":[{"href":"https:\/\/www.accuratereviews.com\/it\/wp-json\/wp\/v2\/pages\/19312","targetHints":{"allow":["GET"]}}],"collection":[{"href":"https:\/\/www.accuratereviews.com\/it\/wp-json\/wp\/v2\/pages"}],"about":[{"href":"https:\/\/www.accuratereviews.com\/it\/wp-json\/wp\/v2\/types\/page"}],"author":[{"embeddable":true,"href":"https:\/\/www.accuratereviews.com\/it\/wp-json\/wp\/v2\/users\/19"}],"replies":[{"embeddable":true,"href":"https:\/\/www.accuratereviews.com\/it\/wp-json\/wp\/v2\/comments?post=19312"}],"version-history":[{"count":7,"href":"https:\/\/www.accuratereviews.com\/it\/wp-json\/wp\/v2\/pages\/19312\/revisions"}],"predecessor-version":[{"id":19350,"href":"https:\/\/www.accuratereviews.com\/it\/wp-json\/wp\/v2\/pages\/19312\/revisions\/19350"}],"up":[{"embeddable":true,"href":"https:\/\/www.accuratereviews.com\/it\/wp-json\/wp\/v2\/pages\/8333"}],"wp:featuredmedia":[{"embeddable":true,"href":"https:\/\/www.accuratereviews.com\/it\/wp-json\/wp\/v2\/media\/19318"}],"wp:attachment":[{"href":"https:\/\/www.accuratereviews.com\/it\/wp-json\/wp\/v2\/media?parent=19312"}],"wp:term":[{"taxonomy":"category","embeddable":true,"href":"https:\/\/www.accuratereviews.com\/it\/wp-json\/wp\/v2\/categories?post=19312"},{"taxonomy":"post_tag","embeddable":true,"href":"https:\/\/www.accuratereviews.com\/it\/wp-json\/wp\/v2\/tags?post=19312"},{"taxonomy":"features","embeddable":true,"href":"https:\/\/www.accuratereviews.com\/it\/wp-json\/wp\/v2\/features?post=19312"}],"curies":[{"name":"wp","href":"https:\/\/api.w.org\/{rel}","templated":true}]}}