{"id":19324,"date":"2019-10-21T08:13:45","date_gmt":"2019-10-21T08:13:45","guid":{"rendered":"https:\/\/www.accuratereviews.com\/?page_id=19324"},"modified":"2019-10-21T08:13:45","modified_gmt":"2019-10-21T08:13:45","slug":"backlog-recensione","status":"publish","type":"page","link":"https:\/\/www.accuratereviews.com\/it\/project-management-online-lista-software\/backlog-recensione\/","title":{"rendered":"Backlog"},"content":{"rendered":"<p><strong>Backlog<\/strong> \u00e8 un <strong>software di gestione dei progetti<\/strong> creato per tutti i team nel settore dello sviluppo, marketing, design, IT e produzione. \u00c8 una piattaforma ospitata su<strong> cloud<\/strong> con un&#8217;opzione on-premise.\u00a0Consente agli utenti di organizzare le attivit\u00e0 in un unico posto e assegnarle ad altri team.\u00a0Il monitoraggio dell&#8217;avanzamento di un progetto tra i team sono semplificati. Si pu\u00f2 mantenere un flusso di lavoro organizzato creando una gerarchia di attivit\u00e0. Il software di localizzazione del progetto non solo ha la capacit\u00e0 di suddividere i progetti in attivit\u00e0 principali, ma anche di creare attivit\u00e0 secondarie all&#8217;interno di un compito. Le attivit\u00e0 secondarie possono essere suddivise tra i membri del team e creare liste di controllo per tenere traccia delle date di inizio e scadenza, dello stato di avanzamento e di altri aggiornamenti. Sfrutta al massimo i grafici di Gantt e Burndown per tenere traccia dei progetti con dettagli che includono date di completamento, attivit\u00e0 in corso e membri del team assegnati disponibili e rapporti generati automaticamente da entrambi i grafici. I project manager hanno anche l&#8217;autorit\u00e0 di aggiornare scadenze, assegnatari e altri dettagli del progetto dai grafici di Gantt.<\/p>\n<h2>BACKLOG &#8211; TUTORIAL<\/h2>\n<p>Il tutorial che seguir\u00e0 ci mostra come organizzare un progetto con i grafici Gantt con questo <strong>software Project Management<\/strong>:<\/p>\n<div id=\"fluid-wrapper-counter-1\" class=\"g1-fluid-wrapper \" style=\"width:686px;\">\n<div style=\"padding-bottom:56.268221574344%;\"><iframe loading=\"lazy\" title=\"Backlog- Stay Organized with Gantt Charts\" width=\"686\" height=\"386\" src=\"https:\/\/www.youtube.com\/embed\/KJsN0wyJP7Y?feature=oembed&amp;wmode=transparent&amp;autohide=1&amp;autoplay=0&amp;disablekb=0&amp;fs=1&amp;loop=0&amp;enablejsapi=1&amp;rel=0&amp;controls=2&amp;showinfo=0&amp;wmode=transparent&amp;autohide=2&amp;autoplay=0&amp;disablekb=0&amp;fs=1&amp;loop=0&amp;enablejsapi=1&amp;rel=0&amp;controls=2&amp;showinfo=1\" frameborder=\"0\" allow=\"accelerometer; autoplay; encrypted-media; gyroscope; picture-in-picture\" allowfullscreen><\/iframe><\/div>\n<\/div>\n<h3>BACKLOG &#8211; CARATTERISTICHE<\/h3>\n<ul>\n<li><strong>Wiki<\/strong>: Tieni a portata di mano i dettagli del progetto. Crea wiki per consentire a tutti i membri del progetto di accedere, modificare e scaricare i nuovi dettagli del lavoro<\/li>\n<li><strong>Grafici di Gantt<\/strong>: visualizza la sequenza temporale con una panoramica rapida e di alto livello dell&#8217;intero progetto. Migliore pianificazione del progetto per risultati migliori<\/li>\n<li><strong>Campi personalizzati<\/strong>: crea categorie personalizzate che si adattano al flusso di lavoro del tuo team come storie degli utenti, lead, eventi e altro ancora<\/li>\n<li><strong>Gerarchia dei compiti<\/strong>: prendi pi\u00f9 controllo sulla gestione delle attivit\u00e0 con la gerarchia delle attivit\u00e0. Il programma consente di creare facilmente attivit\u00e0 primarie e secondarie per un flusso di lavoro organizzato<\/li>\n<li><strong>Condivisione di file<\/strong>: conserva tutti i file di progetto correlati in un&#8217;area di lavoro. Allegare file ai commenti o caricarli in cartelle<\/li>\n<li><strong>Notifiche<\/strong>: informare membri specifici del team quando qualcosa richiede la loro attenzione. Invia notifiche quando crei un&#8217;attivit\u00e0, aggiorni un wiki, pubblica un commento e altro<\/li>\n<li><strong>App mobili<\/strong>: Crea, commenta e aggiorna le attivit\u00e0 in ogni momento e in ogni luogo con le app native di iOS e Android. Sono gratuite e si sincronizzano automaticamente con il tuo spazio di lavoro online<\/li>\n<li><strong>Controllo dell&#8217;indirizzo IP:<\/strong> migliora la tua sicurezza con le restrizioni IP. Gestisci facilmente chi accede al tuo spazio di lavoro e da dove per un migliore controllo delle informazioni.<\/li>\n<\/ul>\n<h4>LE RECENSIONI DEGLI UTENTI<\/h4>\n<h4>Jim H. &#8220;Ottimo software di collaborazione&#8221;<\/h4>\n<p><strong>Nel complesso<\/strong>: l&#8217;interfaccia utente \u00e8 facile da usare. I problemi sono chiaramente tracciati. Gestione affidabile degli allegati. Le notifiche e-mail sono efficaci e chiare. La personalizzazione dell&#8217;icona \u00e8 un bel tocco.<br \/>\n<strong>Pro<\/strong>: sto risolvendo problemi relativi alla progettazione e allo sviluppo del software. Lavoriamo in diversi fusi orari e BackLog \u00e8 ottimo per i nostri progetti internazionali. Insieme al software collaborativo in tempo reale, siamo in grado di utilizzare BackLog per l&#8217;organizzazione di progetti di alto livello.<br \/>\n<strong>Contro<\/strong>: lavorare con l&#8217;app per smartphone non \u00e8 cos\u00ec utile poich\u00e9 la versione del browser \u00e8 cos\u00ec ben progettata. A volte ingombrante anche quando si passa da un progetto all&#8217;altro. Nessuna chat in tempo reale. Vorrei che ci fossero pi\u00f9 opzioni di markdown per la formattazione.<\/p>\n<h4>Daniel O. &#8220;All&#8217;inizio Backlog sembra un po &#8216;troppo, ma ora il nostro team non ha potuto funzionare senza.&#8221;<\/h4>\n<p><strong>Complessivamente<\/strong>: flusso di lavoro semplificato e capacit\u00e0 di vedere chi \u00e8 responsabile di cosa e dove sono i progetti.\u00a0Ci aiuta a rimanere in pista e a mantenere i progetti in budget e in tempo.<br \/>\n<strong>Pro<\/strong>: \u00e8 orientato alle attivit\u00e0 senza sentirsi un peso. Altri strumenti di gestione del progetto che ho usato sembrano elenchi glorificati, ma Backlog offre molto di pi\u00f9.\u00a0Coinvolgere la tua squadra \u00e8 difficile, ma il flusso di utilizzo di Backlog ha senso e diventa naturale per noi. Lavoriamo al 100% da remoto, quindi se non funzionasse sapremmo subito che qualcosa non va.<br \/>\n<strong>Contro<\/strong>: Per noi, uno dei punti di forza di Backlog sono le integrazioni con Typetalk. Usiamo entrambi ma io faccio con loro erano pi\u00f9 strettamente integrati.\u00a0Ad esempio, semplicemente usando at menzioni su Backlog. I messaggi provenienti da problemi di Backlog vanno a Typetalk e usiamo @username per creare un avviso su Typetalk contemporaneamente.\u00a0Questo potrebbe essere particolare per il nostro team, ma \u00e8 davvero utile. Quando scrivo (@) su un commento o una descrizione di Backlog, voglio mostrare l&#8217;elenco dei nomi utente.<\/p>\n<h4>Ivan B. \u201cbacklog.com meglio di molti sistemi&#8221; Goliath &#8220;\u201d<\/h4>\n<p><strong>Complessivamente<\/strong>: usiamo backlog.com come strumento globale di monitoraggio e gestione dei progetti per i nostri progetti, attivit\u00e0 di supporto e attivit\u00e0 di manutenzione che forniamo ai nostri clienti. Abbiamo selezionato backlog.com dopo aver valutato molti altri strumenti (come Jira, tracker pivotal ecc.) E backlog.com \u00e8 diventato il chiaro vincitore. Perch\u00e9 ? Perch\u00e9 questo strumento combina le migliori caratteristiche di tutti gli altri strumenti pur essendo pulito e semplice. Backlog.com lo sta dimostrando al nostro uso quotidiano da 1 anno circa. Molto bene. Grazie.<br \/>\n<strong>Pro<\/strong>: design accurato che supporta facilit\u00e0 d&#8217;uso tutte le funzioni necessarie disponibili con un clic eccellente per un approccio agile amministrazione chiara e semplice di progetti, persone, ecc. Integrazione con email e MS Excel (esportazioni) subtasando senza tempo per iniziare e sfruttare lo strumento applicazione autonoma di progettazione rapida e reattiva degli utenti per iOS<br \/>\n<strong>Contro<\/strong>: niente di essenziale forse pi\u00f9 spazio di archiviazione incluso nei piani migliore numerazione delle attivit\u00e0 secondarie (per includere il numero di problema principale)<\/p>\n<p>&nbsp;<\/p>\n","protected":false},"excerpt":{"rendered":"<p>Backlog \u00e8 un software di gestione dei progetti creato per tutti i team nel settore dello sviluppo, marketing, design, IT e produzione. \u00c8 una piattaforma ospitata su cloud con un&#8217;opzione on-premise.\u00a0Consente agli utenti di organizzare le attivit\u00e0 in un unico posto e assegnarle ad altri team.\u00a0Il monitoraggio dell&#8217;avanzamento di un progetto tra i team sono semplificati.<\/p>\n","protected":false},"author":19,"featured_media":19326,"parent":8333,"menu_order":0,"comment_status":"open","ping_status":"closed","template":"g1_template_page_review_new.php","meta":{"_acf_changed":false,"cwp_meta_box_check":"Yes","cwp_rev_product_name":"","cwp_rev_product_image":"","wppr_links":[],"cwp_rev_price":"","wppr_options":[],"wppr_pros":[],"wppr_cons":[],"_monsterinsights_skip_tracking":false,"_monsterinsights_sitenote_active":false,"_monsterinsights_sitenote_note":"","_monsterinsights_sitenote_category":0,"footnotes":""},"categories":[172],"tags":[1387,396,1312,1310,1314,1319,1309,1363,1320],"features":[],"class_list":{"0":"post-19324","1":"page","2":"type-page","3":"status-publish","4":"has-post-thumbnail","6":"category-online-project-management-it","7":"tag-backlog","8":"tag-cloud","9":"tag-programma-gestione-progetti","10":"tag-programma-project-management","11":"tag-project-management-software","12":"tag-software-gestione-progetti","13":"tag-software-project-management","14":"tag-soluzione-gestione-progetti","15":"tag-soluzione-project-management"},"wppr_data":{"cwp_meta_box_check":"Yes","cwp_rev_product_name":"","cwp_rev_product_image":"","cwp_image_link":"image","cwp_rev_price":"","wppr_rating":"0.00"},"acf":[],"yoast_head":"<!-- This site is optimized with the Yoast SEO plugin v27.4 - https:\/\/yoast.com\/product\/yoast-seo-wordpress\/ -->\n<title>Backlog: recensione software Project Management- Accurate Reviews<\/title>\n<meta name=\"description\" content=\"Backlog: recensione soluzione gestione dei progetti che mira a migliorare la collaborazione, il coordinamento e la comunicazione tra membri di una squadra.\" \/>\n<meta name=\"robots\" content=\"index, follow, max-snippet:-1, max-image-preview:large, max-video-preview:-1\" \/>\n<link rel=\"canonical\" href=\"https:\/\/www.accuratereviews.com\/it\/project-management-online-lista-software\/backlog-recensione\/\" \/>\n<meta property=\"og:locale\" content=\"it_IT\" \/>\n<meta property=\"og:type\" content=\"article\" \/>\n<meta property=\"og:title\" content=\"Backlog: recensione software Project Management- Accurate Reviews\" \/>\n<meta property=\"og:description\" content=\"Backlog: recensione soluzione gestione dei progetti che mira a migliorare la collaborazione, il coordinamento e la comunicazione tra membri di una squadra.\" \/>\n<meta property=\"og:url\" content=\"https:\/\/www.accuratereviews.com\/it\/project-management-online-lista-software\/backlog-recensione\/\" \/>\n<meta property=\"og:site_name\" content=\"Accurate Reviews\" \/>\n<meta property=\"og:image\" content=\"https:\/\/www.accuratereviews.com\/wp-content\/uploads\/2019\/10\/Backlog.png\" \/>\n\t<meta property=\"og:image:width\" content=\"900\" \/>\n\t<meta property=\"og:image:height\" content=\"600\" \/>\n\t<meta property=\"og:image:type\" content=\"image\/png\" \/>\n<meta name=\"twitter:card\" content=\"summary_large_image\" \/>\n<meta name=\"twitter:label1\" content=\"Tempo di lettura stimato\" \/>\n\t<meta name=\"twitter:data1\" content=\"5 minuti\" \/>\n<script type=\"application\/ld+json\" class=\"yoast-schema-graph\">{\"@context\":\"https:\\\/\\\/schema.org\",\"@graph\":[{\"@type\":\"WebPage\",\"@id\":\"https:\\\/\\\/www.accuratereviews.com\\\/it\\\/project-management-online-lista-software\\\/backlog-recensione\\\/\",\"url\":\"https:\\\/\\\/www.accuratereviews.com\\\/it\\\/project-management-online-lista-software\\\/backlog-recensione\\\/\",\"name\":\"Backlog: recensione software Project Management- Accurate Reviews\",\"isPartOf\":{\"@id\":\"https:\\\/\\\/www.accuratereviews.com\\\/it\\\/#website\"},\"primaryImageOfPage\":{\"@id\":\"https:\\\/\\\/www.accuratereviews.com\\\/it\\\/project-management-online-lista-software\\\/backlog-recensione\\\/#primaryimage\"},\"image\":{\"@id\":\"https:\\\/\\\/www.accuratereviews.com\\\/it\\\/project-management-online-lista-software\\\/backlog-recensione\\\/#primaryimage\"},\"thumbnailUrl\":\"https:\\\/\\\/www.accuratereviews.com\\\/wp-content\\\/uploads\\\/2019\\\/10\\\/Backlog.png\",\"datePublished\":\"2019-10-21T08:13:45+00:00\",\"description\":\"Backlog: recensione soluzione gestione dei progetti che mira a migliorare la collaborazione, il coordinamento e la comunicazione tra membri di una squadra.\",\"breadcrumb\":{\"@id\":\"https:\\\/\\\/www.accuratereviews.com\\\/it\\\/project-management-online-lista-software\\\/backlog-recensione\\\/#breadcrumb\"},\"inLanguage\":\"it-IT\",\"potentialAction\":[{\"@type\":\"ReadAction\",\"target\":[\"https:\\\/\\\/www.accuratereviews.com\\\/it\\\/project-management-online-lista-software\\\/backlog-recensione\\\/\"]}]},{\"@type\":\"ImageObject\",\"inLanguage\":\"it-IT\",\"@id\":\"https:\\\/\\\/www.accuratereviews.com\\\/it\\\/project-management-online-lista-software\\\/backlog-recensione\\\/#primaryimage\",\"url\":\"https:\\\/\\\/www.accuratereviews.com\\\/wp-content\\\/uploads\\\/2019\\\/10\\\/Backlog.png\",\"contentUrl\":\"https:\\\/\\\/www.accuratereviews.com\\\/wp-content\\\/uploads\\\/2019\\\/10\\\/Backlog.png\",\"width\":900,\"height\":600},{\"@type\":\"BreadcrumbList\",\"@id\":\"https:\\\/\\\/www.accuratereviews.com\\\/it\\\/project-management-online-lista-software\\\/backlog-recensione\\\/#breadcrumb\",\"itemListElement\":[{\"@type\":\"ListItem\",\"position\":1,\"name\":\"Home\",\"item\":\"https:\\\/\\\/www.accuratereviews.com\\\/it\\\/\"},{\"@type\":\"ListItem\",\"position\":2,\"name\":\"Project Management Online\",\"item\":\"https:\\\/\\\/www.accuratereviews.com\\\/it\\\/project-management-online-lista-software\\\/\"},{\"@type\":\"ListItem\",\"position\":3,\"name\":\"Backlog\"}]},{\"@type\":\"WebSite\",\"@id\":\"https:\\\/\\\/www.accuratereviews.com\\\/it\\\/#website\",\"url\":\"https:\\\/\\\/www.accuratereviews.com\\\/it\\\/\",\"name\":\"Accurate Reviews\",\"description\":\"\",\"potentialAction\":[{\"@type\":\"SearchAction\",\"target\":{\"@type\":\"EntryPoint\",\"urlTemplate\":\"https:\\\/\\\/www.accuratereviews.com\\\/it\\\/?s={search_term_string}\"},\"query-input\":{\"@type\":\"PropertyValueSpecification\",\"valueRequired\":true,\"valueName\":\"search_term_string\"}}],\"inLanguage\":\"it-IT\"}]}<\/script>\n<!-- \/ Yoast SEO plugin. -->","yoast_head_json":{"title":"Backlog: recensione software Project Management- Accurate Reviews","description":"Backlog: recensione soluzione gestione dei progetti che mira a migliorare la collaborazione, il coordinamento e la comunicazione tra membri di una squadra.","robots":{"index":"index","follow":"follow","max-snippet":"max-snippet:-1","max-image-preview":"max-image-preview:large","max-video-preview":"max-video-preview:-1"},"canonical":"https:\/\/www.accuratereviews.com\/it\/project-management-online-lista-software\/backlog-recensione\/","og_locale":"it_IT","og_type":"article","og_title":"Backlog: recensione software Project Management- Accurate Reviews","og_description":"Backlog: recensione soluzione gestione dei progetti che mira a migliorare la collaborazione, il coordinamento e la comunicazione tra membri di una squadra.","og_url":"https:\/\/www.accuratereviews.com\/it\/project-management-online-lista-software\/backlog-recensione\/","og_site_name":"Accurate Reviews","og_image":[{"width":900,"height":600,"url":"https:\/\/www.accuratereviews.com\/wp-content\/uploads\/2019\/10\/Backlog.png","type":"image\/png"}],"twitter_card":"summary_large_image","twitter_misc":{"Tempo di lettura stimato":"5 minuti"},"schema":{"@context":"https:\/\/schema.org","@graph":[{"@type":"WebPage","@id":"https:\/\/www.accuratereviews.com\/it\/project-management-online-lista-software\/backlog-recensione\/","url":"https:\/\/www.accuratereviews.com\/it\/project-management-online-lista-software\/backlog-recensione\/","name":"Backlog: recensione software Project Management- Accurate Reviews","isPartOf":{"@id":"https:\/\/www.accuratereviews.com\/it\/#website"},"primaryImageOfPage":{"@id":"https:\/\/www.accuratereviews.com\/it\/project-management-online-lista-software\/backlog-recensione\/#primaryimage"},"image":{"@id":"https:\/\/www.accuratereviews.com\/it\/project-management-online-lista-software\/backlog-recensione\/#primaryimage"},"thumbnailUrl":"https:\/\/www.accuratereviews.com\/wp-content\/uploads\/2019\/10\/Backlog.png","datePublished":"2019-10-21T08:13:45+00:00","description":"Backlog: recensione soluzione gestione dei progetti che mira a migliorare la collaborazione, il coordinamento e la comunicazione tra membri di una squadra.","breadcrumb":{"@id":"https:\/\/www.accuratereviews.com\/it\/project-management-online-lista-software\/backlog-recensione\/#breadcrumb"},"inLanguage":"it-IT","potentialAction":[{"@type":"ReadAction","target":["https:\/\/www.accuratereviews.com\/it\/project-management-online-lista-software\/backlog-recensione\/"]}]},{"@type":"ImageObject","inLanguage":"it-IT","@id":"https:\/\/www.accuratereviews.com\/it\/project-management-online-lista-software\/backlog-recensione\/#primaryimage","url":"https:\/\/www.accuratereviews.com\/wp-content\/uploads\/2019\/10\/Backlog.png","contentUrl":"https:\/\/www.accuratereviews.com\/wp-content\/uploads\/2019\/10\/Backlog.png","width":900,"height":600},{"@type":"BreadcrumbList","@id":"https:\/\/www.accuratereviews.com\/it\/project-management-online-lista-software\/backlog-recensione\/#breadcrumb","itemListElement":[{"@type":"ListItem","position":1,"name":"Home","item":"https:\/\/www.accuratereviews.com\/it\/"},{"@type":"ListItem","position":2,"name":"Project Management Online","item":"https:\/\/www.accuratereviews.com\/it\/project-management-online-lista-software\/"},{"@type":"ListItem","position":3,"name":"Backlog"}]},{"@type":"WebSite","@id":"https:\/\/www.accuratereviews.com\/it\/#website","url":"https:\/\/www.accuratereviews.com\/it\/","name":"Accurate Reviews","description":"","potentialAction":[{"@type":"SearchAction","target":{"@type":"EntryPoint","urlTemplate":"https:\/\/www.accuratereviews.com\/it\/?s={search_term_string}"},"query-input":{"@type":"PropertyValueSpecification","valueRequired":true,"valueName":"search_term_string"}}],"inLanguage":"it-IT"}]}},"_links":{"self":[{"href":"https:\/\/www.accuratereviews.com\/it\/wp-json\/wp\/v2\/pages\/19324","targetHints":{"allow":["GET"]}}],"collection":[{"href":"https:\/\/www.accuratereviews.com\/it\/wp-json\/wp\/v2\/pages"}],"about":[{"href":"https:\/\/www.accuratereviews.com\/it\/wp-json\/wp\/v2\/types\/page"}],"author":[{"embeddable":true,"href":"https:\/\/www.accuratereviews.com\/it\/wp-json\/wp\/v2\/users\/19"}],"replies":[{"embeddable":true,"href":"https:\/\/www.accuratereviews.com\/it\/wp-json\/wp\/v2\/comments?post=19324"}],"version-history":[{"count":11,"href":"https:\/\/www.accuratereviews.com\/it\/wp-json\/wp\/v2\/pages\/19324\/revisions"}],"predecessor-version":[{"id":19352,"href":"https:\/\/www.accuratereviews.com\/it\/wp-json\/wp\/v2\/pages\/19324\/revisions\/19352"}],"up":[{"embeddable":true,"href":"https:\/\/www.accuratereviews.com\/it\/wp-json\/wp\/v2\/pages\/8333"}],"wp:featuredmedia":[{"embeddable":true,"href":"https:\/\/www.accuratereviews.com\/it\/wp-json\/wp\/v2\/media\/19326"}],"wp:attachment":[{"href":"https:\/\/www.accuratereviews.com\/it\/wp-json\/wp\/v2\/media?parent=19324"}],"wp:term":[{"taxonomy":"category","embeddable":true,"href":"https:\/\/www.accuratereviews.com\/it\/wp-json\/wp\/v2\/categories?post=19324"},{"taxonomy":"post_tag","embeddable":true,"href":"https:\/\/www.accuratereviews.com\/it\/wp-json\/wp\/v2\/tags?post=19324"},{"taxonomy":"features","embeddable":true,"href":"https:\/\/www.accuratereviews.com\/it\/wp-json\/wp\/v2\/features?post=19324"}],"curies":[{"name":"wp","href":"https:\/\/api.w.org\/{rel}","templated":true}]}}