{"id":19344,"date":"2019-10-21T10:50:39","date_gmt":"2019-10-21T10:50:39","guid":{"rendered":"https:\/\/www.accuratereviews.com\/?page_id=19344"},"modified":"2019-10-21T10:50:39","modified_gmt":"2019-10-21T10:50:39","slug":"zoho-sprints-recensione","status":"publish","type":"page","link":"https:\/\/www.accuratereviews.com\/it\/project-management-online-lista-software\/zoho-sprints-recensione\/","title":{"rendered":"Zoho Sprints"},"content":{"rendered":"<p><strong>Zoho Sprints<\/strong> \u00e8 un programma di<strong> project management<\/strong> progettato principalmente per team di tutte le dimensioni per <strong>pianificare e seguire i progetti<\/strong> in modo Agile. Si tratta di una <strong>piattaforma online<\/strong> che ti permette di tenere sotto controllo i programmi, le attivit\u00e0 e gli obiettivi in modo tale da vedere come e in quanto tempo questi vengono svolti e raggiunti. Potrai utilizzare i numerosi strumenti che questo software mette a tua disposizione, come ad esempio i <strong>grafici burn-up e burn-down<\/strong>, e potrai collaborare con i tuoi colleghi in modo semplice e diretto, assegnando loro dei compiti da svolgere. Zoho Sprints \u00e8 anche compatibile con i <strong>dispositivi mobile iOS e Android<\/strong>.<\/p>\n<h2>COME UTILIZZARE ZOHO SPRINTS &#8211; TUTORIAL<\/h2>\n<p>Ecco un video tutorial che ci mostra come funziona questa programma:<\/p>\n<div id=\"fluid-wrapper-counter-1\" class=\"g1-fluid-wrapper \" style=\"width:686px;\">\n<div style=\"padding-bottom:56.268221574344%;\"><iframe loading=\"lazy\" title=\"Getting Started with Zoho Sprints\" width=\"515\" height=\"386\" src=\"https:\/\/www.youtube.com\/embed\/b9rgVyP_N2Q?feature=oembed&amp;wmode=transparent&amp;autohide=1&amp;autoplay=0&amp;disablekb=0&amp;fs=1&amp;loop=0&amp;enablejsapi=1&amp;rel=0&amp;controls=2&amp;showinfo=0&amp;wmode=transparent&amp;autohide=2&amp;autoplay=0&amp;disablekb=0&amp;fs=1&amp;loop=0&amp;enablejsapi=1&amp;rel=0&amp;controls=2&amp;showinfo=1\" frameborder=\"0\" allow=\"accelerometer; autoplay; encrypted-media; gyroscope; picture-in-picture\" allowfullscreen><\/iframe><\/div>\n<\/div>\n<h3>ZOHO SPRINTS &#8211; CARATTERISTICHE<\/h3>\n<p>Di seguito elenchiamo le sue maggiori funzionalit\u00e0:<\/p>\n<p>&nbsp;<\/p>\n<ul>\n<li><strong>Scrum Board<\/strong>: ti consente di visualizzare tutto il lavoro in ogni sprint, in modo che tutti possano vedere i progressi per ogni attivit\u00e0<\/li>\n<li><strong>Epics<\/strong>: organizza gli elementi di lavoro su pi\u00f9 sprint con un obiettivo comune e tieni traccia dell&#8217;avanzamento di tutti gli sprint<\/li>\n<li><strong>Scheda attivit\u00e0<\/strong>: tutti gli utenti possono registrare ore fatturabili e non fatturabili per ogni elemento di lavoro con Timesheet<\/li>\n<li><strong>Dashboard<\/strong>: ottieni una rapida panoramica dei tuoi progetti per visualizzare lo stato di completamento, vedere un grafico completo delle attivit\u00e0 di sprint<\/li>\n<li><strong>Report<\/strong>: continua a migliorare con le analisi generando automaticamente diagrammi di velocit\u00e0 e report in modo che il tuo team sappia dove risiede l&#8217;efficienza<\/li>\n<li><strong>Comunicazione e collaborazione con il team<\/strong>: il modulo Meetings completo ti consente di pianificare revisioni sprint, retrospettive e automatizzare promemoria stand-up giornalieri con il tuo team<\/li>\n<li><strong>Feed<\/strong>: pubblica stati e commenti sul feed per tenere discussioni online<\/li>\n<li><strong>Personalizzazione<\/strong>: personalizza i tuoi progetti in base alle esigenze del tuo team e fornisci il contesto necessario.<\/li>\n<\/ul>\n<h3>LE RECENSIONI DEGLI UTENTI<\/h3>\n<ul>\n<li><strong>&#8220;La migliore soluzione di gestione dei progetti agile mai costruita!&#8221;<\/strong><\/li>\n<li>IN GENERALE: abbiamo utilizzato Zoho Projects e per il nostro modello di sviluppo, questa \u00e8 stata la scelta migliore. Siamo passati a Sprint e lo adoriamo pi\u00f9 che mai. Questo prodotto ha aumentato notevolmente la produttivit\u00e0 dell&#8217;intero team.<br \/>\nPRO: incredibilmente facile da usare e veloce. Aggiornamenti molto rapidi e nuove funzionalit\u00e0. Ideale per le startup che lavorano dalle applicazioni software pi\u00f9 semplici a quelle pi\u00f9 complesse. Incredibili opzioni di personalizzazione, splendidamente strutturate con un&#8217;interfaccia utente pulita. Supporto rapido e risoluzione perfetta per le query.<br \/>\nCONTRO: Niente di specifico, ma non vediamo l&#8217;ora di ottenere alcune funzioni amichevoli come schede attivit\u00e0 cumulative nel progetto per un utente. \u00c8 molto fastidioso calcolare la scheda attivit\u00e0 di ogni singolo utente per conoscere le prestazioni di un mese.<\/li>\n<li><strong>&#8220;Esperienza di prova di Zoho Sprints&#8221;<br \/>\n<\/strong>IN GENERALE: -Siamo una piccola azienda che richiede una sorta di tracciamento SDLC ma nulla di grande livello. Usiamo la metodologia AGILE e Zoho Sprints sembra molto buono per questo.<br \/>\nPRO: l&#8217;intera applicazione \u00e8 costruita da zero per prendersi cura della metodologia AGILE<br \/>\nCONTRO: Niente al momento. Penso che l&#8217;integrazione di Zendesk sia strana da Zoho a Zendesk e bidirezionale con Zendesk come pilota<\/li>\n<li><strong>&#8220;Rende il mio progetto visibile e agile&#8221;<br \/>\n<\/strong>IN GENERALE: stiamo vivendo una buona esperienza. Risolve il nostro modo di vedere e comunicare sul progetto. Tutti sulla piattaforma potevano capire cosa e quando farlo in modo semplice. Ottimo per progetti di grandi dimensioni che devono essere suddivisi in pi\u00f9 attivit\u00e0.<br \/>\nPRO: molti modi in cui puoi vedere un&#8217;attivit\u00e0. Il compito stesso, all&#8217;interno di un&#8217;epics, come parte di uno Sprint e associato a qualcuno.<br \/>\nCONTRO: il prezzo per utente. Abbiamo una piccola startup e potremmo avere qualche sconto da usare. Per noi in Brasile pagare in dollari rende il prezzo ancora pi\u00f9 alto.<\/li>\n<\/ul>\n","protected":false},"excerpt":{"rendered":"<p>Zoho Sprints \u00e8 un programma di project management progettato principalmente per team di tutte le dimensioni per pianificare e seguire i progetti in modo Agile. Si tratta di una piattaforma online che ti permette di tenere sotto controllo i programmi, le attivit\u00e0 e gli obiettivi in modo tale da vedere come e in quanto tempo questi vengono svolti e raggiunti.<\/p>\n","protected":false},"author":17,"featured_media":19346,"parent":8333,"menu_order":0,"comment_status":"open","ping_status":"closed","template":"g1_template_page_review_new.php","meta":{"_acf_changed":false,"cwp_meta_box_check":"Yes","cwp_rev_product_name":"","cwp_rev_product_image":"","wppr_links":[],"cwp_rev_price":"","wppr_options":[],"wppr_pros":[],"wppr_cons":[],"_monsterinsights_skip_tracking":false,"_monsterinsights_sitenote_active":false,"_monsterinsights_sitenote_note":"","_monsterinsights_sitenote_category":0,"footnotes":""},"categories":[172],"tags":[1324,1316,1310,1314],"features":[],"class_list":{"0":"post-19344","1":"page","2":"type-page","3":"status-publish","4":"has-post-thumbnail","6":"category-online-project-management-it","7":"tag-gestione-dei-progetti","8":"tag-online-project-management","9":"tag-programma-project-management","10":"tag-project-management-software"},"wppr_data":{"cwp_meta_box_check":"Yes","cwp_rev_product_name":"","cwp_rev_product_image":"","cwp_image_link":"image","cwp_rev_price":"","wppr_rating":"0.00"},"acf":[],"yoast_head":"<!-- This site is optimized with the Yoast SEO plugin v27.4 - https:\/\/yoast.com\/product\/yoast-seo-wordpress\/ -->\n<title>Zoho Sprints: recensione programma - Accurate Reviews<\/title>\n<meta name=\"description\" content=\"Zoho Sprints: recensione del programma di project management progettato principalmente per team di tutte le dimensioni per pianificare e seguire i progetti.\" \/>\n<meta name=\"robots\" content=\"index, follow, max-snippet:-1, max-image-preview:large, max-video-preview:-1\" \/>\n<link rel=\"canonical\" href=\"https:\/\/www.accuratereviews.com\/it\/project-management-online-lista-software\/zoho-sprints-recensione\/\" \/>\n<meta property=\"og:locale\" content=\"it_IT\" \/>\n<meta property=\"og:type\" content=\"article\" \/>\n<meta property=\"og:title\" content=\"Zoho Sprints: recensione programma - Accurate Reviews\" \/>\n<meta property=\"og:description\" content=\"Zoho Sprints: recensione del programma di project management progettato principalmente per team di tutte le dimensioni per pianificare e seguire i progetti.\" \/>\n<meta property=\"og:url\" content=\"https:\/\/www.accuratereviews.com\/it\/project-management-online-lista-software\/zoho-sprints-recensione\/\" \/>\n<meta property=\"og:site_name\" content=\"Accurate Reviews\" \/>\n<meta property=\"og:image\" content=\"https:\/\/www.accuratereviews.com\/wp-content\/uploads\/2019\/10\/Zoho-Sprints-420x320-20190212.png\" \/>\n\t<meta property=\"og:image:width\" content=\"420\" \/>\n\t<meta property=\"og:image:height\" content=\"320\" \/>\n\t<meta property=\"og:image:type\" content=\"image\/png\" \/>\n<meta name=\"twitter:card\" content=\"summary_large_image\" \/>\n<meta name=\"twitter:label1\" content=\"Tempo di lettura stimato\" \/>\n\t<meta name=\"twitter:data1\" content=\"3 minuti\" \/>\n<script type=\"application\/ld+json\" class=\"yoast-schema-graph\">{\"@context\":\"https:\\\/\\\/schema.org\",\"@graph\":[{\"@type\":\"WebPage\",\"@id\":\"https:\\\/\\\/www.accuratereviews.com\\\/it\\\/project-management-online-lista-software\\\/zoho-sprints-recensione\\\/\",\"url\":\"https:\\\/\\\/www.accuratereviews.com\\\/it\\\/project-management-online-lista-software\\\/zoho-sprints-recensione\\\/\",\"name\":\"Zoho Sprints: recensione programma - Accurate Reviews\",\"isPartOf\":{\"@id\":\"https:\\\/\\\/www.accuratereviews.com\\\/it\\\/#website\"},\"primaryImageOfPage\":{\"@id\":\"https:\\\/\\\/www.accuratereviews.com\\\/it\\\/project-management-online-lista-software\\\/zoho-sprints-recensione\\\/#primaryimage\"},\"image\":{\"@id\":\"https:\\\/\\\/www.accuratereviews.com\\\/it\\\/project-management-online-lista-software\\\/zoho-sprints-recensione\\\/#primaryimage\"},\"thumbnailUrl\":\"https:\\\/\\\/www.accuratereviews.com\\\/wp-content\\\/uploads\\\/2019\\\/10\\\/Zoho-Sprints-420x320-20190212.png\",\"datePublished\":\"2019-10-21T10:50:39+00:00\",\"description\":\"Zoho Sprints: recensione del programma di project management progettato principalmente per team di tutte le dimensioni per pianificare e seguire i progetti.\",\"breadcrumb\":{\"@id\":\"https:\\\/\\\/www.accuratereviews.com\\\/it\\\/project-management-online-lista-software\\\/zoho-sprints-recensione\\\/#breadcrumb\"},\"inLanguage\":\"it-IT\",\"potentialAction\":[{\"@type\":\"ReadAction\",\"target\":[\"https:\\\/\\\/www.accuratereviews.com\\\/it\\\/project-management-online-lista-software\\\/zoho-sprints-recensione\\\/\"]}]},{\"@type\":\"ImageObject\",\"inLanguage\":\"it-IT\",\"@id\":\"https:\\\/\\\/www.accuratereviews.com\\\/it\\\/project-management-online-lista-software\\\/zoho-sprints-recensione\\\/#primaryimage\",\"url\":\"https:\\\/\\\/www.accuratereviews.com\\\/wp-content\\\/uploads\\\/2019\\\/10\\\/Zoho-Sprints-420x320-20190212.png\",\"contentUrl\":\"https:\\\/\\\/www.accuratereviews.com\\\/wp-content\\\/uploads\\\/2019\\\/10\\\/Zoho-Sprints-420x320-20190212.png\",\"width\":420,\"height\":320},{\"@type\":\"BreadcrumbList\",\"@id\":\"https:\\\/\\\/www.accuratereviews.com\\\/it\\\/project-management-online-lista-software\\\/zoho-sprints-recensione\\\/#breadcrumb\",\"itemListElement\":[{\"@type\":\"ListItem\",\"position\":1,\"name\":\"Home\",\"item\":\"https:\\\/\\\/www.accuratereviews.com\\\/it\\\/\"},{\"@type\":\"ListItem\",\"position\":2,\"name\":\"Project Management Online\",\"item\":\"https:\\\/\\\/www.accuratereviews.com\\\/it\\\/project-management-online-lista-software\\\/\"},{\"@type\":\"ListItem\",\"position\":3,\"name\":\"Zoho Sprints\"}]},{\"@type\":\"WebSite\",\"@id\":\"https:\\\/\\\/www.accuratereviews.com\\\/it\\\/#website\",\"url\":\"https:\\\/\\\/www.accuratereviews.com\\\/it\\\/\",\"name\":\"Accurate Reviews\",\"description\":\"\",\"potentialAction\":[{\"@type\":\"SearchAction\",\"target\":{\"@type\":\"EntryPoint\",\"urlTemplate\":\"https:\\\/\\\/www.accuratereviews.com\\\/it\\\/?s={search_term_string}\"},\"query-input\":{\"@type\":\"PropertyValueSpecification\",\"valueRequired\":true,\"valueName\":\"search_term_string\"}}],\"inLanguage\":\"it-IT\"}]}<\/script>\n<!-- \/ Yoast SEO plugin. -->","yoast_head_json":{"title":"Zoho Sprints: recensione programma - Accurate Reviews","description":"Zoho Sprints: recensione del programma di project management progettato principalmente per team di tutte le dimensioni per pianificare e seguire i progetti.","robots":{"index":"index","follow":"follow","max-snippet":"max-snippet:-1","max-image-preview":"max-image-preview:large","max-video-preview":"max-video-preview:-1"},"canonical":"https:\/\/www.accuratereviews.com\/it\/project-management-online-lista-software\/zoho-sprints-recensione\/","og_locale":"it_IT","og_type":"article","og_title":"Zoho Sprints: recensione programma - Accurate Reviews","og_description":"Zoho Sprints: recensione del programma di project management progettato principalmente per team di tutte le dimensioni per pianificare e seguire i progetti.","og_url":"https:\/\/www.accuratereviews.com\/it\/project-management-online-lista-software\/zoho-sprints-recensione\/","og_site_name":"Accurate Reviews","og_image":[{"width":420,"height":320,"url":"https:\/\/www.accuratereviews.com\/wp-content\/uploads\/2019\/10\/Zoho-Sprints-420x320-20190212.png","type":"image\/png"}],"twitter_card":"summary_large_image","twitter_misc":{"Tempo di lettura stimato":"3 minuti"},"schema":{"@context":"https:\/\/schema.org","@graph":[{"@type":"WebPage","@id":"https:\/\/www.accuratereviews.com\/it\/project-management-online-lista-software\/zoho-sprints-recensione\/","url":"https:\/\/www.accuratereviews.com\/it\/project-management-online-lista-software\/zoho-sprints-recensione\/","name":"Zoho Sprints: recensione programma - Accurate Reviews","isPartOf":{"@id":"https:\/\/www.accuratereviews.com\/it\/#website"},"primaryImageOfPage":{"@id":"https:\/\/www.accuratereviews.com\/it\/project-management-online-lista-software\/zoho-sprints-recensione\/#primaryimage"},"image":{"@id":"https:\/\/www.accuratereviews.com\/it\/project-management-online-lista-software\/zoho-sprints-recensione\/#primaryimage"},"thumbnailUrl":"https:\/\/www.accuratereviews.com\/wp-content\/uploads\/2019\/10\/Zoho-Sprints-420x320-20190212.png","datePublished":"2019-10-21T10:50:39+00:00","description":"Zoho Sprints: recensione del programma di project management progettato principalmente per team di tutte le dimensioni per pianificare e seguire i progetti.","breadcrumb":{"@id":"https:\/\/www.accuratereviews.com\/it\/project-management-online-lista-software\/zoho-sprints-recensione\/#breadcrumb"},"inLanguage":"it-IT","potentialAction":[{"@type":"ReadAction","target":["https:\/\/www.accuratereviews.com\/it\/project-management-online-lista-software\/zoho-sprints-recensione\/"]}]},{"@type":"ImageObject","inLanguage":"it-IT","@id":"https:\/\/www.accuratereviews.com\/it\/project-management-online-lista-software\/zoho-sprints-recensione\/#primaryimage","url":"https:\/\/www.accuratereviews.com\/wp-content\/uploads\/2019\/10\/Zoho-Sprints-420x320-20190212.png","contentUrl":"https:\/\/www.accuratereviews.com\/wp-content\/uploads\/2019\/10\/Zoho-Sprints-420x320-20190212.png","width":420,"height":320},{"@type":"BreadcrumbList","@id":"https:\/\/www.accuratereviews.com\/it\/project-management-online-lista-software\/zoho-sprints-recensione\/#breadcrumb","itemListElement":[{"@type":"ListItem","position":1,"name":"Home","item":"https:\/\/www.accuratereviews.com\/it\/"},{"@type":"ListItem","position":2,"name":"Project Management Online","item":"https:\/\/www.accuratereviews.com\/it\/project-management-online-lista-software\/"},{"@type":"ListItem","position":3,"name":"Zoho Sprints"}]},{"@type":"WebSite","@id":"https:\/\/www.accuratereviews.com\/it\/#website","url":"https:\/\/www.accuratereviews.com\/it\/","name":"Accurate Reviews","description":"","potentialAction":[{"@type":"SearchAction","target":{"@type":"EntryPoint","urlTemplate":"https:\/\/www.accuratereviews.com\/it\/?s={search_term_string}"},"query-input":{"@type":"PropertyValueSpecification","valueRequired":true,"valueName":"search_term_string"}}],"inLanguage":"it-IT"}]}},"_links":{"self":[{"href":"https:\/\/www.accuratereviews.com\/it\/wp-json\/wp\/v2\/pages\/19344","targetHints":{"allow":["GET"]}}],"collection":[{"href":"https:\/\/www.accuratereviews.com\/it\/wp-json\/wp\/v2\/pages"}],"about":[{"href":"https:\/\/www.accuratereviews.com\/it\/wp-json\/wp\/v2\/types\/page"}],"author":[{"embeddable":true,"href":"https:\/\/www.accuratereviews.com\/it\/wp-json\/wp\/v2\/users\/17"}],"replies":[{"embeddable":true,"href":"https:\/\/www.accuratereviews.com\/it\/wp-json\/wp\/v2\/comments?post=19344"}],"version-history":[{"count":3,"href":"https:\/\/www.accuratereviews.com\/it\/wp-json\/wp\/v2\/pages\/19344\/revisions"}],"predecessor-version":[{"id":19372,"href":"https:\/\/www.accuratereviews.com\/it\/wp-json\/wp\/v2\/pages\/19344\/revisions\/19372"}],"up":[{"embeddable":true,"href":"https:\/\/www.accuratereviews.com\/it\/wp-json\/wp\/v2\/pages\/8333"}],"wp:featuredmedia":[{"embeddable":true,"href":"https:\/\/www.accuratereviews.com\/it\/wp-json\/wp\/v2\/media\/19346"}],"wp:attachment":[{"href":"https:\/\/www.accuratereviews.com\/it\/wp-json\/wp\/v2\/media?parent=19344"}],"wp:term":[{"taxonomy":"category","embeddable":true,"href":"https:\/\/www.accuratereviews.com\/it\/wp-json\/wp\/v2\/categories?post=19344"},{"taxonomy":"post_tag","embeddable":true,"href":"https:\/\/www.accuratereviews.com\/it\/wp-json\/wp\/v2\/tags?post=19344"},{"taxonomy":"features","embeddable":true,"href":"https:\/\/www.accuratereviews.com\/it\/wp-json\/wp\/v2\/features?post=19344"}],"curies":[{"name":"wp","href":"https:\/\/api.w.org\/{rel}","templated":true}]}}