{"id":19359,"date":"2019-10-21T10:52:41","date_gmt":"2019-10-21T10:52:41","guid":{"rendered":"https:\/\/www.accuratereviews.com\/?page_id=19359"},"modified":"2019-10-21T10:52:41","modified_gmt":"2019-10-21T10:52:41","slug":"airfocus-recensione","status":"publish","type":"page","link":"https:\/\/www.accuratereviews.com\/it\/project-management-online-lista-software\/airfocus-recensione\/","title":{"rendered":"Airfocus"},"content":{"rendered":"<p><strong>Airfocus<\/strong> \u00e8 un programma ideale per <strong>project manager<\/strong>, start-up e team che lavorano su pi\u00f9 progetti contemporaneamente e hanno bisogno di <strong>ottimizzare il flusso di lavoro<\/strong>. Si tratta infatti di una piattaforma online che ti consente di organizzare meglio i programmi, le attivit\u00e0 e i compiti da svolgere, monitorando costantemente la situazione. Rappresenta un modo efficace per stabilire le priorit\u00e0 su cosa fare e come farlo, creando <strong>roadmap davvero funzionali<\/strong>. Oltre a questo, Airfocus si integra perfettamente con Jira, Trello, Asana e Zapier cos\u00ec da permetterti di sincronizzare i tuoi dati in modo semplice e veloce.<\/p>\n<h2>COME CREARE ROADMAP CON AIRFOCUS &#8211; TUTORIAL<\/h2>\n<p>Ecco un video che ci mostrer\u00e0 come funziona questo programma:<\/p>\n<div id=\"fluid-wrapper-counter-1\" class=\"g1-fluid-wrapper \" style=\"width:686px;\">\n<div style=\"padding-bottom:56.268221574344%;\"><iframe loading=\"lazy\" title=\"Getting started with airfocus\" width=\"515\" height=\"386\" src=\"https:\/\/www.youtube.com\/embed\/9Nf-_jzwZFw?feature=oembed&amp;wmode=transparent&amp;autohide=1&amp;autoplay=0&amp;disablekb=0&amp;fs=1&amp;loop=0&amp;enablejsapi=1&amp;rel=0&amp;controls=2&amp;showinfo=0&amp;wmode=transparent&amp;autohide=2&amp;autoplay=0&amp;disablekb=0&amp;fs=1&amp;loop=0&amp;enablejsapi=1&amp;rel=0&amp;controls=2&amp;showinfo=1\" frameborder=\"0\" allow=\"accelerometer; autoplay; encrypted-media; gyroscope; picture-in-picture\" allowfullscreen><\/iframe><\/div>\n<\/div>\n<h3>AIRFOCUS &#8211; CARATTERISTICHE<\/h3>\n<p>Di seguito elenchiamo le sue principali caratteristiche:<\/p>\n<ul>\n<li><strong>Quadro strategico flessibile<\/strong>: personalizza la tua matrice di prioritizzazione e roadmapping in base alle tue esigenze<\/li>\n<li><strong>Roadmapping semplice e intuitiva<\/strong>: trascina e rilascia i tuoi oggetti sulla tua roadmap kanban o gantt<\/li>\n<li><strong>Tavola Kanban<\/strong>: visualizza le tue priorit\u00e0 e il loro stato in una vista roadmap kanban flessibile<\/li>\n<li><strong>Diagramma temporale di Gantt<\/strong>: gestisci le tue scadenze e pianifica le tue priorit\u00e0 su una roadmap gantt bella e interattiva<\/li>\n<li><strong>Etichette e gruppi personalizzati<\/strong>: assegna etichette e\/o gruppi agli elementi per organizzare le tue caratteristiche, progetti o iniziative<\/li>\n<li><strong>Filtri<\/strong>: filtra per etichetta, assegnatario, gruppo o corsia per vedere solo ci\u00f2 che \u00e8 rilevante in questo momento<\/li>\n<li><strong>Condivisione e collaborazione con il team<\/strong>: condividi le tue priorit\u00e0 e le roadmap con un solo clic per allineare tutti. Collabora con pi\u00f9 persone per raggiungere i tuoi obiettivi<\/li>\n<li><strong>Integrazioni<\/strong>: Airfocus si integra con gli strumenti pi\u00f9 utilizzati come Jira, Asana, Zapier, Trello, Zoho Projects, Basecamp, GitLab ecc.<\/li>\n<\/ul>\n<h3>LE RECENSIONI DEGLI UTENTI<\/h3>\n<ul>\n<li><strong>&#8220;Ottimo strumento per i product manager&#8221;<\/strong><br \/>\nIN GENERALE: In generale sono soddisfatto. In attesa di vedere ulteriori miglioramenti dal team.<br \/>\nPRO: Mi piace che offra la possibilit\u00e0 di creare schede personalizzate, la possibilit\u00e0 di creare tag personalizzati per ogni scheda e anche di creare valutazioni diverse su ogni carta per valore utente, vantaggio finanziario e anche tempi di consegna. Questo mi aiuta molto quando si tratta di creare una priorit\u00e0 per le prossime funzionalit\u00e0 da consegnare. Mi piace moltissimo e utilizzo l&#8217;anteprima degli oggetti che rappresentano le piccole vincite e quelle che devono essere abbandonate per ora.<br \/>\nCONTRO: Non mi \u00e8 piaciuto il fatto che ho sperimentato una certa distensione. Occasionalmente non funziona o smette di funzionare e devo cambiare browser per farlo funzionare.<\/li>\n<li><strong>&#8220;Roadmap reinventate&#8221;<\/strong><br \/>\nIN GENERALE: ho adorato la velocit\u00e0 con cui hanno risposto ai miei problemi di impostazione (domande relative al team). Hanno una meritata fiducia nel loro prodotto ed erano felici di farmi provare il prodotto (per un periodo di tempo limitato) con altri collaboratori per ottenere il buy-in dell&#8217;azienda per l&#8217;acquisto.<br \/>\nPRO: \u00e8 intuitivo, ci \u00e8 voluto quasi poco tempo per familiarizzare con il set di funzionalit\u00e0 e imparare ad usarle, cosa rara in un nuovo software.<br \/>\nCONTRO: non \u00e8 cos\u00ec facile condividere\/collaborare con team esterni al tuo gruppo di prodotti.<\/li>\n<li><strong>&#8220;Nuovo utente&#8221;<\/strong><br \/>\nIN GENERALE: Molto soddisfatto e sottoscriver\u00f2 un abbonamento al redattore per continuare a utilizzare questo prodotto.<br \/>\nPRO: Il software si collega bene con Trello e fornisce gli output necessari che Trello non fornisce da solo, trasformando un input di dati in molti elementi visivi utili da utilizzare nella gestione di attivit\u00e0 e progetti durante il briefing a molti livelli.<br \/>\nCONTRO: ci vuole un po&#8217; per fare i conti con le impostazioni per le funzionalit\u00e0, non intuitive come vorrei ma, una volta imparato, questo non sar\u00e0 pi\u00f9 un problema.<\/li>\n<\/ul>\n","protected":false},"excerpt":{"rendered":"<p>Airfocus \u00e8 un programma ideale per project manager, start-up e team che lavorano su pi\u00f9 progetti contemporaneamente e hanno bisogno di ottimizzare il flusso di lavoro. Si tratta infatti di una piattaforma online che ti consente di organizzare meglio i programmi, le attivit\u00e0 e i compiti da svolgere, monitorando costantemente la situazione.<\/p>\n","protected":false},"author":17,"featured_media":19360,"parent":8333,"menu_order":0,"comment_status":"open","ping_status":"closed","template":"g1_template_page_review_new.php","meta":{"_acf_changed":false,"cwp_meta_box_check":"Yes","cwp_rev_product_name":"","cwp_rev_product_image":"","wppr_links":[],"cwp_rev_price":"","wppr_options":[],"wppr_pros":[],"wppr_cons":[],"_monsterinsights_skip_tracking":false,"_monsterinsights_sitenote_active":false,"_monsterinsights_sitenote_note":"","_monsterinsights_sitenote_category":0,"footnotes":""},"categories":[172],"tags":[1324,1316,1314,1330],"features":[],"class_list":{"0":"post-19359","1":"page","2":"type-page","3":"status-publish","4":"has-post-thumbnail","6":"category-online-project-management-it","7":"tag-gestione-dei-progetti","8":"tag-online-project-management","9":"tag-project-management-software","10":"tag-project-manager"},"wppr_data":{"cwp_meta_box_check":"Yes","cwp_rev_product_name":"","cwp_rev_product_image":"","cwp_image_link":"image","cwp_rev_price":"","wppr_rating":"0.00"},"acf":[],"yoast_head":"<!-- This site is optimized with the Yoast SEO plugin v27.4 - https:\/\/yoast.com\/product\/yoast-seo-wordpress\/ -->\n<title>Airfocus: recensione project management software - Accurate Reviews<\/title>\n<meta name=\"description\" content=\"Airfocu: recensione del programma ideale per project manager, start-up e team che lavorano su pi\u00f9 progetti contemporaneamente.\" \/>\n<meta name=\"robots\" content=\"index, follow, max-snippet:-1, max-image-preview:large, max-video-preview:-1\" \/>\n<link rel=\"canonical\" href=\"https:\/\/www.accuratereviews.com\/it\/project-management-online-lista-software\/airfocus-recensione\/\" \/>\n<meta property=\"og:locale\" content=\"it_IT\" \/>\n<meta property=\"og:type\" content=\"article\" \/>\n<meta property=\"og:title\" content=\"Airfocus: recensione project management software - Accurate Reviews\" \/>\n<meta property=\"og:description\" content=\"Airfocu: recensione del programma ideale per project manager, start-up e team che lavorano su pi\u00f9 progetti contemporaneamente.\" \/>\n<meta property=\"og:url\" content=\"https:\/\/www.accuratereviews.com\/it\/project-management-online-lista-software\/airfocus-recensione\/\" \/>\n<meta property=\"og:site_name\" content=\"Accurate Reviews\" \/>\n<meta property=\"og:image\" content=\"https:\/\/www.accuratereviews.com\/wp-content\/uploads\/2019\/10\/airfocus.png\" \/>\n\t<meta property=\"og:image:width\" content=\"386\" \/>\n\t<meta property=\"og:image:height\" content=\"144\" \/>\n\t<meta property=\"og:image:type\" content=\"image\/png\" \/>\n<meta name=\"twitter:card\" content=\"summary_large_image\" \/>\n<meta name=\"twitter:label1\" content=\"Tempo di lettura stimato\" \/>\n\t<meta name=\"twitter:data1\" content=\"3 minuti\" \/>\n<script type=\"application\/ld+json\" class=\"yoast-schema-graph\">{\"@context\":\"https:\\\/\\\/schema.org\",\"@graph\":[{\"@type\":\"WebPage\",\"@id\":\"https:\\\/\\\/www.accuratereviews.com\\\/it\\\/project-management-online-lista-software\\\/airfocus-recensione\\\/\",\"url\":\"https:\\\/\\\/www.accuratereviews.com\\\/it\\\/project-management-online-lista-software\\\/airfocus-recensione\\\/\",\"name\":\"Airfocus: recensione project management software - Accurate Reviews\",\"isPartOf\":{\"@id\":\"https:\\\/\\\/www.accuratereviews.com\\\/it\\\/#website\"},\"primaryImageOfPage\":{\"@id\":\"https:\\\/\\\/www.accuratereviews.com\\\/it\\\/project-management-online-lista-software\\\/airfocus-recensione\\\/#primaryimage\"},\"image\":{\"@id\":\"https:\\\/\\\/www.accuratereviews.com\\\/it\\\/project-management-online-lista-software\\\/airfocus-recensione\\\/#primaryimage\"},\"thumbnailUrl\":\"https:\\\/\\\/www.accuratereviews.com\\\/wp-content\\\/uploads\\\/2019\\\/10\\\/airfocus.png\",\"datePublished\":\"2019-10-21T10:52:41+00:00\",\"description\":\"Airfocu: recensione del programma ideale per project manager, start-up e team che lavorano su pi\u00f9 progetti contemporaneamente.\",\"breadcrumb\":{\"@id\":\"https:\\\/\\\/www.accuratereviews.com\\\/it\\\/project-management-online-lista-software\\\/airfocus-recensione\\\/#breadcrumb\"},\"inLanguage\":\"it-IT\",\"potentialAction\":[{\"@type\":\"ReadAction\",\"target\":[\"https:\\\/\\\/www.accuratereviews.com\\\/it\\\/project-management-online-lista-software\\\/airfocus-recensione\\\/\"]}]},{\"@type\":\"ImageObject\",\"inLanguage\":\"it-IT\",\"@id\":\"https:\\\/\\\/www.accuratereviews.com\\\/it\\\/project-management-online-lista-software\\\/airfocus-recensione\\\/#primaryimage\",\"url\":\"https:\\\/\\\/www.accuratereviews.com\\\/wp-content\\\/uploads\\\/2019\\\/10\\\/airfocus.png\",\"contentUrl\":\"https:\\\/\\\/www.accuratereviews.com\\\/wp-content\\\/uploads\\\/2019\\\/10\\\/airfocus.png\",\"width\":386,\"height\":144},{\"@type\":\"BreadcrumbList\",\"@id\":\"https:\\\/\\\/www.accuratereviews.com\\\/it\\\/project-management-online-lista-software\\\/airfocus-recensione\\\/#breadcrumb\",\"itemListElement\":[{\"@type\":\"ListItem\",\"position\":1,\"name\":\"Home\",\"item\":\"https:\\\/\\\/www.accuratereviews.com\\\/it\\\/\"},{\"@type\":\"ListItem\",\"position\":2,\"name\":\"Project Management Online\",\"item\":\"https:\\\/\\\/www.accuratereviews.com\\\/it\\\/project-management-online-lista-software\\\/\"},{\"@type\":\"ListItem\",\"position\":3,\"name\":\"Airfocus\"}]},{\"@type\":\"WebSite\",\"@id\":\"https:\\\/\\\/www.accuratereviews.com\\\/it\\\/#website\",\"url\":\"https:\\\/\\\/www.accuratereviews.com\\\/it\\\/\",\"name\":\"Accurate Reviews\",\"description\":\"\",\"potentialAction\":[{\"@type\":\"SearchAction\",\"target\":{\"@type\":\"EntryPoint\",\"urlTemplate\":\"https:\\\/\\\/www.accuratereviews.com\\\/it\\\/?s={search_term_string}\"},\"query-input\":{\"@type\":\"PropertyValueSpecification\",\"valueRequired\":true,\"valueName\":\"search_term_string\"}}],\"inLanguage\":\"it-IT\"}]}<\/script>\n<!-- \/ Yoast SEO plugin. -->","yoast_head_json":{"title":"Airfocus: recensione project management software - Accurate Reviews","description":"Airfocu: recensione del programma ideale per project manager, start-up e team che lavorano su pi\u00f9 progetti contemporaneamente.","robots":{"index":"index","follow":"follow","max-snippet":"max-snippet:-1","max-image-preview":"max-image-preview:large","max-video-preview":"max-video-preview:-1"},"canonical":"https:\/\/www.accuratereviews.com\/it\/project-management-online-lista-software\/airfocus-recensione\/","og_locale":"it_IT","og_type":"article","og_title":"Airfocus: recensione project management software - Accurate Reviews","og_description":"Airfocu: recensione del programma ideale per project manager, start-up e team che lavorano su pi\u00f9 progetti contemporaneamente.","og_url":"https:\/\/www.accuratereviews.com\/it\/project-management-online-lista-software\/airfocus-recensione\/","og_site_name":"Accurate Reviews","og_image":[{"width":386,"height":144,"url":"https:\/\/www.accuratereviews.com\/wp-content\/uploads\/2019\/10\/airfocus.png","type":"image\/png"}],"twitter_card":"summary_large_image","twitter_misc":{"Tempo di lettura stimato":"3 minuti"},"schema":{"@context":"https:\/\/schema.org","@graph":[{"@type":"WebPage","@id":"https:\/\/www.accuratereviews.com\/it\/project-management-online-lista-software\/airfocus-recensione\/","url":"https:\/\/www.accuratereviews.com\/it\/project-management-online-lista-software\/airfocus-recensione\/","name":"Airfocus: recensione project management software - Accurate Reviews","isPartOf":{"@id":"https:\/\/www.accuratereviews.com\/it\/#website"},"primaryImageOfPage":{"@id":"https:\/\/www.accuratereviews.com\/it\/project-management-online-lista-software\/airfocus-recensione\/#primaryimage"},"image":{"@id":"https:\/\/www.accuratereviews.com\/it\/project-management-online-lista-software\/airfocus-recensione\/#primaryimage"},"thumbnailUrl":"https:\/\/www.accuratereviews.com\/wp-content\/uploads\/2019\/10\/airfocus.png","datePublished":"2019-10-21T10:52:41+00:00","description":"Airfocu: recensione del programma ideale per project manager, start-up e team che lavorano su pi\u00f9 progetti contemporaneamente.","breadcrumb":{"@id":"https:\/\/www.accuratereviews.com\/it\/project-management-online-lista-software\/airfocus-recensione\/#breadcrumb"},"inLanguage":"it-IT","potentialAction":[{"@type":"ReadAction","target":["https:\/\/www.accuratereviews.com\/it\/project-management-online-lista-software\/airfocus-recensione\/"]}]},{"@type":"ImageObject","inLanguage":"it-IT","@id":"https:\/\/www.accuratereviews.com\/it\/project-management-online-lista-software\/airfocus-recensione\/#primaryimage","url":"https:\/\/www.accuratereviews.com\/wp-content\/uploads\/2019\/10\/airfocus.png","contentUrl":"https:\/\/www.accuratereviews.com\/wp-content\/uploads\/2019\/10\/airfocus.png","width":386,"height":144},{"@type":"BreadcrumbList","@id":"https:\/\/www.accuratereviews.com\/it\/project-management-online-lista-software\/airfocus-recensione\/#breadcrumb","itemListElement":[{"@type":"ListItem","position":1,"name":"Home","item":"https:\/\/www.accuratereviews.com\/it\/"},{"@type":"ListItem","position":2,"name":"Project Management Online","item":"https:\/\/www.accuratereviews.com\/it\/project-management-online-lista-software\/"},{"@type":"ListItem","position":3,"name":"Airfocus"}]},{"@type":"WebSite","@id":"https:\/\/www.accuratereviews.com\/it\/#website","url":"https:\/\/www.accuratereviews.com\/it\/","name":"Accurate Reviews","description":"","potentialAction":[{"@type":"SearchAction","target":{"@type":"EntryPoint","urlTemplate":"https:\/\/www.accuratereviews.com\/it\/?s={search_term_string}"},"query-input":{"@type":"PropertyValueSpecification","valueRequired":true,"valueName":"search_term_string"}}],"inLanguage":"it-IT"}]}},"_links":{"self":[{"href":"https:\/\/www.accuratereviews.com\/it\/wp-json\/wp\/v2\/pages\/19359","targetHints":{"allow":["GET"]}}],"collection":[{"href":"https:\/\/www.accuratereviews.com\/it\/wp-json\/wp\/v2\/pages"}],"about":[{"href":"https:\/\/www.accuratereviews.com\/it\/wp-json\/wp\/v2\/types\/page"}],"author":[{"embeddable":true,"href":"https:\/\/www.accuratereviews.com\/it\/wp-json\/wp\/v2\/users\/17"}],"replies":[{"embeddable":true,"href":"https:\/\/www.accuratereviews.com\/it\/wp-json\/wp\/v2\/comments?post=19359"}],"version-history":[{"count":2,"href":"https:\/\/www.accuratereviews.com\/it\/wp-json\/wp\/v2\/pages\/19359\/revisions"}],"predecessor-version":[{"id":19371,"href":"https:\/\/www.accuratereviews.com\/it\/wp-json\/wp\/v2\/pages\/19359\/revisions\/19371"}],"up":[{"embeddable":true,"href":"https:\/\/www.accuratereviews.com\/it\/wp-json\/wp\/v2\/pages\/8333"}],"wp:featuredmedia":[{"embeddable":true,"href":"https:\/\/www.accuratereviews.com\/it\/wp-json\/wp\/v2\/media\/19360"}],"wp:attachment":[{"href":"https:\/\/www.accuratereviews.com\/it\/wp-json\/wp\/v2\/media?parent=19359"}],"wp:term":[{"taxonomy":"category","embeddable":true,"href":"https:\/\/www.accuratereviews.com\/it\/wp-json\/wp\/v2\/categories?post=19359"},{"taxonomy":"post_tag","embeddable":true,"href":"https:\/\/www.accuratereviews.com\/it\/wp-json\/wp\/v2\/tags?post=19359"},{"taxonomy":"features","embeddable":true,"href":"https:\/\/www.accuratereviews.com\/it\/wp-json\/wp\/v2\/features?post=19359"}],"curies":[{"name":"wp","href":"https:\/\/api.w.org\/{rel}","templated":true}]}}