{"id":19382,"date":"2019-10-22T15:02:43","date_gmt":"2019-10-22T15:02:43","guid":{"rendered":"https:\/\/www.accuratereviews.com\/?page_id=19382"},"modified":"2020-12-30T16:39:35","modified_gmt":"2020-12-30T16:39:35","slug":"versionone-recensione","status":"publish","type":"page","link":"https:\/\/www.accuratereviews.com\/it\/project-management-online-lista-software\/versionone-recensione\/","title":{"rendered":"VersionOne"},"content":{"rendered":"<p><strong>VersionOne<\/strong> \u00e8 un programma che permette ai<strong> team di project management<\/strong> agile di qualsiasi dimensione di migliorare e <strong>ottimizzare il flusso di lavoro<\/strong>. \u00c8 il leader di Enterprise Value Stream Management e ha l&#8217;obiettivo di creare una forte collaborazione aziendale, favorendo l&#8217;interazione tra tutti i membri del team. Grazie a questo servizio, potrai <strong>pianificare e gestire i programmi, le attivit\u00e0 e i progetti<\/strong> in modo semplice e veloce utilizzando strumenti funzionali come le schede Kanban. In questo modo sarai in grado di migliorare la qualit\u00e0 del tuo lavoro e <strong>aumentare la produttivit\u00e0 del tuo team<\/strong>.<\/p>\n<h2>COME GESTIRE I PROGETTI CON VERSIONONE<\/h2>\n<p>Diamo uno sguardo a questo video per capire qualcosa di pi\u00f9 al riguardo:<\/p>\n<div id=\"fluid-wrapper-counter-1\" class=\"g1-fluid-wrapper \" style=\"width:686px;\">\n<div style=\"padding-bottom:56.268221574344%;\"><iframe loading=\"lazy\" title=\"Customizing Boards &amp; Setting Up Your Project Workspaces\" width=\"686\" height=\"386\" src=\"https:\/\/www.youtube.com\/embed\/MbgD0kjx75c?feature=oembed&amp;wmode=transparent&amp;autohide=1&amp;autoplay=0&amp;disablekb=0&amp;fs=1&amp;loop=0&amp;enablejsapi=1&amp;rel=0&amp;controls=2&amp;showinfo=0&amp;wmode=transparent&amp;autohide=2&amp;autoplay=0&amp;disablekb=0&amp;fs=1&amp;loop=0&amp;enablejsapi=1&amp;rel=0&amp;controls=2&amp;showinfo=1\" frameborder=\"0\" allow=\"accelerometer; autoplay; clipboard-write; encrypted-media; gyroscope; picture-in-picture\" allowfullscreen><\/iframe><\/div>\n<\/div>\n<h3>VERSIONONE &#8211; CARATTERISTICHE<\/h3>\n<p>Ecco le principali caratteristiche di questo programma:<\/p>\n<ul>\n<li><strong>Portfolio Agile<\/strong>: pianifica. e gestisci i progetti Agile in modo semplice e veloce utilizzando le schede Kanban<\/li>\n<li><strong>Collaborazione con il tuo team<\/strong>: collabora con tutti i membri del tuo team, ognuno avr\u00e0 il suo compito da svolgere<\/li>\n<li><strong>Roadmapping del prodotto<\/strong>: crea il prodotto giusto che allinei\u00a0la vision di un\u2019azienda sul prodotto, con il prodotto degli stakeholder esterni<\/li>\n<li><strong>Sistema reportistico<\/strong>: ottieni report precisi e dettagliati di tutte le attivit\u00e0 aziendali cos\u00ec da avere sempre sotto controllo la situazione<\/li>\n<li><strong>Integrazioni<\/strong>: VersionOne \u00e8 integrabile con i principali strumenti e applicazioni di sviluppo software commerciale e open source come Jira, CA Agile, ServiceNow, Microsft TFS, HP, Salesforce.com, Perforce e GIT.<\/li>\n<\/ul>\n<h3>LE RECENSIONI DEGLI UTENTI<\/h3>\n<ul>\n<li><strong>&#8220;Monitoraggio dei problemi di sviluppo agile&#8221;<\/strong><br \/>\nIN GENERALE: La mia esperienza complessiva con VersionOne \u00e8 per lo pi\u00f9 buona, con alcuni fastidi nel non riuscire a trovare (o fare) determinate cose.<br \/>\nPRO: VersionOne offre la possibilit\u00e0 di creare e tenere traccia di problemi, storie, difetti ecc. Mi piacciono le pagine filtrabili tra cui storyboard e taskboard. Mi piace la vista &#8220;Il mio lavoro&#8221; che mi porta rapidamente alle cose che mi sono state assegnate. Mi piacciono le funzionalit\u00e0 di clic e trascinamento sulla maggior parte delle pagine, ad esempio trascinando una storia da &#8220;in corso&#8221; a &#8220;fatto&#8221; piuttosto che accedere al menu di modifica e utilizzare il menu a discesa.<br \/>\nCONTRO: Alcune cose sembrano mancare di natura intuitiva. Ad esempio, ci sono alcune pagine in cui mi sento come se dovessi essere in grado di registrare il mio tempo, ma invece mi rimane difficile trovare dove posso farlo. Ho scoperto che non \u00e8 sempre molto facile trovare rapidamente quello che sto cercando.<\/li>\n<li><strong>&#8220;Agile fatto bene&#8221;<\/strong><br \/>\nIN GENERALE: sta aiutando la mia organizzazione a implementare Agile. \u00c8 un vantaggio per i maestri della mischia.<br \/>\nPRO: la migliore caratteristica \u00e8 la possibilit\u00e0 di aggiungere campi personalizzati. Ti consente di personalizzare i filtri secondo le tue necessit\u00e0. Mi piace anche il fatto che abbia un&#8217;interfaccia pulita unita a tutte le funzionalit\u00e0 di agile come la pianificazione dello sprint, la pianificazione del progetto di backlogand. \u00c8 uno dei migliori software adatti per l&#8217;agile.<br \/>\nCONTRO: \u00e8 lento. Richiede un&#8217;eternit\u00e0 per caricare file pi\u00f9 grandi.<\/li>\n<li><strong>&#8220;Usiamo VersionOne per gestire il tasking degli sviluppatori e le esigenze dei clienti&#8221;<\/strong><br \/>\nIN GENERALE: tempi eccellenti e tracciabilit\u00e0 dei problemi. Ci consente di ottenere facilmente una rapida panoramica di ci\u00f2 su cui tutti i membri del team stanno lavorando.<br \/>\nPRO: l&#8217;interfaccia utente di VersionOne \u00e8 pulita, facile da usare e potente. \u00c8 reattivo e mi permette di vedere su cosa sta lavorando il mio team a colpo d&#8217;occhio. Mi piace la facilit\u00e0 con cui VersionOne si integra con il nostro flusso di lavoro agile.<br \/>\nCONTRO: il prezzo. Ci sono soluzioni pi\u00f9 economiche l\u00e0 fuori soprattutto per i team pi\u00f9 piccoli. Alcune funzioni possono essere un po&#8217; confuse da usare correttamente senza una formazione preliminare come la divisione dei problemi tra gli sprint.<\/li>\n<\/ul>\n","protected":false},"excerpt":{"rendered":"<p>VersionOne \u00e8 un programma che permette ai team di project management agile di qualsiasi dimensione di migliorare e ottimizzare il flusso di lavoro. \u00c8 il leader di Enterprise Value Stream Management e ha l&#8217;obiettivo di creare una forte collaborazione aziendale, favorendo l&#8217;interazione tra tutti i membri del team.<\/p>\n","protected":false},"author":17,"featured_media":19383,"parent":8333,"menu_order":0,"comment_status":"open","ping_status":"closed","template":"g1_template_page_review_new.php","meta":{"_acf_changed":false,"cwp_meta_box_check":"Yes","cwp_rev_product_name":"","cwp_rev_product_image":"","wppr_links":[],"cwp_rev_price":"","wppr_options":[],"wppr_pros":[],"wppr_cons":[],"_monsterinsights_skip_tracking":false,"_monsterinsights_sitenote_active":false,"_monsterinsights_sitenote_note":"","_monsterinsights_sitenote_category":0,"footnotes":""},"categories":[172],"tags":[1324,1316,1380,1330],"features":[],"class_list":{"0":"post-19382","1":"page","2":"type-page","3":"status-publish","4":"has-post-thumbnail","6":"category-online-project-management-it","7":"tag-gestione-dei-progetti","8":"tag-online-project-management","9":"tag-project-management","10":"tag-project-manager"},"wppr_data":{"cwp_meta_box_check":"Yes","cwp_rev_product_name":"","cwp_rev_product_image":"","cwp_image_link":"image","cwp_rev_price":"","wppr_rating":"0.00"},"acf":[],"yoast_head":"<!-- This site is optimized with the Yoast SEO plugin v27.4 - https:\/\/yoast.com\/product\/yoast-seo-wordpress\/ -->\n<title>VersionOne: recensione project management software - Accurate Reviews<\/title>\n<meta name=\"description\" content=\"VersionOne: recensione del programma che permette ai team di project management agile di migliorare e ottimizzare il flusso di lavoro.\" \/>\n<meta name=\"robots\" content=\"index, follow, max-snippet:-1, max-image-preview:large, max-video-preview:-1\" \/>\n<link rel=\"canonical\" href=\"https:\/\/www.accuratereviews.com\/it\/project-management-online-lista-software\/versionone-recensione\/\" \/>\n<meta property=\"og:locale\" content=\"it_IT\" \/>\n<meta property=\"og:type\" content=\"article\" \/>\n<meta property=\"og:title\" content=\"VersionOne: recensione project management software - Accurate Reviews\" \/>\n<meta property=\"og:description\" content=\"VersionOne: recensione del programma che permette ai team di project management agile di migliorare e ottimizzare il flusso di lavoro.\" \/>\n<meta property=\"og:url\" content=\"https:\/\/www.accuratereviews.com\/it\/project-management-online-lista-software\/versionone-recensione\/\" \/>\n<meta property=\"og:site_name\" content=\"Accurate Reviews\" \/>\n<meta property=\"article:modified_time\" content=\"2020-12-30T16:39:35+00:00\" \/>\n<meta property=\"og:image\" content=\"https:\/\/www.accuratereviews.com\/wp-content\/uploads\/2019\/10\/collabnet-versionone.png\" \/>\n\t<meta property=\"og:image:width\" content=\"600\" \/>\n\t<meta property=\"og:image:height\" content=\"600\" \/>\n\t<meta property=\"og:image:type\" content=\"image\/png\" \/>\n<meta name=\"twitter:card\" content=\"summary_large_image\" \/>\n<meta name=\"twitter:label1\" content=\"Tempo di lettura stimato\" \/>\n\t<meta name=\"twitter:data1\" content=\"3 minuti\" \/>\n<script type=\"application\/ld+json\" class=\"yoast-schema-graph\">{\"@context\":\"https:\\\/\\\/schema.org\",\"@graph\":[{\"@type\":\"WebPage\",\"@id\":\"https:\\\/\\\/www.accuratereviews.com\\\/it\\\/project-management-online-lista-software\\\/versionone-recensione\\\/\",\"url\":\"https:\\\/\\\/www.accuratereviews.com\\\/it\\\/project-management-online-lista-software\\\/versionone-recensione\\\/\",\"name\":\"VersionOne: recensione project management software - Accurate Reviews\",\"isPartOf\":{\"@id\":\"https:\\\/\\\/www.accuratereviews.com\\\/it\\\/#website\"},\"primaryImageOfPage\":{\"@id\":\"https:\\\/\\\/www.accuratereviews.com\\\/it\\\/project-management-online-lista-software\\\/versionone-recensione\\\/#primaryimage\"},\"image\":{\"@id\":\"https:\\\/\\\/www.accuratereviews.com\\\/it\\\/project-management-online-lista-software\\\/versionone-recensione\\\/#primaryimage\"},\"thumbnailUrl\":\"https:\\\/\\\/www.accuratereviews.com\\\/wp-content\\\/uploads\\\/2019\\\/10\\\/collabnet-versionone.png\",\"datePublished\":\"2019-10-22T15:02:43+00:00\",\"dateModified\":\"2020-12-30T16:39:35+00:00\",\"description\":\"VersionOne: recensione del programma che permette ai team di project management agile di migliorare e ottimizzare il flusso di lavoro.\",\"breadcrumb\":{\"@id\":\"https:\\\/\\\/www.accuratereviews.com\\\/it\\\/project-management-online-lista-software\\\/versionone-recensione\\\/#breadcrumb\"},\"inLanguage\":\"it-IT\",\"potentialAction\":[{\"@type\":\"ReadAction\",\"target\":[\"https:\\\/\\\/www.accuratereviews.com\\\/it\\\/project-management-online-lista-software\\\/versionone-recensione\\\/\"]}]},{\"@type\":\"ImageObject\",\"inLanguage\":\"it-IT\",\"@id\":\"https:\\\/\\\/www.accuratereviews.com\\\/it\\\/project-management-online-lista-software\\\/versionone-recensione\\\/#primaryimage\",\"url\":\"https:\\\/\\\/www.accuratereviews.com\\\/wp-content\\\/uploads\\\/2019\\\/10\\\/collabnet-versionone.png\",\"contentUrl\":\"https:\\\/\\\/www.accuratereviews.com\\\/wp-content\\\/uploads\\\/2019\\\/10\\\/collabnet-versionone.png\",\"width\":600,\"height\":600},{\"@type\":\"BreadcrumbList\",\"@id\":\"https:\\\/\\\/www.accuratereviews.com\\\/it\\\/project-management-online-lista-software\\\/versionone-recensione\\\/#breadcrumb\",\"itemListElement\":[{\"@type\":\"ListItem\",\"position\":1,\"name\":\"Home\",\"item\":\"https:\\\/\\\/www.accuratereviews.com\\\/it\\\/\"},{\"@type\":\"ListItem\",\"position\":2,\"name\":\"Project Management Online\",\"item\":\"https:\\\/\\\/www.accuratereviews.com\\\/it\\\/project-management-online-lista-software\\\/\"},{\"@type\":\"ListItem\",\"position\":3,\"name\":\"VersionOne\"}]},{\"@type\":\"WebSite\",\"@id\":\"https:\\\/\\\/www.accuratereviews.com\\\/it\\\/#website\",\"url\":\"https:\\\/\\\/www.accuratereviews.com\\\/it\\\/\",\"name\":\"Accurate Reviews\",\"description\":\"\",\"potentialAction\":[{\"@type\":\"SearchAction\",\"target\":{\"@type\":\"EntryPoint\",\"urlTemplate\":\"https:\\\/\\\/www.accuratereviews.com\\\/it\\\/?s={search_term_string}\"},\"query-input\":{\"@type\":\"PropertyValueSpecification\",\"valueRequired\":true,\"valueName\":\"search_term_string\"}}],\"inLanguage\":\"it-IT\"}]}<\/script>\n<!-- \/ Yoast SEO plugin. -->","yoast_head_json":{"title":"VersionOne: recensione project management software - Accurate Reviews","description":"VersionOne: recensione del programma che permette ai team di project management agile di migliorare e ottimizzare il flusso di lavoro.","robots":{"index":"index","follow":"follow","max-snippet":"max-snippet:-1","max-image-preview":"max-image-preview:large","max-video-preview":"max-video-preview:-1"},"canonical":"https:\/\/www.accuratereviews.com\/it\/project-management-online-lista-software\/versionone-recensione\/","og_locale":"it_IT","og_type":"article","og_title":"VersionOne: recensione project management software - Accurate Reviews","og_description":"VersionOne: recensione del programma che permette ai team di project management agile di migliorare e ottimizzare il flusso di lavoro.","og_url":"https:\/\/www.accuratereviews.com\/it\/project-management-online-lista-software\/versionone-recensione\/","og_site_name":"Accurate Reviews","article_modified_time":"2020-12-30T16:39:35+00:00","og_image":[{"width":600,"height":600,"url":"https:\/\/www.accuratereviews.com\/wp-content\/uploads\/2019\/10\/collabnet-versionone.png","type":"image\/png"}],"twitter_card":"summary_large_image","twitter_misc":{"Tempo di lettura stimato":"3 minuti"},"schema":{"@context":"https:\/\/schema.org","@graph":[{"@type":"WebPage","@id":"https:\/\/www.accuratereviews.com\/it\/project-management-online-lista-software\/versionone-recensione\/","url":"https:\/\/www.accuratereviews.com\/it\/project-management-online-lista-software\/versionone-recensione\/","name":"VersionOne: recensione project management software - Accurate Reviews","isPartOf":{"@id":"https:\/\/www.accuratereviews.com\/it\/#website"},"primaryImageOfPage":{"@id":"https:\/\/www.accuratereviews.com\/it\/project-management-online-lista-software\/versionone-recensione\/#primaryimage"},"image":{"@id":"https:\/\/www.accuratereviews.com\/it\/project-management-online-lista-software\/versionone-recensione\/#primaryimage"},"thumbnailUrl":"https:\/\/www.accuratereviews.com\/wp-content\/uploads\/2019\/10\/collabnet-versionone.png","datePublished":"2019-10-22T15:02:43+00:00","dateModified":"2020-12-30T16:39:35+00:00","description":"VersionOne: recensione del programma che permette ai team di project management agile di migliorare e ottimizzare il flusso di lavoro.","breadcrumb":{"@id":"https:\/\/www.accuratereviews.com\/it\/project-management-online-lista-software\/versionone-recensione\/#breadcrumb"},"inLanguage":"it-IT","potentialAction":[{"@type":"ReadAction","target":["https:\/\/www.accuratereviews.com\/it\/project-management-online-lista-software\/versionone-recensione\/"]}]},{"@type":"ImageObject","inLanguage":"it-IT","@id":"https:\/\/www.accuratereviews.com\/it\/project-management-online-lista-software\/versionone-recensione\/#primaryimage","url":"https:\/\/www.accuratereviews.com\/wp-content\/uploads\/2019\/10\/collabnet-versionone.png","contentUrl":"https:\/\/www.accuratereviews.com\/wp-content\/uploads\/2019\/10\/collabnet-versionone.png","width":600,"height":600},{"@type":"BreadcrumbList","@id":"https:\/\/www.accuratereviews.com\/it\/project-management-online-lista-software\/versionone-recensione\/#breadcrumb","itemListElement":[{"@type":"ListItem","position":1,"name":"Home","item":"https:\/\/www.accuratereviews.com\/it\/"},{"@type":"ListItem","position":2,"name":"Project Management Online","item":"https:\/\/www.accuratereviews.com\/it\/project-management-online-lista-software\/"},{"@type":"ListItem","position":3,"name":"VersionOne"}]},{"@type":"WebSite","@id":"https:\/\/www.accuratereviews.com\/it\/#website","url":"https:\/\/www.accuratereviews.com\/it\/","name":"Accurate Reviews","description":"","potentialAction":[{"@type":"SearchAction","target":{"@type":"EntryPoint","urlTemplate":"https:\/\/www.accuratereviews.com\/it\/?s={search_term_string}"},"query-input":{"@type":"PropertyValueSpecification","valueRequired":true,"valueName":"search_term_string"}}],"inLanguage":"it-IT"}]}},"_links":{"self":[{"href":"https:\/\/www.accuratereviews.com\/it\/wp-json\/wp\/v2\/pages\/19382","targetHints":{"allow":["GET"]}}],"collection":[{"href":"https:\/\/www.accuratereviews.com\/it\/wp-json\/wp\/v2\/pages"}],"about":[{"href":"https:\/\/www.accuratereviews.com\/it\/wp-json\/wp\/v2\/types\/page"}],"author":[{"embeddable":true,"href":"https:\/\/www.accuratereviews.com\/it\/wp-json\/wp\/v2\/users\/17"}],"replies":[{"embeddable":true,"href":"https:\/\/www.accuratereviews.com\/it\/wp-json\/wp\/v2\/comments?post=19382"}],"version-history":[{"count":4,"href":"https:\/\/www.accuratereviews.com\/it\/wp-json\/wp\/v2\/pages\/19382\/revisions"}],"predecessor-version":[{"id":34432,"href":"https:\/\/www.accuratereviews.com\/it\/wp-json\/wp\/v2\/pages\/19382\/revisions\/34432"}],"up":[{"embeddable":true,"href":"https:\/\/www.accuratereviews.com\/it\/wp-json\/wp\/v2\/pages\/8333"}],"wp:featuredmedia":[{"embeddable":true,"href":"https:\/\/www.accuratereviews.com\/it\/wp-json\/wp\/v2\/media\/19383"}],"wp:attachment":[{"href":"https:\/\/www.accuratereviews.com\/it\/wp-json\/wp\/v2\/media?parent=19382"}],"wp:term":[{"taxonomy":"category","embeddable":true,"href":"https:\/\/www.accuratereviews.com\/it\/wp-json\/wp\/v2\/categories?post=19382"},{"taxonomy":"post_tag","embeddable":true,"href":"https:\/\/www.accuratereviews.com\/it\/wp-json\/wp\/v2\/tags?post=19382"},{"taxonomy":"features","embeddable":true,"href":"https:\/\/www.accuratereviews.com\/it\/wp-json\/wp\/v2\/features?post=19382"}],"curies":[{"name":"wp","href":"https:\/\/api.w.org\/{rel}","templated":true}]}}