{"id":19390,"date":"2019-10-22T15:32:16","date_gmt":"2019-10-22T15:32:16","guid":{"rendered":"https:\/\/www.accuratereviews.com\/?page_id=19390"},"modified":"2020-12-30T20:52:56","modified_gmt":"2020-12-30T20:52:56","slug":"flowlu-recensione","status":"publish","type":"page","link":"https:\/\/www.accuratereviews.com\/it\/project-management-online-lista-software\/flowlu-recensione\/","title":{"rendered":"Flowlu"},"content":{"rendered":"<p><strong>Flowlu<\/strong> \u00e8 un potente <strong>sistema di gestione aziendale<\/strong> basato su <strong>cloud<\/strong> che fornisce gli strumenti necessari per gestire un&#8217;azienda in modo efficace, che combina strumenti di <strong>gestione dei progetti<\/strong>, vendite, collaborazione social e CRM per le aziende moderne. Il programma consente ai\u00a0manager aziendali di tenere traccia delle attivit\u00e0 dei dipendenti e comprenderne i problemi. Ogni parte dell&#8217;azienda, dal tempo e le fatture dei clienti ai costi complessivi, pu\u00f2 essere monitorata con facilit\u00e0. Flowlu offre ai manager il controllo totale sugli aspetti critici della loro attivit\u00e0.\u00a0Inoltre, la soluzione consente all&#8217;azienda di ridurre le spese e aumentare i profitti, con il minimo sforzo. Alcune delle sue caratteristiche salienti includono messaggistica online, gestione dei progetti, gestione delle attivit\u00e0, gestione delle finanze, CRM, fatturazione, calendario e time tracker.<\/p>\n<h2>FLOWLU &#8211; TUTORIAL<\/h2>\n<p>Nel tutorial che seguir\u00e0 vediamo il programma di monitoraggio dei progetti e la gestione dei progetti per i team. Crea i tuoi progetti e le tue schede di progetto, misura subito i progressi e tieniti aggiornato con questo <strong>software Project Management:<\/strong><\/p>\n<div id=\"fluid-wrapper-counter-1\" class=\"g1-fluid-wrapper \" style=\"width:686px;\">\n<div style=\"padding-bottom:56.268221574344%;\"><iframe loading=\"lazy\" title=\"Flowlu Knowledge Base\" width=\"686\" height=\"386\" src=\"https:\/\/www.youtube.com\/embed\/AK-LV6Xnzgw?feature=oembed&amp;wmode=transparent&amp;autohide=1&amp;autoplay=0&amp;disablekb=0&amp;fs=1&amp;loop=0&amp;enablejsapi=1&amp;rel=0&amp;controls=2&amp;showinfo=0&amp;wmode=transparent&amp;autohide=2&amp;autoplay=0&amp;disablekb=0&amp;fs=1&amp;loop=0&amp;enablejsapi=1&amp;rel=0&amp;controls=2&amp;showinfo=1\" frameborder=\"0\" allow=\"accelerometer; autoplay; clipboard-write; encrypted-media; gyroscope; picture-in-picture\" allowfullscreen><\/iframe><\/div>\n<\/div>\n<h3>FLOWLU &#8211; CARATTERISTICHE<\/h3>\n<ul>\n<li><strong>Gestisci pi\u00f9 progetti<\/strong>: i\u00a0modelli di progetto offrono una panoramica visiva completa dei progressi compiuti lungo le fasi del progetto visualizzando una rappresentazione visiva di una serie di fasi per un progetto corrente. Fornisce un alto livello di trasparenza che consente di comprendere lo stato di un progetto in un colpo d&#8217;occhio. Dai la priorit\u00e0 al lavoro e ripianifica ogni volta che \u00e8 necessario.<\/li>\n<li><strong>Pianificazione del progetto facile da usare<\/strong>:\u00a0Il diagramma di Gantt, fasi e attivit\u00e0 consente di organizzare progetti complessi in unit\u00e0 facilmente gestibili. Ottieni un controllo pi\u00f9 raffinato.<\/li>\n<li><strong>Monitoraggio dei problemi di progetto<\/strong>: monitora lo stato generale del progetto con un semplice registro dei problemi. I problemi o bug, \u00a0miglioramenti o suggerimenti che devono essere risolti nella consegna del progetto.<\/li>\n<li><strong>Monitoraggio del tempo del progetto<\/strong>:\u00a0Chiunque lavori su un progetto pu\u00f2 facilmente registrare le proprie ore fatturabili utilizzando la scheda attivit\u00e0 all&#8217;interno del progetto.<\/li>\n<li><strong>Gestione dei costi di progetto:<\/strong> il tuo progetto pu\u00f2 avere successo solo quando hai una buona idea di quale sia il costo e stai operando nel rispetto del tuo budget. Il calcolo dei costi per progetti complessi pu\u00f2 essere allo stesso tempo confuso e impegnativo.<\/li>\n<li><strong>Fattura i tuoi clienti attraverso i progetti:<\/strong>\u00a0il programma consente di creare fatture direttamente da un progetto. I dati dei clienti di Flowlu CRM vengono automaticamente inseriti in una fattura: basta selezionare il contatto appropriato come cliente del progetto.<\/li>\n<\/ul>\n<h4>LE RECENSIONI DEGLI UTENTI<\/h4>\n<h4>Dustin R. &#8220;Squadra straordinaria con un prodotto straordinario&#8221;<\/h4>\n<p><strong>Commenti<\/strong>: Mi sono assolutamente innamorato del software. Mi ha semplificato la vita mantenendo il cloud delle informazioni dei clienti in modo che tutto il mio team possa accedervi in \u200b\u200bqualsiasi momento. Mi ha anche aiutato a evitare di scrivere lunghe fatture poich\u00e9 il sistema ha una semplice configurazione di clic e tutte le informazioni precedentemente create (prezzo, descrizione, tasse, ecc.) Vengono importate e calcolate automaticamente per te. Anche il supporto \u00e8 stato eccezionale. Indipendentemente dai problemi in cui mi imbatto, sono proprio l\u00ec accanto a me che mi aiutano ad ogni passo. Sono come una parte della mia squadra. Vanno al di l\u00e0 delle tue aspettative per assicurarti di essere soddisfatto del servizio e che funzioni nel modo migliore possibile per te e qualunque sia la tua esigenza.<\/p>\n<p><strong>Vantaggi<\/strong>: mi piace la semplicit\u00e0 con cui \u00e8 organizzato il software. Adoro anche come la fatturazione viene implementata direttamente nei conti dei clienti e come Flowlu tiene traccia di tutte le entrate e le spese per la mia azienda. Questo \u00e8 davvero di aiuto per non dover assumere un contabile.<\/p>\n<p><strong>Inconvenienti<\/strong>: L&#8217;unica cosa che posso dire di aver scoperto che non mi piace in questo momento \u00e8 probabilmente che non esiste un&#8217;implementazione voip. Tuttavia, Ive ha spiegato questo ai designer e mi hanno assicurato che questo potrebbe cambiare in futuro. A parte questo, ho lamentele ZERO.<\/p>\n<h4>Alexey K. &#8220;\u00c8 esattamente quello che stavamo cercando.&#8221;<\/h4>\n<p><strong>Commenti<\/strong>: sono abbastanza felice. Il mio team ha accettato questo software in viaggio e abbiamo trasferito tutto il nostro lavoro in meno di una settimana a Flowlu.\u00a0Il team di supporto sta lavorando alla grande.<\/p>\n<p><strong>Vantaggi<\/strong>: la brillante combinazione di funzionalit\u00e0.\u00a0Flowlu ci consente di mantenere il controllo durante l&#8217;intero ciclo di vita del cliente, dal primo tocco ai contratti, dall&#8217;esecuzione del progetto ai pagamenti e ancora.<br \/>\nCome manager delle piccole imprese, ho un punto di controllo e non ho bisogno di altri strumenti per controllare le attivit\u00e0 di vendita, l&#8217;esecuzione dei progetti, la tracciabilit\u00e0 dei pagamenti e il saldo del flusso di cassa.<br \/>\nOra ho uno strumento all-in-one.<br \/>\nNiente pi\u00f9 spese extra.<br \/>\nNon \u00e8 pi\u00f9 necessario passare da uno strumento all&#8217;altro<br \/>\nNessuno spreco di tempo in esportazione \/ importazione dei dati.<\/p>\n<p><strong>Inconvenienti<\/strong>: alcune funzionalit\u00e0 minori nella gestione dei progetti potrebbero essere migliorate in futuro.<\/p>\n<h4>Anna M. &#8220;Esce il nostro piccolo team IT&#8221;<\/h4>\n<p><strong>Vantaggi<\/strong>: interfaccia trascurabile e intuitiva senza sovraccarico funzionale. C&#8217;\u00e8 un modulo agile. Passato ad esso con una jira a pagamento e complessa, la funzionalit\u00e0 \u00e8 abbastanza sufficiente per le nostre esigenze e facilmente configurabile. Registra rapidamente le attivit\u00e0 nel backlog, vengono creati gli sprint, le pagine non si bloccano. Esiste un ordinamento delle attivit\u00e0 per cartelle utilizzando il metodo di trascinamento della selezione. Comodi filtri su diversi parametri, che aiuta a trovare l&#8217;attivit\u00e0 giusta quando ce ne sono diverse centinaia.<\/p>\n<p><strong>Inconvenienti<\/strong>: nessuna categoria di collegamento automatico alle attivit\u00e0, quando la si crea in una cartella, \u00e8 necessario assegnarla manualmente. Se hai dimenticato, cercalo alla fine dell&#8217;elenco. Ci sono attivit\u00e0 secondarie, ma non esiste una lista di controllo.<\/p>\n","protected":false},"excerpt":{"rendered":"<p>Flowlu \u00e8 un potente sistema di gestione aziendale basato su cloud che fornisce gli strumenti necessari per gestire un&#8217;azienda in modo efficace, che combina strumenti di gestione dei progetti, vendite, collaborazione social e CRM per le aziende moderne. Il programma consente ai\u00a0manager aziendali di tenere traccia delle attivit\u00e0 dei dipendenti e comprenderne i problemi.<\/p>\n","protected":false},"author":19,"featured_media":19391,"parent":8333,"menu_order":0,"comment_status":"open","ping_status":"closed","template":"g1_template_page_review_new.php","meta":{"_acf_changed":false,"cwp_meta_box_check":"Yes","cwp_rev_product_name":"","cwp_rev_product_image":"","wppr_links":[],"cwp_rev_price":"","wppr_options":[],"wppr_pros":[],"wppr_cons":[],"_monsterinsights_skip_tracking":false,"_monsterinsights_sitenote_active":false,"_monsterinsights_sitenote_note":"","_monsterinsights_sitenote_category":0,"footnotes":""},"categories":[172],"tags":[396,1390,366,427,1310,418,1309,1239,1320],"features":[],"class_list":{"0":"post-19390","1":"page","2":"type-page","3":"status-publish","4":"has-post-thumbnail","6":"category-online-project-management-it","7":"tag-cloud","8":"tag-flowlu","9":"tag-gestione-aziendale","10":"tag-programma-crm","11":"tag-programma-project-management","12":"tag-software-crm","13":"tag-software-project-management","14":"tag-soluzione-crm","15":"tag-soluzione-project-management"},"wppr_data":{"cwp_meta_box_check":"Yes","cwp_rev_product_name":"","cwp_rev_product_image":"","cwp_image_link":"image","cwp_rev_price":"","wppr_rating":"0.00"},"acf":[],"yoast_head":"<!-- This site is optimized with the Yoast SEO plugin v27.4 - https:\/\/yoast.com\/product\/yoast-seo-wordpress\/ -->\n<title>Flowlu: recensione software Project Management- Accurate Reviews<\/title>\n<meta name=\"description\" content=\"Flowlu: recensione software project management completo che fornisce strumenti potenti che consentono alle aziende di ottimizzare le propie operazioni.\" \/>\n<meta name=\"robots\" content=\"index, follow, max-snippet:-1, max-image-preview:large, max-video-preview:-1\" \/>\n<link rel=\"canonical\" href=\"https:\/\/www.accuratereviews.com\/it\/project-management-online-lista-software\/flowlu-recensione\/\" \/>\n<meta property=\"og:locale\" content=\"it_IT\" \/>\n<meta property=\"og:type\" content=\"article\" \/>\n<meta property=\"og:title\" content=\"Flowlu: recensione software Project Management- Accurate Reviews\" \/>\n<meta property=\"og:description\" content=\"Flowlu: recensione software project management completo che fornisce strumenti potenti che consentono alle aziende di ottimizzare le propie operazioni.\" \/>\n<meta property=\"og:url\" content=\"https:\/\/www.accuratereviews.com\/it\/project-management-online-lista-software\/flowlu-recensione\/\" \/>\n<meta property=\"og:site_name\" content=\"Accurate Reviews\" \/>\n<meta property=\"article:modified_time\" content=\"2020-12-30T20:52:56+00:00\" \/>\n<meta property=\"og:image\" content=\"https:\/\/www.accuratereviews.com\/wp-content\/uploads\/2019\/10\/Flowlu-logo.png\" \/>\n\t<meta property=\"og:image:width\" content=\"905\" \/>\n\t<meta property=\"og:image:height\" content=\"327\" \/>\n\t<meta property=\"og:image:type\" content=\"image\/png\" \/>\n<meta name=\"twitter:card\" content=\"summary_large_image\" \/>\n<meta name=\"twitter:label1\" content=\"Tempo di lettura stimato\" \/>\n\t<meta name=\"twitter:data1\" content=\"5 minuti\" \/>\n<script type=\"application\/ld+json\" class=\"yoast-schema-graph\">{\"@context\":\"https:\\\/\\\/schema.org\",\"@graph\":[{\"@type\":\"WebPage\",\"@id\":\"https:\\\/\\\/www.accuratereviews.com\\\/it\\\/project-management-online-lista-software\\\/flowlu-recensione\\\/\",\"url\":\"https:\\\/\\\/www.accuratereviews.com\\\/it\\\/project-management-online-lista-software\\\/flowlu-recensione\\\/\",\"name\":\"Flowlu: recensione software Project Management- Accurate Reviews\",\"isPartOf\":{\"@id\":\"https:\\\/\\\/www.accuratereviews.com\\\/it\\\/#website\"},\"primaryImageOfPage\":{\"@id\":\"https:\\\/\\\/www.accuratereviews.com\\\/it\\\/project-management-online-lista-software\\\/flowlu-recensione\\\/#primaryimage\"},\"image\":{\"@id\":\"https:\\\/\\\/www.accuratereviews.com\\\/it\\\/project-management-online-lista-software\\\/flowlu-recensione\\\/#primaryimage\"},\"thumbnailUrl\":\"https:\\\/\\\/www.accuratereviews.com\\\/wp-content\\\/uploads\\\/2019\\\/10\\\/Flowlu-logo.png\",\"datePublished\":\"2019-10-22T15:32:16+00:00\",\"dateModified\":\"2020-12-30T20:52:56+00:00\",\"description\":\"Flowlu: recensione software project management completo che fornisce strumenti potenti che consentono alle aziende di ottimizzare le propie operazioni.\",\"breadcrumb\":{\"@id\":\"https:\\\/\\\/www.accuratereviews.com\\\/it\\\/project-management-online-lista-software\\\/flowlu-recensione\\\/#breadcrumb\"},\"inLanguage\":\"it-IT\",\"potentialAction\":[{\"@type\":\"ReadAction\",\"target\":[\"https:\\\/\\\/www.accuratereviews.com\\\/it\\\/project-management-online-lista-software\\\/flowlu-recensione\\\/\"]}]},{\"@type\":\"ImageObject\",\"inLanguage\":\"it-IT\",\"@id\":\"https:\\\/\\\/www.accuratereviews.com\\\/it\\\/project-management-online-lista-software\\\/flowlu-recensione\\\/#primaryimage\",\"url\":\"https:\\\/\\\/www.accuratereviews.com\\\/wp-content\\\/uploads\\\/2019\\\/10\\\/Flowlu-logo.png\",\"contentUrl\":\"https:\\\/\\\/www.accuratereviews.com\\\/wp-content\\\/uploads\\\/2019\\\/10\\\/Flowlu-logo.png\",\"width\":905,\"height\":327},{\"@type\":\"BreadcrumbList\",\"@id\":\"https:\\\/\\\/www.accuratereviews.com\\\/it\\\/project-management-online-lista-software\\\/flowlu-recensione\\\/#breadcrumb\",\"itemListElement\":[{\"@type\":\"ListItem\",\"position\":1,\"name\":\"Home\",\"item\":\"https:\\\/\\\/www.accuratereviews.com\\\/it\\\/\"},{\"@type\":\"ListItem\",\"position\":2,\"name\":\"Project Management Online\",\"item\":\"https:\\\/\\\/www.accuratereviews.com\\\/it\\\/project-management-online-lista-software\\\/\"},{\"@type\":\"ListItem\",\"position\":3,\"name\":\"Flowlu\"}]},{\"@type\":\"WebSite\",\"@id\":\"https:\\\/\\\/www.accuratereviews.com\\\/it\\\/#website\",\"url\":\"https:\\\/\\\/www.accuratereviews.com\\\/it\\\/\",\"name\":\"Accurate Reviews\",\"description\":\"\",\"potentialAction\":[{\"@type\":\"SearchAction\",\"target\":{\"@type\":\"EntryPoint\",\"urlTemplate\":\"https:\\\/\\\/www.accuratereviews.com\\\/it\\\/?s={search_term_string}\"},\"query-input\":{\"@type\":\"PropertyValueSpecification\",\"valueRequired\":true,\"valueName\":\"search_term_string\"}}],\"inLanguage\":\"it-IT\"}]}<\/script>\n<!-- \/ Yoast SEO plugin. -->","yoast_head_json":{"title":"Flowlu: recensione software Project Management- Accurate Reviews","description":"Flowlu: recensione software project management completo che fornisce strumenti potenti che consentono alle aziende di ottimizzare le propie operazioni.","robots":{"index":"index","follow":"follow","max-snippet":"max-snippet:-1","max-image-preview":"max-image-preview:large","max-video-preview":"max-video-preview:-1"},"canonical":"https:\/\/www.accuratereviews.com\/it\/project-management-online-lista-software\/flowlu-recensione\/","og_locale":"it_IT","og_type":"article","og_title":"Flowlu: recensione software Project Management- Accurate Reviews","og_description":"Flowlu: recensione software project management completo che fornisce strumenti potenti che consentono alle aziende di ottimizzare le propie operazioni.","og_url":"https:\/\/www.accuratereviews.com\/it\/project-management-online-lista-software\/flowlu-recensione\/","og_site_name":"Accurate Reviews","article_modified_time":"2020-12-30T20:52:56+00:00","og_image":[{"width":905,"height":327,"url":"https:\/\/www.accuratereviews.com\/wp-content\/uploads\/2019\/10\/Flowlu-logo.png","type":"image\/png"}],"twitter_card":"summary_large_image","twitter_misc":{"Tempo di lettura stimato":"5 minuti"},"schema":{"@context":"https:\/\/schema.org","@graph":[{"@type":"WebPage","@id":"https:\/\/www.accuratereviews.com\/it\/project-management-online-lista-software\/flowlu-recensione\/","url":"https:\/\/www.accuratereviews.com\/it\/project-management-online-lista-software\/flowlu-recensione\/","name":"Flowlu: recensione software Project Management- Accurate Reviews","isPartOf":{"@id":"https:\/\/www.accuratereviews.com\/it\/#website"},"primaryImageOfPage":{"@id":"https:\/\/www.accuratereviews.com\/it\/project-management-online-lista-software\/flowlu-recensione\/#primaryimage"},"image":{"@id":"https:\/\/www.accuratereviews.com\/it\/project-management-online-lista-software\/flowlu-recensione\/#primaryimage"},"thumbnailUrl":"https:\/\/www.accuratereviews.com\/wp-content\/uploads\/2019\/10\/Flowlu-logo.png","datePublished":"2019-10-22T15:32:16+00:00","dateModified":"2020-12-30T20:52:56+00:00","description":"Flowlu: recensione software project management completo che fornisce strumenti potenti che consentono alle aziende di ottimizzare le propie operazioni.","breadcrumb":{"@id":"https:\/\/www.accuratereviews.com\/it\/project-management-online-lista-software\/flowlu-recensione\/#breadcrumb"},"inLanguage":"it-IT","potentialAction":[{"@type":"ReadAction","target":["https:\/\/www.accuratereviews.com\/it\/project-management-online-lista-software\/flowlu-recensione\/"]}]},{"@type":"ImageObject","inLanguage":"it-IT","@id":"https:\/\/www.accuratereviews.com\/it\/project-management-online-lista-software\/flowlu-recensione\/#primaryimage","url":"https:\/\/www.accuratereviews.com\/wp-content\/uploads\/2019\/10\/Flowlu-logo.png","contentUrl":"https:\/\/www.accuratereviews.com\/wp-content\/uploads\/2019\/10\/Flowlu-logo.png","width":905,"height":327},{"@type":"BreadcrumbList","@id":"https:\/\/www.accuratereviews.com\/it\/project-management-online-lista-software\/flowlu-recensione\/#breadcrumb","itemListElement":[{"@type":"ListItem","position":1,"name":"Home","item":"https:\/\/www.accuratereviews.com\/it\/"},{"@type":"ListItem","position":2,"name":"Project Management Online","item":"https:\/\/www.accuratereviews.com\/it\/project-management-online-lista-software\/"},{"@type":"ListItem","position":3,"name":"Flowlu"}]},{"@type":"WebSite","@id":"https:\/\/www.accuratereviews.com\/it\/#website","url":"https:\/\/www.accuratereviews.com\/it\/","name":"Accurate Reviews","description":"","potentialAction":[{"@type":"SearchAction","target":{"@type":"EntryPoint","urlTemplate":"https:\/\/www.accuratereviews.com\/it\/?s={search_term_string}"},"query-input":{"@type":"PropertyValueSpecification","valueRequired":true,"valueName":"search_term_string"}}],"inLanguage":"it-IT"}]}},"_links":{"self":[{"href":"https:\/\/www.accuratereviews.com\/it\/wp-json\/wp\/v2\/pages\/19390","targetHints":{"allow":["GET"]}}],"collection":[{"href":"https:\/\/www.accuratereviews.com\/it\/wp-json\/wp\/v2\/pages"}],"about":[{"href":"https:\/\/www.accuratereviews.com\/it\/wp-json\/wp\/v2\/types\/page"}],"author":[{"embeddable":true,"href":"https:\/\/www.accuratereviews.com\/it\/wp-json\/wp\/v2\/users\/19"}],"replies":[{"embeddable":true,"href":"https:\/\/www.accuratereviews.com\/it\/wp-json\/wp\/v2\/comments?post=19390"}],"version-history":[{"count":10,"href":"https:\/\/www.accuratereviews.com\/it\/wp-json\/wp\/v2\/pages\/19390\/revisions"}],"predecessor-version":[{"id":34446,"href":"https:\/\/www.accuratereviews.com\/it\/wp-json\/wp\/v2\/pages\/19390\/revisions\/34446"}],"up":[{"embeddable":true,"href":"https:\/\/www.accuratereviews.com\/it\/wp-json\/wp\/v2\/pages\/8333"}],"wp:featuredmedia":[{"embeddable":true,"href":"https:\/\/www.accuratereviews.com\/it\/wp-json\/wp\/v2\/media\/19391"}],"wp:attachment":[{"href":"https:\/\/www.accuratereviews.com\/it\/wp-json\/wp\/v2\/media?parent=19390"}],"wp:term":[{"taxonomy":"category","embeddable":true,"href":"https:\/\/www.accuratereviews.com\/it\/wp-json\/wp\/v2\/categories?post=19390"},{"taxonomy":"post_tag","embeddable":true,"href":"https:\/\/www.accuratereviews.com\/it\/wp-json\/wp\/v2\/tags?post=19390"},{"taxonomy":"features","embeddable":true,"href":"https:\/\/www.accuratereviews.com\/it\/wp-json\/wp\/v2\/features?post=19390"}],"curies":[{"name":"wp","href":"https:\/\/api.w.org\/{rel}","templated":true}]}}