{"id":19397,"date":"2019-10-22T15:32:44","date_gmt":"2019-10-22T15:32:44","guid":{"rendered":"https:\/\/www.accuratereviews.com\/?page_id=19397"},"modified":"2020-12-30T16:38:49","modified_gmt":"2020-12-30T16:38:49","slug":"project-planning-pro-recensione","status":"publish","type":"page","link":"https:\/\/www.accuratereviews.com\/it\/project-management-online-lista-software\/project-planning-pro-recensione\/","title":{"rendered":"Project Planning Pro"},"content":{"rendered":"<p><strong>Project Planning Pro<\/strong> \u00e8 uno strumento di<strong> project management<\/strong>\u00a0intuitivo e facile da usare che ha l&#8217;obiettivo di migliorare l&#8217;<strong>organizzazione lavorativa\u00a0<\/strong>del team. \u00c8 rivolto principalmente a project manager e a team di qualsiasi dimensione che hanno bisogno di <strong>creare e gestire attivit\u00e0, programmi e progetti<\/strong> in modo semplice e veloce. Con questo programma puoi importare i tuoi file di Microsoft Project ed utilizzare i<strong> diagrammi di Gantt<\/strong> per avere una panoramica dei compiti programmati e delle relative scadenze. Inoltre potrai assegnare risorse, personalizzare il tuo calendario, programmare determinate attivit\u00e0, monitorare l&#8217;intera <strong>gestione del progetto<\/strong> cos\u00ec da ridurre i costi, i tempi ed aumentare la produttivit\u00e0 dell&#8217;intero team.<\/p>\n<h2>COME UTILIZZARE PROJECT PLANNING PRO &#8211; TUTORIAL<\/h2>\n<p>Diamo uno sguardo a questo video per comprendere come usare Project Planning Pro:<\/p>\n<div id=\"fluid-wrapper-counter-1\" class=\"g1-fluid-wrapper \" style=\"width:686px;\">\n<div style=\"padding-bottom:56.268221574344%;\"><iframe loading=\"lazy\" title=\"Project Planning Pro - Demo Video\" width=\"686\" height=\"386\" src=\"https:\/\/www.youtube.com\/embed\/j_k6SjzgE8k?feature=oembed&amp;wmode=transparent&amp;autohide=1&amp;autoplay=0&amp;disablekb=0&amp;fs=1&amp;loop=0&amp;enablejsapi=1&amp;rel=0&amp;controls=2&amp;showinfo=0&amp;wmode=transparent&amp;autohide=2&amp;autoplay=0&amp;disablekb=0&amp;fs=1&amp;loop=0&amp;enablejsapi=1&amp;rel=0&amp;controls=2&amp;showinfo=1\" frameborder=\"0\" allow=\"accelerometer; autoplay; encrypted-media; gyroscope; picture-in-picture\" allowfullscreen><\/iframe><\/div>\n<\/div>\n<h3>PROJECT PLANNING PRO &#8211; CARATTERISTICHE<\/h3>\n<p>Ecco le sue principali caratteristiche:<\/p>\n<ul>\n<li><strong>Pianificazione e gestione dei progetti<\/strong>: crea, pianifica e gestisci il tuo progetto dall&#8217;inizio alla fine<\/li>\n<li><strong>Gestione delle risorse<\/strong>: assegna le attivit\u00e0 alle risorse disponibili aggiungendo budget e i costi da sostenere per quella determinata attivit\u00e0<\/li>\n<li><strong>Monitoraggio<\/strong>: tieni sempre d&#8217;occhio le tue risorse ovunque e in qualsiasi momento<\/li>\n<li><strong>Gestione del calendario<\/strong>: organizza e personalizza il tuo calendario con i programmi e le attivit\u00e0 da svolgere<\/li>\n<li><strong>Grafici Gantt<\/strong>: utilizza questo strumento per\u00a0avere una panoramica dei compiti programmati e delle relative scadenze<\/li>\n<li><strong>Importazione ed esportazione progetti<\/strong>: importa ed esporta file su Dropbox, Gmail, Google Drive ecc.<\/li>\n<\/ul>\n<h3>LE RECENSIONI DEGLI UTENTI<\/h3>\n<ul>\n<li><strong>&#8220;Project Planning Pro&#8221;<\/strong><br \/>\nIN GENERALE: Nel complesso, adoro il modo in cui questo programma aiuta me e il mio team a seguire i progetti. Ci ha aiutato a fornire aggiornamenti sulla leadership in loco.<br \/>\nPRO: adoro la disponibilit\u00e0 di non partire da zero. Posso caricare la cronologia del mio progetto da Dropbox, e-mail e o GServer. Mi piace sapere quanti giorni trascorro su ciascun progetto e le colonne &#8220;durata&#8221; in Informazioni attivit\u00e0 che mi consentono di vedere i giorni totali cos\u00ec da poter confrontare quanto tempo impiegher\u00e0 ogni progetto proiettato. ADORO anche il fatto di poter aggiungere risorse a ciascun progetto.<br \/>\nCONTRO: I colori e le frecce della timeline compilati possono sembrare schiaccianti per un nuovo utente del tempo, ma una volta che ti senti a tuo agio con il programma, impari ad amare le frecce.<\/li>\n<li><strong>&#8220;Mi \u00e8 piaciuto usare il programma e ha facilitato l&#8217;invio di informazioni a tutti i sotto-scambi&#8221;<\/strong><br \/>\nPRO: Mi piace vedere attraverso il file Gantt come va tutto l&#8217;insieme. La possibilit\u00e0 di aggiungere o eliminare elementi secondo necessit\u00e0. Adoro che cambia automaticamente tutto quando cambi una data.<br \/>\nCONTRO: Non mi piace il fatto di non poter stampare direttamente dal programma stesso, devo sempre inviarmi e-mail e questo \u00e8 frustrante. Non esiste nemmeno un salvataggio automatico.<\/li>\n<li><strong>&#8220;Ottimo per la pianificazione in movimento&#8221;<\/strong><br \/>\nIN GENERALE: gestione di progetti esistenti in un&#8217;app mobile.<br \/>\nPRO: facile da usare e con report decenti. Dopo aver provato la maggior parte delle app per iPad iOS gratuite e a pagamento per la gestione dei progetti, questa \u00e8 di gran lunga la pi\u00f9 facile da usare dopo essere venuta da un background di Microsoft Project. I grafici e le linee temporali si aggiornano automaticamente e senza intoppi, ma senza utilizzare tutta la memoria dell&#8217;iPad (diversamente dalle app di Microsoft). La capacit\u00e0 di importare file MSP esistenti \u00e8 cruciale e, sebbene ci siano alcune nuove funzionalit\u00e0 MSP che non sempre importano perfettamente, questa app \u00e8 molto pi\u00f9 avanti delle altre app iOS di gestione del progetto che ho provato.<br \/>\nVale la pena imparare a usare, con molte funzionalit\u00e0 per mettere a punto i progetti &#8220;in movimento&#8221;.<br \/>\nCONTRO: non gestisce sempre tutti gli aspetti dei file MSproject durante l&#8217;importazione. Tuttavia, fa un lavoro molto migliore rispetto ad altre app iOS.<\/li>\n<\/ul>\n","protected":false},"excerpt":{"rendered":"<p>Project Planning Pro \u00e8 uno strumento di project management\u00a0intuitivo e facile da usare che ha l&#8217;obiettivo di migliorare l&#8217;organizzazione lavorativa del team. \u00c8 rivolto principalmente a project manager e a team di qualsiasi dimensione che hanno bisogno di creare e gestire attivit\u00e0, programmi e progetti in modo semplice e veloce.<\/p>\n","protected":false},"author":17,"featured_media":19399,"parent":8333,"menu_order":0,"comment_status":"open","ping_status":"closed","template":"g1_template_page_review_new.php","meta":{"_acf_changed":false,"cwp_meta_box_check":"Yes","cwp_rev_product_name":"","cwp_rev_product_image":"","wppr_links":[],"cwp_rev_price":"","wppr_options":[],"wppr_pros":[],"wppr_cons":[],"_monsterinsights_skip_tracking":false,"_monsterinsights_sitenote_active":false,"_monsterinsights_sitenote_note":"","_monsterinsights_sitenote_category":0,"footnotes":""},"categories":[172],"tags":[1324,1316,1310,1314],"features":[],"class_list":{"0":"post-19397","1":"page","2":"type-page","3":"status-publish","4":"has-post-thumbnail","6":"category-online-project-management-it","7":"tag-gestione-dei-progetti","8":"tag-online-project-management","9":"tag-programma-project-management","10":"tag-project-management-software"},"wppr_data":{"cwp_meta_box_check":"Yes","cwp_rev_product_name":"","cwp_rev_product_image":"","cwp_image_link":"image","cwp_rev_price":"","wppr_rating":"0.00"},"acf":[],"yoast_head":"<!-- This site is optimized with the Yoast SEO plugin v27.4 - https:\/\/yoast.com\/product\/yoast-seo-wordpress\/ -->\n<title>Project Planning Pro: recensione programma - Accurate Reviews<\/title>\n<meta name=\"description\" content=\"Project Planning Pro: recensione dello strumento di project management intuitivo che ha l&#039;obiettivo di migliorare l&#039;organizzazione lavorativa del team.\" \/>\n<meta name=\"robots\" content=\"index, follow, max-snippet:-1, max-image-preview:large, max-video-preview:-1\" \/>\n<link rel=\"canonical\" href=\"https:\/\/www.accuratereviews.com\/it\/project-management-online-lista-software\/project-planning-pro-recensione\/\" \/>\n<meta property=\"og:locale\" content=\"it_IT\" \/>\n<meta property=\"og:type\" content=\"article\" \/>\n<meta property=\"og:title\" content=\"Project Planning Pro: recensione programma - Accurate Reviews\" \/>\n<meta property=\"og:description\" content=\"Project Planning Pro: recensione dello strumento di project management intuitivo che ha l&#039;obiettivo di migliorare l&#039;organizzazione lavorativa del team.\" \/>\n<meta property=\"og:url\" content=\"https:\/\/www.accuratereviews.com\/it\/project-management-online-lista-software\/project-planning-pro-recensione\/\" \/>\n<meta property=\"og:site_name\" content=\"Accurate Reviews\" \/>\n<meta property=\"article:modified_time\" content=\"2020-12-30T16:38:49+00:00\" \/>\n<meta property=\"og:image\" content=\"https:\/\/www.accuratereviews.com\/wp-content\/uploads\/2019\/10\/Unknown.jpeg\" \/>\n\t<meta property=\"og:image:width\" content=\"225\" \/>\n\t<meta property=\"og:image:height\" content=\"225\" \/>\n\t<meta property=\"og:image:type\" content=\"image\/jpeg\" \/>\n<meta name=\"twitter:card\" content=\"summary_large_image\" \/>\n<meta name=\"twitter:label1\" content=\"Tempo di lettura stimato\" \/>\n\t<meta name=\"twitter:data1\" content=\"3 minuti\" \/>\n<script type=\"application\/ld+json\" class=\"yoast-schema-graph\">{\"@context\":\"https:\\\/\\\/schema.org\",\"@graph\":[{\"@type\":\"WebPage\",\"@id\":\"https:\\\/\\\/www.accuratereviews.com\\\/it\\\/project-management-online-lista-software\\\/project-planning-pro-recensione\\\/\",\"url\":\"https:\\\/\\\/www.accuratereviews.com\\\/it\\\/project-management-online-lista-software\\\/project-planning-pro-recensione\\\/\",\"name\":\"Project Planning Pro: recensione programma - Accurate Reviews\",\"isPartOf\":{\"@id\":\"https:\\\/\\\/www.accuratereviews.com\\\/it\\\/#website\"},\"primaryImageOfPage\":{\"@id\":\"https:\\\/\\\/www.accuratereviews.com\\\/it\\\/project-management-online-lista-software\\\/project-planning-pro-recensione\\\/#primaryimage\"},\"image\":{\"@id\":\"https:\\\/\\\/www.accuratereviews.com\\\/it\\\/project-management-online-lista-software\\\/project-planning-pro-recensione\\\/#primaryimage\"},\"thumbnailUrl\":\"https:\\\/\\\/www.accuratereviews.com\\\/wp-content\\\/uploads\\\/2019\\\/10\\\/Unknown.jpeg\",\"datePublished\":\"2019-10-22T15:32:44+00:00\",\"dateModified\":\"2020-12-30T16:38:49+00:00\",\"description\":\"Project Planning Pro: recensione dello strumento di project management intuitivo che ha l'obiettivo di migliorare l'organizzazione lavorativa del team.\",\"breadcrumb\":{\"@id\":\"https:\\\/\\\/www.accuratereviews.com\\\/it\\\/project-management-online-lista-software\\\/project-planning-pro-recensione\\\/#breadcrumb\"},\"inLanguage\":\"it-IT\",\"potentialAction\":[{\"@type\":\"ReadAction\",\"target\":[\"https:\\\/\\\/www.accuratereviews.com\\\/it\\\/project-management-online-lista-software\\\/project-planning-pro-recensione\\\/\"]}]},{\"@type\":\"ImageObject\",\"inLanguage\":\"it-IT\",\"@id\":\"https:\\\/\\\/www.accuratereviews.com\\\/it\\\/project-management-online-lista-software\\\/project-planning-pro-recensione\\\/#primaryimage\",\"url\":\"https:\\\/\\\/www.accuratereviews.com\\\/wp-content\\\/uploads\\\/2019\\\/10\\\/Unknown.jpeg\",\"contentUrl\":\"https:\\\/\\\/www.accuratereviews.com\\\/wp-content\\\/uploads\\\/2019\\\/10\\\/Unknown.jpeg\",\"width\":225,\"height\":225},{\"@type\":\"BreadcrumbList\",\"@id\":\"https:\\\/\\\/www.accuratereviews.com\\\/it\\\/project-management-online-lista-software\\\/project-planning-pro-recensione\\\/#breadcrumb\",\"itemListElement\":[{\"@type\":\"ListItem\",\"position\":1,\"name\":\"Home\",\"item\":\"https:\\\/\\\/www.accuratereviews.com\\\/it\\\/\"},{\"@type\":\"ListItem\",\"position\":2,\"name\":\"Project Management Online\",\"item\":\"https:\\\/\\\/www.accuratereviews.com\\\/it\\\/project-management-online-lista-software\\\/\"},{\"@type\":\"ListItem\",\"position\":3,\"name\":\"Project Planning Pro\"}]},{\"@type\":\"WebSite\",\"@id\":\"https:\\\/\\\/www.accuratereviews.com\\\/it\\\/#website\",\"url\":\"https:\\\/\\\/www.accuratereviews.com\\\/it\\\/\",\"name\":\"Accurate Reviews\",\"description\":\"\",\"potentialAction\":[{\"@type\":\"SearchAction\",\"target\":{\"@type\":\"EntryPoint\",\"urlTemplate\":\"https:\\\/\\\/www.accuratereviews.com\\\/it\\\/?s={search_term_string}\"},\"query-input\":{\"@type\":\"PropertyValueSpecification\",\"valueRequired\":true,\"valueName\":\"search_term_string\"}}],\"inLanguage\":\"it-IT\"}]}<\/script>\n<!-- \/ Yoast SEO plugin. -->","yoast_head_json":{"title":"Project Planning Pro: recensione programma - Accurate Reviews","description":"Project Planning Pro: recensione dello strumento di project management intuitivo che ha l'obiettivo di migliorare l'organizzazione lavorativa del team.","robots":{"index":"index","follow":"follow","max-snippet":"max-snippet:-1","max-image-preview":"max-image-preview:large","max-video-preview":"max-video-preview:-1"},"canonical":"https:\/\/www.accuratereviews.com\/it\/project-management-online-lista-software\/project-planning-pro-recensione\/","og_locale":"it_IT","og_type":"article","og_title":"Project Planning Pro: recensione programma - Accurate Reviews","og_description":"Project Planning Pro: recensione dello strumento di project management intuitivo che ha l'obiettivo di migliorare l'organizzazione lavorativa del team.","og_url":"https:\/\/www.accuratereviews.com\/it\/project-management-online-lista-software\/project-planning-pro-recensione\/","og_site_name":"Accurate Reviews","article_modified_time":"2020-12-30T16:38:49+00:00","og_image":[{"width":225,"height":225,"url":"https:\/\/www.accuratereviews.com\/wp-content\/uploads\/2019\/10\/Unknown.jpeg","type":"image\/jpeg"}],"twitter_card":"summary_large_image","twitter_misc":{"Tempo di lettura stimato":"3 minuti"},"schema":{"@context":"https:\/\/schema.org","@graph":[{"@type":"WebPage","@id":"https:\/\/www.accuratereviews.com\/it\/project-management-online-lista-software\/project-planning-pro-recensione\/","url":"https:\/\/www.accuratereviews.com\/it\/project-management-online-lista-software\/project-planning-pro-recensione\/","name":"Project Planning Pro: recensione programma - Accurate Reviews","isPartOf":{"@id":"https:\/\/www.accuratereviews.com\/it\/#website"},"primaryImageOfPage":{"@id":"https:\/\/www.accuratereviews.com\/it\/project-management-online-lista-software\/project-planning-pro-recensione\/#primaryimage"},"image":{"@id":"https:\/\/www.accuratereviews.com\/it\/project-management-online-lista-software\/project-planning-pro-recensione\/#primaryimage"},"thumbnailUrl":"https:\/\/www.accuratereviews.com\/wp-content\/uploads\/2019\/10\/Unknown.jpeg","datePublished":"2019-10-22T15:32:44+00:00","dateModified":"2020-12-30T16:38:49+00:00","description":"Project Planning Pro: recensione dello strumento di project management intuitivo che ha l'obiettivo di migliorare l'organizzazione lavorativa del team.","breadcrumb":{"@id":"https:\/\/www.accuratereviews.com\/it\/project-management-online-lista-software\/project-planning-pro-recensione\/#breadcrumb"},"inLanguage":"it-IT","potentialAction":[{"@type":"ReadAction","target":["https:\/\/www.accuratereviews.com\/it\/project-management-online-lista-software\/project-planning-pro-recensione\/"]}]},{"@type":"ImageObject","inLanguage":"it-IT","@id":"https:\/\/www.accuratereviews.com\/it\/project-management-online-lista-software\/project-planning-pro-recensione\/#primaryimage","url":"https:\/\/www.accuratereviews.com\/wp-content\/uploads\/2019\/10\/Unknown.jpeg","contentUrl":"https:\/\/www.accuratereviews.com\/wp-content\/uploads\/2019\/10\/Unknown.jpeg","width":225,"height":225},{"@type":"BreadcrumbList","@id":"https:\/\/www.accuratereviews.com\/it\/project-management-online-lista-software\/project-planning-pro-recensione\/#breadcrumb","itemListElement":[{"@type":"ListItem","position":1,"name":"Home","item":"https:\/\/www.accuratereviews.com\/it\/"},{"@type":"ListItem","position":2,"name":"Project Management Online","item":"https:\/\/www.accuratereviews.com\/it\/project-management-online-lista-software\/"},{"@type":"ListItem","position":3,"name":"Project Planning Pro"}]},{"@type":"WebSite","@id":"https:\/\/www.accuratereviews.com\/it\/#website","url":"https:\/\/www.accuratereviews.com\/it\/","name":"Accurate Reviews","description":"","potentialAction":[{"@type":"SearchAction","target":{"@type":"EntryPoint","urlTemplate":"https:\/\/www.accuratereviews.com\/it\/?s={search_term_string}"},"query-input":{"@type":"PropertyValueSpecification","valueRequired":true,"valueName":"search_term_string"}}],"inLanguage":"it-IT"}]}},"_links":{"self":[{"href":"https:\/\/www.accuratereviews.com\/it\/wp-json\/wp\/v2\/pages\/19397","targetHints":{"allow":["GET"]}}],"collection":[{"href":"https:\/\/www.accuratereviews.com\/it\/wp-json\/wp\/v2\/pages"}],"about":[{"href":"https:\/\/www.accuratereviews.com\/it\/wp-json\/wp\/v2\/types\/page"}],"author":[{"embeddable":true,"href":"https:\/\/www.accuratereviews.com\/it\/wp-json\/wp\/v2\/users\/17"}],"replies":[{"embeddable":true,"href":"https:\/\/www.accuratereviews.com\/it\/wp-json\/wp\/v2\/comments?post=19397"}],"version-history":[{"count":1,"href":"https:\/\/www.accuratereviews.com\/it\/wp-json\/wp\/v2\/pages\/19397\/revisions"}],"predecessor-version":[{"id":19408,"href":"https:\/\/www.accuratereviews.com\/it\/wp-json\/wp\/v2\/pages\/19397\/revisions\/19408"}],"up":[{"embeddable":true,"href":"https:\/\/www.accuratereviews.com\/it\/wp-json\/wp\/v2\/pages\/8333"}],"wp:featuredmedia":[{"embeddable":true,"href":"https:\/\/www.accuratereviews.com\/it\/wp-json\/wp\/v2\/media\/19399"}],"wp:attachment":[{"href":"https:\/\/www.accuratereviews.com\/it\/wp-json\/wp\/v2\/media?parent=19397"}],"wp:term":[{"taxonomy":"category","embeddable":true,"href":"https:\/\/www.accuratereviews.com\/it\/wp-json\/wp\/v2\/categories?post=19397"},{"taxonomy":"post_tag","embeddable":true,"href":"https:\/\/www.accuratereviews.com\/it\/wp-json\/wp\/v2\/tags?post=19397"},{"taxonomy":"features","embeddable":true,"href":"https:\/\/www.accuratereviews.com\/it\/wp-json\/wp\/v2\/features?post=19397"}],"curies":[{"name":"wp","href":"https:\/\/api.w.org\/{rel}","templated":true}]}}