{"id":19415,"date":"2019-10-23T15:27:35","date_gmt":"2019-10-23T15:27:35","guid":{"rendered":"https:\/\/www.accuratereviews.com\/?page_id=19415"},"modified":"2020-11-10T14:34:47","modified_gmt":"2020-11-10T14:34:47","slug":"airtable-recensione","status":"publish","type":"page","link":"https:\/\/www.accuratereviews.com\/it\/project-management-online-lista-software\/airtable-recensione\/","title":{"rendered":"Airtable"},"content":{"rendered":"<p><strong>Airtable<\/strong> \u00e8 uno <strong>strumento di organizzazione e collaborazione<\/strong> intelligente che offre a team di qualsiasi dimensione un&#8217;unica piattaforma centralizzata da cui <strong>gestire progetti, clienti e idee.<\/strong> Essendo un sistema flessibile e ottimizzato per dispositivi mobili con app native per smartphone e desktop, Airtable consente agli utenti di organizzare qualsiasi cosa, con chiunque, ovunque.\u00a0Progettato per essere veloce e flessibile come un foglio di calcolo, ma con la potenza aggiuntiva di un database, la soluzione mira a fornire agli utenti una soluzione di collaborazione e organizzazione potente ma intuitiva. Oltre alle semplici funzionalit\u00e0 del foglio di calcolo, <strong>Airtable<\/strong> incorpora campi di testo avanzati, moduli e display personalizzabili, nonch\u00e9 collegamenti e integrazioni di contenuti intelligenti. Il software supporta l&#8217;integrazione con pi\u00f9 app come <strong>Dropbox, Slack e GitHub,<\/strong> consentendo agli utenti di gestire il movimento dei contenuti tra app in modo semplice e sicuro.\u00a0Con ricchi tipi di campi tra cui caselle di controllo, menu a discesa, note lunghe, codici a barre, trascinamento di file allegati e anteprime di documenti, consentendo agli utenti di organizzare tutto il contenuto in modo facile e conveniente. Gli utenti possono anche configurare la modalit\u00e0 di visualizzazione del contenuto e la disposizione dei record con le opzioni di visualizzazione della griglia, della galleria e del calendario insieme a potenti funzionalit\u00e0 di filtro, ordinamento e raggruppamento. Inoltre, gli utenti possono collegare il contenuto correlato tra le tabelle per evitare l&#8217;immissione di dati duplicati, nonch\u00e9 tag, messaggi e condividere direttamente i contenuti con i collaboratori. Per migliorare ulteriormente la collaborazione in team, Airtable salva e sincronizza le modifiche in modo sicuro e automatico su tutti i dispositivi.<\/p>\n<h2>AIRTABLE &#8211; TUTORIAL<\/h2>\n<p>In questo tutorial vedremo come utilizzare diversi tipi di campi e record collegati nel contesto della<strong> gestione del progetto:\u00a0<\/strong><\/p>\n<div id=\"fluid-wrapper-counter-1\" class=\"g1-fluid-wrapper \" style=\"width:686px;\">\n<div style=\"padding-bottom:56.268221574344%;\"><iframe loading=\"lazy\" title=\"Airtable Webinar: Exploring Project Management Workflows\" width=\"686\" height=\"386\" src=\"https:\/\/www.youtube.com\/embed\/GJ3i-2S3SVw?feature=oembed&amp;wmode=transparent&amp;autohide=1&amp;autoplay=0&amp;disablekb=0&amp;fs=1&amp;loop=0&amp;enablejsapi=1&amp;rel=0&amp;controls=2&amp;showinfo=0&amp;wmode=transparent&amp;autohide=2&amp;autoplay=0&amp;disablekb=0&amp;fs=1&amp;loop=0&amp;enablejsapi=1&amp;rel=0&amp;controls=2&amp;showinfo=1\" frameborder=\"0\" allow=\"accelerometer; autoplay; clipboard-write; encrypted-media; gyroscope; picture-in-picture\" allowfullscreen><\/iframe><\/div>\n<\/div>\n<h3>AIRTABLE &#8211; CARATTERISTICHE<\/h3>\n<ul>\n<li><strong>Organizza qualsiasi cosa, con chiunque, da qualsiasi luogo<\/strong>: Le app native per dispositivi mobili e desktop semplificano la modifica, i commenti e la collaborazione in tempo reale: le modifiche vengono immediatamente sincronizzate su tutti i dispositivi<\/li>\n<li><strong>Tipi di campi unici per i tuoi contenuti<\/strong>: I campi possono gestire qualsiasi contenuto che si lancia loro. Aggiungi allegati, note di testo lunghe, caselle di controllo, collegamenti ai record di altre tabelle, persino codici a barre. Qualunque cosa ti serva per rimanere organizzato<\/li>\n<li><strong>Configura la visualizzazione perfetta<\/strong>: liberati dalla griglia. Filtraggio, ordinamento e raggruppamento potenti ti danno la libert\u00e0 di organizzare il tuo lavoro come preferisci. Scegli le visualizzazioni giuste per i tuoi contenuti e salvale per accedervi facilmente in qualsiasi momento<\/li>\n<li><strong>Collega i contenuti in modo intelligente<\/strong>: d\u00ec addio per duplicare l&#8217;inserimento dei dati. Bastano pochi clic per collegare i record tra le tabelle, creando relazioni intelligenti<\/li>\n<li><strong>Integrazione con tutte le tue app<\/strong>:\u00a0\u00a0connettiti a centinaia delle tue app e servizi preferiti o accedi ai tuoi contenuti a livello di codice con la questa solida API.<\/li>\n<\/ul>\n<h4>LE RECENSIONI DEGLI UTENTI<\/h4>\n<h4>Jonathan H. &#8220;AirTable \u00e8 una forma avanzata di Excel&#8221;<\/h4>\n<p><strong>Commenti<\/strong>: Il mio team di lavoro utilizza airtable anzich\u00e9 Excel o Fogli Google per tenere registri condivisi, e questo ci \u00e8 stato molto utile soprattutto nel mantenere molte informazioni complesse in un posto che possiamo facilmente selezionare. Poich\u00e9 ha pi\u00f9 funzionalit\u00e0 di un foglio Excel tradizionale, come allegare documenti o immagini, \u00e8 un modo pi\u00f9 semplice per tenere traccia dei documenti rispetto a un sistema di archiviazione cloud tradizionale come Dropbox o Google Drive. Ci offre anche molti &#8220;blocchi&#8221; speciali che possiamo usare (ma che stiamo ancora esplorando) in modo da poter continuare a migliorare il nostro flusso di lavoro e la diffusione dei dati.<\/p>\n<p><strong>Vantaggi<\/strong>: adoro il fatto che funzioni come un documento Excel, ma puoi anche fare molto di pi\u00f9: allegare documenti, caselle di controllo, opzioni a discesa e molte altre cose. Ha ottime integrazioni con altre piattaforme ed \u00e8 facile da configurare per diverse funzioni che Excel non potrebbe mai offrire. Adoro anche i blocchi extra che puoi usare che ti danno pi\u00f9 opzioni per le funzioni, come la creazione di tabelle pivot, l&#8217;invio di testi, la conservazione di un organigramma e persino l&#8217;impostazione di un conto alla rovescia! Mi fa venire voglia di esplorare altri modi in cui posso usarlo per aiutare a migliorare il nostro flusso di lavoro all&#8217;interno del mio team di lavoro.<\/p>\n<p><strong>Inconvenienti<\/strong>: ci vuole un po &#8216;per abituarsi all&#8217;inizio se sei abituato a excel. Non \u00e8 un sostituto di Excel se stai cercando di creare un foglio tradizionale con bordi e non \u00e8 altrettanto facile evidenziare le celle selezionate e copiarle \/ incollarle in altri punti come in un foglio Excel. Inoltre, in realt\u00e0 non supporta la tradizionale formattazione Microsoft, che \u00e8 un po &#8216;fastidiosa quando si tenta di copiare informazioni. Ma visto che si tratta di un sistema migliore per contenere informazioni, i suoi vantaggi superano i contro e puoi facilmente usare Excel e Airtable su allo stesso tempo per supportare le tue varie esigenze.<\/p>\n<h4>Emma M. &#8220;Una manna dal cielo quotidiana&#8221;<\/h4>\n<p><strong>Commenti<\/strong>: Finora \u00e8 una risorsa d&#8217;oro per noi. Lo uso ogni giorno per il monitoraggio dei membri, la pianificazione del marketing, l&#8217;archiviazione di una cache di contenuti futuri, l&#8217;assegnazione dei membri del team come lead \u00a0\/ membri \/ ecc. Spero davvero, VERAMENTE, che questo programma rimanga attivo perch\u00e9 \u00e8 morto per noi in cos\u00ec tante arene.<\/p>\n<p><strong>Vantaggi<\/strong>: adoro le opzioni di personalizzazione. Apprezzo molto anche l&#8217;estetica, quanto sia facile nascondere \/ scoprire \/ spostare i campi, le capacit\u00e0 di filtro, i blocchi per l&#8217;editing collettivo, il collegamento tra i record e molto altro ancora.<\/p>\n<p><strong>Inconvenienti<\/strong>: mancano ancora alcuni pezzi che sarebbero molto utili per noi (la capacit\u00e0 di leggere i contenuti di una cella e applicare i risultati if-then e non solo contare i contenuti, per esempio). E pu\u00f2 diventare costoso rapidamente se hai una grande squadra.<\/p>\n<h4>Delia S. &#8220;Perch\u00e9 utilizzo Airtable per memorizzare i miei dati&#8221;<\/h4>\n<p><strong>Commenti<\/strong>: gestisco un sito chiamato Wikihospitals e visualizzo servizi internazionali di tecnologia sanitaria. Tutti questi dati devono essere collegati tra loro, quindi posso vedere informazioni come il paese di origine, i dettagli del fondatore, la tecnologia utilizzata e le specialit\u00e0 mediche coperte. Airtable \u00e8 stata una grande scoperta per me. Posso condividere facilmente i miei dati, incorporarli nel mio sito Web e ora li sto trasformando in un sito di directory completo.<\/p>\n<p><strong>Vantaggi<\/strong>: Prima di Airtable, i database preformattati erano piattaforme costose a cui iscriversi ed estremamente difficili da creare da zero (per i non programmatori). Airtable \u00e8 appena morto facile da usare. Sembra un foglio di calcolo ma si comporta come un database. \u00c8 possibile importare o esportare dati come file CSV. Puoi condividere un link o incorporare una vista nel tuo sito Web utilizzando il codice iframe. \u00c8 anche velocissimo. \u00c8 possibile collegare insieme un numero qualsiasi di &#8220;fogli&#8221; diversi. \u00c8 possibile selezionare diversi tipi di &#8220;campi&#8221;, ad esempio numerico, data, selezione multipla, calcoli, caricamento di documenti, ecc. \u00c8 inoltre possibile visualizzare i dati in una serie di &#8220;visualizzazioni&#8221; da mappe a calendari a visualizzazioni di gallerie di grafici a torta e a barre.<\/p>\n<p><strong>Inconvenienti<\/strong>: quando si utilizza l&#8217;opzione di codice di incorporamento, non si mostra bene su un dispositivo mobile. A parte questo, \u00e8 davvero il software perfetto per le persone con una grande quantit\u00e0 di dati e senza competenze di codice.<\/p>\n","protected":false},"excerpt":{"rendered":"<p>Airtable \u00e8 uno strumento di organizzazione e collaborazione intelligente che offre a team di qualsiasi dimensione un&#8217;unica piattaforma centralizzata da cui gestire progetti, clienti e idee. Essendo un sistema flessibile e ottimizzato per dispositivi mobili con app native per smartphone e desktop, Airtable consente agli utenti di organizzare qualsiasi cosa, con chiunque, ovunque.\u00a0<\/p>\n","protected":false},"author":19,"featured_media":19431,"parent":8333,"menu_order":0,"comment_status":"open","ping_status":"closed","template":"g1_template_page_review_new.php","meta":{"_acf_changed":false,"cwp_meta_box_check":"Yes","cwp_rev_product_name":"","cwp_rev_product_image":"","wppr_links":[],"cwp_rev_price":"","wppr_options":[],"wppr_pros":[],"wppr_cons":[],"_monsterinsights_skip_tracking":false,"_monsterinsights_sitenote_active":false,"_monsterinsights_sitenote_note":"","_monsterinsights_sitenote_category":0,"footnotes":""},"categories":[172],"tags":[1331,1315,1312,1310,1319,1309,1363,1320],"features":[],"class_list":{"0":"post-19415","1":"page","2":"type-page","3":"status-publish","4":"has-post-thumbnail","6":"category-online-project-management-it","7":"tag-airtable","8":"tag-gestione-progetti","9":"tag-programma-gestione-progetti","10":"tag-programma-project-management","11":"tag-software-gestione-progetti","12":"tag-software-project-management","13":"tag-soluzione-gestione-progetti","14":"tag-soluzione-project-management"},"wppr_data":{"cwp_meta_box_check":"Yes","cwp_rev_product_name":"","cwp_rev_product_image":"","cwp_image_link":"image","cwp_rev_price":"","wppr_rating":"0.00"},"acf":[],"yoast_head":"<!-- This site is optimized with the Yoast SEO plugin v27.4 - https:\/\/yoast.com\/product\/yoast-seo-wordpress\/ -->\n<title>Airtable: recensione software Project Management- Accurate Reviews<\/title>\n<meta name=\"description\" content=\"Airtable: recensione soluzione di gestione di progetti dotato di funzionalit\u00e0 e capacit\u00e0 di organizzazione e collaborazione efficaci.\" \/>\n<meta name=\"robots\" content=\"index, follow, max-snippet:-1, max-image-preview:large, max-video-preview:-1\" \/>\n<link rel=\"canonical\" href=\"https:\/\/www.accuratereviews.com\/it\/project-management-online-lista-software\/airtable-recensione\/\" \/>\n<meta property=\"og:locale\" content=\"it_IT\" \/>\n<meta property=\"og:type\" content=\"article\" \/>\n<meta property=\"og:title\" content=\"Airtable: recensione software Project Management- Accurate Reviews\" \/>\n<meta property=\"og:description\" content=\"Airtable: recensione soluzione di gestione di progetti dotato di funzionalit\u00e0 e capacit\u00e0 di organizzazione e collaborazione efficaci.\" \/>\n<meta property=\"og:url\" content=\"https:\/\/www.accuratereviews.com\/it\/project-management-online-lista-software\/airtable-recensione\/\" \/>\n<meta property=\"og:site_name\" content=\"Accurate Reviews\" \/>\n<meta property=\"article:modified_time\" content=\"2020-11-10T14:34:47+00:00\" \/>\n<meta property=\"og:image\" content=\"https:\/\/www.accuratereviews.com\/wp-content\/uploads\/2019\/10\/Airtable.png\" \/>\n\t<meta property=\"og:image:width\" content=\"879\" \/>\n\t<meta property=\"og:image:height\" content=\"380\" \/>\n\t<meta property=\"og:image:type\" content=\"image\/png\" \/>\n<meta name=\"twitter:card\" content=\"summary_large_image\" \/>\n<meta name=\"twitter:label1\" content=\"Tempo di lettura stimato\" \/>\n\t<meta name=\"twitter:data1\" content=\"6 minuti\" \/>\n<script type=\"application\/ld+json\" class=\"yoast-schema-graph\">{\"@context\":\"https:\\\/\\\/schema.org\",\"@graph\":[{\"@type\":\"WebPage\",\"@id\":\"https:\\\/\\\/www.accuratereviews.com\\\/it\\\/project-management-online-lista-software\\\/airtable-recensione\\\/\",\"url\":\"https:\\\/\\\/www.accuratereviews.com\\\/it\\\/project-management-online-lista-software\\\/airtable-recensione\\\/\",\"name\":\"Airtable: recensione software Project Management- Accurate Reviews\",\"isPartOf\":{\"@id\":\"https:\\\/\\\/www.accuratereviews.com\\\/it\\\/#website\"},\"primaryImageOfPage\":{\"@id\":\"https:\\\/\\\/www.accuratereviews.com\\\/it\\\/project-management-online-lista-software\\\/airtable-recensione\\\/#primaryimage\"},\"image\":{\"@id\":\"https:\\\/\\\/www.accuratereviews.com\\\/it\\\/project-management-online-lista-software\\\/airtable-recensione\\\/#primaryimage\"},\"thumbnailUrl\":\"https:\\\/\\\/www.accuratereviews.com\\\/wp-content\\\/uploads\\\/2019\\\/10\\\/Airtable.png\",\"datePublished\":\"2019-10-23T15:27:35+00:00\",\"dateModified\":\"2020-11-10T14:34:47+00:00\",\"description\":\"Airtable: recensione soluzione di gestione di progetti dotato di funzionalit\u00e0 e capacit\u00e0 di organizzazione e collaborazione efficaci.\",\"breadcrumb\":{\"@id\":\"https:\\\/\\\/www.accuratereviews.com\\\/it\\\/project-management-online-lista-software\\\/airtable-recensione\\\/#breadcrumb\"},\"inLanguage\":\"it-IT\",\"potentialAction\":[{\"@type\":\"ReadAction\",\"target\":[\"https:\\\/\\\/www.accuratereviews.com\\\/it\\\/project-management-online-lista-software\\\/airtable-recensione\\\/\"]}]},{\"@type\":\"ImageObject\",\"inLanguage\":\"it-IT\",\"@id\":\"https:\\\/\\\/www.accuratereviews.com\\\/it\\\/project-management-online-lista-software\\\/airtable-recensione\\\/#primaryimage\",\"url\":\"https:\\\/\\\/www.accuratereviews.com\\\/wp-content\\\/uploads\\\/2019\\\/10\\\/Airtable.png\",\"contentUrl\":\"https:\\\/\\\/www.accuratereviews.com\\\/wp-content\\\/uploads\\\/2019\\\/10\\\/Airtable.png\",\"width\":879,\"height\":380},{\"@type\":\"BreadcrumbList\",\"@id\":\"https:\\\/\\\/www.accuratereviews.com\\\/it\\\/project-management-online-lista-software\\\/airtable-recensione\\\/#breadcrumb\",\"itemListElement\":[{\"@type\":\"ListItem\",\"position\":1,\"name\":\"Home\",\"item\":\"https:\\\/\\\/www.accuratereviews.com\\\/it\\\/\"},{\"@type\":\"ListItem\",\"position\":2,\"name\":\"Project Management Online\",\"item\":\"https:\\\/\\\/www.accuratereviews.com\\\/it\\\/project-management-online-lista-software\\\/\"},{\"@type\":\"ListItem\",\"position\":3,\"name\":\"Airtable\"}]},{\"@type\":\"WebSite\",\"@id\":\"https:\\\/\\\/www.accuratereviews.com\\\/it\\\/#website\",\"url\":\"https:\\\/\\\/www.accuratereviews.com\\\/it\\\/\",\"name\":\"Accurate Reviews\",\"description\":\"\",\"potentialAction\":[{\"@type\":\"SearchAction\",\"target\":{\"@type\":\"EntryPoint\",\"urlTemplate\":\"https:\\\/\\\/www.accuratereviews.com\\\/it\\\/?s={search_term_string}\"},\"query-input\":{\"@type\":\"PropertyValueSpecification\",\"valueRequired\":true,\"valueName\":\"search_term_string\"}}],\"inLanguage\":\"it-IT\"}]}<\/script>\n<!-- \/ Yoast SEO plugin. -->","yoast_head_json":{"title":"Airtable: recensione software Project Management- Accurate Reviews","description":"Airtable: recensione soluzione di gestione di progetti dotato di funzionalit\u00e0 e capacit\u00e0 di organizzazione e collaborazione efficaci.","robots":{"index":"index","follow":"follow","max-snippet":"max-snippet:-1","max-image-preview":"max-image-preview:large","max-video-preview":"max-video-preview:-1"},"canonical":"https:\/\/www.accuratereviews.com\/it\/project-management-online-lista-software\/airtable-recensione\/","og_locale":"it_IT","og_type":"article","og_title":"Airtable: recensione software Project Management- Accurate Reviews","og_description":"Airtable: recensione soluzione di gestione di progetti dotato di funzionalit\u00e0 e capacit\u00e0 di organizzazione e collaborazione efficaci.","og_url":"https:\/\/www.accuratereviews.com\/it\/project-management-online-lista-software\/airtable-recensione\/","og_site_name":"Accurate Reviews","article_modified_time":"2020-11-10T14:34:47+00:00","og_image":[{"width":879,"height":380,"url":"https:\/\/www.accuratereviews.com\/wp-content\/uploads\/2019\/10\/Airtable.png","type":"image\/png"}],"twitter_card":"summary_large_image","twitter_misc":{"Tempo di lettura stimato":"6 minuti"},"schema":{"@context":"https:\/\/schema.org","@graph":[{"@type":"WebPage","@id":"https:\/\/www.accuratereviews.com\/it\/project-management-online-lista-software\/airtable-recensione\/","url":"https:\/\/www.accuratereviews.com\/it\/project-management-online-lista-software\/airtable-recensione\/","name":"Airtable: recensione software Project Management- Accurate Reviews","isPartOf":{"@id":"https:\/\/www.accuratereviews.com\/it\/#website"},"primaryImageOfPage":{"@id":"https:\/\/www.accuratereviews.com\/it\/project-management-online-lista-software\/airtable-recensione\/#primaryimage"},"image":{"@id":"https:\/\/www.accuratereviews.com\/it\/project-management-online-lista-software\/airtable-recensione\/#primaryimage"},"thumbnailUrl":"https:\/\/www.accuratereviews.com\/wp-content\/uploads\/2019\/10\/Airtable.png","datePublished":"2019-10-23T15:27:35+00:00","dateModified":"2020-11-10T14:34:47+00:00","description":"Airtable: recensione soluzione di gestione di progetti dotato di funzionalit\u00e0 e capacit\u00e0 di organizzazione e collaborazione efficaci.","breadcrumb":{"@id":"https:\/\/www.accuratereviews.com\/it\/project-management-online-lista-software\/airtable-recensione\/#breadcrumb"},"inLanguage":"it-IT","potentialAction":[{"@type":"ReadAction","target":["https:\/\/www.accuratereviews.com\/it\/project-management-online-lista-software\/airtable-recensione\/"]}]},{"@type":"ImageObject","inLanguage":"it-IT","@id":"https:\/\/www.accuratereviews.com\/it\/project-management-online-lista-software\/airtable-recensione\/#primaryimage","url":"https:\/\/www.accuratereviews.com\/wp-content\/uploads\/2019\/10\/Airtable.png","contentUrl":"https:\/\/www.accuratereviews.com\/wp-content\/uploads\/2019\/10\/Airtable.png","width":879,"height":380},{"@type":"BreadcrumbList","@id":"https:\/\/www.accuratereviews.com\/it\/project-management-online-lista-software\/airtable-recensione\/#breadcrumb","itemListElement":[{"@type":"ListItem","position":1,"name":"Home","item":"https:\/\/www.accuratereviews.com\/it\/"},{"@type":"ListItem","position":2,"name":"Project Management Online","item":"https:\/\/www.accuratereviews.com\/it\/project-management-online-lista-software\/"},{"@type":"ListItem","position":3,"name":"Airtable"}]},{"@type":"WebSite","@id":"https:\/\/www.accuratereviews.com\/it\/#website","url":"https:\/\/www.accuratereviews.com\/it\/","name":"Accurate Reviews","description":"","potentialAction":[{"@type":"SearchAction","target":{"@type":"EntryPoint","urlTemplate":"https:\/\/www.accuratereviews.com\/it\/?s={search_term_string}"},"query-input":{"@type":"PropertyValueSpecification","valueRequired":true,"valueName":"search_term_string"}}],"inLanguage":"it-IT"}]}},"_links":{"self":[{"href":"https:\/\/www.accuratereviews.com\/it\/wp-json\/wp\/v2\/pages\/19415","targetHints":{"allow":["GET"]}}],"collection":[{"href":"https:\/\/www.accuratereviews.com\/it\/wp-json\/wp\/v2\/pages"}],"about":[{"href":"https:\/\/www.accuratereviews.com\/it\/wp-json\/wp\/v2\/types\/page"}],"author":[{"embeddable":true,"href":"https:\/\/www.accuratereviews.com\/it\/wp-json\/wp\/v2\/users\/19"}],"replies":[{"embeddable":true,"href":"https:\/\/www.accuratereviews.com\/it\/wp-json\/wp\/v2\/comments?post=19415"}],"version-history":[{"count":11,"href":"https:\/\/www.accuratereviews.com\/it\/wp-json\/wp\/v2\/pages\/19415\/revisions"}],"predecessor-version":[{"id":33509,"href":"https:\/\/www.accuratereviews.com\/it\/wp-json\/wp\/v2\/pages\/19415\/revisions\/33509"}],"up":[{"embeddable":true,"href":"https:\/\/www.accuratereviews.com\/it\/wp-json\/wp\/v2\/pages\/8333"}],"wp:featuredmedia":[{"embeddable":true,"href":"https:\/\/www.accuratereviews.com\/it\/wp-json\/wp\/v2\/media\/19431"}],"wp:attachment":[{"href":"https:\/\/www.accuratereviews.com\/it\/wp-json\/wp\/v2\/media?parent=19415"}],"wp:term":[{"taxonomy":"category","embeddable":true,"href":"https:\/\/www.accuratereviews.com\/it\/wp-json\/wp\/v2\/categories?post=19415"},{"taxonomy":"post_tag","embeddable":true,"href":"https:\/\/www.accuratereviews.com\/it\/wp-json\/wp\/v2\/tags?post=19415"},{"taxonomy":"features","embeddable":true,"href":"https:\/\/www.accuratereviews.com\/it\/wp-json\/wp\/v2\/features?post=19415"}],"curies":[{"name":"wp","href":"https:\/\/api.w.org\/{rel}","templated":true}]}}