{"id":19417,"date":"2019-10-23T15:25:32","date_gmt":"2019-10-23T15:25:32","guid":{"rendered":"https:\/\/www.accuratereviews.com\/?page_id=19417"},"modified":"2019-10-23T15:25:32","modified_gmt":"2019-10-23T15:25:32","slug":"orangescrum-recensione","status":"publish","type":"page","link":"https:\/\/www.accuratereviews.com\/it\/project-management-online-lista-software\/orangescrum-recensione\/","title":{"rendered":"OrangeScrum"},"content":{"rendered":"<p><strong>OrangeScrum<\/strong> \u00e8 un software di gestione delle attivit\u00e0, collaborazione e<strong> gestione dei progetti<\/strong> combinato, che offre ai responsabili di progetto e ai team una piattaforma efficace per aiutarli a svolgere le loro funzioni in modo efficiente e migliorare la produttivit\u00e0. Il software aiuta a centralizzare tutti i progetti e le attivit\u00e0, nonch\u00e9 a gestire le risorse, le persone, processi e tecnologia in modo da poter completare il progetto in tempo e senza comprometterne la qualit\u00e0.\u00a0<strong>OrangeScrum<\/strong> \u00e8 inoltre dotato di funzionalit\u00e0 di monitoraggio del tempo per aiutare a controllare i membri del team e quanto tempo hanno trascorso nelle loro attivit\u00e0. Fornisce inoltre analisi in tempo reale su tutte le aree dei progetti e sui membri, fornendo un quadro chiaro del lavoro e consentendo di identificare le aree che richiedono preoccupazione e attenzione.\u00a0Il programma ha versioni <strong>cloud<\/strong>, <strong>self-hosted cloud<\/strong> e <strong>open source<\/strong>. I team possono lavorare ovunque e in qualsiasi momento con le sue app mobili Android e iOS.<\/p>\n<h2>ORANGESCRUM &#8211; TUTORIAL<\/h2>\n<p>Guardiamo insieme questo tutorial per imparare le principali funzioni di questo <strong>software di Project Management<\/strong>:<\/p>\n<div id=\"fluid-wrapper-counter-1\" class=\"g1-fluid-wrapper \" style=\"width:686px;\">\n<div style=\"padding-bottom:56.268221574344%;\"><iframe loading=\"lazy\" title=\"Orange Scrum Tool\" width=\"686\" height=\"386\" src=\"https:\/\/www.youtube.com\/embed\/4yi28MIncz8?feature=oembed&amp;wmode=transparent&amp;autohide=1&amp;autoplay=0&amp;disablekb=0&amp;fs=1&amp;loop=0&amp;enablejsapi=1&amp;rel=0&amp;controls=2&amp;showinfo=0&amp;wmode=transparent&amp;autohide=2&amp;autoplay=0&amp;disablekb=0&amp;fs=1&amp;loop=0&amp;enablejsapi=1&amp;rel=0&amp;controls=2&amp;showinfo=1\" frameborder=\"0\" allow=\"accelerometer; autoplay; encrypted-media; gyroscope; picture-in-picture\" allowfullscreen><\/iframe><\/div>\n<\/div>\n<h3>ORANGESCRUM &#8211; CARATTERISTICHE<\/h3>\n<ul>\n<li>Tutte le informazioni sui costi: budget, costi approvati e costi sostenuti in un&#8217;unica vista offrono lo stato finanziario del progetto TRUE per una pianificazione appropriata.<\/li>\n<li>Informazioni strategiche sui progetti per riordinare e riordinare i progetti e le attivit\u00e0.<\/li>\n<li>Tieni traccia dei progressi di progetto, risorse e attivit\u00e0 in modo efficace<\/li>\n<li>Osserva il tempo impiegato dalle tue risorse in progetti e attivit\u00e0<\/li>\n<li>Stato delle attivit\u00e0 e tipi di grafici intelligenti per analisi approfondite e migliori assegnazioni di attivit\u00e0<\/li>\n<li>Strumento di monitoraggio del tempo aziendale end-to-end con gestione delle risorse efficace<\/li>\n<li>Rapporti di attivit\u00e0 giornalieri consegnati direttamente nella tua casella di posta in modo che i tuoi team non perdano le attivit\u00e0 e le tempistiche critiche con il componente aggiuntivo Executive Dashboard<\/li>\n<li>Notifica in-app e avvisi email &#8220;15 minuti&#8221; prima di &#8220;orari di inizio dell&#8217;attivit\u00e0&#8221; per aumentare l&#8217;efficienza del tuo team<\/li>\n<li>Carica il vero valore del tuo TEAM &#8220;- L&#8217;email di monitoraggio del tempo settimanale assicura che tutte le tue risorse aggiornino debitamente il loro tempo trascorso in pista per una fatturazione accurata<\/li>\n<li>Tutti i feed &#8220;Attivit\u00e0&#8221; e &#8220;Elenco attivit\u00e0&#8221; consentono di analizzare in dettaglio l&#8217;attivit\u00e0 di una risorsa specifica nonch\u00e9 le attivit\u00e0 &#8220;In arrivo e in ritardo&#8221; con il componente aggiuntivo Executive Dashboard<\/li>\n<li>Monitoraggio delle prestazioni del progetto in tempo reale<\/li>\n<li>Risparmio di tempo<\/li>\n<li>Pianificare i risultati di implementazione ed esecuzione<\/li>\n<li>Aumenta la produttivit\u00e0, l&#8217;efficacia e la qualit\u00e0 del lavoro<\/li>\n<li>Assicurati sempre di quante risorse sono disponibili<\/li>\n<li>Consegnare progetti in tempo o in anticipo e ottenere una maggiore soddisfazione del cliente (CSAT) con il componente aggiuntivo Gestione risorse<\/li>\n<li>La visibilit\u00e0 della disponibilit\u00e0 delle risorse consente di pianificare ed eseguire nuove offerte commerciali<\/li>\n<li>Tieni facilmente traccia di quale risorsa \u00e8 sovraccarica e riprogetta le assegnazioni di attivit\u00e0 per una consegna pi\u00f9 rapida<\/li>\n<li>Il componente aggiuntivo per la gestione delle risorse offre un&#8217;ottima visibilit\u00e0 del programma delle ferie del team e consente ai membri del team di pianificare le proprie assunzioni in modo responsabile. Questo porta ad una maggiore collaborazione e cooperazione reciproca che favorisce bene la tua attivit\u00e0.<\/li>\n<\/ul>\n<h4>LE RECENSIONE DEGLI UTENTI<\/h4>\n<h4>James S. &#8220;Sistema di gestione dei progetti fantastico&#8221;<\/h4>\n<p><strong>Commenti<\/strong>: Orangescrum ha reso estremamente facile per noi tenere traccia dei nostri progetti, mantenere i nostri clienti aggiornati sui loro progetti. Ci ha anche fornito un modo per i clienti di inviare tutto il loro contenuto per i loro progetti e, cos\u00ec facendo, ha ridotto il numero di e-mail che avremmo ricevuto con il materiale del progetto. Avere tutto il materiale del nostro progetto in un&#8217;unica posizione ha reso facile per tutti coloro che sono coinvolti in qualsiasi progetto, rimanere aggiornati con nuovi file e modifiche.<\/p>\n<p><strong>Vantaggi<\/strong>: la facilit\u00e0 d&#8217;uso \u00e8 la cosa che mi \u00e8 piaciuta di pi\u00f9 di questo. I miei clienti sono molto a proprio agio con il layout e la piattaforma.<\/p>\n<p><strong>Inconvenienti<\/strong>: L&#8217;unica cosa che mi viene in mente \u00e8 che la versione web non \u00e8 reattiva. La sua reattivit\u00e0 renderebbe pi\u00f9 facile per i clienti che non hanno l&#8217;app mobile pi\u00f9 facile da usare mentre sono in viaggio.<\/p>\n<h4>Cherri N. &#8220;Ho usato molti, molti diversi software di gestione dei progetti, e questo finora \u00e8 stato il migliore!&#8221;<\/h4>\n<p><strong>Vantaggi<\/strong>: il mio team di progetto all&#8217;estero ha utilizzato questo software per far funzionare i biglietti, comunicare avanti e indietro e fissare scadenze. Adoro il modo in cui puoi semplicemente rispondere tramite la stessa e-mail che mi ha notificato la comunicazione e non \u00e8 necessario accedere al software reale e trovare il biglietto per rispondere. Vorrei che pi\u00f9 aziende di supporto usassero questo programma. Niente \u00e8 pi\u00f9 frustrante di ricevere un&#8217;email a cui il mio ticket ha ricevuto risposta, ma non riesco a vedere il commento o rispondere senza prima accedere al software. OrangeScrum funziona cos\u00ec bene. Ora \u00e8 perfetto!<\/p>\n<p><strong>Inconvenienti<\/strong>: come e l&#8217;utente finale, non ho trovato nulla che non mi piaccia del software. Vorrei solo che pi\u00f9 programmi di supporto lo usassero. Sono un grande fan di RackSpace, ma odio il loro sistema di supporto dei icket &#8230; OrangeScrum lo risolverebbe se solo ci provassero.<\/p>\n<h4>Max j. J. &#8220;Un&#8217;esperienza unica rispetto ad altri&#8221; pi\u00f9 tradizionali &#8220;<\/h4>\n<p><strong>Vantaggi<\/strong>: La nostra agenzia ha attraversato quasi tutte le altre piattaforme di gestione dei progetti che ci siano. Scherzi a parte, menzionane uno e l&#8217;abbiamo usato o per lo meno l&#8217;abbiamo provato. Quelli che ci piacevano erano folli e costosi, e quelli che erano pi\u00f9 ragionevolmente convenienti erano solo un po &#8216;meglio di eccellere. OrangeScrum ha una deliziosa combinazione di convenienza e funzionalit\u00e0. Adoro le dashboard e le viste disponibili. La visualizzazione Kanban semplifica il coordinamento dei nostri team. Posso assumere il gestore delle risorse e coordinare meglio le scadenze \/ scadenze per i nostri clienti. Una caratteristica unica che ho imparato ad amare \u00e8 il &#8220;Daily Catchup&#8221; che mi permette di ottenere un riepilogo automatico di tutto ci\u00f2 che \u00e8 stato realizzato dal mio staff durante il giorno. Non siamo una grande azienda, ma a volte gestire il team e le attivit\u00e0 quotidiane pu\u00f2 diventare un po &#8216;ingombrante.<\/p>\n<p><strong>Inconvenienti<\/strong>: il problema pi\u00f9 grande che sto avendo con la piattaforma \u00e8 il tempo fatturabile. OrangeScrum consente di impostare determinate attivit\u00e0 su &#8220;fatturabili&#8221;. \u00c8 fantastico, ma per creare una fattura \u00e8 necessario accedere a ciascun &#8220;progetto&#8221; singolarmente anzich\u00e9 a una visione globale di tutti gli articoli fatturabili. Se potessimo chiarire ci\u00f2, penso che sarebbe un enorme miglioramento!<\/p>\n","protected":false},"excerpt":{"rendered":"<p>OrangeScrum \u00e8 un software di gestione delle attivit\u00e0, collaborazione e gestione dei progetti combinato, che offre ai responsabili di progetto e ai team una piattaforma efficace per aiutarli a svolgere le loro funzioni in modo efficiente e migliorare la produttivit\u00e0. Il software aiuta a centralizzare tutti i progetti e le attivit\u00e0, nonch\u00e9 a gestire le risorse, le persone, processi e tecnologia in modo da poter completare il progetto in tempo e senza comprometterne la qualit\u00e0.<\/p>\n","protected":false},"author":19,"featured_media":19422,"parent":8333,"menu_order":0,"comment_status":"open","ping_status":"closed","template":"g1_template_page_review_new.php","meta":{"_acf_changed":false,"cwp_meta_box_check":"No","cwp_rev_product_name":"","cwp_rev_product_image":"","wppr_links":[],"cwp_rev_price":"","wppr_options":[],"wppr_pros":[],"wppr_cons":[],"_monsterinsights_skip_tracking":false,"_monsterinsights_sitenote_active":false,"_monsterinsights_sitenote_note":"","_monsterinsights_sitenote_category":0,"footnotes":""},"categories":[172],"tags":[396,1315,246,1391,1312,1310,1319,1309,1320],"features":[],"class_list":{"0":"post-19417","1":"page","2":"type-page","3":"status-publish","4":"has-post-thumbnail","6":"category-online-project-management-it","7":"tag-cloud","8":"tag-gestione-progetti","9":"tag-open-source","10":"tag-orangescrum","11":"tag-programma-gestione-progetti","12":"tag-programma-project-management","13":"tag-software-gestione-progetti","14":"tag-software-project-management","15":"tag-soluzione-project-management"},"wppr_data":{"cwp_meta_box_check":"No"},"acf":[],"yoast_head":"<!-- This site is optimized with the Yoast SEO plugin v27.4 - https:\/\/yoast.com\/product\/yoast-seo-wordpress\/ -->\n<title>Orangescrum: recensione software - Accurate Reviews<\/title>\n<meta name=\"description\" content=\"OrangeScrum: recensione sistema Project Management che consente ai team di progetto di lavorare a stretto contatto con comunicazioni intelligenti e veloci.\" \/>\n<meta name=\"robots\" content=\"index, follow, max-snippet:-1, max-image-preview:large, max-video-preview:-1\" \/>\n<link rel=\"canonical\" href=\"https:\/\/www.accuratereviews.com\/it\/project-management-online-lista-software\/orangescrum-recensione\/\" \/>\n<meta property=\"og:locale\" content=\"it_IT\" \/>\n<meta property=\"og:type\" content=\"article\" \/>\n<meta property=\"og:title\" content=\"Orangescrum: recensione software - Accurate Reviews\" \/>\n<meta property=\"og:description\" content=\"OrangeScrum: recensione sistema Project Management che consente ai team di progetto di lavorare a stretto contatto con comunicazioni intelligenti e veloci.\" \/>\n<meta property=\"og:url\" content=\"https:\/\/www.accuratereviews.com\/it\/project-management-online-lista-software\/orangescrum-recensione\/\" \/>\n<meta property=\"og:site_name\" content=\"Accurate Reviews\" \/>\n<meta property=\"og:image\" content=\"https:\/\/www.accuratereviews.com\/wp-content\/uploads\/2019\/10\/OrangeScrum1.jpg\" \/>\n\t<meta property=\"og:image:width\" content=\"225\" \/>\n\t<meta property=\"og:image:height\" content=\"225\" \/>\n\t<meta property=\"og:image:type\" content=\"image\/jpeg\" \/>\n<meta name=\"twitter:card\" content=\"summary_large_image\" \/>\n<meta name=\"twitter:label1\" content=\"Tempo di lettura stimato\" \/>\n\t<meta name=\"twitter:data1\" content=\"5 minuti\" \/>\n<script type=\"application\/ld+json\" class=\"yoast-schema-graph\">{\"@context\":\"https:\\\/\\\/schema.org\",\"@graph\":[{\"@type\":\"WebPage\",\"@id\":\"https:\\\/\\\/www.accuratereviews.com\\\/it\\\/project-management-online-lista-software\\\/orangescrum-recensione\\\/\",\"url\":\"https:\\\/\\\/www.accuratereviews.com\\\/it\\\/project-management-online-lista-software\\\/orangescrum-recensione\\\/\",\"name\":\"Orangescrum: recensione software - Accurate Reviews\",\"isPartOf\":{\"@id\":\"https:\\\/\\\/www.accuratereviews.com\\\/it\\\/#website\"},\"primaryImageOfPage\":{\"@id\":\"https:\\\/\\\/www.accuratereviews.com\\\/it\\\/project-management-online-lista-software\\\/orangescrum-recensione\\\/#primaryimage\"},\"image\":{\"@id\":\"https:\\\/\\\/www.accuratereviews.com\\\/it\\\/project-management-online-lista-software\\\/orangescrum-recensione\\\/#primaryimage\"},\"thumbnailUrl\":\"https:\\\/\\\/www.accuratereviews.com\\\/wp-content\\\/uploads\\\/2019\\\/10\\\/OrangeScrum1.jpg\",\"datePublished\":\"2019-10-23T15:25:32+00:00\",\"description\":\"OrangeScrum: recensione sistema Project Management che consente ai team di progetto di lavorare a stretto contatto con comunicazioni intelligenti e veloci.\",\"breadcrumb\":{\"@id\":\"https:\\\/\\\/www.accuratereviews.com\\\/it\\\/project-management-online-lista-software\\\/orangescrum-recensione\\\/#breadcrumb\"},\"inLanguage\":\"it-IT\",\"potentialAction\":[{\"@type\":\"ReadAction\",\"target\":[\"https:\\\/\\\/www.accuratereviews.com\\\/it\\\/project-management-online-lista-software\\\/orangescrum-recensione\\\/\"]}]},{\"@type\":\"ImageObject\",\"inLanguage\":\"it-IT\",\"@id\":\"https:\\\/\\\/www.accuratereviews.com\\\/it\\\/project-management-online-lista-software\\\/orangescrum-recensione\\\/#primaryimage\",\"url\":\"https:\\\/\\\/www.accuratereviews.com\\\/wp-content\\\/uploads\\\/2019\\\/10\\\/OrangeScrum1.jpg\",\"contentUrl\":\"https:\\\/\\\/www.accuratereviews.com\\\/wp-content\\\/uploads\\\/2019\\\/10\\\/OrangeScrum1.jpg\",\"width\":225,\"height\":225},{\"@type\":\"BreadcrumbList\",\"@id\":\"https:\\\/\\\/www.accuratereviews.com\\\/it\\\/project-management-online-lista-software\\\/orangescrum-recensione\\\/#breadcrumb\",\"itemListElement\":[{\"@type\":\"ListItem\",\"position\":1,\"name\":\"Home\",\"item\":\"https:\\\/\\\/www.accuratereviews.com\\\/it\\\/\"},{\"@type\":\"ListItem\",\"position\":2,\"name\":\"Project Management Online\",\"item\":\"https:\\\/\\\/www.accuratereviews.com\\\/it\\\/project-management-online-lista-software\\\/\"},{\"@type\":\"ListItem\",\"position\":3,\"name\":\"OrangeScrum\"}]},{\"@type\":\"WebSite\",\"@id\":\"https:\\\/\\\/www.accuratereviews.com\\\/it\\\/#website\",\"url\":\"https:\\\/\\\/www.accuratereviews.com\\\/it\\\/\",\"name\":\"Accurate Reviews\",\"description\":\"\",\"potentialAction\":[{\"@type\":\"SearchAction\",\"target\":{\"@type\":\"EntryPoint\",\"urlTemplate\":\"https:\\\/\\\/www.accuratereviews.com\\\/it\\\/?s={search_term_string}\"},\"query-input\":{\"@type\":\"PropertyValueSpecification\",\"valueRequired\":true,\"valueName\":\"search_term_string\"}}],\"inLanguage\":\"it-IT\"}]}<\/script>\n<!-- \/ Yoast SEO plugin. -->","yoast_head_json":{"title":"Orangescrum: recensione software - Accurate Reviews","description":"OrangeScrum: recensione sistema Project Management che consente ai team di progetto di lavorare a stretto contatto con comunicazioni intelligenti e veloci.","robots":{"index":"index","follow":"follow","max-snippet":"max-snippet:-1","max-image-preview":"max-image-preview:large","max-video-preview":"max-video-preview:-1"},"canonical":"https:\/\/www.accuratereviews.com\/it\/project-management-online-lista-software\/orangescrum-recensione\/","og_locale":"it_IT","og_type":"article","og_title":"Orangescrum: recensione software - Accurate Reviews","og_description":"OrangeScrum: recensione sistema Project Management che consente ai team di progetto di lavorare a stretto contatto con comunicazioni intelligenti e veloci.","og_url":"https:\/\/www.accuratereviews.com\/it\/project-management-online-lista-software\/orangescrum-recensione\/","og_site_name":"Accurate Reviews","og_image":[{"width":225,"height":225,"url":"https:\/\/www.accuratereviews.com\/wp-content\/uploads\/2019\/10\/OrangeScrum1.jpg","type":"image\/jpeg"}],"twitter_card":"summary_large_image","twitter_misc":{"Tempo di lettura stimato":"5 minuti"},"schema":{"@context":"https:\/\/schema.org","@graph":[{"@type":"WebPage","@id":"https:\/\/www.accuratereviews.com\/it\/project-management-online-lista-software\/orangescrum-recensione\/","url":"https:\/\/www.accuratereviews.com\/it\/project-management-online-lista-software\/orangescrum-recensione\/","name":"Orangescrum: recensione software - Accurate Reviews","isPartOf":{"@id":"https:\/\/www.accuratereviews.com\/it\/#website"},"primaryImageOfPage":{"@id":"https:\/\/www.accuratereviews.com\/it\/project-management-online-lista-software\/orangescrum-recensione\/#primaryimage"},"image":{"@id":"https:\/\/www.accuratereviews.com\/it\/project-management-online-lista-software\/orangescrum-recensione\/#primaryimage"},"thumbnailUrl":"https:\/\/www.accuratereviews.com\/wp-content\/uploads\/2019\/10\/OrangeScrum1.jpg","datePublished":"2019-10-23T15:25:32+00:00","description":"OrangeScrum: recensione sistema Project Management che consente ai team di progetto di lavorare a stretto contatto con comunicazioni intelligenti e veloci.","breadcrumb":{"@id":"https:\/\/www.accuratereviews.com\/it\/project-management-online-lista-software\/orangescrum-recensione\/#breadcrumb"},"inLanguage":"it-IT","potentialAction":[{"@type":"ReadAction","target":["https:\/\/www.accuratereviews.com\/it\/project-management-online-lista-software\/orangescrum-recensione\/"]}]},{"@type":"ImageObject","inLanguage":"it-IT","@id":"https:\/\/www.accuratereviews.com\/it\/project-management-online-lista-software\/orangescrum-recensione\/#primaryimage","url":"https:\/\/www.accuratereviews.com\/wp-content\/uploads\/2019\/10\/OrangeScrum1.jpg","contentUrl":"https:\/\/www.accuratereviews.com\/wp-content\/uploads\/2019\/10\/OrangeScrum1.jpg","width":225,"height":225},{"@type":"BreadcrumbList","@id":"https:\/\/www.accuratereviews.com\/it\/project-management-online-lista-software\/orangescrum-recensione\/#breadcrumb","itemListElement":[{"@type":"ListItem","position":1,"name":"Home","item":"https:\/\/www.accuratereviews.com\/it\/"},{"@type":"ListItem","position":2,"name":"Project Management Online","item":"https:\/\/www.accuratereviews.com\/it\/project-management-online-lista-software\/"},{"@type":"ListItem","position":3,"name":"OrangeScrum"}]},{"@type":"WebSite","@id":"https:\/\/www.accuratereviews.com\/it\/#website","url":"https:\/\/www.accuratereviews.com\/it\/","name":"Accurate Reviews","description":"","potentialAction":[{"@type":"SearchAction","target":{"@type":"EntryPoint","urlTemplate":"https:\/\/www.accuratereviews.com\/it\/?s={search_term_string}"},"query-input":{"@type":"PropertyValueSpecification","valueRequired":true,"valueName":"search_term_string"}}],"inLanguage":"it-IT"}]}},"_links":{"self":[{"href":"https:\/\/www.accuratereviews.com\/it\/wp-json\/wp\/v2\/pages\/19417","targetHints":{"allow":["GET"]}}],"collection":[{"href":"https:\/\/www.accuratereviews.com\/it\/wp-json\/wp\/v2\/pages"}],"about":[{"href":"https:\/\/www.accuratereviews.com\/it\/wp-json\/wp\/v2\/types\/page"}],"author":[{"embeddable":true,"href":"https:\/\/www.accuratereviews.com\/it\/wp-json\/wp\/v2\/users\/19"}],"replies":[{"embeddable":true,"href":"https:\/\/www.accuratereviews.com\/it\/wp-json\/wp\/v2\/comments?post=19417"}],"version-history":[{"count":7,"href":"https:\/\/www.accuratereviews.com\/it\/wp-json\/wp\/v2\/pages\/19417\/revisions"}],"predecessor-version":[{"id":19443,"href":"https:\/\/www.accuratereviews.com\/it\/wp-json\/wp\/v2\/pages\/19417\/revisions\/19443"}],"up":[{"embeddable":true,"href":"https:\/\/www.accuratereviews.com\/it\/wp-json\/wp\/v2\/pages\/8333"}],"wp:featuredmedia":[{"embeddable":true,"href":"https:\/\/www.accuratereviews.com\/it\/wp-json\/wp\/v2\/media\/19422"}],"wp:attachment":[{"href":"https:\/\/www.accuratereviews.com\/it\/wp-json\/wp\/v2\/media?parent=19417"}],"wp:term":[{"taxonomy":"category","embeddable":true,"href":"https:\/\/www.accuratereviews.com\/it\/wp-json\/wp\/v2\/categories?post=19417"},{"taxonomy":"post_tag","embeddable":true,"href":"https:\/\/www.accuratereviews.com\/it\/wp-json\/wp\/v2\/tags?post=19417"},{"taxonomy":"features","embeddable":true,"href":"https:\/\/www.accuratereviews.com\/it\/wp-json\/wp\/v2\/features?post=19417"}],"curies":[{"name":"wp","href":"https:\/\/api.w.org\/{rel}","templated":true}]}}