{"id":19461,"date":"2019-10-24T15:56:50","date_gmt":"2019-10-24T15:56:50","guid":{"rendered":"https:\/\/www.accuratereviews.com\/?page_id=19461"},"modified":"2021-11-12T15:34:46","modified_gmt":"2021-11-12T15:34:46","slug":"raven-tools-recensione","status":"publish","type":"page","link":"https:\/\/www.accuratereviews.com\/it\/strumenti-seo-lista-software\/raven-tools-recensione\/","title":{"rendered":"Raven Tools"},"content":{"rendered":"<p><strong>Raven Tools<\/strong> \u00e8 una <strong>piattaforma online SEO<\/strong>, basata su Cloud, che consente di creare e gestire al meglio le campagne di marketing dei clienti. \u00c8 infatti principalmente rivolta alle <strong>agenzie di marketing digitali<\/strong> che necessitano di una maggiore attenzione al tracciamento delle parole chiave, alla creazione dei collegamenti, alla ricerca dei concorrenti e al <strong>controllo SEO<\/strong> in generale. Grazie agli ottimi strumenti offerti, potrai ottenere r<strong>eport precisi e dettagliati<\/strong> che ti forniranno dati su tutti gli aspetti della tua azienda: dalla<strong> SEO<\/strong> all&#8217;email marketing, ai social media, alle parole chiave. In questo modo migliora il traffico organico e si ottengono pi\u00f9 clienti, facendo crescere il proprio business.<\/p>\n<h2>COME FUNZIONA RAVEN TOOLS &#8211; TUTORIAL<\/h2>\n<p>Diamo uno sguardo a questo video per avere una visione pi\u00f9 completa del programma:<\/p>\n<div id=\"fluid-wrapper-counter-1\" class=\"g1-fluid-wrapper \" style=\"width:686px;\">\n<div style=\"padding-bottom:56.268221574344%;\"><iframe loading=\"lazy\" title=\"Raven Tools Dashboard Overview\" width=\"686\" height=\"386\" src=\"https:\/\/www.youtube.com\/embed\/7EPZNNsHcF4?feature=oembed&amp;wmode=transparent&amp;autohide=1&amp;autoplay=0&amp;disablekb=0&amp;fs=1&amp;loop=0&amp;enablejsapi=1&amp;rel=0&amp;controls=2&amp;showinfo=0&amp;wmode=transparent&amp;autohide=2&amp;autoplay=0&amp;disablekb=0&amp;fs=1&amp;loop=0&amp;enablejsapi=1&amp;rel=0&amp;controls=2&amp;showinfo=1\" frameborder=\"0\" allow=\"accelerometer; autoplay; clipboard-write; encrypted-media; gyroscope; picture-in-picture\" allowfullscreen><\/iframe><\/div>\n<\/div>\n<h3>RAVEN TOOLS &#8211; CARATTERISTICHE<\/h3>\n<p>Ecco le principali caratteristiche di questo programma:<\/p>\n<ul>\n<li><strong>Report di marketing<\/strong>: crea report di marketing personalizzati con facilit\u00e0. Crea report di analisi dei siti web, sui social media, sulle campagne PPC, sui progressi e sui white label dei clienti<\/li>\n<li><strong>Strumenti di analisi concorrente<\/strong>: grazie a questi strumenti, potrai comprendere quali metodi utilizzano i tuoi concorrenti per raggiungere i primi posti su Google e cos\u00ec sarai in grado in grado di studiare delle strategie per portare il tuo sito web in al di sopra di tutti<\/li>\n<li><strong>Strumento di revisione del sito (site auditor)<\/strong>: utilizza questo strumento per diagnosticare i problemi del sito web e migliorare la visibilit\u00e0 dello stesso grazie alla revisione totale<\/li>\n<li><strong>Strumento di tracciamento del ranking SERP<\/strong>: personalizza questo strumento in base alle tue esigenze cos\u00ec da poter tracciare tutte le parole chiave<\/li>\n<li><strong>Strumenti di ricerca per parole chiave<\/strong>: utile per avere suggerimenti di parole chiave, ricerca PPC, ricerca SEO e dati provenienti da pi\u00f9 fonti di parole chiave<\/li>\n<li><strong>Controllo dei backlink<\/strong>: analizza e controlla i backlink di qualsiasi sito Web ed esplora le opportunit\u00e0 di collegamento.<\/li>\n<\/ul>\n<h3>LE RECENSIONI DEGLI UTENTI<\/h3>\n<div class=\"tlid-results-container results-container\">\n<div class=\"tlid-result result-dict-wrapper\">\n<div class=\"result tlid-copy-target\">\n<div class=\"text-wrap tlid-copy-target\">\n<ul>\n<li><span class=\"tlid-translation translation\" lang=\"it\"><strong>&#8220;Ottimo strumento all-in-one&#8221;<\/strong><br \/>\nIN GENERALE: Tutto sommato, siamo stati felici della nostra esperienza di Raven. I report sono molto personalizzabili e visivamente accattivanti.<br \/>\nPRO: Essere in grado di integrare Call Rail con Raven \u00e8 stato molto utile nel nostro reporting ai clienti.<br \/>\nCONTRO: Essere in grado di vedere le aree della SERP in cui una parola chiave pu\u00f2 essere classificata (come fa SEMRush) sarebbe una caratteristica utile. Inoltre, manca una sorta di ricerca di argomenti per aiutare i creatori di contenuti a esaminare potenziali parole chiave\/argomenti dell&#8217;articolo<\/span><\/li>\n<li><span class=\"tlid-translation translation\" lang=\"it\"><strong>&#8220;Ottimo prodotto affidabile per rapporti di marketing&#8221;<\/strong><br \/>\nIN GENERALE: ottima esperienza nel complesso. Non ho avuto bisogno di molto supporto. Facile da usare!<br \/>\nPRO: personalizzazione, white label, integrazioni<br \/>\nCONTRO: perdere i vecchi report PDF, anche se quelli nuovi sono carini<\/span><\/li>\n<li><span class=\"tlid-translation translation\" lang=\"it\"><strong>&#8220;Puoi vedere tutto il necessario per le tue strategie di marketing&#8221;<\/strong><br \/>\nIN GENERALE: Raven ti consente di conoscere e inserire le metriche di diversi canali, come Analytics, AdWords, Facebook e altri nello stesso posto (dashboard o report, ad esempio). \u00c8 possibile condividere report con i nostri clienti e utilizzarli, ad esempio, senza costi. \u00c8 grande.<br \/>\nPRO: Mi piace come velocizza i tuoi report, aggiunge metriche e le organizza in report.<br \/>\nCONTRO: A volte, non so cosa accada, ma la grafica viene persa. \u00c8 necessario ripetere la sessione e la grafica verr\u00e0 nuovamente mostrata. Un&#8217;altra cosa che non mi piace \u00e8 quando cambiano le funzionalit\u00e0 importanti e devo cambiare anche nei miei report.<\/span><\/li>\n<\/ul>\n<\/div>\n<\/div>\n<\/div>\n<\/div>\n","protected":false},"excerpt":{"rendered":"<p>Raven Tools \u00e8 una piattaforma online SEO, basata su Cloud, che consente di creare e gestire al meglio le campagne di marketing dei clienti. \u00c8 infatti principalmente rivolta alle agenzie di marketing digitali che necessitano di una maggiore attenzione al tracciamento delle parole chiave, alla creazione dei collegamenti, alla ricerca dei concorrenti e al controllo SEO in generale.<\/p>\n","protected":false},"author":17,"featured_media":19462,"parent":8849,"menu_order":0,"comment_status":"open","ping_status":"closed","template":"g1_template_page_review_new.php","meta":{"_acf_changed":false,"cwp_meta_box_check":"Yes","cwp_rev_product_name":"","cwp_rev_product_image":"","wppr_links":[],"cwp_rev_price":"","wppr_options":[],"wppr_pros":[],"wppr_cons":[],"_monsterinsights_skip_tracking":false,"_monsterinsights_sitenote_active":false,"_monsterinsights_sitenote_note":"","_monsterinsights_sitenote_category":0,"footnotes":""},"categories":[175],"tags":[936,901,1398,885],"features":[],"class_list":{"0":"post-19461","1":"page","2":"type-page","3":"status-publish","4":"has-post-thumbnail","6":"category-strumenti-seo-categoria","7":"tag-gestione-dei-contenuti","8":"tag-seo","9":"tag-seo-software","10":"tag-strumenti-seo"},"wppr_data":{"cwp_meta_box_check":"Yes","cwp_rev_product_name":"","cwp_rev_product_image":"","cwp_image_link":"image","cwp_rev_price":"","wppr_rating":"0.00"},"acf":[],"yoast_head":"<!-- This site is optimized with the Yoast SEO plugin v27.4 - https:\/\/yoast.com\/product\/yoast-seo-wordpress\/ -->\n<title>Raven Tools: recensione piattaforma SEO - Accurate Reviews<\/title>\n<meta name=\"description\" content=\"Raven Tools: recensione della piattaforma online SEO, basata su Cloud, che consente di creare e gestire al meglio le campagne di marketing dei clienti.\" \/>\n<meta name=\"robots\" content=\"index, follow, max-snippet:-1, max-image-preview:large, max-video-preview:-1\" \/>\n<link rel=\"canonical\" href=\"https:\/\/www.accuratereviews.com\/it\/strumenti-seo-lista-software\/raven-tools-recensione\/\" \/>\n<meta property=\"og:locale\" content=\"it_IT\" \/>\n<meta property=\"og:type\" content=\"article\" \/>\n<meta property=\"og:title\" content=\"Raven Tools: recensione piattaforma SEO - Accurate Reviews\" \/>\n<meta property=\"og:description\" content=\"Raven Tools: recensione della piattaforma online SEO, basata su Cloud, che consente di creare e gestire al meglio le campagne di marketing dei clienti.\" \/>\n<meta property=\"og:url\" content=\"https:\/\/www.accuratereviews.com\/it\/strumenti-seo-lista-software\/raven-tools-recensione\/\" \/>\n<meta property=\"og:site_name\" content=\"Accurate Reviews\" \/>\n<meta property=\"article:modified_time\" content=\"2021-11-12T15:34:46+00:00\" \/>\n<meta property=\"og:image\" content=\"https:\/\/www.accuratereviews.com\/wp-content\/uploads\/2019\/10\/raven-dark.png\" \/>\n\t<meta property=\"og:image:width\" content=\"977\" \/>\n\t<meta property=\"og:image:height\" content=\"700\" \/>\n\t<meta property=\"og:image:type\" content=\"image\/png\" \/>\n<meta name=\"twitter:card\" content=\"summary_large_image\" \/>\n<meta name=\"twitter:label1\" content=\"Tempo di lettura stimato\" \/>\n\t<meta name=\"twitter:data1\" content=\"3 minuti\" \/>\n<script type=\"application\/ld+json\" class=\"yoast-schema-graph\">{\"@context\":\"https:\\\/\\\/schema.org\",\"@graph\":[{\"@type\":\"WebPage\",\"@id\":\"https:\\\/\\\/www.accuratereviews.com\\\/it\\\/strumenti-seo-lista-software\\\/raven-tools-recensione\\\/\",\"url\":\"https:\\\/\\\/www.accuratereviews.com\\\/it\\\/strumenti-seo-lista-software\\\/raven-tools-recensione\\\/\",\"name\":\"Raven Tools: recensione piattaforma SEO - Accurate Reviews\",\"isPartOf\":{\"@id\":\"https:\\\/\\\/www.accuratereviews.com\\\/it\\\/#website\"},\"primaryImageOfPage\":{\"@id\":\"https:\\\/\\\/www.accuratereviews.com\\\/it\\\/strumenti-seo-lista-software\\\/raven-tools-recensione\\\/#primaryimage\"},\"image\":{\"@id\":\"https:\\\/\\\/www.accuratereviews.com\\\/it\\\/strumenti-seo-lista-software\\\/raven-tools-recensione\\\/#primaryimage\"},\"thumbnailUrl\":\"https:\\\/\\\/www.accuratereviews.com\\\/wp-content\\\/uploads\\\/2019\\\/10\\\/raven-dark.png\",\"datePublished\":\"2019-10-24T15:56:50+00:00\",\"dateModified\":\"2021-11-12T15:34:46+00:00\",\"description\":\"Raven Tools: recensione della piattaforma online SEO, basata su Cloud, che consente di creare e gestire al meglio le campagne di marketing dei clienti.\",\"breadcrumb\":{\"@id\":\"https:\\\/\\\/www.accuratereviews.com\\\/it\\\/strumenti-seo-lista-software\\\/raven-tools-recensione\\\/#breadcrumb\"},\"inLanguage\":\"it-IT\",\"potentialAction\":[{\"@type\":\"ReadAction\",\"target\":[\"https:\\\/\\\/www.accuratereviews.com\\\/it\\\/strumenti-seo-lista-software\\\/raven-tools-recensione\\\/\"]}]},{\"@type\":\"ImageObject\",\"inLanguage\":\"it-IT\",\"@id\":\"https:\\\/\\\/www.accuratereviews.com\\\/it\\\/strumenti-seo-lista-software\\\/raven-tools-recensione\\\/#primaryimage\",\"url\":\"https:\\\/\\\/www.accuratereviews.com\\\/wp-content\\\/uploads\\\/2019\\\/10\\\/raven-dark.png\",\"contentUrl\":\"https:\\\/\\\/www.accuratereviews.com\\\/wp-content\\\/uploads\\\/2019\\\/10\\\/raven-dark.png\",\"width\":977,\"height\":700},{\"@type\":\"BreadcrumbList\",\"@id\":\"https:\\\/\\\/www.accuratereviews.com\\\/it\\\/strumenti-seo-lista-software\\\/raven-tools-recensione\\\/#breadcrumb\",\"itemListElement\":[{\"@type\":\"ListItem\",\"position\":1,\"name\":\"Home\",\"item\":\"https:\\\/\\\/www.accuratereviews.com\\\/it\\\/\"},{\"@type\":\"ListItem\",\"position\":2,\"name\":\"Strumenti SEO\",\"item\":\"https:\\\/\\\/www.accuratereviews.com\\\/it\\\/strumenti-seo-lista-software\\\/\"},{\"@type\":\"ListItem\",\"position\":3,\"name\":\"Raven Tools\"}]},{\"@type\":\"WebSite\",\"@id\":\"https:\\\/\\\/www.accuratereviews.com\\\/it\\\/#website\",\"url\":\"https:\\\/\\\/www.accuratereviews.com\\\/it\\\/\",\"name\":\"Accurate Reviews\",\"description\":\"\",\"potentialAction\":[{\"@type\":\"SearchAction\",\"target\":{\"@type\":\"EntryPoint\",\"urlTemplate\":\"https:\\\/\\\/www.accuratereviews.com\\\/it\\\/?s={search_term_string}\"},\"query-input\":{\"@type\":\"PropertyValueSpecification\",\"valueRequired\":true,\"valueName\":\"search_term_string\"}}],\"inLanguage\":\"it-IT\"}]}<\/script>\n<!-- \/ Yoast SEO plugin. -->","yoast_head_json":{"title":"Raven Tools: recensione piattaforma SEO - Accurate Reviews","description":"Raven Tools: recensione della piattaforma online SEO, basata su Cloud, che consente di creare e gestire al meglio le campagne di marketing dei clienti.","robots":{"index":"index","follow":"follow","max-snippet":"max-snippet:-1","max-image-preview":"max-image-preview:large","max-video-preview":"max-video-preview:-1"},"canonical":"https:\/\/www.accuratereviews.com\/it\/strumenti-seo-lista-software\/raven-tools-recensione\/","og_locale":"it_IT","og_type":"article","og_title":"Raven Tools: recensione piattaforma SEO - Accurate Reviews","og_description":"Raven Tools: recensione della piattaforma online SEO, basata su Cloud, che consente di creare e gestire al meglio le campagne di marketing dei clienti.","og_url":"https:\/\/www.accuratereviews.com\/it\/strumenti-seo-lista-software\/raven-tools-recensione\/","og_site_name":"Accurate Reviews","article_modified_time":"2021-11-12T15:34:46+00:00","og_image":[{"width":977,"height":700,"url":"https:\/\/www.accuratereviews.com\/wp-content\/uploads\/2019\/10\/raven-dark.png","type":"image\/png"}],"twitter_card":"summary_large_image","twitter_misc":{"Tempo di lettura stimato":"3 minuti"},"schema":{"@context":"https:\/\/schema.org","@graph":[{"@type":"WebPage","@id":"https:\/\/www.accuratereviews.com\/it\/strumenti-seo-lista-software\/raven-tools-recensione\/","url":"https:\/\/www.accuratereviews.com\/it\/strumenti-seo-lista-software\/raven-tools-recensione\/","name":"Raven Tools: recensione piattaforma SEO - Accurate Reviews","isPartOf":{"@id":"https:\/\/www.accuratereviews.com\/it\/#website"},"primaryImageOfPage":{"@id":"https:\/\/www.accuratereviews.com\/it\/strumenti-seo-lista-software\/raven-tools-recensione\/#primaryimage"},"image":{"@id":"https:\/\/www.accuratereviews.com\/it\/strumenti-seo-lista-software\/raven-tools-recensione\/#primaryimage"},"thumbnailUrl":"https:\/\/www.accuratereviews.com\/wp-content\/uploads\/2019\/10\/raven-dark.png","datePublished":"2019-10-24T15:56:50+00:00","dateModified":"2021-11-12T15:34:46+00:00","description":"Raven Tools: recensione della piattaforma online SEO, basata su Cloud, che consente di creare e gestire al meglio le campagne di marketing dei clienti.","breadcrumb":{"@id":"https:\/\/www.accuratereviews.com\/it\/strumenti-seo-lista-software\/raven-tools-recensione\/#breadcrumb"},"inLanguage":"it-IT","potentialAction":[{"@type":"ReadAction","target":["https:\/\/www.accuratereviews.com\/it\/strumenti-seo-lista-software\/raven-tools-recensione\/"]}]},{"@type":"ImageObject","inLanguage":"it-IT","@id":"https:\/\/www.accuratereviews.com\/it\/strumenti-seo-lista-software\/raven-tools-recensione\/#primaryimage","url":"https:\/\/www.accuratereviews.com\/wp-content\/uploads\/2019\/10\/raven-dark.png","contentUrl":"https:\/\/www.accuratereviews.com\/wp-content\/uploads\/2019\/10\/raven-dark.png","width":977,"height":700},{"@type":"BreadcrumbList","@id":"https:\/\/www.accuratereviews.com\/it\/strumenti-seo-lista-software\/raven-tools-recensione\/#breadcrumb","itemListElement":[{"@type":"ListItem","position":1,"name":"Home","item":"https:\/\/www.accuratereviews.com\/it\/"},{"@type":"ListItem","position":2,"name":"Strumenti SEO","item":"https:\/\/www.accuratereviews.com\/it\/strumenti-seo-lista-software\/"},{"@type":"ListItem","position":3,"name":"Raven Tools"}]},{"@type":"WebSite","@id":"https:\/\/www.accuratereviews.com\/it\/#website","url":"https:\/\/www.accuratereviews.com\/it\/","name":"Accurate Reviews","description":"","potentialAction":[{"@type":"SearchAction","target":{"@type":"EntryPoint","urlTemplate":"https:\/\/www.accuratereviews.com\/it\/?s={search_term_string}"},"query-input":{"@type":"PropertyValueSpecification","valueRequired":true,"valueName":"search_term_string"}}],"inLanguage":"it-IT"}]}},"_links":{"self":[{"href":"https:\/\/www.accuratereviews.com\/it\/wp-json\/wp\/v2\/pages\/19461","targetHints":{"allow":["GET"]}}],"collection":[{"href":"https:\/\/www.accuratereviews.com\/it\/wp-json\/wp\/v2\/pages"}],"about":[{"href":"https:\/\/www.accuratereviews.com\/it\/wp-json\/wp\/v2\/types\/page"}],"author":[{"embeddable":true,"href":"https:\/\/www.accuratereviews.com\/it\/wp-json\/wp\/v2\/users\/17"}],"replies":[{"embeddable":true,"href":"https:\/\/www.accuratereviews.com\/it\/wp-json\/wp\/v2\/comments?post=19461"}],"version-history":[{"count":5,"href":"https:\/\/www.accuratereviews.com\/it\/wp-json\/wp\/v2\/pages\/19461\/revisions"}],"predecessor-version":[{"id":49937,"href":"https:\/\/www.accuratereviews.com\/it\/wp-json\/wp\/v2\/pages\/19461\/revisions\/49937"}],"up":[{"embeddable":true,"href":"https:\/\/www.accuratereviews.com\/it\/wp-json\/wp\/v2\/pages\/8849"}],"wp:featuredmedia":[{"embeddable":true,"href":"https:\/\/www.accuratereviews.com\/it\/wp-json\/wp\/v2\/media\/19462"}],"wp:attachment":[{"href":"https:\/\/www.accuratereviews.com\/it\/wp-json\/wp\/v2\/media?parent=19461"}],"wp:term":[{"taxonomy":"category","embeddable":true,"href":"https:\/\/www.accuratereviews.com\/it\/wp-json\/wp\/v2\/categories?post=19461"},{"taxonomy":"post_tag","embeddable":true,"href":"https:\/\/www.accuratereviews.com\/it\/wp-json\/wp\/v2\/tags?post=19461"},{"taxonomy":"features","embeddable":true,"href":"https:\/\/www.accuratereviews.com\/it\/wp-json\/wp\/v2\/features?post=19461"}],"curies":[{"name":"wp","href":"https:\/\/api.w.org\/{rel}","templated":true}]}}