{"id":19497,"date":"2019-10-24T15:55:17","date_gmt":"2019-10-24T15:55:17","guid":{"rendered":"https:\/\/www.accuratereviews.com\/?page_id=19497"},"modified":"2021-11-11T17:18:32","modified_gmt":"2021-11-11T17:18:32","slug":"tubics-youtube-seo-tool-recensione","status":"publish","type":"page","link":"https:\/\/www.accuratereviews.com\/it\/strumenti-seo-lista-software\/tubics-youtube-seo-tool-recensione\/","title":{"rendered":"Tubics &#8211; YouTube SEO Tool"},"content":{"rendered":"<p><strong>Tubics<\/strong> \u00e8 un <strong>software SEO<\/strong> progettato per i grandi marchi che hanno bisogno di ottenere pi\u00f9 visualizzazioni sui video caricati sulla piattaforma di<strong> YouTube<\/strong>. Lo scopo \u00e8 quello di garantire loro un<strong> posizionamento migliore sui motori di ricerca<\/strong> cos\u00ec da moltiplicare il traffico organico di YouTube, ma anche di Google. Tramite gli strumenti che ti offre, potrai<strong> ottimizzare i titoli e le descrizioni dei video<\/strong> per la parola chiave focus e seguire il semaforo che ti suggerisce le <strong>migliori tecniche SEO<\/strong> cos\u00ec da raggiungere subito il verde. Inoltre potrai ottenere suggerimenti di parole chiave in base ai dati di ricerca ufficiali forniti da YouTube, Google, Bing e AdWords.<\/p>\n<h1 class=\"h2 mb-0\">COME FUNZIONA TUBICS &#8211; TUTORIAL<\/h1>\n<p>Ecco un video tutorial che ci spiegher\u00e0 come utilizzare questo programma:<\/p>\n<div id=\"fluid-wrapper-counter-1\" class=\"g1-fluid-wrapper \" style=\"width:686px;\">\n<div style=\"padding-bottom:56.268221574344%;\"><iframe loading=\"lazy\" title=\"Tubics: An SEO YouTube Analytics Tool: Demo &amp; Review\" width=\"686\" height=\"386\" src=\"https:\/\/www.youtube.com\/embed\/lRe4ZrIvVoo?feature=oembed&amp;wmode=transparent&amp;autohide=1&amp;autoplay=0&amp;disablekb=0&amp;fs=1&amp;loop=0&amp;enablejsapi=1&amp;rel=0&amp;controls=2&amp;showinfo=0&amp;wmode=transparent&amp;autohide=2&amp;autoplay=0&amp;disablekb=0&amp;fs=1&amp;loop=0&amp;enablejsapi=1&amp;rel=0&amp;controls=2&amp;showinfo=1\" frameborder=\"0\" allow=\"accelerometer; autoplay; clipboard-write; encrypted-media; gyroscope; picture-in-picture\" allowfullscreen><\/iframe><\/div>\n<\/div>\n<h3>TUBICS &#8211; CARATTERISTICHE<\/h3>\n<p>Diamo un&#8217;occhiata alle sue principali caratteristiche:<\/p>\n<ul>\n<li><strong>Generatore di tag YouTube<\/strong>: genera i migliori tag per i tuoi video sulla base dei suggerimenti forniti da Ricerca YouTube, Ricerca Google, Bing e AdWords<\/li>\n<li><strong>Strumento di classificazione delle parole chiave di YouTube<\/strong>: tieni traccia del posizionamento dei tuoi video per una parola chiave specifica<\/li>\n<li><strong>Suggerimenti SEO<\/strong>: ottimizza i titoli e le descrizioni dei video per la parola chiave focus, i sinonimi e le parole chiave correlate. Utilizza il sistema a semaforo per passare subito da rosso ad arancione e infine a verde<\/li>\n<li><strong>Frammento SERP<\/strong>: visualizza l&#8217;anteprima del titolo e della descrizione del tuo video nel motore di ricerca<\/li>\n<li><strong>Dashboard<\/strong>: utilizza la dashboard per avere una panoramica di tutte le attivit\u00e0 e i suggerimenti SEO<\/li>\n<li><strong>Gestione di pi\u00f9 account<\/strong>: passa da un account all&#8217;altro su YouTube con un solo clic.<\/li>\n<\/ul>\n<h3>LE RECENSIONI DEGLI UTENTI<\/h3>\n<ul>\n<li><strong>&#8220;Essere pi\u00f9 vicini ai tuoi clienti&#8221;<\/strong><br \/>\nIN GENERALE: implementiamo questo strumento per cercare talenti per il nostro nuovo account e ne troviamo 50 nella prima settimana.<br \/>\nPRO: Il modo in cui abbiamo acquisito utenti organici \u00e8 stato sorprendente, in un paio di giorni abbiamo raggiunto migliaia di spettatori per il nostro nuovo account.<br \/>\nCONTRO: Mancanza di tutorial, la mia raccomandazione \u00e8 di aggiungere altra documentazione al sito principale.<\/li>\n<li><strong>&#8220;Tubics ha il vantaggio di disporre di strumenti per il tracciamento del ranking&#8221;<\/strong><br \/>\nIN GENERALE: Tubics pu\u00f2 essere raccomandato al pubblico per gestire l&#8217;auditing online, lavorare nel cloud e aumentare il traffico organico di qualsiasi pagina web. I risultati vengono raggiunti molto rapidamente, soprattutto quando si cerca di migliorare la quantit\u00e0 di traffico sui social network.<br \/>\nPRO: Con questa piattaforma per gestire la SEO siamo stati in grado di eseguire l&#8217;analisi della concorrenza in modo pi\u00f9 efficiente, poich\u00e9 la sua capacit\u00e0 di monitoraggio \u00e8 superiore a quella di altri servizi SEO online. Ha un eccellente sistema di tracciamento delle parole chiave.<br \/>\nCONTRO: La piattaforma non gestisce direttamente i collegamenti e non pu\u00f2 essere integrata in Google Analytics, quindi non possiamo rivedere i risultati da Google (sarebbe pi\u00f9 veloce se potesse). Tubics inoltre non tiene traccia delle ricerche su dispositivi mobili e non gestisce i guadagni ottenuti con il posizionamento SEO.<\/li>\n<li><strong>&#8220;Complessivamente molto utile&#8221;<\/strong><br \/>\nIN GENERALE: \u00e8 un ottimo strumento per ottimizzare il tuo canale YouTube ma potrebbe essere pi\u00f9 stabile di volta in volta.<br \/>\nPRO: grandi funzioni, facile da usare, servizio clienti diretto ed efficiente<br \/>\nCONTRO: A volte sembra una versione beta grande, alcune funzioni non sono disponibili o non funzionano di volta in volta<\/li>\n<\/ul>\n","protected":false},"excerpt":{"rendered":"<p>Tubics \u00e8 un software SEO progettato per i grandi marchi che hanno bisogno di ottenere pi\u00f9 visualizzazioni sui video caricati sulla piattaforma di YouTube. Lo scopo \u00e8 quello di garantire loro un posizionamento migliore sui motori di ricerca cos\u00ec da moltiplicare il traffico organico di YouTube, ma anche di Google.<\/p>\n","protected":false},"author":17,"featured_media":19499,"parent":8849,"menu_order":0,"comment_status":"open","ping_status":"closed","template":"g1_template_page_review_new.php","meta":{"_acf_changed":false,"cwp_meta_box_check":"Yes","cwp_rev_product_name":"","cwp_rev_product_image":"","wppr_links":[],"cwp_rev_price":"","wppr_options":[],"wppr_pros":[],"wppr_cons":[],"_monsterinsights_skip_tracking":false,"_monsterinsights_sitenote_active":false,"_monsterinsights_sitenote_note":"","_monsterinsights_sitenote_category":0,"footnotes":""},"categories":[175],"tags":[1401,1397,885,1395],"features":[],"class_list":{"0":"post-19497","1":"page","2":"type-page","3":"status-publish","4":"has-post-thumbnail","6":"category-strumenti-seo-categoria","7":"tag-analisi-seo","8":"tag-programma-controllo-seo","9":"tag-strumenti-seo","10":"tag-strumento-di-controllo-seo"},"wppr_data":{"cwp_meta_box_check":"Yes","cwp_rev_product_name":"","cwp_rev_product_image":"","cwp_image_link":"image","cwp_rev_price":"","wppr_rating":"0.00"},"acf":[],"yoast_head":"<!-- This site is optimized with the Yoast SEO plugin v27.4 - https:\/\/yoast.com\/product\/yoast-seo-wordpress\/ -->\n<title>Tubics - YouTube SEO Tool: recensione - Accurate Reviews<\/title>\n<meta name=\"description\" content=\"Tubics: recensione del software SEO progettato per i grandi marchi che hanno bisogno di ottenere pi\u00f9 visualizzazioni sui video caricati su YouTube.\" \/>\n<meta name=\"robots\" content=\"index, follow, max-snippet:-1, max-image-preview:large, max-video-preview:-1\" \/>\n<link rel=\"canonical\" href=\"https:\/\/www.accuratereviews.com\/it\/strumenti-seo-lista-software\/tubics-youtube-seo-tool-recensione\/\" \/>\n<meta property=\"og:locale\" content=\"it_IT\" \/>\n<meta property=\"og:type\" content=\"article\" \/>\n<meta property=\"og:title\" content=\"Tubics - YouTube SEO Tool: recensione - Accurate Reviews\" \/>\n<meta property=\"og:description\" content=\"Tubics: recensione del software SEO progettato per i grandi marchi che hanno bisogno di ottenere pi\u00f9 visualizzazioni sui video caricati su YouTube.\" \/>\n<meta property=\"og:url\" content=\"https:\/\/www.accuratereviews.com\/it\/strumenti-seo-lista-software\/tubics-youtube-seo-tool-recensione\/\" \/>\n<meta property=\"og:site_name\" content=\"Accurate Reviews\" \/>\n<meta property=\"article:modified_time\" content=\"2021-11-11T17:18:32+00:00\" \/>\n<meta property=\"og:image\" content=\"https:\/\/www.accuratereviews.com\/wp-content\/uploads\/2019\/10\/Tubics-Youtube-SEO-tool-lifetime-deal-on-appsumo.png\" \/>\n\t<meta property=\"og:image:width\" content=\"1280\" \/>\n\t<meta property=\"og:image:height\" content=\"888\" \/>\n\t<meta property=\"og:image:type\" content=\"image\/png\" \/>\n<meta name=\"twitter:card\" content=\"summary_large_image\" \/>\n<meta name=\"twitter:label1\" content=\"Tempo di lettura stimato\" \/>\n\t<meta name=\"twitter:data1\" content=\"3 minuti\" \/>\n<script type=\"application\/ld+json\" class=\"yoast-schema-graph\">{\"@context\":\"https:\\\/\\\/schema.org\",\"@graph\":[{\"@type\":\"WebPage\",\"@id\":\"https:\\\/\\\/www.accuratereviews.com\\\/it\\\/strumenti-seo-lista-software\\\/tubics-youtube-seo-tool-recensione\\\/\",\"url\":\"https:\\\/\\\/www.accuratereviews.com\\\/it\\\/strumenti-seo-lista-software\\\/tubics-youtube-seo-tool-recensione\\\/\",\"name\":\"Tubics - YouTube SEO Tool: recensione - Accurate Reviews\",\"isPartOf\":{\"@id\":\"https:\\\/\\\/www.accuratereviews.com\\\/it\\\/#website\"},\"primaryImageOfPage\":{\"@id\":\"https:\\\/\\\/www.accuratereviews.com\\\/it\\\/strumenti-seo-lista-software\\\/tubics-youtube-seo-tool-recensione\\\/#primaryimage\"},\"image\":{\"@id\":\"https:\\\/\\\/www.accuratereviews.com\\\/it\\\/strumenti-seo-lista-software\\\/tubics-youtube-seo-tool-recensione\\\/#primaryimage\"},\"thumbnailUrl\":\"https:\\\/\\\/www.accuratereviews.com\\\/wp-content\\\/uploads\\\/2019\\\/10\\\/Tubics-Youtube-SEO-tool-lifetime-deal-on-appsumo.png\",\"datePublished\":\"2019-10-24T15:55:17+00:00\",\"dateModified\":\"2021-11-11T17:18:32+00:00\",\"description\":\"Tubics: recensione del software SEO progettato per i grandi marchi che hanno bisogno di ottenere pi\u00f9 visualizzazioni sui video caricati su YouTube.\",\"breadcrumb\":{\"@id\":\"https:\\\/\\\/www.accuratereviews.com\\\/it\\\/strumenti-seo-lista-software\\\/tubics-youtube-seo-tool-recensione\\\/#breadcrumb\"},\"inLanguage\":\"it-IT\",\"potentialAction\":[{\"@type\":\"ReadAction\",\"target\":[\"https:\\\/\\\/www.accuratereviews.com\\\/it\\\/strumenti-seo-lista-software\\\/tubics-youtube-seo-tool-recensione\\\/\"]}]},{\"@type\":\"ImageObject\",\"inLanguage\":\"it-IT\",\"@id\":\"https:\\\/\\\/www.accuratereviews.com\\\/it\\\/strumenti-seo-lista-software\\\/tubics-youtube-seo-tool-recensione\\\/#primaryimage\",\"url\":\"https:\\\/\\\/www.accuratereviews.com\\\/wp-content\\\/uploads\\\/2019\\\/10\\\/Tubics-Youtube-SEO-tool-lifetime-deal-on-appsumo.png\",\"contentUrl\":\"https:\\\/\\\/www.accuratereviews.com\\\/wp-content\\\/uploads\\\/2019\\\/10\\\/Tubics-Youtube-SEO-tool-lifetime-deal-on-appsumo.png\",\"width\":1280,\"height\":888},{\"@type\":\"BreadcrumbList\",\"@id\":\"https:\\\/\\\/www.accuratereviews.com\\\/it\\\/strumenti-seo-lista-software\\\/tubics-youtube-seo-tool-recensione\\\/#breadcrumb\",\"itemListElement\":[{\"@type\":\"ListItem\",\"position\":1,\"name\":\"Home\",\"item\":\"https:\\\/\\\/www.accuratereviews.com\\\/it\\\/\"},{\"@type\":\"ListItem\",\"position\":2,\"name\":\"Strumenti SEO\",\"item\":\"https:\\\/\\\/www.accuratereviews.com\\\/it\\\/strumenti-seo-lista-software\\\/\"},{\"@type\":\"ListItem\",\"position\":3,\"name\":\"Tubics &#8211; YouTube SEO Tool\"}]},{\"@type\":\"WebSite\",\"@id\":\"https:\\\/\\\/www.accuratereviews.com\\\/it\\\/#website\",\"url\":\"https:\\\/\\\/www.accuratereviews.com\\\/it\\\/\",\"name\":\"Accurate Reviews\",\"description\":\"\",\"potentialAction\":[{\"@type\":\"SearchAction\",\"target\":{\"@type\":\"EntryPoint\",\"urlTemplate\":\"https:\\\/\\\/www.accuratereviews.com\\\/it\\\/?s={search_term_string}\"},\"query-input\":{\"@type\":\"PropertyValueSpecification\",\"valueRequired\":true,\"valueName\":\"search_term_string\"}}],\"inLanguage\":\"it-IT\"}]}<\/script>\n<!-- \/ Yoast SEO plugin. -->","yoast_head_json":{"title":"Tubics - YouTube SEO Tool: recensione - Accurate Reviews","description":"Tubics: recensione del software SEO progettato per i grandi marchi che hanno bisogno di ottenere pi\u00f9 visualizzazioni sui video caricati su YouTube.","robots":{"index":"index","follow":"follow","max-snippet":"max-snippet:-1","max-image-preview":"max-image-preview:large","max-video-preview":"max-video-preview:-1"},"canonical":"https:\/\/www.accuratereviews.com\/it\/strumenti-seo-lista-software\/tubics-youtube-seo-tool-recensione\/","og_locale":"it_IT","og_type":"article","og_title":"Tubics - YouTube SEO Tool: recensione - Accurate Reviews","og_description":"Tubics: recensione del software SEO progettato per i grandi marchi che hanno bisogno di ottenere pi\u00f9 visualizzazioni sui video caricati su YouTube.","og_url":"https:\/\/www.accuratereviews.com\/it\/strumenti-seo-lista-software\/tubics-youtube-seo-tool-recensione\/","og_site_name":"Accurate Reviews","article_modified_time":"2021-11-11T17:18:32+00:00","og_image":[{"width":1280,"height":888,"url":"https:\/\/www.accuratereviews.com\/wp-content\/uploads\/2019\/10\/Tubics-Youtube-SEO-tool-lifetime-deal-on-appsumo.png","type":"image\/png"}],"twitter_card":"summary_large_image","twitter_misc":{"Tempo di lettura stimato":"3 minuti"},"schema":{"@context":"https:\/\/schema.org","@graph":[{"@type":"WebPage","@id":"https:\/\/www.accuratereviews.com\/it\/strumenti-seo-lista-software\/tubics-youtube-seo-tool-recensione\/","url":"https:\/\/www.accuratereviews.com\/it\/strumenti-seo-lista-software\/tubics-youtube-seo-tool-recensione\/","name":"Tubics - YouTube SEO Tool: recensione - Accurate Reviews","isPartOf":{"@id":"https:\/\/www.accuratereviews.com\/it\/#website"},"primaryImageOfPage":{"@id":"https:\/\/www.accuratereviews.com\/it\/strumenti-seo-lista-software\/tubics-youtube-seo-tool-recensione\/#primaryimage"},"image":{"@id":"https:\/\/www.accuratereviews.com\/it\/strumenti-seo-lista-software\/tubics-youtube-seo-tool-recensione\/#primaryimage"},"thumbnailUrl":"https:\/\/www.accuratereviews.com\/wp-content\/uploads\/2019\/10\/Tubics-Youtube-SEO-tool-lifetime-deal-on-appsumo.png","datePublished":"2019-10-24T15:55:17+00:00","dateModified":"2021-11-11T17:18:32+00:00","description":"Tubics: recensione del software SEO progettato per i grandi marchi che hanno bisogno di ottenere pi\u00f9 visualizzazioni sui video caricati su YouTube.","breadcrumb":{"@id":"https:\/\/www.accuratereviews.com\/it\/strumenti-seo-lista-software\/tubics-youtube-seo-tool-recensione\/#breadcrumb"},"inLanguage":"it-IT","potentialAction":[{"@type":"ReadAction","target":["https:\/\/www.accuratereviews.com\/it\/strumenti-seo-lista-software\/tubics-youtube-seo-tool-recensione\/"]}]},{"@type":"ImageObject","inLanguage":"it-IT","@id":"https:\/\/www.accuratereviews.com\/it\/strumenti-seo-lista-software\/tubics-youtube-seo-tool-recensione\/#primaryimage","url":"https:\/\/www.accuratereviews.com\/wp-content\/uploads\/2019\/10\/Tubics-Youtube-SEO-tool-lifetime-deal-on-appsumo.png","contentUrl":"https:\/\/www.accuratereviews.com\/wp-content\/uploads\/2019\/10\/Tubics-Youtube-SEO-tool-lifetime-deal-on-appsumo.png","width":1280,"height":888},{"@type":"BreadcrumbList","@id":"https:\/\/www.accuratereviews.com\/it\/strumenti-seo-lista-software\/tubics-youtube-seo-tool-recensione\/#breadcrumb","itemListElement":[{"@type":"ListItem","position":1,"name":"Home","item":"https:\/\/www.accuratereviews.com\/it\/"},{"@type":"ListItem","position":2,"name":"Strumenti SEO","item":"https:\/\/www.accuratereviews.com\/it\/strumenti-seo-lista-software\/"},{"@type":"ListItem","position":3,"name":"Tubics &#8211; YouTube SEO Tool"}]},{"@type":"WebSite","@id":"https:\/\/www.accuratereviews.com\/it\/#website","url":"https:\/\/www.accuratereviews.com\/it\/","name":"Accurate Reviews","description":"","potentialAction":[{"@type":"SearchAction","target":{"@type":"EntryPoint","urlTemplate":"https:\/\/www.accuratereviews.com\/it\/?s={search_term_string}"},"query-input":{"@type":"PropertyValueSpecification","valueRequired":true,"valueName":"search_term_string"}}],"inLanguage":"it-IT"}]}},"_links":{"self":[{"href":"https:\/\/www.accuratereviews.com\/it\/wp-json\/wp\/v2\/pages\/19497","targetHints":{"allow":["GET"]}}],"collection":[{"href":"https:\/\/www.accuratereviews.com\/it\/wp-json\/wp\/v2\/pages"}],"about":[{"href":"https:\/\/www.accuratereviews.com\/it\/wp-json\/wp\/v2\/types\/page"}],"author":[{"embeddable":true,"href":"https:\/\/www.accuratereviews.com\/it\/wp-json\/wp\/v2\/users\/17"}],"replies":[{"embeddable":true,"href":"https:\/\/www.accuratereviews.com\/it\/wp-json\/wp\/v2\/comments?post=19497"}],"version-history":[{"count":4,"href":"https:\/\/www.accuratereviews.com\/it\/wp-json\/wp\/v2\/pages\/19497\/revisions"}],"predecessor-version":[{"id":49875,"href":"https:\/\/www.accuratereviews.com\/it\/wp-json\/wp\/v2\/pages\/19497\/revisions\/49875"}],"up":[{"embeddable":true,"href":"https:\/\/www.accuratereviews.com\/it\/wp-json\/wp\/v2\/pages\/8849"}],"wp:featuredmedia":[{"embeddable":true,"href":"https:\/\/www.accuratereviews.com\/it\/wp-json\/wp\/v2\/media\/19499"}],"wp:attachment":[{"href":"https:\/\/www.accuratereviews.com\/it\/wp-json\/wp\/v2\/media?parent=19497"}],"wp:term":[{"taxonomy":"category","embeddable":true,"href":"https:\/\/www.accuratereviews.com\/it\/wp-json\/wp\/v2\/categories?post=19497"},{"taxonomy":"post_tag","embeddable":true,"href":"https:\/\/www.accuratereviews.com\/it\/wp-json\/wp\/v2\/tags?post=19497"},{"taxonomy":"features","embeddable":true,"href":"https:\/\/www.accuratereviews.com\/it\/wp-json\/wp\/v2\/features?post=19497"}],"curies":[{"name":"wp","href":"https:\/\/api.w.org\/{rel}","templated":true}]}}