{"id":19508,"date":"2019-10-25T16:29:17","date_gmt":"2019-10-25T16:29:17","guid":{"rendered":"https:\/\/www.accuratereviews.com\/?page_id=19508"},"modified":"2021-11-10T17:03:11","modified_gmt":"2021-11-10T17:03:11","slug":"contentking-recensione","status":"publish","type":"page","link":"https:\/\/www.accuratereviews.com\/it\/strumenti-seo-lista-software\/contentking-recensione\/","title":{"rendered":"ContentKing"},"content":{"rendered":"<p><strong>ContentKing<\/strong> \u00e8 un <strong>software di marketing digitale<\/strong> di prim&#8217;ordine creato da un team creativo e pragmatico composto da esperti di marketing, sviluppatori e designer per assisterti nel monitoraggio continuo e completo delle modifiche al tuo sito web e alle pagine in esso contenute, migliorando la visibilit\u00e0 e le prestazioni sui motori di ricerca, aumentando la produttivit\u00e0 e guadagnando un vantaggio rispetto alla concorrenza. Il software pu\u00f2 aiutarti a verificare immediatamente se nuove pagine vengono aggiunte al tuo sito Web, se alcune pagine non sono pi\u00f9 disponibili o quando le pagine vengono reindirizzate a un URL o dominio diverso.\u00a0<strong>ContentKing<\/strong> ha una funzione di<strong> reporting SEO<\/strong> che ti consente di visualizzare tutte le informazioni importanti sul tuo sito Web su dashboard e condividerle con colleghi, clienti e altre parti interessate. Ultimo ma non meno importante, il software pu\u00f2 essere integrato con <strong>Google Search Console, Google Analytics<\/strong>, flussi di lavoro di pubblicazione, portali client e piattaforme esterne; che consente di inserire automaticamente statistiche e metriche sulle prestazioni del sito Web, eseguire il controllo SEO al volo ed esportare i dati su altri strumenti per ottimizzare i rapporti SEO.<\/p>\n<h2>CONTENTKING &#8211; TUTORIAL<\/h2>\n<p>Questo tutorial illustra l&#8217;utilizzo di questo<strong> software di reporting SEO<\/strong>\u00a0per controllare i siti Web dei clienti e monitorare la SEO nel tempo:<\/p>\n<div id=\"fluid-wrapper-counter-1\" class=\"g1-fluid-wrapper \" style=\"width:686px;\">\n<div style=\"padding-bottom:56.268221574344%;\"><iframe loading=\"lazy\" title=\"ContentKing - Auditez et Monitorez votre SEO en temps r\u00e9el !\" width=\"686\" height=\"386\" src=\"https:\/\/www.youtube.com\/embed\/Z5oZkUVtJXI?feature=oembed&amp;wmode=transparent&amp;autohide=1&amp;autoplay=0&amp;disablekb=0&amp;fs=1&amp;loop=0&amp;enablejsapi=1&amp;rel=0&amp;controls=2&amp;showinfo=0&amp;wmode=transparent&amp;autohide=2&amp;autoplay=0&amp;disablekb=0&amp;fs=1&amp;loop=0&amp;enablejsapi=1&amp;rel=0&amp;controls=2&amp;showinfo=1\" frameborder=\"0\" allow=\"accelerometer; autoplay; clipboard-write; encrypted-media; gyroscope; picture-in-picture\" allowfullscreen><\/iframe><\/div>\n<\/div>\n<h3>CONTENTKING &#8211; CARATTERISTICHE<\/h3>\n<ul>\n<li><strong>Controllo SEO<\/strong>: massimizza la visibilit\u00e0 del tuo motore di ricerca. Avere grandi contenuti non significa molto se i motori di ricerca non possono accedervi o analizzarli correttamente. \u00c8 qui che entra in gioco l&#8217;ampia suite di auditing SEO di questo programma. Le sue intuizioni fruibili rendono pi\u00f9 semplice l&#8217;ottimizzazione del tuo sito Web dall&#8217;alto verso il basso<\/li>\n<li><strong>Monitoraggio SEO: <\/strong>i motori di ricerca non smettono mai di scansionare e analizzare le pagine del tuo sito Web, costantemente alla ricerca di contenuti nuovi e aggiornati. Ecco perch\u00e9 vuoi che i tuoi strumenti facciano lo stesso: ogni volta che qualcosa va storto devi sapere subito in modo da poter correggere la situazione<\/li>\n<li><strong>Avviso SEO: <\/strong>quando il tuo sito web soffre di un problema tecnico o di una variazione imprevista dei contenuti e non intervieni in tempo, rischi di dare le posizioni del tuo motore di ricerca ai tuoi concorrenti. Ecco perch\u00e9 il software ti avvisa attivamente quando si verifica un errore, permettendoti di risolvere i problemi prima che i motori di ricerca e i visitatori lo notino.<\/li>\n<li><strong>Monitoraggio delle modifiche SEO:\u00a0<\/strong>Tenere traccia di tutte le modifiche, anche all&#8217;interno delle pagine! Gli sviluppatori, i clienti e le altre parti interessate trovano sempre nuovi modi per &#8220;sorprenderti&#8221;. la soluzione ti aiuta a tenere il passo con tutti loro<\/li>\n<li><strong>Approfondimenti e rapporti:<\/strong>\u00a0pi\u00f9 produttivo che mai!\u00a0Raccogli un&#8217;enorme quantit\u00e0 di dati sui tuoi siti Web. Sia che stiamo parlando delle ultime revisioni o delle istantanee storiche, le varie funzionalit\u00e0 di Insights &amp; Reporting mettono a portata di mano questa ricchezza di informazioni.<\/li>\n<li><strong>API e integrazioni: <\/strong>con le nostre API e integrazioni, puoi estendere la portata del programma e collegarlo facilmente a software di report, portali client o qualsiasi altro strumento.<\/li>\n<\/ul>\n<h4>LE RECENSIONI DEGLI UTENTI<\/h4>\n<p><strong>Koen V. &#8220;ContentKing \u00e8 un ottimo strumento analitico che ci ha fornito maggiori informazioni sui siti Web dei nostri clienti.&#8221;<\/strong><\/p>\n<p><strong>Commenti<\/strong>: ContentKing ci ha permesso di tenere meglio traccia dei siti Web dei nostri clienti, scoprire nuove opportunit\u00e0 di ottimizzazione, individuare i rischi di gestione dei contenuti e concentrare i nostri sforzi per educare i nostri clienti.<\/p>\n<p><strong>Vantaggi<\/strong>: i nostri clienti si affidano a noi per ottimizzare i loro siti Web e aumentare il traffico e la conversione. Il nostro lavoro non \u00e8 mai finito, il che significa che abbiamo bisogno di strumenti che non smettano mai di cercare. Uno dei maggiori vantaggi di ContentKing \u00e8 che ci supporta in ogni fase del nostro processo. I nuovi clienti spesso pensano di aver bisogno di una ricostruzione completa del loro sito Web. ContentKing ci aiuta a determinare se ci\u00f2 \u00e8 effettivamente necessario e, in tal caso, perch\u00e9 \u00e8 necessario. E una volta che abbiamo creato il nuovo sito Web, tiene traccia di una vasta gamma di importanti metriche in loco che altrimenti potrebbero scivolare attraverso le fessure.<\/p>\n<p><strong>Inconvenienti<\/strong>: ContentKing richiede agli utenti di specificare un&#8217;assegnazione di pagine per ogni sito Web che desiderano monitorare. Anche se questo sicuramente aiuta a mantenere il numero totale di pagine monitorate entro i limiti del nostro piano, spesso \u00e8 difficile determinare con esattezza quante pagine ha un determinato sito Web in anticipo. Sarebbe utile se ContentKing fornisse informazioni dettagliate su questo numero, permettendoci di adattare in modo pi\u00f9 accurato il budget di monitoraggio.<\/p>\n<h4>Marc T. &#8220;Molto facile da usare e mi tiene aggiornato sullo stato di molti siti Web&#8221;<\/h4>\n<p><strong>Vantaggi<\/strong>: lo strumento mi d\u00e0 aggiornamenti in tempo reale sulle modifiche di un sito Web, il che \u00e8 molto utile quando lavori con molti clienti in un&#8217;agenzia. Quando lavori con grandi siti Web (oltre 10.000 pagine) \u00e8 molto utile non dover eseguire la scansione di un sito Web da solo, ma devi solo accedere per accedere ai dati dei tuoi siti Web.<\/p>\n<p><strong>Inconvenienti<\/strong>: l&#8217;esportazione dei dati in Excel pu\u00f2 essere eseguita pi\u00f9 facilmente, devo aggiungere il dominio di un sito Web all&#8217;URL. Inoltre, quando controllo il tag hreflang, voglio vedere quali paesi sono collegati in una panoramica. Ora posso solo vedere che c&#8217;\u00e8 un tag, che \u00e8 gi\u00e0 molto utile, ma vedere quali paesi e lingue vengono utilizzati sarebbe pi\u00f9 facile.<\/p>\n<h4>William J. &#8220;Una soluzione economica che risolve il problema del monitoraggio continuo delle prestazioni SEO&#8221;<\/h4>\n<p><strong>Commenti<\/strong>: monitoraggio del SEO dei siti Web dei clienti per identificare questioni importanti prima che abbiano un impatto sulle prestazioni.<\/p>\n<p><strong>Vantaggi<\/strong>: gestiamo un&#8217;agenzia SEO, PPC e Analytics e contiamo su ContentKing per monitorare i siti Web dei nostri clienti e avvisarci di problemi di prestazioni. Prima di ContentKing controllavamo periodicamente manualmente i siti Web e spesso perdevamo errori introdotti dagli sviluppatori client che avrebbero avuto un impatto diretto sui profitti dei clienti. ContentKing ha avuto un valore inestimabile qui ed \u00e8 a un prezzo accessibile per un&#8217;agenzia come costo diretto. Lo consiglio vivamente.<\/p>\n<p><strong>Inconvenienti<\/strong>: la funzionalit\u00e0 API \u00e8 attualmente in una fase iniziale, so che ContentKing sta lavorando su questo e sar\u00e0 interessante vedere cosa viene dall&#8217;API ma al momento questa \u00e8 una delle poche cose che vorremmo vedere cambiato.<\/p>\n","protected":false},"excerpt":{"rendered":"<p>ContentKing \u00e8 un software di marketing digitale di prim&#8217;ordine creato da un team creativo e pragmatico composto da esperti di marketing, sviluppatori e designer per assisterti nel monitoraggio continuo e completo delle modifiche al tuo sito web e alle pagine in esso contenute, migliorando la visibilit\u00e0 e le prestazioni sui motori di ricerca, aumentando la produttivit\u00e0 e guadagnando un vantaggio rispetto alla concorrenza.<\/p>\n","protected":false},"author":19,"featured_media":19509,"parent":8849,"menu_order":0,"comment_status":"open","ping_status":"closed","template":"g1_template_page_review_new.php","meta":{"_acf_changed":false,"cwp_meta_box_check":"Yes","cwp_rev_product_name":"","cwp_rev_product_image":"","wppr_links":[],"cwp_rev_price":"","wppr_options":[],"wppr_pros":[],"wppr_cons":[],"_monsterinsights_skip_tracking":false,"_monsterinsights_sitenote_active":false,"_monsterinsights_sitenote_note":"","_monsterinsights_sitenote_category":0,"footnotes":""},"categories":[175],"tags":[1407,1410,1408,1393,1409,643],"features":[],"class_list":{"0":"post-19508","1":"page","2":"type-page","3":"status-publish","4":"has-post-thumbnail","6":"category-strumenti-seo-categoria","7":"tag-contentking","8":"tag-programma-pubblicita-digitale","9":"tag-rapporti-seo","10":"tag-reporting-seo","11":"tag-software-marketing-digitale","12":"tag-soluzione-marketing"},"wppr_data":{"cwp_meta_box_check":"Yes","cwp_rev_product_name":"","cwp_rev_product_image":"","cwp_image_link":"image","cwp_rev_price":"","wppr_rating":"0.00"},"acf":[],"yoast_head":"<!-- This site is optimized with the Yoast SEO plugin v27.4 - https:\/\/yoast.com\/product\/yoast-seo-wordpress\/ -->\n<title>ContentKing: recensione software reporting SEO- Accurate Reviews<\/title>\n<meta name=\"description\" content=\"ContentKing: recensione software di marketing digitale di prim&#039;ordine creato per assisterti nel monitoraggio completo delle modifiche al tuo sito web.\" \/>\n<meta name=\"robots\" content=\"index, follow, max-snippet:-1, max-image-preview:large, max-video-preview:-1\" \/>\n<link rel=\"canonical\" href=\"https:\/\/www.accuratereviews.com\/it\/strumenti-seo-lista-software\/contentking-recensione\/\" \/>\n<meta property=\"og:locale\" content=\"it_IT\" \/>\n<meta property=\"og:type\" content=\"article\" \/>\n<meta property=\"og:title\" content=\"ContentKing: recensione software reporting SEO- Accurate Reviews\" \/>\n<meta property=\"og:description\" content=\"ContentKing: recensione software di marketing digitale di prim&#039;ordine creato per assisterti nel monitoraggio completo delle modifiche al tuo sito web.\" \/>\n<meta property=\"og:url\" content=\"https:\/\/www.accuratereviews.com\/it\/strumenti-seo-lista-software\/contentking-recensione\/\" \/>\n<meta property=\"og:site_name\" content=\"Accurate Reviews\" \/>\n<meta property=\"article:modified_time\" content=\"2021-11-10T17:03:11+00:00\" \/>\n<meta property=\"og:image\" content=\"https:\/\/www.accuratereviews.com\/wp-content\/uploads\/2019\/10\/CONTENTKING.png\" \/>\n\t<meta property=\"og:image:width\" content=\"256\" \/>\n\t<meta property=\"og:image:height\" content=\"256\" \/>\n\t<meta property=\"og:image:type\" content=\"image\/png\" \/>\n<meta name=\"twitter:card\" content=\"summary_large_image\" \/>\n<meta name=\"twitter:label1\" content=\"Tempo di lettura stimato\" \/>\n\t<meta name=\"twitter:data1\" content=\"5 minuti\" \/>\n<script type=\"application\/ld+json\" class=\"yoast-schema-graph\">{\"@context\":\"https:\\\/\\\/schema.org\",\"@graph\":[{\"@type\":\"WebPage\",\"@id\":\"https:\\\/\\\/www.accuratereviews.com\\\/it\\\/strumenti-seo-lista-software\\\/contentking-recensione\\\/\",\"url\":\"https:\\\/\\\/www.accuratereviews.com\\\/it\\\/strumenti-seo-lista-software\\\/contentking-recensione\\\/\",\"name\":\"ContentKing: recensione software reporting SEO- Accurate Reviews\",\"isPartOf\":{\"@id\":\"https:\\\/\\\/www.accuratereviews.com\\\/it\\\/#website\"},\"primaryImageOfPage\":{\"@id\":\"https:\\\/\\\/www.accuratereviews.com\\\/it\\\/strumenti-seo-lista-software\\\/contentking-recensione\\\/#primaryimage\"},\"image\":{\"@id\":\"https:\\\/\\\/www.accuratereviews.com\\\/it\\\/strumenti-seo-lista-software\\\/contentking-recensione\\\/#primaryimage\"},\"thumbnailUrl\":\"https:\\\/\\\/www.accuratereviews.com\\\/wp-content\\\/uploads\\\/2019\\\/10\\\/CONTENTKING.png\",\"datePublished\":\"2019-10-25T16:29:17+00:00\",\"dateModified\":\"2021-11-10T17:03:11+00:00\",\"description\":\"ContentKing: recensione software di marketing digitale di prim'ordine creato per assisterti nel monitoraggio completo delle modifiche al tuo sito web.\",\"breadcrumb\":{\"@id\":\"https:\\\/\\\/www.accuratereviews.com\\\/it\\\/strumenti-seo-lista-software\\\/contentking-recensione\\\/#breadcrumb\"},\"inLanguage\":\"it-IT\",\"potentialAction\":[{\"@type\":\"ReadAction\",\"target\":[\"https:\\\/\\\/www.accuratereviews.com\\\/it\\\/strumenti-seo-lista-software\\\/contentking-recensione\\\/\"]}]},{\"@type\":\"ImageObject\",\"inLanguage\":\"it-IT\",\"@id\":\"https:\\\/\\\/www.accuratereviews.com\\\/it\\\/strumenti-seo-lista-software\\\/contentking-recensione\\\/#primaryimage\",\"url\":\"https:\\\/\\\/www.accuratereviews.com\\\/wp-content\\\/uploads\\\/2019\\\/10\\\/CONTENTKING.png\",\"contentUrl\":\"https:\\\/\\\/www.accuratereviews.com\\\/wp-content\\\/uploads\\\/2019\\\/10\\\/CONTENTKING.png\",\"width\":256,\"height\":256},{\"@type\":\"BreadcrumbList\",\"@id\":\"https:\\\/\\\/www.accuratereviews.com\\\/it\\\/strumenti-seo-lista-software\\\/contentking-recensione\\\/#breadcrumb\",\"itemListElement\":[{\"@type\":\"ListItem\",\"position\":1,\"name\":\"Home\",\"item\":\"https:\\\/\\\/www.accuratereviews.com\\\/it\\\/\"},{\"@type\":\"ListItem\",\"position\":2,\"name\":\"Strumenti SEO\",\"item\":\"https:\\\/\\\/www.accuratereviews.com\\\/it\\\/strumenti-seo-lista-software\\\/\"},{\"@type\":\"ListItem\",\"position\":3,\"name\":\"ContentKing\"}]},{\"@type\":\"WebSite\",\"@id\":\"https:\\\/\\\/www.accuratereviews.com\\\/it\\\/#website\",\"url\":\"https:\\\/\\\/www.accuratereviews.com\\\/it\\\/\",\"name\":\"Accurate Reviews\",\"description\":\"\",\"potentialAction\":[{\"@type\":\"SearchAction\",\"target\":{\"@type\":\"EntryPoint\",\"urlTemplate\":\"https:\\\/\\\/www.accuratereviews.com\\\/it\\\/?s={search_term_string}\"},\"query-input\":{\"@type\":\"PropertyValueSpecification\",\"valueRequired\":true,\"valueName\":\"search_term_string\"}}],\"inLanguage\":\"it-IT\"}]}<\/script>\n<!-- \/ Yoast SEO plugin. -->","yoast_head_json":{"title":"ContentKing: recensione software reporting SEO- Accurate Reviews","description":"ContentKing: recensione software di marketing digitale di prim'ordine creato per assisterti nel monitoraggio completo delle modifiche al tuo sito web.","robots":{"index":"index","follow":"follow","max-snippet":"max-snippet:-1","max-image-preview":"max-image-preview:large","max-video-preview":"max-video-preview:-1"},"canonical":"https:\/\/www.accuratereviews.com\/it\/strumenti-seo-lista-software\/contentking-recensione\/","og_locale":"it_IT","og_type":"article","og_title":"ContentKing: recensione software reporting SEO- Accurate Reviews","og_description":"ContentKing: recensione software di marketing digitale di prim'ordine creato per assisterti nel monitoraggio completo delle modifiche al tuo sito web.","og_url":"https:\/\/www.accuratereviews.com\/it\/strumenti-seo-lista-software\/contentking-recensione\/","og_site_name":"Accurate Reviews","article_modified_time":"2021-11-10T17:03:11+00:00","og_image":[{"width":256,"height":256,"url":"https:\/\/www.accuratereviews.com\/wp-content\/uploads\/2019\/10\/CONTENTKING.png","type":"image\/png"}],"twitter_card":"summary_large_image","twitter_misc":{"Tempo di lettura stimato":"5 minuti"},"schema":{"@context":"https:\/\/schema.org","@graph":[{"@type":"WebPage","@id":"https:\/\/www.accuratereviews.com\/it\/strumenti-seo-lista-software\/contentking-recensione\/","url":"https:\/\/www.accuratereviews.com\/it\/strumenti-seo-lista-software\/contentking-recensione\/","name":"ContentKing: recensione software reporting SEO- Accurate Reviews","isPartOf":{"@id":"https:\/\/www.accuratereviews.com\/it\/#website"},"primaryImageOfPage":{"@id":"https:\/\/www.accuratereviews.com\/it\/strumenti-seo-lista-software\/contentking-recensione\/#primaryimage"},"image":{"@id":"https:\/\/www.accuratereviews.com\/it\/strumenti-seo-lista-software\/contentking-recensione\/#primaryimage"},"thumbnailUrl":"https:\/\/www.accuratereviews.com\/wp-content\/uploads\/2019\/10\/CONTENTKING.png","datePublished":"2019-10-25T16:29:17+00:00","dateModified":"2021-11-10T17:03:11+00:00","description":"ContentKing: recensione software di marketing digitale di prim'ordine creato per assisterti nel monitoraggio completo delle modifiche al tuo sito web.","breadcrumb":{"@id":"https:\/\/www.accuratereviews.com\/it\/strumenti-seo-lista-software\/contentking-recensione\/#breadcrumb"},"inLanguage":"it-IT","potentialAction":[{"@type":"ReadAction","target":["https:\/\/www.accuratereviews.com\/it\/strumenti-seo-lista-software\/contentking-recensione\/"]}]},{"@type":"ImageObject","inLanguage":"it-IT","@id":"https:\/\/www.accuratereviews.com\/it\/strumenti-seo-lista-software\/contentking-recensione\/#primaryimage","url":"https:\/\/www.accuratereviews.com\/wp-content\/uploads\/2019\/10\/CONTENTKING.png","contentUrl":"https:\/\/www.accuratereviews.com\/wp-content\/uploads\/2019\/10\/CONTENTKING.png","width":256,"height":256},{"@type":"BreadcrumbList","@id":"https:\/\/www.accuratereviews.com\/it\/strumenti-seo-lista-software\/contentking-recensione\/#breadcrumb","itemListElement":[{"@type":"ListItem","position":1,"name":"Home","item":"https:\/\/www.accuratereviews.com\/it\/"},{"@type":"ListItem","position":2,"name":"Strumenti SEO","item":"https:\/\/www.accuratereviews.com\/it\/strumenti-seo-lista-software\/"},{"@type":"ListItem","position":3,"name":"ContentKing"}]},{"@type":"WebSite","@id":"https:\/\/www.accuratereviews.com\/it\/#website","url":"https:\/\/www.accuratereviews.com\/it\/","name":"Accurate Reviews","description":"","potentialAction":[{"@type":"SearchAction","target":{"@type":"EntryPoint","urlTemplate":"https:\/\/www.accuratereviews.com\/it\/?s={search_term_string}"},"query-input":{"@type":"PropertyValueSpecification","valueRequired":true,"valueName":"search_term_string"}}],"inLanguage":"it-IT"}]}},"_links":{"self":[{"href":"https:\/\/www.accuratereviews.com\/it\/wp-json\/wp\/v2\/pages\/19508","targetHints":{"allow":["GET"]}}],"collection":[{"href":"https:\/\/www.accuratereviews.com\/it\/wp-json\/wp\/v2\/pages"}],"about":[{"href":"https:\/\/www.accuratereviews.com\/it\/wp-json\/wp\/v2\/types\/page"}],"author":[{"embeddable":true,"href":"https:\/\/www.accuratereviews.com\/it\/wp-json\/wp\/v2\/users\/19"}],"replies":[{"embeddable":true,"href":"https:\/\/www.accuratereviews.com\/it\/wp-json\/wp\/v2\/comments?post=19508"}],"version-history":[{"count":11,"href":"https:\/\/www.accuratereviews.com\/it\/wp-json\/wp\/v2\/pages\/19508\/revisions"}],"predecessor-version":[{"id":49808,"href":"https:\/\/www.accuratereviews.com\/it\/wp-json\/wp\/v2\/pages\/19508\/revisions\/49808"}],"up":[{"embeddable":true,"href":"https:\/\/www.accuratereviews.com\/it\/wp-json\/wp\/v2\/pages\/8849"}],"wp:featuredmedia":[{"embeddable":true,"href":"https:\/\/www.accuratereviews.com\/it\/wp-json\/wp\/v2\/media\/19509"}],"wp:attachment":[{"href":"https:\/\/www.accuratereviews.com\/it\/wp-json\/wp\/v2\/media?parent=19508"}],"wp:term":[{"taxonomy":"category","embeddable":true,"href":"https:\/\/www.accuratereviews.com\/it\/wp-json\/wp\/v2\/categories?post=19508"},{"taxonomy":"post_tag","embeddable":true,"href":"https:\/\/www.accuratereviews.com\/it\/wp-json\/wp\/v2\/tags?post=19508"},{"taxonomy":"features","embeddable":true,"href":"https:\/\/www.accuratereviews.com\/it\/wp-json\/wp\/v2\/features?post=19508"}],"curies":[{"name":"wp","href":"https:\/\/api.w.org\/{rel}","templated":true}]}}