{"id":19520,"date":"2019-10-25T16:30:25","date_gmt":"2019-10-25T16:30:25","guid":{"rendered":"https:\/\/www.accuratereviews.com\/?page_id=19520"},"modified":"2021-11-26T16:12:25","modified_gmt":"2021-11-26T16:12:25","slug":"semrush-recensione","status":"publish","type":"page","link":"https:\/\/www.accuratereviews.com\/it\/strumenti-seo-lista-software\/semrush-recensione\/","title":{"rendered":"SEMrush"},"content":{"rendered":"<p><strong>SEMrush<\/strong> \u00e8 una suite di strumenti completa per la <strong>gestione del marketing digitale.<\/strong> Offre una visibilit\u00e0 professionale completa sul traffico proveniente da pi\u00f9 canali di comunicazione e per ottenere una visione dell&#8217;efficacia dei loro approcci di marketing.\u00a0La soluzione mostra alle aziende quali parole chiave aumentano il ranking dei motori di ricerca della concorrenza, per loro di creare una strategia in grado di contrastare ci\u00f2. Una grande fetta di consumatori \u00e8 sui canali dei social media. Queste piattaforme possono essere utilizzate per massimizzare il coinvolgimento e semplificano anche la misurazione delle prestazioni della strategia sociale di un marchio. Ottenendo visibilit\u00e0 su tale aspetto, le aziende possono trovare modi migliori per raggiungere il proprio pubblico e trasformarli in acquirenti e <strong>SEMrush<\/strong> aiuta le aziende a renderlo possibile.<\/p>\n<h2>SEMRUSH &#8211; TUTORIAL<\/h2>\n<p>Guardiamo insieme questo tutorial per imparare a gestire questo <strong>software SEO<\/strong>:<\/p>\n<div id=\"fluid-wrapper-counter-1\" class=\"g1-fluid-wrapper \" style=\"width:686px;\">\n<div style=\"padding-bottom:56.268221574344%;\"><iframe loading=\"lazy\" title=\"SEO Toolkit - Tutorial SEMrush\" width=\"686\" height=\"386\" src=\"https:\/\/www.youtube.com\/embed\/K4f7ZB2MXIk?feature=oembed&amp;wmode=transparent&amp;autohide=1&amp;autoplay=0&amp;disablekb=0&amp;fs=1&amp;loop=0&amp;enablejsapi=1&amp;rel=0&amp;controls=2&amp;showinfo=0&amp;wmode=transparent&amp;autohide=2&amp;autoplay=0&amp;disablekb=0&amp;fs=1&amp;loop=0&amp;enablejsapi=1&amp;rel=0&amp;controls=2&amp;showinfo=1\" frameborder=\"0\" allow=\"accelerometer; autoplay; clipboard-write; encrypted-media; gyroscope; picture-in-picture\" allowfullscreen><\/iframe><\/div>\n<\/div>\n<h3>SEMRUSH &#8211; CARATTERISTICHE<\/h3>\n<ul class=\"features-block__list\">\n<li>Osserva le migliori parole chiave dei competitor<\/li>\n<li>Scopri nuovi competitor organici<\/li>\n<li>Osserva i cambiamenti di posizione dei domini<\/li>\n<li>Scopri le strategie e il budget per la pubblicit\u00e0 dei tuoi competitor<\/li>\n<li>Analizza i testi pubblicitari e le parole chiave dei tuoi competitor online<\/li>\n<li>Scopri nuovi competitor negli annunci AdWords e Bing<\/li>\n<li>Localizza le campagne pubblicitarie<\/li>\n<li>Osserva editori e inserzionisti ai primi posti<\/li>\n<li>Analizza il display advertising dei competitor<\/li>\n<li>Individua nuovi editori<\/li>\n<li>Visualizza i materiali visuali su diversi dispositivi<\/li>\n<li>Svolgi un&#8217;analisi approfondita dei backlink<\/li>\n<li>Scopri l&#8217;autorit\u00e0 dei domini di riferimento<\/li>\n<li>Verifica i tipi di backlink<\/li>\n<li>Individua la geolocalizzazione dei domini e degli IP di riferimento<\/li>\n<li>Individua le giuste parole chiave per le campagne SEO e PPC<\/li>\n<li>Raccogli le corrispondenze a frase e le parole chiave correlate<\/li>\n<li>Parole chiave di lunga coda<\/li>\n<li>Esplora ambienti multinazionali e multilingue<\/li>\n<li>Definisci i competitor dei PLA<\/li>\n<li>Tutte le informazioni sui feed di prodotti (PLA) dei competitor<\/li>\n<li>Guarda i PLA con le migliori performance dei tuoi competitor<\/li>\n<li>Scopri il traffico e le prestazioni online di qualunque sito aziendale<\/li>\n<li>Monitora le attivit\u00e0 e le strategie di marketing dei tuoi competitor<\/li>\n<li>Scopri nuovi mercati e nuove nicchie<\/li>\n<li>Comprendi i comportamenti dei tuoi potenziali clienti e il loro utilizzo dei media<\/li>\n<li>Qualifica lead, prospect e potenziali partner<\/li>\n<li>Cerca nuove opportunit\u00e0 di investimento<\/li>\n<li>Metti a confronto i domini con indicatori chiave di visibilit\u00e0<\/li>\n<li>Svolgi un&#8217;analisi della concorrenza in pochi clic<\/li>\n<li>Utilizza le funzionalit\u00e0 di branding e commento per progettare il tuo report<\/li>\n<li>Condividi e pianifica la condivisione dei tuoi report a cadenza regolare<\/li>\n<\/ul>\n<h4>LE RECENSIONI DEGLI UTENTI<\/h4>\n<h4>Ankur S. &#8220;Uno dei migliori strumenti di gestione in loco con funzionalit\u00e0 straordinarie&#8221;<\/h4>\n<p><strong>Commenti<\/strong>: Nel complesso questo strumento \u00e8 incredibilmente brillante e utile, ringrazio il team di SEMrush che aggiunge tale funzionalit\u00e0, Il pi\u00f9 delle volte non devo cercare altri strumenti quando voglio delle ricerche. stanno coprendo la maggior parte delle cose relative al SEO.<\/p>\n<p><strong>Vantaggi<\/strong>: ci sono molti pro di semrush, ne ho trovati molti usandolo da pi\u00f9 di 2 anni. la mia caratteristica preferita di questo strumento \u00e8 una recensione on-page, il backlink Gap checker e l&#8217;analisi della concorrenza \u00e8 il miglior motivo per acquistare questo strumento. Ti d\u00e0 un&#8217;idea migliore sulla tua strategia di backlink (Come possono ancora pi\u00f9 collegamenti da un concorrente e come puoi costruirne uno nuovo). Uno dei suoi nomi di funzionalit\u00e0 come strumento Keyword Magic \u00e8 eccezionale se sei nuovo nella parte di ricerca delle parole chiave, ti consente di approfondire le parole chiave locali, le parole chiave LSI, ecc. rendimento delle parole chiave su base giornaliera.<\/p>\n<p><strong>Inconvenienti<\/strong>: questa \u00e8 la vasta esplorazione di qualsiasi strumento, molte delle funzionalit\u00e0 e funzionalit\u00e0 di reporting che non riesci ancora a capire se sei un SEO. Specialmente tu sei molto nuovo nel mondo SEO.<\/p>\n<h4>Calin H. &#8220;L&#8217;ho usato in diverse posizioni lavorando su una vasta gamma di campagne SEO.&#8221;<\/h4>\n<p><strong>Commenti<\/strong>: \u00c8 davvero un ottimo sportello unico per tutti i tuoi strumenti SEO e PPC, il che \u00e8 fantastico. Quindi, se stai cercando un pacchetto semplice per soddisfare la maggior parte delle tue esigenze di marketing digitale, questo \u00e8 davvero il meglio che puoi fare.<\/p>\n<p><strong>Vantaggi<\/strong>: si tratta del miglior software SEO completo che puoi trovare. Fa un buon lavoro su tutto e non ha molti punti deboli. L&#8217;analisi competitiva \u00e8 davvero il miglior motivo per acquistare il software, \u00e8 completo e ti d\u00e0 una buona occhiata ai potenziali concorrenti. Ci sono sempre nuove funzionalit\u00e0 che vengono aggiunte e testate, il che \u00e8 fantastico e d\u00e0 al software un buon valore. Alcune funzionalit\u00e0 sono migliori di altre, ma l&#8217;audit e l&#8217;analisi della concorrenza sono davvero fantastici. Ho usato il software in varie forme tra cui Business, Guru e gratuito. La versione gratuita ti d\u00e0 un assaggio, ma l&#8217;esperienza completa vale generalmente i soldi. Guru vale i soldi extra rispetto a Pro in quanto ti d\u00e0 rapporti di marca e la possibilit\u00e0 di gestire ancora qualche altro progetto. Le esportazioni e i rapporti ricorrenti sono molto belli e semplici da configurare. Nel complesso, questo \u00e8 un ottimo strumento per le campagne SEO e PPC. Se hai bisogno di una soluzione software di tipo all-in-one, consiglierei SEMrush in quanto \u00e8 probabilmente lo strumento pi\u00f9 completo che puoi trovare.<\/p>\n<p><strong>Inconvenienti<\/strong>: se stai cercando il rilevamento del rango, suggerirei di cercare altrove, \u00e8 un po &#8216;traballante e non \u00e8 facile da usare come altre soluzioni di rilevamento del rango. Tuttavia, se non si desidera acquistare pi\u00f9 software, il tracker di livello eseguir\u00e0 il lavoro. Il software \u00e8 una specie di &#8220;tuttofare, padrone di nessuno&#8221;; quindi sarai in grado di cavartela con questo solo come software principale, ma se vuoi qualcosa di un po &#8216;pi\u00f9 specializzato, probabilmente dovresti cercare altrove. Potresti finire per non usare molti strumenti perch\u00e9 c&#8217;\u00e8 cos\u00ec tanto da esplorare, ma la maggior parte degli strumenti che ci sono sono piuttosto preziosi. A parte questo, alcuni dei report necessitano di qualche interpretazione extra se li presenterai a un cliente che non \u00e8 ottimale ma \u00e8 comprensibile.<\/p>\n<h4>Eligreg L. &#8220;Uno strumento SEO per coloro che vogliono fare le cose<\/h4>\n<p><strong>Commenti<\/strong>: Ho avuto un assaggio di tutto ci\u00f2 che SEMrush pu\u00f2 fare dopo aver partecipato a uno dei loro grandi seminari (sono davvero bravi nel marketing dei contenuti e che include eventi), che mi ha fatto acquistare lo strumento e ho fretta di fare i miei soldi valore degli audit SEO.<\/p>\n<p><strong>Vantaggi<\/strong>: tutto ci\u00f2 che riguarda SEO e content marketing \u00e8 assolutamente FATTO. SEMrush fa davvero di tutto per aiutare l&#8217;utente (e, soprattutto, ogni imprenditore) a ottenere i risultati desiderati con ogni singolo strumento a cui possono pensare. Dal controllo SEO (in pochi secondi) al Social Media Marketing, SEMrush \u00e8 lo strumento per gestire tutti i tuoi sforzi in entrata.<\/p>\n<p><strong>Inconvenienti<\/strong>: come consulente SEO di libero professionista, SEMrush pu\u00f2 diventare un po &#8216;caro per il lavoro che faccio. Per le aziende \u00e8 fantastico, ma per noi liberi professionisti \u00e8 troppo dispendioso data la frequenza delle nostre entrate.<\/p>\n","protected":false},"excerpt":{"rendered":"<p>SEMrush \u00e8 una suite di strumenti completa per la gestione del marketing digitale. Offre una visibilit\u00e0 professionale completa sul traffico proveniente da pi\u00f9 canali di comunicazione e per ottenere una visione dell&#8217;efficacia dei loro approcci di marketing.\u00a0La soluzione mostra alle aziende quali parole chiave aumentano il ranking dei motori di ricerca della concorrenza, per loro di creare una strategia in grado di contrastare ci\u00f2.<\/p>\n","protected":false},"author":19,"featured_media":19531,"parent":8849,"menu_order":0,"comment_status":"open","ping_status":"closed","template":"g1_template_page_review_new.php","meta":{"_acf_changed":false,"cwp_meta_box_check":"Yes","cwp_rev_product_name":"","cwp_rev_product_image":"","wppr_links":[],"cwp_rev_price":"","wppr_options":[],"wppr_pros":[],"wppr_cons":[],"_monsterinsights_skip_tracking":false,"_monsterinsights_sitenote_active":false,"_monsterinsights_sitenote_note":"","_monsterinsights_sitenote_category":0,"footnotes":""},"categories":[175],"tags":[1415,1413,1411,1414,1412,885],"features":[],"class_list":{"0":"post-19520","1":"page","2":"type-page","3":"status-publish","4":"has-post-thumbnail","6":"category-strumenti-seo-categoria","7":"tag-rapporti","8":"tag-report","9":"tag-semrush","10":"tag-soluzione-reporting","11":"tag-soluzioni-seo","12":"tag-strumenti-seo"},"wppr_data":{"cwp_meta_box_check":"Yes","cwp_rev_product_name":"","cwp_rev_product_image":"","cwp_image_link":"image","cwp_rev_price":"","wppr_rating":"0.00"},"acf":[],"yoast_head":"<!-- This site is optimized with the Yoast SEO plugin v27.4 - https:\/\/yoast.com\/product\/yoast-seo-wordpress\/ -->\n<title>SEMrush: recensione software SEO- Accurate Reviews<\/title>\n<meta name=\"description\" content=\"SEMrush: recensione soluzione per la gestione del marketing digitale, offre una visibilit\u00e0 professionale completa sul traffico proveniente da pi\u00f9 canali.\" \/>\n<meta name=\"robots\" content=\"index, follow, max-snippet:-1, max-image-preview:large, max-video-preview:-1\" \/>\n<link rel=\"canonical\" href=\"https:\/\/www.accuratereviews.com\/it\/strumenti-seo-lista-software\/semrush-recensione\/\" \/>\n<meta property=\"og:locale\" content=\"it_IT\" \/>\n<meta property=\"og:type\" content=\"article\" \/>\n<meta property=\"og:title\" content=\"SEMrush: recensione software SEO- Accurate Reviews\" \/>\n<meta property=\"og:description\" content=\"SEMrush: recensione soluzione per la gestione del marketing digitale, offre una visibilit\u00e0 professionale completa sul traffico proveniente da pi\u00f9 canali.\" \/>\n<meta property=\"og:url\" content=\"https:\/\/www.accuratereviews.com\/it\/strumenti-seo-lista-software\/semrush-recensione\/\" \/>\n<meta property=\"og:site_name\" content=\"Accurate Reviews\" \/>\n<meta property=\"article:modified_time\" content=\"2021-11-26T16:12:25+00:00\" \/>\n<meta property=\"og:image\" content=\"https:\/\/www.accuratereviews.com\/wp-content\/uploads\/2019\/10\/semrush-logo-.png\" \/>\n\t<meta property=\"og:image:width\" content=\"780\" \/>\n\t<meta property=\"og:image:height\" content=\"520\" \/>\n\t<meta property=\"og:image:type\" content=\"image\/png\" \/>\n<meta name=\"twitter:card\" content=\"summary_large_image\" \/>\n<meta name=\"twitter:label1\" content=\"Tempo di lettura stimato\" \/>\n\t<meta name=\"twitter:data1\" content=\"5 minuti\" \/>\n<script type=\"application\/ld+json\" class=\"yoast-schema-graph\">{\"@context\":\"https:\\\/\\\/schema.org\",\"@graph\":[{\"@type\":\"WebPage\",\"@id\":\"https:\\\/\\\/www.accuratereviews.com\\\/it\\\/strumenti-seo-lista-software\\\/semrush-recensione\\\/\",\"url\":\"https:\\\/\\\/www.accuratereviews.com\\\/it\\\/strumenti-seo-lista-software\\\/semrush-recensione\\\/\",\"name\":\"SEMrush: recensione software SEO- Accurate Reviews\",\"isPartOf\":{\"@id\":\"https:\\\/\\\/www.accuratereviews.com\\\/it\\\/#website\"},\"primaryImageOfPage\":{\"@id\":\"https:\\\/\\\/www.accuratereviews.com\\\/it\\\/strumenti-seo-lista-software\\\/semrush-recensione\\\/#primaryimage\"},\"image\":{\"@id\":\"https:\\\/\\\/www.accuratereviews.com\\\/it\\\/strumenti-seo-lista-software\\\/semrush-recensione\\\/#primaryimage\"},\"thumbnailUrl\":\"https:\\\/\\\/www.accuratereviews.com\\\/wp-content\\\/uploads\\\/2019\\\/10\\\/semrush-logo-.png\",\"datePublished\":\"2019-10-25T16:30:25+00:00\",\"dateModified\":\"2021-11-26T16:12:25+00:00\",\"description\":\"SEMrush: recensione soluzione per la gestione del marketing digitale, offre una visibilit\u00e0 professionale completa sul traffico proveniente da pi\u00f9 canali.\",\"breadcrumb\":{\"@id\":\"https:\\\/\\\/www.accuratereviews.com\\\/it\\\/strumenti-seo-lista-software\\\/semrush-recensione\\\/#breadcrumb\"},\"inLanguage\":\"it-IT\",\"potentialAction\":[{\"@type\":\"ReadAction\",\"target\":[\"https:\\\/\\\/www.accuratereviews.com\\\/it\\\/strumenti-seo-lista-software\\\/semrush-recensione\\\/\"]}]},{\"@type\":\"ImageObject\",\"inLanguage\":\"it-IT\",\"@id\":\"https:\\\/\\\/www.accuratereviews.com\\\/it\\\/strumenti-seo-lista-software\\\/semrush-recensione\\\/#primaryimage\",\"url\":\"https:\\\/\\\/www.accuratereviews.com\\\/wp-content\\\/uploads\\\/2019\\\/10\\\/semrush-logo-.png\",\"contentUrl\":\"https:\\\/\\\/www.accuratereviews.com\\\/wp-content\\\/uploads\\\/2019\\\/10\\\/semrush-logo-.png\",\"width\":780,\"height\":520},{\"@type\":\"BreadcrumbList\",\"@id\":\"https:\\\/\\\/www.accuratereviews.com\\\/it\\\/strumenti-seo-lista-software\\\/semrush-recensione\\\/#breadcrumb\",\"itemListElement\":[{\"@type\":\"ListItem\",\"position\":1,\"name\":\"Home\",\"item\":\"https:\\\/\\\/www.accuratereviews.com\\\/it\\\/\"},{\"@type\":\"ListItem\",\"position\":2,\"name\":\"Strumenti SEO\",\"item\":\"https:\\\/\\\/www.accuratereviews.com\\\/it\\\/strumenti-seo-lista-software\\\/\"},{\"@type\":\"ListItem\",\"position\":3,\"name\":\"SEMrush\"}]},{\"@type\":\"WebSite\",\"@id\":\"https:\\\/\\\/www.accuratereviews.com\\\/it\\\/#website\",\"url\":\"https:\\\/\\\/www.accuratereviews.com\\\/it\\\/\",\"name\":\"Accurate Reviews\",\"description\":\"\",\"potentialAction\":[{\"@type\":\"SearchAction\",\"target\":{\"@type\":\"EntryPoint\",\"urlTemplate\":\"https:\\\/\\\/www.accuratereviews.com\\\/it\\\/?s={search_term_string}\"},\"query-input\":{\"@type\":\"PropertyValueSpecification\",\"valueRequired\":true,\"valueName\":\"search_term_string\"}}],\"inLanguage\":\"it-IT\"}]}<\/script>\n<!-- \/ Yoast SEO plugin. -->","yoast_head_json":{"title":"SEMrush: recensione software SEO- Accurate Reviews","description":"SEMrush: recensione soluzione per la gestione del marketing digitale, offre una visibilit\u00e0 professionale completa sul traffico proveniente da pi\u00f9 canali.","robots":{"index":"index","follow":"follow","max-snippet":"max-snippet:-1","max-image-preview":"max-image-preview:large","max-video-preview":"max-video-preview:-1"},"canonical":"https:\/\/www.accuratereviews.com\/it\/strumenti-seo-lista-software\/semrush-recensione\/","og_locale":"it_IT","og_type":"article","og_title":"SEMrush: recensione software SEO- Accurate Reviews","og_description":"SEMrush: recensione soluzione per la gestione del marketing digitale, offre una visibilit\u00e0 professionale completa sul traffico proveniente da pi\u00f9 canali.","og_url":"https:\/\/www.accuratereviews.com\/it\/strumenti-seo-lista-software\/semrush-recensione\/","og_site_name":"Accurate Reviews","article_modified_time":"2021-11-26T16:12:25+00:00","og_image":[{"width":780,"height":520,"url":"https:\/\/www.accuratereviews.com\/wp-content\/uploads\/2019\/10\/semrush-logo-.png","type":"image\/png"}],"twitter_card":"summary_large_image","twitter_misc":{"Tempo di lettura stimato":"5 minuti"},"schema":{"@context":"https:\/\/schema.org","@graph":[{"@type":"WebPage","@id":"https:\/\/www.accuratereviews.com\/it\/strumenti-seo-lista-software\/semrush-recensione\/","url":"https:\/\/www.accuratereviews.com\/it\/strumenti-seo-lista-software\/semrush-recensione\/","name":"SEMrush: recensione software SEO- Accurate Reviews","isPartOf":{"@id":"https:\/\/www.accuratereviews.com\/it\/#website"},"primaryImageOfPage":{"@id":"https:\/\/www.accuratereviews.com\/it\/strumenti-seo-lista-software\/semrush-recensione\/#primaryimage"},"image":{"@id":"https:\/\/www.accuratereviews.com\/it\/strumenti-seo-lista-software\/semrush-recensione\/#primaryimage"},"thumbnailUrl":"https:\/\/www.accuratereviews.com\/wp-content\/uploads\/2019\/10\/semrush-logo-.png","datePublished":"2019-10-25T16:30:25+00:00","dateModified":"2021-11-26T16:12:25+00:00","description":"SEMrush: recensione soluzione per la gestione del marketing digitale, offre una visibilit\u00e0 professionale completa sul traffico proveniente da pi\u00f9 canali.","breadcrumb":{"@id":"https:\/\/www.accuratereviews.com\/it\/strumenti-seo-lista-software\/semrush-recensione\/#breadcrumb"},"inLanguage":"it-IT","potentialAction":[{"@type":"ReadAction","target":["https:\/\/www.accuratereviews.com\/it\/strumenti-seo-lista-software\/semrush-recensione\/"]}]},{"@type":"ImageObject","inLanguage":"it-IT","@id":"https:\/\/www.accuratereviews.com\/it\/strumenti-seo-lista-software\/semrush-recensione\/#primaryimage","url":"https:\/\/www.accuratereviews.com\/wp-content\/uploads\/2019\/10\/semrush-logo-.png","contentUrl":"https:\/\/www.accuratereviews.com\/wp-content\/uploads\/2019\/10\/semrush-logo-.png","width":780,"height":520},{"@type":"BreadcrumbList","@id":"https:\/\/www.accuratereviews.com\/it\/strumenti-seo-lista-software\/semrush-recensione\/#breadcrumb","itemListElement":[{"@type":"ListItem","position":1,"name":"Home","item":"https:\/\/www.accuratereviews.com\/it\/"},{"@type":"ListItem","position":2,"name":"Strumenti SEO","item":"https:\/\/www.accuratereviews.com\/it\/strumenti-seo-lista-software\/"},{"@type":"ListItem","position":3,"name":"SEMrush"}]},{"@type":"WebSite","@id":"https:\/\/www.accuratereviews.com\/it\/#website","url":"https:\/\/www.accuratereviews.com\/it\/","name":"Accurate Reviews","description":"","potentialAction":[{"@type":"SearchAction","target":{"@type":"EntryPoint","urlTemplate":"https:\/\/www.accuratereviews.com\/it\/?s={search_term_string}"},"query-input":{"@type":"PropertyValueSpecification","valueRequired":true,"valueName":"search_term_string"}}],"inLanguage":"it-IT"}]}},"_links":{"self":[{"href":"https:\/\/www.accuratereviews.com\/it\/wp-json\/wp\/v2\/pages\/19520","targetHints":{"allow":["GET"]}}],"collection":[{"href":"https:\/\/www.accuratereviews.com\/it\/wp-json\/wp\/v2\/pages"}],"about":[{"href":"https:\/\/www.accuratereviews.com\/it\/wp-json\/wp\/v2\/types\/page"}],"author":[{"embeddable":true,"href":"https:\/\/www.accuratereviews.com\/it\/wp-json\/wp\/v2\/users\/19"}],"replies":[{"embeddable":true,"href":"https:\/\/www.accuratereviews.com\/it\/wp-json\/wp\/v2\/comments?post=19520"}],"version-history":[{"count":12,"href":"https:\/\/www.accuratereviews.com\/it\/wp-json\/wp\/v2\/pages\/19520\/revisions"}],"predecessor-version":[{"id":50556,"href":"https:\/\/www.accuratereviews.com\/it\/wp-json\/wp\/v2\/pages\/19520\/revisions\/50556"}],"up":[{"embeddable":true,"href":"https:\/\/www.accuratereviews.com\/it\/wp-json\/wp\/v2\/pages\/8849"}],"wp:featuredmedia":[{"embeddable":true,"href":"https:\/\/www.accuratereviews.com\/it\/wp-json\/wp\/v2\/media\/19531"}],"wp:attachment":[{"href":"https:\/\/www.accuratereviews.com\/it\/wp-json\/wp\/v2\/media?parent=19520"}],"wp:term":[{"taxonomy":"category","embeddable":true,"href":"https:\/\/www.accuratereviews.com\/it\/wp-json\/wp\/v2\/categories?post=19520"},{"taxonomy":"post_tag","embeddable":true,"href":"https:\/\/www.accuratereviews.com\/it\/wp-json\/wp\/v2\/tags?post=19520"},{"taxonomy":"features","embeddable":true,"href":"https:\/\/www.accuratereviews.com\/it\/wp-json\/wp\/v2\/features?post=19520"}],"curies":[{"name":"wp","href":"https:\/\/api.w.org\/{rel}","templated":true}]}}