{"id":19521,"date":"2019-10-25T16:30:12","date_gmt":"2019-10-25T16:30:12","guid":{"rendered":"https:\/\/www.accuratereviews.com\/?page_id=19521"},"modified":"2021-11-11T16:34:53","modified_gmt":"2021-11-11T16:34:53","slug":"squarespace-recensione","status":"publish","type":"page","link":"https:\/\/www.accuratereviews.com\/it\/strumenti-seo-lista-software\/squarespace-recensione\/","title":{"rendered":"Squarespace"},"content":{"rendered":"<p><strong>Squarespace<\/strong> \u00e8 una piattaforma di <strong>website builder<\/strong> che ti permette di creare il tuo sito in modo semplice e personalizzando il design in base alle tue esigenze professionali. Si rivolge principalmente ad aziende, imprese, imprenditori, stilisti, fotografi, ristoranti che vogliono avere successo anche nel mondo digitale, creandosi uno spazio tutto per loro. Dispone di moltissime funzioni interessanti e di potenti <strong>strumenti SEO<\/strong> che ti permetteranno di analizzare il traffico del tuo sito web e degli altri siti in rete, comprendendo cosa cercano i visitatori cos\u00ec da potenziare il tuo sito in modo che appaia pi\u00f9 alto nelle <strong>classifiche dei motori di ricerca<\/strong>. Scegli subito fra i numerosi modelli proposti per siti <strong>web, ecommerce<\/strong> e personalizzali a tuo piacimento per creare quello che desideri.<\/p>\n<h2>COME UTILIZZARE SQUARESPACE &#8211; TUTORIAL<\/h2>\n<p>Ecco un video che ci mostra come funziona questo programma:<\/p>\n<div id=\"fluid-wrapper-counter-1\" class=\"g1-fluid-wrapper \" style=\"width:686px;\">\n<div style=\"padding-bottom:56.268221574344%;\"><iframe loading=\"lazy\" title=\"Squarespace SEO - What you need to know in 2019\" width=\"515\" height=\"386\" src=\"https:\/\/www.youtube.com\/embed\/2eDsngC3PRw?feature=oembed&amp;wmode=transparent&amp;autohide=1&amp;autoplay=0&amp;disablekb=0&amp;fs=1&amp;loop=0&amp;enablejsapi=1&amp;rel=0&amp;controls=2&amp;showinfo=0&amp;wmode=transparent&amp;autohide=2&amp;autoplay=0&amp;disablekb=0&amp;fs=1&amp;loop=0&amp;enablejsapi=1&amp;rel=0&amp;controls=2&amp;showinfo=1\" frameborder=\"0\" allow=\"accelerometer; autoplay; clipboard-write; encrypted-media; gyroscope; picture-in-picture\" allowfullscreen><\/iframe><\/div>\n<\/div>\n<h3>SQUARESPACE -CARATTERISTICHE<\/h3>\n<p>Di seguito le sue principali caratteristiche:<\/p>\n<ul>\n<li><strong>Ampia scelta dei modelli<\/strong>: puoi scegliere tra numerosi template moderni, ideati per qualsiasi obiettivo e personalizzabili in base alle tue esigenze professionali. Sono disponibili anche dei template ottimizzati per ecommerce<\/li>\n<li><strong>Manager delle immagini<\/strong>: aggiungi ed organizza le tue immagini in un istante grazie al sistema di drag and drop. Utilizza la funzionalit\u00e0 Lightbox e gli strumenti di controllo SEO e di metadati delle immagini<\/li>\n<li><strong>Strumenti SEO<\/strong>: tutte le pagine Squarespace sono create utilizzando codice HTML pulito, per renderle facilmente indicizzabili dai motori di ricerca<\/li>\n<li><strong>Strumenti di analisi<\/strong>: controlla le tue visite, il traffico dei visitatori, i contenuti pi\u00f9 popolari del tuo sito per avere una panoramica completa del tuo sito<\/li>\n<li><strong>Raccolte audio<\/strong>: carica la tua musica direttamente sulla piattaforma, condividi i tuoi album e la loro copertina, tutto tramite un lettore integrato<\/li>\n<li><strong>Raccolta dei dati dei visitatori<\/strong>: acquisisci facilmente i dati dei tuoi visitatori e permetti loro di registrarsi alla tua newsletter cos\u00ec che possano rimanere sempre aggiornati<\/li>\n<li class=\"features-item\"><strong>Editor di stile<\/strong>: tieni sempre sotto controllo l&#8217;aspetto del tuo sito tramite questo strumento<\/li>\n<li><strong>Sistema di commenti<\/strong>: supporta thread di commenti e ciascun commento ha un contatore di like individuale,\u00a0 in questo modo potrai gestire meglio la Community<\/li>\n<li><strong>Strumenti di email marketing<\/strong>: uniforma il tuo brand dalla tua homepage alla tua email<\/li>\n<li><strong>Integrazioni<\/strong>: collega il tuo sito a Facebook, Twitter, Google+, Tumblr, Dropbox, Foursquare, Instagram, Flickr, 500px, Youtube, Vimeo, Linkedin ecc.<\/li>\n<\/ul>\n<h3>LE RECENSIONI DEGLI UTENTI<\/h3>\n<ul>\n<li><strong>&#8220;La migliore piattaforma di web design disponibile&#8221;<\/strong><br \/>\nIN GENERALE: sto progettando il 99% dei siti Web dei miei clienti su Squarespace. Mi aiuta ad arrivare sul mercato pi\u00f9 velocemente e pi\u00f9 facilmente a fornire un prodotto che i miei clienti amano.<br \/>\nPRO: Ho progettato siti Web in modo professionale per oltre 15 anni ed \u00e8 molto raro non progettare su Squarespace per i clienti. \u00c8 facile da usare, i modelli sono belli e ci sono cos\u00ec tante funzionalit\u00e0 e flessibilit\u00e0 infinita.<br \/>\nCONTRO: Vorrei che l&#8217;iniezione di codice personalizzato fosse disponibile a livello di base\/personale. A partire da ora, \u00e8 necessario eseguire l&#8217;upgrade all&#8217;account aziendale per iniettare qualsiasi codice nell&#8217;intestazione o nel pi\u00e8 di pagina.<\/li>\n<li><strong>&#8220;Eleganti bellissimi siti web&#8221;<\/strong><br \/>\nIN GENERALE: Utilizziamo Squarespace da oltre 3 anni e lo adoriamo. Ci sono molti tutorial per aiutare lungo la strada e gli strumenti all&#8217;interno della piattaforma possono aiutare a creare qualsiasi tipo di sito Web.<br \/>\nPRO: Quando cercavamo la piattaforma perfetta per la nostra attivit\u00e0 di progettazione, avevamo bisogno di qualcosa che mettesse in mostra il nostro lavoro con linee pulite e bellissimi modelli. Squarespace era la soluzione perfetta! Mi \u00e8 piaciuta la capacit\u00e0 di personalizzare ogni aspetto dei modelli in modo da poter integrare il nostro negozio, il catalogo online, i moduli di assunzione e il portfolio.<br \/>\nCONTRO: Esiste una curva di apprendimento con questo software, ma ci sono voluti alcuni tutorial online e le chat del servizio clienti per capire davvero dove fosse tutto e come utilizzare le funzionalit\u00e0. Una volta che hai tempo per imparare, questa piattaforma \u00e8 incredibile.<\/li>\n<li><strong>&#8220;Squarespace \u00e8 semplice creazione e gestione di siti Web&#8221;<\/strong><br \/>\nIN GENERALE: Mi \u00e8 davvero piaciuto lavorare con Squarespace. La curva di apprendimento non \u00e8 stata cos\u00ec male. Ovviamente sono state introdotte nuove funzionalit\u00e0 e il prodotto continua a migliorare.<br \/>\nPRO: Nel complesso la semplicit\u00e0 dello strumento lo rende meraviglioso da usare. Posso aggiungere una voce al mio sito Web di solito in pochi minuti e non penso nemmeno alla formulazione o al codice HTML o qualcosa del genere. Scrivo semplicemente un articolo o gestisco gli acquisti dai miei clienti.<br \/>\nCONTRO: Sarebbe bello poter offrire pi\u00f9 valute nei componenti eCommerce. Sono canadese e desidero offrire dollari americani ai miei clienti americani, ma devo ancora gestire la mia attivit\u00e0 in Canada. I miei clienti canadesi apprezzerebbero poter mostrare i miei servizi in valuta canadese.<\/li>\n<\/ul>\n","protected":false},"excerpt":{"rendered":"<p>Squarespace \u00e8 una piattaforma di website builder che ti permette di creare il tuo sito in modo semplice e personalizzando il design in base alle tue esigenze professionali. Si rivolge principalmente ad aziende, imprese, imprenditori, stilisti, fotografi, ristoranti che vogliono avere successo anche nel mondo digitale, creandosi uno spazio tutto per loro.<\/p>\n","protected":false},"author":17,"featured_media":19522,"parent":8849,"menu_order":0,"comment_status":"open","ping_status":"closed","template":"g1_template_page_review_new.php","meta":{"_acf_changed":false,"cwp_meta_box_check":"Yes","cwp_rev_product_name":"","cwp_rev_product_image":"","wppr_links":[],"cwp_rev_price":"","wppr_options":[],"wppr_pros":[],"wppr_cons":[],"_monsterinsights_skip_tracking":false,"_monsterinsights_sitenote_active":false,"_monsterinsights_sitenote_note":"","_monsterinsights_sitenote_category":0,"footnotes":""},"categories":[175],"tags":[1401,1393,901,1398,885],"features":[],"class_list":{"0":"post-19521","1":"page","2":"type-page","3":"status-publish","4":"has-post-thumbnail","6":"category-strumenti-seo-categoria","7":"tag-analisi-seo","8":"tag-reporting-seo","9":"tag-seo","10":"tag-seo-software","11":"tag-strumenti-seo"},"wppr_data":{"cwp_meta_box_check":"Yes","cwp_rev_product_name":"","cwp_rev_product_image":"","cwp_image_link":"image","cwp_rev_price":"","wppr_rating":"0.00"},"acf":[],"yoast_head":"<!-- This site is optimized with the Yoast SEO plugin v27.4 - https:\/\/yoast.com\/product\/yoast-seo-wordpress\/ -->\n<title>Squarespace: recensione programma SEO - Accurate Reviews<\/title>\n<meta name=\"description\" content=\"Squarespace: recensione della piattaforma di website builder che ti permette di creare il tuo sito in modo semplice, utilizzando potenti strumenti SEO.\" \/>\n<meta name=\"robots\" content=\"index, follow, max-snippet:-1, max-image-preview:large, max-video-preview:-1\" \/>\n<link rel=\"canonical\" href=\"https:\/\/www.accuratereviews.com\/it\/strumenti-seo-lista-software\/squarespace-recensione\/\" \/>\n<meta property=\"og:locale\" content=\"it_IT\" \/>\n<meta property=\"og:type\" content=\"article\" \/>\n<meta property=\"og:title\" content=\"Squarespace: recensione programma SEO - Accurate Reviews\" \/>\n<meta property=\"og:description\" content=\"Squarespace: recensione della piattaforma di website builder che ti permette di creare il tuo sito in modo semplice, utilizzando potenti strumenti SEO.\" \/>\n<meta property=\"og:url\" content=\"https:\/\/www.accuratereviews.com\/it\/strumenti-seo-lista-software\/squarespace-recensione\/\" \/>\n<meta property=\"og:site_name\" content=\"Accurate Reviews\" \/>\n<meta property=\"article:modified_time\" content=\"2021-11-11T16:34:53+00:00\" \/>\n<meta property=\"og:image\" content=\"https:\/\/www.accuratereviews.com\/wp-content\/uploads\/2019\/10\/squarespace-logo-tertiary-black.jpg\" \/>\n\t<meta property=\"og:image:width\" content=\"1000\" \/>\n\t<meta property=\"og:image:height\" content=\"864\" \/>\n\t<meta property=\"og:image:type\" content=\"image\/jpeg\" \/>\n<meta name=\"twitter:card\" content=\"summary_large_image\" \/>\n<meta name=\"twitter:label1\" content=\"Tempo di lettura stimato\" \/>\n\t<meta name=\"twitter:data1\" content=\"4 minuti\" \/>\n<script type=\"application\/ld+json\" class=\"yoast-schema-graph\">{\"@context\":\"https:\\\/\\\/schema.org\",\"@graph\":[{\"@type\":\"WebPage\",\"@id\":\"https:\\\/\\\/www.accuratereviews.com\\\/it\\\/strumenti-seo-lista-software\\\/squarespace-recensione\\\/\",\"url\":\"https:\\\/\\\/www.accuratereviews.com\\\/it\\\/strumenti-seo-lista-software\\\/squarespace-recensione\\\/\",\"name\":\"Squarespace: recensione programma SEO - Accurate Reviews\",\"isPartOf\":{\"@id\":\"https:\\\/\\\/www.accuratereviews.com\\\/it\\\/#website\"},\"primaryImageOfPage\":{\"@id\":\"https:\\\/\\\/www.accuratereviews.com\\\/it\\\/strumenti-seo-lista-software\\\/squarespace-recensione\\\/#primaryimage\"},\"image\":{\"@id\":\"https:\\\/\\\/www.accuratereviews.com\\\/it\\\/strumenti-seo-lista-software\\\/squarespace-recensione\\\/#primaryimage\"},\"thumbnailUrl\":\"https:\\\/\\\/www.accuratereviews.com\\\/wp-content\\\/uploads\\\/2019\\\/10\\\/squarespace-logo-tertiary-black.jpg\",\"datePublished\":\"2019-10-25T16:30:12+00:00\",\"dateModified\":\"2021-11-11T16:34:53+00:00\",\"description\":\"Squarespace: recensione della piattaforma di website builder che ti permette di creare il tuo sito in modo semplice, utilizzando potenti strumenti SEO.\",\"breadcrumb\":{\"@id\":\"https:\\\/\\\/www.accuratereviews.com\\\/it\\\/strumenti-seo-lista-software\\\/squarespace-recensione\\\/#breadcrumb\"},\"inLanguage\":\"it-IT\",\"potentialAction\":[{\"@type\":\"ReadAction\",\"target\":[\"https:\\\/\\\/www.accuratereviews.com\\\/it\\\/strumenti-seo-lista-software\\\/squarespace-recensione\\\/\"]}]},{\"@type\":\"ImageObject\",\"inLanguage\":\"it-IT\",\"@id\":\"https:\\\/\\\/www.accuratereviews.com\\\/it\\\/strumenti-seo-lista-software\\\/squarespace-recensione\\\/#primaryimage\",\"url\":\"https:\\\/\\\/www.accuratereviews.com\\\/wp-content\\\/uploads\\\/2019\\\/10\\\/squarespace-logo-tertiary-black.jpg\",\"contentUrl\":\"https:\\\/\\\/www.accuratereviews.com\\\/wp-content\\\/uploads\\\/2019\\\/10\\\/squarespace-logo-tertiary-black.jpg\",\"width\":1000,\"height\":864},{\"@type\":\"BreadcrumbList\",\"@id\":\"https:\\\/\\\/www.accuratereviews.com\\\/it\\\/strumenti-seo-lista-software\\\/squarespace-recensione\\\/#breadcrumb\",\"itemListElement\":[{\"@type\":\"ListItem\",\"position\":1,\"name\":\"Home\",\"item\":\"https:\\\/\\\/www.accuratereviews.com\\\/it\\\/\"},{\"@type\":\"ListItem\",\"position\":2,\"name\":\"Strumenti SEO\",\"item\":\"https:\\\/\\\/www.accuratereviews.com\\\/it\\\/strumenti-seo-lista-software\\\/\"},{\"@type\":\"ListItem\",\"position\":3,\"name\":\"Squarespace\"}]},{\"@type\":\"WebSite\",\"@id\":\"https:\\\/\\\/www.accuratereviews.com\\\/it\\\/#website\",\"url\":\"https:\\\/\\\/www.accuratereviews.com\\\/it\\\/\",\"name\":\"Accurate Reviews\",\"description\":\"\",\"potentialAction\":[{\"@type\":\"SearchAction\",\"target\":{\"@type\":\"EntryPoint\",\"urlTemplate\":\"https:\\\/\\\/www.accuratereviews.com\\\/it\\\/?s={search_term_string}\"},\"query-input\":{\"@type\":\"PropertyValueSpecification\",\"valueRequired\":true,\"valueName\":\"search_term_string\"}}],\"inLanguage\":\"it-IT\"}]}<\/script>\n<!-- \/ Yoast SEO plugin. -->","yoast_head_json":{"title":"Squarespace: recensione programma SEO - Accurate Reviews","description":"Squarespace: recensione della piattaforma di website builder che ti permette di creare il tuo sito in modo semplice, utilizzando potenti strumenti SEO.","robots":{"index":"index","follow":"follow","max-snippet":"max-snippet:-1","max-image-preview":"max-image-preview:large","max-video-preview":"max-video-preview:-1"},"canonical":"https:\/\/www.accuratereviews.com\/it\/strumenti-seo-lista-software\/squarespace-recensione\/","og_locale":"it_IT","og_type":"article","og_title":"Squarespace: recensione programma SEO - Accurate Reviews","og_description":"Squarespace: recensione della piattaforma di website builder che ti permette di creare il tuo sito in modo semplice, utilizzando potenti strumenti SEO.","og_url":"https:\/\/www.accuratereviews.com\/it\/strumenti-seo-lista-software\/squarespace-recensione\/","og_site_name":"Accurate Reviews","article_modified_time":"2021-11-11T16:34:53+00:00","og_image":[{"width":1000,"height":864,"url":"https:\/\/www.accuratereviews.com\/wp-content\/uploads\/2019\/10\/squarespace-logo-tertiary-black.jpg","type":"image\/jpeg"}],"twitter_card":"summary_large_image","twitter_misc":{"Tempo di lettura stimato":"4 minuti"},"schema":{"@context":"https:\/\/schema.org","@graph":[{"@type":"WebPage","@id":"https:\/\/www.accuratereviews.com\/it\/strumenti-seo-lista-software\/squarespace-recensione\/","url":"https:\/\/www.accuratereviews.com\/it\/strumenti-seo-lista-software\/squarespace-recensione\/","name":"Squarespace: recensione programma SEO - Accurate Reviews","isPartOf":{"@id":"https:\/\/www.accuratereviews.com\/it\/#website"},"primaryImageOfPage":{"@id":"https:\/\/www.accuratereviews.com\/it\/strumenti-seo-lista-software\/squarespace-recensione\/#primaryimage"},"image":{"@id":"https:\/\/www.accuratereviews.com\/it\/strumenti-seo-lista-software\/squarespace-recensione\/#primaryimage"},"thumbnailUrl":"https:\/\/www.accuratereviews.com\/wp-content\/uploads\/2019\/10\/squarespace-logo-tertiary-black.jpg","datePublished":"2019-10-25T16:30:12+00:00","dateModified":"2021-11-11T16:34:53+00:00","description":"Squarespace: recensione della piattaforma di website builder che ti permette di creare il tuo sito in modo semplice, utilizzando potenti strumenti SEO.","breadcrumb":{"@id":"https:\/\/www.accuratereviews.com\/it\/strumenti-seo-lista-software\/squarespace-recensione\/#breadcrumb"},"inLanguage":"it-IT","potentialAction":[{"@type":"ReadAction","target":["https:\/\/www.accuratereviews.com\/it\/strumenti-seo-lista-software\/squarespace-recensione\/"]}]},{"@type":"ImageObject","inLanguage":"it-IT","@id":"https:\/\/www.accuratereviews.com\/it\/strumenti-seo-lista-software\/squarespace-recensione\/#primaryimage","url":"https:\/\/www.accuratereviews.com\/wp-content\/uploads\/2019\/10\/squarespace-logo-tertiary-black.jpg","contentUrl":"https:\/\/www.accuratereviews.com\/wp-content\/uploads\/2019\/10\/squarespace-logo-tertiary-black.jpg","width":1000,"height":864},{"@type":"BreadcrumbList","@id":"https:\/\/www.accuratereviews.com\/it\/strumenti-seo-lista-software\/squarespace-recensione\/#breadcrumb","itemListElement":[{"@type":"ListItem","position":1,"name":"Home","item":"https:\/\/www.accuratereviews.com\/it\/"},{"@type":"ListItem","position":2,"name":"Strumenti SEO","item":"https:\/\/www.accuratereviews.com\/it\/strumenti-seo-lista-software\/"},{"@type":"ListItem","position":3,"name":"Squarespace"}]},{"@type":"WebSite","@id":"https:\/\/www.accuratereviews.com\/it\/#website","url":"https:\/\/www.accuratereviews.com\/it\/","name":"Accurate Reviews","description":"","potentialAction":[{"@type":"SearchAction","target":{"@type":"EntryPoint","urlTemplate":"https:\/\/www.accuratereviews.com\/it\/?s={search_term_string}"},"query-input":{"@type":"PropertyValueSpecification","valueRequired":true,"valueName":"search_term_string"}}],"inLanguage":"it-IT"}]}},"_links":{"self":[{"href":"https:\/\/www.accuratereviews.com\/it\/wp-json\/wp\/v2\/pages\/19521","targetHints":{"allow":["GET"]}}],"collection":[{"href":"https:\/\/www.accuratereviews.com\/it\/wp-json\/wp\/v2\/pages"}],"about":[{"href":"https:\/\/www.accuratereviews.com\/it\/wp-json\/wp\/v2\/types\/page"}],"author":[{"embeddable":true,"href":"https:\/\/www.accuratereviews.com\/it\/wp-json\/wp\/v2\/users\/17"}],"replies":[{"embeddable":true,"href":"https:\/\/www.accuratereviews.com\/it\/wp-json\/wp\/v2\/comments?post=19521"}],"version-history":[{"count":7,"href":"https:\/\/www.accuratereviews.com\/it\/wp-json\/wp\/v2\/pages\/19521\/revisions"}],"predecessor-version":[{"id":49866,"href":"https:\/\/www.accuratereviews.com\/it\/wp-json\/wp\/v2\/pages\/19521\/revisions\/49866"}],"up":[{"embeddable":true,"href":"https:\/\/www.accuratereviews.com\/it\/wp-json\/wp\/v2\/pages\/8849"}],"wp:featuredmedia":[{"embeddable":true,"href":"https:\/\/www.accuratereviews.com\/it\/wp-json\/wp\/v2\/media\/19522"}],"wp:attachment":[{"href":"https:\/\/www.accuratereviews.com\/it\/wp-json\/wp\/v2\/media?parent=19521"}],"wp:term":[{"taxonomy":"category","embeddable":true,"href":"https:\/\/www.accuratereviews.com\/it\/wp-json\/wp\/v2\/categories?post=19521"},{"taxonomy":"post_tag","embeddable":true,"href":"https:\/\/www.accuratereviews.com\/it\/wp-json\/wp\/v2\/tags?post=19521"},{"taxonomy":"features","embeddable":true,"href":"https:\/\/www.accuratereviews.com\/it\/wp-json\/wp\/v2\/features?post=19521"}],"curies":[{"name":"wp","href":"https:\/\/api.w.org\/{rel}","templated":true}]}}