{"id":19559,"date":"2019-10-28T10:44:42","date_gmt":"2019-10-28T10:44:42","guid":{"rendered":"https:\/\/www.accuratereviews.com\/?page_id=19559"},"modified":"2021-11-10T17:08:19","modified_gmt":"2021-11-10T17:08:19","slug":"moz-pro-recensione","status":"publish","type":"page","link":"https:\/\/www.accuratereviews.com\/it\/strumenti-seo-lista-software\/moz-pro-recensione\/","title":{"rendered":"Moz Pro"},"content":{"rendered":"<p><strong>Moz Pro<\/strong> offre un set completo di <strong>strumenti SEO<\/strong> che aiuta a migliorare il posizionamento e la visibilit\u00e0 sui motori di ricerca. Utilizza metriche SEO comprovate come Domain Authority e Page Authority che forniscono dati di qualit\u00e0 per svolgere il lavoro in modo pi\u00f9 efficace. Il programma \u00a0aiuta aziende e privati \u200b\u200ba risparmiare tempo semplificando i flussi di lavoro e suddividendo i dati per una migliore analisi e formulazione della strategia.\u00a0Il sistema analizza automaticamente gli errori del sito, le opportunit\u00e0 SEO e fornisce approfondimenti fruibili, che consentono agli utenti di personalizzare i loro contenuti e progettare di conseguenza. Mantiene gli utenti aggiornati sulla situazione utilizzando vari strumenti come l&#8217;audit e assegna le priorit\u00e0 a ciascuno in base alla esigenze. Il set di strumenti completo semplifica l&#8217;analisi complessa in modo che gli utenti possano concentrarsi maggiormente sui servizi piuttosto che dedicare la maggior parte del loro tempo all&#8217;analisi e alla risoluzione dei problemi.<\/p>\n<h2>MOZ PRO &#8211; TUTORIAL<\/h2>\n<p>Ecco come ottenere informazioni sulle migliori parole chiave correlate al tuo marchio per indirizzarti sulla prima pagina dei risultati di ricerca di Google, indirizzando cos\u00ec pi\u00f9 traffico sul tuo sito. Guardiamo il tutorial di questo <strong>software SEO<\/strong>:<\/p>\n<div id=\"fluid-wrapper-counter-1\" class=\"g1-fluid-wrapper \" style=\"width:686px;\">\n<div style=\"padding-bottom:56.268221574344%;\"><iframe loading=\"lazy\" title=\"How to use the MOZ keyword research tool in 5 Minutes\" width=\"686\" height=\"386\" src=\"https:\/\/www.youtube.com\/embed\/xWl8QQr5meQ?feature=oembed&amp;wmode=transparent&amp;autohide=1&amp;autoplay=0&amp;disablekb=0&amp;fs=1&amp;loop=0&amp;enablejsapi=1&amp;rel=0&amp;controls=2&amp;showinfo=0&amp;wmode=transparent&amp;autohide=2&amp;autoplay=0&amp;disablekb=0&amp;fs=1&amp;loop=0&amp;enablejsapi=1&amp;rel=0&amp;controls=2&amp;showinfo=1\" frameborder=\"0\" allow=\"accelerometer; autoplay; clipboard-write; encrypted-media; gyroscope; picture-in-picture\" allowfullscreen><\/iframe><\/div>\n<\/div>\n<h3>MOZ PRO &#8211; CARATTERISTICHE<\/h3>\n<ul>\n<li><strong>Audit del sito<\/strong>: esegui la scansione del tuo sito, scopri problemi tecnici SEO e riceverai suggerimenti e correzioni da apportare al tuo sito<\/li>\n<li><strong>Rilevamento del rango<\/strong>: traccia il rendimento di centinaia (o migliaia) delle tue parole chiave che guidano il traffico su oltre 170 motori di ricerca<\/li>\n<li><strong>Analisi del backlink<\/strong>: visualizza le metriche su qualsiasi sito in pochi secondi, inclusi il testo di ancoraggio e l&#8217;autorit\u00e0 di dominio<\/li>\n<li><strong>Ricerca per parole chiave<\/strong>: scopri migliaia di parole chiave da indirizzare insieme a punteggi di difficolt\u00e0 delle parole chiave, ricerca sulla concorrenza e analisi SERP<\/li>\n<li><strong>Identifica i tuoi punti deboli<\/strong>: aggiungi, gestisci e crea in modo semplice elenchi di parole chiave in un&#8217;unica posizione. Classificare, definire le priorit\u00e0 e confrontare parole chiave e frasi per ottimizzare la tua strategia e i contenuti<\/li>\n<li><strong>Confronta la visibilit\u00e0 su dispositivi mobili e desktop<\/strong>: i clienti hanno comportamenti di ricerca diversi sui desktop rispetto ai dispositivi mobili: confronta e ottimizza entrambi con questo programma. Tieni traccia delle classifiche desktop sui principali motori di ricerca in oltre 200 paesi<\/li>\n<li><strong>Scansione rapida dei siti<\/strong>: la soluzione\u00a0esegue la scansione rapida di siti di grandi dimensioni e tiene traccia dei problemi nuovi e ricorrenti nel tempo. I grafici colorati mostrano la suddivisione delle categorie di problemi, i nuovi numeri e i numeri totali; permettendoti di scoprire facilmente tendenze, opportunit\u00e0 e informare le persone sulle prestazioni SEO complessive del sito.<\/li>\n<\/ul>\n<h4>LE RECENSIONI DEGLI UTENTI<\/h4>\n<h4>Amy S. &#8220;Un&#8217;ottima piattaforma SEO di alto livello per dirigenti di marketing&#8221;<\/h4>\n<p><strong>Commenti<\/strong>: Per oltre un anno ho confrontato fianco a fianco sia SEM che Moz. Ho eseguito rapporti sui siti Web dei miei clienti, ho utilizzato la piattaforma per scopi di nuova attivit\u00e0 e ho ampiamente utilizzato Moz per la ricerca di parole chiave. Su tutti questi fronti Moz ha eccelso. Lo consiglierei felicemente a qualsiasi persona di livello CMO \/ Direttore Marketing che sta cercando di costruire una strategia. Ma se sei una piccola agenzia che cerca di capire quale abbonamento mantenere, potrebbe essere SEM Rush solo per la capacit\u00e0 di approfondire. Personalmente non mi \u00e8 piaciuto usare SEM Rush rispetto a Moz. Moz mi ha dato informazioni con un minimo di fastidio. Moz \u00e8 costruito per il quadro generale. Tra SEM Rush e Moz? Moz ti far\u00e0 sentire genio.<\/p>\n<p><strong>Vantaggi<\/strong>: Moz ha un&#8217;interfaccia davvero adorabile e user-friendly che mi rende facile ottenere report di grande impatto per i clienti e per me stesso. Moz genera in modo nativo la giusta quantit\u00e0 di dettagli &#8211; non troppo o troppo poco &#8211; per renderlo un ottimo strumento di vendita per i direttori degli account o i direttori di marketing interni. Ed \u00e8 abbastanza intuitivo che puoi allontanarti da esso per un mese o due e tornare indietro e trovare tutto ci\u00f2 di cui hai bisogno in pochi minuti. Detto questo, questa piattaforma offre anche molti dettagli. Ho sicuramente fatto qualche ricerca approfondita sulle parole chiave usando Moz insieme a SEM Rush e sono rimasto molto soddisfatto di ci\u00f2 che Mox \u00e8 tornato.<\/p>\n<p><strong>Inconvenienti<\/strong>: la denuncia che farei contro Moz \u00e8 la stessa che farei contro SEM Rush: si tratta di strumenti che sembrano essere fatti per gli sviluppatori IT \/ web pi\u00f9 che per i direttori di marketing. \u00c8 difficile ottenere un rapporto a livello di OCM da uno di essi. Detto questo, direi sicuramente che Moz \u00e8 pi\u00f9 &#8220;client-friendly&#8221;. Onestamente, SEM Rush e Moz eccellono in cose diverse e sono entrambi costosi. Se la spinta arriva a spingere, puoi scegliere SEM Rush per la sua ampiezza di dati, ma poi rimproverarti per aver perso la facilit\u00e0 d&#8217;uso di Moz.<\/p>\n<h4>Adam D. &#8220;Offre un solido monitoraggio SEO ma \u00e8 in ritardo rispetto alla concorrenza.&#8221;<\/h4>\n<p><strong>Commenti<\/strong>: questo sistema monitora il rendimento delle parole chiave, fornisce diverse metriche SEO utili e le rende disponibili anche nella barra degli strumenti del browser. Direi che MOZ \u00e8 facilmente tra i primi due strumenti SEO disponibili.<\/p>\n<p><strong>Vantaggi<\/strong>: MOZ \u00e8 un solido strumento di monitoraggio SEO che probabilmente continueremo a utilizzare. Fornisce il monitoraggio delle parole chiave ma lo fa un ulteriore passo avanti in un paio di modi. Il sistema fornisce una metrica chiamata Visibilit\u00e0 ricerca. Questo punteggio pu\u00f2 essere applicato a tutte le parole chiave che vengono monitorate o solo alle parole chiave all&#8217;interno di una categoria controllata dall&#8217;utente. Questo ci aiuta a capire come sta andando il sito ma anche le singole categorie di prodotti. Siamo anche in grado di vedere come si confrontano tre concorrenti. Il sistema \u00e8 junk in, junk out. Quindi, se non segui le parole chiave giuste, non otterrai buone informazioni. Ma se usato in modo appropriato, probabilmente non troverai un sistema migliore per i soldi.<\/p>\n<p><strong>Inconvenienti<\/strong>: dall&#8217;estate del 2017, la societ\u00e0 \u00e8 rimasta indietro rispetto ad alcuni dei suoi concorrenti. Non al punto che faremo un passaggio. Ma abbiamo abbonamenti pi\u00f9 piccoli ai loro concorrenti per sfruttare tutti i sistemi. MOZ \u00e8 davvero rimasto indietro in due modi: Domain Authority e Backlink. Domain Authority \u00e8 una metrica utilizzata per valutare la forza complessiva di un sito Web. Viene aggiornato semi-frequentemente e MOZ ha gi\u00e0 effettuato aggiornamenti errati. Esistono metriche migliori che misurano la probabilit\u00e0 che il sito classifichi. Ma usiamo ancora DA in combinazione con quelle altre metriche di altre societ\u00e0. Penso che DA faccia un buon lavoro nel mettere i siti Web in diversi bucket. Ma se due siti si trovano entro 5-7 punti, \u00e8 davvero quasi un lavaggio. La seconda area \u00e8 il numero di backlink rilevati dal sistema. Nella maggior parte dei casi, abbiamo visto altri checker backlink trovare il doppio di backlink. Ancora una volta, utilizziamo tutte le pedine disponibili per il backlink. Ma MOZ non \u00e8 leader del settore qui.<\/p>\n<h4>Chamath N. &#8220;Uno dei migliori strumenti SEO con fantastiche risorse per l&#8217;apprendimento&#8221;<\/h4>\n<p><strong>Commenti<\/strong>: Moz-Pro non offre solo software SEO, ma anche strumenti e piattaforma di formazione. Fornisce risultati garantiti e affidabili. Le sue funzionalit\u00e0 sono anche vaste e importanti per le esigenze degli utenti.<\/p>\n<p><strong>Vantaggi<\/strong>: Moz-Pro \u00e8 una combinazione di vari strumenti SEO. Ha anche strumenti gratuiti che includono la ricerca di parole chiave e l&#8217;esplorazione di siti aperti che possono essere utilizzati il \u200b\u200bmaggior numero di volte possibile. La sua estensione Chrome chiamata Moz Bar ti fornisce informazioni sul rango di dominio o sull&#8217;autorit\u00e0 della pagina nella pagina dei risultati del motore di ricerca. Nel caso in cui ti abboni a Moz-Pro, gli strumenti a cui avrai accesso non possono essere disponibili per la persona che non si \u00e8 abbonata per questo. Pro di Moz-Pro &#8211;<br \/>\n1. \u00c8 un toolkit completo<br \/>\nDal momento che Moz-Pro \u00e8 una combinazione di diversi strumenti SEO, ha una variet\u00e0 di funzioni che ne fanno una gamma impressionante che copre qualsiasi ruolo tu voglia svolgere nel migliorare il ranking del motore di ricerca. 2. Ha le migliori guide per l&#8217;apprendimento e le risorse.<br \/>\nMoz-Pro \u00e8 progettato in modo che i suoi utenti possano imparare dai vari tutorial video e guide che fornisce. Nel caso in cui non sai come usarlo, ci sono guide, pacchetti, forum della community e anche post che sono l\u00ec per farti capire. 3. \u00c8 facile da usare e utilizzare Moz-Pro.<br \/>\nSebbene abbia molti strumenti SEO, non c&#8217;\u00e8 confusione quando si tratta di utilizzarlo e gestirlo. I suoi processi sono molto facili da seguire e in caso di problemi puoi ottenere aiuto nella sua guida o tutorial video.<\/p>\n<p><strong>Inconvenienti<\/strong>: Contro di Moz-Pro.<br \/>\n1. \u00c8 necessario l&#8217;abbonamento.<br \/>\nSebbene disponga di strumenti gratuiti, \u00e8 necessario abbonarsi per poter accedere ad altri strumenti che non sono gratuiti. Strumenti come il test di scansione della campagna, il selezionatore di pagine e il tracker di rango sono accessibili solo agli utenti iscritti e non sono disponibili senza abbonamento. 2. \u00c8 molto costoso.<br \/>\nL&#8217;utente di Moz-Pro richiede molto capitale quando si tratta di abbonarsi per ottenere strumenti importanti che non sono disponibili senza abbonamento. \u00c8 inoltre richiesto il pagamento di un importo aggiuntivo se le operazioni sono grandi poich\u00e9 le campagne o le parole chiave sono limitate.<\/p>\n","protected":false},"excerpt":{"rendered":"<p>Moz Pro offre un set completo di strumenti SEO che aiuta a migliorare il posizionamento e la visibilit\u00e0 sui motori di ricerca. Utilizza metriche SEO comprovate come Domain Authority e Page Authority che forniscono dati di qualit\u00e0 per svolgere il lavoro in modo pi\u00f9 efficace. Il programma \u00a0aiuta aziende e privati \u200b\u200ba risparmiare tempo semplificando i flussi di lavoro e suddividendo i dati per una migliore analisi e formulazione della strategia.\u00a0<\/p>\n","protected":false},"author":19,"featured_media":19560,"parent":8849,"menu_order":0,"comment_status":"open","ping_status":"closed","template":"g1_template_page_review_new.php","meta":{"_acf_changed":false,"cwp_meta_box_check":"Yes","cwp_rev_product_name":"","cwp_rev_product_image":"","wppr_links":[],"cwp_rev_price":"","wppr_options":[],"wppr_pros":[],"wppr_cons":[],"_monsterinsights_skip_tracking":false,"_monsterinsights_sitenote_active":false,"_monsterinsights_sitenote_note":"","_monsterinsights_sitenote_category":0,"footnotes":""},"categories":[175],"tags":[396,1416,1408,1393,1417,885],"features":[],"class_list":{"0":"post-19559","1":"page","2":"type-page","3":"status-publish","4":"has-post-thumbnail","6":"category-strumenti-seo-categoria","7":"tag-cloud","8":"tag-moz-pro","9":"tag-rapporti-seo","10":"tag-reporting-seo","11":"tag-soluzione-seo","12":"tag-strumenti-seo"},"wppr_data":{"cwp_meta_box_check":"Yes","cwp_rev_product_name":"","cwp_rev_product_image":"","cwp_image_link":"image","cwp_rev_price":"","wppr_rating":"0.00"},"acf":[],"yoast_head":"<!-- This site is optimized with the Yoast SEO plugin v27.4 - https:\/\/yoast.com\/product\/yoast-seo-wordpress\/ -->\n<title>Moz Pro: recensione software SEO - Accurate Reviews<\/title>\n<meta name=\"description\" content=\"Moz Pro: recensione software SEO che offre un set completo di strumenti per migliorare il posizionamento e la visibilit\u00e0 sui motori di ricerca del tuo sito.\" \/>\n<meta name=\"robots\" content=\"index, follow, max-snippet:-1, max-image-preview:large, max-video-preview:-1\" \/>\n<link rel=\"canonical\" href=\"https:\/\/www.accuratereviews.com\/it\/strumenti-seo-lista-software\/moz-pro-recensione\/\" \/>\n<meta property=\"og:locale\" content=\"it_IT\" \/>\n<meta property=\"og:type\" content=\"article\" \/>\n<meta property=\"og:title\" content=\"Moz Pro: recensione software SEO - Accurate Reviews\" \/>\n<meta property=\"og:description\" content=\"Moz Pro: recensione software SEO che offre un set completo di strumenti per migliorare il posizionamento e la visibilit\u00e0 sui motori di ricerca del tuo sito.\" \/>\n<meta property=\"og:url\" content=\"https:\/\/www.accuratereviews.com\/it\/strumenti-seo-lista-software\/moz-pro-recensione\/\" \/>\n<meta property=\"og:site_name\" content=\"Accurate Reviews\" \/>\n<meta property=\"article:modified_time\" content=\"2021-11-10T17:08:19+00:00\" \/>\n<meta property=\"og:image\" content=\"https:\/\/www.accuratereviews.com\/wp-content\/uploads\/2019\/10\/moz-pro-logo.jpg\" \/>\n\t<meta property=\"og:image:width\" content=\"940\" \/>\n\t<meta property=\"og:image:height\" content=\"470\" \/>\n\t<meta property=\"og:image:type\" content=\"image\/jpeg\" \/>\n<meta name=\"twitter:card\" content=\"summary_large_image\" \/>\n<meta name=\"twitter:label1\" content=\"Tempo di lettura stimato\" \/>\n\t<meta name=\"twitter:data1\" content=\"7 minuti\" \/>\n<script type=\"application\/ld+json\" class=\"yoast-schema-graph\">{\"@context\":\"https:\\\/\\\/schema.org\",\"@graph\":[{\"@type\":\"WebPage\",\"@id\":\"https:\\\/\\\/www.accuratereviews.com\\\/it\\\/strumenti-seo-lista-software\\\/moz-pro-recensione\\\/\",\"url\":\"https:\\\/\\\/www.accuratereviews.com\\\/it\\\/strumenti-seo-lista-software\\\/moz-pro-recensione\\\/\",\"name\":\"Moz Pro: recensione software SEO - Accurate Reviews\",\"isPartOf\":{\"@id\":\"https:\\\/\\\/www.accuratereviews.com\\\/it\\\/#website\"},\"primaryImageOfPage\":{\"@id\":\"https:\\\/\\\/www.accuratereviews.com\\\/it\\\/strumenti-seo-lista-software\\\/moz-pro-recensione\\\/#primaryimage\"},\"image\":{\"@id\":\"https:\\\/\\\/www.accuratereviews.com\\\/it\\\/strumenti-seo-lista-software\\\/moz-pro-recensione\\\/#primaryimage\"},\"thumbnailUrl\":\"https:\\\/\\\/www.accuratereviews.com\\\/wp-content\\\/uploads\\\/2019\\\/10\\\/moz-pro-logo.jpg\",\"datePublished\":\"2019-10-28T10:44:42+00:00\",\"dateModified\":\"2021-11-10T17:08:19+00:00\",\"description\":\"Moz Pro: recensione software SEO che offre un set completo di strumenti per migliorare il posizionamento e la visibilit\u00e0 sui motori di ricerca del tuo sito.\",\"breadcrumb\":{\"@id\":\"https:\\\/\\\/www.accuratereviews.com\\\/it\\\/strumenti-seo-lista-software\\\/moz-pro-recensione\\\/#breadcrumb\"},\"inLanguage\":\"it-IT\",\"potentialAction\":[{\"@type\":\"ReadAction\",\"target\":[\"https:\\\/\\\/www.accuratereviews.com\\\/it\\\/strumenti-seo-lista-software\\\/moz-pro-recensione\\\/\"]}]},{\"@type\":\"ImageObject\",\"inLanguage\":\"it-IT\",\"@id\":\"https:\\\/\\\/www.accuratereviews.com\\\/it\\\/strumenti-seo-lista-software\\\/moz-pro-recensione\\\/#primaryimage\",\"url\":\"https:\\\/\\\/www.accuratereviews.com\\\/wp-content\\\/uploads\\\/2019\\\/10\\\/moz-pro-logo.jpg\",\"contentUrl\":\"https:\\\/\\\/www.accuratereviews.com\\\/wp-content\\\/uploads\\\/2019\\\/10\\\/moz-pro-logo.jpg\",\"width\":940,\"height\":470},{\"@type\":\"BreadcrumbList\",\"@id\":\"https:\\\/\\\/www.accuratereviews.com\\\/it\\\/strumenti-seo-lista-software\\\/moz-pro-recensione\\\/#breadcrumb\",\"itemListElement\":[{\"@type\":\"ListItem\",\"position\":1,\"name\":\"Home\",\"item\":\"https:\\\/\\\/www.accuratereviews.com\\\/it\\\/\"},{\"@type\":\"ListItem\",\"position\":2,\"name\":\"Strumenti SEO\",\"item\":\"https:\\\/\\\/www.accuratereviews.com\\\/it\\\/strumenti-seo-lista-software\\\/\"},{\"@type\":\"ListItem\",\"position\":3,\"name\":\"Moz Pro\"}]},{\"@type\":\"WebSite\",\"@id\":\"https:\\\/\\\/www.accuratereviews.com\\\/it\\\/#website\",\"url\":\"https:\\\/\\\/www.accuratereviews.com\\\/it\\\/\",\"name\":\"Accurate Reviews\",\"description\":\"\",\"potentialAction\":[{\"@type\":\"SearchAction\",\"target\":{\"@type\":\"EntryPoint\",\"urlTemplate\":\"https:\\\/\\\/www.accuratereviews.com\\\/it\\\/?s={search_term_string}\"},\"query-input\":{\"@type\":\"PropertyValueSpecification\",\"valueRequired\":true,\"valueName\":\"search_term_string\"}}],\"inLanguage\":\"it-IT\"}]}<\/script>\n<!-- \/ Yoast SEO plugin. -->","yoast_head_json":{"title":"Moz Pro: recensione software SEO - Accurate Reviews","description":"Moz Pro: recensione software SEO che offre un set completo di strumenti per migliorare il posizionamento e la visibilit\u00e0 sui motori di ricerca del tuo sito.","robots":{"index":"index","follow":"follow","max-snippet":"max-snippet:-1","max-image-preview":"max-image-preview:large","max-video-preview":"max-video-preview:-1"},"canonical":"https:\/\/www.accuratereviews.com\/it\/strumenti-seo-lista-software\/moz-pro-recensione\/","og_locale":"it_IT","og_type":"article","og_title":"Moz Pro: recensione software SEO - Accurate Reviews","og_description":"Moz Pro: recensione software SEO che offre un set completo di strumenti per migliorare il posizionamento e la visibilit\u00e0 sui motori di ricerca del tuo sito.","og_url":"https:\/\/www.accuratereviews.com\/it\/strumenti-seo-lista-software\/moz-pro-recensione\/","og_site_name":"Accurate Reviews","article_modified_time":"2021-11-10T17:08:19+00:00","og_image":[{"width":940,"height":470,"url":"https:\/\/www.accuratereviews.com\/wp-content\/uploads\/2019\/10\/moz-pro-logo.jpg","type":"image\/jpeg"}],"twitter_card":"summary_large_image","twitter_misc":{"Tempo di lettura stimato":"7 minuti"},"schema":{"@context":"https:\/\/schema.org","@graph":[{"@type":"WebPage","@id":"https:\/\/www.accuratereviews.com\/it\/strumenti-seo-lista-software\/moz-pro-recensione\/","url":"https:\/\/www.accuratereviews.com\/it\/strumenti-seo-lista-software\/moz-pro-recensione\/","name":"Moz Pro: recensione software SEO - Accurate Reviews","isPartOf":{"@id":"https:\/\/www.accuratereviews.com\/it\/#website"},"primaryImageOfPage":{"@id":"https:\/\/www.accuratereviews.com\/it\/strumenti-seo-lista-software\/moz-pro-recensione\/#primaryimage"},"image":{"@id":"https:\/\/www.accuratereviews.com\/it\/strumenti-seo-lista-software\/moz-pro-recensione\/#primaryimage"},"thumbnailUrl":"https:\/\/www.accuratereviews.com\/wp-content\/uploads\/2019\/10\/moz-pro-logo.jpg","datePublished":"2019-10-28T10:44:42+00:00","dateModified":"2021-11-10T17:08:19+00:00","description":"Moz Pro: recensione software SEO che offre un set completo di strumenti per migliorare il posizionamento e la visibilit\u00e0 sui motori di ricerca del tuo sito.","breadcrumb":{"@id":"https:\/\/www.accuratereviews.com\/it\/strumenti-seo-lista-software\/moz-pro-recensione\/#breadcrumb"},"inLanguage":"it-IT","potentialAction":[{"@type":"ReadAction","target":["https:\/\/www.accuratereviews.com\/it\/strumenti-seo-lista-software\/moz-pro-recensione\/"]}]},{"@type":"ImageObject","inLanguage":"it-IT","@id":"https:\/\/www.accuratereviews.com\/it\/strumenti-seo-lista-software\/moz-pro-recensione\/#primaryimage","url":"https:\/\/www.accuratereviews.com\/wp-content\/uploads\/2019\/10\/moz-pro-logo.jpg","contentUrl":"https:\/\/www.accuratereviews.com\/wp-content\/uploads\/2019\/10\/moz-pro-logo.jpg","width":940,"height":470},{"@type":"BreadcrumbList","@id":"https:\/\/www.accuratereviews.com\/it\/strumenti-seo-lista-software\/moz-pro-recensione\/#breadcrumb","itemListElement":[{"@type":"ListItem","position":1,"name":"Home","item":"https:\/\/www.accuratereviews.com\/it\/"},{"@type":"ListItem","position":2,"name":"Strumenti SEO","item":"https:\/\/www.accuratereviews.com\/it\/strumenti-seo-lista-software\/"},{"@type":"ListItem","position":3,"name":"Moz Pro"}]},{"@type":"WebSite","@id":"https:\/\/www.accuratereviews.com\/it\/#website","url":"https:\/\/www.accuratereviews.com\/it\/","name":"Accurate Reviews","description":"","potentialAction":[{"@type":"SearchAction","target":{"@type":"EntryPoint","urlTemplate":"https:\/\/www.accuratereviews.com\/it\/?s={search_term_string}"},"query-input":{"@type":"PropertyValueSpecification","valueRequired":true,"valueName":"search_term_string"}}],"inLanguage":"it-IT"}]}},"_links":{"self":[{"href":"https:\/\/www.accuratereviews.com\/it\/wp-json\/wp\/v2\/pages\/19559","targetHints":{"allow":["GET"]}}],"collection":[{"href":"https:\/\/www.accuratereviews.com\/it\/wp-json\/wp\/v2\/pages"}],"about":[{"href":"https:\/\/www.accuratereviews.com\/it\/wp-json\/wp\/v2\/types\/page"}],"author":[{"embeddable":true,"href":"https:\/\/www.accuratereviews.com\/it\/wp-json\/wp\/v2\/users\/19"}],"replies":[{"embeddable":true,"href":"https:\/\/www.accuratereviews.com\/it\/wp-json\/wp\/v2\/comments?post=19559"}],"version-history":[{"count":10,"href":"https:\/\/www.accuratereviews.com\/it\/wp-json\/wp\/v2\/pages\/19559\/revisions"}],"predecessor-version":[{"id":49809,"href":"https:\/\/www.accuratereviews.com\/it\/wp-json\/wp\/v2\/pages\/19559\/revisions\/49809"}],"up":[{"embeddable":true,"href":"https:\/\/www.accuratereviews.com\/it\/wp-json\/wp\/v2\/pages\/8849"}],"wp:featuredmedia":[{"embeddable":true,"href":"https:\/\/www.accuratereviews.com\/it\/wp-json\/wp\/v2\/media\/19560"}],"wp:attachment":[{"href":"https:\/\/www.accuratereviews.com\/it\/wp-json\/wp\/v2\/media?parent=19559"}],"wp:term":[{"taxonomy":"category","embeddable":true,"href":"https:\/\/www.accuratereviews.com\/it\/wp-json\/wp\/v2\/categories?post=19559"},{"taxonomy":"post_tag","embeddable":true,"href":"https:\/\/www.accuratereviews.com\/it\/wp-json\/wp\/v2\/tags?post=19559"},{"taxonomy":"features","embeddable":true,"href":"https:\/\/www.accuratereviews.com\/it\/wp-json\/wp\/v2\/features?post=19559"}],"curies":[{"name":"wp","href":"https:\/\/api.w.org\/{rel}","templated":true}]}}