{"id":19569,"date":"2019-10-28T10:43:40","date_gmt":"2019-10-28T10:43:40","guid":{"rendered":"https:\/\/www.accuratereviews.com\/?page_id=19569"},"modified":"2021-11-10T14:24:23","modified_gmt":"2021-11-10T14:24:23","slug":"ahrefs-recensione","status":"publish","type":"page","link":"https:\/\/www.accuratereviews.com\/it\/strumenti-seo-lista-software\/ahrefs-recensione\/","title":{"rendered":"Ahrefs"},"content":{"rendered":"<p><strong>Ahrefs<\/strong> \u00e8 un <strong>software SEO<\/strong> che offre agli utenti il \u200b\u200bpi\u00f9 grande indice al mondo di backlink dal vivo. Il servizio offre alle aziende di ogni dimensione uno strumento di controllo backlink affidabile e solido che fornisce profili di backlink dettagliati per qualsiasi URL o sito web. Lo strumento \u00e8 molto semplice e facile da usare e offre agli utenti visualizzazioni dei dati molto complete e comprensibili, nonch\u00e9 funzionalit\u00e0 di esportazione dei dati. Con la sua tecnologia innovativa, il programma pu\u00f2 esportare i dati in formati intuitivi e persino mostrare metriche social come condivisioni, Mi piace e Tweet accanto a ciascun collegamento. <strong>Ahrefs<\/strong> ti aiuta a monitorare il posizionamento delle tue parole chiave in tutte le localit\u00e0 geografiche e in tutte le lingue, nonch\u00e9 il rendimento delle tue parole chiave su piattaforme mobili.<\/p>\n<h2>AHREFS &#8211; TUTORIAL<\/h2>\n<p>Scopri, con questo tutorial, come creare la perfetta configurazione <strong>SEO su WordPress<\/strong> con questo programma:<\/p>\n<div id=\"fluid-wrapper-counter-1\" class=\"g1-fluid-wrapper \" style=\"width:686px;\">\n<div style=\"padding-bottom:56.268221574344%;\"><iframe loading=\"lazy\" title=\"The Best WordPress SEO Plugins (It\u2019s Not Yoast)\" width=\"686\" height=\"386\" src=\"https:\/\/www.youtube.com\/embed\/cFI_jRVOQZk?feature=oembed&amp;wmode=transparent&amp;autohide=1&amp;autoplay=0&amp;disablekb=0&amp;fs=1&amp;loop=0&amp;enablejsapi=1&amp;rel=0&amp;controls=2&amp;showinfo=0&amp;wmode=transparent&amp;autohide=2&amp;autoplay=0&amp;disablekb=0&amp;fs=1&amp;loop=0&amp;enablejsapi=1&amp;rel=0&amp;controls=2&amp;showinfo=1\" frameborder=\"0\" allow=\"accelerometer; autoplay; clipboard-write; encrypted-media; gyroscope; picture-in-picture\" allowfullscreen><\/iframe><\/div>\n<\/div>\n<h3>AHREFS &#8211; CARATTERISTICHE<\/h3>\n<ul>\n<li><strong>Rapporti sulla ricerca<\/strong>: analizza il traffico di ricerca dei tuoi concorrenti, visualizza le parole chiave esatte per le quali i tuoi concorrenti si posizionano nella ricerca e la quantit\u00e0 di traffico generato da ciascuna di esse. Utilizza il rapporto Pagine principali per vedere quali pagine inviano pi\u00f9 traffico ai loro siti. Usa la funzione Spazio contenuto per scoprire le parole chiave per le quali si classificano ma non lo fai<\/li>\n<li><strong>Esplorare le parole chiave<\/strong>: ricevi migliaia di suggerimenti di parole chiave pertinenti dall&#8217; enorme database di oltre 3 miliardi di parole chiave. Utilizza il punteggio delle parole chiave e le metriche avanzate per decidere quali scegliere come target<\/li>\n<li><strong>Dati di backlink<\/strong>: il miglior strumento di controllo del backlink nel settore. Rapporti avanzati e filtri utili ti consentono di approfondire i dati che abbiamo per te. Inserisci qualsiasi sito Web o URL in Site Explorer per vedere tutti i suoi backlink e alcune utili metriche SEO<\/li>\n<li><strong>Content Explorer<\/strong>: cerca quali contenuti funzionano bene nella tuo settore. Inserisci qualsiasi parola chiave in questo strumento per vedere quale contenuto ha il rendimento migliore in termini di buzz social, numero di backlink e traffico di ricerca organico. Trova tutti gli articoli che menzionano la tua parola chiave target e usa la funzione &#8220;Evidenzia domini non collegati&#8221; per vedere quali di questi siti web non ti hanno mai collegato<\/li>\n<li><strong>Tracker di rango<\/strong>: ottieni accurati rapporti di classificazione specifici per localit\u00e0.\u00a0Tracciano le classifiche delle parole chiave per desktop e dispositivi mobili da qualsiasi posizione e tracciamo la cronologia completa delle tue classifiche su un grafico pratico.\u00a0Puoi impostare rapporti di classificazione automatizzati da inviare al tuo indirizzo email, cos\u00ec non dimenticherai mai di controllare i tuoi progressi nella classifica.<\/li>\n<\/ul>\n<h4>LE RECENSIONI DEGLI UTENTI<\/h4>\n<h4>Nathan V. &#8220;Il mio set di strumenti per la SEO&#8221;<\/h4>\n<p><strong>Commenti:<\/strong> Posso fare praticamente tutto ci\u00f2 che devo fare in Ahrefs quando si tratta di SEO. E se ti manca qualcosa, il team sar\u00e0 ansioso di vedere se pu\u00f2 essere implementato. Inoltre, il supporto \u00e8 eccezionale, di solito abbastanza veloce nel rispondere e anche molto amichevole.<\/p>\n<p><strong>Vantaggi<\/strong>: Chiamami pazzo, ma in un certo senso vivo in Ahrefs. Se c&#8217;\u00e8 qualcosa che voglio sapere su un sito Web e il suo SEO, lo inserir\u00f2 in Ahrefs e trover\u00f2 tutti i dati di cui ho bisogno. Che si tratti di ricerca per parole chiave, ricerca concorrente della ricerca sul backlink, Ahrefs ti copre. E continuano ad aggiungere funzionalit\u00e0 e opzioni. Puoi anche suggerire modifiche allo strumento quando sei un utente pagante.<\/p>\n<p><strong>Inconvenienti<\/strong>: Non c&#8217;\u00e8 niente che non piaccia davvero. Non ho trovato nulla che non mi piacesse comunque. Vabb\u00e8, a volte non hai accesso a uno strumento come Esplora parole chiave quando lo stanno aggiornando, di solito non \u00e8 carino quando lavori attivamente su un progetto. Ma sono sicuro che ci\u00f2 accadr\u00e0 anche con altri strumenti.<\/p>\n<h4>Richard W. &#8220;Consigliato al 100% agli esperti SEO&#8221;<\/h4>\n<p><strong>Commenti<\/strong>: Nel complesso, la nostra esperienza con Ahrefs \u00e8 stata positiva. Mentre il servizio clienti del team potrebbe essere migliore, lo strumento reale \u00e8 potente. \u00c8 davvero lo strumento perfetto per gli esperti SEO. Ha alcune delle migliori intuizioni disponibili e l&#8217;azienda espande costantemente i propri sforzi. Di recente, hanno aggiornato il loro sistema di esplorazione dei contenuti, rendendolo pi\u00f9 completo. Per la nostra agenzia, siamo riusciti a mettere a punto le nostre parole chiave e a trovare ottime opportunit\u00e0 di collegamento. Se stai cercando un programma per capitalizzare e fare lo stesso, Ahrefs \u00e8 un ottimo punto di partenza.<\/p>\n<p><strong>Vantaggi<\/strong>: &#8211; Incredibile strumento di backlinking<br \/>\n&#8211; Sistema di ricerca per parole chiave di facile comprensione<br \/>\n&#8211; Possibilit\u00e0 di tenere traccia delle classifiche delle parole chiave al minuto<br \/>\n&#8211; Strumento di reportistica di qualit\u00e0<br \/>\n&#8211; Prova di 7 giorni per i primi timer<br \/>\n&#8211; La societ\u00e0 invia preziose informazioni sulla formazione<br \/>\n&#8211; Supporto giornaliero se necessario<\/p>\n<p>Inconvenienti: &#8211; Pu\u00f2 essere complicato per gli utenti SEO per la prima volta<br \/>\n&#8211; Il suo design \u00e8 semplice e un po&#8217; banale.<br \/>\n&#8211; Il servizio clienti non \u00e8 il pi\u00f9 amichevole.<\/p>\n<h4>Albert A. &#8220;Potente soluzione SEO all-in-one&#8221;<\/h4>\n<p><strong>Commenti<\/strong>: lo uso ogni giorno per tenere traccia dei miei siti e dei miei concorrenti.<\/p>\n<p><strong>Vantaggi<\/strong>: Ahrefs \u00e8 uno dei pi\u00f9 grandi strumenti SEO mai realizzati. Pu\u00f2 fare molte cose dalla ricerca di parole chiave fino alla promozione dei contenuti. Questo strumento all-in-one \u00e8 la mia arma principale e mi ha aiutato a ottenere posizioni pi\u00f9 alte. Ecco alcuni dei suoi vantaggi. 1. Fare ricerche per parole chiave \u00e8 veloce e preciso. Il loro strumento di esplorazione delle parole chiave ha molti dati per determinare se le parole chiave sono buone. Mostra il volume di ricerca, la tendenza e la funzione di difficolt\u00e0 delle parole chiave affidabile. 2. Tracker di rango preciso. Mostra anche il traffico stimato che sto ricevendo. 3. Lo strumento di esplorazione del sito. Lo sto usando ampiamente. Questo \u00e8 ci\u00f2 che rende Ahrefs uno strumento potente. Posso inserire qualsiasi URL e mi fornir\u00e0 alcuni dati utili come le parole chiave che sto classificando, i backlink del mio sito e i domini di riferimento e il traffico stimato.<\/p>\n<p><strong>Inconvenienti<\/strong>: il prezzo \u00e8 costoso per i principianti e per chi ha un budget limitato. Ma credimi, ne vale la pena il prezzo pi\u00f9 alto.<\/p>\n","protected":false},"excerpt":{"rendered":"<p>Ahrefs \u00e8 un software SEO che offre agli utenti il \u200b\u200bpi\u00f9 grande indice al mondo di backlink dal vivo. Il servizio offre alle aziende di ogni dimensione uno strumento di controllo backlink affidabile e solido che fornisce profili di backlink dettagliati per qualsiasi URL o sito web.\u00a0Lo strumento \u00e8 molto semplice e facile da usare e offre agli utenti visualizzazioni dei dati molto complete e comprensibili, nonch\u00e9 funzionalit\u00e0 di esportazione dei dati.<\/p>\n","protected":false},"author":19,"featured_media":19572,"parent":8849,"menu_order":0,"comment_status":"open","ping_status":"closed","template":"g1_template_page_review_new.php","meta":{"_acf_changed":false,"cwp_meta_box_check":"Yes","cwp_rev_product_name":"","cwp_rev_product_image":"","wppr_links":[],"cwp_rev_price":"","wppr_options":[],"wppr_pros":[],"wppr_cons":[],"_monsterinsights_skip_tracking":false,"_monsterinsights_sitenote_active":false,"_monsterinsights_sitenote_note":"","_monsterinsights_sitenote_category":0,"footnotes":""},"categories":[175],"tags":[1418,1401,1404,1421,1408,1420,1419],"features":[],"class_list":{"0":"post-19569","1":"page","2":"type-page","3":"status-publish","4":"has-post-thumbnail","6":"category-strumenti-seo-categoria","7":"tag-ahrefs","8":"tag-analisi-seo","9":"tag-generare-rapporti","10":"tag-programma-seo","11":"tag-rapporti-seo","12":"tag-software-seo","13":"tag-strumento-seo"},"wppr_data":{"cwp_meta_box_check":"Yes","cwp_rev_product_name":"","cwp_rev_product_image":"","cwp_image_link":"image","cwp_rev_price":"","wppr_rating":"0.00"},"acf":[],"yoast_head":"<!-- This site is optimized with the Yoast SEO plugin v27.4 - https:\/\/yoast.com\/product\/yoast-seo-wordpress\/ -->\n<title>Ahrefs: recensione software SEO - Accurate Reviews<\/title>\n<meta name=\"description\" content=\"Ahrefs: recensione.software SEO che offre agli utenti il \u200b\u200bpi\u00f9 grande indice al mondo di backlink semplice e intutitivo da utilizzare.\" \/>\n<meta name=\"robots\" content=\"index, follow, max-snippet:-1, max-image-preview:large, max-video-preview:-1\" \/>\n<link rel=\"canonical\" href=\"https:\/\/www.accuratereviews.com\/it\/strumenti-seo-lista-software\/ahrefs-recensione\/\" \/>\n<meta property=\"og:locale\" content=\"it_IT\" \/>\n<meta property=\"og:type\" content=\"article\" \/>\n<meta property=\"og:title\" content=\"Ahrefs: recensione software SEO - Accurate Reviews\" \/>\n<meta property=\"og:description\" content=\"Ahrefs: recensione.software SEO che offre agli utenti il \u200b\u200bpi\u00f9 grande indice al mondo di backlink semplice e intutitivo da utilizzare.\" \/>\n<meta property=\"og:url\" content=\"https:\/\/www.accuratereviews.com\/it\/strumenti-seo-lista-software\/ahrefs-recensione\/\" \/>\n<meta property=\"og:site_name\" content=\"Accurate Reviews\" \/>\n<meta property=\"article:modified_time\" content=\"2021-11-10T14:24:23+00:00\" \/>\n<meta property=\"og:image\" content=\"https:\/\/www.accuratereviews.com\/wp-content\/uploads\/2019\/10\/Ahrefs-logo.jpg\" \/>\n\t<meta property=\"og:image:width\" content=\"1000\" \/>\n\t<meta property=\"og:image:height\" content=\"600\" \/>\n\t<meta property=\"og:image:type\" content=\"image\/jpeg\" \/>\n<meta name=\"twitter:card\" content=\"summary_large_image\" \/>\n<meta name=\"twitter:label1\" content=\"Tempo di lettura stimato\" \/>\n\t<meta name=\"twitter:data1\" content=\"5 minuti\" \/>\n<script type=\"application\/ld+json\" class=\"yoast-schema-graph\">{\"@context\":\"https:\\\/\\\/schema.org\",\"@graph\":[{\"@type\":\"WebPage\",\"@id\":\"https:\\\/\\\/www.accuratereviews.com\\\/it\\\/strumenti-seo-lista-software\\\/ahrefs-recensione\\\/\",\"url\":\"https:\\\/\\\/www.accuratereviews.com\\\/it\\\/strumenti-seo-lista-software\\\/ahrefs-recensione\\\/\",\"name\":\"Ahrefs: recensione software SEO - Accurate Reviews\",\"isPartOf\":{\"@id\":\"https:\\\/\\\/www.accuratereviews.com\\\/it\\\/#website\"},\"primaryImageOfPage\":{\"@id\":\"https:\\\/\\\/www.accuratereviews.com\\\/it\\\/strumenti-seo-lista-software\\\/ahrefs-recensione\\\/#primaryimage\"},\"image\":{\"@id\":\"https:\\\/\\\/www.accuratereviews.com\\\/it\\\/strumenti-seo-lista-software\\\/ahrefs-recensione\\\/#primaryimage\"},\"thumbnailUrl\":\"https:\\\/\\\/www.accuratereviews.com\\\/wp-content\\\/uploads\\\/2019\\\/10\\\/Ahrefs-logo.jpg\",\"datePublished\":\"2019-10-28T10:43:40+00:00\",\"dateModified\":\"2021-11-10T14:24:23+00:00\",\"description\":\"Ahrefs: recensione.software SEO che offre agli utenti il \u200b\u200bpi\u00f9 grande indice al mondo di backlink semplice e intutitivo da utilizzare.\",\"breadcrumb\":{\"@id\":\"https:\\\/\\\/www.accuratereviews.com\\\/it\\\/strumenti-seo-lista-software\\\/ahrefs-recensione\\\/#breadcrumb\"},\"inLanguage\":\"it-IT\",\"potentialAction\":[{\"@type\":\"ReadAction\",\"target\":[\"https:\\\/\\\/www.accuratereviews.com\\\/it\\\/strumenti-seo-lista-software\\\/ahrefs-recensione\\\/\"]}]},{\"@type\":\"ImageObject\",\"inLanguage\":\"it-IT\",\"@id\":\"https:\\\/\\\/www.accuratereviews.com\\\/it\\\/strumenti-seo-lista-software\\\/ahrefs-recensione\\\/#primaryimage\",\"url\":\"https:\\\/\\\/www.accuratereviews.com\\\/wp-content\\\/uploads\\\/2019\\\/10\\\/Ahrefs-logo.jpg\",\"contentUrl\":\"https:\\\/\\\/www.accuratereviews.com\\\/wp-content\\\/uploads\\\/2019\\\/10\\\/Ahrefs-logo.jpg\",\"width\":1000,\"height\":600},{\"@type\":\"BreadcrumbList\",\"@id\":\"https:\\\/\\\/www.accuratereviews.com\\\/it\\\/strumenti-seo-lista-software\\\/ahrefs-recensione\\\/#breadcrumb\",\"itemListElement\":[{\"@type\":\"ListItem\",\"position\":1,\"name\":\"Home\",\"item\":\"https:\\\/\\\/www.accuratereviews.com\\\/it\\\/\"},{\"@type\":\"ListItem\",\"position\":2,\"name\":\"Strumenti SEO\",\"item\":\"https:\\\/\\\/www.accuratereviews.com\\\/it\\\/strumenti-seo-lista-software\\\/\"},{\"@type\":\"ListItem\",\"position\":3,\"name\":\"Ahrefs\"}]},{\"@type\":\"WebSite\",\"@id\":\"https:\\\/\\\/www.accuratereviews.com\\\/it\\\/#website\",\"url\":\"https:\\\/\\\/www.accuratereviews.com\\\/it\\\/\",\"name\":\"Accurate Reviews\",\"description\":\"\",\"potentialAction\":[{\"@type\":\"SearchAction\",\"target\":{\"@type\":\"EntryPoint\",\"urlTemplate\":\"https:\\\/\\\/www.accuratereviews.com\\\/it\\\/?s={search_term_string}\"},\"query-input\":{\"@type\":\"PropertyValueSpecification\",\"valueRequired\":true,\"valueName\":\"search_term_string\"}}],\"inLanguage\":\"it-IT\"}]}<\/script>\n<!-- \/ Yoast SEO plugin. -->","yoast_head_json":{"title":"Ahrefs: recensione software SEO - Accurate Reviews","description":"Ahrefs: recensione.software SEO che offre agli utenti il \u200b\u200bpi\u00f9 grande indice al mondo di backlink semplice e intutitivo da utilizzare.","robots":{"index":"index","follow":"follow","max-snippet":"max-snippet:-1","max-image-preview":"max-image-preview:large","max-video-preview":"max-video-preview:-1"},"canonical":"https:\/\/www.accuratereviews.com\/it\/strumenti-seo-lista-software\/ahrefs-recensione\/","og_locale":"it_IT","og_type":"article","og_title":"Ahrefs: recensione software SEO - Accurate Reviews","og_description":"Ahrefs: recensione.software SEO che offre agli utenti il \u200b\u200bpi\u00f9 grande indice al mondo di backlink semplice e intutitivo da utilizzare.","og_url":"https:\/\/www.accuratereviews.com\/it\/strumenti-seo-lista-software\/ahrefs-recensione\/","og_site_name":"Accurate Reviews","article_modified_time":"2021-11-10T14:24:23+00:00","og_image":[{"width":1000,"height":600,"url":"https:\/\/www.accuratereviews.com\/wp-content\/uploads\/2019\/10\/Ahrefs-logo.jpg","type":"image\/jpeg"}],"twitter_card":"summary_large_image","twitter_misc":{"Tempo di lettura stimato":"5 minuti"},"schema":{"@context":"https:\/\/schema.org","@graph":[{"@type":"WebPage","@id":"https:\/\/www.accuratereviews.com\/it\/strumenti-seo-lista-software\/ahrefs-recensione\/","url":"https:\/\/www.accuratereviews.com\/it\/strumenti-seo-lista-software\/ahrefs-recensione\/","name":"Ahrefs: recensione software SEO - Accurate Reviews","isPartOf":{"@id":"https:\/\/www.accuratereviews.com\/it\/#website"},"primaryImageOfPage":{"@id":"https:\/\/www.accuratereviews.com\/it\/strumenti-seo-lista-software\/ahrefs-recensione\/#primaryimage"},"image":{"@id":"https:\/\/www.accuratereviews.com\/it\/strumenti-seo-lista-software\/ahrefs-recensione\/#primaryimage"},"thumbnailUrl":"https:\/\/www.accuratereviews.com\/wp-content\/uploads\/2019\/10\/Ahrefs-logo.jpg","datePublished":"2019-10-28T10:43:40+00:00","dateModified":"2021-11-10T14:24:23+00:00","description":"Ahrefs: recensione.software SEO che offre agli utenti il \u200b\u200bpi\u00f9 grande indice al mondo di backlink semplice e intutitivo da utilizzare.","breadcrumb":{"@id":"https:\/\/www.accuratereviews.com\/it\/strumenti-seo-lista-software\/ahrefs-recensione\/#breadcrumb"},"inLanguage":"it-IT","potentialAction":[{"@type":"ReadAction","target":["https:\/\/www.accuratereviews.com\/it\/strumenti-seo-lista-software\/ahrefs-recensione\/"]}]},{"@type":"ImageObject","inLanguage":"it-IT","@id":"https:\/\/www.accuratereviews.com\/it\/strumenti-seo-lista-software\/ahrefs-recensione\/#primaryimage","url":"https:\/\/www.accuratereviews.com\/wp-content\/uploads\/2019\/10\/Ahrefs-logo.jpg","contentUrl":"https:\/\/www.accuratereviews.com\/wp-content\/uploads\/2019\/10\/Ahrefs-logo.jpg","width":1000,"height":600},{"@type":"BreadcrumbList","@id":"https:\/\/www.accuratereviews.com\/it\/strumenti-seo-lista-software\/ahrefs-recensione\/#breadcrumb","itemListElement":[{"@type":"ListItem","position":1,"name":"Home","item":"https:\/\/www.accuratereviews.com\/it\/"},{"@type":"ListItem","position":2,"name":"Strumenti SEO","item":"https:\/\/www.accuratereviews.com\/it\/strumenti-seo-lista-software\/"},{"@type":"ListItem","position":3,"name":"Ahrefs"}]},{"@type":"WebSite","@id":"https:\/\/www.accuratereviews.com\/it\/#website","url":"https:\/\/www.accuratereviews.com\/it\/","name":"Accurate Reviews","description":"","potentialAction":[{"@type":"SearchAction","target":{"@type":"EntryPoint","urlTemplate":"https:\/\/www.accuratereviews.com\/it\/?s={search_term_string}"},"query-input":{"@type":"PropertyValueSpecification","valueRequired":true,"valueName":"search_term_string"}}],"inLanguage":"it-IT"}]}},"_links":{"self":[{"href":"https:\/\/www.accuratereviews.com\/it\/wp-json\/wp\/v2\/pages\/19569","targetHints":{"allow":["GET"]}}],"collection":[{"href":"https:\/\/www.accuratereviews.com\/it\/wp-json\/wp\/v2\/pages"}],"about":[{"href":"https:\/\/www.accuratereviews.com\/it\/wp-json\/wp\/v2\/types\/page"}],"author":[{"embeddable":true,"href":"https:\/\/www.accuratereviews.com\/it\/wp-json\/wp\/v2\/users\/19"}],"replies":[{"embeddable":true,"href":"https:\/\/www.accuratereviews.com\/it\/wp-json\/wp\/v2\/comments?post=19569"}],"version-history":[{"count":12,"href":"https:\/\/www.accuratereviews.com\/it\/wp-json\/wp\/v2\/pages\/19569\/revisions"}],"predecessor-version":[{"id":49749,"href":"https:\/\/www.accuratereviews.com\/it\/wp-json\/wp\/v2\/pages\/19569\/revisions\/49749"}],"up":[{"embeddable":true,"href":"https:\/\/www.accuratereviews.com\/it\/wp-json\/wp\/v2\/pages\/8849"}],"wp:featuredmedia":[{"embeddable":true,"href":"https:\/\/www.accuratereviews.com\/it\/wp-json\/wp\/v2\/media\/19572"}],"wp:attachment":[{"href":"https:\/\/www.accuratereviews.com\/it\/wp-json\/wp\/v2\/media?parent=19569"}],"wp:term":[{"taxonomy":"category","embeddable":true,"href":"https:\/\/www.accuratereviews.com\/it\/wp-json\/wp\/v2\/categories?post=19569"},{"taxonomy":"post_tag","embeddable":true,"href":"https:\/\/www.accuratereviews.com\/it\/wp-json\/wp\/v2\/tags?post=19569"},{"taxonomy":"features","embeddable":true,"href":"https:\/\/www.accuratereviews.com\/it\/wp-json\/wp\/v2\/features?post=19569"}],"curies":[{"name":"wp","href":"https:\/\/api.w.org\/{rel}","templated":true}]}}