{"id":19596,"date":"2019-10-28T17:28:56","date_gmt":"2019-10-28T17:28:56","guid":{"rendered":"https:\/\/www.accuratereviews.com\/?page_id=19596"},"modified":"2021-11-12T09:08:02","modified_gmt":"2021-11-12T09:08:02","slug":"api-per-software-seo-recensione","status":"publish","type":"page","link":"https:\/\/www.accuratereviews.com\/it\/strumenti-seo-lista-software\/api-per-software-seo-recensione\/","title":{"rendered":"API per software SEO"},"content":{"rendered":"<p><strong>API per software SEO<\/strong> \u00e8 rivolto principalmente ad aziende e agenzie che si occupano della produzione di <strong>software SEO<\/strong> (Search Engine Optimization). Si tratta di uno dei migliori<strong> fornitori di API<\/strong> di dati che viene scelto ogni anno da moltissime aziende che ne rimangono piacevolmente soddisfatte poich\u00e9 riescono a soddisfare le loro esigenze. Dispone di moltissimi strumenti utili e funzionali per l&#8217;<strong>ottimizzazione SEO<\/strong> del tuo sito e dei tuoi contenuti. Grazie a questo sistema, potrai finalmente portare il tuo sito in una posizione pi\u00f9 alta nei motori di ricerca cos\u00ec che appaia tra i primi risultati.<\/p>\n<h2>COME FUNZIONA API PER SOFTWARE SEO &#8211; TUTORIAL<\/h2>\n<p>Ecco un video che ci mostra come funziona questo programma:<\/p>\n<div id=\"fluid-wrapper-counter-1\" class=\"g1-fluid-wrapper \" style=\"width:686px;\">\n<div style=\"padding-bottom:56.268221574344%;\"><iframe loading=\"lazy\" title=\"\ud83d\udd25How to use Pingbacks and Postbacks with DataForSEO APIs \ud83d\udcb0+Money-saving tip at the end\" width=\"686\" height=\"386\" src=\"https:\/\/www.youtube.com\/embed\/YBjH7f20XU4?feature=oembed&amp;wmode=transparent&amp;autohide=1&amp;autoplay=0&amp;disablekb=0&amp;fs=1&amp;loop=0&amp;enablejsapi=1&amp;rel=0&amp;controls=2&amp;showinfo=0&amp;wmode=transparent&amp;autohide=2&amp;autoplay=0&amp;disablekb=0&amp;fs=1&amp;loop=0&amp;enablejsapi=1&amp;rel=0&amp;controls=2&amp;showinfo=1\" frameborder=\"0\" allow=\"accelerometer; autoplay; clipboard-write; encrypted-media; gyroscope; picture-in-picture\" allowfullscreen><\/iframe><\/div>\n<\/div>\n<h3>API PER SOFTWARE SEO &#8211; CARATTERISTICHE<\/h3>\n<p>Diamo uno sguardo alle sue principali caratteristiche:<\/p>\n<ul>\n<li><strong>Rank Tracker API<\/strong>: costruita per controllare le posizioni delle parole chiave nei motori di ricerca<\/li>\n<li><strong>API SERP<\/strong>: pu\u00f2 fornirti dati strutturati sulle pagine dei risultati per qualsiasi parola chiave, paese e lingua<\/li>\n<li><strong>Merchant API<\/strong>: ottieni\u00a0la panoramica completa del mercato con i principali dati di e-commerce direttamente da Google Shopping e Amazon<\/li>\n<li><strong>Keyword Data API<\/strong>: Ottieni dati sul volume di ricerca, sul CPC e sulla concorrenza per le parole chiave da Google AdWords Keyword Planner<\/li>\n<li><strong>Keyword Finder API<\/strong>: costruisci un potente strumento di ricerca con parole chiave correlate, simili, suggerite e classificate<\/li>\n<li><strong>Competitor Data API<\/strong>: costruita per verificare la quantit\u00e0 di traffico di un sito Web della concorrenza e le sue fonti<\/li>\n<li><strong>OnPage API<\/strong>: pu\u00f2 fornirti un elenco completo di collegamenti in loco. Aiuta a migliorare i modelli di collegamento interno del sito Web e rimuovere le pagine spezzate.<\/li>\n<\/ul>\n<h3>LE RECENSIONI DEGLI UTENTI<\/h3>\n<ul>\n<li><strong>&#8220;Dati simili o esattamente uguali all&#8217;API di AdWords.&#8221;<\/strong><br \/>\nIN GENERALE: altre societ\u00e0 sembrano mantenere un database statico, quindi i dati sono limitati. DataForSEO sembra essere in grado di ottenere dati in tempo reale.<br \/>\nPRO: ci piace che i dati sembrino provenire direttamente dall&#8217;API di AdWords. La copertura \u00e8 ottima. Le parole chiave non disponibili in altri database statici possono restituire risultati quando si tratta di DataForSEO. Sembra quasi che stessimo chiamando direttamente l&#8217;API di AdWords. La qualit\u00e0 vale il prezzo.<br \/>\nCONTRO: Anche se ci sono documenti online, la pagina web \u00e8 un po&#8217; lenta. Inoltre, manca la documentazione quando si tratta semplicemente di effettuare una chiamata CURL all&#8217;API REST.<\/li>\n<li><strong>&#8220;La tua ricerca di un&#8217;API SEO termina qui&#8221;<\/strong><br \/>\nPRO: DataForSEO offre API di alta qualit\u00e0 per i controlli di posizionamento di Google, i dati relativi a parole chiave e concorrenti. La documentazione dell&#8217;API \u00e8 molto leggibile e completa. Meglio di tuttI, tutto funziona come pubblicizzato. L&#8217;assistenza clienti \u00e8 rapida e utile.<br \/>\nCONTRO: L&#8217;API dei dati della concorrenza potrebbe restituire pi\u00f9 risultati ed \u00e8 un po&#8217; costosa. Non desideriamo tutti che i prezzi siano pi\u00f9 convenienti?<\/li>\n<li><strong>&#8220;Bel servizio con un supporto perfetto&#8221;<\/strong><br \/>\nPRO:<br \/>\n&#8211; Supporto veloce<br \/>\n&#8211; Volume di ricerca comprensibile e dati di classificazione<br \/>\n&#8211; API facili da usare<br \/>\n&#8211; Ampia gamma di servizi<br \/>\nCONTRO:<br \/>\n&#8211; a volte lunghi tempi di recupero per i dati<br \/>\n&#8211; alcune incomprensibili risposte API<\/li>\n<\/ul>\n","protected":false},"excerpt":{"rendered":"<p>API per software SEO \u00e8 rivolto principalmente ad aziende e agenzie che si occupano della produzione di software SEO (Search Engine Optimization). Si tratta di uno dei migliori fornitori di API di dati che viene scelto ogni anno da moltissime aziende che ne rimangono piacevolmente soddisfatte poich\u00e9 riescono a soddisfare le loro esigenze.<\/p>\n","protected":false},"author":17,"featured_media":19600,"parent":8849,"menu_order":0,"comment_status":"open","ping_status":"closed","template":"g1_template_page_review_new.php","meta":{"_acf_changed":false,"cwp_meta_box_check":"Yes","cwp_rev_product_name":"","cwp_rev_product_image":"","wppr_links":[],"cwp_rev_price":"","wppr_options":[],"wppr_pros":[],"wppr_cons":[],"_monsterinsights_skip_tracking":false,"_monsterinsights_sitenote_active":false,"_monsterinsights_sitenote_note":"","_monsterinsights_sitenote_category":0,"footnotes":""},"categories":[175],"tags":[1401,1397,901,1398],"features":[],"class_list":{"0":"post-19596","1":"page","2":"type-page","3":"status-publish","4":"has-post-thumbnail","6":"category-strumenti-seo-categoria","7":"tag-analisi-seo","8":"tag-programma-controllo-seo","9":"tag-seo","10":"tag-seo-software"},"wppr_data":{"cwp_meta_box_check":"Yes","cwp_rev_product_name":"","cwp_rev_product_image":"","cwp_image_link":"image","cwp_rev_price":"","wppr_rating":"0.00"},"acf":[],"yoast_head":"<!-- This site is optimized with the Yoast SEO plugin v27.4 - https:\/\/yoast.com\/product\/yoast-seo-wordpress\/ -->\n<title>API per software SEO: recensione - Accurate Reviews<\/title>\n<meta name=\"description\" content=\"API per software SEO \u00e8 rivolto principalmente ad aziende e agenzie che si occupano della produzione di software SEO (Search Engine Optimization).\" \/>\n<meta name=\"robots\" content=\"index, follow, max-snippet:-1, max-image-preview:large, max-video-preview:-1\" \/>\n<link rel=\"canonical\" href=\"https:\/\/www.accuratereviews.com\/it\/strumenti-seo-lista-software\/api-per-software-seo-recensione\/\" \/>\n<meta property=\"og:locale\" content=\"it_IT\" \/>\n<meta property=\"og:type\" content=\"article\" \/>\n<meta property=\"og:title\" content=\"API per software SEO: recensione - Accurate Reviews\" \/>\n<meta property=\"og:description\" content=\"API per software SEO \u00e8 rivolto principalmente ad aziende e agenzie che si occupano della produzione di software SEO (Search Engine Optimization).\" \/>\n<meta property=\"og:url\" content=\"https:\/\/www.accuratereviews.com\/it\/strumenti-seo-lista-software\/api-per-software-seo-recensione\/\" \/>\n<meta property=\"og:site_name\" content=\"Accurate Reviews\" \/>\n<meta property=\"article:modified_time\" content=\"2021-11-12T09:08:02+00:00\" \/>\n<meta property=\"og:image\" content=\"https:\/\/www.accuratereviews.com\/wp-content\/uploads\/2019\/10\/logo.jpg\" \/>\n\t<meta property=\"og:image:width\" content=\"400\" \/>\n\t<meta property=\"og:image:height\" content=\"400\" \/>\n\t<meta property=\"og:image:type\" content=\"image\/jpeg\" \/>\n<meta name=\"twitter:card\" content=\"summary_large_image\" \/>\n<meta name=\"twitter:label1\" content=\"Tempo di lettura stimato\" \/>\n\t<meta name=\"twitter:data1\" content=\"3 minuti\" \/>\n<script type=\"application\/ld+json\" class=\"yoast-schema-graph\">{\"@context\":\"https:\\\/\\\/schema.org\",\"@graph\":[{\"@type\":\"WebPage\",\"@id\":\"https:\\\/\\\/www.accuratereviews.com\\\/it\\\/strumenti-seo-lista-software\\\/api-per-software-seo-recensione\\\/\",\"url\":\"https:\\\/\\\/www.accuratereviews.com\\\/it\\\/strumenti-seo-lista-software\\\/api-per-software-seo-recensione\\\/\",\"name\":\"API per software SEO: recensione - Accurate Reviews\",\"isPartOf\":{\"@id\":\"https:\\\/\\\/www.accuratereviews.com\\\/it\\\/#website\"},\"primaryImageOfPage\":{\"@id\":\"https:\\\/\\\/www.accuratereviews.com\\\/it\\\/strumenti-seo-lista-software\\\/api-per-software-seo-recensione\\\/#primaryimage\"},\"image\":{\"@id\":\"https:\\\/\\\/www.accuratereviews.com\\\/it\\\/strumenti-seo-lista-software\\\/api-per-software-seo-recensione\\\/#primaryimage\"},\"thumbnailUrl\":\"https:\\\/\\\/www.accuratereviews.com\\\/wp-content\\\/uploads\\\/2019\\\/10\\\/logo.jpg\",\"datePublished\":\"2019-10-28T17:28:56+00:00\",\"dateModified\":\"2021-11-12T09:08:02+00:00\",\"description\":\"API per software SEO \u00e8 rivolto principalmente ad aziende e agenzie che si occupano della produzione di software SEO (Search Engine Optimization).\",\"breadcrumb\":{\"@id\":\"https:\\\/\\\/www.accuratereviews.com\\\/it\\\/strumenti-seo-lista-software\\\/api-per-software-seo-recensione\\\/#breadcrumb\"},\"inLanguage\":\"it-IT\",\"potentialAction\":[{\"@type\":\"ReadAction\",\"target\":[\"https:\\\/\\\/www.accuratereviews.com\\\/it\\\/strumenti-seo-lista-software\\\/api-per-software-seo-recensione\\\/\"]}]},{\"@type\":\"ImageObject\",\"inLanguage\":\"it-IT\",\"@id\":\"https:\\\/\\\/www.accuratereviews.com\\\/it\\\/strumenti-seo-lista-software\\\/api-per-software-seo-recensione\\\/#primaryimage\",\"url\":\"https:\\\/\\\/www.accuratereviews.com\\\/wp-content\\\/uploads\\\/2019\\\/10\\\/logo.jpg\",\"contentUrl\":\"https:\\\/\\\/www.accuratereviews.com\\\/wp-content\\\/uploads\\\/2019\\\/10\\\/logo.jpg\",\"width\":400,\"height\":400},{\"@type\":\"BreadcrumbList\",\"@id\":\"https:\\\/\\\/www.accuratereviews.com\\\/it\\\/strumenti-seo-lista-software\\\/api-per-software-seo-recensione\\\/#breadcrumb\",\"itemListElement\":[{\"@type\":\"ListItem\",\"position\":1,\"name\":\"Home\",\"item\":\"https:\\\/\\\/www.accuratereviews.com\\\/it\\\/\"},{\"@type\":\"ListItem\",\"position\":2,\"name\":\"Strumenti SEO\",\"item\":\"https:\\\/\\\/www.accuratereviews.com\\\/it\\\/strumenti-seo-lista-software\\\/\"},{\"@type\":\"ListItem\",\"position\":3,\"name\":\"API per software SEO\"}]},{\"@type\":\"WebSite\",\"@id\":\"https:\\\/\\\/www.accuratereviews.com\\\/it\\\/#website\",\"url\":\"https:\\\/\\\/www.accuratereviews.com\\\/it\\\/\",\"name\":\"Accurate Reviews\",\"description\":\"\",\"potentialAction\":[{\"@type\":\"SearchAction\",\"target\":{\"@type\":\"EntryPoint\",\"urlTemplate\":\"https:\\\/\\\/www.accuratereviews.com\\\/it\\\/?s={search_term_string}\"},\"query-input\":{\"@type\":\"PropertyValueSpecification\",\"valueRequired\":true,\"valueName\":\"search_term_string\"}}],\"inLanguage\":\"it-IT\"}]}<\/script>\n<!-- \/ Yoast SEO plugin. -->","yoast_head_json":{"title":"API per software SEO: recensione - Accurate Reviews","description":"API per software SEO \u00e8 rivolto principalmente ad aziende e agenzie che si occupano della produzione di software SEO (Search Engine Optimization).","robots":{"index":"index","follow":"follow","max-snippet":"max-snippet:-1","max-image-preview":"max-image-preview:large","max-video-preview":"max-video-preview:-1"},"canonical":"https:\/\/www.accuratereviews.com\/it\/strumenti-seo-lista-software\/api-per-software-seo-recensione\/","og_locale":"it_IT","og_type":"article","og_title":"API per software SEO: recensione - Accurate Reviews","og_description":"API per software SEO \u00e8 rivolto principalmente ad aziende e agenzie che si occupano della produzione di software SEO (Search Engine Optimization).","og_url":"https:\/\/www.accuratereviews.com\/it\/strumenti-seo-lista-software\/api-per-software-seo-recensione\/","og_site_name":"Accurate Reviews","article_modified_time":"2021-11-12T09:08:02+00:00","og_image":[{"width":400,"height":400,"url":"https:\/\/www.accuratereviews.com\/wp-content\/uploads\/2019\/10\/logo.jpg","type":"image\/jpeg"}],"twitter_card":"summary_large_image","twitter_misc":{"Tempo di lettura stimato":"3 minuti"},"schema":{"@context":"https:\/\/schema.org","@graph":[{"@type":"WebPage","@id":"https:\/\/www.accuratereviews.com\/it\/strumenti-seo-lista-software\/api-per-software-seo-recensione\/","url":"https:\/\/www.accuratereviews.com\/it\/strumenti-seo-lista-software\/api-per-software-seo-recensione\/","name":"API per software SEO: recensione - Accurate Reviews","isPartOf":{"@id":"https:\/\/www.accuratereviews.com\/it\/#website"},"primaryImageOfPage":{"@id":"https:\/\/www.accuratereviews.com\/it\/strumenti-seo-lista-software\/api-per-software-seo-recensione\/#primaryimage"},"image":{"@id":"https:\/\/www.accuratereviews.com\/it\/strumenti-seo-lista-software\/api-per-software-seo-recensione\/#primaryimage"},"thumbnailUrl":"https:\/\/www.accuratereviews.com\/wp-content\/uploads\/2019\/10\/logo.jpg","datePublished":"2019-10-28T17:28:56+00:00","dateModified":"2021-11-12T09:08:02+00:00","description":"API per software SEO \u00e8 rivolto principalmente ad aziende e agenzie che si occupano della produzione di software SEO (Search Engine Optimization).","breadcrumb":{"@id":"https:\/\/www.accuratereviews.com\/it\/strumenti-seo-lista-software\/api-per-software-seo-recensione\/#breadcrumb"},"inLanguage":"it-IT","potentialAction":[{"@type":"ReadAction","target":["https:\/\/www.accuratereviews.com\/it\/strumenti-seo-lista-software\/api-per-software-seo-recensione\/"]}]},{"@type":"ImageObject","inLanguage":"it-IT","@id":"https:\/\/www.accuratereviews.com\/it\/strumenti-seo-lista-software\/api-per-software-seo-recensione\/#primaryimage","url":"https:\/\/www.accuratereviews.com\/wp-content\/uploads\/2019\/10\/logo.jpg","contentUrl":"https:\/\/www.accuratereviews.com\/wp-content\/uploads\/2019\/10\/logo.jpg","width":400,"height":400},{"@type":"BreadcrumbList","@id":"https:\/\/www.accuratereviews.com\/it\/strumenti-seo-lista-software\/api-per-software-seo-recensione\/#breadcrumb","itemListElement":[{"@type":"ListItem","position":1,"name":"Home","item":"https:\/\/www.accuratereviews.com\/it\/"},{"@type":"ListItem","position":2,"name":"Strumenti SEO","item":"https:\/\/www.accuratereviews.com\/it\/strumenti-seo-lista-software\/"},{"@type":"ListItem","position":3,"name":"API per software SEO"}]},{"@type":"WebSite","@id":"https:\/\/www.accuratereviews.com\/it\/#website","url":"https:\/\/www.accuratereviews.com\/it\/","name":"Accurate Reviews","description":"","potentialAction":[{"@type":"SearchAction","target":{"@type":"EntryPoint","urlTemplate":"https:\/\/www.accuratereviews.com\/it\/?s={search_term_string}"},"query-input":{"@type":"PropertyValueSpecification","valueRequired":true,"valueName":"search_term_string"}}],"inLanguage":"it-IT"}]}},"_links":{"self":[{"href":"https:\/\/www.accuratereviews.com\/it\/wp-json\/wp\/v2\/pages\/19596","targetHints":{"allow":["GET"]}}],"collection":[{"href":"https:\/\/www.accuratereviews.com\/it\/wp-json\/wp\/v2\/pages"}],"about":[{"href":"https:\/\/www.accuratereviews.com\/it\/wp-json\/wp\/v2\/types\/page"}],"author":[{"embeddable":true,"href":"https:\/\/www.accuratereviews.com\/it\/wp-json\/wp\/v2\/users\/17"}],"replies":[{"embeddable":true,"href":"https:\/\/www.accuratereviews.com\/it\/wp-json\/wp\/v2\/comments?post=19596"}],"version-history":[{"count":3,"href":"https:\/\/www.accuratereviews.com\/it\/wp-json\/wp\/v2\/pages\/19596\/revisions"}],"predecessor-version":[{"id":49894,"href":"https:\/\/www.accuratereviews.com\/it\/wp-json\/wp\/v2\/pages\/19596\/revisions\/49894"}],"up":[{"embeddable":true,"href":"https:\/\/www.accuratereviews.com\/it\/wp-json\/wp\/v2\/pages\/8849"}],"wp:featuredmedia":[{"embeddable":true,"href":"https:\/\/www.accuratereviews.com\/it\/wp-json\/wp\/v2\/media\/19600"}],"wp:attachment":[{"href":"https:\/\/www.accuratereviews.com\/it\/wp-json\/wp\/v2\/media?parent=19596"}],"wp:term":[{"taxonomy":"category","embeddable":true,"href":"https:\/\/www.accuratereviews.com\/it\/wp-json\/wp\/v2\/categories?post=19596"},{"taxonomy":"post_tag","embeddable":true,"href":"https:\/\/www.accuratereviews.com\/it\/wp-json\/wp\/v2\/tags?post=19596"},{"taxonomy":"features","embeddable":true,"href":"https:\/\/www.accuratereviews.com\/it\/wp-json\/wp\/v2\/features?post=19596"}],"curies":[{"name":"wp","href":"https:\/\/api.w.org\/{rel}","templated":true}]}}