{"id":19607,"date":"2019-10-29T16:01:11","date_gmt":"2019-10-29T16:01:11","guid":{"rendered":"https:\/\/www.accuratereviews.com\/?page_id=19607"},"modified":"2021-11-10T11:52:45","modified_gmt":"2021-11-10T11:52:45","slug":"site123-recensione","status":"publish","type":"page","link":"https:\/\/www.accuratereviews.com\/it\/strumenti-seo-lista-software\/site123-recensione\/","title":{"rendered":"Site123"},"content":{"rendered":"<p><strong>SITE123<\/strong> \u00e8 un <strong>software per sviluppare siti web<\/strong> progettato per utenti privati \u200b\u200be aziendali. Lo strumento \u00e8 specializzato nell&#8217;aiutare gli utenti senza esperienza di programmazione o di progettazione a impostare la propria presenza online nel modo pi\u00f9 semplice e veloce. Non solo il tuo sito web sar\u00e0 accattivante, ma anche ottimizzato e reattivo per i motori di ricerca se visualizzato su qualsiasi dispositivo. Modelli e layout pronti pronti per l&#8217;uso sono disponibili nella sua procedura guidata per assistere l&#8217;utente nella configurazione del sito. \u00c8 <strong>SEO-friendly<\/strong>, il che significa che i motori di ricerca possono indicizzare il tuo sito senza codifica aggiuntiva da parte tua. L&#8217;interfaccia si regola automaticamente su qualsiasi dispositivo, desktop o smartphone e tablet. Inoltre, hai la possibilit\u00e0 di creare un<strong> negozio online<\/strong> per vendere i tuoi prodotti ed elaborare transazioni di vendita. Le sue integrazioni sui social media ti consentono di stabilire connessioni tra il tuo sito web e gli account di Facebook, Instagram e altri canali social. L&#8217;<strong>email marketing<\/strong> ti permette di rimanere in contatto e interagire con i clienti o potenziali. Il suo supporto tecnico \u00e8 disponibile 24 ore su 24, 7 giorni su 7, via email, chat online e centro di supporto per garantire la reperibilit\u00e0.<\/p>\n<h2>SITE123 &#8211; TUTORIAL<\/h2>\n<p>Guardiamo insieme il tutorial per imparare a<strong> creare un sito<\/strong> in poche semplici mosse:<\/p>\n<div id=\"fluid-wrapper-counter-1\" class=\"g1-fluid-wrapper \" style=\"width:686px;\">\n<div style=\"padding-bottom:56.268221574344%;\"><iframe loading=\"lazy\" title=\"Easy Website With Site123\" width=\"686\" height=\"386\" src=\"https:\/\/www.youtube.com\/embed\/m5RATil3MqI?feature=oembed&amp;wmode=transparent&amp;autohide=1&amp;autoplay=0&amp;disablekb=0&amp;fs=1&amp;loop=0&amp;enablejsapi=1&amp;rel=0&amp;controls=2&amp;showinfo=0&amp;wmode=transparent&amp;autohide=2&amp;autoplay=0&amp;disablekb=0&amp;fs=1&amp;loop=0&amp;enablejsapi=1&amp;rel=0&amp;controls=2&amp;showinfo=1\" frameborder=\"0\" allow=\"accelerometer; autoplay; clipboard-write; encrypted-media; gyroscope; picture-in-picture\" allowfullscreen><\/iframe><\/div>\n<\/div>\n<h3>SITE123 &#8211; CARATTERISTICHE<\/h3>\n<div class=\"item col-xs-12 col-sm-6 col-md-4\">\n<div class=\"div\">\n<ul>\n<li class=\"title\"><strong>Editor di siti web<\/strong>:\u00a0nessuna conoscenza di programmazione richiesta per la creazione siti<\/li>\n<li class=\"title\"><strong>Mobile Friendly<\/strong>: goditi un web design responsive e un sito web ottimizzato per i dispositivi mobili<\/li>\n<li class=\"title\"><strong>Hosting gratuito<\/strong>: rimani sicuro e protetto con il nostro web hosting gratuito<\/li>\n<li class=\"title\"><strong>Strumenti SEO<\/strong>: funzione SEO\u00a0per avere un sito ottimizzato per i motori di ricerca<\/li>\n<li class=\"title\"><strong>Domini personalizzati<\/strong>: registrazione gratuita del dominio di tua preferenza<\/li>\n<li class=\"title\"><strong>Negozio online<\/strong>:\u00a0Crea un ecommerce e vendi a livello globale oggi stesso<\/li>\n<\/ul>\n<h4>LE RECENSIONI DEGLI UTENTI<\/h4>\n<h4>Anna P. &#8220;Ho visitato il sito Web per giocare ma alla fine mi \u00e8 piaciuto cos\u00ec tanto&#8221;<\/h4>\n<p><strong>Commenti<\/strong>: Dipende davvero da ci\u00f2 che vuoi, noi come squadra facciamo l&#8217;esperienza migliore che possiamo ottenere. C&#8217;\u00e8 supporto quindi sono sempre l\u00ec per darti consigli o puoi dire loro cosa vuoi fare e ti guideranno a farlo.<br \/>\nAlcuni addirittura passo dopo passo.<br \/>\nAssicurati di ci\u00f2 che vuoi e, soprattutto, assicurati che ci\u00f2 che vuoi fare sia fattibile in generale. C&#8217;erano cose che volevo fare ma non \u00e8 proprio possibile farlo.<\/p>\n<p><strong>Vantaggi<\/strong>: Cominciamo dal fatto che in precedenza utilizzavo una piattaforma di solo codice e volevo davvero creare un sito Web professionale per il mio team e renderlo attivo per attirare nuovi visitatori. \u00c8 fondamentalmente quello che stavo cercando in un costruttore di siti Web. Ne ho provati diversi online, ma SITE123 mi ha dato la libert\u00e0 di portare il mio team sul Web e farlo funzionare con il nostro nome di dominio.<br \/>\n\u00c8 una piattaforma molto facile da usare e offrono molte applicazioni per utilizzare e indicizzare il tuo sito Web su Google e altri motori di ricerca di cui avevo davvero bisogno.<br \/>\nGrazie a questo sito Web siamo stati in grado di aumentare la consapevolezza poich\u00e9 ho visto la differenza con l&#8217;hosting che avevo, il tempo di risposta dei server \u00e8 5 volte pi\u00f9 veloce del piano di hosting condiviso che avevo con un altro sito Web.<br \/>\nUna piattaforma molto potente direi, e ha davvero diffuso il mio messaggio.<\/p>\n<p><strong>Inconvenienti<\/strong>: Gradirei se avessero barre laterali come i temi WordPress ma per ora sono stato in grado di realizzare ci\u00f2 che volevo.<br \/>\nPotrei non essere in grado di aggiungere il mio HTML alla piattaforma per alcune app specifiche che volevo, ma sono stato in grado di trovare qualcosa di almeno simile al loro mercato delle app, ha fatto il lavoro (non quello che volevo) ma se provi scopri che c&#8217;\u00e8 sempre un modo per fare le cose anche quando sei limitato all&#8217;opzione che offrono.<br \/>\nMi aspettavo di utilizzare di pi\u00f9 l&#8217;Iframe personalizzato, ma si \u00e8 scoperto che l&#8217;integrazione delle applicazioni era pi\u00f9 utile di qualsiasi altra funzionalit\u00e0 offerta.<\/p>\n<h4>Andrew M. &#8220;Tutto positivo&#8221;<\/h4>\n<p><strong>Commenti<\/strong>: Sono in grado di gestire la mia azienda da casa come persona disabile. Ma ci dovrebbe essere un incentivo per gli utenti che costruiscono siti per clienti come me.<\/p>\n<p><strong>Vantaggi<\/strong>: modelli facili da navigare davvero professionali. Ottimo servizio clienti davvero facile da usare. il software nei diversi pacchetti \u00e8 veramente professionale e facile da usare.<\/p>\n<p><strong>Inconvenienti<\/strong>: quando troppe persone sono in grado di funzionare lentamente, ma comunque un prodotto straordinario. ma nel complesso sistema davvero eccezionale<\/p>\n<h4>Doniel Z. &#8220;Fantastico! Veloce. \u00c8 il miglior sito web!<\/h4>\n<p><strong>Vantaggi<\/strong>: il supporto \u00e8 estremamente veloce. Il servizio \u00e8 fantastico Molte funzioni interessanti. I migliori strumenti di costruzione di siti Web di sempre!<\/p>\n<p><strong>Inconvenienti<\/strong>: A volte, lo sviluppo diventa caotico. Ho un piano avanzato e molte volte direbbe che non ho un piano. Ma lo sviluppo lo risolve subito!<\/p>\n<\/div>\n<\/div>\n","protected":false},"excerpt":{"rendered":"<p>SITE123 \u00e8 un software per sviluppare siti Web progettato per utenti privati \u200b\u200be aziendali. Lo strumento \u00e8 specializzato nell&#8217;aiutare gli utenti senza esperienza di programmazione o di progettazione a impostare la propria presenza online nel modo pi\u00f9 semplice e veloce. Non solo il tuo sito web sar\u00e0 attraente, ma \u00e8 anche ottimizzato e reattivo per i motori di ricerca se visualizzato su qualsiasi dispositivo.\u00a0<\/p>\n","protected":false},"author":19,"featured_media":19610,"parent":8849,"menu_order":0,"comment_status":"open","ping_status":"closed","template":"g1_template_page_review_new.php","meta":{"_acf_changed":false,"cwp_meta_box_check":"Yes","cwp_rev_product_name":"","cwp_rev_product_image":"","wppr_links":[],"cwp_rev_price":"","wppr_options":[],"wppr_pros":[],"wppr_cons":[],"_monsterinsights_skip_tracking":false,"_monsterinsights_sitenote_active":false,"_monsterinsights_sitenote_note":"","_monsterinsights_sitenote_category":0,"footnotes":""},"categories":[175],"tags":[1423,665,1424,1422],"features":[],"class_list":{"0":"post-19607","1":"page","2":"type-page","3":"status-publish","4":"has-post-thumbnail","6":"category-strumenti-seo-categoria","7":"tag-creazione-siti","8":"tag-email-marketing","9":"tag-seo-analisi","10":"tag-site123"},"wppr_data":{"cwp_meta_box_check":"Yes","cwp_rev_product_name":"","cwp_rev_product_image":"","cwp_image_link":"image","cwp_rev_price":"","wppr_rating":"0.00"},"acf":[],"yoast_head":"<!-- This site is optimized with the Yoast SEO plugin v27.4 - https:\/\/yoast.com\/product\/yoast-seo-wordpress\/ -->\n<title>SITE123: recensione software SEO- Accurate Reviews<\/title>\n<meta name=\"description\" content=\"SITE123: recensione software per sviluppare siti Web progettato per utenti privati \u200b\u200be aziendali semplice, intuitivo e ricco di funzioni.\" \/>\n<meta name=\"robots\" content=\"index, follow, max-snippet:-1, max-image-preview:large, max-video-preview:-1\" \/>\n<link rel=\"canonical\" href=\"https:\/\/www.accuratereviews.com\/it\/strumenti-seo-lista-software\/site123-recensione\/\" \/>\n<meta property=\"og:locale\" content=\"it_IT\" \/>\n<meta property=\"og:type\" content=\"article\" \/>\n<meta property=\"og:title\" content=\"SITE123: recensione software SEO- Accurate Reviews\" \/>\n<meta property=\"og:description\" content=\"SITE123: recensione software per sviluppare siti Web progettato per utenti privati \u200b\u200be aziendali semplice, intuitivo e ricco di funzioni.\" \/>\n<meta property=\"og:url\" content=\"https:\/\/www.accuratereviews.com\/it\/strumenti-seo-lista-software\/site123-recensione\/\" \/>\n<meta property=\"og:site_name\" content=\"Accurate Reviews\" \/>\n<meta property=\"article:modified_time\" content=\"2021-11-10T11:52:45+00:00\" \/>\n<meta property=\"og:image\" content=\"https:\/\/www.accuratereviews.com\/wp-content\/uploads\/2019\/10\/site123-logo.png\" \/>\n\t<meta property=\"og:image:width\" content=\"285\" \/>\n\t<meta property=\"og:image:height\" content=\"285\" \/>\n\t<meta property=\"og:image:type\" content=\"image\/png\" \/>\n<meta name=\"twitter:card\" content=\"summary_large_image\" \/>\n<meta name=\"twitter:label1\" content=\"Tempo di lettura stimato\" \/>\n\t<meta name=\"twitter:data1\" content=\"4 minuti\" \/>\n<script type=\"application\/ld+json\" class=\"yoast-schema-graph\">{\"@context\":\"https:\\\/\\\/schema.org\",\"@graph\":[{\"@type\":\"WebPage\",\"@id\":\"https:\\\/\\\/www.accuratereviews.com\\\/it\\\/strumenti-seo-lista-software\\\/site123-recensione\\\/\",\"url\":\"https:\\\/\\\/www.accuratereviews.com\\\/it\\\/strumenti-seo-lista-software\\\/site123-recensione\\\/\",\"name\":\"SITE123: recensione software SEO- Accurate Reviews\",\"isPartOf\":{\"@id\":\"https:\\\/\\\/www.accuratereviews.com\\\/it\\\/#website\"},\"primaryImageOfPage\":{\"@id\":\"https:\\\/\\\/www.accuratereviews.com\\\/it\\\/strumenti-seo-lista-software\\\/site123-recensione\\\/#primaryimage\"},\"image\":{\"@id\":\"https:\\\/\\\/www.accuratereviews.com\\\/it\\\/strumenti-seo-lista-software\\\/site123-recensione\\\/#primaryimage\"},\"thumbnailUrl\":\"https:\\\/\\\/www.accuratereviews.com\\\/wp-content\\\/uploads\\\/2019\\\/10\\\/site123-logo.png\",\"datePublished\":\"2019-10-29T16:01:11+00:00\",\"dateModified\":\"2021-11-10T11:52:45+00:00\",\"description\":\"SITE123: recensione software per sviluppare siti Web progettato per utenti privati \u200b\u200be aziendali semplice, intuitivo e ricco di funzioni.\",\"breadcrumb\":{\"@id\":\"https:\\\/\\\/www.accuratereviews.com\\\/it\\\/strumenti-seo-lista-software\\\/site123-recensione\\\/#breadcrumb\"},\"inLanguage\":\"it-IT\",\"potentialAction\":[{\"@type\":\"ReadAction\",\"target\":[\"https:\\\/\\\/www.accuratereviews.com\\\/it\\\/strumenti-seo-lista-software\\\/site123-recensione\\\/\"]}]},{\"@type\":\"ImageObject\",\"inLanguage\":\"it-IT\",\"@id\":\"https:\\\/\\\/www.accuratereviews.com\\\/it\\\/strumenti-seo-lista-software\\\/site123-recensione\\\/#primaryimage\",\"url\":\"https:\\\/\\\/www.accuratereviews.com\\\/wp-content\\\/uploads\\\/2019\\\/10\\\/site123-logo.png\",\"contentUrl\":\"https:\\\/\\\/www.accuratereviews.com\\\/wp-content\\\/uploads\\\/2019\\\/10\\\/site123-logo.png\",\"width\":285,\"height\":285},{\"@type\":\"BreadcrumbList\",\"@id\":\"https:\\\/\\\/www.accuratereviews.com\\\/it\\\/strumenti-seo-lista-software\\\/site123-recensione\\\/#breadcrumb\",\"itemListElement\":[{\"@type\":\"ListItem\",\"position\":1,\"name\":\"Home\",\"item\":\"https:\\\/\\\/www.accuratereviews.com\\\/it\\\/\"},{\"@type\":\"ListItem\",\"position\":2,\"name\":\"Strumenti SEO\",\"item\":\"https:\\\/\\\/www.accuratereviews.com\\\/it\\\/strumenti-seo-lista-software\\\/\"},{\"@type\":\"ListItem\",\"position\":3,\"name\":\"Site123\"}]},{\"@type\":\"WebSite\",\"@id\":\"https:\\\/\\\/www.accuratereviews.com\\\/it\\\/#website\",\"url\":\"https:\\\/\\\/www.accuratereviews.com\\\/it\\\/\",\"name\":\"Accurate Reviews\",\"description\":\"\",\"potentialAction\":[{\"@type\":\"SearchAction\",\"target\":{\"@type\":\"EntryPoint\",\"urlTemplate\":\"https:\\\/\\\/www.accuratereviews.com\\\/it\\\/?s={search_term_string}\"},\"query-input\":{\"@type\":\"PropertyValueSpecification\",\"valueRequired\":true,\"valueName\":\"search_term_string\"}}],\"inLanguage\":\"it-IT\"}]}<\/script>\n<!-- \/ Yoast SEO plugin. -->","yoast_head_json":{"title":"SITE123: recensione software SEO- Accurate Reviews","description":"SITE123: recensione software per sviluppare siti Web progettato per utenti privati \u200b\u200be aziendali semplice, intuitivo e ricco di funzioni.","robots":{"index":"index","follow":"follow","max-snippet":"max-snippet:-1","max-image-preview":"max-image-preview:large","max-video-preview":"max-video-preview:-1"},"canonical":"https:\/\/www.accuratereviews.com\/it\/strumenti-seo-lista-software\/site123-recensione\/","og_locale":"it_IT","og_type":"article","og_title":"SITE123: recensione software SEO- Accurate Reviews","og_description":"SITE123: recensione software per sviluppare siti Web progettato per utenti privati \u200b\u200be aziendali semplice, intuitivo e ricco di funzioni.","og_url":"https:\/\/www.accuratereviews.com\/it\/strumenti-seo-lista-software\/site123-recensione\/","og_site_name":"Accurate Reviews","article_modified_time":"2021-11-10T11:52:45+00:00","og_image":[{"width":285,"height":285,"url":"https:\/\/www.accuratereviews.com\/wp-content\/uploads\/2019\/10\/site123-logo.png","type":"image\/png"}],"twitter_card":"summary_large_image","twitter_misc":{"Tempo di lettura stimato":"4 minuti"},"schema":{"@context":"https:\/\/schema.org","@graph":[{"@type":"WebPage","@id":"https:\/\/www.accuratereviews.com\/it\/strumenti-seo-lista-software\/site123-recensione\/","url":"https:\/\/www.accuratereviews.com\/it\/strumenti-seo-lista-software\/site123-recensione\/","name":"SITE123: recensione software SEO- Accurate Reviews","isPartOf":{"@id":"https:\/\/www.accuratereviews.com\/it\/#website"},"primaryImageOfPage":{"@id":"https:\/\/www.accuratereviews.com\/it\/strumenti-seo-lista-software\/site123-recensione\/#primaryimage"},"image":{"@id":"https:\/\/www.accuratereviews.com\/it\/strumenti-seo-lista-software\/site123-recensione\/#primaryimage"},"thumbnailUrl":"https:\/\/www.accuratereviews.com\/wp-content\/uploads\/2019\/10\/site123-logo.png","datePublished":"2019-10-29T16:01:11+00:00","dateModified":"2021-11-10T11:52:45+00:00","description":"SITE123: recensione software per sviluppare siti Web progettato per utenti privati \u200b\u200be aziendali semplice, intuitivo e ricco di funzioni.","breadcrumb":{"@id":"https:\/\/www.accuratereviews.com\/it\/strumenti-seo-lista-software\/site123-recensione\/#breadcrumb"},"inLanguage":"it-IT","potentialAction":[{"@type":"ReadAction","target":["https:\/\/www.accuratereviews.com\/it\/strumenti-seo-lista-software\/site123-recensione\/"]}]},{"@type":"ImageObject","inLanguage":"it-IT","@id":"https:\/\/www.accuratereviews.com\/it\/strumenti-seo-lista-software\/site123-recensione\/#primaryimage","url":"https:\/\/www.accuratereviews.com\/wp-content\/uploads\/2019\/10\/site123-logo.png","contentUrl":"https:\/\/www.accuratereviews.com\/wp-content\/uploads\/2019\/10\/site123-logo.png","width":285,"height":285},{"@type":"BreadcrumbList","@id":"https:\/\/www.accuratereviews.com\/it\/strumenti-seo-lista-software\/site123-recensione\/#breadcrumb","itemListElement":[{"@type":"ListItem","position":1,"name":"Home","item":"https:\/\/www.accuratereviews.com\/it\/"},{"@type":"ListItem","position":2,"name":"Strumenti SEO","item":"https:\/\/www.accuratereviews.com\/it\/strumenti-seo-lista-software\/"},{"@type":"ListItem","position":3,"name":"Site123"}]},{"@type":"WebSite","@id":"https:\/\/www.accuratereviews.com\/it\/#website","url":"https:\/\/www.accuratereviews.com\/it\/","name":"Accurate Reviews","description":"","potentialAction":[{"@type":"SearchAction","target":{"@type":"EntryPoint","urlTemplate":"https:\/\/www.accuratereviews.com\/it\/?s={search_term_string}"},"query-input":{"@type":"PropertyValueSpecification","valueRequired":true,"valueName":"search_term_string"}}],"inLanguage":"it-IT"}]}},"_links":{"self":[{"href":"https:\/\/www.accuratereviews.com\/it\/wp-json\/wp\/v2\/pages\/19607","targetHints":{"allow":["GET"]}}],"collection":[{"href":"https:\/\/www.accuratereviews.com\/it\/wp-json\/wp\/v2\/pages"}],"about":[{"href":"https:\/\/www.accuratereviews.com\/it\/wp-json\/wp\/v2\/types\/page"}],"author":[{"embeddable":true,"href":"https:\/\/www.accuratereviews.com\/it\/wp-json\/wp\/v2\/users\/19"}],"replies":[{"embeddable":true,"href":"https:\/\/www.accuratereviews.com\/it\/wp-json\/wp\/v2\/comments?post=19607"}],"version-history":[{"count":11,"href":"https:\/\/www.accuratereviews.com\/it\/wp-json\/wp\/v2\/pages\/19607\/revisions"}],"predecessor-version":[{"id":49745,"href":"https:\/\/www.accuratereviews.com\/it\/wp-json\/wp\/v2\/pages\/19607\/revisions\/49745"}],"up":[{"embeddable":true,"href":"https:\/\/www.accuratereviews.com\/it\/wp-json\/wp\/v2\/pages\/8849"}],"wp:featuredmedia":[{"embeddable":true,"href":"https:\/\/www.accuratereviews.com\/it\/wp-json\/wp\/v2\/media\/19610"}],"wp:attachment":[{"href":"https:\/\/www.accuratereviews.com\/it\/wp-json\/wp\/v2\/media?parent=19607"}],"wp:term":[{"taxonomy":"category","embeddable":true,"href":"https:\/\/www.accuratereviews.com\/it\/wp-json\/wp\/v2\/categories?post=19607"},{"taxonomy":"post_tag","embeddable":true,"href":"https:\/\/www.accuratereviews.com\/it\/wp-json\/wp\/v2\/tags?post=19607"},{"taxonomy":"features","embeddable":true,"href":"https:\/\/www.accuratereviews.com\/it\/wp-json\/wp\/v2\/features?post=19607"}],"curies":[{"name":"wp","href":"https:\/\/api.w.org\/{rel}","templated":true}]}}