{"id":19619,"date":"2019-10-29T16:02:10","date_gmt":"2019-10-29T16:02:10","guid":{"rendered":"https:\/\/www.accuratereviews.com\/?page_id=19619"},"modified":"2021-11-10T17:17:34","modified_gmt":"2021-11-10T17:17:34","slug":"woorank-recensione","status":"publish","type":"page","link":"https:\/\/www.accuratereviews.com\/it\/strumenti-seo-lista-software\/woorank-recensione\/","title":{"rendered":"WooRank"},"content":{"rendered":"<p><strong>WooRank<\/strong> \u00e8 una<strong> soluzione SEO digitale<\/strong> che fornisce recensioni automatiche di siti web e suggerimenti personalizzati per aumentare traffico, lead e vendite.\u00a0Comprende: rendering mobile, SEO, dati sui social media, backlink, classifica SERP, usabilit\u00e0 e ottimizzazione dei server. Strumento fondamentale per agenzie web, designer, webmaster, esperti SEO e esperti di marketing digitale, il programma offre servizi efficienti a oltre 40.000 aziende. Esse si affidano a questo strumento per analizzare i propri siti e ricevere approfondimenti comprensibili su quali azioni devono ottimizzare. Il software ospitato su <strong>cloud<\/strong> di <strong>WooRank<\/strong>, facile da usare, genera revisioni automatiche del sito web e fornisce molteplici dati preziosi.<\/p>\n<h2>WOORANK &#8211; TUTORIAL<\/h2>\n<p>Il tutorial che seguir\u00e0 mostrer\u00e0 le funzioni principali di questo<strong> software SEO digitale<\/strong>:<\/p>\n<div id=\"fluid-wrapper-counter-1\" class=\"g1-fluid-wrapper \" style=\"width:686px;\">\n<div style=\"padding-bottom:56.268221574344%;\"><iframe loading=\"lazy\" title=\"\ud83d\udd34 Herramientas SEO 2021 - Woorank\" width=\"515\" height=\"386\" src=\"https:\/\/www.youtube.com\/embed\/viCrEk5TWoI?feature=oembed&amp;wmode=transparent&amp;autohide=1&amp;autoplay=0&amp;disablekb=0&amp;fs=1&amp;loop=0&amp;enablejsapi=1&amp;rel=0&amp;controls=2&amp;showinfo=0&amp;wmode=transparent&amp;autohide=2&amp;autoplay=0&amp;disablekb=0&amp;fs=1&amp;loop=0&amp;enablejsapi=1&amp;rel=0&amp;controls=2&amp;showinfo=1\" frameborder=\"0\" allow=\"accelerometer; autoplay; clipboard-write; encrypted-media; gyroscope; picture-in-picture\" allowfullscreen><\/iframe><\/div>\n<\/div>\n<h3>WOORANK &#8211; CARATTERISTICHE<\/h3>\n<ul>\n<li><strong>Scarica report in formato PDF<\/strong>: sia che tu stia inviando un rapporto al tuo cliente o che tu debba presentare la situazione al tuo capo questo programma genera rapporti in formato PDF inserendo i dati che desideri<\/li>\n<li><strong>Confronta i risultati della concorrenza:<\/strong> paragona i tuoi risultati con la concorrenza. Puoi utilizzare questi dati per trovare nuove idee e mantenere il tuo sito Web all&#8217;avanguardia rispetto alla concorrenza<\/li>\n<li><strong>Includi Analytics e Social Media<\/strong>: essere in grado di integrare i tuoi dati di tracciamento di Google e i dati dei social media nei tuoi rapporti \u00e8 la chiave per ottenere il quadro completo<\/li>\n<li><strong>Visualizza l&#8217;anteprima di Google e la pertinenza delle parole chiave<\/strong>: il posizionamento elevato in Google \u00e8 importante, ma lo \u00e8 anche fare clic su questi risultati. Il software ti offre un&#8217;anteprima del tuo sito Web e scopri quali parole chiave sono pi\u00f9 frequenti nei contenuti attuali del tuo sito. Queste informazioni ti consentono di raggiungere i tuoi obiettivi<\/li>\n<li><strong>Ottieni approfondimenti sulla popolarit\u00e0 dei tuoi contenuti<\/strong>: la SEO non si ferma con l&#8217;ottimizzazione on-page. Spargere la voce sui tuoi contenuti sui social media e altri passaggi pu\u00f2 aiutarti a guadagnare backlink pi\u00f9 pertinenti su altri siti. La soluzione ti aiuta a tenere d&#8217;occhio la qualit\u00e0 dei tuoi materiali promozionali<\/li>\n<li><strong>Correggi errori del sito: <\/strong>\u00e8 facile perdere alcuni dettagli tecnici sulla pagina che potrebbero essere utili alle tue classifiche. La scansione del sito \u00a0indica dove puoi migliorare la tua pagina per ottenere i migliori risultati<\/li>\n<li><strong>Ricevi rapporti email: <\/strong>otterrai\u00a0rapporti email settimanali che includono le metriche che ti interessano di pi\u00f9. Lascia che i dati arrivino a te e puoi controllare i dettagli se qualcosa di interessante attira la tua attenzione.<\/li>\n<\/ul>\n<h4>LE RECENSIONI DEGLI UTENTI<\/h4>\n<h4>Dorothy A. &#8220;Ho usato questo strumento per anni, miglioramenti regolari e il supporto \u00e8 veloce e utile!&#8221;<\/h4>\n<p><strong>Commenti<\/strong>: utilizzo WooRank per eseguire audit SEO per i miei clienti. Aiutiamo a identificare i principali problemi di alto livello che devono prima essere affrontati con questo strumento. Quindi passiamo all&#8217;ottimizzazione dei contenuti in tutto il sito. Questo \u00e8 sempre il primo passo per tutti i miei clienti per identificare le bandiere rosse che possono influenzare le classifiche, indipendentemente dal contenuto del sito. Questo strumento \u00e8 stato di enorme beneficio per le mie responsabilit\u00e0 lavorative. Ho un account a pagamento e non ho mai guardato indietro! La maggior parte dei programmi su cui provo versioni a pagamento non ha il valore che ha. Lo uso sempre, e in particolare per il sito Web della mia azienda.<\/p>\n<p><strong>Vantaggi<\/strong>: uso questo strumento da un paio d&#8217;anni. Lo strumento mi offre tutto ci\u00f2 di cui ho bisogno per garantire l&#8217;ottimizzazione dei siti Web dei miei clienti e l&#8217;organizzazione dello strumento \u00e8 molto utile. Uso lo strumento FAQ quando ho domande per la maggior parte del tempo e quella parte del programma \u00e8 davvero utile di per s\u00e9. Tuttavia, se non trovo mai una risposta alla mia domanda, so che il team di supporto sar\u00e0 l\u00ec con una risposta rapida e un aiuto molto perspicace su come ottimizzare o affrontare determinati errori o miglioramenti necessari. Mi piace poter etichettare in bianco il rapporto e inviarlo ai clienti, se lo desidero. Mi piace poter eliminare sezioni dal prodotto finale che invio anche ai clienti.<\/p>\n<p><strong>Inconvenienti<\/strong>: posso dire onestamente che mi piace tutto del programma! Se potessi evidenziare un miglioramento, sarebbe il processo di aggiunta di pagine interne a un audit avanzato. Potrebbe essere un po &#8216;pi\u00f9 facile da aggiungere. Forse mi permetta di copiare e incollare pi\u00f9 URL contemporaneamente, quindi eseguire la scansione dopo averlo fatto? Ci\u00f2 impedirebbe la parte dispendiosa in termini di tempo di scansione delle pagine interne e quindi di tornare alla pagina principale per aggiungerne un&#8217;altra interna in meno clic.<\/p>\n<h4>Rebecca C. &#8220;Una risorsa indifendibile&#8221;<\/h4>\n<p><strong>Commenti<\/strong>: Ci sono stati alcuni problemi con errori sul nostro account, ma ho contattato l&#8217;assistenza e hanno risolto il problema il pi\u00f9 rapidamente possibile e mi hanno tenuto aggiornato lungo la strada.<br \/>\n\u00c8 un investimento costoso mantenere lo strumento rispetto all&#8217;enorme funzionalit\u00e0 di altri strumenti, ma non potremmo lavorare senza.<br \/>\nFa parte della nostra routine SEO per i nostri clienti e non esiste altro strumento in grado di offrire lo stesso servizio.<\/p>\n<p><strong>Vantaggi<\/strong>: il punteggio di riepilogo in alto ti d\u00e0 una valutazione per il sito, in modo da poter dare la priorit\u00e0 ai siti dei clienti in base alle esigenze. Il punteggio \u00e8 anche facile da mettere in relazione con i clienti e offre loro un contesto per l&#8217;ottimizzazione tecnica complessiva dei loro siti Web.<br \/>\nGli elementi nell&#8217;elenco sono tutti fattori di classifica, alcuni grandi altri piccoli, e influenzano il numero in modo proporzionale da quello che posso dire. Hanno descrizioni chiare di cosa sono, perch\u00e9 contano e come risolverli, quindi anche i membri del nostro team non SEO possono controllare le cose.<br \/>\nI report con etichetta bianca ci consentono di generare una grande risorsa per il nostro team di vendita senza troppo tempo di investimento.<\/p>\n<p><strong>Inconvenienti<\/strong>: i fattori che traccia non sembrano cambiare spesso, anche se cambia quotidianamente. Alcuni bit come i trattini bassi cambieranno il tuo punteggio, ma \u00e8 improbabile che cambino le tue classifiche. Potrebbero essere costantemente modificati in background, ma dalla parte frontale sembra piuttosto statico. Penso che ci siano stati due aggiornamenti nell&#8217;ultimo anno.<\/p>\n<h4>Abe D. &#8220;Lo strumento pi\u00f9 significativo nella mia faretra&#8221;<\/h4>\n<p><strong>Commenti<\/strong>: La mia esperienza complessiva \u00e8 sempre stata fenomenale.<\/p>\n<p><strong>Vantaggi<\/strong>: Ha la capacit\u00e0 di analizzare il sito dei miei clienti in modo tale che se il mio cliente \u00e8 un tecnico capir\u00e0 e se non la spiegazione \u00e8 abbastanza profana da non capire il non tecnico.<\/p>\n<p><strong>Inconvenienti<\/strong>: non succede spesso, tuttavia, a volte le informazioni non sono del tutto esatte. Ad esempio, potrebbe dire che il client non ha una Sitemap quando in realt\u00e0 lo fa. Questo non succede spesso ma succede.<\/p>\n<p>&nbsp;<\/p>\n<p>&nbsp;<\/p>\n","protected":false},"excerpt":{"rendered":"<p>WooRank \u00e8 una soluzione SEO digitale che fornisce recensioni automatiche di siti web e suggerimenti personalizzati per aumentare traffico, lead e vendite.\u00a0Comprende: rendering mobile, SEO, dati sui social media, backlink, classifica SERP, usabilit\u00e0 e ottimizzazione dei server. Strumento fondamentale per agenzie web, designer, webmaster, esperti SEO e esperti di marketing digitale, il programma offre servizi efficienti a oltre 40.000 aziende.<\/p>\n","protected":false},"author":19,"featured_media":19620,"parent":8849,"menu_order":0,"comment_status":"open","ping_status":"closed","template":"g1_template_page_review_new.php","meta":{"_acf_changed":false,"cwp_meta_box_check":"Yes","cwp_rev_product_name":"","cwp_rev_product_image":"","wppr_links":[],"cwp_rev_price":"","wppr_options":[],"wppr_pros":[],"wppr_cons":[],"_monsterinsights_skip_tracking":false,"_monsterinsights_sitenote_active":false,"_monsterinsights_sitenote_note":"","_monsterinsights_sitenote_category":0,"footnotes":""},"categories":[175],"tags":[1405,1401,1408,1420,1425,1426],"features":[],"class_list":{"0":"post-19619","1":"page","2":"type-page","3":"status-publish","4":"has-post-thumbnail","6":"category-strumenti-seo-categoria","7":"tag-analisi-rapporti","8":"tag-analisi-seo","9":"tag-rapporti-seo","10":"tag-software-seo","11":"tag-soluzione-seo-digitale","12":"tag-woorank"},"wppr_data":{"cwp_meta_box_check":"Yes","cwp_rev_product_name":"","cwp_rev_product_image":"","cwp_image_link":"image","cwp_rev_price":"","wppr_rating":"0.00"},"acf":[],"yoast_head":"<!-- This site is optimized with the Yoast SEO plugin v27.4 - https:\/\/yoast.com\/product\/yoast-seo-wordpress\/ -->\n<title>WooRank: recensione software SEO - Accurate Reviews<\/title>\n<meta name=\"description\" content=\"WooRank: recensione soluzione SEO digitale che fornisce recensioni automatiche di siti e suggerimenti personalizzati per aumentare traffico, lead e vendite.\" \/>\n<meta name=\"robots\" content=\"index, follow, max-snippet:-1, max-image-preview:large, max-video-preview:-1\" \/>\n<link rel=\"canonical\" href=\"https:\/\/www.accuratereviews.com\/it\/strumenti-seo-lista-software\/woorank-recensione\/\" \/>\n<meta property=\"og:locale\" content=\"it_IT\" \/>\n<meta property=\"og:type\" content=\"article\" \/>\n<meta property=\"og:title\" content=\"WooRank: recensione software SEO - Accurate Reviews\" \/>\n<meta property=\"og:description\" content=\"WooRank: recensione soluzione SEO digitale che fornisce recensioni automatiche di siti e suggerimenti personalizzati per aumentare traffico, lead e vendite.\" \/>\n<meta property=\"og:url\" content=\"https:\/\/www.accuratereviews.com\/it\/strumenti-seo-lista-software\/woorank-recensione\/\" \/>\n<meta property=\"og:site_name\" content=\"Accurate Reviews\" \/>\n<meta property=\"article:modified_time\" content=\"2021-11-10T17:17:34+00:00\" \/>\n<meta property=\"og:image\" content=\"https:\/\/www.accuratereviews.com\/wp-content\/uploads\/2019\/10\/woorank-.png\" \/>\n\t<meta property=\"og:image:width\" content=\"300\" \/>\n\t<meta property=\"og:image:height\" content=\"300\" \/>\n\t<meta property=\"og:image:type\" content=\"image\/png\" \/>\n<meta name=\"twitter:card\" content=\"summary_large_image\" \/>\n<meta name=\"twitter:label1\" content=\"Tempo di lettura stimato\" \/>\n\t<meta name=\"twitter:data1\" content=\"5 minuti\" \/>\n<script type=\"application\/ld+json\" class=\"yoast-schema-graph\">{\"@context\":\"https:\\\/\\\/schema.org\",\"@graph\":[{\"@type\":\"WebPage\",\"@id\":\"https:\\\/\\\/www.accuratereviews.com\\\/it\\\/strumenti-seo-lista-software\\\/woorank-recensione\\\/\",\"url\":\"https:\\\/\\\/www.accuratereviews.com\\\/it\\\/strumenti-seo-lista-software\\\/woorank-recensione\\\/\",\"name\":\"WooRank: recensione software SEO - Accurate Reviews\",\"isPartOf\":{\"@id\":\"https:\\\/\\\/www.accuratereviews.com\\\/it\\\/#website\"},\"primaryImageOfPage\":{\"@id\":\"https:\\\/\\\/www.accuratereviews.com\\\/it\\\/strumenti-seo-lista-software\\\/woorank-recensione\\\/#primaryimage\"},\"image\":{\"@id\":\"https:\\\/\\\/www.accuratereviews.com\\\/it\\\/strumenti-seo-lista-software\\\/woorank-recensione\\\/#primaryimage\"},\"thumbnailUrl\":\"https:\\\/\\\/www.accuratereviews.com\\\/wp-content\\\/uploads\\\/2019\\\/10\\\/woorank-.png\",\"datePublished\":\"2019-10-29T16:02:10+00:00\",\"dateModified\":\"2021-11-10T17:17:34+00:00\",\"description\":\"WooRank: recensione soluzione SEO digitale che fornisce recensioni automatiche di siti e suggerimenti personalizzati per aumentare traffico, lead e vendite.\",\"breadcrumb\":{\"@id\":\"https:\\\/\\\/www.accuratereviews.com\\\/it\\\/strumenti-seo-lista-software\\\/woorank-recensione\\\/#breadcrumb\"},\"inLanguage\":\"it-IT\",\"potentialAction\":[{\"@type\":\"ReadAction\",\"target\":[\"https:\\\/\\\/www.accuratereviews.com\\\/it\\\/strumenti-seo-lista-software\\\/woorank-recensione\\\/\"]}]},{\"@type\":\"ImageObject\",\"inLanguage\":\"it-IT\",\"@id\":\"https:\\\/\\\/www.accuratereviews.com\\\/it\\\/strumenti-seo-lista-software\\\/woorank-recensione\\\/#primaryimage\",\"url\":\"https:\\\/\\\/www.accuratereviews.com\\\/wp-content\\\/uploads\\\/2019\\\/10\\\/woorank-.png\",\"contentUrl\":\"https:\\\/\\\/www.accuratereviews.com\\\/wp-content\\\/uploads\\\/2019\\\/10\\\/woorank-.png\",\"width\":300,\"height\":300},{\"@type\":\"BreadcrumbList\",\"@id\":\"https:\\\/\\\/www.accuratereviews.com\\\/it\\\/strumenti-seo-lista-software\\\/woorank-recensione\\\/#breadcrumb\",\"itemListElement\":[{\"@type\":\"ListItem\",\"position\":1,\"name\":\"Home\",\"item\":\"https:\\\/\\\/www.accuratereviews.com\\\/it\\\/\"},{\"@type\":\"ListItem\",\"position\":2,\"name\":\"Strumenti SEO\",\"item\":\"https:\\\/\\\/www.accuratereviews.com\\\/it\\\/strumenti-seo-lista-software\\\/\"},{\"@type\":\"ListItem\",\"position\":3,\"name\":\"WooRank\"}]},{\"@type\":\"WebSite\",\"@id\":\"https:\\\/\\\/www.accuratereviews.com\\\/it\\\/#website\",\"url\":\"https:\\\/\\\/www.accuratereviews.com\\\/it\\\/\",\"name\":\"Accurate Reviews\",\"description\":\"\",\"potentialAction\":[{\"@type\":\"SearchAction\",\"target\":{\"@type\":\"EntryPoint\",\"urlTemplate\":\"https:\\\/\\\/www.accuratereviews.com\\\/it\\\/?s={search_term_string}\"},\"query-input\":{\"@type\":\"PropertyValueSpecification\",\"valueRequired\":true,\"valueName\":\"search_term_string\"}}],\"inLanguage\":\"it-IT\"}]}<\/script>\n<!-- \/ Yoast SEO plugin. -->","yoast_head_json":{"title":"WooRank: recensione software SEO - Accurate Reviews","description":"WooRank: recensione soluzione SEO digitale che fornisce recensioni automatiche di siti e suggerimenti personalizzati per aumentare traffico, lead e vendite.","robots":{"index":"index","follow":"follow","max-snippet":"max-snippet:-1","max-image-preview":"max-image-preview:large","max-video-preview":"max-video-preview:-1"},"canonical":"https:\/\/www.accuratereviews.com\/it\/strumenti-seo-lista-software\/woorank-recensione\/","og_locale":"it_IT","og_type":"article","og_title":"WooRank: recensione software SEO - Accurate Reviews","og_description":"WooRank: recensione soluzione SEO digitale che fornisce recensioni automatiche di siti e suggerimenti personalizzati per aumentare traffico, lead e vendite.","og_url":"https:\/\/www.accuratereviews.com\/it\/strumenti-seo-lista-software\/woorank-recensione\/","og_site_name":"Accurate Reviews","article_modified_time":"2021-11-10T17:17:34+00:00","og_image":[{"width":300,"height":300,"url":"https:\/\/www.accuratereviews.com\/wp-content\/uploads\/2019\/10\/woorank-.png","type":"image\/png"}],"twitter_card":"summary_large_image","twitter_misc":{"Tempo di lettura stimato":"5 minuti"},"schema":{"@context":"https:\/\/schema.org","@graph":[{"@type":"WebPage","@id":"https:\/\/www.accuratereviews.com\/it\/strumenti-seo-lista-software\/woorank-recensione\/","url":"https:\/\/www.accuratereviews.com\/it\/strumenti-seo-lista-software\/woorank-recensione\/","name":"WooRank: recensione software SEO - Accurate Reviews","isPartOf":{"@id":"https:\/\/www.accuratereviews.com\/it\/#website"},"primaryImageOfPage":{"@id":"https:\/\/www.accuratereviews.com\/it\/strumenti-seo-lista-software\/woorank-recensione\/#primaryimage"},"image":{"@id":"https:\/\/www.accuratereviews.com\/it\/strumenti-seo-lista-software\/woorank-recensione\/#primaryimage"},"thumbnailUrl":"https:\/\/www.accuratereviews.com\/wp-content\/uploads\/2019\/10\/woorank-.png","datePublished":"2019-10-29T16:02:10+00:00","dateModified":"2021-11-10T17:17:34+00:00","description":"WooRank: recensione soluzione SEO digitale che fornisce recensioni automatiche di siti e suggerimenti personalizzati per aumentare traffico, lead e vendite.","breadcrumb":{"@id":"https:\/\/www.accuratereviews.com\/it\/strumenti-seo-lista-software\/woorank-recensione\/#breadcrumb"},"inLanguage":"it-IT","potentialAction":[{"@type":"ReadAction","target":["https:\/\/www.accuratereviews.com\/it\/strumenti-seo-lista-software\/woorank-recensione\/"]}]},{"@type":"ImageObject","inLanguage":"it-IT","@id":"https:\/\/www.accuratereviews.com\/it\/strumenti-seo-lista-software\/woorank-recensione\/#primaryimage","url":"https:\/\/www.accuratereviews.com\/wp-content\/uploads\/2019\/10\/woorank-.png","contentUrl":"https:\/\/www.accuratereviews.com\/wp-content\/uploads\/2019\/10\/woorank-.png","width":300,"height":300},{"@type":"BreadcrumbList","@id":"https:\/\/www.accuratereviews.com\/it\/strumenti-seo-lista-software\/woorank-recensione\/#breadcrumb","itemListElement":[{"@type":"ListItem","position":1,"name":"Home","item":"https:\/\/www.accuratereviews.com\/it\/"},{"@type":"ListItem","position":2,"name":"Strumenti SEO","item":"https:\/\/www.accuratereviews.com\/it\/strumenti-seo-lista-software\/"},{"@type":"ListItem","position":3,"name":"WooRank"}]},{"@type":"WebSite","@id":"https:\/\/www.accuratereviews.com\/it\/#website","url":"https:\/\/www.accuratereviews.com\/it\/","name":"Accurate Reviews","description":"","potentialAction":[{"@type":"SearchAction","target":{"@type":"EntryPoint","urlTemplate":"https:\/\/www.accuratereviews.com\/it\/?s={search_term_string}"},"query-input":{"@type":"PropertyValueSpecification","valueRequired":true,"valueName":"search_term_string"}}],"inLanguage":"it-IT"}]}},"_links":{"self":[{"href":"https:\/\/www.accuratereviews.com\/it\/wp-json\/wp\/v2\/pages\/19619","targetHints":{"allow":["GET"]}}],"collection":[{"href":"https:\/\/www.accuratereviews.com\/it\/wp-json\/wp\/v2\/pages"}],"about":[{"href":"https:\/\/www.accuratereviews.com\/it\/wp-json\/wp\/v2\/types\/page"}],"author":[{"embeddable":true,"href":"https:\/\/www.accuratereviews.com\/it\/wp-json\/wp\/v2\/users\/19"}],"replies":[{"embeddable":true,"href":"https:\/\/www.accuratereviews.com\/it\/wp-json\/wp\/v2\/comments?post=19619"}],"version-history":[{"count":9,"href":"https:\/\/www.accuratereviews.com\/it\/wp-json\/wp\/v2\/pages\/19619\/revisions"}],"predecessor-version":[{"id":49814,"href":"https:\/\/www.accuratereviews.com\/it\/wp-json\/wp\/v2\/pages\/19619\/revisions\/49814"}],"up":[{"embeddable":true,"href":"https:\/\/www.accuratereviews.com\/it\/wp-json\/wp\/v2\/pages\/8849"}],"wp:featuredmedia":[{"embeddable":true,"href":"https:\/\/www.accuratereviews.com\/it\/wp-json\/wp\/v2\/media\/19620"}],"wp:attachment":[{"href":"https:\/\/www.accuratereviews.com\/it\/wp-json\/wp\/v2\/media?parent=19619"}],"wp:term":[{"taxonomy":"category","embeddable":true,"href":"https:\/\/www.accuratereviews.com\/it\/wp-json\/wp\/v2\/categories?post=19619"},{"taxonomy":"post_tag","embeddable":true,"href":"https:\/\/www.accuratereviews.com\/it\/wp-json\/wp\/v2\/tags?post=19619"},{"taxonomy":"features","embeddable":true,"href":"https:\/\/www.accuratereviews.com\/it\/wp-json\/wp\/v2\/features?post=19619"}],"curies":[{"name":"wp","href":"https:\/\/api.w.org\/{rel}","templated":true}]}}