{"id":19624,"date":"2019-10-29T16:00:19","date_gmt":"2019-10-29T16:00:19","guid":{"rendered":"https:\/\/www.accuratereviews.com\/?page_id=19624"},"modified":"2021-11-11T16:43:25","modified_gmt":"2021-11-11T16:43:25","slug":"netpeak-spider-recensione","status":"publish","type":"page","link":"https:\/\/www.accuratereviews.com\/it\/strumenti-seo-lista-software\/netpeak-spider-recensione\/","title":{"rendered":"Netpeak Spider"},"content":{"rendered":"<p class=\"h2 mb-0\"><strong>Netpeak Spider<\/strong> \u00e8 un programma progettato principalmente per blogger, <strong>specialisti SEO<\/strong> e PPC, team di marketing che hanno bisogno di raggiungere una certa popolarit\u00e0 anche sul web. Grazie agli strumenti offerti da questo software, \u00e8 infatti possibile <strong>ottimizzare il proprio sito web a livello SEO<\/strong>, rendendolo pi\u00f9 visibile nei motori di ricerca. Puoi analizzare i collegamenti in entrata e in uscita e utilizzare tutti i suggerimenti per l&#8217;indicizzazione come i titoli, le meta descrizione, le intestazioni H1 ecc.<br \/>\n<strong>Netpeak Spider<\/strong> \u00e8 davvero utile per controllare rapidamente l&#8217;intero sito web, riuscendo ad avere una panoramica completa di tutto quello che accade.<\/p>\n<h2>COME FUNZIONA NETPEAK SPIDER &#8211; TUTORIAL<\/h2>\n<p>Diamo un&#8217;occhiata a questo video per comprendere qualcosa di pi\u00f9 al riguardo:<\/p>\n<div id=\"fluid-wrapper-counter-1\" class=\"g1-fluid-wrapper \" style=\"width:686px;\">\n<div style=\"padding-bottom:56.268221574344%;\"><iframe loading=\"lazy\" title=\"Netpeak Spider 3.1: New Generation of SEO Reports\" width=\"686\" height=\"386\" src=\"https:\/\/www.youtube.com\/embed\/0yii-P5zQxo?feature=oembed&amp;wmode=transparent&amp;autohide=1&amp;autoplay=0&amp;disablekb=0&amp;fs=1&amp;loop=0&amp;enablejsapi=1&amp;rel=0&amp;controls=2&amp;showinfo=0&amp;wmode=transparent&amp;autohide=2&amp;autoplay=0&amp;disablekb=0&amp;fs=1&amp;loop=0&amp;enablejsapi=1&amp;rel=0&amp;controls=2&amp;showinfo=1\" frameborder=\"0\" allow=\"accelerometer; autoplay; clipboard-write; encrypted-media; gyroscope; picture-in-picture\" allowfullscreen><\/iframe><\/div>\n<\/div>\n<h3>NATPEAK SPIDER &#8211; CARATTERISTICHE<\/h3>\n<p>Ecco le sue principali caratteristiche:<\/p>\n<ul>\n<li>Controlla oltre 60 parametri SEO on-page chiave degli URL sottoposti a scansione<\/li>\n<li>Trova oltre 60 problemi di ottimizzazione del tuo sito web<\/li>\n<li>Analizza i collegamenti interni in entrata e in uscita<\/li>\n<li>Trova collegamenti interrotti e reindirizzamenti<\/li>\n<li>Evita contenuti duplicati: pagine, titoli, meta descrizioni, intestazioni H1, ecc.<\/li>\n<li>Considera le istruzioni di indicizzazione (robots.txt, Meta Robots, X-Robots-Tag, canonical)<\/li>\n<li>Calcola il PageRank interno per migliorare la struttura di collegamento dei siti Web<\/li>\n<li>Imposta regole personalizzate per eseguire la scansione dell&#8217;intero sito Web o della sua parte specifica<\/li>\n<li>Salva o esporta i dati per utilizzarli quando vuoi.<\/li>\n<\/ul>\n<h3>LE RECENSIONI DEGLI UTENTI<\/h3>\n<ul>\n<li><strong>&#8220;Esperto revisore SEO&#8221;<\/strong><br \/>\nIN GENERALE: Netpeak Spider \u00e8 lo strumento che uso quotidianamente per analizzare i siti Web per i principali problemi SEO, trovare vittorie rapide e pianificare ulteriori strategie SEO.<br \/>\nPRO: Cosa posso fare con questo strumento: recuperare tutte le pagine di qualsiasi sito Web, controllare pi\u00f9 di 50 problemi SEO su ogni pagina, ottenere la struttura del sito, lavorare con la distribuzione interna del peso del collegamento, utilizzare lo scraping web personalizzato, controllare i codici di stato e le intestazioni di risposta del server eccetera.<br \/>\nCONTRO: Non c&#8217;\u00e8 molto che non mi piaccia in questo strumento, ma vorrei che avesse rapporti pi\u00f9 a misura di cliente con alcune infografiche<\/li>\n<li><strong>&#8220;\u00c8 un must per il tuo toolbox SEO&#8221;<\/strong><br \/>\nIN GENERALE: \u00e8 la soluzione con il miglior rapporto qualit\u00e0-prezzo finora.<br \/>\nPRO: Controlla tutto, dai metatag alla distribuzione del peso dei collegamenti interni. Ha un&#8217;interfaccia intuitiva e molte piccole funzionalit\u00e0 che migliorano l&#8217;esperienza dell&#8217;utente. Puoi interagire con ogni singolo URL nella tabella principale se vuoi ridisegnarlo, vedere tutti i collegamenti in entrata che ha, aprirlo in servizi esterni come test ottimizzati per dispositivi mobili ecc.<br \/>\nCONTRO: Per ora, non esegue la scansione di JavaScript, ma come mi ha detto il supporto ci stanno lavorando. Non ho notato altri svantaggi.<\/li>\n<li><strong>&#8220;Strumento SEO&#8221;<\/strong><br \/>\nIN GENERALE: \u00e8 un crawler di alto livello che mi fornisce approfondimenti sul SEO in loco e raccoglie molti dati.<br \/>\nPRO:<br \/>\n-Veloce e utile servizio clienti<br \/>\n-Uno del miglior numero di pagine scansionate\/rapporto consumo RAM<br \/>\n&#8211; Grande interfaccia utente<br \/>\n&#8211; Prova gratuita illimitata per 14 giorni<br \/>\nCONTRO:<br \/>\n-non estrae dati da servizi esterni<br \/>\n-non controlla la correttezza dei tag opengraph e hreflang<\/li>\n<\/ul>\n","protected":false},"excerpt":{"rendered":"<p>Netpeak Spider \u00e8 un programma progettato principalmente per blogger, specialisti SEO e PPC, team di marketing che hanno bisogno di raggiungere una certa popolarit\u00e0 anche sul web. Grazie agli strumenti offerti da questo software, \u00e8 infatti possibile ottimizzare il proprio sito web a livello SEO, renendolo pi\u00f9 visibile nei motori di ricerca.\u00a0<\/p>\n","protected":false},"author":17,"featured_media":19627,"parent":8849,"menu_order":0,"comment_status":"open","ping_status":"closed","template":"g1_template_page_review_new.php","meta":{"_acf_changed":false,"cwp_meta_box_check":"Yes","cwp_rev_product_name":"","cwp_rev_product_image":"","wppr_links":[],"cwp_rev_price":"","wppr_options":[],"wppr_pros":[],"wppr_cons":[],"_monsterinsights_skip_tracking":false,"_monsterinsights_sitenote_active":false,"_monsterinsights_sitenote_note":"","_monsterinsights_sitenote_category":0,"footnotes":""},"categories":[175],"tags":[1401,1397,1408,901,885],"features":[],"class_list":{"0":"post-19624","1":"page","2":"type-page","3":"status-publish","4":"has-post-thumbnail","6":"category-strumenti-seo-categoria","7":"tag-analisi-seo","8":"tag-programma-controllo-seo","9":"tag-rapporti-seo","10":"tag-seo","11":"tag-strumenti-seo"},"wppr_data":{"cwp_meta_box_check":"Yes","cwp_rev_product_name":"","cwp_rev_product_image":"","cwp_image_link":"image","cwp_rev_price":"","wppr_rating":"0.00"},"acf":[],"yoast_head":"<!-- This site is optimized with the Yoast SEO plugin v27.4 - https:\/\/yoast.com\/product\/yoast-seo-wordpress\/ -->\n<title>Netpeak Spider: recensione software SEO - Accurate Reviews<\/title>\n<meta name=\"description\" content=\"Netpeak Spider \u00e8 un programma progettato principalmente per blogger, specialisti SEO e PPC, team di marketing che devono ottimizzare il proprio sito web.\" \/>\n<meta name=\"robots\" content=\"index, follow, max-snippet:-1, max-image-preview:large, max-video-preview:-1\" \/>\n<link rel=\"canonical\" href=\"https:\/\/www.accuratereviews.com\/it\/strumenti-seo-lista-software\/netpeak-spider-recensione\/\" \/>\n<meta property=\"og:locale\" content=\"it_IT\" \/>\n<meta property=\"og:type\" content=\"article\" \/>\n<meta property=\"og:title\" content=\"Netpeak Spider: recensione software SEO - Accurate Reviews\" \/>\n<meta property=\"og:description\" content=\"Netpeak Spider \u00e8 un programma progettato principalmente per blogger, specialisti SEO e PPC, team di marketing che devono ottimizzare il proprio sito web.\" \/>\n<meta property=\"og:url\" content=\"https:\/\/www.accuratereviews.com\/it\/strumenti-seo-lista-software\/netpeak-spider-recensione\/\" \/>\n<meta property=\"og:site_name\" content=\"Accurate Reviews\" \/>\n<meta property=\"article:modified_time\" content=\"2021-11-11T16:43:25+00:00\" \/>\n<meta property=\"og:image\" content=\"https:\/\/www.accuratereviews.com\/wp-content\/uploads\/2019\/10\/netpeak_software_spider_logo_200x200.png\" \/>\n\t<meta property=\"og:image:width\" content=\"200\" \/>\n\t<meta property=\"og:image:height\" content=\"200\" \/>\n\t<meta property=\"og:image:type\" content=\"image\/png\" \/>\n<meta name=\"twitter:card\" content=\"summary_large_image\" \/>\n<meta name=\"twitter:label1\" content=\"Tempo di lettura stimato\" \/>\n\t<meta name=\"twitter:data1\" content=\"2 minuti\" \/>\n<script type=\"application\/ld+json\" class=\"yoast-schema-graph\">{\"@context\":\"https:\\\/\\\/schema.org\",\"@graph\":[{\"@type\":\"WebPage\",\"@id\":\"https:\\\/\\\/www.accuratereviews.com\\\/it\\\/strumenti-seo-lista-software\\\/netpeak-spider-recensione\\\/\",\"url\":\"https:\\\/\\\/www.accuratereviews.com\\\/it\\\/strumenti-seo-lista-software\\\/netpeak-spider-recensione\\\/\",\"name\":\"Netpeak Spider: recensione software SEO - Accurate Reviews\",\"isPartOf\":{\"@id\":\"https:\\\/\\\/www.accuratereviews.com\\\/it\\\/#website\"},\"primaryImageOfPage\":{\"@id\":\"https:\\\/\\\/www.accuratereviews.com\\\/it\\\/strumenti-seo-lista-software\\\/netpeak-spider-recensione\\\/#primaryimage\"},\"image\":{\"@id\":\"https:\\\/\\\/www.accuratereviews.com\\\/it\\\/strumenti-seo-lista-software\\\/netpeak-spider-recensione\\\/#primaryimage\"},\"thumbnailUrl\":\"https:\\\/\\\/www.accuratereviews.com\\\/wp-content\\\/uploads\\\/2019\\\/10\\\/netpeak_software_spider_logo_200x200.png\",\"datePublished\":\"2019-10-29T16:00:19+00:00\",\"dateModified\":\"2021-11-11T16:43:25+00:00\",\"description\":\"Netpeak Spider \u00e8 un programma progettato principalmente per blogger, specialisti SEO e PPC, team di marketing che devono ottimizzare il proprio sito web.\",\"breadcrumb\":{\"@id\":\"https:\\\/\\\/www.accuratereviews.com\\\/it\\\/strumenti-seo-lista-software\\\/netpeak-spider-recensione\\\/#breadcrumb\"},\"inLanguage\":\"it-IT\",\"potentialAction\":[{\"@type\":\"ReadAction\",\"target\":[\"https:\\\/\\\/www.accuratereviews.com\\\/it\\\/strumenti-seo-lista-software\\\/netpeak-spider-recensione\\\/\"]}]},{\"@type\":\"ImageObject\",\"inLanguage\":\"it-IT\",\"@id\":\"https:\\\/\\\/www.accuratereviews.com\\\/it\\\/strumenti-seo-lista-software\\\/netpeak-spider-recensione\\\/#primaryimage\",\"url\":\"https:\\\/\\\/www.accuratereviews.com\\\/wp-content\\\/uploads\\\/2019\\\/10\\\/netpeak_software_spider_logo_200x200.png\",\"contentUrl\":\"https:\\\/\\\/www.accuratereviews.com\\\/wp-content\\\/uploads\\\/2019\\\/10\\\/netpeak_software_spider_logo_200x200.png\",\"width\":200,\"height\":200},{\"@type\":\"BreadcrumbList\",\"@id\":\"https:\\\/\\\/www.accuratereviews.com\\\/it\\\/strumenti-seo-lista-software\\\/netpeak-spider-recensione\\\/#breadcrumb\",\"itemListElement\":[{\"@type\":\"ListItem\",\"position\":1,\"name\":\"Home\",\"item\":\"https:\\\/\\\/www.accuratereviews.com\\\/it\\\/\"},{\"@type\":\"ListItem\",\"position\":2,\"name\":\"Strumenti SEO\",\"item\":\"https:\\\/\\\/www.accuratereviews.com\\\/it\\\/strumenti-seo-lista-software\\\/\"},{\"@type\":\"ListItem\",\"position\":3,\"name\":\"Netpeak Spider\"}]},{\"@type\":\"WebSite\",\"@id\":\"https:\\\/\\\/www.accuratereviews.com\\\/it\\\/#website\",\"url\":\"https:\\\/\\\/www.accuratereviews.com\\\/it\\\/\",\"name\":\"Accurate Reviews\",\"description\":\"\",\"potentialAction\":[{\"@type\":\"SearchAction\",\"target\":{\"@type\":\"EntryPoint\",\"urlTemplate\":\"https:\\\/\\\/www.accuratereviews.com\\\/it\\\/?s={search_term_string}\"},\"query-input\":{\"@type\":\"PropertyValueSpecification\",\"valueRequired\":true,\"valueName\":\"search_term_string\"}}],\"inLanguage\":\"it-IT\"}]}<\/script>\n<!-- \/ Yoast SEO plugin. -->","yoast_head_json":{"title":"Netpeak Spider: recensione software SEO - Accurate Reviews","description":"Netpeak Spider \u00e8 un programma progettato principalmente per blogger, specialisti SEO e PPC, team di marketing che devono ottimizzare il proprio sito web.","robots":{"index":"index","follow":"follow","max-snippet":"max-snippet:-1","max-image-preview":"max-image-preview:large","max-video-preview":"max-video-preview:-1"},"canonical":"https:\/\/www.accuratereviews.com\/it\/strumenti-seo-lista-software\/netpeak-spider-recensione\/","og_locale":"it_IT","og_type":"article","og_title":"Netpeak Spider: recensione software SEO - Accurate Reviews","og_description":"Netpeak Spider \u00e8 un programma progettato principalmente per blogger, specialisti SEO e PPC, team di marketing che devono ottimizzare il proprio sito web.","og_url":"https:\/\/www.accuratereviews.com\/it\/strumenti-seo-lista-software\/netpeak-spider-recensione\/","og_site_name":"Accurate Reviews","article_modified_time":"2021-11-11T16:43:25+00:00","og_image":[{"width":200,"height":200,"url":"https:\/\/www.accuratereviews.com\/wp-content\/uploads\/2019\/10\/netpeak_software_spider_logo_200x200.png","type":"image\/png"}],"twitter_card":"summary_large_image","twitter_misc":{"Tempo di lettura stimato":"2 minuti"},"schema":{"@context":"https:\/\/schema.org","@graph":[{"@type":"WebPage","@id":"https:\/\/www.accuratereviews.com\/it\/strumenti-seo-lista-software\/netpeak-spider-recensione\/","url":"https:\/\/www.accuratereviews.com\/it\/strumenti-seo-lista-software\/netpeak-spider-recensione\/","name":"Netpeak Spider: recensione software SEO - Accurate Reviews","isPartOf":{"@id":"https:\/\/www.accuratereviews.com\/it\/#website"},"primaryImageOfPage":{"@id":"https:\/\/www.accuratereviews.com\/it\/strumenti-seo-lista-software\/netpeak-spider-recensione\/#primaryimage"},"image":{"@id":"https:\/\/www.accuratereviews.com\/it\/strumenti-seo-lista-software\/netpeak-spider-recensione\/#primaryimage"},"thumbnailUrl":"https:\/\/www.accuratereviews.com\/wp-content\/uploads\/2019\/10\/netpeak_software_spider_logo_200x200.png","datePublished":"2019-10-29T16:00:19+00:00","dateModified":"2021-11-11T16:43:25+00:00","description":"Netpeak Spider \u00e8 un programma progettato principalmente per blogger, specialisti SEO e PPC, team di marketing che devono ottimizzare il proprio sito web.","breadcrumb":{"@id":"https:\/\/www.accuratereviews.com\/it\/strumenti-seo-lista-software\/netpeak-spider-recensione\/#breadcrumb"},"inLanguage":"it-IT","potentialAction":[{"@type":"ReadAction","target":["https:\/\/www.accuratereviews.com\/it\/strumenti-seo-lista-software\/netpeak-spider-recensione\/"]}]},{"@type":"ImageObject","inLanguage":"it-IT","@id":"https:\/\/www.accuratereviews.com\/it\/strumenti-seo-lista-software\/netpeak-spider-recensione\/#primaryimage","url":"https:\/\/www.accuratereviews.com\/wp-content\/uploads\/2019\/10\/netpeak_software_spider_logo_200x200.png","contentUrl":"https:\/\/www.accuratereviews.com\/wp-content\/uploads\/2019\/10\/netpeak_software_spider_logo_200x200.png","width":200,"height":200},{"@type":"BreadcrumbList","@id":"https:\/\/www.accuratereviews.com\/it\/strumenti-seo-lista-software\/netpeak-spider-recensione\/#breadcrumb","itemListElement":[{"@type":"ListItem","position":1,"name":"Home","item":"https:\/\/www.accuratereviews.com\/it\/"},{"@type":"ListItem","position":2,"name":"Strumenti SEO","item":"https:\/\/www.accuratereviews.com\/it\/strumenti-seo-lista-software\/"},{"@type":"ListItem","position":3,"name":"Netpeak Spider"}]},{"@type":"WebSite","@id":"https:\/\/www.accuratereviews.com\/it\/#website","url":"https:\/\/www.accuratereviews.com\/it\/","name":"Accurate Reviews","description":"","potentialAction":[{"@type":"SearchAction","target":{"@type":"EntryPoint","urlTemplate":"https:\/\/www.accuratereviews.com\/it\/?s={search_term_string}"},"query-input":{"@type":"PropertyValueSpecification","valueRequired":true,"valueName":"search_term_string"}}],"inLanguage":"it-IT"}]}},"_links":{"self":[{"href":"https:\/\/www.accuratereviews.com\/it\/wp-json\/wp\/v2\/pages\/19624","targetHints":{"allow":["GET"]}}],"collection":[{"href":"https:\/\/www.accuratereviews.com\/it\/wp-json\/wp\/v2\/pages"}],"about":[{"href":"https:\/\/www.accuratereviews.com\/it\/wp-json\/wp\/v2\/types\/page"}],"author":[{"embeddable":true,"href":"https:\/\/www.accuratereviews.com\/it\/wp-json\/wp\/v2\/users\/17"}],"replies":[{"embeddable":true,"href":"https:\/\/www.accuratereviews.com\/it\/wp-json\/wp\/v2\/comments?post=19624"}],"version-history":[{"count":5,"href":"https:\/\/www.accuratereviews.com\/it\/wp-json\/wp\/v2\/pages\/19624\/revisions"}],"predecessor-version":[{"id":49869,"href":"https:\/\/www.accuratereviews.com\/it\/wp-json\/wp\/v2\/pages\/19624\/revisions\/49869"}],"up":[{"embeddable":true,"href":"https:\/\/www.accuratereviews.com\/it\/wp-json\/wp\/v2\/pages\/8849"}],"wp:featuredmedia":[{"embeddable":true,"href":"https:\/\/www.accuratereviews.com\/it\/wp-json\/wp\/v2\/media\/19627"}],"wp:attachment":[{"href":"https:\/\/www.accuratereviews.com\/it\/wp-json\/wp\/v2\/media?parent=19624"}],"wp:term":[{"taxonomy":"category","embeddable":true,"href":"https:\/\/www.accuratereviews.com\/it\/wp-json\/wp\/v2\/categories?post=19624"},{"taxonomy":"post_tag","embeddable":true,"href":"https:\/\/www.accuratereviews.com\/it\/wp-json\/wp\/v2\/tags?post=19624"},{"taxonomy":"features","embeddable":true,"href":"https:\/\/www.accuratereviews.com\/it\/wp-json\/wp\/v2\/features?post=19624"}],"curies":[{"name":"wp","href":"https:\/\/api.w.org\/{rel}","templated":true}]}}