{"id":19633,"date":"2019-10-29T16:02:42","date_gmt":"2019-10-29T16:02:42","guid":{"rendered":"https:\/\/www.accuratereviews.com\/?page_id=19633"},"modified":"2021-11-12T15:52:31","modified_gmt":"2021-11-12T15:52:31","slug":"morningscore-recensione","status":"publish","type":"page","link":"https:\/\/www.accuratereviews.com\/it\/strumenti-seo-lista-software\/morningscore-recensione\/","title":{"rendered":"Morningscore"},"content":{"rendered":"<p><strong>Morningscore<\/strong> \u00e8 una piattaforma che permette a imprese, agenzie digitali, esperti SEO, responsabili marketing di ottimizzare <strong>campagne SEO<\/strong> per la propria attivit\u00e0. Si tratta infatti di un programma che dispone di molti strumenti che permettono di monitorare la classificazione delle parole chiave, di misurare la concorrenza,\u00a0 di analizzare i backlink al fine di creare una vera e propria <strong>strategia SEO<\/strong>. Risulta essere funzionale anche per la<strong> gestione dei progetti SEO<\/strong> nel senso che ti consente di controllare quotidianamente gli obiettivi, le attivit\u00e0 che vengono svolte e il tempo che ci si impiega a svolgere e a raggiungere gli obiettivi che ci siamo prefissati.<\/p>\n<h2>COME UTILIZZARE MORNINGSCORE &#8211; TUTORIAL<\/h2>\n<p>Ecco un video che ci mostrer\u00e0 le principali funzionalit\u00e0 di questo strumento:<\/p>\n<div id=\"fluid-wrapper-counter-1\" class=\"g1-fluid-wrapper \" style=\"width:686px;\">\n<div style=\"padding-bottom:56.268221574344%;\"><iframe loading=\"lazy\" title=\"Morningscore - Video Walkthrough\" width=\"686\" height=\"386\" src=\"https:\/\/www.youtube.com\/embed\/ypJUPQYlyO0?feature=oembed&amp;wmode=transparent&amp;autohide=1&amp;autoplay=0&amp;disablekb=0&amp;fs=1&amp;loop=0&amp;enablejsapi=1&amp;rel=0&amp;controls=2&amp;showinfo=0&amp;wmode=transparent&amp;autohide=2&amp;autoplay=0&amp;disablekb=0&amp;fs=1&amp;loop=0&amp;enablejsapi=1&amp;rel=0&amp;controls=2&amp;showinfo=1\" frameborder=\"0\" allow=\"accelerometer; autoplay; clipboard-write; encrypted-media; gyroscope; picture-in-picture\" allowfullscreen><\/iframe><\/div>\n<\/div>\n<h3>MORNINGSCORE &#8211; CARATTERISTICHE<\/h3>\n<p>Ora elenchiamo le sue caratteristiche:<\/p>\n<ul>\n<li><strong>Monitoraggio della posizione della parola chiave<\/strong>: aggiungi le parole chiave che desideri monitorare e ottieni dati pertinenti come ricerche al mese, ranking su Google, quantit\u00e0 di traffico, CPC (costo per clic) e Morningscore. Scopri per quali parole chiave classifichi e come si confrontano con i tuoi concorrenti in base a quella specifica parola chiave<\/li>\n<li><strong>Gestione della dashboard<\/strong>: ottieni una panoramica delle tue prestazioni on-page. I problemi sono suddivisi in 3 categorie precise: fattori di classificazione di base, fattori tecnici e idee per l&#8217;ottimizzazione<\/li>\n<li><strong>Panoramica di tutti i tuoi backlink<\/strong>: al tuo sito Web viene anche assegnato un ranking dei collegamenti che indica il modo in cui ti confronti con tutti gli altri siti Web nel mondo in base a quanti collegamenti forti puntano al tuo sito<\/li>\n<li><strong>Monitoraggio del traffico<\/strong>: acopri la quantit\u00e0 di traffico organico che tu e i tuoi concorrenti ottenete da Google ogni mese e quanto traffico hanno i vostri concorrenti sulle vostre parole chiave<\/li>\n<\/ul>\n<h3>LE RECENSIONI DEGLI UTENTI<\/h3>\n<ul>\n<li><strong>&#8220;Strumento straordinario, servizio clienti incredibile&#8221;<\/strong><br \/>\nIN GENERALE: ho avuto pochi problemi all&#8217;avvio dell&#8217;app e il servizio clienti li ha risolti in pochi secondi. Squadra molto amichevole.<br \/>\nPRO: Facile da usare, buoni consigli per migliorare il ranking, molti strumenti ora e molto altro ancora. Un&#8217;alternativa a SEMRush solo per concentrarsi su ci\u00f2 di cui hai bisogno, un&#8217;interfaccia utente molto bella<br \/>\nCONTRO: Quando il modulo Health segnala alcuni errori e alcuni di essi sono causati dallo stesso problema, non \u00e8 possibile selezionarli tutti per ricontrollare se gli errori sono stati corretti, \u00e8 necessario selezionarli manualmente uno per uno e ricontrollare facendo clic su &#8220;aggiorna dati&#8221;. Ma verr\u00e0 sicuramente risolto nei nuovi aggiornamenti.<\/li>\n<li><strong>&#8220;Morningscore: il miglior nuovo strumento SEO.&#8221;<\/strong><br \/>\nIN GENERALE: incredibile. Lo sto usando da un po&#8217; e senza rimpianti. Incredibili nuove funzionalit\u00e0 richieste aggiunte ogni falena come Keyword Research!<br \/>\nPRO: Epiche nuove funzionalit\u00e0 aggiunte continuamente. I dati SEO sono solidi e affidabili a un prezzo ineguagliato da nessun altro. Supportato da un team che ascolta e aggiunge funzionalit\u00e0 che altri strumenti evitano.<br \/>\nCONTRO: Alcune nuove fantastiche funzionalit\u00e0 sono ancora in costruzione. Ma questa non \u00e8 una brutta cosa. Significa solo che sta facendo progressi costanti!<\/li>\n<li><strong>&#8220;Rende SEO divertente per i professionisti non tecnici&#8221;<\/strong><br \/>\nPRO: SEO \u00e8 un gioco piuttosto in continua evoluzione per la maggior parte di noi che non siamo professionisti del marketing tecnico di professione. Morningscore rende la SEO divertente, pi\u00f9 specificamente ci d\u00e0 consigli su cosa fare. Adoro anche il tracciamento delle parole chiave e l&#8217;analisi del backlink. Ho sentito che hanno la loro fonte da Ahref, che \u00e8 un&#8217;autorit\u00e0 abbastanza affidabile.<br \/>\nCONTRO: Attualmente il backlink mostra solo il ranking del dominio, si spera che sull&#8217;URL specifico possano essere presenti pi\u00f9 dati anzich\u00e9 generalizzati.<\/li>\n<\/ul>\n","protected":false},"excerpt":{"rendered":"<p>Morningscore \u00e8 una piattaforma che permette a imprese, agenzie digitali, esperti SEO, responsabili marketing di ottimizzare campagne SEO per la propria attivit\u00e0. Si tratta infatti di un programma che dispone di molti strumenti che permettono di monitorare la classificazione delle parole chiave, di misurare la concorrenza,\u00a0 di analizzare i backlink al fine di creare una vera e propria strategia SEO.<\/p>\n","protected":false},"author":17,"featured_media":19634,"parent":8849,"menu_order":0,"comment_status":"open","ping_status":"closed","template":"g1_template_page_review_new.php","meta":{"_acf_changed":false,"cwp_meta_box_check":"Yes","cwp_rev_product_name":"","cwp_rev_product_image":"","wppr_links":[],"cwp_rev_price":"","wppr_options":[],"wppr_pros":[],"wppr_cons":[],"_monsterinsights_skip_tracking":false,"_monsterinsights_sitenote_active":false,"_monsterinsights_sitenote_note":"","_monsterinsights_sitenote_category":0,"footnotes":""},"categories":[175],"tags":[1401,1408,901,1427,1419],"features":[],"class_list":{"0":"post-19633","1":"page","2":"type-page","3":"status-publish","4":"has-post-thumbnail","6":"category-strumenti-seo-categoria","7":"tag-analisi-seo","8":"tag-rapporti-seo","9":"tag-seo","10":"tag-seo-programma","11":"tag-strumento-seo"},"wppr_data":{"cwp_meta_box_check":"Yes","cwp_rev_product_name":"","cwp_rev_product_image":"","cwp_image_link":"image","cwp_rev_price":"","wppr_rating":"0.00"},"acf":[],"yoast_head":"<!-- This site is optimized with the Yoast SEO plugin v27.4 - https:\/\/yoast.com\/product\/yoast-seo-wordpress\/ -->\n<title>Morningscore: recensione software SEO - Accurate Reviews<\/title>\n<meta name=\"description\" content=\"Morningscore: recensione della piattaforma che permette a imprese, agenzie digitali, esperti SEO, responsabili marketing di ottimizzare il proprio sito web.\" \/>\n<meta name=\"robots\" content=\"index, follow, max-snippet:-1, max-image-preview:large, max-video-preview:-1\" \/>\n<link rel=\"canonical\" href=\"https:\/\/www.accuratereviews.com\/it\/strumenti-seo-lista-software\/morningscore-recensione\/\" \/>\n<meta property=\"og:locale\" content=\"it_IT\" \/>\n<meta property=\"og:type\" content=\"article\" \/>\n<meta property=\"og:title\" content=\"Morningscore: recensione software SEO - Accurate Reviews\" \/>\n<meta property=\"og:description\" content=\"Morningscore: recensione della piattaforma che permette a imprese, agenzie digitali, esperti SEO, responsabili marketing di ottimizzare il proprio sito web.\" \/>\n<meta property=\"og:url\" content=\"https:\/\/www.accuratereviews.com\/it\/strumenti-seo-lista-software\/morningscore-recensione\/\" \/>\n<meta property=\"og:site_name\" content=\"Accurate Reviews\" \/>\n<meta property=\"article:modified_time\" content=\"2021-11-12T15:52:31+00:00\" \/>\n<meta property=\"og:image\" content=\"https:\/\/www.accuratereviews.com\/wp-content\/uploads\/2019\/10\/logo_upload-790ee2e34cb99a3de743feb22a937345.png\" \/>\n\t<meta property=\"og:image:width\" content=\"300\" \/>\n\t<meta property=\"og:image:height\" content=\"300\" \/>\n\t<meta property=\"og:image:type\" content=\"image\/png\" \/>\n<meta name=\"twitter:card\" content=\"summary_large_image\" \/>\n<meta name=\"twitter:label1\" content=\"Tempo di lettura stimato\" \/>\n\t<meta name=\"twitter:data1\" content=\"3 minuti\" \/>\n<script type=\"application\/ld+json\" class=\"yoast-schema-graph\">{\"@context\":\"https:\\\/\\\/schema.org\",\"@graph\":[{\"@type\":\"WebPage\",\"@id\":\"https:\\\/\\\/www.accuratereviews.com\\\/it\\\/strumenti-seo-lista-software\\\/morningscore-recensione\\\/\",\"url\":\"https:\\\/\\\/www.accuratereviews.com\\\/it\\\/strumenti-seo-lista-software\\\/morningscore-recensione\\\/\",\"name\":\"Morningscore: recensione software SEO - Accurate Reviews\",\"isPartOf\":{\"@id\":\"https:\\\/\\\/www.accuratereviews.com\\\/it\\\/#website\"},\"primaryImageOfPage\":{\"@id\":\"https:\\\/\\\/www.accuratereviews.com\\\/it\\\/strumenti-seo-lista-software\\\/morningscore-recensione\\\/#primaryimage\"},\"image\":{\"@id\":\"https:\\\/\\\/www.accuratereviews.com\\\/it\\\/strumenti-seo-lista-software\\\/morningscore-recensione\\\/#primaryimage\"},\"thumbnailUrl\":\"https:\\\/\\\/www.accuratereviews.com\\\/wp-content\\\/uploads\\\/2019\\\/10\\\/logo_upload-790ee2e34cb99a3de743feb22a937345.png\",\"datePublished\":\"2019-10-29T16:02:42+00:00\",\"dateModified\":\"2021-11-12T15:52:31+00:00\",\"description\":\"Morningscore: recensione della piattaforma che permette a imprese, agenzie digitali, esperti SEO, responsabili marketing di ottimizzare il proprio sito web.\",\"breadcrumb\":{\"@id\":\"https:\\\/\\\/www.accuratereviews.com\\\/it\\\/strumenti-seo-lista-software\\\/morningscore-recensione\\\/#breadcrumb\"},\"inLanguage\":\"it-IT\",\"potentialAction\":[{\"@type\":\"ReadAction\",\"target\":[\"https:\\\/\\\/www.accuratereviews.com\\\/it\\\/strumenti-seo-lista-software\\\/morningscore-recensione\\\/\"]}]},{\"@type\":\"ImageObject\",\"inLanguage\":\"it-IT\",\"@id\":\"https:\\\/\\\/www.accuratereviews.com\\\/it\\\/strumenti-seo-lista-software\\\/morningscore-recensione\\\/#primaryimage\",\"url\":\"https:\\\/\\\/www.accuratereviews.com\\\/wp-content\\\/uploads\\\/2019\\\/10\\\/logo_upload-790ee2e34cb99a3de743feb22a937345.png\",\"contentUrl\":\"https:\\\/\\\/www.accuratereviews.com\\\/wp-content\\\/uploads\\\/2019\\\/10\\\/logo_upload-790ee2e34cb99a3de743feb22a937345.png\",\"width\":300,\"height\":300},{\"@type\":\"BreadcrumbList\",\"@id\":\"https:\\\/\\\/www.accuratereviews.com\\\/it\\\/strumenti-seo-lista-software\\\/morningscore-recensione\\\/#breadcrumb\",\"itemListElement\":[{\"@type\":\"ListItem\",\"position\":1,\"name\":\"Home\",\"item\":\"https:\\\/\\\/www.accuratereviews.com\\\/it\\\/\"},{\"@type\":\"ListItem\",\"position\":2,\"name\":\"Strumenti SEO\",\"item\":\"https:\\\/\\\/www.accuratereviews.com\\\/it\\\/strumenti-seo-lista-software\\\/\"},{\"@type\":\"ListItem\",\"position\":3,\"name\":\"Morningscore\"}]},{\"@type\":\"WebSite\",\"@id\":\"https:\\\/\\\/www.accuratereviews.com\\\/it\\\/#website\",\"url\":\"https:\\\/\\\/www.accuratereviews.com\\\/it\\\/\",\"name\":\"Accurate Reviews\",\"description\":\"\",\"potentialAction\":[{\"@type\":\"SearchAction\",\"target\":{\"@type\":\"EntryPoint\",\"urlTemplate\":\"https:\\\/\\\/www.accuratereviews.com\\\/it\\\/?s={search_term_string}\"},\"query-input\":{\"@type\":\"PropertyValueSpecification\",\"valueRequired\":true,\"valueName\":\"search_term_string\"}}],\"inLanguage\":\"it-IT\"}]}<\/script>\n<!-- \/ Yoast SEO plugin. -->","yoast_head_json":{"title":"Morningscore: recensione software SEO - Accurate Reviews","description":"Morningscore: recensione della piattaforma che permette a imprese, agenzie digitali, esperti SEO, responsabili marketing di ottimizzare il proprio sito web.","robots":{"index":"index","follow":"follow","max-snippet":"max-snippet:-1","max-image-preview":"max-image-preview:large","max-video-preview":"max-video-preview:-1"},"canonical":"https:\/\/www.accuratereviews.com\/it\/strumenti-seo-lista-software\/morningscore-recensione\/","og_locale":"it_IT","og_type":"article","og_title":"Morningscore: recensione software SEO - Accurate Reviews","og_description":"Morningscore: recensione della piattaforma che permette a imprese, agenzie digitali, esperti SEO, responsabili marketing di ottimizzare il proprio sito web.","og_url":"https:\/\/www.accuratereviews.com\/it\/strumenti-seo-lista-software\/morningscore-recensione\/","og_site_name":"Accurate Reviews","article_modified_time":"2021-11-12T15:52:31+00:00","og_image":[{"width":300,"height":300,"url":"https:\/\/www.accuratereviews.com\/wp-content\/uploads\/2019\/10\/logo_upload-790ee2e34cb99a3de743feb22a937345.png","type":"image\/png"}],"twitter_card":"summary_large_image","twitter_misc":{"Tempo di lettura stimato":"3 minuti"},"schema":{"@context":"https:\/\/schema.org","@graph":[{"@type":"WebPage","@id":"https:\/\/www.accuratereviews.com\/it\/strumenti-seo-lista-software\/morningscore-recensione\/","url":"https:\/\/www.accuratereviews.com\/it\/strumenti-seo-lista-software\/morningscore-recensione\/","name":"Morningscore: recensione software SEO - Accurate Reviews","isPartOf":{"@id":"https:\/\/www.accuratereviews.com\/it\/#website"},"primaryImageOfPage":{"@id":"https:\/\/www.accuratereviews.com\/it\/strumenti-seo-lista-software\/morningscore-recensione\/#primaryimage"},"image":{"@id":"https:\/\/www.accuratereviews.com\/it\/strumenti-seo-lista-software\/morningscore-recensione\/#primaryimage"},"thumbnailUrl":"https:\/\/www.accuratereviews.com\/wp-content\/uploads\/2019\/10\/logo_upload-790ee2e34cb99a3de743feb22a937345.png","datePublished":"2019-10-29T16:02:42+00:00","dateModified":"2021-11-12T15:52:31+00:00","description":"Morningscore: recensione della piattaforma che permette a imprese, agenzie digitali, esperti SEO, responsabili marketing di ottimizzare il proprio sito web.","breadcrumb":{"@id":"https:\/\/www.accuratereviews.com\/it\/strumenti-seo-lista-software\/morningscore-recensione\/#breadcrumb"},"inLanguage":"it-IT","potentialAction":[{"@type":"ReadAction","target":["https:\/\/www.accuratereviews.com\/it\/strumenti-seo-lista-software\/morningscore-recensione\/"]}]},{"@type":"ImageObject","inLanguage":"it-IT","@id":"https:\/\/www.accuratereviews.com\/it\/strumenti-seo-lista-software\/morningscore-recensione\/#primaryimage","url":"https:\/\/www.accuratereviews.com\/wp-content\/uploads\/2019\/10\/logo_upload-790ee2e34cb99a3de743feb22a937345.png","contentUrl":"https:\/\/www.accuratereviews.com\/wp-content\/uploads\/2019\/10\/logo_upload-790ee2e34cb99a3de743feb22a937345.png","width":300,"height":300},{"@type":"BreadcrumbList","@id":"https:\/\/www.accuratereviews.com\/it\/strumenti-seo-lista-software\/morningscore-recensione\/#breadcrumb","itemListElement":[{"@type":"ListItem","position":1,"name":"Home","item":"https:\/\/www.accuratereviews.com\/it\/"},{"@type":"ListItem","position":2,"name":"Strumenti SEO","item":"https:\/\/www.accuratereviews.com\/it\/strumenti-seo-lista-software\/"},{"@type":"ListItem","position":3,"name":"Morningscore"}]},{"@type":"WebSite","@id":"https:\/\/www.accuratereviews.com\/it\/#website","url":"https:\/\/www.accuratereviews.com\/it\/","name":"Accurate Reviews","description":"","potentialAction":[{"@type":"SearchAction","target":{"@type":"EntryPoint","urlTemplate":"https:\/\/www.accuratereviews.com\/it\/?s={search_term_string}"},"query-input":{"@type":"PropertyValueSpecification","valueRequired":true,"valueName":"search_term_string"}}],"inLanguage":"it-IT"}]}},"_links":{"self":[{"href":"https:\/\/www.accuratereviews.com\/it\/wp-json\/wp\/v2\/pages\/19633","targetHints":{"allow":["GET"]}}],"collection":[{"href":"https:\/\/www.accuratereviews.com\/it\/wp-json\/wp\/v2\/pages"}],"about":[{"href":"https:\/\/www.accuratereviews.com\/it\/wp-json\/wp\/v2\/types\/page"}],"author":[{"embeddable":true,"href":"https:\/\/www.accuratereviews.com\/it\/wp-json\/wp\/v2\/users\/17"}],"replies":[{"embeddable":true,"href":"https:\/\/www.accuratereviews.com\/it\/wp-json\/wp\/v2\/comments?post=19633"}],"version-history":[{"count":3,"href":"https:\/\/www.accuratereviews.com\/it\/wp-json\/wp\/v2\/pages\/19633\/revisions"}],"predecessor-version":[{"id":49943,"href":"https:\/\/www.accuratereviews.com\/it\/wp-json\/wp\/v2\/pages\/19633\/revisions\/49943"}],"up":[{"embeddable":true,"href":"https:\/\/www.accuratereviews.com\/it\/wp-json\/wp\/v2\/pages\/8849"}],"wp:featuredmedia":[{"embeddable":true,"href":"https:\/\/www.accuratereviews.com\/it\/wp-json\/wp\/v2\/media\/19634"}],"wp:attachment":[{"href":"https:\/\/www.accuratereviews.com\/it\/wp-json\/wp\/v2\/media?parent=19633"}],"wp:term":[{"taxonomy":"category","embeddable":true,"href":"https:\/\/www.accuratereviews.com\/it\/wp-json\/wp\/v2\/categories?post=19633"},{"taxonomy":"post_tag","embeddable":true,"href":"https:\/\/www.accuratereviews.com\/it\/wp-json\/wp\/v2\/tags?post=19633"},{"taxonomy":"features","embeddable":true,"href":"https:\/\/www.accuratereviews.com\/it\/wp-json\/wp\/v2\/features?post=19633"}],"curies":[{"name":"wp","href":"https:\/\/api.w.org\/{rel}","templated":true}]}}