{"id":19651,"date":"2019-10-30T13:15:58","date_gmt":"2019-10-30T13:15:58","guid":{"rendered":"https:\/\/www.accuratereviews.com\/?page_id=19651"},"modified":"2021-11-10T14:29:25","modified_gmt":"2021-11-10T14:29:25","slug":"nightwatch-recensione","status":"publish","type":"page","link":"https:\/\/www.accuratereviews.com\/it\/strumenti-seo-lista-software\/nightwatch-recensione\/","title":{"rendered":"Nightwatch"},"content":{"rendered":"<p><strong>Nightwatch<\/strong> \u00e8 un rivoluzionario <strong>motore di tracciamento e ottimizzazione SEO<\/strong> con analisi approfondite dei report. Offre approfondimenti sul posizionamento di parole chiave e siti Web, pubblicit\u00e0 AdWords, rendimento dei concorrenti e altri aspetti correlati. Alcune delle funzionalit\u00e0 che lo distinguono dalle altre soluzioni sono la visualizzazione e i grafici dettagliati, il posizionamento delle parole chiave in classifica e il tracciamento e la segmentazione di parole chiave e backlink avanzati.\u00a0Con <strong>Nightwatch<\/strong> puoi risparmiare tempo nella gestione di numerose parole chiave utilizzando i suoi strumenti avanzati. Ti consente di filtrare le parole chiave in base anche a diversi fattori. Per aiutarti ulteriormente a tagliare le informazioni sulla tua dashboard, la soluzione ti consente di personalizzare le colonne in modo da visualizzare solo i dati di cui hai bisogno. Ogni volta che emerge una tendenza o un&#8217;opportunit\u00e0, <strong>Nightwatch<\/strong> prende nota e ti invia notifiche. Questi ti consentono di decidere immediatamente come agire in base alle nuove informazioni. La creazione di report personalizzati con questa soluzione \u00e8 semplice. Devi solo trascinare e rilasciare gli elementi necessari sullo schermo. \u00c8 progettato per i professionisti che conoscono gli <strong>strumenti SEO<\/strong>, fornendo cos\u00ec pi\u00f9 facilmente informazioni approfondite.<\/p>\n<h2>NIGHTWATCH &#8211; TUTORIAL<\/h2>\n<p>Scopri attraverso questo video come monitorare le tue <strong>prestazioni SEO<\/strong>\u00a0in su questo programma:<\/p>\n<div id=\"fluid-wrapper-counter-1\" class=\"g1-fluid-wrapper \" style=\"width:686px;\">\n<div style=\"padding-bottom:56.268221574344%;\"><iframe loading=\"lazy\" title=\"Local SEO Rankings | Nightwatch Tutorial\" width=\"686\" height=\"386\" src=\"https:\/\/www.youtube.com\/embed\/UEWvgjBOdaE?feature=oembed&amp;wmode=transparent&amp;autohide=1&amp;autoplay=0&amp;disablekb=0&amp;fs=1&amp;loop=0&amp;enablejsapi=1&amp;rel=0&amp;controls=2&amp;showinfo=0&amp;wmode=transparent&amp;autohide=2&amp;autoplay=0&amp;disablekb=0&amp;fs=1&amp;loop=0&amp;enablejsapi=1&amp;rel=0&amp;controls=2&amp;showinfo=1\" frameborder=\"0\" allow=\"accelerometer; autoplay; clipboard-write; encrypted-media; gyroscope; picture-in-picture\" allowfullscreen><\/iframe><\/div>\n<\/div>\n<h3>NIGHTWATCH &#8211; CARATTERISTICHE<\/h3>\n<ul>\n<li><strong>Segmentazione:<\/strong> comprendere le tue prestazioni SEO a un livello pi\u00f9 profondo richiede la capacit\u00e0 di esaminare diversi segmenti del tuo sito web. Questa soluzione consente di vedere come i diversi segmenti delle tue parole chiave si stanno comportando e possono essere messe a confronto tra loro o con i tuoi concorrenti. Tieni traccia delle tue classifiche con la massima precisione<\/li>\n<li><strong>Posizionamento del sito per tutti i snippet SERP<\/strong>: trova tutte le opportunit\u00e0 per espandere la visibilit\u00e0 della ricerca sul tuo sito. Il programma far\u00e0 automaticamente il lavoro per te e ti mostrer\u00e0 i posizionamenti SERP che potresti classificare a livello globale e locale<\/li>\n<li><strong>Accedi ai dati trovate da tutte le fonti rilevanti<\/strong>: il software aggrega i dati di tutte le principali fonti SEO e di ricerca di Google Analytics, Search Console, Keyword Planner e altre fonti SEO popolari<\/li>\n<li><strong>Potenti Filtri:<\/strong> filtra i dati aggregati direttamente sulla soluzione e scopri i modelli di comportamento del tuo pubblico, scopri le nuove tendenze per il tuo settore ed esplora nuovi modi per comprendere i tuoi dati.<\/li>\n<li><strong>Scoperta e controllo automatici del Backlinks<\/strong>: ricevi aggiornamenti regolari su tutti i backlink appena scoperti o persi con le notifiche intelligenti. Combinazione di pi\u00f9 fonti di tracciamento esterne e dei nostri crawler<\/li>\n<li><strong>Segmenti backlink per comprendere il loro vero impatto<\/strong>: backlink diversi hanno caratteristiche e influenze diverse sul posizionamento nei motori di ricerca<\/li>\n<li><strong>Rapporti Drag e Drop<\/strong>: utilizza il semplice generatore di report con trascinamento della selezione per creare report visivamente gradevoli in pochi minuti. \u00c8 possibile includere qualsiasi dato nei report: dalla panoramica del ranking, dagli elenchi di parole chiave, dalle metriche sui grafici ai backlink e alle modifiche di audit del sito<\/li>\n<li><strong>Personalizza layout, dati e formato delle relazioni:<\/strong> utilizza una logica semplice per includere i dati significativi e pertinenti nei rapporti. Nightwatch ti consente di includere segmenti, grafici configurati e panoramiche delle tue classifiche, backlink o informazioni di audit del sito.<\/li>\n<li><strong>Consegna programmata dei rapporti:<\/strong> risparmia tempo nella configurazione di come e quando consegnare i rapporti a te o ai tuoi clienti.<\/li>\n<\/ul>\n<h4>LE RECENSIONI DEGLI UTENTI<\/h4>\n<h4>Wilson T. &#8220;Il mio strumento preferito di tutti i giorni &#8211; Nightwatch&#8221;<\/h4>\n<p><strong>Commenti<\/strong>: Nightwatch mi fa sembrare un professionista quando parlo con i clienti. Ha contribuito moltissimo al business. Lo adoro e grazie alla squadra dietro Nightwatch. Hanno fatto un ottimo lavoro e non ho mai avuto problemi con loro. Il software non ha mai avuto problemi, quindi non devo preoccuparmi dei tempi di inattivit\u00e0 del software.<\/p>\n<p><strong>Vantaggi<\/strong>: Ohhhh! Ci sono cos\u00ec tante cose che mi piacciono di Nightwatch. La prima cosa pi\u00f9 importante \u00e8 il rapporto automatico da inviare ai miei clienti. Questa \u00e8 stata la caratteristica pi\u00f9 preziosa per la mia attivit\u00e0. Il rapporto pu\u00f2 essere personalizzato in base al pacchetto che il mio cliente ha registrato. \u00c8 cos\u00ec facile personalizzare e impostare un rapporto automatizzato. L&#8217;etichetta bianca \u00e8 l&#8217;enorme vantaggio del rapporto. Posso personalizzare l&#8217;email da inviare con il rapporto. Ogni cliente riceve un&#8217;email personalizzata con il proprio rapporto sul ranking. Quindi, parliamo delle classifiche. Perch\u00e9 sto facendo SEO locale e Nightwatch \u00e8 stato in grado di tracciare con precisione le parole chiave locali. Ho gi\u00e0 parlato della scheda di google map? Oh si! Nightwatch \u00e8 cos\u00ec in grado di tracciare lo snack pack di Google. L&#8217;aggiornamento giornaliero della classifica \u00e8 stato un altro motivo per cui mi \u00e8 piaciuto cos\u00ec tanto Nightwatch. Con l&#8217;aggiornamento giornaliero delle classifiche sono in grado di tornare alla cronologia per vedere le classifiche in una data specifica. Certo, oggi sono cos\u00ec tanti strumenti di tracciamento dei ranghi, ma nessuno si \u00e8 avvicinato ancora di pi\u00f9 a Nightwatch. Ottieni ci\u00f2 per cui hai pagato.<\/p>\n<p><strong>Inconvenienti<\/strong>: Niente che possa non piacere di questo software in quanto \u00e8 un software di tracker di rango incredibile. Lo adoro perch\u00e9 lo uso tutti i giorni.<\/p>\n<h4>Craig R. &#8220;Nightwatch&#8221;<\/h4>\n<p><strong>Commenti<\/strong>: stavo cercando un buon tracker di rango e non sono riuscito a trovare qualcosa che valesse davvero il prezzo. Questo fino a quando ho trovato Nightwatch, e ha cambiato la mia vita e il mio flusso di lavoro. Non posso lavorare un giorno in modo professionale senza Nightwatch ed \u00e8 una serie incredibile di funzionalit\u00e0. Nightwatch \u00e8 un software straordinario e la flessibilit\u00e0 di vedere diversi tipi di statistiche allo stesso tempo mi d\u00e0 un eccellente quadro di ci\u00f2 che stanno facendo le mie campagne SEO. Vedere crescere i backlink \u00e8 fantastico per il mio team e perfetto per il mio cliente. Guardare come sta andando il mio cliente contro la stessa nicchia \u00e8 utile per la pianificazione.<\/p>\n<p><strong>Vantaggi<\/strong>: il design grafico di Nightwatch \u00e8 sorprendente. \u00c8 facile da leggere e comprendere grazie all&#8217;eccellente design UX \/ UI. Non vedo nient&#8217;altro in rete che si avvicini nemmeno, e quelli che si avvicinano sembrano Candyland. Nightwatch sembra che il futuro sia tornato indietro nel tempo e abbia dato ai designer un&#8217;anteprima di ci\u00f2 che diventer\u00e0 il design. La quantit\u00e0 di informazioni che mi sono state inviate dal team di Nightwatch nelle mie e-mail e nei loro post sul blog ha cambiato il modo in cui eseguo parte del mio SEO. I rapporti che Nightwatch sfornano sono sorprendenti, facili da leggere e puoi schiaffeggiare il tuo logo su di loro e inviarlo direttamente ai clienti. Non c&#8217;\u00e8 bisogno di scherzare. \u00c8 tutto l\u00ec. \u00c8 incredibile come siano professionali questi rapporti. Non sono un supereroe SEO super-grande, ma Nightwatch mi fa sembrare uno.<\/p>\n<p><strong>Inconvenienti<\/strong>: Non c&#8217;\u00e8 davvero molto di cui lamentarsi. Voglio pi\u00f9 report e report personalizzati, ma quelle funzionalit\u00e0 stanno arrivando.<\/p>\n<h4>Mike W. &#8220;Piattaforma software top ranking all-in-one&#8221;<\/h4>\n<p><strong>Commenti<\/strong>: L&#8217;accuratezza delle parole chiave nelle SERP su desktop e dispositivi mobili \u00e8 sorprendente!<\/p>\n<p><strong>Vantaggi<\/strong>: Con oltre 15 anni di esperienza nel SEO e nel web marketing, ho acquistato tutte le piattaforme software di posizionamento sul mercato. Posso dirti con certezza che Nightwatch \u00e8 di gran lunga il pi\u00f9 preciso in termini di posizionamento delle parole chiave su desktop e dispositivi mobili e hanno anche altre funzioni molto utili come il recupero di dati preziosi da Moz, Ahrefs e Majestic che \u00e8 super cordiale che mi fa risparmiare un sacco di soldi dall&#8217;acquistare quelle altre piattaforme che sono costose. Ho acquistato il loro account Pro e con esso puoi anche etichettare in bianco i tuoi rapporti per renderli professionali e marchiati per la tua attivit\u00e0. Inoltre, Nightwatch mi permette di spiare i siti Web della concorrenza locale che sono informazioni utili. Nightwatch.io \u00e8 un acquisto indispensabile per qualsiasi agenzia di marketing digitale alla ricerca di una soluzione all-in-one per i propri clienti e anche per aiutare a far crescere il proprio business. Sono stato con Nightwatch per oltre 3 anni ed \u00e8 una delle migliori decisioni aziendali che abbia preso.<\/p>\n<p><strong>Inconvenienti<\/strong>: anche se raccolgono gi\u00e0 dati preziosi da altre piattaforme come Ahrefs, Moz e Majestic, mi piacerebbe vedere strumenti e funzionalit\u00e0 aggiuntivi da quei luoghi.<\/p>\n","protected":false},"excerpt":{"rendered":"<p>Nightwatch \u00e8 un rivoluzionario motore di tracciamento e ottimizzazione SEO con analisi approfondite dei report. Offre approfondimenti sul posizionamento di parole chiave e siti Web, pubblicit\u00e0 AdWords, rendimento dei concorrenti e altri aspetti correlati. Alcune delle funzionalit\u00e0 che lo distinguono dalle altre soluzioni sono la visualizzazione e i grafici dettagliati, il posizionamento delle parole chiave in classifica e il tracciamento e la segmentazione di parole chiave e backlink avanzati.<\/p>\n","protected":false},"author":19,"featured_media":19652,"parent":8849,"menu_order":0,"comment_status":"open","ping_status":"closed","template":"g1_template_page_review_new.php","meta":{"_acf_changed":false,"cwp_meta_box_check":"Yes","cwp_rev_product_name":"","cwp_rev_product_image":"","wppr_links":[],"cwp_rev_price":"","wppr_options":[],"wppr_pros":[],"wppr_cons":[],"_monsterinsights_skip_tracking":false,"_monsterinsights_sitenote_active":false,"_monsterinsights_sitenote_note":"","_monsterinsights_sitenote_category":0,"footnotes":""},"categories":[175],"tags":[1430,1429,1431,1421,1408,1428,1420,885],"features":[],"class_list":{"0":"post-19651","1":"page","2":"type-page","3":"status-publish","4":"has-post-thumbnail","6":"category-strumenti-seo-categoria","7":"tag-motore-di-tracciamento-seo","8":"tag-nightwatch","9":"tag-ottimizzazione-seo","10":"tag-programma-seo","11":"tag-rapporti-seo","12":"tag-report-seo","13":"tag-software-seo","14":"tag-strumenti-seo"},"wppr_data":{"cwp_meta_box_check":"Yes","cwp_rev_product_name":"","cwp_rev_product_image":"","cwp_image_link":"image","cwp_rev_price":"","wppr_rating":"0.00"},"acf":[],"yoast_head":"<!-- This site is optimized with the Yoast SEO plugin v27.4 - https:\/\/yoast.com\/product\/yoast-seo-wordpress\/ -->\n<title>Nightwatch: recensione software SEO - Accurate Reviews<\/title>\n<meta name=\"description\" content=\"Nightwatch: recensione motore di tracciamento e ottimizzazione SEO con analisi approfondite dei report per aumentare il posizionamento del tuo sito web.\" \/>\n<meta name=\"robots\" content=\"index, follow, max-snippet:-1, max-image-preview:large, max-video-preview:-1\" \/>\n<link rel=\"canonical\" href=\"https:\/\/www.accuratereviews.com\/it\/strumenti-seo-lista-software\/nightwatch-recensione\/\" \/>\n<meta property=\"og:locale\" content=\"it_IT\" \/>\n<meta property=\"og:type\" content=\"article\" \/>\n<meta property=\"og:title\" content=\"Nightwatch: recensione software SEO - Accurate Reviews\" \/>\n<meta property=\"og:description\" content=\"Nightwatch: recensione motore di tracciamento e ottimizzazione SEO con analisi approfondite dei report per aumentare il posizionamento del tuo sito web.\" \/>\n<meta property=\"og:url\" content=\"https:\/\/www.accuratereviews.com\/it\/strumenti-seo-lista-software\/nightwatch-recensione\/\" \/>\n<meta property=\"og:site_name\" content=\"Accurate Reviews\" \/>\n<meta property=\"article:modified_time\" content=\"2021-11-10T14:29:25+00:00\" \/>\n<meta property=\"og:image\" content=\"https:\/\/www.accuratereviews.com\/wp-content\/uploads\/2019\/10\/Nightwatch.jpg\" \/>\n\t<meta property=\"og:image:width\" content=\"400\" \/>\n\t<meta property=\"og:image:height\" content=\"400\" \/>\n\t<meta property=\"og:image:type\" content=\"image\/jpeg\" \/>\n<meta name=\"twitter:card\" content=\"summary_large_image\" \/>\n<meta name=\"twitter:label1\" content=\"Tempo di lettura stimato\" \/>\n\t<meta name=\"twitter:data1\" content=\"7 minuti\" \/>\n<script type=\"application\/ld+json\" class=\"yoast-schema-graph\">{\"@context\":\"https:\\\/\\\/schema.org\",\"@graph\":[{\"@type\":\"WebPage\",\"@id\":\"https:\\\/\\\/www.accuratereviews.com\\\/it\\\/strumenti-seo-lista-software\\\/nightwatch-recensione\\\/\",\"url\":\"https:\\\/\\\/www.accuratereviews.com\\\/it\\\/strumenti-seo-lista-software\\\/nightwatch-recensione\\\/\",\"name\":\"Nightwatch: recensione software SEO - Accurate Reviews\",\"isPartOf\":{\"@id\":\"https:\\\/\\\/www.accuratereviews.com\\\/it\\\/#website\"},\"primaryImageOfPage\":{\"@id\":\"https:\\\/\\\/www.accuratereviews.com\\\/it\\\/strumenti-seo-lista-software\\\/nightwatch-recensione\\\/#primaryimage\"},\"image\":{\"@id\":\"https:\\\/\\\/www.accuratereviews.com\\\/it\\\/strumenti-seo-lista-software\\\/nightwatch-recensione\\\/#primaryimage\"},\"thumbnailUrl\":\"https:\\\/\\\/www.accuratereviews.com\\\/wp-content\\\/uploads\\\/2019\\\/10\\\/Nightwatch.jpg\",\"datePublished\":\"2019-10-30T13:15:58+00:00\",\"dateModified\":\"2021-11-10T14:29:25+00:00\",\"description\":\"Nightwatch: recensione motore di tracciamento e ottimizzazione SEO con analisi approfondite dei report per aumentare il posizionamento del tuo sito web.\",\"breadcrumb\":{\"@id\":\"https:\\\/\\\/www.accuratereviews.com\\\/it\\\/strumenti-seo-lista-software\\\/nightwatch-recensione\\\/#breadcrumb\"},\"inLanguage\":\"it-IT\",\"potentialAction\":[{\"@type\":\"ReadAction\",\"target\":[\"https:\\\/\\\/www.accuratereviews.com\\\/it\\\/strumenti-seo-lista-software\\\/nightwatch-recensione\\\/\"]}]},{\"@type\":\"ImageObject\",\"inLanguage\":\"it-IT\",\"@id\":\"https:\\\/\\\/www.accuratereviews.com\\\/it\\\/strumenti-seo-lista-software\\\/nightwatch-recensione\\\/#primaryimage\",\"url\":\"https:\\\/\\\/www.accuratereviews.com\\\/wp-content\\\/uploads\\\/2019\\\/10\\\/Nightwatch.jpg\",\"contentUrl\":\"https:\\\/\\\/www.accuratereviews.com\\\/wp-content\\\/uploads\\\/2019\\\/10\\\/Nightwatch.jpg\",\"width\":400,\"height\":400},{\"@type\":\"BreadcrumbList\",\"@id\":\"https:\\\/\\\/www.accuratereviews.com\\\/it\\\/strumenti-seo-lista-software\\\/nightwatch-recensione\\\/#breadcrumb\",\"itemListElement\":[{\"@type\":\"ListItem\",\"position\":1,\"name\":\"Home\",\"item\":\"https:\\\/\\\/www.accuratereviews.com\\\/it\\\/\"},{\"@type\":\"ListItem\",\"position\":2,\"name\":\"Strumenti SEO\",\"item\":\"https:\\\/\\\/www.accuratereviews.com\\\/it\\\/strumenti-seo-lista-software\\\/\"},{\"@type\":\"ListItem\",\"position\":3,\"name\":\"Nightwatch\"}]},{\"@type\":\"WebSite\",\"@id\":\"https:\\\/\\\/www.accuratereviews.com\\\/it\\\/#website\",\"url\":\"https:\\\/\\\/www.accuratereviews.com\\\/it\\\/\",\"name\":\"Accurate Reviews\",\"description\":\"\",\"potentialAction\":[{\"@type\":\"SearchAction\",\"target\":{\"@type\":\"EntryPoint\",\"urlTemplate\":\"https:\\\/\\\/www.accuratereviews.com\\\/it\\\/?s={search_term_string}\"},\"query-input\":{\"@type\":\"PropertyValueSpecification\",\"valueRequired\":true,\"valueName\":\"search_term_string\"}}],\"inLanguage\":\"it-IT\"}]}<\/script>\n<!-- \/ Yoast SEO plugin. -->","yoast_head_json":{"title":"Nightwatch: recensione software SEO - Accurate Reviews","description":"Nightwatch: recensione motore di tracciamento e ottimizzazione SEO con analisi approfondite dei report per aumentare il posizionamento del tuo sito web.","robots":{"index":"index","follow":"follow","max-snippet":"max-snippet:-1","max-image-preview":"max-image-preview:large","max-video-preview":"max-video-preview:-1"},"canonical":"https:\/\/www.accuratereviews.com\/it\/strumenti-seo-lista-software\/nightwatch-recensione\/","og_locale":"it_IT","og_type":"article","og_title":"Nightwatch: recensione software SEO - Accurate Reviews","og_description":"Nightwatch: recensione motore di tracciamento e ottimizzazione SEO con analisi approfondite dei report per aumentare il posizionamento del tuo sito web.","og_url":"https:\/\/www.accuratereviews.com\/it\/strumenti-seo-lista-software\/nightwatch-recensione\/","og_site_name":"Accurate Reviews","article_modified_time":"2021-11-10T14:29:25+00:00","og_image":[{"width":400,"height":400,"url":"https:\/\/www.accuratereviews.com\/wp-content\/uploads\/2019\/10\/Nightwatch.jpg","type":"image\/jpeg"}],"twitter_card":"summary_large_image","twitter_misc":{"Tempo di lettura stimato":"7 minuti"},"schema":{"@context":"https:\/\/schema.org","@graph":[{"@type":"WebPage","@id":"https:\/\/www.accuratereviews.com\/it\/strumenti-seo-lista-software\/nightwatch-recensione\/","url":"https:\/\/www.accuratereviews.com\/it\/strumenti-seo-lista-software\/nightwatch-recensione\/","name":"Nightwatch: recensione software SEO - Accurate Reviews","isPartOf":{"@id":"https:\/\/www.accuratereviews.com\/it\/#website"},"primaryImageOfPage":{"@id":"https:\/\/www.accuratereviews.com\/it\/strumenti-seo-lista-software\/nightwatch-recensione\/#primaryimage"},"image":{"@id":"https:\/\/www.accuratereviews.com\/it\/strumenti-seo-lista-software\/nightwatch-recensione\/#primaryimage"},"thumbnailUrl":"https:\/\/www.accuratereviews.com\/wp-content\/uploads\/2019\/10\/Nightwatch.jpg","datePublished":"2019-10-30T13:15:58+00:00","dateModified":"2021-11-10T14:29:25+00:00","description":"Nightwatch: recensione motore di tracciamento e ottimizzazione SEO con analisi approfondite dei report per aumentare il posizionamento del tuo sito web.","breadcrumb":{"@id":"https:\/\/www.accuratereviews.com\/it\/strumenti-seo-lista-software\/nightwatch-recensione\/#breadcrumb"},"inLanguage":"it-IT","potentialAction":[{"@type":"ReadAction","target":["https:\/\/www.accuratereviews.com\/it\/strumenti-seo-lista-software\/nightwatch-recensione\/"]}]},{"@type":"ImageObject","inLanguage":"it-IT","@id":"https:\/\/www.accuratereviews.com\/it\/strumenti-seo-lista-software\/nightwatch-recensione\/#primaryimage","url":"https:\/\/www.accuratereviews.com\/wp-content\/uploads\/2019\/10\/Nightwatch.jpg","contentUrl":"https:\/\/www.accuratereviews.com\/wp-content\/uploads\/2019\/10\/Nightwatch.jpg","width":400,"height":400},{"@type":"BreadcrumbList","@id":"https:\/\/www.accuratereviews.com\/it\/strumenti-seo-lista-software\/nightwatch-recensione\/#breadcrumb","itemListElement":[{"@type":"ListItem","position":1,"name":"Home","item":"https:\/\/www.accuratereviews.com\/it\/"},{"@type":"ListItem","position":2,"name":"Strumenti SEO","item":"https:\/\/www.accuratereviews.com\/it\/strumenti-seo-lista-software\/"},{"@type":"ListItem","position":3,"name":"Nightwatch"}]},{"@type":"WebSite","@id":"https:\/\/www.accuratereviews.com\/it\/#website","url":"https:\/\/www.accuratereviews.com\/it\/","name":"Accurate Reviews","description":"","potentialAction":[{"@type":"SearchAction","target":{"@type":"EntryPoint","urlTemplate":"https:\/\/www.accuratereviews.com\/it\/?s={search_term_string}"},"query-input":{"@type":"PropertyValueSpecification","valueRequired":true,"valueName":"search_term_string"}}],"inLanguage":"it-IT"}]}},"_links":{"self":[{"href":"https:\/\/www.accuratereviews.com\/it\/wp-json\/wp\/v2\/pages\/19651","targetHints":{"allow":["GET"]}}],"collection":[{"href":"https:\/\/www.accuratereviews.com\/it\/wp-json\/wp\/v2\/pages"}],"about":[{"href":"https:\/\/www.accuratereviews.com\/it\/wp-json\/wp\/v2\/types\/page"}],"author":[{"embeddable":true,"href":"https:\/\/www.accuratereviews.com\/it\/wp-json\/wp\/v2\/users\/19"}],"replies":[{"embeddable":true,"href":"https:\/\/www.accuratereviews.com\/it\/wp-json\/wp\/v2\/comments?post=19651"}],"version-history":[{"count":10,"href":"https:\/\/www.accuratereviews.com\/it\/wp-json\/wp\/v2\/pages\/19651\/revisions"}],"predecessor-version":[{"id":49753,"href":"https:\/\/www.accuratereviews.com\/it\/wp-json\/wp\/v2\/pages\/19651\/revisions\/49753"}],"up":[{"embeddable":true,"href":"https:\/\/www.accuratereviews.com\/it\/wp-json\/wp\/v2\/pages\/8849"}],"wp:featuredmedia":[{"embeddable":true,"href":"https:\/\/www.accuratereviews.com\/it\/wp-json\/wp\/v2\/media\/19652"}],"wp:attachment":[{"href":"https:\/\/www.accuratereviews.com\/it\/wp-json\/wp\/v2\/media?parent=19651"}],"wp:term":[{"taxonomy":"category","embeddable":true,"href":"https:\/\/www.accuratereviews.com\/it\/wp-json\/wp\/v2\/categories?post=19651"},{"taxonomy":"post_tag","embeddable":true,"href":"https:\/\/www.accuratereviews.com\/it\/wp-json\/wp\/v2\/tags?post=19651"},{"taxonomy":"features","embeddable":true,"href":"https:\/\/www.accuratereviews.com\/it\/wp-json\/wp\/v2\/features?post=19651"}],"curies":[{"name":"wp","href":"https:\/\/api.w.org\/{rel}","templated":true}]}}