{"id":19673,"date":"2019-10-30T23:53:36","date_gmt":"2019-10-30T23:53:36","guid":{"rendered":"https:\/\/www.accuratereviews.com\/?page_id=19673"},"modified":"2021-11-10T17:13:48","modified_gmt":"2021-11-10T17:13:48","slug":"rankz-recensione","status":"publish","type":"page","link":"https:\/\/www.accuratereviews.com\/it\/strumenti-seo-lista-software\/rankz-recensione\/","title":{"rendered":"Rankz"},"content":{"rendered":"<p><strong>Rankz<\/strong> \u00e8 un <strong>software SEO<\/strong> veloce e preciso che permette ai privati, alle aziende e alle imprese di ottimizzare il proprio sito web a livello SEO al fine di raggiungere una <strong>posizione pi\u00f9 alta nei motori di ricerca<\/strong> come Google. Infatti ti offre tutti gli strumenti per monitorare le numerose posizioni di parole chiave sui motori di ricerca e analizzare i tuoi concorrenti. Oltre a questo, potrai . tracciare le parole chiave in oltre 110 paesi, ottenere grafici basati sui dati, <strong>SERP<\/strong> storici, suggerimenti e report precisi e dettagliati. Inizia subito a creare c<strong>ontenuti ottimizzati SEO<\/strong> e fai crescere il tuo traffico e la tua azienda!<a href=\"https:\/\/www.accuratereviews.com\/wp-content\/uploads\/2019\/10\/Schermata-2019-10-31-alle-00.01.29.png\"><img loading=\"lazy\" decoding=\"async\" class=\"aligncenter wp-image-19684 size-full\" src=\"https:\/\/www.accuratereviews.com\/wp-content\/uploads\/2019\/10\/Schermata-2019-10-31-alle-00.01.29.png\" alt=\"\" width=\"1420\" height=\"908\" srcset=\"https:\/\/www.accuratereviews.com\/wp-content\/uploads\/2019\/10\/Schermata-2019-10-31-alle-00.01.29.png 1420w, https:\/\/www.accuratereviews.com\/wp-content\/uploads\/2019\/10\/Schermata-2019-10-31-alle-00.01.29-300x192.png 300w, https:\/\/www.accuratereviews.com\/wp-content\/uploads\/2019\/10\/Schermata-2019-10-31-alle-00.01.29-768x491.png 768w, https:\/\/www.accuratereviews.com\/wp-content\/uploads\/2019\/10\/Schermata-2019-10-31-alle-00.01.29-1024x655.png 1024w, https:\/\/www.accuratereviews.com\/wp-content\/uploads\/2019\/10\/Schermata-2019-10-31-alle-00.01.29-195x125.png 195w, https:\/\/www.accuratereviews.com\/wp-content\/uploads\/2019\/10\/Schermata-2019-10-31-alle-00.01.29-50x32.png 50w, https:\/\/www.accuratereviews.com\/wp-content\/uploads\/2019\/10\/Schermata-2019-10-31-alle-00.01.29-968x619.png 968w, https:\/\/www.accuratereviews.com\/wp-content\/uploads\/2019\/10\/Schermata-2019-10-31-alle-00.01.29-636x407.png 636w, https:\/\/www.accuratereviews.com\/wp-content\/uploads\/2019\/10\/Schermata-2019-10-31-alle-00.01.29-320x205.png 320w, https:\/\/www.accuratereviews.com\/wp-content\/uploads\/2019\/10\/Schermata-2019-10-31-alle-00.01.29-239x153.png 239w\" sizes=\"auto, (max-width: 1420px) 100vw, 1420px\" \/><\/a><\/p>\n<h3>RANKZ &#8211; CARATTERISTICHE<\/h3>\n<p>Diamo uno sguardo alle sue principali caratteristiche:<\/p>\n<ul>\n<li><strong>Ideazione basata sui dati<\/strong>: utilizza i dati SEO e sui trend social per identificare argomenti che risuoneranno con il tuo pubblico, cos\u00ec da classificare bene nei risultati di ricerca<\/li>\n<li><strong>Creazione di contenuti<\/strong>: mantieni il tuo content marketing fresco e accattivante creando una variet\u00e0 di tipi di contenuti nella piattaforma Rankz. Di conseguenza, sarai in grado di fornire i contenuti giusti alle persone giuste al momento giusto<\/li>\n<li><strong>Distribuzione del contenuto<\/strong>: accedi a migliaia di editori di alto livello a portata di mano. Filtra i publisher in base alla loro nicchia, traffico verificato, autorit\u00e0 di dominio e distribuisci istantaneamente i tuoi contenuti sui blog \/ riviste desiderati.<\/li>\n<li><strong>Content Marketing Analytics<\/strong>: visualizza le prestazioni dei tuoi contenuti mentre affiorano i prossimi passi attuabili per generare maggiore coinvolgimento, conversioni e ROI.<\/li>\n<\/ul>\n<h3>LE RECENSIONI DEGLI UTENTI<\/h3>\n<ul>\n<li><strong>&#8220;Rankz.io \u00e8 uno tsunami nella parola strumenti SEO!&#8221;<\/strong><br \/>\nIN GENERALE: Dopo aver utilizzato Rankz.io\u00a0 \u00e8 diventato facile valutare i nostri sforzi SEO. Ha semplificato il nostro processo e ci ha permesso di concentrarci sulla nostra area di contenuti deboli sapendo quali parole chiave non funzionano.<br \/>\nPRO: Rankz.io offre un monitoraggio dei ranghi veloce e folle e non ho visto nessun altro tracker di grado che possa eguagliarlo. La migliore di questa capacit\u00e0 \u00e8 quella controllare o aggiornare i ranghi su richiesta. Altre cose che preferisco sono: la segregazione del progetto, il riepilogo del ranking delle parole chiave per progetto, la capacit\u00e0 di assegnare il progetto ai membri, generare report. Vedo RANKZ.io diventare uno tusami e spazzare via tutti gli altri tracker di rango da questi mercati.<br \/>\nCONTRO: Nulla che io abbia ancora incontrato. e gli sviluppatori dietro Rankz sono cos\u00ec attivi che sono sicuro che qualsiasi cosa mancher\u00e0 verr\u00e0 aggiunta in futuro.<\/li>\n<li><strong>&#8220;Potenza con semplicit\u00e0&#8221;<\/strong><br \/>\nIN GENERALE: il software \u00e8 molto facile da usare e da capire per i principianti.<br \/>\nPRRO: il software \u00e8 in grado di eseguire la scansione di tutte le classifiche dei siti Web in pochi secondi con precisione. Ogni giorno aggiorno le classifiche per vedere dove sono in classifica e funziona perfettamente.<br \/>\nCONTRO: Deve aggiungere pi\u00f9 funzionalit\u00e0 ma onestamente, a questo prezzo, non posso chiedere di pi\u00f9.<\/li>\n<li><strong>&#8220;Miglior tracker di rango&#8221;<\/strong><br \/>\nIN GENERALE: In precedenza non ero in grado di tracciare le parole chiave del mio ranking ma ora con Rankz posso facilmente rintracciare tutte le mie parole chiave del ranking.<br \/>\nPRO: Rankz ha molte funzioni che sono state davvero utili come Rrank Tracker, Profili di backlink, Rete di distribuzione PR, Scoperta di contenuti con precisione e alta velocit\u00e0.<br \/>\nCONTRO: Aggiunta di funzionalit\u00e0 aggiuntive come &#8220;Ricerca parole chiave&#8221;.<\/li>\n<\/ul>\n","protected":false},"excerpt":{"rendered":"<p>Rankz \u00e8 un software SEO veloce e preciso che permette ai privati, alle aziende e alle imprese di ottimizzare il proprio sito web a livello SEO al fine di raggiungere una posizione pi\u00f9 alta nei motori di ricerca come Google. Infatti ti offre tutti gli strumenti per monitorare le numerose posizioni di parole chiave sui motori di ricerca e analizzare i tuoi concorrenti.<\/p>\n","protected":false},"author":17,"featured_media":19674,"parent":8849,"menu_order":0,"comment_status":"open","ping_status":"closed","template":"g1_template_page_review_new.php","meta":{"_acf_changed":false,"cwp_meta_box_check":"Yes","cwp_rev_product_name":"","cwp_rev_product_image":"","wppr_links":[],"cwp_rev_price":"","wppr_options":[],"wppr_pros":[],"wppr_cons":[],"_monsterinsights_skip_tracking":false,"_monsterinsights_sitenote_active":false,"_monsterinsights_sitenote_note":"","_monsterinsights_sitenote_category":0,"footnotes":""},"categories":[175],"tags":[1401,1421,901,1420],"features":[],"class_list":{"0":"post-19673","1":"page","2":"type-page","3":"status-publish","4":"has-post-thumbnail","6":"category-strumenti-seo-categoria","7":"tag-analisi-seo","8":"tag-programma-seo","9":"tag-seo","10":"tag-software-seo"},"wppr_data":{"cwp_meta_box_check":"Yes","cwp_rev_product_name":"","cwp_rev_product_image":"","cwp_image_link":"image","cwp_rev_price":"","wppr_rating":"0.00"},"acf":[],"yoast_head":"<!-- This site is optimized with the Yoast SEO plugin v27.4 - https:\/\/yoast.com\/product\/yoast-seo-wordpress\/ -->\n<title>Rankz: recensione software SEO - Accurate Reviews<\/title>\n<meta name=\"description\" content=\"Rankz: recensione del software SEO veloce e preciso che permette ai privati, alle aziende e alle imprese di ottimizzare il proprio sito web a livello SEO.\" \/>\n<meta name=\"robots\" content=\"index, follow, max-snippet:-1, max-image-preview:large, max-video-preview:-1\" \/>\n<link rel=\"canonical\" href=\"https:\/\/www.accuratereviews.com\/it\/strumenti-seo-lista-software\/rankz-recensione\/\" \/>\n<meta property=\"og:locale\" content=\"it_IT\" \/>\n<meta property=\"og:type\" content=\"article\" \/>\n<meta property=\"og:title\" content=\"Rankz: recensione software SEO - Accurate Reviews\" \/>\n<meta property=\"og:description\" content=\"Rankz: recensione del software SEO veloce e preciso che permette ai privati, alle aziende e alle imprese di ottimizzare il proprio sito web a livello SEO.\" \/>\n<meta property=\"og:url\" content=\"https:\/\/www.accuratereviews.com\/it\/strumenti-seo-lista-software\/rankz-recensione\/\" \/>\n<meta property=\"og:site_name\" content=\"Accurate Reviews\" \/>\n<meta property=\"article:modified_time\" content=\"2021-11-10T17:13:48+00:00\" \/>\n<meta property=\"og:image\" content=\"https:\/\/www.accuratereviews.com\/wp-content\/uploads\/2019\/10\/Schermata-2019-10-30-alle-13.54.56.png\" \/>\n\t<meta property=\"og:image:width\" content=\"318\" \/>\n\t<meta property=\"og:image:height\" content=\"116\" \/>\n\t<meta property=\"og:image:type\" content=\"image\/png\" \/>\n<meta name=\"twitter:card\" content=\"summary_large_image\" \/>\n<meta name=\"twitter:label1\" content=\"Tempo di lettura stimato\" \/>\n\t<meta name=\"twitter:data1\" content=\"3 minuti\" \/>\n<script type=\"application\/ld+json\" class=\"yoast-schema-graph\">{\"@context\":\"https:\\\/\\\/schema.org\",\"@graph\":[{\"@type\":\"WebPage\",\"@id\":\"https:\\\/\\\/www.accuratereviews.com\\\/it\\\/strumenti-seo-lista-software\\\/rankz-recensione\\\/\",\"url\":\"https:\\\/\\\/www.accuratereviews.com\\\/it\\\/strumenti-seo-lista-software\\\/rankz-recensione\\\/\",\"name\":\"Rankz: recensione software SEO - Accurate Reviews\",\"isPartOf\":{\"@id\":\"https:\\\/\\\/www.accuratereviews.com\\\/it\\\/#website\"},\"primaryImageOfPage\":{\"@id\":\"https:\\\/\\\/www.accuratereviews.com\\\/it\\\/strumenti-seo-lista-software\\\/rankz-recensione\\\/#primaryimage\"},\"image\":{\"@id\":\"https:\\\/\\\/www.accuratereviews.com\\\/it\\\/strumenti-seo-lista-software\\\/rankz-recensione\\\/#primaryimage\"},\"thumbnailUrl\":\"https:\\\/\\\/www.accuratereviews.com\\\/wp-content\\\/uploads\\\/2019\\\/10\\\/Schermata-2019-10-30-alle-13.54.56.png\",\"datePublished\":\"2019-10-30T23:53:36+00:00\",\"dateModified\":\"2021-11-10T17:13:48+00:00\",\"description\":\"Rankz: recensione del software SEO veloce e preciso che permette ai privati, alle aziende e alle imprese di ottimizzare il proprio sito web a livello SEO.\",\"breadcrumb\":{\"@id\":\"https:\\\/\\\/www.accuratereviews.com\\\/it\\\/strumenti-seo-lista-software\\\/rankz-recensione\\\/#breadcrumb\"},\"inLanguage\":\"it-IT\",\"potentialAction\":[{\"@type\":\"ReadAction\",\"target\":[\"https:\\\/\\\/www.accuratereviews.com\\\/it\\\/strumenti-seo-lista-software\\\/rankz-recensione\\\/\"]}]},{\"@type\":\"ImageObject\",\"inLanguage\":\"it-IT\",\"@id\":\"https:\\\/\\\/www.accuratereviews.com\\\/it\\\/strumenti-seo-lista-software\\\/rankz-recensione\\\/#primaryimage\",\"url\":\"https:\\\/\\\/www.accuratereviews.com\\\/wp-content\\\/uploads\\\/2019\\\/10\\\/Schermata-2019-10-30-alle-13.54.56.png\",\"contentUrl\":\"https:\\\/\\\/www.accuratereviews.com\\\/wp-content\\\/uploads\\\/2019\\\/10\\\/Schermata-2019-10-30-alle-13.54.56.png\",\"width\":318,\"height\":116},{\"@type\":\"BreadcrumbList\",\"@id\":\"https:\\\/\\\/www.accuratereviews.com\\\/it\\\/strumenti-seo-lista-software\\\/rankz-recensione\\\/#breadcrumb\",\"itemListElement\":[{\"@type\":\"ListItem\",\"position\":1,\"name\":\"Home\",\"item\":\"https:\\\/\\\/www.accuratereviews.com\\\/it\\\/\"},{\"@type\":\"ListItem\",\"position\":2,\"name\":\"Strumenti SEO\",\"item\":\"https:\\\/\\\/www.accuratereviews.com\\\/it\\\/strumenti-seo-lista-software\\\/\"},{\"@type\":\"ListItem\",\"position\":3,\"name\":\"Rankz\"}]},{\"@type\":\"WebSite\",\"@id\":\"https:\\\/\\\/www.accuratereviews.com\\\/it\\\/#website\",\"url\":\"https:\\\/\\\/www.accuratereviews.com\\\/it\\\/\",\"name\":\"Accurate Reviews\",\"description\":\"\",\"potentialAction\":[{\"@type\":\"SearchAction\",\"target\":{\"@type\":\"EntryPoint\",\"urlTemplate\":\"https:\\\/\\\/www.accuratereviews.com\\\/it\\\/?s={search_term_string}\"},\"query-input\":{\"@type\":\"PropertyValueSpecification\",\"valueRequired\":true,\"valueName\":\"search_term_string\"}}],\"inLanguage\":\"it-IT\"}]}<\/script>\n<!-- \/ Yoast SEO plugin. -->","yoast_head_json":{"title":"Rankz: recensione software SEO - Accurate Reviews","description":"Rankz: recensione del software SEO veloce e preciso che permette ai privati, alle aziende e alle imprese di ottimizzare il proprio sito web a livello SEO.","robots":{"index":"index","follow":"follow","max-snippet":"max-snippet:-1","max-image-preview":"max-image-preview:large","max-video-preview":"max-video-preview:-1"},"canonical":"https:\/\/www.accuratereviews.com\/it\/strumenti-seo-lista-software\/rankz-recensione\/","og_locale":"it_IT","og_type":"article","og_title":"Rankz: recensione software SEO - Accurate Reviews","og_description":"Rankz: recensione del software SEO veloce e preciso che permette ai privati, alle aziende e alle imprese di ottimizzare il proprio sito web a livello SEO.","og_url":"https:\/\/www.accuratereviews.com\/it\/strumenti-seo-lista-software\/rankz-recensione\/","og_site_name":"Accurate Reviews","article_modified_time":"2021-11-10T17:13:48+00:00","og_image":[{"width":318,"height":116,"url":"https:\/\/www.accuratereviews.com\/wp-content\/uploads\/2019\/10\/Schermata-2019-10-30-alle-13.54.56.png","type":"image\/png"}],"twitter_card":"summary_large_image","twitter_misc":{"Tempo di lettura stimato":"3 minuti"},"schema":{"@context":"https:\/\/schema.org","@graph":[{"@type":"WebPage","@id":"https:\/\/www.accuratereviews.com\/it\/strumenti-seo-lista-software\/rankz-recensione\/","url":"https:\/\/www.accuratereviews.com\/it\/strumenti-seo-lista-software\/rankz-recensione\/","name":"Rankz: recensione software SEO - Accurate Reviews","isPartOf":{"@id":"https:\/\/www.accuratereviews.com\/it\/#website"},"primaryImageOfPage":{"@id":"https:\/\/www.accuratereviews.com\/it\/strumenti-seo-lista-software\/rankz-recensione\/#primaryimage"},"image":{"@id":"https:\/\/www.accuratereviews.com\/it\/strumenti-seo-lista-software\/rankz-recensione\/#primaryimage"},"thumbnailUrl":"https:\/\/www.accuratereviews.com\/wp-content\/uploads\/2019\/10\/Schermata-2019-10-30-alle-13.54.56.png","datePublished":"2019-10-30T23:53:36+00:00","dateModified":"2021-11-10T17:13:48+00:00","description":"Rankz: recensione del software SEO veloce e preciso che permette ai privati, alle aziende e alle imprese di ottimizzare il proprio sito web a livello SEO.","breadcrumb":{"@id":"https:\/\/www.accuratereviews.com\/it\/strumenti-seo-lista-software\/rankz-recensione\/#breadcrumb"},"inLanguage":"it-IT","potentialAction":[{"@type":"ReadAction","target":["https:\/\/www.accuratereviews.com\/it\/strumenti-seo-lista-software\/rankz-recensione\/"]}]},{"@type":"ImageObject","inLanguage":"it-IT","@id":"https:\/\/www.accuratereviews.com\/it\/strumenti-seo-lista-software\/rankz-recensione\/#primaryimage","url":"https:\/\/www.accuratereviews.com\/wp-content\/uploads\/2019\/10\/Schermata-2019-10-30-alle-13.54.56.png","contentUrl":"https:\/\/www.accuratereviews.com\/wp-content\/uploads\/2019\/10\/Schermata-2019-10-30-alle-13.54.56.png","width":318,"height":116},{"@type":"BreadcrumbList","@id":"https:\/\/www.accuratereviews.com\/it\/strumenti-seo-lista-software\/rankz-recensione\/#breadcrumb","itemListElement":[{"@type":"ListItem","position":1,"name":"Home","item":"https:\/\/www.accuratereviews.com\/it\/"},{"@type":"ListItem","position":2,"name":"Strumenti SEO","item":"https:\/\/www.accuratereviews.com\/it\/strumenti-seo-lista-software\/"},{"@type":"ListItem","position":3,"name":"Rankz"}]},{"@type":"WebSite","@id":"https:\/\/www.accuratereviews.com\/it\/#website","url":"https:\/\/www.accuratereviews.com\/it\/","name":"Accurate Reviews","description":"","potentialAction":[{"@type":"SearchAction","target":{"@type":"EntryPoint","urlTemplate":"https:\/\/www.accuratereviews.com\/it\/?s={search_term_string}"},"query-input":{"@type":"PropertyValueSpecification","valueRequired":true,"valueName":"search_term_string"}}],"inLanguage":"it-IT"}]}},"_links":{"self":[{"href":"https:\/\/www.accuratereviews.com\/it\/wp-json\/wp\/v2\/pages\/19673","targetHints":{"allow":["GET"]}}],"collection":[{"href":"https:\/\/www.accuratereviews.com\/it\/wp-json\/wp\/v2\/pages"}],"about":[{"href":"https:\/\/www.accuratereviews.com\/it\/wp-json\/wp\/v2\/types\/page"}],"author":[{"embeddable":true,"href":"https:\/\/www.accuratereviews.com\/it\/wp-json\/wp\/v2\/users\/17"}],"replies":[{"embeddable":true,"href":"https:\/\/www.accuratereviews.com\/it\/wp-json\/wp\/v2\/comments?post=19673"}],"version-history":[{"count":9,"href":"https:\/\/www.accuratereviews.com\/it\/wp-json\/wp\/v2\/pages\/19673\/revisions"}],"predecessor-version":[{"id":49812,"href":"https:\/\/www.accuratereviews.com\/it\/wp-json\/wp\/v2\/pages\/19673\/revisions\/49812"}],"up":[{"embeddable":true,"href":"https:\/\/www.accuratereviews.com\/it\/wp-json\/wp\/v2\/pages\/8849"}],"wp:featuredmedia":[{"embeddable":true,"href":"https:\/\/www.accuratereviews.com\/it\/wp-json\/wp\/v2\/media\/19674"}],"wp:attachment":[{"href":"https:\/\/www.accuratereviews.com\/it\/wp-json\/wp\/v2\/media?parent=19673"}],"wp:term":[{"taxonomy":"category","embeddable":true,"href":"https:\/\/www.accuratereviews.com\/it\/wp-json\/wp\/v2\/categories?post=19673"},{"taxonomy":"post_tag","embeddable":true,"href":"https:\/\/www.accuratereviews.com\/it\/wp-json\/wp\/v2\/tags?post=19673"},{"taxonomy":"features","embeddable":true,"href":"https:\/\/www.accuratereviews.com\/it\/wp-json\/wp\/v2\/features?post=19673"}],"curies":[{"name":"wp","href":"https:\/\/api.w.org\/{rel}","templated":true}]}}