{"id":19688,"date":"2019-10-30T23:52:27","date_gmt":"2019-10-30T23:52:27","guid":{"rendered":"https:\/\/www.accuratereviews.com\/?page_id=19688"},"modified":"2021-11-10T14:37:02","modified_gmt":"2021-11-10T14:37:02","slug":"outbrain-amplify-recensione","status":"publish","type":"page","link":"https:\/\/www.accuratereviews.com\/it\/strumenti-seo-lista-software\/outbrain-amplify-recensione\/","title":{"rendered":"Outbrain Amplify"},"content":{"rendered":"<p><strong>Outbrain Amplify<\/strong> \u00e8 una piattaforma pubblicitaria che permette a esperti di marketing, a consumatori e a editori di tutto il mondo di creare campagne pubblicitarie con<strong> contenuti ottimizzati a livello SEO.<\/strong> Dispone infatti di numerosi strumenti avanzati che ti aiutano a migliorare la gestione dei contenuti del tuo sito web sino a raggiungere una <strong>posizione pi\u00f9 alta nei motori di ricerca<\/strong>. Questo avviene nel momento in cui si riescono a raggiungere gli obiettivi prefissati, condividendo i contenuti con un pubblico pi\u00f9 mirato. Grazie a Outbrain Amplify, potrai avere il pieno <strong>controllo editoriale<\/strong> e, comprendendo meglio i tuoi lettori, potrai offrire loro un&#8217;esperienza migliore.<\/p>\n<h2>COME UTILIZZARE OUTBRAIN AMPLIFY &#8211; TUTORIAL<\/h2>\n<p>Cerchiamo di capire meglio come funziona questo software tramite questo video:<\/p>\n<div id=\"fluid-wrapper-counter-1\" class=\"g1-fluid-wrapper \" style=\"width:686px;\">\n<div style=\"padding-bottom:56.268221574344%;\"><iframe loading=\"lazy\" title=\"Outbrain Amplify Dashboard Walkthrough\" width=\"686\" height=\"386\" src=\"https:\/\/www.youtube.com\/embed\/hLrCe2RXFx4?feature=oembed&amp;wmode=transparent&amp;autohide=1&amp;autoplay=0&amp;disablekb=0&amp;fs=1&amp;loop=0&amp;enablejsapi=1&amp;rel=0&amp;controls=2&amp;showinfo=0&amp;wmode=transparent&amp;autohide=2&amp;autoplay=0&amp;disablekb=0&amp;fs=1&amp;loop=0&amp;enablejsapi=1&amp;rel=0&amp;controls=2&amp;showinfo=1\" frameborder=\"0\" allow=\"accelerometer; autoplay; clipboard-write; encrypted-media; gyroscope; picture-in-picture\" allowfullscreen><\/iframe><\/div>\n<\/div>\n<h3>OUTBRAIN AMPLIFY &#8211; CARATTERISTICHE<\/h3>\n<p>Diamo un&#8217;occhiata alle sue caratteristiche principali:<\/p>\n<div class=\"tlid-results-container results-container\">\n<div class=\"tlid-result result-dict-wrapper\">\n<div class=\"result tlid-copy-target\">\n<div class=\"text-wrap tlid-copy-target\">\n<ul>\n<li class=\"result-shield-container tlid-copy-target\" tabindex=\"0\"><span class=\"tlid-translation translation\" lang=\"it\"><strong>Strumenti per la creazione di contenuti<\/strong>: crea, scrivi, progetta e cura i contenuti del tuo sito web<\/span><\/li>\n<li class=\"result-shield-container tlid-copy-target\" tabindex=\"0\"><span class=\"tlid-translation translation\" lang=\"it\"><strong>Buyer personas<\/strong>: imposta le persone acquirenti in modo da o indirizzare i contenuti al pubblico pi\u00f9 prezioso<\/span><\/li>\n<li class=\"result-shield-container tlid-copy-target\" tabindex=\"0\"><span class=\"tlid-translation translation\" lang=\"it\"><strong>Ottimizzazione SEO<\/strong>: ottimizza i contenuti per aumentare la classifica dei risultati dei motori di ricerca<\/span><\/li>\n<li class=\"result-shield-container tlid-copy-target\" tabindex=\"0\"><span class=\"tlid-translation translation\" lang=\"it\"><strong>Report<\/strong>: accedi a dashboard e analisi predefiniti e personalizzati sulle prestazioni dei contenuti.<\/span><\/li>\n<li class=\"result-shield-container tlid-copy-target\" tabindex=\"0\"><span class=\"tlid-translation translation\" lang=\"it\"><strong>Targeting per pubblico<\/strong>: distribuisci diverse versioni di pagine Web in base ai dati demografici, all&#8217;attivit\u00e0 degli utenti e cos\u00ec via con una configurazione immediata.<br \/>\n<\/span><\/li>\n<\/ul>\n<h3>LE RECENSIONI DEGLI UTENTI<\/h3>\n<ul>\n<li><strong>&#8220;Vuoi raggiungere un pubblico pi\u00f9 ampio?&#8221;<\/strong><br \/>\nIN GENERALE: Uso Outbrain &#8211; Amplify per raggiungere il pubblico di tutto il mondo per promuovere i miei prodotti. \u00c8 stata una vera mano per ridimensionare. Vedo molti buoni editori sulla rete (nella maggior parte dei paesi) che hanno ricevuto tonnellate di traffico ogni giorno. Puoi creare campagne in pi\u00f9 paesi e pagare in una sola valuta per facilitare la segnalazione! Lavoro con altri strumenti pubblicitari nativi e direi che il design di UX \u00e8 molto pi\u00f9 semplice e facile di quello che vedo altrove. Ultimo ma non meno importante, l&#8217;assistenza clienti \u00e8 di prim&#8217;ordine! Veloce, nitido e di supporto!<br \/>\nPRO:<br \/>\n&#8211; Impostazione della campagna semplice e veloce,<br \/>\n&#8211; Targeting GEO molto specifico,<br \/>\n&#8211; Eccellente tracciamento,<br \/>\n&#8211; Raggiungimento del pubblico a un prezzo equo,<br \/>\n&#8211; Report rapidi e affidabili.<br \/>\nCONTRO:<br \/>\n&#8211; Nessuna anteprima annunci una volta che la campagna \u00e8 online,<br \/>\n&#8211; Impossibile indirizzare il mercato cinese<\/li>\n<li><strong>&#8220;Un modo fantastico per raggiungere nuovi clienti!&#8221;<\/strong><br \/>\nIN GENERALE: utile per raggiungere nuovi utenti<br \/>\nPRO: \u00e8 un ottimo modo per raggiungere il miglior pubblico al momento giusto. Outbrain ci offre il miglior ROI che abbiamo mai visto da altre piattaforme PPC.<br \/>\nCONTRO: ha un&#8217;interfaccia utente intuitiva e ottimi modi per raggiungere diversi destinatari. L&#8217;unico inconveniente \u00e8 che \u00e8 necessario un breve periodo di addestramento sul sistema.<\/li>\n<li><strong>&#8220;Ottimo strumento se usato correttamente e costantemente finetuning&#8221;<\/strong><br \/>\nIN GENERALE: era buono, ma i costi di gestione potrebbero essere schiaccianti.<br \/>\nPRO: Interfaccia facile da usare che consente aggiornamenti e rapporti in tempo reale.<br \/>\nVisualizzazione completa dei risultati che consentono al team di apportare miglioramenti che avranno un impatto immediato sul rendimento della campagna.<br \/>\nCONTRO: un lungo tempo di installazione, \u00e8 necessario prima fare una campagna di prova per vedere se soddisfa i requisiti e continuare ad aggiornarlo fino ad ottenere risultati soddisfacenti.<br \/>\nDevi anche tenere traccia dei CPC e vedere se registrati nel programma di analisi delle campagne.<\/li>\n<\/ul>\n<\/div>\n<\/div>\n<\/div>\n<\/div>\n","protected":false},"excerpt":{"rendered":"<p>Outbrain Amplify \u00e8 una piattaforma pubblicitaria che permette a esperti di marketing, a consumatori e a editori di tutto il mondo di creare campagne pubblicitarie con contenuti ottimizzati a livello SEO. Dispone infatti di numerosi strumenti avanzati che ti aiutano a migliorare la gestione dei contenuti del tuo sito web sino a raggiungere una posizione pi\u00f9 alta nei motori di ricerca.<\/p>\n","protected":false},"author":17,"featured_media":19690,"parent":8849,"menu_order":0,"comment_status":"open","ping_status":"closed","template":"g1_template_page_review_new.php","meta":{"_acf_changed":false,"cwp_meta_box_check":"No","cwp_rev_product_name":"","cwp_rev_product_image":"","wppr_links":[],"cwp_rev_price":"","wppr_options":[],"wppr_pros":[],"wppr_cons":[],"_monsterinsights_skip_tracking":false,"_monsterinsights_sitenote_active":false,"_monsterinsights_sitenote_note":"","_monsterinsights_sitenote_category":0,"footnotes":""},"categories":[175],"tags":[1401,1430,1431,1421],"features":[],"class_list":{"0":"post-19688","1":"page","2":"type-page","3":"status-publish","4":"has-post-thumbnail","6":"category-strumenti-seo-categoria","7":"tag-analisi-seo","8":"tag-motore-di-tracciamento-seo","9":"tag-ottimizzazione-seo","10":"tag-programma-seo"},"wppr_data":{"cwp_meta_box_check":"No"},"acf":[],"yoast_head":"<!-- This site is optimized with the Yoast SEO plugin v27.4 - https:\/\/yoast.com\/product\/yoast-seo-wordpress\/ -->\n<title>Outbrain Amplify: recensione programma SEO - Accurate Reviews<\/title>\n<meta name=\"description\" content=\"Outbrain Amplify \u00e8 una piattaforma pubblicitaria che permette di creare campagne pubblicitarie con contenuti ottimizzati a livello SEO.\" \/>\n<meta name=\"robots\" content=\"index, follow, max-snippet:-1, max-image-preview:large, max-video-preview:-1\" \/>\n<link rel=\"canonical\" href=\"https:\/\/www.accuratereviews.com\/it\/strumenti-seo-lista-software\/outbrain-amplify-recensione\/\" \/>\n<meta property=\"og:locale\" content=\"it_IT\" \/>\n<meta property=\"og:type\" content=\"article\" \/>\n<meta property=\"og:title\" content=\"Outbrain Amplify: recensione programma SEO - Accurate Reviews\" \/>\n<meta property=\"og:description\" content=\"Outbrain Amplify \u00e8 una piattaforma pubblicitaria che permette di creare campagne pubblicitarie con contenuti ottimizzati a livello SEO.\" \/>\n<meta property=\"og:url\" content=\"https:\/\/www.accuratereviews.com\/it\/strumenti-seo-lista-software\/outbrain-amplify-recensione\/\" \/>\n<meta property=\"og:site_name\" content=\"Accurate Reviews\" \/>\n<meta property=\"article:modified_time\" content=\"2021-11-10T14:37:02+00:00\" \/>\n<meta property=\"og:image\" content=\"https:\/\/www.accuratereviews.com\/wp-content\/uploads\/2019\/10\/img5588417149174352803.jpg\" \/>\n\t<meta property=\"og:image:width\" content=\"550\" \/>\n\t<meta property=\"og:image:height\" content=\"309\" \/>\n\t<meta property=\"og:image:type\" content=\"image\/jpeg\" \/>\n<meta name=\"twitter:card\" content=\"summary_large_image\" \/>\n<meta name=\"twitter:label1\" content=\"Tempo di lettura stimato\" \/>\n\t<meta name=\"twitter:data1\" content=\"3 minuti\" \/>\n<script type=\"application\/ld+json\" class=\"yoast-schema-graph\">{\"@context\":\"https:\\\/\\\/schema.org\",\"@graph\":[{\"@type\":\"WebPage\",\"@id\":\"https:\\\/\\\/www.accuratereviews.com\\\/it\\\/strumenti-seo-lista-software\\\/outbrain-amplify-recensione\\\/\",\"url\":\"https:\\\/\\\/www.accuratereviews.com\\\/it\\\/strumenti-seo-lista-software\\\/outbrain-amplify-recensione\\\/\",\"name\":\"Outbrain Amplify: recensione programma SEO - Accurate Reviews\",\"isPartOf\":{\"@id\":\"https:\\\/\\\/www.accuratereviews.com\\\/it\\\/#website\"},\"primaryImageOfPage\":{\"@id\":\"https:\\\/\\\/www.accuratereviews.com\\\/it\\\/strumenti-seo-lista-software\\\/outbrain-amplify-recensione\\\/#primaryimage\"},\"image\":{\"@id\":\"https:\\\/\\\/www.accuratereviews.com\\\/it\\\/strumenti-seo-lista-software\\\/outbrain-amplify-recensione\\\/#primaryimage\"},\"thumbnailUrl\":\"https:\\\/\\\/www.accuratereviews.com\\\/wp-content\\\/uploads\\\/2019\\\/10\\\/img5588417149174352803.jpg\",\"datePublished\":\"2019-10-30T23:52:27+00:00\",\"dateModified\":\"2021-11-10T14:37:02+00:00\",\"description\":\"Outbrain Amplify \u00e8 una piattaforma pubblicitaria che permette di creare campagne pubblicitarie con contenuti ottimizzati a livello SEO.\",\"breadcrumb\":{\"@id\":\"https:\\\/\\\/www.accuratereviews.com\\\/it\\\/strumenti-seo-lista-software\\\/outbrain-amplify-recensione\\\/#breadcrumb\"},\"inLanguage\":\"it-IT\",\"potentialAction\":[{\"@type\":\"ReadAction\",\"target\":[\"https:\\\/\\\/www.accuratereviews.com\\\/it\\\/strumenti-seo-lista-software\\\/outbrain-amplify-recensione\\\/\"]}]},{\"@type\":\"ImageObject\",\"inLanguage\":\"it-IT\",\"@id\":\"https:\\\/\\\/www.accuratereviews.com\\\/it\\\/strumenti-seo-lista-software\\\/outbrain-amplify-recensione\\\/#primaryimage\",\"url\":\"https:\\\/\\\/www.accuratereviews.com\\\/wp-content\\\/uploads\\\/2019\\\/10\\\/img5588417149174352803.jpg\",\"contentUrl\":\"https:\\\/\\\/www.accuratereviews.com\\\/wp-content\\\/uploads\\\/2019\\\/10\\\/img5588417149174352803.jpg\",\"width\":550,\"height\":309},{\"@type\":\"BreadcrumbList\",\"@id\":\"https:\\\/\\\/www.accuratereviews.com\\\/it\\\/strumenti-seo-lista-software\\\/outbrain-amplify-recensione\\\/#breadcrumb\",\"itemListElement\":[{\"@type\":\"ListItem\",\"position\":1,\"name\":\"Home\",\"item\":\"https:\\\/\\\/www.accuratereviews.com\\\/it\\\/\"},{\"@type\":\"ListItem\",\"position\":2,\"name\":\"Strumenti SEO\",\"item\":\"https:\\\/\\\/www.accuratereviews.com\\\/it\\\/strumenti-seo-lista-software\\\/\"},{\"@type\":\"ListItem\",\"position\":3,\"name\":\"Outbrain Amplify\"}]},{\"@type\":\"WebSite\",\"@id\":\"https:\\\/\\\/www.accuratereviews.com\\\/it\\\/#website\",\"url\":\"https:\\\/\\\/www.accuratereviews.com\\\/it\\\/\",\"name\":\"Accurate Reviews\",\"description\":\"\",\"potentialAction\":[{\"@type\":\"SearchAction\",\"target\":{\"@type\":\"EntryPoint\",\"urlTemplate\":\"https:\\\/\\\/www.accuratereviews.com\\\/it\\\/?s={search_term_string}\"},\"query-input\":{\"@type\":\"PropertyValueSpecification\",\"valueRequired\":true,\"valueName\":\"search_term_string\"}}],\"inLanguage\":\"it-IT\"}]}<\/script>\n<!-- \/ Yoast SEO plugin. -->","yoast_head_json":{"title":"Outbrain Amplify: recensione programma SEO - Accurate Reviews","description":"Outbrain Amplify \u00e8 una piattaforma pubblicitaria che permette di creare campagne pubblicitarie con contenuti ottimizzati a livello SEO.","robots":{"index":"index","follow":"follow","max-snippet":"max-snippet:-1","max-image-preview":"max-image-preview:large","max-video-preview":"max-video-preview:-1"},"canonical":"https:\/\/www.accuratereviews.com\/it\/strumenti-seo-lista-software\/outbrain-amplify-recensione\/","og_locale":"it_IT","og_type":"article","og_title":"Outbrain Amplify: recensione programma SEO - Accurate Reviews","og_description":"Outbrain Amplify \u00e8 una piattaforma pubblicitaria che permette di creare campagne pubblicitarie con contenuti ottimizzati a livello SEO.","og_url":"https:\/\/www.accuratereviews.com\/it\/strumenti-seo-lista-software\/outbrain-amplify-recensione\/","og_site_name":"Accurate Reviews","article_modified_time":"2021-11-10T14:37:02+00:00","og_image":[{"width":550,"height":309,"url":"https:\/\/www.accuratereviews.com\/wp-content\/uploads\/2019\/10\/img5588417149174352803.jpg","type":"image\/jpeg"}],"twitter_card":"summary_large_image","twitter_misc":{"Tempo di lettura stimato":"3 minuti"},"schema":{"@context":"https:\/\/schema.org","@graph":[{"@type":"WebPage","@id":"https:\/\/www.accuratereviews.com\/it\/strumenti-seo-lista-software\/outbrain-amplify-recensione\/","url":"https:\/\/www.accuratereviews.com\/it\/strumenti-seo-lista-software\/outbrain-amplify-recensione\/","name":"Outbrain Amplify: recensione programma SEO - Accurate Reviews","isPartOf":{"@id":"https:\/\/www.accuratereviews.com\/it\/#website"},"primaryImageOfPage":{"@id":"https:\/\/www.accuratereviews.com\/it\/strumenti-seo-lista-software\/outbrain-amplify-recensione\/#primaryimage"},"image":{"@id":"https:\/\/www.accuratereviews.com\/it\/strumenti-seo-lista-software\/outbrain-amplify-recensione\/#primaryimage"},"thumbnailUrl":"https:\/\/www.accuratereviews.com\/wp-content\/uploads\/2019\/10\/img5588417149174352803.jpg","datePublished":"2019-10-30T23:52:27+00:00","dateModified":"2021-11-10T14:37:02+00:00","description":"Outbrain Amplify \u00e8 una piattaforma pubblicitaria che permette di creare campagne pubblicitarie con contenuti ottimizzati a livello SEO.","breadcrumb":{"@id":"https:\/\/www.accuratereviews.com\/it\/strumenti-seo-lista-software\/outbrain-amplify-recensione\/#breadcrumb"},"inLanguage":"it-IT","potentialAction":[{"@type":"ReadAction","target":["https:\/\/www.accuratereviews.com\/it\/strumenti-seo-lista-software\/outbrain-amplify-recensione\/"]}]},{"@type":"ImageObject","inLanguage":"it-IT","@id":"https:\/\/www.accuratereviews.com\/it\/strumenti-seo-lista-software\/outbrain-amplify-recensione\/#primaryimage","url":"https:\/\/www.accuratereviews.com\/wp-content\/uploads\/2019\/10\/img5588417149174352803.jpg","contentUrl":"https:\/\/www.accuratereviews.com\/wp-content\/uploads\/2019\/10\/img5588417149174352803.jpg","width":550,"height":309},{"@type":"BreadcrumbList","@id":"https:\/\/www.accuratereviews.com\/it\/strumenti-seo-lista-software\/outbrain-amplify-recensione\/#breadcrumb","itemListElement":[{"@type":"ListItem","position":1,"name":"Home","item":"https:\/\/www.accuratereviews.com\/it\/"},{"@type":"ListItem","position":2,"name":"Strumenti SEO","item":"https:\/\/www.accuratereviews.com\/it\/strumenti-seo-lista-software\/"},{"@type":"ListItem","position":3,"name":"Outbrain Amplify"}]},{"@type":"WebSite","@id":"https:\/\/www.accuratereviews.com\/it\/#website","url":"https:\/\/www.accuratereviews.com\/it\/","name":"Accurate Reviews","description":"","potentialAction":[{"@type":"SearchAction","target":{"@type":"EntryPoint","urlTemplate":"https:\/\/www.accuratereviews.com\/it\/?s={search_term_string}"},"query-input":{"@type":"PropertyValueSpecification","valueRequired":true,"valueName":"search_term_string"}}],"inLanguage":"it-IT"}]}},"_links":{"self":[{"href":"https:\/\/www.accuratereviews.com\/it\/wp-json\/wp\/v2\/pages\/19688","targetHints":{"allow":["GET"]}}],"collection":[{"href":"https:\/\/www.accuratereviews.com\/it\/wp-json\/wp\/v2\/pages"}],"about":[{"href":"https:\/\/www.accuratereviews.com\/it\/wp-json\/wp\/v2\/types\/page"}],"author":[{"embeddable":true,"href":"https:\/\/www.accuratereviews.com\/it\/wp-json\/wp\/v2\/users\/17"}],"replies":[{"embeddable":true,"href":"https:\/\/www.accuratereviews.com\/it\/wp-json\/wp\/v2\/comments?post=19688"}],"version-history":[{"count":3,"href":"https:\/\/www.accuratereviews.com\/it\/wp-json\/wp\/v2\/pages\/19688\/revisions"}],"predecessor-version":[{"id":49758,"href":"https:\/\/www.accuratereviews.com\/it\/wp-json\/wp\/v2\/pages\/19688\/revisions\/49758"}],"up":[{"embeddable":true,"href":"https:\/\/www.accuratereviews.com\/it\/wp-json\/wp\/v2\/pages\/8849"}],"wp:featuredmedia":[{"embeddable":true,"href":"https:\/\/www.accuratereviews.com\/it\/wp-json\/wp\/v2\/media\/19690"}],"wp:attachment":[{"href":"https:\/\/www.accuratereviews.com\/it\/wp-json\/wp\/v2\/media?parent=19688"}],"wp:term":[{"taxonomy":"category","embeddable":true,"href":"https:\/\/www.accuratereviews.com\/it\/wp-json\/wp\/v2\/categories?post=19688"},{"taxonomy":"post_tag","embeddable":true,"href":"https:\/\/www.accuratereviews.com\/it\/wp-json\/wp\/v2\/tags?post=19688"},{"taxonomy":"features","embeddable":true,"href":"https:\/\/www.accuratereviews.com\/it\/wp-json\/wp\/v2\/features?post=19688"}],"curies":[{"name":"wp","href":"https:\/\/api.w.org\/{rel}","templated":true}]}}