{"id":19696,"date":"2019-10-31T15:58:48","date_gmt":"2019-10-31T15:58:48","guid":{"rendered":"https:\/\/www.accuratereviews.com\/?page_id=19696"},"modified":"2021-11-10T15:37:39","modified_gmt":"2021-11-10T15:37:39","slug":"brightedge-recensione","status":"publish","type":"page","link":"https:\/\/www.accuratereviews.com\/it\/strumenti-seo-lista-software\/brightedge-recensione\/","title":{"rendered":"BrightEdge"},"content":{"rendered":"<p><strong>BrightEdge<\/strong> \u00e8 un <strong>sistema SEO<\/strong> dotato di strumenti per il marketing, generazione di contenuti efficaci e altamente produttivi. La piattaforma S3 di di questo programma \u00a0\u00e8 alimentata da un sofisticato motore di analisi dei big data ed \u00e8 l&#8217;unica azienda in grado di misurare in tempo reale sul Web il coinvolgimento dei contenuti su tutti i canali digitali, inclusi ricerca, social e mobile. Oltre 8500 marchi globali tra cui<strong> 3M, Microsoft, Netflix e Nike<\/strong> sfruttano la tecnologia <strong>BrightEdge<\/strong>. Crea meravigliosi grafici e dashboard in pochi istanti, rispondi rapidamente alle query e analizza i dati in tempo reale e ricava preziose informazioni.<\/p>\n<h2>BRIGHEDE &#8211; TUTORIAL<\/h2>\n<p>Il tutorial che seguir\u00e0 mostra come trovare le parole chiave da inserire nei tuoi contenuti sfruttando la tecnologia di questo <strong>software SEO<\/strong>:<\/p>\n<div id=\"fluid-wrapper-counter-1\" class=\"g1-fluid-wrapper \" style=\"width:686px;\">\n<div style=\"padding-bottom:56.268221574344%;\"><iframe loading=\"lazy\" title=\"Find striking distance keywords using Content Research (Data Cube) in BrightEdge\" width=\"686\" height=\"386\" src=\"https:\/\/www.youtube.com\/embed\/swrKXjvaSNI?feature=oembed&amp;wmode=transparent&amp;autohide=1&amp;autoplay=0&amp;disablekb=0&amp;fs=1&amp;loop=0&amp;enablejsapi=1&amp;rel=0&amp;controls=2&amp;showinfo=0&amp;wmode=transparent&amp;autohide=2&amp;autoplay=0&amp;disablekb=0&amp;fs=1&amp;loop=0&amp;enablejsapi=1&amp;rel=0&amp;controls=2&amp;showinfo=1\" frameborder=\"0\" allow=\"accelerometer; autoplay; clipboard-write; encrypted-media; gyroscope; picture-in-picture\" allowfullscreen><\/iframe><\/div>\n<\/div>\n<h3>BRIGHEDE &#8211; CARATTERISTICHE<\/h3>\n<ul>\n<li><strong>Ricerca:<\/strong> \u00a0scopri cosa cercano i clienti e raggiungili prima dei concorrenti<\/li>\n<li><strong>Soddisfare:<\/strong> crea una strategia di content marketing mirata, performante e piacevole<\/li>\n<li><strong>Social:<\/strong> potenzia le prestazioni delle tue campagne social Facebook e Twitter<\/li>\n<li><strong>Locale:<\/strong> colma il divario tra posizioni digitali e fisiche con contenuti intelligenti<\/li>\n<\/ul>\n<h4>LE RECENSIONI DEGLI UTENTI<\/h4>\n<h4>Stephanie E. &#8220;Ottimo strumento per la SEO. Ha tutte le funzionalit\u00e0 di cui potresti aver bisogno.&#8221;<\/h4>\n<p><strong>Vantaggi<\/strong>: raccomandazioni nel sistema basate su parole chiave e pagine preferite per parola chiave. Ottimo controllo di audit dello stato del sito che stabilisce ci\u00f2 che deve essere risolto, per importanza. (Puoi anche assegnare valore alle pagine di Google Analytics, cos\u00ec avrai un&#8217;idea migliore di cosa risolvere prima.) Squadra straordinaria dietro il prodotto che \u00e8 sempre alla ricerca di input da parte del cliente per migliorare e aggiungere opzioni. Assegnare attivit\u00e0 specifiche alle persone in base alla funzione, ad esempio assegnare uno sviluppatore per risolvere un problema di velocit\u00e0 o assegnare un designer per aggiungere una meta descrizione a una pagina. Tieni traccia dell&#8217;avanzamento delle attivit\u00e0 assegnate. Il sistema segner\u00e0 automaticamente qualcosa fatto quando rileva che un&#8217;attivit\u00e0 \u00e8 stata completata. Solo un prodotto straordinario in tanti modi. La formazione e la certificazione non possono essere battute. La mia parte preferita di Brightedge \u00e8 che nell&#8217;analisi delle parole chiave puoi trovare parole chiave di alto valore e bassa concorrenza di cui scrivere. Questo ci ha aiutato a raggiungere la presenza della prima pagina per alcune parole chiave di valore molto elevato. Abbiamo anche usato il loro aiuto per iniziare a creare pagine con Google Schema e abbiamo ottenuto risultati sorprendenti.<\/p>\n<p><strong>Inconvenienti<\/strong>: il loro onboarding \u00e8 eccellente, ma ci vuole ancora un po &#8216;di tempo per abituarsi all&#8217;intero sistema di ricerca e aggiunta di parole chiave, mappatura di una parola chiave su una pagina preferita e quindi ottenere e completare attivit\u00e0. Una volta capito e abituato a come funziona, \u00e8 fantastico. Tuttavia, devi essere estremamente impegnato e trascorrere un bel po &#8216;di tempo su base regolare per farlo accadere.<\/p>\n<h4>Jared T. &#8220;Molto robusto &#8211; Ottimo strumento&#8221;<\/h4>\n<p><strong>Vantaggi<\/strong>: Abbiamo usato Brightedge per guidare i nostri sforzi SEO negli ultimi anni. Il set di strumenti \u00e8 pieno di funzionalit\u00e0 e guida il flusso di lavoro per il nostro team SEO. Adoro la dashboard a cui accedono quotidianamente che indirizza il loro lavoro verso le massime priorit\u00e0. Di recente abbiamo aggiunto anche i loro strumenti di &#8220;contenuto&#8221; al mix. Non molto esperto qui come stiamo allenando solo ora sugli strumenti di contenuto, ma sono rimasto impressionato da ci\u00f2 che ho visto finora.<\/p>\n<p><strong>Inconvenienti<\/strong>: c&#8217;\u00e8 cos\u00ec tanto nella loro offerta che la navigazione e capire come ottenere ci\u00f2 che si desidera dallo strumento a volte pu\u00f2 essere difficile.<\/p>\n<h4>Christina D. &#8220;Ottimo strumento SEO&#8221;<\/h4>\n<p><strong>Commenti<\/strong>: BrightEdge \u00e8 un ottimo strumento per monitorare progetti SEO e darti nuove idee sulle parole chiave<\/p>\n<p><strong>Vantaggi<\/strong>: i consigli sono fantastici e continuano ad aggiungere pi\u00f9 funzionalit\u00e0 costantemente<\/p>\n<p><strong>Inconvenienti<\/strong>: a volte le integrazioni con l&#8217;analisi sono disattivate<\/p>\n","protected":false},"excerpt":{"rendered":"<p>BrightEdge \u00e8 un sistema SEO dotato di strumenti per il marketing, generazione di contenuti efficaci e altamente produttivi. La piattaforma S3 di di questo programma \u00a0\u00e8 alimentata da un sofisticato motore di analisi dei big data ed \u00e8 l&#8217;unica azienda in grado di misurare in tempo reale sul Web il coinvolgimento dei contenuti su tutti i canali digitali, inclusi ricerca, social e mobile.<\/p>\n","protected":false},"author":19,"featured_media":19697,"parent":8849,"menu_order":0,"comment_status":"open","ping_status":"closed","template":"g1_template_page_review_new.php","meta":{"_acf_changed":false,"cwp_meta_box_check":"Yes","cwp_rev_product_name":"","cwp_rev_product_image":"","wppr_links":[],"cwp_rev_price":"","wppr_options":[],"wppr_pros":[],"wppr_cons":[],"_monsterinsights_skip_tracking":false,"_monsterinsights_sitenote_active":false,"_monsterinsights_sitenote_note":"","_monsterinsights_sitenote_category":0,"footnotes":""},"categories":[175],"tags":[1434,1421,1420,1417,885],"features":[],"class_list":{"0":"post-19696","1":"page","2":"type-page","3":"status-publish","4":"has-post-thumbnail","6":"category-strumenti-seo-categoria","7":"tag-brightedge","8":"tag-programma-seo","9":"tag-software-seo","10":"tag-soluzione-seo","11":"tag-strumenti-seo"},"wppr_data":{"cwp_meta_box_check":"Yes","cwp_rev_product_name":"","cwp_rev_product_image":"","cwp_image_link":"image","cwp_rev_price":"","wppr_rating":"0.00"},"acf":[],"yoast_head":"<!-- This site is optimized with the Yoast SEO plugin v27.4 - https:\/\/yoast.com\/product\/yoast-seo-wordpress\/ -->\n<title>BrightEdge: recensione software SEO - Accurate Reviews<\/title>\n<meta name=\"description\" content=\"BrightEdge: recensione sistema SEO dotato di strumenti per il marketing, generazione di contenuti efficaci e altamente produttivi.\" \/>\n<meta name=\"robots\" content=\"index, follow, max-snippet:-1, max-image-preview:large, max-video-preview:-1\" \/>\n<link rel=\"canonical\" href=\"https:\/\/www.accuratereviews.com\/it\/strumenti-seo-lista-software\/brightedge-recensione\/\" \/>\n<meta property=\"og:locale\" content=\"it_IT\" \/>\n<meta property=\"og:type\" content=\"article\" \/>\n<meta property=\"og:title\" content=\"BrightEdge: recensione software SEO - Accurate Reviews\" \/>\n<meta property=\"og:description\" content=\"BrightEdge: recensione sistema SEO dotato di strumenti per il marketing, generazione di contenuti efficaci e altamente produttivi.\" \/>\n<meta property=\"og:url\" content=\"https:\/\/www.accuratereviews.com\/it\/strumenti-seo-lista-software\/brightedge-recensione\/\" \/>\n<meta property=\"og:site_name\" content=\"Accurate Reviews\" \/>\n<meta property=\"article:modified_time\" content=\"2021-11-10T15:37:39+00:00\" \/>\n<meta property=\"og:image\" content=\"https:\/\/www.accuratereviews.com\/wp-content\/uploads\/2019\/10\/BrightEdge.png\" \/>\n\t<meta property=\"og:image:width\" content=\"256\" \/>\n\t<meta property=\"og:image:height\" content=\"256\" \/>\n\t<meta property=\"og:image:type\" content=\"image\/png\" \/>\n<meta name=\"twitter:card\" content=\"summary_large_image\" \/>\n<meta name=\"twitter:label1\" content=\"Tempo di lettura stimato\" \/>\n\t<meta name=\"twitter:data1\" content=\"3 minuti\" \/>\n<script type=\"application\/ld+json\" class=\"yoast-schema-graph\">{\"@context\":\"https:\\\/\\\/schema.org\",\"@graph\":[{\"@type\":\"WebPage\",\"@id\":\"https:\\\/\\\/www.accuratereviews.com\\\/it\\\/strumenti-seo-lista-software\\\/brightedge-recensione\\\/\",\"url\":\"https:\\\/\\\/www.accuratereviews.com\\\/it\\\/strumenti-seo-lista-software\\\/brightedge-recensione\\\/\",\"name\":\"BrightEdge: recensione software SEO - Accurate Reviews\",\"isPartOf\":{\"@id\":\"https:\\\/\\\/www.accuratereviews.com\\\/it\\\/#website\"},\"primaryImageOfPage\":{\"@id\":\"https:\\\/\\\/www.accuratereviews.com\\\/it\\\/strumenti-seo-lista-software\\\/brightedge-recensione\\\/#primaryimage\"},\"image\":{\"@id\":\"https:\\\/\\\/www.accuratereviews.com\\\/it\\\/strumenti-seo-lista-software\\\/brightedge-recensione\\\/#primaryimage\"},\"thumbnailUrl\":\"https:\\\/\\\/www.accuratereviews.com\\\/wp-content\\\/uploads\\\/2019\\\/10\\\/BrightEdge.png\",\"datePublished\":\"2019-10-31T15:58:48+00:00\",\"dateModified\":\"2021-11-10T15:37:39+00:00\",\"description\":\"BrightEdge: recensione sistema SEO dotato di strumenti per il marketing, generazione di contenuti efficaci e altamente produttivi.\",\"breadcrumb\":{\"@id\":\"https:\\\/\\\/www.accuratereviews.com\\\/it\\\/strumenti-seo-lista-software\\\/brightedge-recensione\\\/#breadcrumb\"},\"inLanguage\":\"it-IT\",\"potentialAction\":[{\"@type\":\"ReadAction\",\"target\":[\"https:\\\/\\\/www.accuratereviews.com\\\/it\\\/strumenti-seo-lista-software\\\/brightedge-recensione\\\/\"]}]},{\"@type\":\"ImageObject\",\"inLanguage\":\"it-IT\",\"@id\":\"https:\\\/\\\/www.accuratereviews.com\\\/it\\\/strumenti-seo-lista-software\\\/brightedge-recensione\\\/#primaryimage\",\"url\":\"https:\\\/\\\/www.accuratereviews.com\\\/wp-content\\\/uploads\\\/2019\\\/10\\\/BrightEdge.png\",\"contentUrl\":\"https:\\\/\\\/www.accuratereviews.com\\\/wp-content\\\/uploads\\\/2019\\\/10\\\/BrightEdge.png\",\"width\":256,\"height\":256},{\"@type\":\"BreadcrumbList\",\"@id\":\"https:\\\/\\\/www.accuratereviews.com\\\/it\\\/strumenti-seo-lista-software\\\/brightedge-recensione\\\/#breadcrumb\",\"itemListElement\":[{\"@type\":\"ListItem\",\"position\":1,\"name\":\"Home\",\"item\":\"https:\\\/\\\/www.accuratereviews.com\\\/it\\\/\"},{\"@type\":\"ListItem\",\"position\":2,\"name\":\"Strumenti SEO\",\"item\":\"https:\\\/\\\/www.accuratereviews.com\\\/it\\\/strumenti-seo-lista-software\\\/\"},{\"@type\":\"ListItem\",\"position\":3,\"name\":\"BrightEdge\"}]},{\"@type\":\"WebSite\",\"@id\":\"https:\\\/\\\/www.accuratereviews.com\\\/it\\\/#website\",\"url\":\"https:\\\/\\\/www.accuratereviews.com\\\/it\\\/\",\"name\":\"Accurate Reviews\",\"description\":\"\",\"potentialAction\":[{\"@type\":\"SearchAction\",\"target\":{\"@type\":\"EntryPoint\",\"urlTemplate\":\"https:\\\/\\\/www.accuratereviews.com\\\/it\\\/?s={search_term_string}\"},\"query-input\":{\"@type\":\"PropertyValueSpecification\",\"valueRequired\":true,\"valueName\":\"search_term_string\"}}],\"inLanguage\":\"it-IT\"}]}<\/script>\n<!-- \/ Yoast SEO plugin. -->","yoast_head_json":{"title":"BrightEdge: recensione software SEO - Accurate Reviews","description":"BrightEdge: recensione sistema SEO dotato di strumenti per il marketing, generazione di contenuti efficaci e altamente produttivi.","robots":{"index":"index","follow":"follow","max-snippet":"max-snippet:-1","max-image-preview":"max-image-preview:large","max-video-preview":"max-video-preview:-1"},"canonical":"https:\/\/www.accuratereviews.com\/it\/strumenti-seo-lista-software\/brightedge-recensione\/","og_locale":"it_IT","og_type":"article","og_title":"BrightEdge: recensione software SEO - Accurate Reviews","og_description":"BrightEdge: recensione sistema SEO dotato di strumenti per il marketing, generazione di contenuti efficaci e altamente produttivi.","og_url":"https:\/\/www.accuratereviews.com\/it\/strumenti-seo-lista-software\/brightedge-recensione\/","og_site_name":"Accurate Reviews","article_modified_time":"2021-11-10T15:37:39+00:00","og_image":[{"width":256,"height":256,"url":"https:\/\/www.accuratereviews.com\/wp-content\/uploads\/2019\/10\/BrightEdge.png","type":"image\/png"}],"twitter_card":"summary_large_image","twitter_misc":{"Tempo di lettura stimato":"3 minuti"},"schema":{"@context":"https:\/\/schema.org","@graph":[{"@type":"WebPage","@id":"https:\/\/www.accuratereviews.com\/it\/strumenti-seo-lista-software\/brightedge-recensione\/","url":"https:\/\/www.accuratereviews.com\/it\/strumenti-seo-lista-software\/brightedge-recensione\/","name":"BrightEdge: recensione software SEO - Accurate Reviews","isPartOf":{"@id":"https:\/\/www.accuratereviews.com\/it\/#website"},"primaryImageOfPage":{"@id":"https:\/\/www.accuratereviews.com\/it\/strumenti-seo-lista-software\/brightedge-recensione\/#primaryimage"},"image":{"@id":"https:\/\/www.accuratereviews.com\/it\/strumenti-seo-lista-software\/brightedge-recensione\/#primaryimage"},"thumbnailUrl":"https:\/\/www.accuratereviews.com\/wp-content\/uploads\/2019\/10\/BrightEdge.png","datePublished":"2019-10-31T15:58:48+00:00","dateModified":"2021-11-10T15:37:39+00:00","description":"BrightEdge: recensione sistema SEO dotato di strumenti per il marketing, generazione di contenuti efficaci e altamente produttivi.","breadcrumb":{"@id":"https:\/\/www.accuratereviews.com\/it\/strumenti-seo-lista-software\/brightedge-recensione\/#breadcrumb"},"inLanguage":"it-IT","potentialAction":[{"@type":"ReadAction","target":["https:\/\/www.accuratereviews.com\/it\/strumenti-seo-lista-software\/brightedge-recensione\/"]}]},{"@type":"ImageObject","inLanguage":"it-IT","@id":"https:\/\/www.accuratereviews.com\/it\/strumenti-seo-lista-software\/brightedge-recensione\/#primaryimage","url":"https:\/\/www.accuratereviews.com\/wp-content\/uploads\/2019\/10\/BrightEdge.png","contentUrl":"https:\/\/www.accuratereviews.com\/wp-content\/uploads\/2019\/10\/BrightEdge.png","width":256,"height":256},{"@type":"BreadcrumbList","@id":"https:\/\/www.accuratereviews.com\/it\/strumenti-seo-lista-software\/brightedge-recensione\/#breadcrumb","itemListElement":[{"@type":"ListItem","position":1,"name":"Home","item":"https:\/\/www.accuratereviews.com\/it\/"},{"@type":"ListItem","position":2,"name":"Strumenti SEO","item":"https:\/\/www.accuratereviews.com\/it\/strumenti-seo-lista-software\/"},{"@type":"ListItem","position":3,"name":"BrightEdge"}]},{"@type":"WebSite","@id":"https:\/\/www.accuratereviews.com\/it\/#website","url":"https:\/\/www.accuratereviews.com\/it\/","name":"Accurate Reviews","description":"","potentialAction":[{"@type":"SearchAction","target":{"@type":"EntryPoint","urlTemplate":"https:\/\/www.accuratereviews.com\/it\/?s={search_term_string}"},"query-input":{"@type":"PropertyValueSpecification","valueRequired":true,"valueName":"search_term_string"}}],"inLanguage":"it-IT"}]}},"_links":{"self":[{"href":"https:\/\/www.accuratereviews.com\/it\/wp-json\/wp\/v2\/pages\/19696","targetHints":{"allow":["GET"]}}],"collection":[{"href":"https:\/\/www.accuratereviews.com\/it\/wp-json\/wp\/v2\/pages"}],"about":[{"href":"https:\/\/www.accuratereviews.com\/it\/wp-json\/wp\/v2\/types\/page"}],"author":[{"embeddable":true,"href":"https:\/\/www.accuratereviews.com\/it\/wp-json\/wp\/v2\/users\/19"}],"replies":[{"embeddable":true,"href":"https:\/\/www.accuratereviews.com\/it\/wp-json\/wp\/v2\/comments?post=19696"}],"version-history":[{"count":6,"href":"https:\/\/www.accuratereviews.com\/it\/wp-json\/wp\/v2\/pages\/19696\/revisions"}],"predecessor-version":[{"id":49788,"href":"https:\/\/www.accuratereviews.com\/it\/wp-json\/wp\/v2\/pages\/19696\/revisions\/49788"}],"up":[{"embeddable":true,"href":"https:\/\/www.accuratereviews.com\/it\/wp-json\/wp\/v2\/pages\/8849"}],"wp:featuredmedia":[{"embeddable":true,"href":"https:\/\/www.accuratereviews.com\/it\/wp-json\/wp\/v2\/media\/19697"}],"wp:attachment":[{"href":"https:\/\/www.accuratereviews.com\/it\/wp-json\/wp\/v2\/media?parent=19696"}],"wp:term":[{"taxonomy":"category","embeddable":true,"href":"https:\/\/www.accuratereviews.com\/it\/wp-json\/wp\/v2\/categories?post=19696"},{"taxonomy":"post_tag","embeddable":true,"href":"https:\/\/www.accuratereviews.com\/it\/wp-json\/wp\/v2\/tags?post=19696"},{"taxonomy":"features","embeddable":true,"href":"https:\/\/www.accuratereviews.com\/it\/wp-json\/wp\/v2\/features?post=19696"}],"curies":[{"name":"wp","href":"https:\/\/api.w.org\/{rel}","templated":true}]}}