{"id":19701,"date":"2019-10-31T11:40:23","date_gmt":"2019-10-31T11:40:23","guid":{"rendered":"https:\/\/www.accuratereviews.com\/?page_id=19701"},"modified":"2021-11-12T10:32:15","modified_gmt":"2021-11-12T10:32:15","slug":"webceo-recensione","status":"publish","type":"page","link":"https:\/\/www.accuratereviews.com\/it\/strumenti-seo-lista-software\/webceo-recensione\/","title":{"rendered":"WebCEO"},"content":{"rendered":"<p><strong>WebCEO<\/strong> \u00e8 una piattaforma online basata sul cloud che dispone di <strong>17 strumenti SEO<\/strong> di livello professionale in grado di soddisfare le esigenze di piccole imprese e aziende digitali. Ti consente di eseguire delle<strong> ispezioni SEO<\/strong>, di monitorare il posizionamento della tua pagina sui motori di ricerca, di analizzare la concorrenza, di creare dei collegamenti interni, di controllare la qualit\u00e0 dei backlink e di ottenere ottimi <strong>report SEO<\/strong>. L&#8217;obiettivo \u00e8 quello di aiutare te e il tuo team a lavorare e a collabora in modo pi\u00f9 efficace ed efficiente grazie ad un Task Manager che si aggiorna automaticamente con le <strong>attivit\u00e0 SEO<\/strong> da svolgere.<\/p>\n<h2>COME FUNZIONA WEBCEO &#8211; TUTORIAL<\/h2>\n<p>Diamo un&#8217;occhiata a questo tutorial per capire qualcosa di pi\u00f9 riguardo a questi programma:<\/p>\n<div id=\"fluid-wrapper-counter-1\" class=\"g1-fluid-wrapper \" style=\"width:686px;\">\n<div style=\"padding-bottom:56.268221574344%;\"><iframe loading=\"lazy\" title=\"WebCEO Online SEO Tools Tutorial\" width=\"686\" height=\"386\" src=\"https:\/\/www.youtube.com\/embed\/IXztqWxcsgM?feature=oembed&amp;wmode=transparent&amp;autohide=1&amp;autoplay=0&amp;disablekb=0&amp;fs=1&amp;loop=0&amp;enablejsapi=1&amp;rel=0&amp;controls=2&amp;showinfo=0&amp;wmode=transparent&amp;autohide=2&amp;autoplay=0&amp;disablekb=0&amp;fs=1&amp;loop=0&amp;enablejsapi=1&amp;rel=0&amp;controls=2&amp;showinfo=1\" frameborder=\"0\" allow=\"accelerometer; autoplay; clipboard-write; encrypted-media; gyroscope; picture-in-picture\" allowfullscreen><\/iframe><\/div>\n<\/div>\n<h3>WEBCEO &#8211; CARATTERISTICHE<\/h3>\n<p>Di seguito le sue principali caratteristiche:<\/p>\n<ul>\n<li><strong>Strumento di ricerca per parola chiave<\/strong>: fai affidamento sui suggerimenti di parole chiave approfonditi sulle parole chiave pi\u00f9 redditizie che vengono analizzate dal tuo account Google Search Console o raccolte da siti concorrenti<\/li>\n<li><strong>Strumento di ottimizzazione dei link interni<\/strong>: analizza il testo del link interno per aiutarti a stabilire il tema del tuo sito e ottenere il massimo dalla ricerca semantica; analizza l&#8217;autorit\u00e0 della pagina per vedere quali pagine del tuo sito sono considerate autorevoli dai motori di ricerca; analizza la pagina di destinazione per trovare opportunit\u00e0 di collegamento e aumentare la visibilit\u00e0 della ricerca delle pagine di destinazione<\/li>\n<li><strong>Strumento di analisi SEO<\/strong>: grazie a questo strumento potrai scoprire come proteggere il tuo sito dai divieti di Google e ottimizzare le tue pagine per le parole chiave pi\u00f9 vendute<\/li>\n<li><strong>Strumento di generazione Sitemap<\/strong>: crea e monitora l&#8217;indicizzazione delle pagine della Sitemap<\/li>\n<li><strong>Strumento di controllo tecnico<\/strong>:\u00a0grazie a questo strumento potrai scoprire come rendere felici i motori di ricerca e i visitatori con un sito Web privo di errori<\/li>\n<li><strong>Strumento di Spia di backlink dei concorrenti<\/strong>: identifica livello di concorrenza all&#8217;interno delle SERP confrontando pi\u00f9 siti Web.<\/li>\n<\/ul>\n<h3>LE RECENSIONI DEGLI UTENTI<\/h3>\n<ul>\n<li><strong>&#8220;Uno strumento SEO molto completo per le agenzie&#8221;<\/strong><br \/>\nIN GENERALE: Poich\u00e9 lavoriamo con WebCeo offriamo un servizio SEO molto competitivo e professionale ai nostri clienti<br \/>\nPRO: Webceo consente di implementare una strategia SEO completa per tutti i clienti dell&#8217;agenzia essendo soprattutto molto competitivi nel seo on-page<br \/>\nCONTRO: Forse migliorerebbe aggiungendo pi\u00f9 opzioni per strategie di link building come ad esempio la scansione dei collegamenti dei concorrenti<\/li>\n<li><strong>&#8220;Aiuta a migliorare SEO e PPC per i miei clienti&#8221;<\/strong><br \/>\nIN GENERALE: migliora gli sforzi SEO e PPC.<br \/>\nPRO: WebCEO fa molto. Lo uso per produrre report di posizionamento per i miei clienti per tenerli aggiornati sulle classifiche delle parole chiave del sito Web. Mi permette di produrre report che non hanno alcun riferimento a WebCEO e sembrano provenire direttamente dalla mia societ\u00e0 di consulenza. Sono convinto di essere proattivo quando si tratta di SEO e PPC e WebCEO aiuta me e i miei clienti a fare proprio questo.<br \/>\nCONTRO: L&#8217;interfaccia non \u00e8 particolarmente intuitiva con le impostazioni &#8220;ingranaggi&#8221; sparse per il luogo. Ma non \u00e8 neanche terribile. Una volta che hai tempo per impararlo, navigare al suo interno non \u00e8 troppo difficile.<\/li>\n<li><strong>&#8220;Sono un utente dal 2007!&#8221;<\/strong><br \/>\nIN GENERALE: utilizzo WebCEO dal 2007 e lo adoro. Si adatta perfettamente alle mie esigenze di SEO professionale.<br \/>\nPRO: Mi piacciono le funzionalit\u00e0 di reporting, dashboard e cloud.<br \/>\nCONTRO: \u00c8 un po&#8217; costoso, ma offrono molte offerte in cui gli utenti normali possono risparmiare denaro.<\/li>\n<\/ul>\n","protected":false},"excerpt":{"rendered":"<p>WebCEO \u00e8 una piattaforma online basata sul cloud che dispone di 17 strumenti SEO di livello professionale in grado di soddisfare le esigenze di piccole imprese e aziende digitali. Ti consente di eseguire delle ispezioni SEO, di monitorare il posizionamento della tua pagina sui motori di ricerca, di analizzare la concorrenza, di creare dei collegamenti interni, di controllare la qualit\u00e0 dei backlink e di ottenere ottimi report SEO.<\/p>\n","protected":false},"author":17,"featured_media":19702,"parent":8849,"menu_order":0,"comment_status":"open","ping_status":"closed","template":"g1_template_page_review_new.php","meta":{"_acf_changed":false,"cwp_meta_box_check":"Yes","cwp_rev_product_name":"","cwp_rev_product_image":"","wppr_links":[],"cwp_rev_price":"","wppr_options":[],"wppr_pros":[],"wppr_cons":[],"_monsterinsights_skip_tracking":false,"_monsterinsights_sitenote_active":false,"_monsterinsights_sitenote_note":"","_monsterinsights_sitenote_category":0,"footnotes":""},"categories":[175],"tags":[1401,1431,1421,1428,885],"features":[],"class_list":{"0":"post-19701","1":"page","2":"type-page","3":"status-publish","4":"has-post-thumbnail","6":"category-strumenti-seo-categoria","7":"tag-analisi-seo","8":"tag-ottimizzazione-seo","9":"tag-programma-seo","10":"tag-report-seo","11":"tag-strumenti-seo"},"wppr_data":{"cwp_meta_box_check":"Yes","cwp_rev_product_name":"","cwp_rev_product_image":"","cwp_image_link":"image","cwp_rev_price":"","wppr_rating":"0.00"},"acf":[],"yoast_head":"<!-- This site is optimized with the Yoast SEO plugin v27.4 - https:\/\/yoast.com\/product\/yoast-seo-wordpress\/ -->\n<title>WebCEO - Accurate Reviews<\/title>\n<meta name=\"description\" content=\"WebCEO: recensione della piattaforma online basata sul cloud che ti offre 17 strumenti SEO di livello professionale per ottimizzare il tuo sito web.\" \/>\n<meta name=\"robots\" content=\"index, follow, max-snippet:-1, max-image-preview:large, max-video-preview:-1\" \/>\n<link rel=\"canonical\" href=\"https:\/\/www.accuratereviews.com\/it\/strumenti-seo-lista-software\/webceo-recensione\/\" \/>\n<meta property=\"og:locale\" content=\"it_IT\" \/>\n<meta property=\"og:type\" content=\"article\" \/>\n<meta property=\"og:title\" content=\"WebCEO - Accurate Reviews\" \/>\n<meta property=\"og:description\" content=\"WebCEO: recensione della piattaforma online basata sul cloud che ti offre 17 strumenti SEO di livello professionale per ottimizzare il tuo sito web.\" \/>\n<meta property=\"og:url\" content=\"https:\/\/www.accuratereviews.com\/it\/strumenti-seo-lista-software\/webceo-recensione\/\" \/>\n<meta property=\"og:site_name\" content=\"Accurate Reviews\" \/>\n<meta property=\"article:modified_time\" content=\"2021-11-12T10:32:15+00:00\" \/>\n<meta property=\"og:image\" content=\"https:\/\/www.accuratereviews.com\/wp-content\/uploads\/2019\/10\/N9MEVAC8KF0F.png\" \/>\n\t<meta property=\"og:image:width\" content=\"400\" \/>\n\t<meta property=\"og:image:height\" content=\"400\" \/>\n\t<meta property=\"og:image:type\" content=\"image\/png\" \/>\n<meta name=\"twitter:card\" content=\"summary_large_image\" \/>\n<meta name=\"twitter:label1\" content=\"Tempo di lettura stimato\" \/>\n\t<meta name=\"twitter:data1\" content=\"3 minuti\" \/>\n<script type=\"application\/ld+json\" class=\"yoast-schema-graph\">{\"@context\":\"https:\\\/\\\/schema.org\",\"@graph\":[{\"@type\":\"WebPage\",\"@id\":\"https:\\\/\\\/www.accuratereviews.com\\\/it\\\/strumenti-seo-lista-software\\\/webceo-recensione\\\/\",\"url\":\"https:\\\/\\\/www.accuratereviews.com\\\/it\\\/strumenti-seo-lista-software\\\/webceo-recensione\\\/\",\"name\":\"WebCEO - Accurate Reviews\",\"isPartOf\":{\"@id\":\"https:\\\/\\\/www.accuratereviews.com\\\/it\\\/#website\"},\"primaryImageOfPage\":{\"@id\":\"https:\\\/\\\/www.accuratereviews.com\\\/it\\\/strumenti-seo-lista-software\\\/webceo-recensione\\\/#primaryimage\"},\"image\":{\"@id\":\"https:\\\/\\\/www.accuratereviews.com\\\/it\\\/strumenti-seo-lista-software\\\/webceo-recensione\\\/#primaryimage\"},\"thumbnailUrl\":\"https:\\\/\\\/www.accuratereviews.com\\\/wp-content\\\/uploads\\\/2019\\\/10\\\/N9MEVAC8KF0F.png\",\"datePublished\":\"2019-10-31T11:40:23+00:00\",\"dateModified\":\"2021-11-12T10:32:15+00:00\",\"description\":\"WebCEO: recensione della piattaforma online basata sul cloud che ti offre 17 strumenti SEO di livello professionale per ottimizzare il tuo sito web.\",\"breadcrumb\":{\"@id\":\"https:\\\/\\\/www.accuratereviews.com\\\/it\\\/strumenti-seo-lista-software\\\/webceo-recensione\\\/#breadcrumb\"},\"inLanguage\":\"it-IT\",\"potentialAction\":[{\"@type\":\"ReadAction\",\"target\":[\"https:\\\/\\\/www.accuratereviews.com\\\/it\\\/strumenti-seo-lista-software\\\/webceo-recensione\\\/\"]}]},{\"@type\":\"ImageObject\",\"inLanguage\":\"it-IT\",\"@id\":\"https:\\\/\\\/www.accuratereviews.com\\\/it\\\/strumenti-seo-lista-software\\\/webceo-recensione\\\/#primaryimage\",\"url\":\"https:\\\/\\\/www.accuratereviews.com\\\/wp-content\\\/uploads\\\/2019\\\/10\\\/N9MEVAC8KF0F.png\",\"contentUrl\":\"https:\\\/\\\/www.accuratereviews.com\\\/wp-content\\\/uploads\\\/2019\\\/10\\\/N9MEVAC8KF0F.png\",\"width\":400,\"height\":400},{\"@type\":\"BreadcrumbList\",\"@id\":\"https:\\\/\\\/www.accuratereviews.com\\\/it\\\/strumenti-seo-lista-software\\\/webceo-recensione\\\/#breadcrumb\",\"itemListElement\":[{\"@type\":\"ListItem\",\"position\":1,\"name\":\"Home\",\"item\":\"https:\\\/\\\/www.accuratereviews.com\\\/it\\\/\"},{\"@type\":\"ListItem\",\"position\":2,\"name\":\"Strumenti SEO\",\"item\":\"https:\\\/\\\/www.accuratereviews.com\\\/it\\\/strumenti-seo-lista-software\\\/\"},{\"@type\":\"ListItem\",\"position\":3,\"name\":\"WebCEO\"}]},{\"@type\":\"WebSite\",\"@id\":\"https:\\\/\\\/www.accuratereviews.com\\\/it\\\/#website\",\"url\":\"https:\\\/\\\/www.accuratereviews.com\\\/it\\\/\",\"name\":\"Accurate Reviews\",\"description\":\"\",\"potentialAction\":[{\"@type\":\"SearchAction\",\"target\":{\"@type\":\"EntryPoint\",\"urlTemplate\":\"https:\\\/\\\/www.accuratereviews.com\\\/it\\\/?s={search_term_string}\"},\"query-input\":{\"@type\":\"PropertyValueSpecification\",\"valueRequired\":true,\"valueName\":\"search_term_string\"}}],\"inLanguage\":\"it-IT\"}]}<\/script>\n<!-- \/ Yoast SEO plugin. -->","yoast_head_json":{"title":"WebCEO - Accurate Reviews","description":"WebCEO: recensione della piattaforma online basata sul cloud che ti offre 17 strumenti SEO di livello professionale per ottimizzare il tuo sito web.","robots":{"index":"index","follow":"follow","max-snippet":"max-snippet:-1","max-image-preview":"max-image-preview:large","max-video-preview":"max-video-preview:-1"},"canonical":"https:\/\/www.accuratereviews.com\/it\/strumenti-seo-lista-software\/webceo-recensione\/","og_locale":"it_IT","og_type":"article","og_title":"WebCEO - Accurate Reviews","og_description":"WebCEO: recensione della piattaforma online basata sul cloud che ti offre 17 strumenti SEO di livello professionale per ottimizzare il tuo sito web.","og_url":"https:\/\/www.accuratereviews.com\/it\/strumenti-seo-lista-software\/webceo-recensione\/","og_site_name":"Accurate Reviews","article_modified_time":"2021-11-12T10:32:15+00:00","og_image":[{"width":400,"height":400,"url":"https:\/\/www.accuratereviews.com\/wp-content\/uploads\/2019\/10\/N9MEVAC8KF0F.png","type":"image\/png"}],"twitter_card":"summary_large_image","twitter_misc":{"Tempo di lettura stimato":"3 minuti"},"schema":{"@context":"https:\/\/schema.org","@graph":[{"@type":"WebPage","@id":"https:\/\/www.accuratereviews.com\/it\/strumenti-seo-lista-software\/webceo-recensione\/","url":"https:\/\/www.accuratereviews.com\/it\/strumenti-seo-lista-software\/webceo-recensione\/","name":"WebCEO - Accurate Reviews","isPartOf":{"@id":"https:\/\/www.accuratereviews.com\/it\/#website"},"primaryImageOfPage":{"@id":"https:\/\/www.accuratereviews.com\/it\/strumenti-seo-lista-software\/webceo-recensione\/#primaryimage"},"image":{"@id":"https:\/\/www.accuratereviews.com\/it\/strumenti-seo-lista-software\/webceo-recensione\/#primaryimage"},"thumbnailUrl":"https:\/\/www.accuratereviews.com\/wp-content\/uploads\/2019\/10\/N9MEVAC8KF0F.png","datePublished":"2019-10-31T11:40:23+00:00","dateModified":"2021-11-12T10:32:15+00:00","description":"WebCEO: recensione della piattaforma online basata sul cloud che ti offre 17 strumenti SEO di livello professionale per ottimizzare il tuo sito web.","breadcrumb":{"@id":"https:\/\/www.accuratereviews.com\/it\/strumenti-seo-lista-software\/webceo-recensione\/#breadcrumb"},"inLanguage":"it-IT","potentialAction":[{"@type":"ReadAction","target":["https:\/\/www.accuratereviews.com\/it\/strumenti-seo-lista-software\/webceo-recensione\/"]}]},{"@type":"ImageObject","inLanguage":"it-IT","@id":"https:\/\/www.accuratereviews.com\/it\/strumenti-seo-lista-software\/webceo-recensione\/#primaryimage","url":"https:\/\/www.accuratereviews.com\/wp-content\/uploads\/2019\/10\/N9MEVAC8KF0F.png","contentUrl":"https:\/\/www.accuratereviews.com\/wp-content\/uploads\/2019\/10\/N9MEVAC8KF0F.png","width":400,"height":400},{"@type":"BreadcrumbList","@id":"https:\/\/www.accuratereviews.com\/it\/strumenti-seo-lista-software\/webceo-recensione\/#breadcrumb","itemListElement":[{"@type":"ListItem","position":1,"name":"Home","item":"https:\/\/www.accuratereviews.com\/it\/"},{"@type":"ListItem","position":2,"name":"Strumenti SEO","item":"https:\/\/www.accuratereviews.com\/it\/strumenti-seo-lista-software\/"},{"@type":"ListItem","position":3,"name":"WebCEO"}]},{"@type":"WebSite","@id":"https:\/\/www.accuratereviews.com\/it\/#website","url":"https:\/\/www.accuratereviews.com\/it\/","name":"Accurate Reviews","description":"","potentialAction":[{"@type":"SearchAction","target":{"@type":"EntryPoint","urlTemplate":"https:\/\/www.accuratereviews.com\/it\/?s={search_term_string}"},"query-input":{"@type":"PropertyValueSpecification","valueRequired":true,"valueName":"search_term_string"}}],"inLanguage":"it-IT"}]}},"_links":{"self":[{"href":"https:\/\/www.accuratereviews.com\/it\/wp-json\/wp\/v2\/pages\/19701","targetHints":{"allow":["GET"]}}],"collection":[{"href":"https:\/\/www.accuratereviews.com\/it\/wp-json\/wp\/v2\/pages"}],"about":[{"href":"https:\/\/www.accuratereviews.com\/it\/wp-json\/wp\/v2\/types\/page"}],"author":[{"embeddable":true,"href":"https:\/\/www.accuratereviews.com\/it\/wp-json\/wp\/v2\/users\/17"}],"replies":[{"embeddable":true,"href":"https:\/\/www.accuratereviews.com\/it\/wp-json\/wp\/v2\/comments?post=19701"}],"version-history":[{"count":6,"href":"https:\/\/www.accuratereviews.com\/it\/wp-json\/wp\/v2\/pages\/19701\/revisions"}],"predecessor-version":[{"id":49917,"href":"https:\/\/www.accuratereviews.com\/it\/wp-json\/wp\/v2\/pages\/19701\/revisions\/49917"}],"up":[{"embeddable":true,"href":"https:\/\/www.accuratereviews.com\/it\/wp-json\/wp\/v2\/pages\/8849"}],"wp:featuredmedia":[{"embeddable":true,"href":"https:\/\/www.accuratereviews.com\/it\/wp-json\/wp\/v2\/media\/19702"}],"wp:attachment":[{"href":"https:\/\/www.accuratereviews.com\/it\/wp-json\/wp\/v2\/media?parent=19701"}],"wp:term":[{"taxonomy":"category","embeddable":true,"href":"https:\/\/www.accuratereviews.com\/it\/wp-json\/wp\/v2\/categories?post=19701"},{"taxonomy":"post_tag","embeddable":true,"href":"https:\/\/www.accuratereviews.com\/it\/wp-json\/wp\/v2\/tags?post=19701"},{"taxonomy":"features","embeddable":true,"href":"https:\/\/www.accuratereviews.com\/it\/wp-json\/wp\/v2\/features?post=19701"}],"curies":[{"name":"wp","href":"https:\/\/api.w.org\/{rel}","templated":true}]}}