{"id":19722,"date":"2019-10-31T15:58:17","date_gmt":"2019-10-31T15:58:17","guid":{"rendered":"https:\/\/www.accuratereviews.com\/?page_id=19722"},"modified":"2021-11-10T15:00:03","modified_gmt":"2021-11-10T15:00:03","slug":"marketgoo-recensione","status":"publish","type":"page","link":"https:\/\/www.accuratereviews.com\/it\/strumenti-seo-lista-software\/marketgoo-recensione\/","title":{"rendered":"Marketgoo"},"content":{"rendered":"<p><strong>Marketgoo<\/strong> \u00e8 un potente <strong>strumento SEO<\/strong> per l&#8217;ottimizzazione della ricerca e il marketing di siti. Si tratta di una piattaforma di facile utilizzo che ha aiutato molte piccole e medie imprese ad avviare la realizzazione di siti web accattivanti. Non devi essere un esperto SEO o avere conoscenze tecniche per utilizzare questa piattaforma. Tutto negli strumenti \u00e8 spiegato in linee guida facili da seguire che descrivono in dettaglio come effettuare l&#8217;ottimizzazione. Ha caratteristiche incredibili che includono ricerca competitiva, web marketing, rapporti SEO, revisione del sito, invio di motori di ricerca e altro ancora. Queste funzionalit\u00e0 collaborano per analizzare il tuo sito web e creare report di marketing completi con consigli facili da seguire.<\/p>\n<h2>MARKETGOO &#8211; TUTORIAL<\/h2>\n<p>Guardiamo insieme questo tutorial per utilizzare nel migliore dei modi questo<strong> software SEO:<\/strong><\/p>\n<div id=\"fluid-wrapper-counter-1\" class=\"g1-fluid-wrapper \" style=\"width:686px;\">\n<div style=\"padding-bottom:56.268221574344%;\"><iframe loading=\"lazy\" title=\"MarketGoo\" width=\"686\" height=\"386\" src=\"https:\/\/www.youtube.com\/embed\/4T0JlitIZSE?feature=oembed&amp;wmode=transparent&amp;autohide=1&amp;autoplay=0&amp;disablekb=0&amp;fs=1&amp;loop=0&amp;enablejsapi=1&amp;rel=0&amp;controls=2&amp;showinfo=0&amp;wmode=transparent&amp;autohide=2&amp;autoplay=0&amp;disablekb=0&amp;fs=1&amp;loop=0&amp;enablejsapi=1&amp;rel=0&amp;controls=2&amp;showinfo=1\" frameborder=\"0\" allow=\"accelerometer; autoplay; clipboard-write; encrypted-media; gyroscope; picture-in-picture\" allowfullscreen><\/iframe><\/div>\n<\/div>\n<h3>MARKETGOO &#8211; CARATTERISTICHE<\/h3>\n<ul>\n<li><strong>Rivedi il tuo sito<\/strong>: utilizza le sue funzioni per migliorare, correggere gli errori che possono essere presenti sul tuo sito web<\/li>\n<li><strong>Ottimizzato per la ricerca:<\/strong> appena ti registri sul portale di questo programma il tuo sito viene inviato ai principali motori di ricerca (Google, Yahoo! e Bing) e verifica continuamente la tua posizione nelle ricerche web<\/li>\n<li><strong>Controlla i tuoi contenuti<\/strong>: il software prende in esame i tipi di contenuti del tuo sito Web oltre alla frequenza con cui effettui gli aggiornamenti e offre consigli che renderanno il tuo sito pi\u00f9 interessante, sia per i visitatori che per i motori di ricerca<\/li>\n<li><strong>Aumentare la popolarit\u00e0:<\/strong> ti d\u00e0 la possibilit\u00e0 di salire pi\u00f9 in alto nelle classifiche di ricerca, ad esempio come aumentare il numero di link in entrata che hai da altri siti web<\/li>\n<li><strong>Social<\/strong>: esamina la tua attivit\u00e0 e il coinvolgimento degli utenti su Twitter, Facebook e Google+ e ti offre suggerimenti per migliorare la visibilit\u00e0 dei tuoi social media<\/li>\n<li><strong>Mobile<\/strong>: la soluzione\u00a0valuta il funzionamento del tuo sito Web su smartphone e tablet, quindi fornisce consigli per garantire che il tuo sito Web sia veloce e facile da usare sui dispositivi mobili.<\/li>\n<\/ul>\n<h4>LE RECENSIONI DEGLI UTENTI<\/h4>\n<h4>Amanda V. &#8220;Esperienza frustrante&#8221;<\/h4>\n<p><strong>Commenti<\/strong>: Mi \u00e8 piaciuto questo servizio per i primi 3 mesi del mio abbonamento. Le attivit\u00e0 sono state prontamente identificate e comprendevano istruzioni dettagliate per l&#8217;implementazione. Come piccolo imprenditore con una precedente carriera nella tecnologia, ho sentito che i compiti erano semplificati per quasi tutti da implementare. Ma solo una manciata di compiti ha davvero un impatto sul SEO. Con molti siti che utilizzano costruttori di siti come Weebly e Wix, esiste un&#8217;incompatibilit\u00e0 intrinseca con alcuni dei consigli di Marketgoo, incluse le funzionalit\u00e0 del blog. I blog hanno un enorme impatto sul SEO. Ma il software Marketgoo non riconosce la struttura del blog di quei costruttori di siti Web. Quindi ogni sforzo fatto per crearne uno ha effettivamente ridotto il mio punteggio Marketgoo. Il che mi ha portato a credere che Marketgoo utilizza il proprio strumento di misurazione SEO, piuttosto che uno collegato direttamente ai motori di ricerca reali. Il mio account si \u00e8 rinnovato automaticamente nonostante i miei tentativi di annullarlo. Trattare con il servizio clienti via e-mail \u00e8 stato un vero colpo d&#8217;occhio per il backend di questa attivit\u00e0. Il mio account \u00e8 stato cancellato con tutti i dati cancellati, ma non sono stato rimborsato. Quindi sono pagato fino al 2020, ma con questo modo di accedere a tutto il lavoro che ho messo nel mio sito fino a questo punto. Ho preso appuntamenti tramite il loro programmatore per una telefonata con una persona dal vivo, ma nessuno ha mai chiamato. Sono cos\u00ec frustrato Gli sto dando un ultimo messaggio di posta elettronica per utilizzare il servizio per il prossimo anno poich\u00e9 si rifiutano di rimborsare la mia quota di abbonamento, ma se i miei dati non possono essere ripristinati, avr\u00f2 un addebito sulla mia banca.<\/p>\n<p><strong>Vantaggi<\/strong>: interfaccia ben progettata<br \/>\nIstruzioni dettagliate per l&#8217;implementazione delle attivit\u00e0<br \/>\nPromemoria e-mail frequenti per implementare attivit\u00e0<br \/>\nConfronti della concorrenza<\/p>\n<p><strong>Inconvenienti<\/strong>: servizio clienti che non risponde<br \/>\nI termini di fatturazione \/ cancellazione non sono etici<br \/>\nSolo una manciata di compiti ha un vero impatto sul SEO; molto \u00e8 inutile<br \/>\nLe attivit\u00e0 del blog non sono completamente implementabili con i costruttori di siti come Weebly; si traduce in un punteggio SEO inferiore di conseguenza<br \/>\nI promemoria via e-mail hanno iniziato a sembrare un record non funzionante per attivit\u00e0 che erano gi\u00e0 state completate o che non potevano essere completate a causa dell&#8217;incompatibilit\u00e0 con Weebly<\/p>\n<h4>Paul N. &#8220;Prodotto solido&#8221;<\/h4>\n<p><strong>Commenti<\/strong>: traffico del sito notevolmente aumentato, che a sua volta ha creato notevoli miglioramenti nel ROI del sito.<\/p>\n<p><strong>Vantaggi<\/strong>: Marketgoo mi ha aiutato ad aggiornare in modo affidabile il SEO del mio sito Web al punto che ora mi fa guadagnare molto. Gli strumenti forniti forniscono consigli semplici e comprensibili, con alcune modifiche molto facili da implementare, che a loro volta aumentano il tuo posizionamento SEO su larga scala. Anche i consigli e gli strumenti pi\u00f9 complessi sono fattibili con un po &#8216;pi\u00f9 di googling o con alcuni consigli di un tecnico. (Essendo un tecnico, non avevo questo problema, tuttavia sto esaminando dal punto di vista quotidiano, l&#8217;assistenza clienti cerca di far funzionare il loro sito Web per loro). Nel complesso, non posso criticare.<\/p>\n<p><strong>Inconvenienti<\/strong>: sentivo che mancavano alcune funzionalit\u00e0 rispetto ad altri prodotti e strumenti della concorrenza, tuttavia, quando si confrontano tutti questi fianco a fianco, e quindi fattore in termini di costi, trovo ancora che questo esca in cima, almeno per le mie esigenze .<\/p>\n<h4>Ian G. &#8220;La facilit\u00e0 d&#8217;uso per qualcuno che non sapeva molto sul sito Web e sul SEO \u00e8 sorprendente&#8221;<\/h4>\n<p><strong>Vantaggi<\/strong>: la facilit\u00e0 d&#8217;uso, che mi rende cos\u00ec facile classificare il mio sito Web nella prima pagina di Google per tutte le mie parole chiave. Prima di utilizzare MarketGoo stavo davvero lottando con il mio sito Web, ma non pi\u00f9, sono sulla prima pagina di Google per tutte le mie parole chiave.<\/p>\n<p><strong>Inconvenienti<\/strong>: la modifica dei temi potrebbe essere pi\u00f9 semplice, ad esempio, modificare il colore del pi\u00e8 di pagina pu\u00f2 essere complicato. Inoltre, quando si visualizzano sul cellulare alcuni banner non vengono visualizzati correttamente e si deve andare sul proprio PC e modificare le dimensioni del testo sul PC per adattarsi correttamente al proprio cellulare<\/p>\n<p>&nbsp;<\/p>\n","protected":false},"excerpt":{"rendered":"<p>Marketgoo \u00e8 un potente strumento SEO per l&#8217;ottimizzazione della ricerca e il marketing di siti. Si tratta di una piattaforma di facile utilizzo che ha aiutato molte piccole e medie imprese ad avviare la realizzazione di siti web accattivanti. Non devi essere un esperto SEO o avere conoscenze tecniche per utilizzare questa piattaforma. Tutto negli strumenti \u00e8 spiegato in linee guida facili da seguire che descrivono in dettaglio come effettuare l&#8217;ottimizzazione.<\/p>\n","protected":false},"author":19,"featured_media":19724,"parent":8849,"menu_order":0,"comment_status":"open","ping_status":"closed","template":"g1_template_page_review_new.php","meta":{"_acf_changed":false,"cwp_meta_box_check":"Yes","cwp_rev_product_name":"","cwp_rev_product_image":"","wppr_links":[],"cwp_rev_price":"","wppr_options":[],"wppr_pros":[],"wppr_cons":[],"_monsterinsights_skip_tracking":false,"_monsterinsights_sitenote_active":false,"_monsterinsights_sitenote_note":"","_monsterinsights_sitenote_category":0,"footnotes":""},"categories":[175],"tags":[1435,1421,1420,1417],"features":[],"class_list":{"0":"post-19722","1":"page","2":"type-page","3":"status-publish","4":"has-post-thumbnail","6":"category-strumenti-seo-categoria","7":"tag-marketgoo","8":"tag-programma-seo","9":"tag-software-seo","10":"tag-soluzione-seo"},"wppr_data":{"cwp_meta_box_check":"Yes","cwp_rev_product_name":"","cwp_rev_product_image":"","cwp_image_link":"image","cwp_rev_price":"","wppr_rating":"0.00"},"acf":[],"yoast_head":"<!-- This site is optimized with the Yoast SEO plugin v27.4 - https:\/\/yoast.com\/product\/yoast-seo-wordpress\/ -->\n<title>Marketgoo: recensione software SEO - Accurate Reviews<\/title>\n<meta name=\"description\" content=\"Marketgoo: recensione strumento SEO per l&#039;ottimizzazione della ricerca e il marketing di siti. Si tratta di una piattaforma di facile utilizzo e potente.\" \/>\n<meta name=\"robots\" content=\"index, follow, max-snippet:-1, max-image-preview:large, max-video-preview:-1\" \/>\n<link rel=\"canonical\" href=\"https:\/\/www.accuratereviews.com\/it\/strumenti-seo-lista-software\/marketgoo-recensione\/\" \/>\n<meta property=\"og:locale\" content=\"it_IT\" \/>\n<meta property=\"og:type\" content=\"article\" \/>\n<meta property=\"og:title\" content=\"Marketgoo: recensione software SEO - Accurate Reviews\" \/>\n<meta property=\"og:description\" content=\"Marketgoo: recensione strumento SEO per l&#039;ottimizzazione della ricerca e il marketing di siti. Si tratta di una piattaforma di facile utilizzo e potente.\" \/>\n<meta property=\"og:url\" content=\"https:\/\/www.accuratereviews.com\/it\/strumenti-seo-lista-software\/marketgoo-recensione\/\" \/>\n<meta property=\"og:site_name\" content=\"Accurate Reviews\" \/>\n<meta property=\"article:modified_time\" content=\"2021-11-10T15:00:03+00:00\" \/>\n<meta property=\"og:image\" content=\"https:\/\/www.accuratereviews.com\/wp-content\/uploads\/2019\/10\/marketgoo-color.png\" \/>\n\t<meta property=\"og:image:width\" content=\"1050\" \/>\n\t<meta property=\"og:image:height\" content=\"225\" \/>\n\t<meta property=\"og:image:type\" content=\"image\/png\" \/>\n<meta name=\"twitter:card\" content=\"summary_large_image\" \/>\n<meta name=\"twitter:label1\" content=\"Tempo di lettura stimato\" \/>\n\t<meta name=\"twitter:data1\" content=\"5 minuti\" \/>\n<script type=\"application\/ld+json\" class=\"yoast-schema-graph\">{\"@context\":\"https:\\\/\\\/schema.org\",\"@graph\":[{\"@type\":\"WebPage\",\"@id\":\"https:\\\/\\\/www.accuratereviews.com\\\/it\\\/strumenti-seo-lista-software\\\/marketgoo-recensione\\\/\",\"url\":\"https:\\\/\\\/www.accuratereviews.com\\\/it\\\/strumenti-seo-lista-software\\\/marketgoo-recensione\\\/\",\"name\":\"Marketgoo: recensione software SEO - Accurate Reviews\",\"isPartOf\":{\"@id\":\"https:\\\/\\\/www.accuratereviews.com\\\/it\\\/#website\"},\"primaryImageOfPage\":{\"@id\":\"https:\\\/\\\/www.accuratereviews.com\\\/it\\\/strumenti-seo-lista-software\\\/marketgoo-recensione\\\/#primaryimage\"},\"image\":{\"@id\":\"https:\\\/\\\/www.accuratereviews.com\\\/it\\\/strumenti-seo-lista-software\\\/marketgoo-recensione\\\/#primaryimage\"},\"thumbnailUrl\":\"https:\\\/\\\/www.accuratereviews.com\\\/wp-content\\\/uploads\\\/2019\\\/10\\\/marketgoo-color.png\",\"datePublished\":\"2019-10-31T15:58:17+00:00\",\"dateModified\":\"2021-11-10T15:00:03+00:00\",\"description\":\"Marketgoo: recensione strumento SEO per l'ottimizzazione della ricerca e il marketing di siti. Si tratta di una piattaforma di facile utilizzo e potente.\",\"breadcrumb\":{\"@id\":\"https:\\\/\\\/www.accuratereviews.com\\\/it\\\/strumenti-seo-lista-software\\\/marketgoo-recensione\\\/#breadcrumb\"},\"inLanguage\":\"it-IT\",\"potentialAction\":[{\"@type\":\"ReadAction\",\"target\":[\"https:\\\/\\\/www.accuratereviews.com\\\/it\\\/strumenti-seo-lista-software\\\/marketgoo-recensione\\\/\"]}]},{\"@type\":\"ImageObject\",\"inLanguage\":\"it-IT\",\"@id\":\"https:\\\/\\\/www.accuratereviews.com\\\/it\\\/strumenti-seo-lista-software\\\/marketgoo-recensione\\\/#primaryimage\",\"url\":\"https:\\\/\\\/www.accuratereviews.com\\\/wp-content\\\/uploads\\\/2019\\\/10\\\/marketgoo-color.png\",\"contentUrl\":\"https:\\\/\\\/www.accuratereviews.com\\\/wp-content\\\/uploads\\\/2019\\\/10\\\/marketgoo-color.png\",\"width\":1050,\"height\":225},{\"@type\":\"BreadcrumbList\",\"@id\":\"https:\\\/\\\/www.accuratereviews.com\\\/it\\\/strumenti-seo-lista-software\\\/marketgoo-recensione\\\/#breadcrumb\",\"itemListElement\":[{\"@type\":\"ListItem\",\"position\":1,\"name\":\"Home\",\"item\":\"https:\\\/\\\/www.accuratereviews.com\\\/it\\\/\"},{\"@type\":\"ListItem\",\"position\":2,\"name\":\"Strumenti SEO\",\"item\":\"https:\\\/\\\/www.accuratereviews.com\\\/it\\\/strumenti-seo-lista-software\\\/\"},{\"@type\":\"ListItem\",\"position\":3,\"name\":\"Marketgoo\"}]},{\"@type\":\"WebSite\",\"@id\":\"https:\\\/\\\/www.accuratereviews.com\\\/it\\\/#website\",\"url\":\"https:\\\/\\\/www.accuratereviews.com\\\/it\\\/\",\"name\":\"Accurate Reviews\",\"description\":\"\",\"potentialAction\":[{\"@type\":\"SearchAction\",\"target\":{\"@type\":\"EntryPoint\",\"urlTemplate\":\"https:\\\/\\\/www.accuratereviews.com\\\/it\\\/?s={search_term_string}\"},\"query-input\":{\"@type\":\"PropertyValueSpecification\",\"valueRequired\":true,\"valueName\":\"search_term_string\"}}],\"inLanguage\":\"it-IT\"}]}<\/script>\n<!-- \/ Yoast SEO plugin. -->","yoast_head_json":{"title":"Marketgoo: recensione software SEO - Accurate Reviews","description":"Marketgoo: recensione strumento SEO per l'ottimizzazione della ricerca e il marketing di siti. Si tratta di una piattaforma di facile utilizzo e potente.","robots":{"index":"index","follow":"follow","max-snippet":"max-snippet:-1","max-image-preview":"max-image-preview:large","max-video-preview":"max-video-preview:-1"},"canonical":"https:\/\/www.accuratereviews.com\/it\/strumenti-seo-lista-software\/marketgoo-recensione\/","og_locale":"it_IT","og_type":"article","og_title":"Marketgoo: recensione software SEO - Accurate Reviews","og_description":"Marketgoo: recensione strumento SEO per l'ottimizzazione della ricerca e il marketing di siti. Si tratta di una piattaforma di facile utilizzo e potente.","og_url":"https:\/\/www.accuratereviews.com\/it\/strumenti-seo-lista-software\/marketgoo-recensione\/","og_site_name":"Accurate Reviews","article_modified_time":"2021-11-10T15:00:03+00:00","og_image":[{"width":1050,"height":225,"url":"https:\/\/www.accuratereviews.com\/wp-content\/uploads\/2019\/10\/marketgoo-color.png","type":"image\/png"}],"twitter_card":"summary_large_image","twitter_misc":{"Tempo di lettura stimato":"5 minuti"},"schema":{"@context":"https:\/\/schema.org","@graph":[{"@type":"WebPage","@id":"https:\/\/www.accuratereviews.com\/it\/strumenti-seo-lista-software\/marketgoo-recensione\/","url":"https:\/\/www.accuratereviews.com\/it\/strumenti-seo-lista-software\/marketgoo-recensione\/","name":"Marketgoo: recensione software SEO - Accurate Reviews","isPartOf":{"@id":"https:\/\/www.accuratereviews.com\/it\/#website"},"primaryImageOfPage":{"@id":"https:\/\/www.accuratereviews.com\/it\/strumenti-seo-lista-software\/marketgoo-recensione\/#primaryimage"},"image":{"@id":"https:\/\/www.accuratereviews.com\/it\/strumenti-seo-lista-software\/marketgoo-recensione\/#primaryimage"},"thumbnailUrl":"https:\/\/www.accuratereviews.com\/wp-content\/uploads\/2019\/10\/marketgoo-color.png","datePublished":"2019-10-31T15:58:17+00:00","dateModified":"2021-11-10T15:00:03+00:00","description":"Marketgoo: recensione strumento SEO per l'ottimizzazione della ricerca e il marketing di siti. Si tratta di una piattaforma di facile utilizzo e potente.","breadcrumb":{"@id":"https:\/\/www.accuratereviews.com\/it\/strumenti-seo-lista-software\/marketgoo-recensione\/#breadcrumb"},"inLanguage":"it-IT","potentialAction":[{"@type":"ReadAction","target":["https:\/\/www.accuratereviews.com\/it\/strumenti-seo-lista-software\/marketgoo-recensione\/"]}]},{"@type":"ImageObject","inLanguage":"it-IT","@id":"https:\/\/www.accuratereviews.com\/it\/strumenti-seo-lista-software\/marketgoo-recensione\/#primaryimage","url":"https:\/\/www.accuratereviews.com\/wp-content\/uploads\/2019\/10\/marketgoo-color.png","contentUrl":"https:\/\/www.accuratereviews.com\/wp-content\/uploads\/2019\/10\/marketgoo-color.png","width":1050,"height":225},{"@type":"BreadcrumbList","@id":"https:\/\/www.accuratereviews.com\/it\/strumenti-seo-lista-software\/marketgoo-recensione\/#breadcrumb","itemListElement":[{"@type":"ListItem","position":1,"name":"Home","item":"https:\/\/www.accuratereviews.com\/it\/"},{"@type":"ListItem","position":2,"name":"Strumenti SEO","item":"https:\/\/www.accuratereviews.com\/it\/strumenti-seo-lista-software\/"},{"@type":"ListItem","position":3,"name":"Marketgoo"}]},{"@type":"WebSite","@id":"https:\/\/www.accuratereviews.com\/it\/#website","url":"https:\/\/www.accuratereviews.com\/it\/","name":"Accurate Reviews","description":"","potentialAction":[{"@type":"SearchAction","target":{"@type":"EntryPoint","urlTemplate":"https:\/\/www.accuratereviews.com\/it\/?s={search_term_string}"},"query-input":{"@type":"PropertyValueSpecification","valueRequired":true,"valueName":"search_term_string"}}],"inLanguage":"it-IT"}]}},"_links":{"self":[{"href":"https:\/\/www.accuratereviews.com\/it\/wp-json\/wp\/v2\/pages\/19722","targetHints":{"allow":["GET"]}}],"collection":[{"href":"https:\/\/www.accuratereviews.com\/it\/wp-json\/wp\/v2\/pages"}],"about":[{"href":"https:\/\/www.accuratereviews.com\/it\/wp-json\/wp\/v2\/types\/page"}],"author":[{"embeddable":true,"href":"https:\/\/www.accuratereviews.com\/it\/wp-json\/wp\/v2\/users\/19"}],"replies":[{"embeddable":true,"href":"https:\/\/www.accuratereviews.com\/it\/wp-json\/wp\/v2\/comments?post=19722"}],"version-history":[{"count":7,"href":"https:\/\/www.accuratereviews.com\/it\/wp-json\/wp\/v2\/pages\/19722\/revisions"}],"predecessor-version":[{"id":49767,"href":"https:\/\/www.accuratereviews.com\/it\/wp-json\/wp\/v2\/pages\/19722\/revisions\/49767"}],"up":[{"embeddable":true,"href":"https:\/\/www.accuratereviews.com\/it\/wp-json\/wp\/v2\/pages\/8849"}],"wp:featuredmedia":[{"embeddable":true,"href":"https:\/\/www.accuratereviews.com\/it\/wp-json\/wp\/v2\/media\/19724"}],"wp:attachment":[{"href":"https:\/\/www.accuratereviews.com\/it\/wp-json\/wp\/v2\/media?parent=19722"}],"wp:term":[{"taxonomy":"category","embeddable":true,"href":"https:\/\/www.accuratereviews.com\/it\/wp-json\/wp\/v2\/categories?post=19722"},{"taxonomy":"post_tag","embeddable":true,"href":"https:\/\/www.accuratereviews.com\/it\/wp-json\/wp\/v2\/tags?post=19722"},{"taxonomy":"features","embeddable":true,"href":"https:\/\/www.accuratereviews.com\/it\/wp-json\/wp\/v2\/features?post=19722"}],"curies":[{"name":"wp","href":"https:\/\/api.w.org\/{rel}","templated":true}]}}