{"id":19737,"date":"2019-11-04T10:09:25","date_gmt":"2019-11-04T10:09:25","guid":{"rendered":"https:\/\/www.accuratereviews.com\/?page_id=19737"},"modified":"2021-11-10T16:05:44","modified_gmt":"2021-11-10T16:05:44","slug":"pitchbox-recensione","status":"publish","type":"page","link":"https:\/\/www.accuratereviews.com\/it\/strumenti-seo-lista-software\/pitchbox-recensione\/","title":{"rendered":"Pitchbox"},"content":{"rendered":"<div class=\"tlid-input input\">\n<div class=\"source-wrap\">\n<div class=\"input-full-height-wrapper tlid-input-full-height-wrapper\">\n<div class=\"source-input\">\n<div class=\"source-footer-wrap source-or-target-footer\">\n<div class=\"character-count tlid-character-count\"><strong>Pitchbox<\/strong> \u00e8 uno <strong>strumento SEO<\/strong> che ti permette di semplificare e costruire relazioni con influencer, potenziali clienti PR, blogger ecc. \u00c8 l&#8217;ideale per agenzie, marchi e <strong>team SEO<\/strong> che necessitano automatizzare questi processi che normalmente richiedono molto tempo. Si tratta quindi di una piattaforma di divulgazione di Link Building &amp; Influencer che sfrutta<strong> integrazioni SEO<\/strong> avanzate che ti consento di tenere sempre sotto controllo l&#8217;andamento del tuo sito, di monitorare il posizionamento sui motori di ricerca, di analizzare la concorrenza, di creare dei collegamenti interni e molto altro ancora.<\/div>\n<\/div>\n<\/div>\n<\/div>\n<\/div>\n<\/div>\n<h2>COME FUNZIONA PITCHBOX &#8211; TUTORIAL<\/h2>\n<p>Diamo un&#8217;occhiata a questo video per capire qualcosa di pi\u00f9 al riguardo:<\/p>\n<div id=\"fluid-wrapper-counter-1\" class=\"g1-fluid-wrapper \" style=\"width:686px;\">\n<div style=\"padding-bottom:56.268221574344%;\"><iframe loading=\"lazy\" title=\"Pitchbox (Quick Overview)\" width=\"686\" height=\"386\" src=\"https:\/\/www.youtube.com\/embed\/Mm8eGwtlvLY?feature=oembed&amp;wmode=transparent&amp;autohide=1&amp;autoplay=0&amp;disablekb=0&amp;fs=1&amp;loop=0&amp;enablejsapi=1&amp;rel=0&amp;controls=2&amp;showinfo=0&amp;wmode=transparent&amp;autohide=2&amp;autoplay=0&amp;disablekb=0&amp;fs=1&amp;loop=0&amp;enablejsapi=1&amp;rel=0&amp;controls=2&amp;showinfo=1\" frameborder=\"0\" allow=\"accelerometer; autoplay; clipboard-write; encrypted-media; gyroscope; picture-in-picture\" allowfullscreen><\/iframe><\/div>\n<\/div>\n<h3>PITCHBOX &#8211; CARATTERISTICHE<\/h3>\n<p>Di seguito elenchiamo le sue principali caratteristiche:<\/p>\n<ul>\n<li><strong>Link Building<\/strong>: identifica forti opportunit\u00e0 di costruzione di collegamenti e migliora le classifiche<\/li>\n<li><strong>Ricerca di influencer<\/strong>: grazie a questo strumento, potrai trovare blogger, influencer ed editori a tempo di record<\/li>\n<li><strong>Personalizzazione<\/strong>: utilizza SmartTemplates per inviare e-mail personalizzate e automatizzare i follow-up per tassi di risposta fuori dal grafico<\/li>\n<li><strong>Gestione del team<\/strong>: semplifica il processo di sensibilizzazione con flussi di lavoro e strumenti di gestione basati sulle competenze<\/li>\n<li><strong>Integrazioni SEO<\/strong>: sfrutta le integrazioni SEO avanzate dei leader del settore (Ahrefs, SEMrush, LRT, Moz e Majestic)<\/li>\n<li><strong>Report<\/strong>: prendi decisioni basate sui dati con analisi di divulgazione e rapporti di segmentazione.<\/li>\n<\/ul>\n<h3>LE RECENSIONI DEGLI UTENTI<\/h3>\n<ul>\n<li><strong>&#8220;Pitchbox \u00e8 l&#8217;unico strumento di cui hai bisogno se vuoi raggiungere i tuoi potenziali clienti.&#8221;<\/strong><br \/>\nPRO: \u00e8 una suite completa per tutti gli esperti di marketing e imprenditori. Funziona anche come un incantesimo per tutti i blogger.<br \/>\n&#8211; Pianifica follow-up illimitati.<br \/>\n&#8211; Rispondi direttamente alla tua email di potenziali clienti dallo strumento.<br \/>\n&#8211; Crea modelli per una volta e usali per sempre.<br \/>\nCONTRO: Le e-mail scaricate con l&#8217;aiuto di questo strumento sono in blocco a volte anche pi\u00f9 di 120 e quindi sarei felice di poter recuperare solo le e-mail attive dal sito Web.<\/li>\n<li><strong>&#8220;Fa il lavoro di uno specialista di sensibilizzazione e salva&#8221;<\/strong><br \/>\nPRO: \u00e8 progettato per la creazione di link scalabili e il content marketing. Hanno funzionalit\u00e0 progettate in modo specifico per le tue esigenze che ti stupirai del processo di pensiero alla base del prodotto.<br \/>\nCONTRO: \u00e8 un po&#8217; lento da caricare e la navigazione attraverso l&#8217;app pu\u00f2 diventare complicata. Ma non impedisce al nostro team di fare un ottimo lavoro. Consegnano ci\u00f2 che promettono, quindi ne sono felice.<\/li>\n<li><strong>&#8220;Fa risparmiare molto tempo&#8221;<\/strong><br \/>\nIN GENERALE: ci piacciono molto i follow-up automatici alle persone che non hanno risposto al primo tentativo. \u00c8 facile da usare e configurare e una volta avviata una campagna di sensibilizzazione, i follow-up automatici consentono di risparmiare un sacco di tempo durante una campagna. La dashboard pu\u00f2 sembrare travolgente ma non lo \u00e8. \u00c8 davvero facile da usare una volta entrato.<br \/>\nPRO: il follow-up automatizzato e la possibilit\u00e0 di personalizzarlo.<br \/>\nCONTRO: Pu\u00f2 sembrare scoraggiante, ma in realt\u00e0 non lo \u00e8. \u00c8 facile da usare.<\/li>\n<\/ul>\n","protected":false},"excerpt":{"rendered":"<p>Pitchbox \u00e8 uno strumento SEO che ti permette di semplificare e costruire relazioni con influencer, potenziali clienti PR, blogger ecc. \u00c8 l&#8217;ideale per agenzie, marchi e team SEO che necessitano automatizzare questi processi che normalmente richiedono molto tempo.<\/p>\n","protected":false},"author":17,"featured_media":19739,"parent":8849,"menu_order":0,"comment_status":"open","ping_status":"closed","template":"g1_template_page_review_new.php","meta":{"_acf_changed":false,"cwp_meta_box_check":"Yes","cwp_rev_product_name":"","cwp_rev_product_image":"","wppr_links":[],"cwp_rev_price":"","wppr_options":[],"wppr_pros":[],"wppr_cons":[],"_monsterinsights_skip_tracking":false,"_monsterinsights_sitenote_active":false,"_monsterinsights_sitenote_note":"","_monsterinsights_sitenote_category":0,"footnotes":""},"categories":[175],"tags":[1401,901,1398,1436],"features":[],"class_list":{"0":"post-19737","1":"page","2":"type-page","3":"status-publish","4":"has-post-thumbnail","6":"category-strumenti-seo-categoria","7":"tag-analisi-seo","8":"tag-seo","9":"tag-seo-software","10":"tag-team-seo"},"wppr_data":{"cwp_meta_box_check":"Yes","cwp_rev_product_name":"","cwp_rev_product_image":"","cwp_image_link":"image","cwp_rev_price":"","wppr_rating":"0.00"},"acf":[],"yoast_head":"<!-- This site is optimized with the Yoast SEO plugin v27.4 - https:\/\/yoast.com\/product\/yoast-seo-wordpress\/ -->\n<title>Pitchbox: recensione strumento SEO - Accurate Reviews<\/title>\n<meta name=\"description\" content=\"Pitchbox: recensione dello strumento SEO che ti permette di semplificare e costruire relazioni con influencer, potenziali clienti PR, blogger ecc.\" \/>\n<meta name=\"robots\" content=\"index, follow, max-snippet:-1, max-image-preview:large, max-video-preview:-1\" \/>\n<link rel=\"canonical\" href=\"https:\/\/www.accuratereviews.com\/it\/strumenti-seo-lista-software\/pitchbox-recensione\/\" \/>\n<meta property=\"og:locale\" content=\"it_IT\" \/>\n<meta property=\"og:type\" content=\"article\" \/>\n<meta property=\"og:title\" content=\"Pitchbox: recensione strumento SEO - Accurate Reviews\" \/>\n<meta property=\"og:description\" content=\"Pitchbox: recensione dello strumento SEO che ti permette di semplificare e costruire relazioni con influencer, potenziali clienti PR, blogger ecc.\" \/>\n<meta property=\"og:url\" content=\"https:\/\/www.accuratereviews.com\/it\/strumenti-seo-lista-software\/pitchbox-recensione\/\" \/>\n<meta property=\"og:site_name\" content=\"Accurate Reviews\" \/>\n<meta property=\"article:modified_time\" content=\"2021-11-10T16:05:44+00:00\" \/>\n<meta property=\"og:image\" content=\"https:\/\/www.accuratereviews.com\/wp-content\/uploads\/2019\/11\/pb_logo_556x177.png\" \/>\n\t<meta property=\"og:image:width\" content=\"556\" \/>\n\t<meta property=\"og:image:height\" content=\"177\" \/>\n\t<meta property=\"og:image:type\" content=\"image\/png\" \/>\n<meta name=\"twitter:card\" content=\"summary_large_image\" \/>\n<meta name=\"twitter:label1\" content=\"Tempo di lettura stimato\" \/>\n\t<meta name=\"twitter:data1\" content=\"2 minuti\" \/>\n<script type=\"application\/ld+json\" class=\"yoast-schema-graph\">{\"@context\":\"https:\\\/\\\/schema.org\",\"@graph\":[{\"@type\":\"WebPage\",\"@id\":\"https:\\\/\\\/www.accuratereviews.com\\\/it\\\/strumenti-seo-lista-software\\\/pitchbox-recensione\\\/\",\"url\":\"https:\\\/\\\/www.accuratereviews.com\\\/it\\\/strumenti-seo-lista-software\\\/pitchbox-recensione\\\/\",\"name\":\"Pitchbox: recensione strumento SEO - Accurate Reviews\",\"isPartOf\":{\"@id\":\"https:\\\/\\\/www.accuratereviews.com\\\/it\\\/#website\"},\"primaryImageOfPage\":{\"@id\":\"https:\\\/\\\/www.accuratereviews.com\\\/it\\\/strumenti-seo-lista-software\\\/pitchbox-recensione\\\/#primaryimage\"},\"image\":{\"@id\":\"https:\\\/\\\/www.accuratereviews.com\\\/it\\\/strumenti-seo-lista-software\\\/pitchbox-recensione\\\/#primaryimage\"},\"thumbnailUrl\":\"https:\\\/\\\/www.accuratereviews.com\\\/wp-content\\\/uploads\\\/2019\\\/11\\\/pb_logo_556x177.png\",\"datePublished\":\"2019-11-04T10:09:25+00:00\",\"dateModified\":\"2021-11-10T16:05:44+00:00\",\"description\":\"Pitchbox: recensione dello strumento SEO che ti permette di semplificare e costruire relazioni con influencer, potenziali clienti PR, blogger ecc.\",\"breadcrumb\":{\"@id\":\"https:\\\/\\\/www.accuratereviews.com\\\/it\\\/strumenti-seo-lista-software\\\/pitchbox-recensione\\\/#breadcrumb\"},\"inLanguage\":\"it-IT\",\"potentialAction\":[{\"@type\":\"ReadAction\",\"target\":[\"https:\\\/\\\/www.accuratereviews.com\\\/it\\\/strumenti-seo-lista-software\\\/pitchbox-recensione\\\/\"]}]},{\"@type\":\"ImageObject\",\"inLanguage\":\"it-IT\",\"@id\":\"https:\\\/\\\/www.accuratereviews.com\\\/it\\\/strumenti-seo-lista-software\\\/pitchbox-recensione\\\/#primaryimage\",\"url\":\"https:\\\/\\\/www.accuratereviews.com\\\/wp-content\\\/uploads\\\/2019\\\/11\\\/pb_logo_556x177.png\",\"contentUrl\":\"https:\\\/\\\/www.accuratereviews.com\\\/wp-content\\\/uploads\\\/2019\\\/11\\\/pb_logo_556x177.png\",\"width\":556,\"height\":177},{\"@type\":\"BreadcrumbList\",\"@id\":\"https:\\\/\\\/www.accuratereviews.com\\\/it\\\/strumenti-seo-lista-software\\\/pitchbox-recensione\\\/#breadcrumb\",\"itemListElement\":[{\"@type\":\"ListItem\",\"position\":1,\"name\":\"Home\",\"item\":\"https:\\\/\\\/www.accuratereviews.com\\\/it\\\/\"},{\"@type\":\"ListItem\",\"position\":2,\"name\":\"Strumenti SEO\",\"item\":\"https:\\\/\\\/www.accuratereviews.com\\\/it\\\/strumenti-seo-lista-software\\\/\"},{\"@type\":\"ListItem\",\"position\":3,\"name\":\"Pitchbox\"}]},{\"@type\":\"WebSite\",\"@id\":\"https:\\\/\\\/www.accuratereviews.com\\\/it\\\/#website\",\"url\":\"https:\\\/\\\/www.accuratereviews.com\\\/it\\\/\",\"name\":\"Accurate Reviews\",\"description\":\"\",\"potentialAction\":[{\"@type\":\"SearchAction\",\"target\":{\"@type\":\"EntryPoint\",\"urlTemplate\":\"https:\\\/\\\/www.accuratereviews.com\\\/it\\\/?s={search_term_string}\"},\"query-input\":{\"@type\":\"PropertyValueSpecification\",\"valueRequired\":true,\"valueName\":\"search_term_string\"}}],\"inLanguage\":\"it-IT\"}]}<\/script>\n<!-- \/ Yoast SEO plugin. -->","yoast_head_json":{"title":"Pitchbox: recensione strumento SEO - Accurate Reviews","description":"Pitchbox: recensione dello strumento SEO che ti permette di semplificare e costruire relazioni con influencer, potenziali clienti PR, blogger ecc.","robots":{"index":"index","follow":"follow","max-snippet":"max-snippet:-1","max-image-preview":"max-image-preview:large","max-video-preview":"max-video-preview:-1"},"canonical":"https:\/\/www.accuratereviews.com\/it\/strumenti-seo-lista-software\/pitchbox-recensione\/","og_locale":"it_IT","og_type":"article","og_title":"Pitchbox: recensione strumento SEO - Accurate Reviews","og_description":"Pitchbox: recensione dello strumento SEO che ti permette di semplificare e costruire relazioni con influencer, potenziali clienti PR, blogger ecc.","og_url":"https:\/\/www.accuratereviews.com\/it\/strumenti-seo-lista-software\/pitchbox-recensione\/","og_site_name":"Accurate Reviews","article_modified_time":"2021-11-10T16:05:44+00:00","og_image":[{"width":556,"height":177,"url":"https:\/\/www.accuratereviews.com\/wp-content\/uploads\/2019\/11\/pb_logo_556x177.png","type":"image\/png"}],"twitter_card":"summary_large_image","twitter_misc":{"Tempo di lettura stimato":"2 minuti"},"schema":{"@context":"https:\/\/schema.org","@graph":[{"@type":"WebPage","@id":"https:\/\/www.accuratereviews.com\/it\/strumenti-seo-lista-software\/pitchbox-recensione\/","url":"https:\/\/www.accuratereviews.com\/it\/strumenti-seo-lista-software\/pitchbox-recensione\/","name":"Pitchbox: recensione strumento SEO - Accurate Reviews","isPartOf":{"@id":"https:\/\/www.accuratereviews.com\/it\/#website"},"primaryImageOfPage":{"@id":"https:\/\/www.accuratereviews.com\/it\/strumenti-seo-lista-software\/pitchbox-recensione\/#primaryimage"},"image":{"@id":"https:\/\/www.accuratereviews.com\/it\/strumenti-seo-lista-software\/pitchbox-recensione\/#primaryimage"},"thumbnailUrl":"https:\/\/www.accuratereviews.com\/wp-content\/uploads\/2019\/11\/pb_logo_556x177.png","datePublished":"2019-11-04T10:09:25+00:00","dateModified":"2021-11-10T16:05:44+00:00","description":"Pitchbox: recensione dello strumento SEO che ti permette di semplificare e costruire relazioni con influencer, potenziali clienti PR, blogger ecc.","breadcrumb":{"@id":"https:\/\/www.accuratereviews.com\/it\/strumenti-seo-lista-software\/pitchbox-recensione\/#breadcrumb"},"inLanguage":"it-IT","potentialAction":[{"@type":"ReadAction","target":["https:\/\/www.accuratereviews.com\/it\/strumenti-seo-lista-software\/pitchbox-recensione\/"]}]},{"@type":"ImageObject","inLanguage":"it-IT","@id":"https:\/\/www.accuratereviews.com\/it\/strumenti-seo-lista-software\/pitchbox-recensione\/#primaryimage","url":"https:\/\/www.accuratereviews.com\/wp-content\/uploads\/2019\/11\/pb_logo_556x177.png","contentUrl":"https:\/\/www.accuratereviews.com\/wp-content\/uploads\/2019\/11\/pb_logo_556x177.png","width":556,"height":177},{"@type":"BreadcrumbList","@id":"https:\/\/www.accuratereviews.com\/it\/strumenti-seo-lista-software\/pitchbox-recensione\/#breadcrumb","itemListElement":[{"@type":"ListItem","position":1,"name":"Home","item":"https:\/\/www.accuratereviews.com\/it\/"},{"@type":"ListItem","position":2,"name":"Strumenti SEO","item":"https:\/\/www.accuratereviews.com\/it\/strumenti-seo-lista-software\/"},{"@type":"ListItem","position":3,"name":"Pitchbox"}]},{"@type":"WebSite","@id":"https:\/\/www.accuratereviews.com\/it\/#website","url":"https:\/\/www.accuratereviews.com\/it\/","name":"Accurate Reviews","description":"","potentialAction":[{"@type":"SearchAction","target":{"@type":"EntryPoint","urlTemplate":"https:\/\/www.accuratereviews.com\/it\/?s={search_term_string}"},"query-input":{"@type":"PropertyValueSpecification","valueRequired":true,"valueName":"search_term_string"}}],"inLanguage":"it-IT"}]}},"_links":{"self":[{"href":"https:\/\/www.accuratereviews.com\/it\/wp-json\/wp\/v2\/pages\/19737","targetHints":{"allow":["GET"]}}],"collection":[{"href":"https:\/\/www.accuratereviews.com\/it\/wp-json\/wp\/v2\/pages"}],"about":[{"href":"https:\/\/www.accuratereviews.com\/it\/wp-json\/wp\/v2\/types\/page"}],"author":[{"embeddable":true,"href":"https:\/\/www.accuratereviews.com\/it\/wp-json\/wp\/v2\/users\/17"}],"replies":[{"embeddable":true,"href":"https:\/\/www.accuratereviews.com\/it\/wp-json\/wp\/v2\/comments?post=19737"}],"version-history":[{"count":6,"href":"https:\/\/www.accuratereviews.com\/it\/wp-json\/wp\/v2\/pages\/19737\/revisions"}],"predecessor-version":[{"id":49796,"href":"https:\/\/www.accuratereviews.com\/it\/wp-json\/wp\/v2\/pages\/19737\/revisions\/49796"}],"up":[{"embeddable":true,"href":"https:\/\/www.accuratereviews.com\/it\/wp-json\/wp\/v2\/pages\/8849"}],"wp:featuredmedia":[{"embeddable":true,"href":"https:\/\/www.accuratereviews.com\/it\/wp-json\/wp\/v2\/media\/19739"}],"wp:attachment":[{"href":"https:\/\/www.accuratereviews.com\/it\/wp-json\/wp\/v2\/media?parent=19737"}],"wp:term":[{"taxonomy":"category","embeddable":true,"href":"https:\/\/www.accuratereviews.com\/it\/wp-json\/wp\/v2\/categories?post=19737"},{"taxonomy":"post_tag","embeddable":true,"href":"https:\/\/www.accuratereviews.com\/it\/wp-json\/wp\/v2\/tags?post=19737"},{"taxonomy":"features","embeddable":true,"href":"https:\/\/www.accuratereviews.com\/it\/wp-json\/wp\/v2\/features?post=19737"}],"curies":[{"name":"wp","href":"https:\/\/api.w.org\/{rel}","templated":true}]}}