{"id":19742,"date":"2019-11-04T08:27:19","date_gmt":"2019-11-04T08:27:19","guid":{"rendered":"https:\/\/www.accuratereviews.com\/?page_id=19742"},"modified":"2021-11-12T10:22:25","modified_gmt":"2021-11-12T10:22:25","slug":"advanced-web-ranking-recensione","status":"publish","type":"page","link":"https:\/\/www.accuratereviews.com\/it\/strumenti-seo-lista-software\/advanced-web-ranking-recensione\/","title":{"rendered":"Advanced Web Ranking"},"content":{"rendered":"<p><strong>Advanced Web Ranking<\/strong> \u00e8 un robusto <strong>software SEO<\/strong> che offre molte funzionalit\u00e0 complete di tracciamento delle parole chiave. Se stai cercando la migliore piattaforma per gestire i tuoi sforzi SEO, questa \u00e8 un&#8217;opzione fantastica.\u00a0Questo software offre tutti gli strumenti SEO fondamentali in un luogo centralizzato, consentendo in tal modo un monitoraggio pi\u00f9 semplice di tutte le tue campagne. Fornisce una vasta gamma di strumenti di ottimizzazione che includono; creazione di link, analisi della concorrenza, gestione dei link, ottimizzazione delle parole chiave e report sulle prestazioni.\u00a0Uno dei motivi principali per cui le persone utilizzano gli <strong>strumenti SEO<\/strong> \u00e8 quello di raggiungere un alto posizionamento della pagina. Questo pu\u00f2 essere un compito meticoloso soprattutto se si considera la natura competitiva del mercato. Per questo motivo <strong>AWR<\/strong> offre potenti strumenti di classificazione che ti aiutano a scoprire le migliori parole chiave e frasi.\u00a0Gli strumenti di analisi della concorrenza sono anche di vitale importanza in quanto ti offrono una visione del sito web dei tuoi concorrenti. Questo presenta una chiara panoramica delle strategie dei social media della concorrenza, l&#8217;ottimizzazione della pagina e i partner di collegamento. Inoltre, questi strumenti forniscono le migliori strategie di ottimizzazione delle parole chiave e il piano SEO che si spingeranno ai vertici.<\/p>\n<h2>ADVANCED WEB RANKING &#8211; TUTORIAL<\/h2>\n<p>Questo video ti guider\u00e0 attraverso le fasi di aggiunta di siti nel posizionamento Web avanzato e di avvio della campagna di monitoraggio con questo robusto <strong>software SEO<\/strong>:<\/p>\n<div id=\"fluid-wrapper-counter-1\" class=\"g1-fluid-wrapper \" style=\"width:686px;\">\n<div style=\"padding-bottom:56.268221574344%;\"><iframe loading=\"lazy\" title=\"Creating New Projects\" width=\"686\" height=\"386\" src=\"https:\/\/www.youtube.com\/embed\/_AcT5QkMReU?list=PL_sm3ydVBxdAeB1AVNcHHi1NKewzQzaNe\" frameborder=\"0\" allow=\"accelerometer; autoplay; clipboard-write; encrypted-media; gyroscope; picture-in-picture\" allowfullscreen><\/iframe><\/div>\n<\/div>\n<h3>ADVANCED WEB RANKING &#8211; CARATTERISTICHE<\/h3>\n<ul>\n<li><strong>Dati di posizionamento delle parole chiave precisi:<\/strong> il programma fornisce dati accurati sul posizionamento attraverso l&#8217;uso di un meccanismo di emulazione della ricerca umana e nuove definizioni dei motori di ricerca ogni 24 ore<\/li>\n<li><strong>Server proxy geolocalizzati<\/strong>: i proxy localizzati dietro questa soluzione ti consentono di mostrare le classifiche delle parole chiave che i tuoi clienti e i loro visitatori vedono nel loro browser, in modo da sapere sempre esattamente dove ti trovi<\/li>\n<li><strong>Parole chiave, SEO e progetti illimitati:<\/strong>\u00a0creato per progetti di grandi dimensioni e complessi, il software ha una capacit\u00e0 in espansione che pu\u00f2 adattarsi a grandi quantit\u00e0 di dati. Scegli uno degli abbonamenti esistenti o richiedi un piano personalizzato adatto alle tue esigenze.<\/li>\n<li><strong>3000+ motori di ricerca<\/strong>:\u00a0\u00a0hai accesso a oltre 3000 motori di ricerca (inclusi SE dedicati) e oltre 130 paesi, quindi puoi monitorare con precisione le classifiche, fino al codice postale e all&#8217;indirizzo stradale di Google<\/li>\n<li><strong>Supporto per caratteri speciali in pi\u00f9 lingue<\/strong>: tieni traccia delle parole chiave in qualsiasi lingua tu voglia<\/li>\n<li><strong>Tutte le funzionalit\u00e0 SERP monitorate<\/strong>: copre tutti i tipi di risultati, quindi \u00e8 possibile tenere traccia delle classifiche delle parole chiave mentre vengono visualizzate in SERP reali con annunci, immagini, notizie, knowledge box, video e altro ancora<\/li>\n<li><strong>Interfaccia e report Whitelabel completi<\/strong>: la funzione Whitelabel \u00e8 completamente disponibile su tutti i tipi di abbonamento. Ti consente di cancellare qualsiasi traccia di AWR dall&#8217;interfaccia e dai rapporti dell&#8217;app e sostituirli con il logo della tua azienda<\/li>\n<li><strong>Rapporti personalizzabili e pronti all&#8217;uso<\/strong>: \u00e8 estremamente intuitivo grazie ai suoi speciali modelli di report. Puoi anche creare i tuoi modelli di report da zero, mescolando colonne, grafici e visualizzare i tuoi dati in modi semplici e chiari<\/li>\n<li><strong>Potente API per dati SERP e altro ancora<\/strong>: integra i dati SERP completi con il tuo strumento interno tramite la potente API del programma, compatibile con qualsiasi linguaggio di programmazione. Eseguendo le connessioni SSL, tutti i trasferimenti di dati sono sempre sicuri<\/li>\n<li><strong>Integrazione di strumenti di Google<\/strong>: sincronizza la soluzione con i dati di Google Analytics, Search Console e AdWords Keyword Planner. Ottieni i dati dai tuoi account Google e ottieni una comprensione pi\u00f9 ampia del rendimento delle tue parole chiave<\/li>\n<li><strong>Classificazione della migrazione dei dati:<\/strong>\u00a0semplifica il trasferimento dei dati storici sulla classifica da servizi di terze parti, in modo da non perdere mai traccia dei progressi delle classifiche nel tempo.<\/li>\n<\/ul>\n<h4>LE RECENSIONI DEGLI UTENTI<\/h4>\n<h4>Andy L. &#8220;Tracker di livello solido&#8221;<\/h4>\n<p><strong>Commenti:<\/strong> Avendo probabilmente utilizzato la maggior parte dei tracker di classificazione su larga scala, ho optato per AWR per una buona ragione: \u00e8 affidabile, a prezzi ragionevoli e offre i dati di cui ho bisogno in un formato conveniente. Sono felice di consigliarlo per chi ha bisogno di un tracker di classificazione &#8220;puro&#8221;.<\/p>\n<p><strong>Vantaggi:<\/strong> AWR \u00e8 un tracker di rango solido, con una buona flessibilit\u00e0 in termini di divisione dei crediti tra diversi motori di ricerca, targeting geografico e cos\u00ec via. Gli aggiornamenti sono affidabili e rapidi. La capacit\u00e0 di monitorare 49 concorrenti per ogni set di parole chiave \u00e8 un grande vantaggio.<\/p>\n<p><strong>Inconvenienti<\/strong>: anche se ci sono funzionalit\u00e0 come il controllo del sito, queste non particolarmente utili. Immagino che questo sia per competere con artisti del calibro di SEM Rush e gli altri strumenti &#8220;tutto in uno&#8221;. Alcuni aspetti dell&#8217;analisi dei dati hanno limitazioni (ad esempio il confronto delle classifiche).<\/p>\n<h4>Art B. &#8220;Miglior software nella classifica dei software&#8221;<\/h4>\n<p><strong>Commenti<\/strong>: \u00e8 la migliore combinazione per ottenere un valore reale nelle informazioni sul posizionamento e il rendimento delle parole chiave in modo tempestivo ed efficiente a un prezzo molto conveniente.<\/p>\n<p><strong>Vantaggi<\/strong>: mi piace il supporto e che i report per ciascuno dei miei clienti sono personalizzabili e che i report sono facili da generare. Mi piace soprattutto che i rapporti possano essere generati tutte le volte che \u00e8 necessario e i risultati sono disponibili molto rapidamente. Il prezzo \u00e8 interessante, soprattutto se hai appena iniziato.<\/p>\n<p><strong>Inconvenienti:<\/strong> apprendere la differenza tra la vecchia e la nuova versione del software. Non ho familiarit\u00e0 con alcuni termini del settore e vorrei alcune spiegazioni in inglese piuttosto che supporre di aver compreso alcuni termini.<\/p>\n<h4>Scott F. &#8220;La soluzione perfetta per i nostri rapporti SEO mensili&#8221;<\/h4>\n<p><strong>Commenti:<\/strong> Usiamo AWR dalla vecchia piattaforma desktop e trasferendo alla soluzione cloud siamo stati in grado di automatizzare molti processi risparmiando tempo e denaro fornendo al contempo ai nostri clienti report accurati.<\/p>\n<p><strong>Vantaggi:<\/strong> adoriamo poter accedere al software tramite cloud e anche il processo di automazione, adoriamo anche il modo in cui \u00e8 possibile impostare i report per fornire risultati dei termini di ricerca locali.<\/p>\n<p><strong>Inconvenienti:<\/strong> Ci piacerebbe pi\u00f9 personalizzazione e pi\u00f9 funzionalit\u00e0 all&#8217;interno dei report<\/p>\n","protected":false},"excerpt":{"rendered":"<p>Advanced Web Ranking \u00e8 un robusto software SEO che offre molte funzionalit\u00e0 complete di tracciamento delle parole chiave. Se stai cercando la migliore piattaforma per gestire i tuoi sforzi SEO, questa \u00e8 un&#8217;opzione fantastica.\u00a0Questo software offre tutti gli strumenti SEO fondamentali in un luogo centralizzato, consentendo in tal modo un monitoraggio pi\u00f9 semplice di tutte le tue campagne.<\/p>\n","protected":false},"author":19,"featured_media":19748,"parent":8849,"menu_order":0,"comment_status":"open","ping_status":"closed","template":"g1_template_page_review_new.php","meta":{"_acf_changed":false,"cwp_meta_box_check":"Yes","cwp_rev_product_name":"","cwp_rev_product_image":"","wppr_links":[],"cwp_rev_price":"","wppr_options":[],"wppr_pros":[],"wppr_cons":[],"_monsterinsights_skip_tracking":false,"_monsterinsights_sitenote_active":false,"_monsterinsights_sitenote_note":"","_monsterinsights_sitenote_category":0,"footnotes":""},"categories":[175],"tags":[1437,1438,396,1421,1408,1393,1420,1417],"features":[],"class_list":{"0":"post-19742","1":"page","2":"type-page","3":"status-publish","4":"has-post-thumbnail","6":"category-strumenti-seo-categoria","7":"tag-advanced-web-ranking","8":"tag-awr","9":"tag-cloud","10":"tag-programma-seo","11":"tag-rapporti-seo","12":"tag-reporting-seo","13":"tag-software-seo","14":"tag-soluzione-seo"},"wppr_data":{"cwp_meta_box_check":"Yes","cwp_rev_product_name":"","cwp_rev_product_image":"","cwp_image_link":"image","cwp_rev_price":"","wppr_rating":"0.00"},"acf":[],"yoast_head":"<!-- This site is optimized with the Yoast SEO plugin v27.4 - https:\/\/yoast.com\/product\/yoast-seo-wordpress\/ -->\n<title>Advanced Web Ranking: recensione software SEO - Accurate Reviews<\/title>\n<meta name=\"description\" content=\"Advanced Web Ranking: recensione software SEO potente che offre molte funzionalit\u00e0 complete di tracciamento delle parole chiave.\" \/>\n<meta name=\"robots\" content=\"index, follow, max-snippet:-1, max-image-preview:large, max-video-preview:-1\" \/>\n<link rel=\"canonical\" href=\"https:\/\/www.accuratereviews.com\/it\/strumenti-seo-lista-software\/advanced-web-ranking-recensione\/\" \/>\n<meta property=\"og:locale\" content=\"it_IT\" \/>\n<meta property=\"og:type\" content=\"article\" \/>\n<meta property=\"og:title\" content=\"Advanced Web Ranking: recensione software SEO - Accurate Reviews\" \/>\n<meta property=\"og:description\" content=\"Advanced Web Ranking: recensione software SEO potente che offre molte funzionalit\u00e0 complete di tracciamento delle parole chiave.\" \/>\n<meta property=\"og:url\" content=\"https:\/\/www.accuratereviews.com\/it\/strumenti-seo-lista-software\/advanced-web-ranking-recensione\/\" \/>\n<meta property=\"og:site_name\" content=\"Accurate Reviews\" \/>\n<meta property=\"article:modified_time\" content=\"2021-11-12T10:22:25+00:00\" \/>\n<meta property=\"og:image\" content=\"https:\/\/www.accuratereviews.com\/wp-content\/uploads\/2019\/11\/advanced-web-ranking.png\" \/>\n\t<meta property=\"og:image:width\" content=\"600\" \/>\n\t<meta property=\"og:image:height\" content=\"315\" \/>\n\t<meta property=\"og:image:type\" content=\"image\/png\" \/>\n<meta name=\"twitter:card\" content=\"summary_large_image\" \/>\n<meta name=\"twitter:label1\" content=\"Tempo di lettura stimato\" \/>\n\t<meta name=\"twitter:data1\" content=\"5 minuti\" \/>\n<script type=\"application\/ld+json\" class=\"yoast-schema-graph\">{\"@context\":\"https:\\\/\\\/schema.org\",\"@graph\":[{\"@type\":\"WebPage\",\"@id\":\"https:\\\/\\\/www.accuratereviews.com\\\/it\\\/strumenti-seo-lista-software\\\/advanced-web-ranking-recensione\\\/\",\"url\":\"https:\\\/\\\/www.accuratereviews.com\\\/it\\\/strumenti-seo-lista-software\\\/advanced-web-ranking-recensione\\\/\",\"name\":\"Advanced Web Ranking: recensione software SEO - Accurate Reviews\",\"isPartOf\":{\"@id\":\"https:\\\/\\\/www.accuratereviews.com\\\/it\\\/#website\"},\"primaryImageOfPage\":{\"@id\":\"https:\\\/\\\/www.accuratereviews.com\\\/it\\\/strumenti-seo-lista-software\\\/advanced-web-ranking-recensione\\\/#primaryimage\"},\"image\":{\"@id\":\"https:\\\/\\\/www.accuratereviews.com\\\/it\\\/strumenti-seo-lista-software\\\/advanced-web-ranking-recensione\\\/#primaryimage\"},\"thumbnailUrl\":\"https:\\\/\\\/www.accuratereviews.com\\\/wp-content\\\/uploads\\\/2019\\\/11\\\/advanced-web-ranking.png\",\"datePublished\":\"2019-11-04T08:27:19+00:00\",\"dateModified\":\"2021-11-12T10:22:25+00:00\",\"description\":\"Advanced Web Ranking: recensione software SEO potente che offre molte funzionalit\u00e0 complete di tracciamento delle parole chiave.\",\"breadcrumb\":{\"@id\":\"https:\\\/\\\/www.accuratereviews.com\\\/it\\\/strumenti-seo-lista-software\\\/advanced-web-ranking-recensione\\\/#breadcrumb\"},\"inLanguage\":\"it-IT\",\"potentialAction\":[{\"@type\":\"ReadAction\",\"target\":[\"https:\\\/\\\/www.accuratereviews.com\\\/it\\\/strumenti-seo-lista-software\\\/advanced-web-ranking-recensione\\\/\"]}]},{\"@type\":\"ImageObject\",\"inLanguage\":\"it-IT\",\"@id\":\"https:\\\/\\\/www.accuratereviews.com\\\/it\\\/strumenti-seo-lista-software\\\/advanced-web-ranking-recensione\\\/#primaryimage\",\"url\":\"https:\\\/\\\/www.accuratereviews.com\\\/wp-content\\\/uploads\\\/2019\\\/11\\\/advanced-web-ranking.png\",\"contentUrl\":\"https:\\\/\\\/www.accuratereviews.com\\\/wp-content\\\/uploads\\\/2019\\\/11\\\/advanced-web-ranking.png\",\"width\":600,\"height\":315},{\"@type\":\"BreadcrumbList\",\"@id\":\"https:\\\/\\\/www.accuratereviews.com\\\/it\\\/strumenti-seo-lista-software\\\/advanced-web-ranking-recensione\\\/#breadcrumb\",\"itemListElement\":[{\"@type\":\"ListItem\",\"position\":1,\"name\":\"Home\",\"item\":\"https:\\\/\\\/www.accuratereviews.com\\\/it\\\/\"},{\"@type\":\"ListItem\",\"position\":2,\"name\":\"Strumenti SEO\",\"item\":\"https:\\\/\\\/www.accuratereviews.com\\\/it\\\/strumenti-seo-lista-software\\\/\"},{\"@type\":\"ListItem\",\"position\":3,\"name\":\"Advanced Web Ranking\"}]},{\"@type\":\"WebSite\",\"@id\":\"https:\\\/\\\/www.accuratereviews.com\\\/it\\\/#website\",\"url\":\"https:\\\/\\\/www.accuratereviews.com\\\/it\\\/\",\"name\":\"Accurate Reviews\",\"description\":\"\",\"potentialAction\":[{\"@type\":\"SearchAction\",\"target\":{\"@type\":\"EntryPoint\",\"urlTemplate\":\"https:\\\/\\\/www.accuratereviews.com\\\/it\\\/?s={search_term_string}\"},\"query-input\":{\"@type\":\"PropertyValueSpecification\",\"valueRequired\":true,\"valueName\":\"search_term_string\"}}],\"inLanguage\":\"it-IT\"}]}<\/script>\n<!-- \/ Yoast SEO plugin. -->","yoast_head_json":{"title":"Advanced Web Ranking: recensione software SEO - Accurate Reviews","description":"Advanced Web Ranking: recensione software SEO potente che offre molte funzionalit\u00e0 complete di tracciamento delle parole chiave.","robots":{"index":"index","follow":"follow","max-snippet":"max-snippet:-1","max-image-preview":"max-image-preview:large","max-video-preview":"max-video-preview:-1"},"canonical":"https:\/\/www.accuratereviews.com\/it\/strumenti-seo-lista-software\/advanced-web-ranking-recensione\/","og_locale":"it_IT","og_type":"article","og_title":"Advanced Web Ranking: recensione software SEO - Accurate Reviews","og_description":"Advanced Web Ranking: recensione software SEO potente che offre molte funzionalit\u00e0 complete di tracciamento delle parole chiave.","og_url":"https:\/\/www.accuratereviews.com\/it\/strumenti-seo-lista-software\/advanced-web-ranking-recensione\/","og_site_name":"Accurate Reviews","article_modified_time":"2021-11-12T10:22:25+00:00","og_image":[{"width":600,"height":315,"url":"https:\/\/www.accuratereviews.com\/wp-content\/uploads\/2019\/11\/advanced-web-ranking.png","type":"image\/png"}],"twitter_card":"summary_large_image","twitter_misc":{"Tempo di lettura stimato":"5 minuti"},"schema":{"@context":"https:\/\/schema.org","@graph":[{"@type":"WebPage","@id":"https:\/\/www.accuratereviews.com\/it\/strumenti-seo-lista-software\/advanced-web-ranking-recensione\/","url":"https:\/\/www.accuratereviews.com\/it\/strumenti-seo-lista-software\/advanced-web-ranking-recensione\/","name":"Advanced Web Ranking: recensione software SEO - Accurate Reviews","isPartOf":{"@id":"https:\/\/www.accuratereviews.com\/it\/#website"},"primaryImageOfPage":{"@id":"https:\/\/www.accuratereviews.com\/it\/strumenti-seo-lista-software\/advanced-web-ranking-recensione\/#primaryimage"},"image":{"@id":"https:\/\/www.accuratereviews.com\/it\/strumenti-seo-lista-software\/advanced-web-ranking-recensione\/#primaryimage"},"thumbnailUrl":"https:\/\/www.accuratereviews.com\/wp-content\/uploads\/2019\/11\/advanced-web-ranking.png","datePublished":"2019-11-04T08:27:19+00:00","dateModified":"2021-11-12T10:22:25+00:00","description":"Advanced Web Ranking: recensione software SEO potente che offre molte funzionalit\u00e0 complete di tracciamento delle parole chiave.","breadcrumb":{"@id":"https:\/\/www.accuratereviews.com\/it\/strumenti-seo-lista-software\/advanced-web-ranking-recensione\/#breadcrumb"},"inLanguage":"it-IT","potentialAction":[{"@type":"ReadAction","target":["https:\/\/www.accuratereviews.com\/it\/strumenti-seo-lista-software\/advanced-web-ranking-recensione\/"]}]},{"@type":"ImageObject","inLanguage":"it-IT","@id":"https:\/\/www.accuratereviews.com\/it\/strumenti-seo-lista-software\/advanced-web-ranking-recensione\/#primaryimage","url":"https:\/\/www.accuratereviews.com\/wp-content\/uploads\/2019\/11\/advanced-web-ranking.png","contentUrl":"https:\/\/www.accuratereviews.com\/wp-content\/uploads\/2019\/11\/advanced-web-ranking.png","width":600,"height":315},{"@type":"BreadcrumbList","@id":"https:\/\/www.accuratereviews.com\/it\/strumenti-seo-lista-software\/advanced-web-ranking-recensione\/#breadcrumb","itemListElement":[{"@type":"ListItem","position":1,"name":"Home","item":"https:\/\/www.accuratereviews.com\/it\/"},{"@type":"ListItem","position":2,"name":"Strumenti SEO","item":"https:\/\/www.accuratereviews.com\/it\/strumenti-seo-lista-software\/"},{"@type":"ListItem","position":3,"name":"Advanced Web Ranking"}]},{"@type":"WebSite","@id":"https:\/\/www.accuratereviews.com\/it\/#website","url":"https:\/\/www.accuratereviews.com\/it\/","name":"Accurate Reviews","description":"","potentialAction":[{"@type":"SearchAction","target":{"@type":"EntryPoint","urlTemplate":"https:\/\/www.accuratereviews.com\/it\/?s={search_term_string}"},"query-input":{"@type":"PropertyValueSpecification","valueRequired":true,"valueName":"search_term_string"}}],"inLanguage":"it-IT"}]}},"_links":{"self":[{"href":"https:\/\/www.accuratereviews.com\/it\/wp-json\/wp\/v2\/pages\/19742","targetHints":{"allow":["GET"]}}],"collection":[{"href":"https:\/\/www.accuratereviews.com\/it\/wp-json\/wp\/v2\/pages"}],"about":[{"href":"https:\/\/www.accuratereviews.com\/it\/wp-json\/wp\/v2\/types\/page"}],"author":[{"embeddable":true,"href":"https:\/\/www.accuratereviews.com\/it\/wp-json\/wp\/v2\/users\/19"}],"replies":[{"embeddable":true,"href":"https:\/\/www.accuratereviews.com\/it\/wp-json\/wp\/v2\/comments?post=19742"}],"version-history":[{"count":8,"href":"https:\/\/www.accuratereviews.com\/it\/wp-json\/wp\/v2\/pages\/19742\/revisions"}],"predecessor-version":[{"id":49912,"href":"https:\/\/www.accuratereviews.com\/it\/wp-json\/wp\/v2\/pages\/19742\/revisions\/49912"}],"up":[{"embeddable":true,"href":"https:\/\/www.accuratereviews.com\/it\/wp-json\/wp\/v2\/pages\/8849"}],"wp:featuredmedia":[{"embeddable":true,"href":"https:\/\/www.accuratereviews.com\/it\/wp-json\/wp\/v2\/media\/19748"}],"wp:attachment":[{"href":"https:\/\/www.accuratereviews.com\/it\/wp-json\/wp\/v2\/media?parent=19742"}],"wp:term":[{"taxonomy":"category","embeddable":true,"href":"https:\/\/www.accuratereviews.com\/it\/wp-json\/wp\/v2\/categories?post=19742"},{"taxonomy":"post_tag","embeddable":true,"href":"https:\/\/www.accuratereviews.com\/it\/wp-json\/wp\/v2\/tags?post=19742"},{"taxonomy":"features","embeddable":true,"href":"https:\/\/www.accuratereviews.com\/it\/wp-json\/wp\/v2\/features?post=19742"}],"curies":[{"name":"wp","href":"https:\/\/api.w.org\/{rel}","templated":true}]}}