{"id":19756,"date":"2019-11-04T08:26:28","date_gmt":"2019-11-04T08:26:28","guid":{"rendered":"https:\/\/www.accuratereviews.com\/?page_id=19756"},"modified":"2021-11-10T10:59:43","modified_gmt":"2021-11-10T10:59:43","slug":"searchmetrics-recensione","status":"publish","type":"page","link":"https:\/\/www.accuratereviews.com\/it\/strumenti-seo-lista-software\/searchmetrics-recensione\/","title":{"rendered":"SearchMetrics"},"content":{"rendered":"<p><strong>SearchMetrics<\/strong> \u00e8 una <strong>software SEO<\/strong> e content marketing per le aziende che consente loro di creare contenuti coinvolgenti e connettersi con i clienti in modo pi\u00f9 efficace. Gli strumenti di analisi aiutano a scoprire nuove opportunit\u00e0 e consentono al management di prendere decisioni pi\u00f9 intelligenti e informate per migliorare le entrate.\u00a0La soluzione contiene tutti gli strumenti di cui gli utenti hanno bisogno per monitorare rapidamente parole chiave, valutare collegamenti e sottopagine e confrontare domini diversi. La piattaforma supporta anche grandi domini utilizzando il suo enorme database di risultati di ricerca e i social media. Consente alle aziende di essere all&#8217;avanguardia e aggiornate in tempo reale. La suite <strong>SearchMetrics<\/strong> copre tutte le campagne di marketing digitale inclusi contenuti, ricerca, social e PPC e consente alle aziende di analizzare, misurare, prevedere e riferire su di esse.<\/p>\n<h2>SEARCHMETRICS &#8211; TUTORIAL<\/h2>\n<p>Con questo breve tutorial scoprirai come ottenere dettagli sulle prestazioni del tuo sito web utilizzando questo<strong> software SEO<\/strong>:<\/p>\n<div id=\"fluid-wrapper-counter-1\" class=\"g1-fluid-wrapper \" style=\"width:686px;\">\n<div style=\"padding-bottom:56.268221574344%;\"><iframe loading=\"lazy\" title=\"[EN] Essentials - Get Started 1: Understand SEO website performance and identify key competitors\" width=\"515\" height=\"386\" src=\"https:\/\/www.youtube.com\/embed\/TeQ-h9UieBA?feature=oembed&amp;wmode=transparent&amp;autohide=1&amp;autoplay=0&amp;disablekb=0&amp;fs=1&amp;loop=0&amp;enablejsapi=1&amp;rel=0&amp;controls=2&amp;showinfo=0&amp;wmode=transparent&amp;autohide=2&amp;autoplay=0&amp;disablekb=0&amp;fs=1&amp;loop=0&amp;enablejsapi=1&amp;rel=0&amp;controls=2&amp;showinfo=1\" frameborder=\"0\" allow=\"accelerometer; autoplay; clipboard-write; encrypted-media; gyroscope; picture-in-picture\" allowfullscreen><\/iframe><\/div>\n<\/div>\n<p>&nbsp;<\/p>\n<h3>SEARCHMETRICS &#8211; CARATTERISTICHE<\/h3>\n<ul>\n<li><strong>Visibility Guard<\/strong>: questo programma identifica e protegge automaticamente le tue pagine web pi\u00f9 preziose da costose perdite di traffico e conversioni<\/li>\n<li><strong>SEO mobile:<\/strong> analizza efficacemente classifiche e traffico mobili. il software offre un&#8217;analisi completa e accurata delle classifiche e del traffico SEO mobili in modo da poter ottimizzare i progetti SEO su dispositivi mobili<\/li>\n<li><strong>SEO globale<\/strong>: la SEO globale con questa soluzione consente agli esperti di marketing digitale di sfruttare pi\u00f9 di quattro anni di dati storici per oltre 100 milioni di domini in 30 paesi.<\/li>\n<li><strong>SEO locale:<\/strong> potenziare il marketing SEO locale con analisi precise. Analizza le classifiche SEO locali per 485 combinazioni di motori di ricerca di citt\u00e0 in 14 paesi. Rivela nuovi concorrenti, tendenze e opportunit\u00e0<\/li>\n<li><strong>Analisi del backlink:<\/strong> ottimizzazione delle prestazioni del sito Web fuori pagina. L&#8217;analisi dei backlink fornisce gli strumenti e i dati critici necessari per ottimizzare le prestazioni fuori pagina del tuo sito web<\/li>\n<li><strong>Ottimizzazione di siti e collegamenti:<\/strong> massimizza la pertinenza e la visibilit\u00e0. L&#8217;ottimizzazione del sito e dei collegamenti consente di ottimizzare sia la struttura del sito sia i collegamenti interni massimizzando la pertinenza e la visibilit\u00e0<\/li>\n<li><strong>SEM e PPC:<\/strong> equilibrio pi\u00f9 efficace tra ricerca a pagamento e ricerca organica. Consente alle organizzazioni di valutare l&#8217;efficacia delle attivit\u00e0 PPC, confrontare la ricerca organica e a pagamento e migliorare le prestazioni di entrambi<\/li>\n<li><strong>Analisi delle parole chiave<\/strong>: ottimizzazione completa della pagina e delle parole chiave. L&#8217;ottimizzazione delle parole chiave aiutano i SEO a ottimizzare le pagine, analizzare il posizionamento delle parole chiave e creare argomenti pi\u00f9 completi<\/li>\n<li><strong>Integrazione dei dati:<\/strong> interfacce premium per le tue prestazioni online. Integra le soluzioni di analisi dei dati web e l&#8217;API di Google Search Console per valutare i dati sulle prestazioni e identificare il potenziale di ottimizzazione.<\/li>\n<\/ul>\n<h4>LE RECENSIONI DEGLI UTENTI<\/h4>\n<h4>Juan ignacio G. &#8220;Strumento molto completo solo per esperti SEO&#8221;<\/h4>\n<p><strong>Commenti:<\/strong> Lo uso quotidianamente nel mio lavoro poich\u00e9 \u00e8 uno dei principali strumenti che utilizziamo per analizzare le pagine Web dall&#8217;ottimizzazione. Mentre lo utilizziamo per il lavoro quotidiano, sfruttiamo anche la facilit\u00e0 con cui i report possono essere raccolti per l&#8217;invio ai clienti.<\/p>\n<p><strong>Vantaggi<\/strong>: Searchmetrics \u00e8 uno degli strumenti pi\u00f9 completi all&#8217;interno della SEO (Search Engine Optimization) e tra le sue virt\u00f9 troviamo:<br \/>\n1) Offre approfondimenti per molti paesi separatamente e aggiorna sempre nuove localit\u00e0.<br \/>\n2) Copre tutto le funzionalit\u00e0 che vengono analizzate all&#8217;interno della SEO (aspetti tecnici, link building, contenuti, ricerca)<br \/>\n3) Il supporto \u00e8 molto buono e costante<\/p>\n<p><strong>Inconvenienti<\/strong>: essendo uno strumento cos\u00ec completo, all&#8217;inizio \u00e8 difficile capire dove trovare ogni elemento e come \u00e8 organizzato. Inoltre, sebbene sia molto professionale, \u00e8 uno strumento costoso per gli imprenditori.<\/p>\n<h4><strong>Sam G. &#8220;Uno degli strumenti essenziali&#8221;<\/strong><\/h4>\n<p><strong>Commenti<\/strong>: Search Metrics \u00e8 uno strumento che utilizzo spesso per ottenere una rapida istantanea della visibilit\u00e0 online dei siti Web in base al posizionamento delle parole chiave. Non solo puoi avere un&#8217;idea molto precisa delle prestazioni del tuo sito web nel tempo in pi\u00f9 paesi, ma puoi anche individuare picchi e depressioni e confrontare le date con gli algoritmi di Google per capire se il sito Web \u00e8 stato interessato.<br \/>\n\u00c8 inoltre possibile confrontare diversi siti Web e tenere traccia della visibilit\u00e0 organica e a pagamento. Un&#8217;altra grande caratteristica sono le liste dei vincitori e dei perdenti, che si aggiornano settimanalmente per mostrare i maggiori cambiamenti di visibilit\u00e0 su tutti i siti Web monitorati. Lo strumento pu\u00f2 anche essere utilizzato per identificare quali parole chiave inviano traffico, con le attuali modifiche alla classifica, il traffico stimato e altre statistiche PPC. Sono inoltre disponibili report con molte metriche utili per monitorare i progressi e individuare nuove opportunit\u00e0. Ci sono molte altre funzionalit\u00e0 nello strumento con pi\u00f9 approfondimenti su parole chiave, backlink, social e contenuti, ma l&#8217;accesso a questi dipende dal livello del tuo account.<\/p>\n<p><strong>Vantaggi:<\/strong> bel resoconto,\u00a0facile confrontare i siti fianco a fianco,\u00a0mostra dati storici che consentono di ottenere un&#8217;istantanea delle prestazioni di un sito Web nel tempo<\/p>\n<p><strong>Inconvenienti:<\/strong> gli aggiornamenti settimanali sulla visibilit\u00e0 sono occasionalmente in ritardo senza notizie che possono essere frustranti quando ci sono clienti in attesa di segnalazioni.\u00a0I livelli di account variano molto, con un salto significativo da &#8220;elementi essenziali&#8221; a &#8220;Suite&#8221; &#8211; mentre offrono pacchetti personalizzati, dalla mia esperienza questi possono essere un po &#8216;confusi in quanto basati su un sistema di crediti<\/p>\n<h4><strong>Jonathan G. &#8220;Come imparare il SEO&#8221;<\/strong><\/h4>\n<p><strong>Vantaggi:<\/strong> letteralmente, questo programma mi ha aiutato nella mia formazione SEO mentre iniziavo in una societ\u00e0 di pubblicit\u00e0. L&#8217;interfaccia utente \u00e8 stata incredibilmente facile da navigare e capire, il servizio clienti \u00e8 stato di grande aiuto per quanto riguarda le mie domande sul programma o sulle pratiche SEO in generale, e la ricerca di parole chiave con la concorrenza \u00e8 stata una manna dal cielo. Verso la fine, hanno introdotto il loro programma di scrittura a scrittori come me per creare pezzi SEO-friendly in un batter d&#8217;occhio.<\/p>\n<p><strong>Inconvenienti:<\/strong> ho avuto pochi input sull&#8217;uso di questo software, ma ho sentito che \u00e8 pi\u00f9 costoso della concorrenza. Inoltre, quando ho iniziato a usarlo, c&#8217;era una curva di apprendimento per capire come tutte le diverse funzionalit\u00e0 lavorassero insieme in armonia, ma a tutte le domande \u00e8 possibile rispondere dal personale di supporto SM educato.<\/p>\n","protected":false},"excerpt":{"rendered":"<p>SearchMetrics \u00e8 una software SEO e content marketing per le aziende che consente loro di creare contenuti coinvolgenti e connettersi con i clienti in modo pi\u00f9 efficace. Gli strumenti di analisi aiutano a scoprire nuove opportunit\u00e0 e consentono al management di prendere decisioni pi\u00f9 intelligenti e informate per migliorare le entrate.\u00a0La soluzione contiene tutti gli strumenti di cui gli utenti hanno bisogno per monitorare rapidamente parole chiave, valutare collegamenti e sottopagine e confrontare domini diversi.<\/p>\n","protected":false},"author":19,"featured_media":19761,"parent":8849,"menu_order":0,"comment_status":"open","ping_status":"closed","template":"g1_template_page_review_new.php","meta":{"_acf_changed":false,"cwp_meta_box_check":"No","cwp_rev_product_name":"","cwp_rev_product_image":"","wppr_links":[],"cwp_rev_price":"","wppr_options":[],"wppr_pros":[],"wppr_cons":[],"_monsterinsights_skip_tracking":false,"_monsterinsights_sitenote_active":false,"_monsterinsights_sitenote_note":"","_monsterinsights_sitenote_category":0,"footnotes":""},"categories":[175],"tags":[1401,1421,1439,1420,1417,885],"features":[],"class_list":{"0":"post-19756","1":"page","2":"type-page","3":"status-publish","4":"has-post-thumbnail","6":"category-strumenti-seo-categoria","7":"tag-analisi-seo","8":"tag-programma-seo","9":"tag-searchmetrics","10":"tag-software-seo","11":"tag-soluzione-seo","12":"tag-strumenti-seo"},"wppr_data":{"cwp_meta_box_check":"No"},"acf":[],"yoast_head":"<!-- This site is optimized with the Yoast SEO plugin v27.4 - https:\/\/yoast.com\/product\/yoast-seo-wordpress\/ -->\n<title>SearchMetrics: recensione software SEO - Accurate Reviews<\/title>\n<meta name=\"description\" content=\"SearchMetrics: recensione software SEO e content marketing per le aziende che consente loro di creare contenuti coinvolgenti e connettersi con i clienti.\" \/>\n<meta name=\"robots\" content=\"index, follow, max-snippet:-1, max-image-preview:large, max-video-preview:-1\" \/>\n<link rel=\"canonical\" href=\"https:\/\/www.accuratereviews.com\/it\/strumenti-seo-lista-software\/searchmetrics-recensione\/\" \/>\n<meta property=\"og:locale\" content=\"it_IT\" \/>\n<meta property=\"og:type\" content=\"article\" \/>\n<meta property=\"og:title\" content=\"SearchMetrics: recensione software SEO - Accurate Reviews\" \/>\n<meta property=\"og:description\" content=\"SearchMetrics: recensione software SEO e content marketing per le aziende che consente loro di creare contenuti coinvolgenti e connettersi con i clienti.\" \/>\n<meta property=\"og:url\" content=\"https:\/\/www.accuratereviews.com\/it\/strumenti-seo-lista-software\/searchmetrics-recensione\/\" \/>\n<meta property=\"og:site_name\" content=\"Accurate Reviews\" \/>\n<meta property=\"article:modified_time\" content=\"2021-11-10T10:59:43+00:00\" \/>\n<meta property=\"og:image\" content=\"https:\/\/www.accuratereviews.com\/wp-content\/uploads\/2019\/11\/searchmetrics-logo-370x229.png\" \/>\n\t<meta property=\"og:image:width\" content=\"370\" \/>\n\t<meta property=\"og:image:height\" content=\"229\" \/>\n\t<meta property=\"og:image:type\" content=\"image\/png\" \/>\n<meta name=\"twitter:card\" content=\"summary_large_image\" \/>\n<meta name=\"twitter:label1\" content=\"Tempo di lettura stimato\" \/>\n\t<meta name=\"twitter:data1\" content=\"5 minuti\" \/>\n<script type=\"application\/ld+json\" class=\"yoast-schema-graph\">{\"@context\":\"https:\\\/\\\/schema.org\",\"@graph\":[{\"@type\":\"WebPage\",\"@id\":\"https:\\\/\\\/www.accuratereviews.com\\\/it\\\/strumenti-seo-lista-software\\\/searchmetrics-recensione\\\/\",\"url\":\"https:\\\/\\\/www.accuratereviews.com\\\/it\\\/strumenti-seo-lista-software\\\/searchmetrics-recensione\\\/\",\"name\":\"SearchMetrics: recensione software SEO - Accurate Reviews\",\"isPartOf\":{\"@id\":\"https:\\\/\\\/www.accuratereviews.com\\\/it\\\/#website\"},\"primaryImageOfPage\":{\"@id\":\"https:\\\/\\\/www.accuratereviews.com\\\/it\\\/strumenti-seo-lista-software\\\/searchmetrics-recensione\\\/#primaryimage\"},\"image\":{\"@id\":\"https:\\\/\\\/www.accuratereviews.com\\\/it\\\/strumenti-seo-lista-software\\\/searchmetrics-recensione\\\/#primaryimage\"},\"thumbnailUrl\":\"https:\\\/\\\/www.accuratereviews.com\\\/wp-content\\\/uploads\\\/2019\\\/11\\\/searchmetrics-logo-370x229.png\",\"datePublished\":\"2019-11-04T08:26:28+00:00\",\"dateModified\":\"2021-11-10T10:59:43+00:00\",\"description\":\"SearchMetrics: recensione software SEO e content marketing per le aziende che consente loro di creare contenuti coinvolgenti e connettersi con i clienti.\",\"breadcrumb\":{\"@id\":\"https:\\\/\\\/www.accuratereviews.com\\\/it\\\/strumenti-seo-lista-software\\\/searchmetrics-recensione\\\/#breadcrumb\"},\"inLanguage\":\"it-IT\",\"potentialAction\":[{\"@type\":\"ReadAction\",\"target\":[\"https:\\\/\\\/www.accuratereviews.com\\\/it\\\/strumenti-seo-lista-software\\\/searchmetrics-recensione\\\/\"]}]},{\"@type\":\"ImageObject\",\"inLanguage\":\"it-IT\",\"@id\":\"https:\\\/\\\/www.accuratereviews.com\\\/it\\\/strumenti-seo-lista-software\\\/searchmetrics-recensione\\\/#primaryimage\",\"url\":\"https:\\\/\\\/www.accuratereviews.com\\\/wp-content\\\/uploads\\\/2019\\\/11\\\/searchmetrics-logo-370x229.png\",\"contentUrl\":\"https:\\\/\\\/www.accuratereviews.com\\\/wp-content\\\/uploads\\\/2019\\\/11\\\/searchmetrics-logo-370x229.png\",\"width\":370,\"height\":229},{\"@type\":\"BreadcrumbList\",\"@id\":\"https:\\\/\\\/www.accuratereviews.com\\\/it\\\/strumenti-seo-lista-software\\\/searchmetrics-recensione\\\/#breadcrumb\",\"itemListElement\":[{\"@type\":\"ListItem\",\"position\":1,\"name\":\"Home\",\"item\":\"https:\\\/\\\/www.accuratereviews.com\\\/it\\\/\"},{\"@type\":\"ListItem\",\"position\":2,\"name\":\"Strumenti SEO\",\"item\":\"https:\\\/\\\/www.accuratereviews.com\\\/it\\\/strumenti-seo-lista-software\\\/\"},{\"@type\":\"ListItem\",\"position\":3,\"name\":\"SearchMetrics\"}]},{\"@type\":\"WebSite\",\"@id\":\"https:\\\/\\\/www.accuratereviews.com\\\/it\\\/#website\",\"url\":\"https:\\\/\\\/www.accuratereviews.com\\\/it\\\/\",\"name\":\"Accurate Reviews\",\"description\":\"\",\"potentialAction\":[{\"@type\":\"SearchAction\",\"target\":{\"@type\":\"EntryPoint\",\"urlTemplate\":\"https:\\\/\\\/www.accuratereviews.com\\\/it\\\/?s={search_term_string}\"},\"query-input\":{\"@type\":\"PropertyValueSpecification\",\"valueRequired\":true,\"valueName\":\"search_term_string\"}}],\"inLanguage\":\"it-IT\"}]}<\/script>\n<!-- \/ Yoast SEO plugin. -->","yoast_head_json":{"title":"SearchMetrics: recensione software SEO - Accurate Reviews","description":"SearchMetrics: recensione software SEO e content marketing per le aziende che consente loro di creare contenuti coinvolgenti e connettersi con i clienti.","robots":{"index":"index","follow":"follow","max-snippet":"max-snippet:-1","max-image-preview":"max-image-preview:large","max-video-preview":"max-video-preview:-1"},"canonical":"https:\/\/www.accuratereviews.com\/it\/strumenti-seo-lista-software\/searchmetrics-recensione\/","og_locale":"it_IT","og_type":"article","og_title":"SearchMetrics: recensione software SEO - Accurate Reviews","og_description":"SearchMetrics: recensione software SEO e content marketing per le aziende che consente loro di creare contenuti coinvolgenti e connettersi con i clienti.","og_url":"https:\/\/www.accuratereviews.com\/it\/strumenti-seo-lista-software\/searchmetrics-recensione\/","og_site_name":"Accurate Reviews","article_modified_time":"2021-11-10T10:59:43+00:00","og_image":[{"width":370,"height":229,"url":"https:\/\/www.accuratereviews.com\/wp-content\/uploads\/2019\/11\/searchmetrics-logo-370x229.png","type":"image\/png"}],"twitter_card":"summary_large_image","twitter_misc":{"Tempo di lettura stimato":"5 minuti"},"schema":{"@context":"https:\/\/schema.org","@graph":[{"@type":"WebPage","@id":"https:\/\/www.accuratereviews.com\/it\/strumenti-seo-lista-software\/searchmetrics-recensione\/","url":"https:\/\/www.accuratereviews.com\/it\/strumenti-seo-lista-software\/searchmetrics-recensione\/","name":"SearchMetrics: recensione software SEO - Accurate Reviews","isPartOf":{"@id":"https:\/\/www.accuratereviews.com\/it\/#website"},"primaryImageOfPage":{"@id":"https:\/\/www.accuratereviews.com\/it\/strumenti-seo-lista-software\/searchmetrics-recensione\/#primaryimage"},"image":{"@id":"https:\/\/www.accuratereviews.com\/it\/strumenti-seo-lista-software\/searchmetrics-recensione\/#primaryimage"},"thumbnailUrl":"https:\/\/www.accuratereviews.com\/wp-content\/uploads\/2019\/11\/searchmetrics-logo-370x229.png","datePublished":"2019-11-04T08:26:28+00:00","dateModified":"2021-11-10T10:59:43+00:00","description":"SearchMetrics: recensione software SEO e content marketing per le aziende che consente loro di creare contenuti coinvolgenti e connettersi con i clienti.","breadcrumb":{"@id":"https:\/\/www.accuratereviews.com\/it\/strumenti-seo-lista-software\/searchmetrics-recensione\/#breadcrumb"},"inLanguage":"it-IT","potentialAction":[{"@type":"ReadAction","target":["https:\/\/www.accuratereviews.com\/it\/strumenti-seo-lista-software\/searchmetrics-recensione\/"]}]},{"@type":"ImageObject","inLanguage":"it-IT","@id":"https:\/\/www.accuratereviews.com\/it\/strumenti-seo-lista-software\/searchmetrics-recensione\/#primaryimage","url":"https:\/\/www.accuratereviews.com\/wp-content\/uploads\/2019\/11\/searchmetrics-logo-370x229.png","contentUrl":"https:\/\/www.accuratereviews.com\/wp-content\/uploads\/2019\/11\/searchmetrics-logo-370x229.png","width":370,"height":229},{"@type":"BreadcrumbList","@id":"https:\/\/www.accuratereviews.com\/it\/strumenti-seo-lista-software\/searchmetrics-recensione\/#breadcrumb","itemListElement":[{"@type":"ListItem","position":1,"name":"Home","item":"https:\/\/www.accuratereviews.com\/it\/"},{"@type":"ListItem","position":2,"name":"Strumenti SEO","item":"https:\/\/www.accuratereviews.com\/it\/strumenti-seo-lista-software\/"},{"@type":"ListItem","position":3,"name":"SearchMetrics"}]},{"@type":"WebSite","@id":"https:\/\/www.accuratereviews.com\/it\/#website","url":"https:\/\/www.accuratereviews.com\/it\/","name":"Accurate Reviews","description":"","potentialAction":[{"@type":"SearchAction","target":{"@type":"EntryPoint","urlTemplate":"https:\/\/www.accuratereviews.com\/it\/?s={search_term_string}"},"query-input":{"@type":"PropertyValueSpecification","valueRequired":true,"valueName":"search_term_string"}}],"inLanguage":"it-IT"}]}},"_links":{"self":[{"href":"https:\/\/www.accuratereviews.com\/it\/wp-json\/wp\/v2\/pages\/19756","targetHints":{"allow":["GET"]}}],"collection":[{"href":"https:\/\/www.accuratereviews.com\/it\/wp-json\/wp\/v2\/pages"}],"about":[{"href":"https:\/\/www.accuratereviews.com\/it\/wp-json\/wp\/v2\/types\/page"}],"author":[{"embeddable":true,"href":"https:\/\/www.accuratereviews.com\/it\/wp-json\/wp\/v2\/users\/19"}],"replies":[{"embeddable":true,"href":"https:\/\/www.accuratereviews.com\/it\/wp-json\/wp\/v2\/comments?post=19756"}],"version-history":[{"count":10,"href":"https:\/\/www.accuratereviews.com\/it\/wp-json\/wp\/v2\/pages\/19756\/revisions"}],"predecessor-version":[{"id":49725,"href":"https:\/\/www.accuratereviews.com\/it\/wp-json\/wp\/v2\/pages\/19756\/revisions\/49725"}],"up":[{"embeddable":true,"href":"https:\/\/www.accuratereviews.com\/it\/wp-json\/wp\/v2\/pages\/8849"}],"wp:featuredmedia":[{"embeddable":true,"href":"https:\/\/www.accuratereviews.com\/it\/wp-json\/wp\/v2\/media\/19761"}],"wp:attachment":[{"href":"https:\/\/www.accuratereviews.com\/it\/wp-json\/wp\/v2\/media?parent=19756"}],"wp:term":[{"taxonomy":"category","embeddable":true,"href":"https:\/\/www.accuratereviews.com\/it\/wp-json\/wp\/v2\/categories?post=19756"},{"taxonomy":"post_tag","embeddable":true,"href":"https:\/\/www.accuratereviews.com\/it\/wp-json\/wp\/v2\/tags?post=19756"},{"taxonomy":"features","embeddable":true,"href":"https:\/\/www.accuratereviews.com\/it\/wp-json\/wp\/v2\/features?post=19756"}],"curies":[{"name":"wp","href":"https:\/\/api.w.org\/{rel}","templated":true}]}}