{"id":19773,"date":"2019-11-04T10:08:49","date_gmt":"2019-11-04T10:08:49","guid":{"rendered":"https:\/\/www.accuratereviews.com\/?page_id=19773"},"modified":"2021-11-12T08:59:57","modified_gmt":"2021-11-12T08:59:57","slug":"sitebulb-recensione","status":"publish","type":"page","link":"https:\/\/www.accuratereviews.com\/it\/strumenti-seo-lista-software\/sitebulb-recensione\/","title":{"rendered":"Sitebulb"},"content":{"rendered":"<p><strong>Sitebulb<\/strong> \u00e8 un <strong>programma SEO<\/strong> progettato per l&#8217;ottimizzazione dei motori di ricerca con l&#8217;obiettivo di portare in cima alle ricerche il tuo sito o la tua pagina web. Si tratta di un crawler di siti web desktop, disponibile sia per Windows che per Mac, che ti permette di risparmiare molto tempo portando i tuoi<strong> audit tecnici SEO<\/strong> al livello successivo. Le visualizzazioni intuitive di <strong>Sitebulb<\/strong> ti aiutano a comprendere i problemi profondamente radicati e a comunicare meglio idee complesse con i tuoi clienti o colleghi. Le sue funzionalit\u00e0 includono mappe di scansione, traffico di ricerca,<strong> indicizzazione<\/strong>, posizionamento delle parole chiave e altro ancora.<\/p>\n<h2>COME FUNZIONA SITEBULB &#8211; TUTORIAL<\/h2>\n<p>Diamo un&#8217;occhiata a questo video per comprendere meglio come funziona:<\/p>\n<div id=\"fluid-wrapper-counter-1\" class=\"g1-fluid-wrapper \" style=\"width:686px;\">\n<div style=\"padding-bottom:56.268221574344%;\"><iframe loading=\"lazy\" title=\"Sitebulb SEO Crawler BETA Demo\" width=\"686\" height=\"386\" src=\"https:\/\/www.youtube.com\/embed\/2gArwJbY0m4?feature=oembed&amp;wmode=transparent&amp;autohide=1&amp;autoplay=0&amp;disablekb=0&amp;fs=1&amp;loop=0&amp;enablejsapi=1&amp;rel=0&amp;controls=2&amp;showinfo=0&amp;wmode=transparent&amp;autohide=2&amp;autoplay=0&amp;disablekb=0&amp;fs=1&amp;loop=0&amp;enablejsapi=1&amp;rel=0&amp;controls=2&amp;showinfo=1\" frameborder=\"0\" allow=\"accelerometer; autoplay; clipboard-write; encrypted-media; gyroscope; picture-in-picture\" allowfullscreen><\/iframe><\/div>\n<\/div>\n<h3>SITEBULB &#8211; CARATTERISTICHE<\/h3>\n<p>Ecco le sue principali caratteristiche:<\/p>\n<ul>\n<li><strong>Suggerimenti prioritari<\/strong>: risparmia tempo nella ricerca di problemi con suggerimenti prioritari. Oltre 300 controlli di ottimizzazione del sito pre-elaborati per te<\/li>\n<li><strong>Punteggi di verifica<\/strong>: forniscono un significato immediato con i punteggi di verifica. Utilizzare i punteggi di audit per inserire i risultati dell&#8217;audit nel contesto e creare riepiloghi esecutivi per clienti e dirigenti<\/li>\n<li><strong>Rapporti PDF flessibili<\/strong>: genera il rapporto PDF perfetto. Personalizza i tuoi PDF per diversi casi d&#8217;uso: prospezione delle vendite, report cliente o di livello C.<\/li>\n<li><strong>Confronto di audit<\/strong>: traccia tendenze e cambiamenti storici. Analizza la cronologia delle modifiche per qualsiasi metrica per vedere cosa \u00e8 cambiato dall&#8217;ultimo audit e dimostrare graficamente i miglioramenti<\/li>\n<li><strong>Visualizzazione dei dati<\/strong>: comunica grandi idee nei tuoi audit SEO. Utilizza le visualizzazioni per individuare rapidamente i motivi e incorpora grafici per aiutare a esprimere idee complesse con chiarezza<\/li>\n<li><strong>URL Explorer<\/strong>: crea i tuoi rapporti personalizzati con URL Explorer. Scava nei dati di scansione creando report personalizzati in cui scegli ogni colonna di dati, ogni filtro e ogni tipo<\/li>\n<li><strong>Scansiona siti Web enormi e domini illimitati<\/strong>: esegui audit completi per tutti i tuoi clienti, indipendentemente dalle dimensioni o dalla quantit\u00e0.<\/li>\n<\/ul>\n<h3>LE RECENSIONI DEGLI UTENTI<\/h3>\n<ul>\n<li><strong>&#8220;Un ottimo strumento di scansione, che combina la profondit\u00e0 di Screaming Frog con report visivi di facile comprensione.&#8221;<\/strong><br \/>\nIN GENERALE: lo uso quasi quotidianamente per creare report di audit SEO per i miei clienti. Mi fa risparmiare molto tempo e mi aiuta a fornire report facili da capire e visivamente accattivanti.<br \/>\nPRO: i report integrati su quasi tutti gli aspetti della SEO di un sito, da On Page a Load Page Speed. Adoro anche la mappa di scansione, uno dei modi pi\u00f9 utili che conosco per comprendere la struttura reale di un sito e rilevare problemi che impediscono una scansione ottimale.<br \/>\nCONTRO: Mi piacerebbe di pi\u00f9 se fosse basato su cloud. Odio gli aggiornamenti costanti, ma capisco che alcuni aggiornamenti sono necessari in una fase cos\u00ec precoce.<\/li>\n<li><strong>&#8220;Brillante strumento di auditing tecnico realizzato da brillanti strumenti SEO&#8221;<\/strong><br \/>\nIN GENERALE: accelera decisamente il lavoro dei nostri clienti.<br \/>\nPRO: Super facile da usare. Visualizzazioni fantastiche. E in realt\u00e0 d\u00e0 forti raccomandazioni SEO.<br \/>\nCONTRO: ci vuole del tempo per eseguire la scansione del sito, ma in realt\u00e0 non \u00e8 un difetto del software. \u00c8 cos\u00ec che striscia. Tutti i crawler richiedono del tempo.<\/li>\n<li><strong>&#8220;Sitebulb semplifica la scansione dei siti Web&#8221;<\/strong><br \/>\nIN GENERALE: la possibilit\u00e0 di vedere una rappresentazione visiva della struttura di un sito semplifica la conoscenza di quali pagine presentano problemi che richiedono un&#8217;azione immediata. Ci\u00f2 consente di correggere rapidamente gli squilibri.<br \/>\nPRO: Mi piace particolarmente la funzione Sitemap. Ti consente di identificare rapidamente eventuali squilibri sulla struttura dei siti Web.<br \/>\nCONTRO: Forse alcune delle funzionalit\u00e0 non hanno davvero le istruzioni adeguate per usarle o spiegazioni dettagliate sui vantaggi derivanti dall&#8217;esecuzione di tali attivit\u00e0.<\/li>\n<\/ul>\n","protected":false},"excerpt":{"rendered":"<p>Sitebulb \u00e8 un programma SEO progettato per l&#8217;ottimizzazione dei motori di ricerca con l&#8217;obiettivo di portare in cima alle ricerche il tuo sito o la tua pagina web. Si tratta di un crawler di siti Web desktop, disponibile sia per Windows che per Mac, che ti permette di risparmiare molto tempo portando i tuoi audit tecnici SEO al livello successivo.\u00a0<\/p>\n","protected":false},"author":17,"featured_media":19774,"parent":8849,"menu_order":0,"comment_status":"open","ping_status":"closed","template":"g1_template_page_review_new.php","meta":{"_acf_changed":false,"cwp_meta_box_check":"Yes","cwp_rev_product_name":"","cwp_rev_product_image":"","wppr_links":[],"cwp_rev_price":"","wppr_options":[],"wppr_pros":[],"wppr_cons":[],"_monsterinsights_skip_tracking":false,"_monsterinsights_sitenote_active":false,"_monsterinsights_sitenote_note":"","_monsterinsights_sitenote_category":0,"footnotes":""},"categories":[175],"tags":[1401,1431,1421,901],"features":[],"class_list":{"0":"post-19773","1":"page","2":"type-page","3":"status-publish","4":"has-post-thumbnail","6":"category-strumenti-seo-categoria","7":"tag-analisi-seo","8":"tag-ottimizzazione-seo","9":"tag-programma-seo","10":"tag-seo"},"wppr_data":{"cwp_meta_box_check":"Yes","cwp_rev_product_name":"","cwp_rev_product_image":"","cwp_image_link":"image","cwp_rev_price":"","wppr_rating":"0.00"},"acf":[],"yoast_head":"<!-- This site is optimized with the Yoast SEO plugin v27.4 - https:\/\/yoast.com\/product\/yoast-seo-wordpress\/ -->\n<title>Sitebulb: recensione programma SEO - Accurate Reviews<\/title>\n<meta name=\"description\" content=\"Sitebulb: recensione del programma SEO progettato per l&#039;ottimizzazione dei motori di ricerca con l&#039;obiettivo di portare in cima alle ricerche il tuo sito.\" \/>\n<meta name=\"robots\" content=\"index, follow, max-snippet:-1, max-image-preview:large, max-video-preview:-1\" \/>\n<link rel=\"canonical\" href=\"https:\/\/www.accuratereviews.com\/it\/strumenti-seo-lista-software\/sitebulb-recensione\/\" \/>\n<meta property=\"og:locale\" content=\"it_IT\" \/>\n<meta property=\"og:type\" content=\"article\" \/>\n<meta property=\"og:title\" content=\"Sitebulb: recensione programma SEO - Accurate Reviews\" \/>\n<meta property=\"og:description\" content=\"Sitebulb: recensione del programma SEO progettato per l&#039;ottimizzazione dei motori di ricerca con l&#039;obiettivo di portare in cima alle ricerche il tuo sito.\" \/>\n<meta property=\"og:url\" content=\"https:\/\/www.accuratereviews.com\/it\/strumenti-seo-lista-software\/sitebulb-recensione\/\" \/>\n<meta property=\"og:site_name\" content=\"Accurate Reviews\" \/>\n<meta property=\"article:modified_time\" content=\"2021-11-12T08:59:57+00:00\" \/>\n<meta property=\"og:image\" content=\"https:\/\/www.accuratereviews.com\/wp-content\/uploads\/2019\/11\/sitebulb-logo-even-300x131.png\" \/>\n\t<meta property=\"og:image:width\" content=\"300\" \/>\n\t<meta property=\"og:image:height\" content=\"131\" \/>\n\t<meta property=\"og:image:type\" content=\"image\/png\" \/>\n<meta name=\"twitter:card\" content=\"summary_large_image\" \/>\n<meta name=\"twitter:label1\" content=\"Tempo di lettura stimato\" \/>\n\t<meta name=\"twitter:data1\" content=\"3 minuti\" \/>\n<script type=\"application\/ld+json\" class=\"yoast-schema-graph\">{\"@context\":\"https:\\\/\\\/schema.org\",\"@graph\":[{\"@type\":\"WebPage\",\"@id\":\"https:\\\/\\\/www.accuratereviews.com\\\/it\\\/strumenti-seo-lista-software\\\/sitebulb-recensione\\\/\",\"url\":\"https:\\\/\\\/www.accuratereviews.com\\\/it\\\/strumenti-seo-lista-software\\\/sitebulb-recensione\\\/\",\"name\":\"Sitebulb: recensione programma SEO - Accurate Reviews\",\"isPartOf\":{\"@id\":\"https:\\\/\\\/www.accuratereviews.com\\\/it\\\/#website\"},\"primaryImageOfPage\":{\"@id\":\"https:\\\/\\\/www.accuratereviews.com\\\/it\\\/strumenti-seo-lista-software\\\/sitebulb-recensione\\\/#primaryimage\"},\"image\":{\"@id\":\"https:\\\/\\\/www.accuratereviews.com\\\/it\\\/strumenti-seo-lista-software\\\/sitebulb-recensione\\\/#primaryimage\"},\"thumbnailUrl\":\"https:\\\/\\\/www.accuratereviews.com\\\/wp-content\\\/uploads\\\/2019\\\/11\\\/sitebulb-logo-even-300x131.png\",\"datePublished\":\"2019-11-04T10:08:49+00:00\",\"dateModified\":\"2021-11-12T08:59:57+00:00\",\"description\":\"Sitebulb: recensione del programma SEO progettato per l'ottimizzazione dei motori di ricerca con l'obiettivo di portare in cima alle ricerche il tuo sito.\",\"breadcrumb\":{\"@id\":\"https:\\\/\\\/www.accuratereviews.com\\\/it\\\/strumenti-seo-lista-software\\\/sitebulb-recensione\\\/#breadcrumb\"},\"inLanguage\":\"it-IT\",\"potentialAction\":[{\"@type\":\"ReadAction\",\"target\":[\"https:\\\/\\\/www.accuratereviews.com\\\/it\\\/strumenti-seo-lista-software\\\/sitebulb-recensione\\\/\"]}]},{\"@type\":\"ImageObject\",\"inLanguage\":\"it-IT\",\"@id\":\"https:\\\/\\\/www.accuratereviews.com\\\/it\\\/strumenti-seo-lista-software\\\/sitebulb-recensione\\\/#primaryimage\",\"url\":\"https:\\\/\\\/www.accuratereviews.com\\\/wp-content\\\/uploads\\\/2019\\\/11\\\/sitebulb-logo-even-300x131.png\",\"contentUrl\":\"https:\\\/\\\/www.accuratereviews.com\\\/wp-content\\\/uploads\\\/2019\\\/11\\\/sitebulb-logo-even-300x131.png\",\"width\":300,\"height\":131},{\"@type\":\"BreadcrumbList\",\"@id\":\"https:\\\/\\\/www.accuratereviews.com\\\/it\\\/strumenti-seo-lista-software\\\/sitebulb-recensione\\\/#breadcrumb\",\"itemListElement\":[{\"@type\":\"ListItem\",\"position\":1,\"name\":\"Home\",\"item\":\"https:\\\/\\\/www.accuratereviews.com\\\/it\\\/\"},{\"@type\":\"ListItem\",\"position\":2,\"name\":\"Strumenti SEO\",\"item\":\"https:\\\/\\\/www.accuratereviews.com\\\/it\\\/strumenti-seo-lista-software\\\/\"},{\"@type\":\"ListItem\",\"position\":3,\"name\":\"Sitebulb\"}]},{\"@type\":\"WebSite\",\"@id\":\"https:\\\/\\\/www.accuratereviews.com\\\/it\\\/#website\",\"url\":\"https:\\\/\\\/www.accuratereviews.com\\\/it\\\/\",\"name\":\"Accurate Reviews\",\"description\":\"\",\"potentialAction\":[{\"@type\":\"SearchAction\",\"target\":{\"@type\":\"EntryPoint\",\"urlTemplate\":\"https:\\\/\\\/www.accuratereviews.com\\\/it\\\/?s={search_term_string}\"},\"query-input\":{\"@type\":\"PropertyValueSpecification\",\"valueRequired\":true,\"valueName\":\"search_term_string\"}}],\"inLanguage\":\"it-IT\"}]}<\/script>\n<!-- \/ Yoast SEO plugin. -->","yoast_head_json":{"title":"Sitebulb: recensione programma SEO - Accurate Reviews","description":"Sitebulb: recensione del programma SEO progettato per l'ottimizzazione dei motori di ricerca con l'obiettivo di portare in cima alle ricerche il tuo sito.","robots":{"index":"index","follow":"follow","max-snippet":"max-snippet:-1","max-image-preview":"max-image-preview:large","max-video-preview":"max-video-preview:-1"},"canonical":"https:\/\/www.accuratereviews.com\/it\/strumenti-seo-lista-software\/sitebulb-recensione\/","og_locale":"it_IT","og_type":"article","og_title":"Sitebulb: recensione programma SEO - Accurate Reviews","og_description":"Sitebulb: recensione del programma SEO progettato per l'ottimizzazione dei motori di ricerca con l'obiettivo di portare in cima alle ricerche il tuo sito.","og_url":"https:\/\/www.accuratereviews.com\/it\/strumenti-seo-lista-software\/sitebulb-recensione\/","og_site_name":"Accurate Reviews","article_modified_time":"2021-11-12T08:59:57+00:00","og_image":[{"width":300,"height":131,"url":"https:\/\/www.accuratereviews.com\/wp-content\/uploads\/2019\/11\/sitebulb-logo-even-300x131.png","type":"image\/png"}],"twitter_card":"summary_large_image","twitter_misc":{"Tempo di lettura stimato":"3 minuti"},"schema":{"@context":"https:\/\/schema.org","@graph":[{"@type":"WebPage","@id":"https:\/\/www.accuratereviews.com\/it\/strumenti-seo-lista-software\/sitebulb-recensione\/","url":"https:\/\/www.accuratereviews.com\/it\/strumenti-seo-lista-software\/sitebulb-recensione\/","name":"Sitebulb: recensione programma SEO - Accurate Reviews","isPartOf":{"@id":"https:\/\/www.accuratereviews.com\/it\/#website"},"primaryImageOfPage":{"@id":"https:\/\/www.accuratereviews.com\/it\/strumenti-seo-lista-software\/sitebulb-recensione\/#primaryimage"},"image":{"@id":"https:\/\/www.accuratereviews.com\/it\/strumenti-seo-lista-software\/sitebulb-recensione\/#primaryimage"},"thumbnailUrl":"https:\/\/www.accuratereviews.com\/wp-content\/uploads\/2019\/11\/sitebulb-logo-even-300x131.png","datePublished":"2019-11-04T10:08:49+00:00","dateModified":"2021-11-12T08:59:57+00:00","description":"Sitebulb: recensione del programma SEO progettato per l'ottimizzazione dei motori di ricerca con l'obiettivo di portare in cima alle ricerche il tuo sito.","breadcrumb":{"@id":"https:\/\/www.accuratereviews.com\/it\/strumenti-seo-lista-software\/sitebulb-recensione\/#breadcrumb"},"inLanguage":"it-IT","potentialAction":[{"@type":"ReadAction","target":["https:\/\/www.accuratereviews.com\/it\/strumenti-seo-lista-software\/sitebulb-recensione\/"]}]},{"@type":"ImageObject","inLanguage":"it-IT","@id":"https:\/\/www.accuratereviews.com\/it\/strumenti-seo-lista-software\/sitebulb-recensione\/#primaryimage","url":"https:\/\/www.accuratereviews.com\/wp-content\/uploads\/2019\/11\/sitebulb-logo-even-300x131.png","contentUrl":"https:\/\/www.accuratereviews.com\/wp-content\/uploads\/2019\/11\/sitebulb-logo-even-300x131.png","width":300,"height":131},{"@type":"BreadcrumbList","@id":"https:\/\/www.accuratereviews.com\/it\/strumenti-seo-lista-software\/sitebulb-recensione\/#breadcrumb","itemListElement":[{"@type":"ListItem","position":1,"name":"Home","item":"https:\/\/www.accuratereviews.com\/it\/"},{"@type":"ListItem","position":2,"name":"Strumenti SEO","item":"https:\/\/www.accuratereviews.com\/it\/strumenti-seo-lista-software\/"},{"@type":"ListItem","position":3,"name":"Sitebulb"}]},{"@type":"WebSite","@id":"https:\/\/www.accuratereviews.com\/it\/#website","url":"https:\/\/www.accuratereviews.com\/it\/","name":"Accurate Reviews","description":"","potentialAction":[{"@type":"SearchAction","target":{"@type":"EntryPoint","urlTemplate":"https:\/\/www.accuratereviews.com\/it\/?s={search_term_string}"},"query-input":{"@type":"PropertyValueSpecification","valueRequired":true,"valueName":"search_term_string"}}],"inLanguage":"it-IT"}]}},"_links":{"self":[{"href":"https:\/\/www.accuratereviews.com\/it\/wp-json\/wp\/v2\/pages\/19773","targetHints":{"allow":["GET"]}}],"collection":[{"href":"https:\/\/www.accuratereviews.com\/it\/wp-json\/wp\/v2\/pages"}],"about":[{"href":"https:\/\/www.accuratereviews.com\/it\/wp-json\/wp\/v2\/types\/page"}],"author":[{"embeddable":true,"href":"https:\/\/www.accuratereviews.com\/it\/wp-json\/wp\/v2\/users\/17"}],"replies":[{"embeddable":true,"href":"https:\/\/www.accuratereviews.com\/it\/wp-json\/wp\/v2\/comments?post=19773"}],"version-history":[{"count":8,"href":"https:\/\/www.accuratereviews.com\/it\/wp-json\/wp\/v2\/pages\/19773\/revisions"}],"predecessor-version":[{"id":49892,"href":"https:\/\/www.accuratereviews.com\/it\/wp-json\/wp\/v2\/pages\/19773\/revisions\/49892"}],"up":[{"embeddable":true,"href":"https:\/\/www.accuratereviews.com\/it\/wp-json\/wp\/v2\/pages\/8849"}],"wp:featuredmedia":[{"embeddable":true,"href":"https:\/\/www.accuratereviews.com\/it\/wp-json\/wp\/v2\/media\/19774"}],"wp:attachment":[{"href":"https:\/\/www.accuratereviews.com\/it\/wp-json\/wp\/v2\/media?parent=19773"}],"wp:term":[{"taxonomy":"category","embeddable":true,"href":"https:\/\/www.accuratereviews.com\/it\/wp-json\/wp\/v2\/categories?post=19773"},{"taxonomy":"post_tag","embeddable":true,"href":"https:\/\/www.accuratereviews.com\/it\/wp-json\/wp\/v2\/tags?post=19773"},{"taxonomy":"features","embeddable":true,"href":"https:\/\/www.accuratereviews.com\/it\/wp-json\/wp\/v2\/features?post=19773"}],"curies":[{"name":"wp","href":"https:\/\/api.w.org\/{rel}","templated":true}]}}