{"id":19798,"date":"2019-11-05T15:35:54","date_gmt":"2019-11-05T15:35:54","guid":{"rendered":"https:\/\/www.accuratereviews.com\/?page_id=19798"},"modified":"2021-11-11T17:11:27","modified_gmt":"2021-11-11T17:11:27","slug":"rankwatch-recensione","status":"publish","type":"page","link":"https:\/\/www.accuratereviews.com\/it\/strumenti-seo-lista-software\/rankwatch-recensione\/","title":{"rendered":"RankWatch"},"content":{"rendered":"<p><strong>RankWatch<\/strong> \u00e8 una <strong>piattaforma di marketing SEO<\/strong> che offre una visione globale e dettagliata di tutti gli aspetti del marketing digitale utilizzato da un business online. Tratta il posizionamento, la visibilit\u00e0 e la ricerca di un sito web nei motori di ricerca come uno dei principali aspetti del marketing online. Progettato con un&#8217;interfaccia utente intuitiva ed elegante, <strong>RankWatch<\/strong> guida gli utenti nelle loro campagne mostrando loro un&#8217;analisi approfondita del loro sito, URL, backlink, parole chiave e altri elementi SEO. L&#8217;obiettivo di questo software \u00e8 aiutare gli utenti a ottenere quanti pi\u00f9 dati possibili relativi agli <strong>aspetti SEO<\/strong> delle loro campagne pubblicitarie online al fine di applicare le modifiche, le regolazioni e i piani necessari a tali aspetti a seconda dei risultati come il posizionamento del sito web e dominio delle parole chiave.\u00a0Attraverso l&#8217;aiuto di grafici a barre e grafici a torta, gli utenti potrebbero conoscere la classifica di quelle parole chiave come quante e quali di esse dominano i motori di ricerca.<\/p>\n<h2>RANKWATCH &#8211; TUTORIAL<\/h2>\n<p>Guardiamo insieme questo tutorial per imparare ad utilizzare questo <strong>software SEO<\/strong>:<\/p>\n<div id=\"fluid-wrapper-counter-1\" class=\"g1-fluid-wrapper \" style=\"width:686px;\"><div style=\"padding-bottom:56.268221574344%;\"><iframe loading=\"lazy\" title=\"Ranking Overview : Tutorial : RankWatch\" width=\"686\" height=\"386\" src=\"https:\/\/www.youtube.com\/embed\/nSMS91qRXi0?feature=oembed&amp;wmode=transparent&amp;autohide=1&amp;autoplay=0&amp;disablekb=0&amp;fs=1&amp;loop=0&amp;enablejsapi=1&amp;rel=0&amp;controls=2&amp;showinfo=0&amp;wmode=transparent&amp;autohide=2&amp;autoplay=0&amp;disablekb=0&amp;fs=1&amp;loop=0&amp;enablejsapi=1&amp;rel=0&amp;controls=2&amp;showinfo=1\" frameborder=\"0\" allow=\"accelerometer; autoplay; clipboard-write; encrypted-media; gyroscope; picture-in-picture\" allowfullscreen><\/iframe><\/div><\/div>\n<h3>RANKWATCH &#8211; CARATTERISTICHE<\/h3>\n<ul>\n<li><strong> Soluzione 100% White Label per i clienti<\/strong>: l&#8217;interfaccia White Label al 100% consente ai clienti di accedere alle informazioni sul ranking in qualsiasi momento della giornata utilizzando le proprie credenziali di accesso uniche per generare report illimitati, che a loro volta aumentano la trasparenza e creano migliori relazioni con i clienti<\/li>\n<li><strong>Torna a qualsiasi data passata e controlla l&#8217;aspetto della Pagina Google<\/strong>: tramite Keyword Archive ti d\u00e0 accesso ai dati storici per le tue parole chiave mantenendo uno screenshot di Google SERP a cui puoi fare riferimento quando ne hai bisogno. Ci\u00f2 ti consente di riconfermare le tue classifiche e anche di sapere chi altro era in classifica in quel giorno specifico<\/li>\n<li><strong>Dashboard CEO<\/strong>: il successo delle decisioni aziendali dipende dalla qualit\u00e0 delle informazioni disponibili per il decisore dell&#8217;azienda. E il decisore \u00e8 di solito il CEO dell&#8217;azienda. Il CEO Dashboard, quindi, consente di prendere queste decisioni in modo pi\u00f9 rapido e con totale fiducia poich\u00e9 aiuta il top management a ottenere un&#8217;unica visione consolidata dell&#8217;intera organizzazione aziendale. Attraverso la dashboard, l&#8217;azienda sar\u00e0 in grado di comprendere meglio i driver della redditivit\u00e0 ed eseguire previsioni su vari scenari. Infine, assicurer\u00e0 che le prestazioni della tua azienda vengano misurate e monitorate utilizzando i punti di controllo corretti<\/li>\n<li><strong>Reporting:<\/strong> Una delle aree pi\u00f9 forti di questo programma \u00e8 la sua struttura di reporting, a cui \u00e8 possibile accedere da quasi tutte le pagine dello strumento e che pu\u00f2 essere esportata in pi\u00f9 formati come Excel di base, CSV e PDF che possono essere personalizzati completamente per soddisfare le vostre esigenze. Questi rapporti possono anche essere programmati per essere consegnati in una determinata data e ora in futuro a seconda della scelta e possono essere programmati per la consegna su base giornaliera, settimanale, mensile<\/li>\n<li><strong>Tracciamento del rango:<\/strong> ottieni le tue classifiche il pi\u00f9 preciso possibile con il monitoraggio basato sulla posizione e vedi quali risultati vede il tuo cliente. Scegli il motore di ricerca insieme alla citt\u00e0 specifica in cui desideri monitorare il posizionamento delle parole chiave.<\/li>\n<li><strong>Avvisi via email<\/strong>: non perdere tempo a cercare le fluttuazioni di posizione delle tue parole chiave. Ricevi notifiche email automatiche di qualsiasi cambiamento nelle tue classifiche impostando condizioni specifiche su quando vuoi essere informato di tali cambiamenti tramite Trigger e-mail RankWatch.<\/li>\n<li><strong>Concorrenti:<\/strong> SEO significa andare oltre il sito web della concorrenza.Il programma ti assister\u00e0 nel fare ci\u00f2 tenendo d&#8217;occhio le loro attivit\u00e0 online, organiche o pagate e presentandoti tempestivamente. Scopriamo chi \u00e8 il tuo concorrente pi\u00f9 duro e su quali annunci stanno pubblicando e su quante tue parole chiave stanno posizionando. Inoltre, ti daremo una tendenza su come \u00e8 stata la loro presenza online e ti suggeriremo parole chiave che ti daranno un vantaggio.<\/li>\n<li><strong>Integrazione con Google Analytics<\/strong>:\u00a0\u00e8 completamente integrato con Google Analytics, con il solo scopo di fornire agli utenti dati di marketing in entrata per prendere decisioni strategicamente migliori e consapevoli per migliorare le loro prestazioni online.<\/li>\n<li><strong>Analizzatore di siti web<\/strong>: fai controllare e valutare il tuo sito Web da RankWatch con un&#8217;approfondita analisi su ci\u00f2 che stai facendo nel modo giusto e sbagliato con il tuo sito web.<\/li>\n<\/ul>\n<h4>LE RECENSIONI DEGLI UTENTI<\/h4>\n<h4><strong>Manoj T. &#8220;Software conveniente &#8211; Decisioni pi\u00f9 intelligenti&#8221;<\/strong><\/h4>\n<p><strong>Commenti<\/strong>: poich\u00e9 il successo della nostra azienda richiede una buona risposta nel mondo online, volevamo uno strumento dedicato che sia sufficientemente efficiente per valutare i siti Web, che abbia un modulo di confronto della concorrenza e che tenga traccia del posizionamento delle parole chiave. Lo strumento Rankwatch \u00e8 venuto come un vantaggio; facile da usare, professionale, trasparente e preciso. Ha completamente cambiato la nostra prospettiva SEO risparmiando tempo e budget.<br \/>\nCrea ottimi report e semplifica il monitoraggio del nostro ranking locale. Nessun problema e nessuno stress in quanto troviamo la valutazione completa del sito Web in un istante e su una singola dashboard. Una delle funzionalit\u00e0 pi\u00f9 amate \u00e8 il suo concetto di cloud che rende il nostro lavoro inarrestabile da qualsiasi luogo e su qualsiasi dispositivo.<br \/>\nUsandolo da 3 anni, consigliamo vivamente questo software a tutti coloro che considerano il SEO e il ranking delle parole chiave come le priorit\u00e0 assolute.<\/p>\n<p><strong>Vantaggi<\/strong>: buona presenza nel mondo online<br \/>\nRilevamento del rango super facile<br \/>\nAnalisi dei concorrenti<\/p>\n<p><strong>Inconvenienti<\/strong>: l&#8217;aspetto del sito Web pu\u00f2 essere migliore<\/p>\n<h4>Alicia B. &#8220;Eccellente per scopi di marketing&#8221;<\/h4>\n<p><strong>Commenti<\/strong>: RankWatch \u00e8 uno strumento prezioso per la mia azienda per tenere traccia dei nostri sforzi di marketing e SEO per i clienti e fornire loro dati reali che possono comprendere.<\/p>\n<p><strong>Vantaggi<\/strong>: utilizzo principalmente RankWatch per tenere traccia degli stati delle parole chiave per i miei clienti; tirando rapporti alla fine di ogni mese per mostrare loro dove sono classificati su diversi motori di ricerca. \u00c8 facile da usare e comprendere i dati e aggiungere nuovi client al mio tracker. Mi piace anche molto la loro funzione gratuita di analisi del sito web.<\/p>\n<p><strong>Inconvenienti<\/strong>: quando ho bisogno di aumentare il mio limite di parole &#8220;guardate&#8221;, in genere devo cancellare il mio piano attuale e iscrivermi a un piano pi\u00f9 ampio piuttosto che optare per un aggiornamento.<\/p>\n<p><strong>Raul F. &#8220;Comprensione della classifica delle parole chiave&#8221;<\/strong><\/p>\n<p><strong>Commenti<\/strong>: Ho iniziato a usarlo alcune settimane fa e mi aiuta a motivarmi a costruire backink (e creare contenuti) per vedere come la classifica si sta spostando negli straordinari. Quindi sta diventando una parte importante della mia attivit\u00e0.<\/p>\n<p><strong>Vantaggi:<\/strong> mi piace questo strumento perch\u00e9 va oltre il semplice monitoraggio e la visualizzazione del posizionamento delle parole chiave in una determinata posizione, ma si collega anche ai webmaster e ti d\u00e0 un&#8217;idea di quanto traffico genera ogni parola chiave. Fornisce inoltre informazioni sui backlink e rapporti inviati via e-mail. Puoi configurarlo e continuare a ricevere le informazioni nella tua e-mail.<\/p>\n<p><strong>Inconvenienti<\/strong>: non so se \u00e8 un brutto segno o solo un problema relativo a un nuovo strumento. Al momento della stesura di questo documento \u00e8 necessario apportare alcuni miglioramenti all&#8217;usabilit\u00e0. Quindi \u00e8 uno strumento in evoluzione, che sembra promettente. Mi manca anche la possibilit\u00e0 di tenere traccia delle classifiche su YouTube.<\/p>\n<p>&nbsp;<\/p>\n<p>&nbsp;<\/p>\n<p>&nbsp;<\/p>\n","protected":false},"excerpt":{"rendered":"<p>RankWatch \u00e8 una piattaforma di marketing SEO che offre una visione globale e dettagliata di tutti gli aspetti del marketing digitale utilizzato da un business online. Tratta il posizionamento, la visibilit\u00e0 e la ricerca di un sito web nei motori di ricerca come uno dei principali aspetti del marketing online. Progettato con un&#8217;interfaccia utente intuitiva ed elegante, RankWatch guida gli utenti nelle loro campagne mostrando loro un&#8217;analisi approfondita del loro sito, URL, backlink, parole chiave e altri elementi SEO.\u00a0<\/p>\n","protected":false},"author":19,"featured_media":19832,"parent":8849,"menu_order":0,"comment_status":"open","ping_status":"closed","template":"g1_template_page_review_new.php","meta":{"_acf_changed":false,"cwp_meta_box_check":"No","cwp_rev_product_name":"","cwp_rev_product_image":"","wppr_links":[],"cwp_rev_price":"","wppr_options":[],"wppr_pros":[],"wppr_cons":[],"_monsterinsights_skip_tracking":false,"_monsterinsights_sitenote_active":false,"_monsterinsights_sitenote_note":"","_monsterinsights_sitenote_category":0,"footnotes":""},"categories":[175],"tags":[1421,1443,1420,1417,885],"features":[],"class_list":{"0":"post-19798","1":"page","2":"type-page","3":"status-publish","4":"has-post-thumbnail","6":"category-strumenti-seo-categoria","7":"tag-programma-seo","8":"tag-rankwatch","9":"tag-software-seo","10":"tag-soluzione-seo","11":"tag-strumenti-seo"},"wppr_data":{"cwp_meta_box_check":"No"},"acf":[],"yoast_head":"<!-- This site is optimized with the Yoast SEO plugin v27.4 - https:\/\/yoast.com\/product\/yoast-seo-wordpress\/ -->\n<title>Rankwatch: recensione software SEO - Accurate Reviews<\/title>\n<meta name=\"description\" content=\"RankWatch: recensione piattaforma di marketing SEO che offre una visione globale e dettagliata su tutti gli aspetti del marketing online per il tua impresa.\" \/>\n<meta name=\"robots\" content=\"index, follow, max-snippet:-1, max-image-preview:large, max-video-preview:-1\" \/>\n<link rel=\"canonical\" href=\"https:\/\/www.accuratereviews.com\/it\/strumenti-seo-lista-software\/rankwatch-recensione\/\" \/>\n<meta property=\"og:locale\" content=\"it_IT\" \/>\n<meta property=\"og:type\" content=\"article\" \/>\n<meta property=\"og:title\" content=\"Rankwatch: recensione software SEO - Accurate Reviews\" \/>\n<meta property=\"og:description\" content=\"RankWatch: recensione piattaforma di marketing SEO che offre una visione globale e dettagliata su tutti gli aspetti del marketing online per il tua impresa.\" \/>\n<meta property=\"og:url\" content=\"https:\/\/www.accuratereviews.com\/it\/strumenti-seo-lista-software\/rankwatch-recensione\/\" \/>\n<meta property=\"og:site_name\" content=\"Accurate Reviews\" \/>\n<meta property=\"article:modified_time\" content=\"2021-11-11T17:11:27+00:00\" \/>\n<meta property=\"og:image\" content=\"https:\/\/www.accuratereviews.com\/wp-content\/uploads\/2019\/11\/RANKWATCH.jpg\" \/>\n\t<meta property=\"og:image:width\" content=\"708\" \/>\n\t<meta property=\"og:image:height\" content=\"443\" \/>\n\t<meta property=\"og:image:type\" content=\"image\/jpeg\" \/>\n<meta name=\"twitter:card\" content=\"summary_large_image\" \/>\n<meta name=\"twitter:label1\" content=\"Tempo di lettura stimato\" \/>\n\t<meta name=\"twitter:data1\" content=\"6 minuti\" \/>\n<script type=\"application\/ld+json\" class=\"yoast-schema-graph\">{\"@context\":\"https:\\\/\\\/schema.org\",\"@graph\":[{\"@type\":\"WebPage\",\"@id\":\"https:\\\/\\\/www.accuratereviews.com\\\/it\\\/strumenti-seo-lista-software\\\/rankwatch-recensione\\\/\",\"url\":\"https:\\\/\\\/www.accuratereviews.com\\\/it\\\/strumenti-seo-lista-software\\\/rankwatch-recensione\\\/\",\"name\":\"Rankwatch: recensione software SEO - Accurate Reviews\",\"isPartOf\":{\"@id\":\"https:\\\/\\\/www.accuratereviews.com\\\/it\\\/#website\"},\"primaryImageOfPage\":{\"@id\":\"https:\\\/\\\/www.accuratereviews.com\\\/it\\\/strumenti-seo-lista-software\\\/rankwatch-recensione\\\/#primaryimage\"},\"image\":{\"@id\":\"https:\\\/\\\/www.accuratereviews.com\\\/it\\\/strumenti-seo-lista-software\\\/rankwatch-recensione\\\/#primaryimage\"},\"thumbnailUrl\":\"https:\\\/\\\/www.accuratereviews.com\\\/wp-content\\\/uploads\\\/2019\\\/11\\\/RANKWATCH.jpg\",\"datePublished\":\"2019-11-05T15:35:54+00:00\",\"dateModified\":\"2021-11-11T17:11:27+00:00\",\"description\":\"RankWatch: recensione piattaforma di marketing SEO che offre una visione globale e dettagliata su tutti gli aspetti del marketing online per il tua impresa.\",\"breadcrumb\":{\"@id\":\"https:\\\/\\\/www.accuratereviews.com\\\/it\\\/strumenti-seo-lista-software\\\/rankwatch-recensione\\\/#breadcrumb\"},\"inLanguage\":\"it-IT\",\"potentialAction\":[{\"@type\":\"ReadAction\",\"target\":[\"https:\\\/\\\/www.accuratereviews.com\\\/it\\\/strumenti-seo-lista-software\\\/rankwatch-recensione\\\/\"]}]},{\"@type\":\"ImageObject\",\"inLanguage\":\"it-IT\",\"@id\":\"https:\\\/\\\/www.accuratereviews.com\\\/it\\\/strumenti-seo-lista-software\\\/rankwatch-recensione\\\/#primaryimage\",\"url\":\"https:\\\/\\\/www.accuratereviews.com\\\/wp-content\\\/uploads\\\/2019\\\/11\\\/RANKWATCH.jpg\",\"contentUrl\":\"https:\\\/\\\/www.accuratereviews.com\\\/wp-content\\\/uploads\\\/2019\\\/11\\\/RANKWATCH.jpg\",\"width\":708,\"height\":443},{\"@type\":\"BreadcrumbList\",\"@id\":\"https:\\\/\\\/www.accuratereviews.com\\\/it\\\/strumenti-seo-lista-software\\\/rankwatch-recensione\\\/#breadcrumb\",\"itemListElement\":[{\"@type\":\"ListItem\",\"position\":1,\"name\":\"Home\",\"item\":\"https:\\\/\\\/www.accuratereviews.com\\\/it\\\/\"},{\"@type\":\"ListItem\",\"position\":2,\"name\":\"Strumenti SEO\",\"item\":\"https:\\\/\\\/www.accuratereviews.com\\\/it\\\/strumenti-seo-lista-software\\\/\"},{\"@type\":\"ListItem\",\"position\":3,\"name\":\"RankWatch\"}]},{\"@type\":\"WebSite\",\"@id\":\"https:\\\/\\\/www.accuratereviews.com\\\/it\\\/#website\",\"url\":\"https:\\\/\\\/www.accuratereviews.com\\\/it\\\/\",\"name\":\"Accurate Reviews\",\"description\":\"\",\"potentialAction\":[{\"@type\":\"SearchAction\",\"target\":{\"@type\":\"EntryPoint\",\"urlTemplate\":\"https:\\\/\\\/www.accuratereviews.com\\\/it\\\/?s={search_term_string}\"},\"query-input\":{\"@type\":\"PropertyValueSpecification\",\"valueRequired\":true,\"valueName\":\"search_term_string\"}}],\"inLanguage\":\"it-IT\"}]}<\/script>\n<!-- \/ Yoast SEO plugin. -->","yoast_head_json":{"title":"Rankwatch: recensione software SEO - Accurate Reviews","description":"RankWatch: recensione piattaforma di marketing SEO che offre una visione globale e dettagliata su tutti gli aspetti del marketing online per il tua impresa.","robots":{"index":"index","follow":"follow","max-snippet":"max-snippet:-1","max-image-preview":"max-image-preview:large","max-video-preview":"max-video-preview:-1"},"canonical":"https:\/\/www.accuratereviews.com\/it\/strumenti-seo-lista-software\/rankwatch-recensione\/","og_locale":"it_IT","og_type":"article","og_title":"Rankwatch: recensione software SEO - Accurate Reviews","og_description":"RankWatch: recensione piattaforma di marketing SEO che offre una visione globale e dettagliata su tutti gli aspetti del marketing online per il tua impresa.","og_url":"https:\/\/www.accuratereviews.com\/it\/strumenti-seo-lista-software\/rankwatch-recensione\/","og_site_name":"Accurate Reviews","article_modified_time":"2021-11-11T17:11:27+00:00","og_image":[{"width":708,"height":443,"url":"https:\/\/www.accuratereviews.com\/wp-content\/uploads\/2019\/11\/RANKWATCH.jpg","type":"image\/jpeg"}],"twitter_card":"summary_large_image","twitter_misc":{"Tempo di lettura stimato":"6 minuti"},"schema":{"@context":"https:\/\/schema.org","@graph":[{"@type":"WebPage","@id":"https:\/\/www.accuratereviews.com\/it\/strumenti-seo-lista-software\/rankwatch-recensione\/","url":"https:\/\/www.accuratereviews.com\/it\/strumenti-seo-lista-software\/rankwatch-recensione\/","name":"Rankwatch: recensione software SEO - Accurate Reviews","isPartOf":{"@id":"https:\/\/www.accuratereviews.com\/it\/#website"},"primaryImageOfPage":{"@id":"https:\/\/www.accuratereviews.com\/it\/strumenti-seo-lista-software\/rankwatch-recensione\/#primaryimage"},"image":{"@id":"https:\/\/www.accuratereviews.com\/it\/strumenti-seo-lista-software\/rankwatch-recensione\/#primaryimage"},"thumbnailUrl":"https:\/\/www.accuratereviews.com\/wp-content\/uploads\/2019\/11\/RANKWATCH.jpg","datePublished":"2019-11-05T15:35:54+00:00","dateModified":"2021-11-11T17:11:27+00:00","description":"RankWatch: recensione piattaforma di marketing SEO che offre una visione globale e dettagliata su tutti gli aspetti del marketing online per il tua impresa.","breadcrumb":{"@id":"https:\/\/www.accuratereviews.com\/it\/strumenti-seo-lista-software\/rankwatch-recensione\/#breadcrumb"},"inLanguage":"it-IT","potentialAction":[{"@type":"ReadAction","target":["https:\/\/www.accuratereviews.com\/it\/strumenti-seo-lista-software\/rankwatch-recensione\/"]}]},{"@type":"ImageObject","inLanguage":"it-IT","@id":"https:\/\/www.accuratereviews.com\/it\/strumenti-seo-lista-software\/rankwatch-recensione\/#primaryimage","url":"https:\/\/www.accuratereviews.com\/wp-content\/uploads\/2019\/11\/RANKWATCH.jpg","contentUrl":"https:\/\/www.accuratereviews.com\/wp-content\/uploads\/2019\/11\/RANKWATCH.jpg","width":708,"height":443},{"@type":"BreadcrumbList","@id":"https:\/\/www.accuratereviews.com\/it\/strumenti-seo-lista-software\/rankwatch-recensione\/#breadcrumb","itemListElement":[{"@type":"ListItem","position":1,"name":"Home","item":"https:\/\/www.accuratereviews.com\/it\/"},{"@type":"ListItem","position":2,"name":"Strumenti SEO","item":"https:\/\/www.accuratereviews.com\/it\/strumenti-seo-lista-software\/"},{"@type":"ListItem","position":3,"name":"RankWatch"}]},{"@type":"WebSite","@id":"https:\/\/www.accuratereviews.com\/it\/#website","url":"https:\/\/www.accuratereviews.com\/it\/","name":"Accurate Reviews","description":"","potentialAction":[{"@type":"SearchAction","target":{"@type":"EntryPoint","urlTemplate":"https:\/\/www.accuratereviews.com\/it\/?s={search_term_string}"},"query-input":{"@type":"PropertyValueSpecification","valueRequired":true,"valueName":"search_term_string"}}],"inLanguage":"it-IT"}]}},"_links":{"self":[{"href":"https:\/\/www.accuratereviews.com\/it\/wp-json\/wp\/v2\/pages\/19798","targetHints":{"allow":["GET"]}}],"collection":[{"href":"https:\/\/www.accuratereviews.com\/it\/wp-json\/wp\/v2\/pages"}],"about":[{"href":"https:\/\/www.accuratereviews.com\/it\/wp-json\/wp\/v2\/types\/page"}],"author":[{"embeddable":true,"href":"https:\/\/www.accuratereviews.com\/it\/wp-json\/wp\/v2\/users\/19"}],"replies":[{"embeddable":true,"href":"https:\/\/www.accuratereviews.com\/it\/wp-json\/wp\/v2\/comments?post=19798"}],"version-history":[{"count":12,"href":"https:\/\/www.accuratereviews.com\/it\/wp-json\/wp\/v2\/pages\/19798\/revisions"}],"predecessor-version":[{"id":49871,"href":"https:\/\/www.accuratereviews.com\/it\/wp-json\/wp\/v2\/pages\/19798\/revisions\/49871"}],"up":[{"embeddable":true,"href":"https:\/\/www.accuratereviews.com\/it\/wp-json\/wp\/v2\/pages\/8849"}],"wp:featuredmedia":[{"embeddable":true,"href":"https:\/\/www.accuratereviews.com\/it\/wp-json\/wp\/v2\/media\/19832"}],"wp:attachment":[{"href":"https:\/\/www.accuratereviews.com\/it\/wp-json\/wp\/v2\/media?parent=19798"}],"wp:term":[{"taxonomy":"category","embeddable":true,"href":"https:\/\/www.accuratereviews.com\/it\/wp-json\/wp\/v2\/categories?post=19798"},{"taxonomy":"post_tag","embeddable":true,"href":"https:\/\/www.accuratereviews.com\/it\/wp-json\/wp\/v2\/tags?post=19798"},{"taxonomy":"features","embeddable":true,"href":"https:\/\/www.accuratereviews.com\/it\/wp-json\/wp\/v2\/features?post=19798"}],"curies":[{"name":"wp","href":"https:\/\/api.w.org\/{rel}","templated":true}]}}