{"id":19808,"date":"2019-11-05T08:00:07","date_gmt":"2019-11-05T08:00:07","guid":{"rendered":"https:\/\/www.accuratereviews.com\/?page_id=19808"},"modified":"2021-11-15T08:02:04","modified_gmt":"2021-11-15T08:02:04","slug":"easyredir-recensione","status":"publish","type":"page","link":"https:\/\/www.accuratereviews.com\/it\/strumenti-seo-lista-software\/easyredir-recensione\/","title":{"rendered":"EasyRedir"},"content":{"rendered":"<div>\n<div><strong>EasyRedir<\/strong> \u00e8 un <strong>programma SEO<\/strong> che ti fornisce la piena gestione del <strong>reindirizzamento degli URL<\/strong> in modo tale che il tuo pubblico riesca a visualizzare il messaggio che desideri. \u00c8 progettata principalmente per i\u00a0<strong>dipartimenti di marketing, le agenzie e le aziende pubblicitarie e i dipartimenti di tecnologia dell&#8217;informazione<\/strong>. Si tratta di una piattaforma semplice da usare, accessibile a qualsiasi squadra di qualsiasi organizzazione. Offre un servizio sicuro, veloce e affidabile tanto da farti risparmiare tempo e denaro riuscendo comunque a massimizzare i <strong>vantaggi SEO<\/strong>.<\/div>\n<\/div>\n<h2>COME INIZIARE AD UTILIZZARE EASYRIDER &#8211; TUTORIAL<\/h2>\n<p>Ecco un breve video che ti mostra come muoverti inizialmente con questo programma:<\/p>\n<div id=\"fluid-wrapper-counter-1\" class=\"g1-fluid-wrapper \" style=\"width:686px;\">\n<div style=\"padding-bottom:56.268221574344%;\"><iframe loading=\"lazy\" title=\"EasyRedir URL Redirection Service Overview\" width=\"686\" height=\"386\" src=\"https:\/\/www.youtube.com\/embed\/1qFqA483_oU?feature=oembed&amp;wmode=transparent&amp;autohide=1&amp;autoplay=0&amp;disablekb=0&amp;fs=1&amp;loop=0&amp;enablejsapi=1&amp;rel=0&amp;controls=2&amp;showinfo=0&amp;wmode=transparent&amp;autohide=2&amp;autoplay=0&amp;disablekb=0&amp;fs=1&amp;loop=0&amp;enablejsapi=1&amp;rel=0&amp;controls=2&amp;showinfo=1\" frameborder=\"0\" allow=\"accelerometer; autoplay; clipboard-write; encrypted-media; gyroscope; picture-in-picture\" allowfullscreen><\/iframe><\/div>\n<\/div>\n<h3>EASYRIDER &#8211; CARATTERISTICHE<\/h3>\n<p>Ecco le sue principali caratteristiche:<\/p>\n<ul>\n<li><strong>Report e analisi<\/strong>: visualizza report e grafici su come i visitatori utilizzano i reindirizzamenti URL e scopri il pubblico nascosto che sta visualizzando i tuoi contenuti<\/li>\n<li><strong>HTTPS automatico<\/strong>: risparmia tempo e denaro con il provisioning automatico e il rinnovo dei certificati SSL per i tuoi domini sui piani applicabili o, se preferisci, aggiornali manualmente<\/li>\n<li><strong>Gestione della squadra<\/strong>: invita i membri del tuo team ad aiutarti a gestire i reindirizzamenti degli URL senza incaricare o gravare il team IT<\/li>\n<li><strong>Modifiche alla destinazione di un reindirizzamento URL<\/strong>: massimizza la durata dei tuoi collegamenti modificando l&#8217;URL di destinazione ogni volta che vuoi. Migliora il ROI delle tue garanzie di marketing modificando il target URL per supportare nuove iniziative<\/li>\n<li><strong>Facile configurazione DNS<\/strong>: preparati rapidamente con istruzioni personalizzate per i principali provider DNS<\/li>\n<li><strong>Report inviati via email<\/strong>: ricevi i report direttamente nella tua casella di posta che descrivono come vengono utilizzati i reindirizzamenti degli URL<\/li>\n<li><strong>Gestione del reindirizzamento<\/strong>: cerca i tuoi reindirizzamenti per trovare quelli di tuo interesse, semplicemente e facilmente.<\/li>\n<li><strong>Inoltro percorso sorgente<\/strong>: inoltra con pochi clic i percorsi trovati sull&#8217;URL di origine al dominio di destinazione.<\/li>\n<\/ul>\n<h3>LE RECENSIONI DEGLI UTENTI<\/h3>\n<ul>\n<li><strong>&#8220;Roba piuttosto semplice&#8221;<\/strong><br \/>\nIN GENERALE: semplice strumento per startup in fase di sviluppo<br \/>\nPRO: semplifica il reindirizzamento di un URL. Ha funzionato alla grande per permettermi di avere un segnaposto per il mio dominio mentre lavoravo allo sviluppo.<br \/>\nCONTRO: nessuno. Non ho avuto problemi a trovare quello che dovevo fare e farlo sulle mie impostazioni DNS ecc. Non esiste nessun altro servizio cos\u00ec semplice per un prezzo economico.<\/li>\n<li><strong>&#8220;Buona esperienza, assistenza clienti tempestiva e il software fa esattamente quello che ci si aspetta.&#8221;<\/strong><br \/>\nPRO: &#8211; Assistenza clienti tempestiva e ponderata<br \/>\n&#8211; Il software \u00e8 stabile e fa quello che \u00e8 necessario fare sempre<br \/>\nCONTRO: &#8211; Il modello di prezzo \u00e8 un po&#8217; troppo costoso per le aziende con solo 1 o 2 URL di reindirizzamento.<\/li>\n<li><strong>&#8220;Questo strumento \u00e8 facile da usare e fa molto bene il lavoro&#8221;<\/strong><br \/>\nIN GENERALE: risolti molti problemi e risparmiate spese<br \/>\nPRO: \u00e8 facile usare lo strumento. Il supporto \u00e8 fantastico. Il prezzo \u00e8 giusto. Diversi piani di pagamento disponibili.<br \/>\nCONTRO: In attesa di un problema SSL integrato (devi portare il tuo SSL oggi) che pu\u00f2 essere utilizzato con reindirizzamenti.<\/li>\n<\/ul>\n","protected":false},"excerpt":{"rendered":"<p>EasyRedir \u00e8 un programma SEO che ti fornisce la piena gestione del reindirizzamento degli URL in modo tale che il tuo pubblico riesca a visualizzare il messaggio che desideri. \u00c8 progettata principalmente per i\u00a0dipartimenti di marketing, le agenzie e le aziende pubblicitarie e i dipartimenti di tecnologia dell&#8217;informazione.<\/p>\n","protected":false},"author":17,"featured_media":19810,"parent":8849,"menu_order":0,"comment_status":"open","ping_status":"closed","template":"g1_template_page_review_new.php","meta":{"_acf_changed":false,"cwp_meta_box_check":"Yes","cwp_rev_product_name":"","cwp_rev_product_image":"","wppr_links":[],"cwp_rev_price":"","wppr_options":[],"wppr_pros":[],"wppr_cons":[],"_monsterinsights_skip_tracking":false,"_monsterinsights_sitenote_active":false,"_monsterinsights_sitenote_note":"","_monsterinsights_sitenote_category":0,"footnotes":""},"categories":[175],"tags":[1442,901,1424,1441],"features":[],"class_list":{"0":"post-19808","1":"page","2":"type-page","3":"status-publish","4":"has-post-thumbnail","6":"category-strumenti-seo-categoria","7":"tag-reindirizzamento-url","8":"tag-seo","9":"tag-seo-analisi","10":"tag-seo-report"},"wppr_data":{"cwp_meta_box_check":"Yes","cwp_rev_product_name":"","cwp_rev_product_image":"","cwp_image_link":"image","cwp_rev_price":"","wppr_rating":"0.00"},"acf":[],"yoast_head":"<!-- This site is optimized with the Yoast SEO plugin v27.4 - https:\/\/yoast.com\/product\/yoast-seo-wordpress\/ -->\n<title>EasyRedir: recensione programma SEO - Accurate Reviews<\/title>\n<meta name=\"description\" content=\"EasyRedir: recensione del programma SEO che ti fornisce anche la piena gestione del reindirizzamento degli URL. Scopri di pi\u00f9.\" \/>\n<meta name=\"robots\" content=\"index, follow, max-snippet:-1, max-image-preview:large, max-video-preview:-1\" \/>\n<link rel=\"canonical\" href=\"https:\/\/www.accuratereviews.com\/it\/strumenti-seo-lista-software\/easyredir-recensione\/\" \/>\n<meta property=\"og:locale\" content=\"it_IT\" \/>\n<meta property=\"og:type\" content=\"article\" \/>\n<meta property=\"og:title\" content=\"EasyRedir: recensione programma SEO - Accurate Reviews\" \/>\n<meta property=\"og:description\" content=\"EasyRedir: recensione del programma SEO che ti fornisce anche la piena gestione del reindirizzamento degli URL. Scopri di pi\u00f9.\" \/>\n<meta property=\"og:url\" content=\"https:\/\/www.accuratereviews.com\/it\/strumenti-seo-lista-software\/easyredir-recensione\/\" \/>\n<meta property=\"og:site_name\" content=\"Accurate Reviews\" \/>\n<meta property=\"article:modified_time\" content=\"2021-11-15T08:02:04+00:00\" \/>\n<meta property=\"og:image\" content=\"https:\/\/www.accuratereviews.com\/wp-content\/uploads\/2019\/11\/easyredir-logo-black.png\" \/>\n\t<meta property=\"og:image:width\" content=\"2000\" \/>\n\t<meta property=\"og:image:height\" content=\"396\" \/>\n\t<meta property=\"og:image:type\" content=\"image\/png\" \/>\n<meta name=\"twitter:card\" content=\"summary_large_image\" \/>\n<meta name=\"twitter:label1\" content=\"Tempo di lettura stimato\" \/>\n\t<meta name=\"twitter:data1\" content=\"3 minuti\" \/>\n<script type=\"application\/ld+json\" class=\"yoast-schema-graph\">{\"@context\":\"https:\\\/\\\/schema.org\",\"@graph\":[{\"@type\":\"WebPage\",\"@id\":\"https:\\\/\\\/www.accuratereviews.com\\\/it\\\/strumenti-seo-lista-software\\\/easyredir-recensione\\\/\",\"url\":\"https:\\\/\\\/www.accuratereviews.com\\\/it\\\/strumenti-seo-lista-software\\\/easyredir-recensione\\\/\",\"name\":\"EasyRedir: recensione programma SEO - Accurate Reviews\",\"isPartOf\":{\"@id\":\"https:\\\/\\\/www.accuratereviews.com\\\/it\\\/#website\"},\"primaryImageOfPage\":{\"@id\":\"https:\\\/\\\/www.accuratereviews.com\\\/it\\\/strumenti-seo-lista-software\\\/easyredir-recensione\\\/#primaryimage\"},\"image\":{\"@id\":\"https:\\\/\\\/www.accuratereviews.com\\\/it\\\/strumenti-seo-lista-software\\\/easyredir-recensione\\\/#primaryimage\"},\"thumbnailUrl\":\"https:\\\/\\\/www.accuratereviews.com\\\/wp-content\\\/uploads\\\/2019\\\/11\\\/easyredir-logo-black.png\",\"datePublished\":\"2019-11-05T08:00:07+00:00\",\"dateModified\":\"2021-11-15T08:02:04+00:00\",\"description\":\"EasyRedir: recensione del programma SEO che ti fornisce anche la piena gestione del reindirizzamento degli URL. Scopri di pi\u00f9.\",\"breadcrumb\":{\"@id\":\"https:\\\/\\\/www.accuratereviews.com\\\/it\\\/strumenti-seo-lista-software\\\/easyredir-recensione\\\/#breadcrumb\"},\"inLanguage\":\"it-IT\",\"potentialAction\":[{\"@type\":\"ReadAction\",\"target\":[\"https:\\\/\\\/www.accuratereviews.com\\\/it\\\/strumenti-seo-lista-software\\\/easyredir-recensione\\\/\"]}]},{\"@type\":\"ImageObject\",\"inLanguage\":\"it-IT\",\"@id\":\"https:\\\/\\\/www.accuratereviews.com\\\/it\\\/strumenti-seo-lista-software\\\/easyredir-recensione\\\/#primaryimage\",\"url\":\"https:\\\/\\\/www.accuratereviews.com\\\/wp-content\\\/uploads\\\/2019\\\/11\\\/easyredir-logo-black.png\",\"contentUrl\":\"https:\\\/\\\/www.accuratereviews.com\\\/wp-content\\\/uploads\\\/2019\\\/11\\\/easyredir-logo-black.png\",\"width\":2000,\"height\":396},{\"@type\":\"BreadcrumbList\",\"@id\":\"https:\\\/\\\/www.accuratereviews.com\\\/it\\\/strumenti-seo-lista-software\\\/easyredir-recensione\\\/#breadcrumb\",\"itemListElement\":[{\"@type\":\"ListItem\",\"position\":1,\"name\":\"Home\",\"item\":\"https:\\\/\\\/www.accuratereviews.com\\\/it\\\/\"},{\"@type\":\"ListItem\",\"position\":2,\"name\":\"Strumenti SEO\",\"item\":\"https:\\\/\\\/www.accuratereviews.com\\\/it\\\/strumenti-seo-lista-software\\\/\"},{\"@type\":\"ListItem\",\"position\":3,\"name\":\"EasyRedir\"}]},{\"@type\":\"WebSite\",\"@id\":\"https:\\\/\\\/www.accuratereviews.com\\\/it\\\/#website\",\"url\":\"https:\\\/\\\/www.accuratereviews.com\\\/it\\\/\",\"name\":\"Accurate Reviews\",\"description\":\"\",\"potentialAction\":[{\"@type\":\"SearchAction\",\"target\":{\"@type\":\"EntryPoint\",\"urlTemplate\":\"https:\\\/\\\/www.accuratereviews.com\\\/it\\\/?s={search_term_string}\"},\"query-input\":{\"@type\":\"PropertyValueSpecification\",\"valueRequired\":true,\"valueName\":\"search_term_string\"}}],\"inLanguage\":\"it-IT\"}]}<\/script>\n<!-- \/ Yoast SEO plugin. -->","yoast_head_json":{"title":"EasyRedir: recensione programma SEO - Accurate Reviews","description":"EasyRedir: recensione del programma SEO che ti fornisce anche la piena gestione del reindirizzamento degli URL. Scopri di pi\u00f9.","robots":{"index":"index","follow":"follow","max-snippet":"max-snippet:-1","max-image-preview":"max-image-preview:large","max-video-preview":"max-video-preview:-1"},"canonical":"https:\/\/www.accuratereviews.com\/it\/strumenti-seo-lista-software\/easyredir-recensione\/","og_locale":"it_IT","og_type":"article","og_title":"EasyRedir: recensione programma SEO - Accurate Reviews","og_description":"EasyRedir: recensione del programma SEO che ti fornisce anche la piena gestione del reindirizzamento degli URL. Scopri di pi\u00f9.","og_url":"https:\/\/www.accuratereviews.com\/it\/strumenti-seo-lista-software\/easyredir-recensione\/","og_site_name":"Accurate Reviews","article_modified_time":"2021-11-15T08:02:04+00:00","og_image":[{"width":2000,"height":396,"url":"https:\/\/www.accuratereviews.com\/wp-content\/uploads\/2019\/11\/easyredir-logo-black.png","type":"image\/png"}],"twitter_card":"summary_large_image","twitter_misc":{"Tempo di lettura stimato":"3 minuti"},"schema":{"@context":"https:\/\/schema.org","@graph":[{"@type":"WebPage","@id":"https:\/\/www.accuratereviews.com\/it\/strumenti-seo-lista-software\/easyredir-recensione\/","url":"https:\/\/www.accuratereviews.com\/it\/strumenti-seo-lista-software\/easyredir-recensione\/","name":"EasyRedir: recensione programma SEO - Accurate Reviews","isPartOf":{"@id":"https:\/\/www.accuratereviews.com\/it\/#website"},"primaryImageOfPage":{"@id":"https:\/\/www.accuratereviews.com\/it\/strumenti-seo-lista-software\/easyredir-recensione\/#primaryimage"},"image":{"@id":"https:\/\/www.accuratereviews.com\/it\/strumenti-seo-lista-software\/easyredir-recensione\/#primaryimage"},"thumbnailUrl":"https:\/\/www.accuratereviews.com\/wp-content\/uploads\/2019\/11\/easyredir-logo-black.png","datePublished":"2019-11-05T08:00:07+00:00","dateModified":"2021-11-15T08:02:04+00:00","description":"EasyRedir: recensione del programma SEO che ti fornisce anche la piena gestione del reindirizzamento degli URL. Scopri di pi\u00f9.","breadcrumb":{"@id":"https:\/\/www.accuratereviews.com\/it\/strumenti-seo-lista-software\/easyredir-recensione\/#breadcrumb"},"inLanguage":"it-IT","potentialAction":[{"@type":"ReadAction","target":["https:\/\/www.accuratereviews.com\/it\/strumenti-seo-lista-software\/easyredir-recensione\/"]}]},{"@type":"ImageObject","inLanguage":"it-IT","@id":"https:\/\/www.accuratereviews.com\/it\/strumenti-seo-lista-software\/easyredir-recensione\/#primaryimage","url":"https:\/\/www.accuratereviews.com\/wp-content\/uploads\/2019\/11\/easyredir-logo-black.png","contentUrl":"https:\/\/www.accuratereviews.com\/wp-content\/uploads\/2019\/11\/easyredir-logo-black.png","width":2000,"height":396},{"@type":"BreadcrumbList","@id":"https:\/\/www.accuratereviews.com\/it\/strumenti-seo-lista-software\/easyredir-recensione\/#breadcrumb","itemListElement":[{"@type":"ListItem","position":1,"name":"Home","item":"https:\/\/www.accuratereviews.com\/it\/"},{"@type":"ListItem","position":2,"name":"Strumenti SEO","item":"https:\/\/www.accuratereviews.com\/it\/strumenti-seo-lista-software\/"},{"@type":"ListItem","position":3,"name":"EasyRedir"}]},{"@type":"WebSite","@id":"https:\/\/www.accuratereviews.com\/it\/#website","url":"https:\/\/www.accuratereviews.com\/it\/","name":"Accurate Reviews","description":"","potentialAction":[{"@type":"SearchAction","target":{"@type":"EntryPoint","urlTemplate":"https:\/\/www.accuratereviews.com\/it\/?s={search_term_string}"},"query-input":{"@type":"PropertyValueSpecification","valueRequired":true,"valueName":"search_term_string"}}],"inLanguage":"it-IT"}]}},"_links":{"self":[{"href":"https:\/\/www.accuratereviews.com\/it\/wp-json\/wp\/v2\/pages\/19808","targetHints":{"allow":["GET"]}}],"collection":[{"href":"https:\/\/www.accuratereviews.com\/it\/wp-json\/wp\/v2\/pages"}],"about":[{"href":"https:\/\/www.accuratereviews.com\/it\/wp-json\/wp\/v2\/types\/page"}],"author":[{"embeddable":true,"href":"https:\/\/www.accuratereviews.com\/it\/wp-json\/wp\/v2\/users\/17"}],"replies":[{"embeddable":true,"href":"https:\/\/www.accuratereviews.com\/it\/wp-json\/wp\/v2\/comments?post=19808"}],"version-history":[{"count":4,"href":"https:\/\/www.accuratereviews.com\/it\/wp-json\/wp\/v2\/pages\/19808\/revisions"}],"predecessor-version":[{"id":49946,"href":"https:\/\/www.accuratereviews.com\/it\/wp-json\/wp\/v2\/pages\/19808\/revisions\/49946"}],"up":[{"embeddable":true,"href":"https:\/\/www.accuratereviews.com\/it\/wp-json\/wp\/v2\/pages\/8849"}],"wp:featuredmedia":[{"embeddable":true,"href":"https:\/\/www.accuratereviews.com\/it\/wp-json\/wp\/v2\/media\/19810"}],"wp:attachment":[{"href":"https:\/\/www.accuratereviews.com\/it\/wp-json\/wp\/v2\/media?parent=19808"}],"wp:term":[{"taxonomy":"category","embeddable":true,"href":"https:\/\/www.accuratereviews.com\/it\/wp-json\/wp\/v2\/categories?post=19808"},{"taxonomy":"post_tag","embeddable":true,"href":"https:\/\/www.accuratereviews.com\/it\/wp-json\/wp\/v2\/tags?post=19808"},{"taxonomy":"features","embeddable":true,"href":"https:\/\/www.accuratereviews.com\/it\/wp-json\/wp\/v2\/features?post=19808"}],"curies":[{"name":"wp","href":"https:\/\/api.w.org\/{rel}","templated":true}]}}