{"id":19857,"date":"2019-11-06T15:52:31","date_gmt":"2019-11-06T15:52:31","guid":{"rendered":"https:\/\/www.accuratereviews.com\/?page_id=19857"},"modified":"2021-11-10T14:36:20","modified_gmt":"2021-11-10T14:36:20","slug":"funnel-science-recensione","status":"publish","type":"page","link":"https:\/\/www.accuratereviews.com\/it\/strumenti-seo-lista-software\/funnel-science-recensione\/","title":{"rendered":"Funnel Science"},"content":{"rendered":"<p><strong>Funnel Science<\/strong> \u00e8 una piattaforma di<strong> analisi SEO<\/strong> che fornisce alle aziende e ai team di vendita e marketing la tecnologia e gli strumenti che consentono loro di creare, promuovere e convertire pi\u00f9 lead che mai. Inoltre, permette loro di identificare e rimuovere gli ostacoli che posso presentarsi, pianificare le \u00a0strategie da adottare e determinare i fattori che riducono le spese operative, risparmiando tempo e massimizzando le nuove opportunit\u00e0 di vendita.\u00a0Questo software sfrutta l&#8217;intelligenza artificiale per migliorare ulteriormente la canalizzazione di vendita degli utenti, facilitando loro l&#8217;identificazione dei fattori che determinano azioni di acquisto dei clienti sia positive che negative. Con <strong>Funnel Science<\/strong>, sei in grado di scoprire cosa rende le tue landing page interessanti, quale tipo di contenuto attira il maggior numero di utenti e su quali link i visitatori tendono a fare clic.<\/p>\n<h2>FUNNEL SCIENCE &#8211; TUTORIAL<\/h2>\n<p>Il tutorial che seguir\u00e0 mostra le funzioni principali di questo <strong>software SEO<\/strong>:<\/p>\n<div id=\"fluid-wrapper-counter-1\" class=\"g1-fluid-wrapper \" style=\"width:686px;\">\n<div style=\"padding-bottom:56.268221574344%;\"><iframe loading=\"lazy\" title=\"Funnel Science demo\" width=\"686\" height=\"386\" src=\"https:\/\/www.youtube.com\/embed\/Cdc91EexGPw?feature=oembed&amp;wmode=transparent&amp;autohide=1&amp;autoplay=0&amp;disablekb=0&amp;fs=1&amp;loop=0&amp;enablejsapi=1&amp;rel=0&amp;controls=2&amp;showinfo=0&amp;wmode=transparent&amp;autohide=2&amp;autoplay=0&amp;disablekb=0&amp;fs=1&amp;loop=0&amp;enablejsapi=1&amp;rel=0&amp;controls=2&amp;showinfo=1\" frameborder=\"0\" allow=\"accelerometer; autoplay; clipboard-write; encrypted-media; gyroscope; picture-in-picture\" allowfullscreen><\/iframe><\/div>\n<\/div>\n<h3>FUNNEL SCIENCE &#8211; CARATTERISTICHE<\/h3>\n<ul>\n<li>Sviluppo e strategia dell&#8217;imbuto di vendita<\/li>\n<li>Ottimizzazione delle entrate<\/li>\n<li>Migliramento delle conversioni<\/li>\n<li>Ottimizzazione dell&#8217;ecommerce<\/li>\n<li>Esperti \u00a0di marketing<\/li>\n<li>Specialisti PPC di Google, Facebook, Youtube<\/li>\n<li>Esperti di Google Analytics<\/li>\n<li>Retargeting<\/li>\n<\/ul>\n<h4>LE RECENSIONI DEGLI UTENTENTI<\/h4>\n<h4>Moses B. &#8220;Molto professionale, ottieni un ROI fantastico e l&#8217;esperienza ha un tocco personale unico.&#8221;<\/h4>\n<p><strong>Commenti<\/strong>: Ho lavorato con Rep. Presso Funnel Science negli ultimi 6 mesi. Li ho contattati dopo aver visto uno dei loro manuali di istruzioni su Youtube su come utilizzare meglio Google Adwords. Una volta che Rep. Ha rilevato le nostre campagne AdWords, sono successe 2 cose: 1. \u00c8 riuscito a tagliare le nostre bollette AdWords mensili della met\u00e0 esattamente (risparmiando MIGLIAIA di dollari) e 2. Siamo passati da 1-2 lead al giorno a 3-4 ( dopo il primo mese) e ora stiamo arrivando ovunque tra 6-10 lead LEGIT al giorno solo da AdWords. Questi sono risultati pazzi nel mio libro e sono molto felice di aver colto l&#8217;occasione con loro (pagare soldi per una societ\u00e0 a caso che ho visto su Youtube ?!). Oggi stiamo lavorando su molte strategie avanzate che coinvolgono annunci Bing, Facebook e re-marketing. Per riassumere, sono molto professionali, ottieni un ROI fantastico e l&#8217;esperienza ha un tocco personale unico.<\/p>\n<p><strong>Vantaggi<\/strong>: registrazione delle chiamate, gestione dei lead, gestione delle linee telefoniche multiple, gestione del budget degli annunci e reportistica<\/p>\n<p><strong>Inconvenienti<\/strong>: Niente ancora, si aggiornerebbe una volta che qualcosa si presenta<\/p>\n<h4>Marc H. &#8220;Questo \u00e8 uno dei software di vendita pi\u00f9 user-friendly che io abbia mai incontrato.&#8221;<\/h4>\n<p><strong>Vantaggi<\/strong>: ho 42 anni e non mi piacciono molto le cose tecniche, ma questo software \u00e8 molto user-friendly, personalizzabile, tiene traccia di tutti i lead che provengono da Facebook, Google Ads, Bing Ads, eventuali annunci, email, telefonate ecc., quindi so esattamente quali annunci e parole chiave funzionano e, soprattutto, quali annunci e parole chiave non funzionano e dove dovrei spostare il mio budget pubblicitario. Il software registra le chiamate di vendita che entrano e escono e ha dettato la voce \u00c8 mobile friendly per un iPhone o iPad. ti invia avvisi di testo quando perdi una chiamata.<br \/>\nIl cliente assistito e supportato con Funnel Science \u00e8 senza dubbio il migliore che abbia mai visto e sono stato venduto e utilizzato alcuni dei software pi\u00f9 famosi del settore che ti promettono luna e stelle, quindi dopo aver acquistato il software mi sono sentito come se fossi escluso.<br \/>\nIl software Funnell Science mi ha risparmiato almeno il 25% del tempo che ho sprecato su altri software di vendita e mi ha risparmiato 1\/3 del mio budget pubblicitario rispetto allo scorso anno e ottengo lead di qualit\u00e0 migliore.<\/p>\n<h4>Mike P. &#8220;Il Funnel Science Team lavora per noi!&#8221;<\/h4>\n<p><strong>Commenti<\/strong>: nuovi clienti e nuove entrate<\/p>\n<p><strong>Vantaggi<\/strong>: il loro prodotto auto-miglioramento migliora ogni settimana. Stanno sempre provando nuove parole chiave ed eliminando quelle che non generano entrate. Il loro rapporto mensile \u00e8 facile da leggere e vedrai rapidamente le tendenze che portano pi\u00f9 clienti felici. Il nostro tasso di fidelizzazione \u00e8 superiore al 90% per questo nuovo business che entra e resta con noi anno dopo anno.<\/p>\n<p><strong>Inconvenienti<\/strong>: il loro software va bene, Google Adwords \u00e8 difficile da lavorare. Sembra che lo cambino cos\u00ec spesso che \u00e8 difficile tenere il passo con &#8230; Funnel Science rimane al passo con i cambiamenti<\/p>\n","protected":false},"excerpt":{"rendered":"<p>Funnel Science \u00e8 una piattaforma di analisi SEO che fornisce alle aziende e ai team di vendita e marketing la tecnologia e gli strumenti che consentono loro di creare, promuovere e convertire pi\u00f9 lead che mai. Inoltre, permette loro di identificare e rimuovere gli ostacoli che posso presentarsi, pianificare le \u00a0strategie da adottare e determinare i fattori che riducono le spese operative, risparmiando tempo e massimizzando le nuove opportunit\u00e0 di vendita.\u00a0<\/p>\n","protected":false},"author":19,"featured_media":19869,"parent":8849,"menu_order":0,"comment_status":"open","ping_status":"closed","template":"g1_template_page_review_new.php","meta":{"_acf_changed":false,"cwp_meta_box_check":"Yes","cwp_rev_product_name":"","cwp_rev_product_image":"","wppr_links":[],"cwp_rev_price":"","wppr_options":[],"wppr_pros":[],"wppr_cons":[],"_monsterinsights_skip_tracking":false,"_monsterinsights_sitenote_active":false,"_monsterinsights_sitenote_note":"","_monsterinsights_sitenote_category":0,"footnotes":""},"categories":[175],"tags":[1445,1421,1408,1420,1417,1419],"features":[],"class_list":{"0":"post-19857","1":"page","2":"type-page","3":"status-publish","4":"has-post-thumbnail","6":"category-strumenti-seo-categoria","7":"tag-funnel-science","8":"tag-programma-seo","9":"tag-rapporti-seo","10":"tag-software-seo","11":"tag-soluzione-seo","12":"tag-strumento-seo"},"wppr_data":{"cwp_meta_box_check":"Yes","cwp_rev_product_name":"","cwp_rev_product_image":"","cwp_image_link":"image","cwp_rev_price":"","wppr_rating":"0.00"},"acf":[],"yoast_head":"<!-- This site is optimized with the Yoast SEO plugin v27.4 - https:\/\/yoast.com\/product\/yoast-seo-wordpress\/ -->\n<title>Funnel Science: recensione software SEO - Accurate Reviews<\/title>\n<meta name=\"description\" content=\"Funnel Science: recensione piattaforma di analisi SEO che fornisce alle aziende e ai team di vendita e marketing la tecnologia per aumentare i ricavi.\" \/>\n<meta name=\"robots\" content=\"index, follow, max-snippet:-1, max-image-preview:large, max-video-preview:-1\" \/>\n<link rel=\"canonical\" href=\"https:\/\/www.accuratereviews.com\/it\/strumenti-seo-lista-software\/funnel-science-recensione\/\" \/>\n<meta property=\"og:locale\" content=\"it_IT\" \/>\n<meta property=\"og:type\" content=\"article\" \/>\n<meta property=\"og:title\" content=\"Funnel Science: recensione software SEO - Accurate Reviews\" \/>\n<meta property=\"og:description\" content=\"Funnel Science: recensione piattaforma di analisi SEO che fornisce alle aziende e ai team di vendita e marketing la tecnologia per aumentare i ricavi.\" \/>\n<meta property=\"og:url\" content=\"https:\/\/www.accuratereviews.com\/it\/strumenti-seo-lista-software\/funnel-science-recensione\/\" \/>\n<meta property=\"og:site_name\" content=\"Accurate Reviews\" \/>\n<meta property=\"article:modified_time\" content=\"2021-11-10T14:36:20+00:00\" \/>\n<meta property=\"og:image\" content=\"https:\/\/www.accuratereviews.com\/wp-content\/uploads\/2019\/11\/Funnel-Science.jpg\" \/>\n\t<meta property=\"og:image:width\" content=\"250\" \/>\n\t<meta property=\"og:image:height\" content=\"250\" \/>\n\t<meta property=\"og:image:type\" content=\"image\/jpeg\" \/>\n<meta name=\"twitter:card\" content=\"summary_large_image\" \/>\n<meta name=\"twitter:label1\" content=\"Tempo di lettura stimato\" \/>\n\t<meta name=\"twitter:data1\" content=\"3 minuti\" \/>\n<script type=\"application\/ld+json\" class=\"yoast-schema-graph\">{\"@context\":\"https:\\\/\\\/schema.org\",\"@graph\":[{\"@type\":\"WebPage\",\"@id\":\"https:\\\/\\\/www.accuratereviews.com\\\/it\\\/strumenti-seo-lista-software\\\/funnel-science-recensione\\\/\",\"url\":\"https:\\\/\\\/www.accuratereviews.com\\\/it\\\/strumenti-seo-lista-software\\\/funnel-science-recensione\\\/\",\"name\":\"Funnel Science: recensione software SEO - Accurate Reviews\",\"isPartOf\":{\"@id\":\"https:\\\/\\\/www.accuratereviews.com\\\/it\\\/#website\"},\"primaryImageOfPage\":{\"@id\":\"https:\\\/\\\/www.accuratereviews.com\\\/it\\\/strumenti-seo-lista-software\\\/funnel-science-recensione\\\/#primaryimage\"},\"image\":{\"@id\":\"https:\\\/\\\/www.accuratereviews.com\\\/it\\\/strumenti-seo-lista-software\\\/funnel-science-recensione\\\/#primaryimage\"},\"thumbnailUrl\":\"https:\\\/\\\/www.accuratereviews.com\\\/wp-content\\\/uploads\\\/2019\\\/11\\\/Funnel-Science.jpg\",\"datePublished\":\"2019-11-06T15:52:31+00:00\",\"dateModified\":\"2021-11-10T14:36:20+00:00\",\"description\":\"Funnel Science: recensione piattaforma di analisi SEO che fornisce alle aziende e ai team di vendita e marketing la tecnologia per aumentare i ricavi.\",\"breadcrumb\":{\"@id\":\"https:\\\/\\\/www.accuratereviews.com\\\/it\\\/strumenti-seo-lista-software\\\/funnel-science-recensione\\\/#breadcrumb\"},\"inLanguage\":\"it-IT\",\"potentialAction\":[{\"@type\":\"ReadAction\",\"target\":[\"https:\\\/\\\/www.accuratereviews.com\\\/it\\\/strumenti-seo-lista-software\\\/funnel-science-recensione\\\/\"]}]},{\"@type\":\"ImageObject\",\"inLanguage\":\"it-IT\",\"@id\":\"https:\\\/\\\/www.accuratereviews.com\\\/it\\\/strumenti-seo-lista-software\\\/funnel-science-recensione\\\/#primaryimage\",\"url\":\"https:\\\/\\\/www.accuratereviews.com\\\/wp-content\\\/uploads\\\/2019\\\/11\\\/Funnel-Science.jpg\",\"contentUrl\":\"https:\\\/\\\/www.accuratereviews.com\\\/wp-content\\\/uploads\\\/2019\\\/11\\\/Funnel-Science.jpg\",\"width\":250,\"height\":250},{\"@type\":\"BreadcrumbList\",\"@id\":\"https:\\\/\\\/www.accuratereviews.com\\\/it\\\/strumenti-seo-lista-software\\\/funnel-science-recensione\\\/#breadcrumb\",\"itemListElement\":[{\"@type\":\"ListItem\",\"position\":1,\"name\":\"Home\",\"item\":\"https:\\\/\\\/www.accuratereviews.com\\\/it\\\/\"},{\"@type\":\"ListItem\",\"position\":2,\"name\":\"Strumenti SEO\",\"item\":\"https:\\\/\\\/www.accuratereviews.com\\\/it\\\/strumenti-seo-lista-software\\\/\"},{\"@type\":\"ListItem\",\"position\":3,\"name\":\"Funnel Science\"}]},{\"@type\":\"WebSite\",\"@id\":\"https:\\\/\\\/www.accuratereviews.com\\\/it\\\/#website\",\"url\":\"https:\\\/\\\/www.accuratereviews.com\\\/it\\\/\",\"name\":\"Accurate Reviews\",\"description\":\"\",\"potentialAction\":[{\"@type\":\"SearchAction\",\"target\":{\"@type\":\"EntryPoint\",\"urlTemplate\":\"https:\\\/\\\/www.accuratereviews.com\\\/it\\\/?s={search_term_string}\"},\"query-input\":{\"@type\":\"PropertyValueSpecification\",\"valueRequired\":true,\"valueName\":\"search_term_string\"}}],\"inLanguage\":\"it-IT\"}]}<\/script>\n<!-- \/ Yoast SEO plugin. -->","yoast_head_json":{"title":"Funnel Science: recensione software SEO - Accurate Reviews","description":"Funnel Science: recensione piattaforma di analisi SEO che fornisce alle aziende e ai team di vendita e marketing la tecnologia per aumentare i ricavi.","robots":{"index":"index","follow":"follow","max-snippet":"max-snippet:-1","max-image-preview":"max-image-preview:large","max-video-preview":"max-video-preview:-1"},"canonical":"https:\/\/www.accuratereviews.com\/it\/strumenti-seo-lista-software\/funnel-science-recensione\/","og_locale":"it_IT","og_type":"article","og_title":"Funnel Science: recensione software SEO - Accurate Reviews","og_description":"Funnel Science: recensione piattaforma di analisi SEO che fornisce alle aziende e ai team di vendita e marketing la tecnologia per aumentare i ricavi.","og_url":"https:\/\/www.accuratereviews.com\/it\/strumenti-seo-lista-software\/funnel-science-recensione\/","og_site_name":"Accurate Reviews","article_modified_time":"2021-11-10T14:36:20+00:00","og_image":[{"width":250,"height":250,"url":"https:\/\/www.accuratereviews.com\/wp-content\/uploads\/2019\/11\/Funnel-Science.jpg","type":"image\/jpeg"}],"twitter_card":"summary_large_image","twitter_misc":{"Tempo di lettura stimato":"3 minuti"},"schema":{"@context":"https:\/\/schema.org","@graph":[{"@type":"WebPage","@id":"https:\/\/www.accuratereviews.com\/it\/strumenti-seo-lista-software\/funnel-science-recensione\/","url":"https:\/\/www.accuratereviews.com\/it\/strumenti-seo-lista-software\/funnel-science-recensione\/","name":"Funnel Science: recensione software SEO - Accurate Reviews","isPartOf":{"@id":"https:\/\/www.accuratereviews.com\/it\/#website"},"primaryImageOfPage":{"@id":"https:\/\/www.accuratereviews.com\/it\/strumenti-seo-lista-software\/funnel-science-recensione\/#primaryimage"},"image":{"@id":"https:\/\/www.accuratereviews.com\/it\/strumenti-seo-lista-software\/funnel-science-recensione\/#primaryimage"},"thumbnailUrl":"https:\/\/www.accuratereviews.com\/wp-content\/uploads\/2019\/11\/Funnel-Science.jpg","datePublished":"2019-11-06T15:52:31+00:00","dateModified":"2021-11-10T14:36:20+00:00","description":"Funnel Science: recensione piattaforma di analisi SEO che fornisce alle aziende e ai team di vendita e marketing la tecnologia per aumentare i ricavi.","breadcrumb":{"@id":"https:\/\/www.accuratereviews.com\/it\/strumenti-seo-lista-software\/funnel-science-recensione\/#breadcrumb"},"inLanguage":"it-IT","potentialAction":[{"@type":"ReadAction","target":["https:\/\/www.accuratereviews.com\/it\/strumenti-seo-lista-software\/funnel-science-recensione\/"]}]},{"@type":"ImageObject","inLanguage":"it-IT","@id":"https:\/\/www.accuratereviews.com\/it\/strumenti-seo-lista-software\/funnel-science-recensione\/#primaryimage","url":"https:\/\/www.accuratereviews.com\/wp-content\/uploads\/2019\/11\/Funnel-Science.jpg","contentUrl":"https:\/\/www.accuratereviews.com\/wp-content\/uploads\/2019\/11\/Funnel-Science.jpg","width":250,"height":250},{"@type":"BreadcrumbList","@id":"https:\/\/www.accuratereviews.com\/it\/strumenti-seo-lista-software\/funnel-science-recensione\/#breadcrumb","itemListElement":[{"@type":"ListItem","position":1,"name":"Home","item":"https:\/\/www.accuratereviews.com\/it\/"},{"@type":"ListItem","position":2,"name":"Strumenti SEO","item":"https:\/\/www.accuratereviews.com\/it\/strumenti-seo-lista-software\/"},{"@type":"ListItem","position":3,"name":"Funnel Science"}]},{"@type":"WebSite","@id":"https:\/\/www.accuratereviews.com\/it\/#website","url":"https:\/\/www.accuratereviews.com\/it\/","name":"Accurate Reviews","description":"","potentialAction":[{"@type":"SearchAction","target":{"@type":"EntryPoint","urlTemplate":"https:\/\/www.accuratereviews.com\/it\/?s={search_term_string}"},"query-input":{"@type":"PropertyValueSpecification","valueRequired":true,"valueName":"search_term_string"}}],"inLanguage":"it-IT"}]}},"_links":{"self":[{"href":"https:\/\/www.accuratereviews.com\/it\/wp-json\/wp\/v2\/pages\/19857","targetHints":{"allow":["GET"]}}],"collection":[{"href":"https:\/\/www.accuratereviews.com\/it\/wp-json\/wp\/v2\/pages"}],"about":[{"href":"https:\/\/www.accuratereviews.com\/it\/wp-json\/wp\/v2\/types\/page"}],"author":[{"embeddable":true,"href":"https:\/\/www.accuratereviews.com\/it\/wp-json\/wp\/v2\/users\/19"}],"replies":[{"embeddable":true,"href":"https:\/\/www.accuratereviews.com\/it\/wp-json\/wp\/v2\/comments?post=19857"}],"version-history":[{"count":7,"href":"https:\/\/www.accuratereviews.com\/it\/wp-json\/wp\/v2\/pages\/19857\/revisions"}],"predecessor-version":[{"id":49757,"href":"https:\/\/www.accuratereviews.com\/it\/wp-json\/wp\/v2\/pages\/19857\/revisions\/49757"}],"up":[{"embeddable":true,"href":"https:\/\/www.accuratereviews.com\/it\/wp-json\/wp\/v2\/pages\/8849"}],"wp:featuredmedia":[{"embeddable":true,"href":"https:\/\/www.accuratereviews.com\/it\/wp-json\/wp\/v2\/media\/19869"}],"wp:attachment":[{"href":"https:\/\/www.accuratereviews.com\/it\/wp-json\/wp\/v2\/media?parent=19857"}],"wp:term":[{"taxonomy":"category","embeddable":true,"href":"https:\/\/www.accuratereviews.com\/it\/wp-json\/wp\/v2\/categories?post=19857"},{"taxonomy":"post_tag","embeddable":true,"href":"https:\/\/www.accuratereviews.com\/it\/wp-json\/wp\/v2\/tags?post=19857"},{"taxonomy":"features","embeddable":true,"href":"https:\/\/www.accuratereviews.com\/it\/wp-json\/wp\/v2\/features?post=19857"}],"curies":[{"name":"wp","href":"https:\/\/api.w.org\/{rel}","templated":true}]}}