{"id":19859,"date":"2019-11-06T15:51:57","date_gmt":"2019-11-06T15:51:57","guid":{"rendered":"https:\/\/www.accuratereviews.com\/?page_id=19859"},"modified":"2021-11-10T14:47:32","modified_gmt":"2021-11-10T14:47:32","slug":"authoritylabs-recensione","status":"publish","type":"page","link":"https:\/\/www.accuratereviews.com\/it\/strumenti-seo-lista-software\/authoritylabs-recensione\/","title":{"rendered":"AuthorityLabs"},"content":{"rendered":"<p><strong>AuthorityLabs<\/strong> \u00e8 un potente strumento di <strong>monitoraggio SEO<\/strong> basato sul web che ha un&#8217;interfaccia intuitiva che lo rende facile da usare. La piattaforma \u00e8 progettata per essere veloce e precisa nel monitoraggio della concorrenza, nel reporting delle parole chiave in white label, nel monitoraggio locale e globale per vari motori di ricerca, nell&#8217;esportazione dei report e nell&#8217;integrazione di<strong> Google AdWords<\/strong>.\u00a0\u00c8 uno dei migliori strumenti scalabili che tiene traccia di tutte le parole chiave per un certo numero di domini attraverso i principali motori di ricerca come <strong>Google, Yahoo e Bing<\/strong>. Esistono report personalizzati che semplificano il monitoraggio delle prestazioni su base giornaliera. I rapporti offrono una visione chiara del ranking medio delle parole chiave in un motore di ricerca specifico e mettono in relazione il ranking con le modifiche corrispondenti. I rapporti presentano anche una tendenza di 30 giorni e, nel caso in cui desideri un&#8217;analisi dettagliata, devi semplicemente scegliere una determinata parola chiave e ottenere informazioni e grafici, incluso il confronto delle parole chiave.<\/p>\n<h2>AUTHORITYLABS &#8211; TUTORIAL<\/h2>\n<p>Ecco un tutorial che mostra come questo <strong>strumento SEO<\/strong> genera reporting:<\/p>\n<div id=\"fluid-wrapper-counter-1\" class=\"g1-fluid-wrapper \" style=\"width:686px;\">\n<div style=\"padding-bottom:56.268221574344%;\"><iframe loading=\"lazy\" title=\"Authority Labs &#039;Now Provided&#039; Tutorial: Find SEO Opportunities!\" width=\"515\" height=\"386\" src=\"https:\/\/www.youtube.com\/embed\/OuMQzJTGc4U?feature=oembed&amp;wmode=transparent&amp;autohide=1&amp;autoplay=0&amp;disablekb=0&amp;fs=1&amp;loop=0&amp;enablejsapi=1&amp;rel=0&amp;controls=2&amp;showinfo=0&amp;wmode=transparent&amp;autohide=2&amp;autoplay=0&amp;disablekb=0&amp;fs=1&amp;loop=0&amp;enablejsapi=1&amp;rel=0&amp;controls=2&amp;showinfo=1\" frameborder=\"0\" allow=\"accelerometer; autoplay; clipboard-write; encrypted-media; gyroscope; picture-in-picture\" allowfullscreen><\/iframe><\/div>\n<\/div>\n<p>&nbsp;<\/p>\n<h3>AUTHORITYLABS &#8211; CARATTERISTICHE<\/h3>\n<ul>\n<li><strong>Sfrutta la posizione e i dati del dispositivo<\/strong>: ottimizza le tue campagne SEO con i dati di tracciamento giornaliero accurati disponibili. Sapere sempre dove si posizionano i tuoi domini per le parole chiave che contano di pi\u00f9, in qualsiasi area geografica e tra i tipi di dispositivo<\/li>\n<li><strong>Parole chiave di qualit\u00e0<\/strong>: la maggior parte degli strumenti SERP non ti mostrano le parole chiave &#8220;Non fornite&#8221;, che sono spesso le parole chiave pi\u00f9 importanti che i visitatori usano per cercare siti come il tuo. Con i gli esclusivi rapporti, puoi trovare nuove opportunit\u00e0 di targeting per parole chiave. Ora saprai esattamente quali termini utilizzano i tuoi visitatori per cercare e scoprire il tuo sito web. Ottimizza la tua strategia di contenuto e scopri lacune di contenuto in 60 secondi o meno<\/li>\n<li><strong>Ottimizza per dispositivi mobili:<\/strong> a partire dal 2019, oltre la met\u00e0 delle ricerche su Google proviene da dispositivi mobili, quindi \u00e8 fondamentale che ogni strategia SEO ottimizzi per le classifiche mobili. Usa questo programma per confrontare le classifiche mobili con i risultati del desktop. Identifica dove la tua strategia desktop ha avuto successo e assicurati che le tue classifiche mobili si accumulino<\/li>\n<li><strong>Supera in astuzia i tuoi concorrenti<\/strong>: sapere esattamente cosa stanno facendo i tuoi concorrenti \u00e8 vitale per una campagna SEO di successo. Aggiungi i domini e le parole chiave dei tuoi principali concorrenti per mantenere il tuo vantaggio competitivo<\/li>\n<li><strong>Risparmia tempo con i rapporti pianificati<\/strong>: chiunque esegua manualmente i report sa quanto pu\u00f2 essere noioso. Risparmia tempo impostando esportazioni automatiche di dati e ricevi rapporti di classifica settimanali e \/ o mensili con questo software. Creato per farti risparmiare tempo e fornirti i dati necessari per creare campagne SEO di successo.<\/li>\n<\/ul>\n<h4>LE RECENSIONI DEGLI UTENTI<\/h4>\n<h4>Calin H. &#8220;La nostra soluzione di tracciamento della classifica principale che abbiamo usato ogni giorno per tracciare migliaia di classifiche.&#8221;<\/h4>\n<p><strong>Vantaggi<\/strong>: questa \u00e8 una delle soluzioni di tracciamento dei ranghi pi\u00f9 semplici. L&#8217;interfaccia utente \u00e8 fantastica e molto facile da leggere. Praticamente l&#8217;unica ragione per cui sono state la nostra soluzione di tracciamento del ranking \u00e8 quanto sia intuitiva e facile da comprendere la dashboard. Siamo in grado di inviare i dashboard personalizzati ai clienti tramite un semplice URL in modo che possano controllare le loro classifiche ogni giorno, il che \u00e8 fantastico per quei clienti con manutenzione elevata. Puoi vedere in che modo le classifiche sono di tendenza a colpo d&#8217;occhio, il che \u00e8 un ottimo modo per individuare i problemi nelle campagne e affrontarli in modo proattivo. Il tracciamento giornaliero dei ranghi era estremamente importante e fanno un ottimo lavoro. La possibilit\u00e0 di tornare indietro di 30 giorni, 90 giorni o tutti i tempi ti offre alcune ottime opzioni per confrontare le classifiche. Puoi anche scegliere intervalli di date specifici che ti offrono ancora pi\u00f9 flessibilit\u00e0 per mostrare ai clienti cosa sta succedendo nella loro campagna. Il servizio clienti \u00e8 rapido e molto utile tramite la funzione di chat. Monitoriamo quotidianamente decine di migliaia di parole chiave e AuthorityLabs era davvero la soluzione migliore per quello che stavamo cercando. Davvero, se stai cercando un servizio di tracciamento della classifica che sia facile da capire e che abbia un bell&#8217;aspetto, non puoi fare di meglio.<\/p>\n<p><strong>Inconvenienti<\/strong>: una volta che inizi a tracciare molte parole chiave, questo diventa piuttosto costoso rispetto ad altri servizi che eseguiranno il monitoraggio in blocco. Se hai bisogno di trovare qualcuno, sei praticamente limitato a chattare, il che va bene ma non \u00e8 buono come avere qualcuno disponibile al telefono. I rappresentanti erano reattivi piuttosto che proattivi nella maggior parte dei casi. Abbiamo anche riscontrato alcuni strani problemi con le parole chiave che non venivano monitorate correttamente o che necessitavano di aggiornare gli URL spesso perch\u00e9 il tracciamento si interrompeva quando passavi a un altro intervallo di tempo. Questi erano abbastanza poco frequenti e relativamente minori.<\/p>\n<h4>David dk K. &#8220;Recensione di AuthorityLabs&#8221;<\/h4>\n<p><strong>Commenti<\/strong>: amo il business e il prodotto.\u00a0Ci hanno aiutato a gestire la SEO per alcune delle pi\u00f9 grandi aziende del mondo.<\/p>\n<p><strong>Vantaggi<\/strong>: lo utilizziamo da circa 15 anni.\u00a0\u00c8 un software semplice che fa quello che dovrebbe fare.<br \/>\nTiene traccia con precisione delle classifiche di ricerca di Google di parole chiave provenienti da domini diversi.<br \/>\nL&#8217;abbiamo usato per le pi\u00f9 grandi aziende del mondo.<br \/>\nHanno un backend tecnico pi\u00f9 forte rispetto a qualsiasi altra societ\u00e0 che fa classifiche.<br \/>\nDi conseguenza \u00e8 pi\u00f9 preciso.<br \/>\nIl team \u00e8 disponibile e cordiale e ti guider\u00e0 attraverso tutto ci\u00f2 di cui hai bisogno.<\/p>\n<p><strong>Inconvenienti<\/strong>: non ho un minimo. Nel corso degli anni hanno reso tutto cos\u00ec buono da renderlo perfetto. Non sto scherzando.<\/p>\n<h4>Steve G. &#8220;Tracciamento affidabile della posizione&#8221;<\/h4>\n<p><strong>Vantaggi<\/strong>: \u00e8 facile impostare campagne e ottenere numeri di tracciamento giornalieri. Il supporto fa un buon lavoro per tornare con te.<\/p>\n<p><strong>Inconvenienti<\/strong>: il tracciamento del ranking riguarda tutto ci\u00f2 che otterrai e ha un costo piuttosto elevato rispetto ad altre soluzioni.<\/p>\n<p>&nbsp;<\/p>\n","protected":false},"excerpt":{"rendered":"<p>AuthorityLabs \u00e8 un potente strumento di monitoraggio SEO basato sul web che ha un&#8217;interfaccia intuitiva che lo rende super facile da usare. La piattaforma \u00e8 progettata per essere veloce e precisa nel monitoraggio della concorrenza, nel reporting delle parole chiave in white label, nel monitoraggio locale e globale per vari motori di ricerca, nell&#8217;esportazione dei report e nell&#8217;integrazione di Google AdWords.\u00a0<\/p>\n","protected":false},"author":19,"featured_media":19861,"parent":8849,"menu_order":0,"comment_status":"open","ping_status":"closed","template":"g1_template_page_review_new.php","meta":{"_acf_changed":false,"cwp_meta_box_check":"Yes","cwp_rev_product_name":"","cwp_rev_product_image":"","wppr_links":[],"cwp_rev_price":"","wppr_options":[],"wppr_pros":[],"wppr_cons":[],"_monsterinsights_skip_tracking":false,"_monsterinsights_sitenote_active":false,"_monsterinsights_sitenote_note":"","_monsterinsights_sitenote_category":0,"footnotes":""},"categories":[175],"tags":[1444,1421,1420,1417,1419],"features":[],"class_list":{"0":"post-19859","1":"page","2":"type-page","3":"status-publish","4":"has-post-thumbnail","6":"category-strumenti-seo-categoria","7":"tag-authoritylabs","8":"tag-programma-seo","9":"tag-software-seo","10":"tag-soluzione-seo","11":"tag-strumento-seo"},"wppr_data":{"cwp_meta_box_check":"Yes","cwp_rev_product_name":"","cwp_rev_product_image":"","cwp_image_link":"image","cwp_rev_price":"","wppr_rating":"0.00"},"acf":[],"yoast_head":"<!-- This site is optimized with the Yoast SEO plugin v27.4 - https:\/\/yoast.com\/product\/yoast-seo-wordpress\/ -->\n<title>AuthorityLabs: recensione software SEO - Accurate Reviews<\/title>\n<meta name=\"description\" content=\"AuthorityLabs: recensione strumento di monitoraggio SEO basato sul web con ha un&#039;interfaccia intuitiva che lo rende facile da usare.\" \/>\n<meta name=\"robots\" content=\"index, follow, max-snippet:-1, max-image-preview:large, max-video-preview:-1\" \/>\n<link rel=\"canonical\" href=\"https:\/\/www.accuratereviews.com\/it\/strumenti-seo-lista-software\/authoritylabs-recensione\/\" \/>\n<meta property=\"og:locale\" content=\"it_IT\" \/>\n<meta property=\"og:type\" content=\"article\" \/>\n<meta property=\"og:title\" content=\"AuthorityLabs: recensione software SEO - Accurate Reviews\" \/>\n<meta property=\"og:description\" content=\"AuthorityLabs: recensione strumento di monitoraggio SEO basato sul web con ha un&#039;interfaccia intuitiva che lo rende facile da usare.\" \/>\n<meta property=\"og:url\" content=\"https:\/\/www.accuratereviews.com\/it\/strumenti-seo-lista-software\/authoritylabs-recensione\/\" \/>\n<meta property=\"og:site_name\" content=\"Accurate Reviews\" \/>\n<meta property=\"article:modified_time\" content=\"2021-11-10T14:47:32+00:00\" \/>\n<meta property=\"og:image\" content=\"https:\/\/www.accuratereviews.com\/wp-content\/uploads\/2019\/11\/authoritylabs-logo-1-1024x271.png\" \/>\n\t<meta property=\"og:image:width\" content=\"1024\" \/>\n\t<meta property=\"og:image:height\" content=\"271\" \/>\n\t<meta property=\"og:image:type\" content=\"image\/png\" \/>\n<meta name=\"twitter:card\" content=\"summary_large_image\" \/>\n<meta name=\"twitter:label1\" content=\"Tempo di lettura stimato\" \/>\n\t<meta name=\"twitter:data1\" content=\"5 minuti\" \/>\n<script type=\"application\/ld+json\" class=\"yoast-schema-graph\">{\"@context\":\"https:\\\/\\\/schema.org\",\"@graph\":[{\"@type\":\"WebPage\",\"@id\":\"https:\\\/\\\/www.accuratereviews.com\\\/it\\\/strumenti-seo-lista-software\\\/authoritylabs-recensione\\\/\",\"url\":\"https:\\\/\\\/www.accuratereviews.com\\\/it\\\/strumenti-seo-lista-software\\\/authoritylabs-recensione\\\/\",\"name\":\"AuthorityLabs: recensione software SEO - Accurate Reviews\",\"isPartOf\":{\"@id\":\"https:\\\/\\\/www.accuratereviews.com\\\/it\\\/#website\"},\"primaryImageOfPage\":{\"@id\":\"https:\\\/\\\/www.accuratereviews.com\\\/it\\\/strumenti-seo-lista-software\\\/authoritylabs-recensione\\\/#primaryimage\"},\"image\":{\"@id\":\"https:\\\/\\\/www.accuratereviews.com\\\/it\\\/strumenti-seo-lista-software\\\/authoritylabs-recensione\\\/#primaryimage\"},\"thumbnailUrl\":\"https:\\\/\\\/www.accuratereviews.com\\\/wp-content\\\/uploads\\\/2019\\\/11\\\/authoritylabs-logo-1-1024x271.png\",\"datePublished\":\"2019-11-06T15:51:57+00:00\",\"dateModified\":\"2021-11-10T14:47:32+00:00\",\"description\":\"AuthorityLabs: recensione strumento di monitoraggio SEO basato sul web con ha un'interfaccia intuitiva che lo rende facile da usare.\",\"breadcrumb\":{\"@id\":\"https:\\\/\\\/www.accuratereviews.com\\\/it\\\/strumenti-seo-lista-software\\\/authoritylabs-recensione\\\/#breadcrumb\"},\"inLanguage\":\"it-IT\",\"potentialAction\":[{\"@type\":\"ReadAction\",\"target\":[\"https:\\\/\\\/www.accuratereviews.com\\\/it\\\/strumenti-seo-lista-software\\\/authoritylabs-recensione\\\/\"]}]},{\"@type\":\"ImageObject\",\"inLanguage\":\"it-IT\",\"@id\":\"https:\\\/\\\/www.accuratereviews.com\\\/it\\\/strumenti-seo-lista-software\\\/authoritylabs-recensione\\\/#primaryimage\",\"url\":\"https:\\\/\\\/www.accuratereviews.com\\\/wp-content\\\/uploads\\\/2019\\\/11\\\/authoritylabs-logo-1-1024x271.png\",\"contentUrl\":\"https:\\\/\\\/www.accuratereviews.com\\\/wp-content\\\/uploads\\\/2019\\\/11\\\/authoritylabs-logo-1-1024x271.png\",\"width\":1024,\"height\":271},{\"@type\":\"BreadcrumbList\",\"@id\":\"https:\\\/\\\/www.accuratereviews.com\\\/it\\\/strumenti-seo-lista-software\\\/authoritylabs-recensione\\\/#breadcrumb\",\"itemListElement\":[{\"@type\":\"ListItem\",\"position\":1,\"name\":\"Home\",\"item\":\"https:\\\/\\\/www.accuratereviews.com\\\/it\\\/\"},{\"@type\":\"ListItem\",\"position\":2,\"name\":\"Strumenti SEO\",\"item\":\"https:\\\/\\\/www.accuratereviews.com\\\/it\\\/strumenti-seo-lista-software\\\/\"},{\"@type\":\"ListItem\",\"position\":3,\"name\":\"AuthorityLabs\"}]},{\"@type\":\"WebSite\",\"@id\":\"https:\\\/\\\/www.accuratereviews.com\\\/it\\\/#website\",\"url\":\"https:\\\/\\\/www.accuratereviews.com\\\/it\\\/\",\"name\":\"Accurate Reviews\",\"description\":\"\",\"potentialAction\":[{\"@type\":\"SearchAction\",\"target\":{\"@type\":\"EntryPoint\",\"urlTemplate\":\"https:\\\/\\\/www.accuratereviews.com\\\/it\\\/?s={search_term_string}\"},\"query-input\":{\"@type\":\"PropertyValueSpecification\",\"valueRequired\":true,\"valueName\":\"search_term_string\"}}],\"inLanguage\":\"it-IT\"}]}<\/script>\n<!-- \/ Yoast SEO plugin. -->","yoast_head_json":{"title":"AuthorityLabs: recensione software SEO - Accurate Reviews","description":"AuthorityLabs: recensione strumento di monitoraggio SEO basato sul web con ha un'interfaccia intuitiva che lo rende facile da usare.","robots":{"index":"index","follow":"follow","max-snippet":"max-snippet:-1","max-image-preview":"max-image-preview:large","max-video-preview":"max-video-preview:-1"},"canonical":"https:\/\/www.accuratereviews.com\/it\/strumenti-seo-lista-software\/authoritylabs-recensione\/","og_locale":"it_IT","og_type":"article","og_title":"AuthorityLabs: recensione software SEO - Accurate Reviews","og_description":"AuthorityLabs: recensione strumento di monitoraggio SEO basato sul web con ha un'interfaccia intuitiva che lo rende facile da usare.","og_url":"https:\/\/www.accuratereviews.com\/it\/strumenti-seo-lista-software\/authoritylabs-recensione\/","og_site_name":"Accurate Reviews","article_modified_time":"2021-11-10T14:47:32+00:00","og_image":[{"width":1024,"height":271,"url":"https:\/\/www.accuratereviews.com\/wp-content\/uploads\/2019\/11\/authoritylabs-logo-1-1024x271.png","type":"image\/png"}],"twitter_card":"summary_large_image","twitter_misc":{"Tempo di lettura stimato":"5 minuti"},"schema":{"@context":"https:\/\/schema.org","@graph":[{"@type":"WebPage","@id":"https:\/\/www.accuratereviews.com\/it\/strumenti-seo-lista-software\/authoritylabs-recensione\/","url":"https:\/\/www.accuratereviews.com\/it\/strumenti-seo-lista-software\/authoritylabs-recensione\/","name":"AuthorityLabs: recensione software SEO - Accurate Reviews","isPartOf":{"@id":"https:\/\/www.accuratereviews.com\/it\/#website"},"primaryImageOfPage":{"@id":"https:\/\/www.accuratereviews.com\/it\/strumenti-seo-lista-software\/authoritylabs-recensione\/#primaryimage"},"image":{"@id":"https:\/\/www.accuratereviews.com\/it\/strumenti-seo-lista-software\/authoritylabs-recensione\/#primaryimage"},"thumbnailUrl":"https:\/\/www.accuratereviews.com\/wp-content\/uploads\/2019\/11\/authoritylabs-logo-1-1024x271.png","datePublished":"2019-11-06T15:51:57+00:00","dateModified":"2021-11-10T14:47:32+00:00","description":"AuthorityLabs: recensione strumento di monitoraggio SEO basato sul web con ha un'interfaccia intuitiva che lo rende facile da usare.","breadcrumb":{"@id":"https:\/\/www.accuratereviews.com\/it\/strumenti-seo-lista-software\/authoritylabs-recensione\/#breadcrumb"},"inLanguage":"it-IT","potentialAction":[{"@type":"ReadAction","target":["https:\/\/www.accuratereviews.com\/it\/strumenti-seo-lista-software\/authoritylabs-recensione\/"]}]},{"@type":"ImageObject","inLanguage":"it-IT","@id":"https:\/\/www.accuratereviews.com\/it\/strumenti-seo-lista-software\/authoritylabs-recensione\/#primaryimage","url":"https:\/\/www.accuratereviews.com\/wp-content\/uploads\/2019\/11\/authoritylabs-logo-1-1024x271.png","contentUrl":"https:\/\/www.accuratereviews.com\/wp-content\/uploads\/2019\/11\/authoritylabs-logo-1-1024x271.png","width":1024,"height":271},{"@type":"BreadcrumbList","@id":"https:\/\/www.accuratereviews.com\/it\/strumenti-seo-lista-software\/authoritylabs-recensione\/#breadcrumb","itemListElement":[{"@type":"ListItem","position":1,"name":"Home","item":"https:\/\/www.accuratereviews.com\/it\/"},{"@type":"ListItem","position":2,"name":"Strumenti SEO","item":"https:\/\/www.accuratereviews.com\/it\/strumenti-seo-lista-software\/"},{"@type":"ListItem","position":3,"name":"AuthorityLabs"}]},{"@type":"WebSite","@id":"https:\/\/www.accuratereviews.com\/it\/#website","url":"https:\/\/www.accuratereviews.com\/it\/","name":"Accurate Reviews","description":"","potentialAction":[{"@type":"SearchAction","target":{"@type":"EntryPoint","urlTemplate":"https:\/\/www.accuratereviews.com\/it\/?s={search_term_string}"},"query-input":{"@type":"PropertyValueSpecification","valueRequired":true,"valueName":"search_term_string"}}],"inLanguage":"it-IT"}]}},"_links":{"self":[{"href":"https:\/\/www.accuratereviews.com\/it\/wp-json\/wp\/v2\/pages\/19859","targetHints":{"allow":["GET"]}}],"collection":[{"href":"https:\/\/www.accuratereviews.com\/it\/wp-json\/wp\/v2\/pages"}],"about":[{"href":"https:\/\/www.accuratereviews.com\/it\/wp-json\/wp\/v2\/types\/page"}],"author":[{"embeddable":true,"href":"https:\/\/www.accuratereviews.com\/it\/wp-json\/wp\/v2\/users\/19"}],"replies":[{"embeddable":true,"href":"https:\/\/www.accuratereviews.com\/it\/wp-json\/wp\/v2\/comments?post=19859"}],"version-history":[{"count":8,"href":"https:\/\/www.accuratereviews.com\/it\/wp-json\/wp\/v2\/pages\/19859\/revisions"}],"predecessor-version":[{"id":49761,"href":"https:\/\/www.accuratereviews.com\/it\/wp-json\/wp\/v2\/pages\/19859\/revisions\/49761"}],"up":[{"embeddable":true,"href":"https:\/\/www.accuratereviews.com\/it\/wp-json\/wp\/v2\/pages\/8849"}],"wp:featuredmedia":[{"embeddable":true,"href":"https:\/\/www.accuratereviews.com\/it\/wp-json\/wp\/v2\/media\/19861"}],"wp:attachment":[{"href":"https:\/\/www.accuratereviews.com\/it\/wp-json\/wp\/v2\/media?parent=19859"}],"wp:term":[{"taxonomy":"category","embeddable":true,"href":"https:\/\/www.accuratereviews.com\/it\/wp-json\/wp\/v2\/categories?post=19859"},{"taxonomy":"post_tag","embeddable":true,"href":"https:\/\/www.accuratereviews.com\/it\/wp-json\/wp\/v2\/tags?post=19859"},{"taxonomy":"features","embeddable":true,"href":"https:\/\/www.accuratereviews.com\/it\/wp-json\/wp\/v2\/features?post=19859"}],"curies":[{"name":"wp","href":"https:\/\/api.w.org\/{rel}","templated":true}]}}