{"id":19884,"date":"2019-11-07T14:39:09","date_gmt":"2019-11-07T14:39:09","guid":{"rendered":"https:\/\/www.accuratereviews.com\/?page_id=19884"},"modified":"2021-11-11T17:21:41","modified_gmt":"2021-11-11T17:21:41","slug":"website-rocket-recensione","status":"publish","type":"page","link":"https:\/\/www.accuratereviews.com\/it\/strumenti-seo-lista-software\/website-rocket-recensione\/","title":{"rendered":"Website Rocket"},"content":{"rendered":"<p><strong>Website Rocket<\/strong>\u00a0\u00e8 un <strong>software SEO<\/strong>\u00a0creato per aiutare le piccole imprese a connettersi con i loro clienti online o potenziali, aumentare la loro presenza sul web e sfruttare il potere dei social media per promuovere con successo la propria attivit\u00e0.\u00a0Questa piattaforma propone agli utenti cosa pubblicare sui loro canali di social media, inclusi Facebook, Twitter, YouTube e Pinterest. Fornisce inoltre agli utenti istruzioni dettagliate per ottenere e gestire la completa ottimizzazione dei loro siti, consentendo loro di creare e mantenere una presenza significativa e il massimo posizionamento nei risultati dei motori di ricerca.<\/p>\n<h2>WEBSITE ROCKET &#8211; TUTORIAL<\/h2>\n<p>Guardiamo insieme il video tutorial su questo <strong>software SEO<\/strong>:<\/p>\n<div id=\"fluid-wrapper-counter-1\" class=\"g1-fluid-wrapper \" style=\"width:686px;\">\n<div style=\"padding-bottom:56.268221574344%;\"><iframe loading=\"lazy\" title=\"Website Rocket  - Do Your Own Website Promotion\" src=\"https:\/\/player.vimeo.com\/video\/122158226?dnt=1&amp;app_id=122963?title=0&amp;byline=0&amp;portrait=0\" width=\"686\" height=\"386\" frameborder=\"0\" allow=\"autoplay; fullscreen\" allowfullscreen><\/iframe><\/div>\n<\/div>\n<p>&nbsp;<\/p>\n<h3>WEBSITE ROCKET &#8211; CARATTERISTICHE<\/h3>\n<ul>\n<li><strong>Ricerca di parole chiave<\/strong>: scegliere le parole chiave giuste pu\u00f2 creare o distruggere la tua campagna SEO. Si tratta di trovare il pubblico di destinazione giusto per il tuo sito web. Il tipo di pubblico si pu\u00f2 trasformare in clienti<\/li>\n<li><strong>Servizi pagina SEO Expert<\/strong>: se i motori di ricerca, come Google, non sanno di cosa tratta il tuo sito, non possono indicizzarlo correttamente nei risultati di ricerca. Gli esperti SEO \u00a0includono i servizi di ricerca di parole chiave. Ci\u00f2 significa che il tuo esperto si consulter\u00e0 con te su quali sono le migliori parole chiave da indirizzare<\/li>\n<li><strong>Natural Link:<\/strong> la creazione di collegamenti pu\u00f2 essere un concetto spaventoso per molti. Ecco perch\u00e9 il software segue una scrupolosa procedura per garantire che i link che ottieni siano totalmente naturali e abbiano un potente effetto positivo nei risultati di ricerca<\/li>\n<li><strong>Content Marketing<\/strong>: al giorno d&#8217;oggi l&#8217;ottimizzazione dei motori di ricerca, una buona strategia di marketing dei contenuti \u00e8 la chiave per avere un&#8217;esplosione di traffico SEO gratuito. Il programma analizzer\u00e0\u00a0il tuo settore e svilupper\u00e0 un piano di marketing di contenuti che avr\u00e0 come target centinaia di frasi chiave che non solo indirizzeranno il traffico al tuo sito, ma porteranno anche un elevato traffico di conversione.<\/li>\n<\/ul>\n<h4>LE RECENSIONI DEGLI UTENTI<\/h4>\n<p><strong>Russ S. &#8220;Molto conveniente e facile da usare&#8221;<\/strong><\/p>\n<p><strong>Commenti<\/strong>: Website Rocket \u00e8 davvero abbastanza facile da usare. Le attivit\u00e0 SEO sono davvero di base, ma ho sicuramente visto i vantaggi dell&#8217;implementazione.<\/p>\n<p><strong>Vantaggi<\/strong>: Quello che mi piace di pi\u00f9 di Website\u00a0Rocket \u00e8 il successo che ho avuto! Non conosco molto sul SEO, ma so che la mia attivit\u00e0 \u00e8 al primo posto nella mia area per le mie parole chiave principali e lo devo a questo fantastico software SEO fai-da-te. Un&#8217;altra cosa che mi piace molto Website \u00a0Rocket \u00e8 il prezzo! Non sono il tipo che vuole spendere un sacco di soldi. S\u00ec, lo so, spendere soldi per la mia attivit\u00e0 \u00e8 necessario per la crescita, ma questo non lo rende pi\u00f9 facile. Mi piace il fatto che\u00a0Website Rocket costi meno di $ 20 dollari per ragazzi come me che non vogliono spendere centinaia di dollari al mese.<\/p>\n<p><strong>Inconvenienti<\/strong>: non riesco davvero a pensare a qualcosa di negativo da dire su questo strumento. Fa quello che dice di fare.<\/p>\n<p><strong>Mike H. &#8220;SEO per principianti&#8221;<\/strong><\/p>\n<p><strong>Commenti:<\/strong> Questo software \u00e8 perfetto per chiunque sia disposto a fare il lavoro da solo, ma non sa cosa fare.<\/p>\n<p><strong>Vantaggi<\/strong>: istruzioni dettagliate per qualsiasi attivit\u00e0 relativa al SEO.<\/p>\n<p><strong>Inconvenienti<\/strong>: vorrei che le classifiche di Google si aggiornassero un po &#8216;pi\u00f9 velocemente.<\/p>\n<p><strong>Jill T. &#8220;Strumento SEO accessibile per piccole imprese&#8221;<\/strong><\/p>\n<p><strong>Vantaggi<\/strong>: gli strumenti sono semplici da usare per le strategie SEO di base. Il prezzo \u00e8 buono anche per qualcuno che ha appena iniziato per meno di $ 20 al mese.<\/p>\n<p><strong>Inconvenienti<\/strong>: Niente a cui riesco a pensare in questo momento. Prima di implementare SEO sul tuo sito, assicurati di cercare prima le basi. Questo software ti aiuta a implementare, ma se non sai nulla di SEO, potrebbe non migliorare il tuo business.<\/p>\n<p>&nbsp;<\/p>\n","protected":false},"excerpt":{"rendered":"<p>Website Rocket\u00a0\u00e8 un software SEO locale creato per aiutare le piccole imprese a connettersi con i loro clienti online o potenziali, aumentare la loro presenza sul web e sfruttare il potere dei social media per promuovere con successo la propria attivit\u00e0.\u00a0Questa piattaforma propone agli utenti cosa pubblicare sui loro canali di social media, inclusi Facebook, Twitter, YouTube e Pinterest.<\/p>\n","protected":false},"author":19,"featured_media":19919,"parent":8849,"menu_order":0,"comment_status":"open","ping_status":"closed","template":"g1_template_page_review_new.php","meta":{"_acf_changed":false,"cwp_meta_box_check":"Yes","cwp_rev_product_name":"","cwp_rev_product_image":"","wppr_links":[],"cwp_rev_price":"","wppr_options":[],"wppr_pros":[],"wppr_cons":[],"_monsterinsights_skip_tracking":false,"_monsterinsights_sitenote_active":false,"_monsterinsights_sitenote_note":"","_monsterinsights_sitenote_category":0,"footnotes":""},"categories":[175],"tags":[1450,1421,1420,1417,1449],"features":[],"class_list":{"0":"post-19884","1":"page","2":"type-page","3":"status-publish","4":"has-post-thumbnail","6":"category-strumenti-seo-categoria","7":"tag-campagne-marketing","8":"tag-programma-seo","9":"tag-software-seo","10":"tag-soluzione-seo","11":"tag-website-rocket"},"wppr_data":{"cwp_meta_box_check":"Yes","cwp_rev_product_name":"","cwp_rev_product_image":"","cwp_image_link":"image","cwp_rev_price":"","wppr_rating":"0.00"},"acf":[],"yoast_head":"<!-- This site is optimized with the Yoast SEO plugin v27.4 - https:\/\/yoast.com\/product\/yoast-seo-wordpress\/ -->\n<title>Website Rocket: recensione software SEO - Accurate Reviews<\/title>\n<meta name=\"description\" content=\"Website Rocket: recensione\u00a0software SEO creato per aiutare le imprese a connettersi con i loro clienti online o potenziali, per promuovere l&#039;attivit\u00e0.\" \/>\n<meta name=\"robots\" content=\"index, follow, max-snippet:-1, max-image-preview:large, max-video-preview:-1\" \/>\n<link rel=\"canonical\" href=\"https:\/\/www.accuratereviews.com\/it\/strumenti-seo-lista-software\/website-rocket-recensione\/\" \/>\n<meta property=\"og:locale\" content=\"it_IT\" \/>\n<meta property=\"og:type\" content=\"article\" \/>\n<meta property=\"og:title\" content=\"Website Rocket: recensione software SEO - Accurate Reviews\" \/>\n<meta property=\"og:description\" content=\"Website Rocket: recensione\u00a0software SEO creato per aiutare le imprese a connettersi con i loro clienti online o potenziali, per promuovere l&#039;attivit\u00e0.\" \/>\n<meta property=\"og:url\" content=\"https:\/\/www.accuratereviews.com\/it\/strumenti-seo-lista-software\/website-rocket-recensione\/\" \/>\n<meta property=\"og:site_name\" content=\"Accurate Reviews\" \/>\n<meta property=\"article:modified_time\" content=\"2021-11-11T17:21:41+00:00\" \/>\n<meta property=\"og:image\" content=\"https:\/\/www.accuratereviews.com\/wp-content\/uploads\/2019\/11\/Schermata-2019-11-07-alle-12.18.01.png\" \/>\n\t<meta property=\"og:image:width\" content=\"1092\" \/>\n\t<meta property=\"og:image:height\" content=\"204\" \/>\n\t<meta property=\"og:image:type\" content=\"image\/png\" \/>\n<meta name=\"twitter:card\" content=\"summary_large_image\" \/>\n<meta name=\"twitter:label1\" content=\"Tempo di lettura stimato\" \/>\n\t<meta name=\"twitter:data1\" content=\"3 minuti\" \/>\n<script type=\"application\/ld+json\" class=\"yoast-schema-graph\">{\"@context\":\"https:\\\/\\\/schema.org\",\"@graph\":[{\"@type\":\"WebPage\",\"@id\":\"https:\\\/\\\/www.accuratereviews.com\\\/it\\\/strumenti-seo-lista-software\\\/website-rocket-recensione\\\/\",\"url\":\"https:\\\/\\\/www.accuratereviews.com\\\/it\\\/strumenti-seo-lista-software\\\/website-rocket-recensione\\\/\",\"name\":\"Website Rocket: recensione software SEO - Accurate Reviews\",\"isPartOf\":{\"@id\":\"https:\\\/\\\/www.accuratereviews.com\\\/it\\\/#website\"},\"primaryImageOfPage\":{\"@id\":\"https:\\\/\\\/www.accuratereviews.com\\\/it\\\/strumenti-seo-lista-software\\\/website-rocket-recensione\\\/#primaryimage\"},\"image\":{\"@id\":\"https:\\\/\\\/www.accuratereviews.com\\\/it\\\/strumenti-seo-lista-software\\\/website-rocket-recensione\\\/#primaryimage\"},\"thumbnailUrl\":\"https:\\\/\\\/www.accuratereviews.com\\\/wp-content\\\/uploads\\\/2019\\\/11\\\/Schermata-2019-11-07-alle-12.18.01.png\",\"datePublished\":\"2019-11-07T14:39:09+00:00\",\"dateModified\":\"2021-11-11T17:21:41+00:00\",\"description\":\"Website Rocket: recensione\u00a0software SEO creato per aiutare le imprese a connettersi con i loro clienti online o potenziali, per promuovere l'attivit\u00e0.\",\"breadcrumb\":{\"@id\":\"https:\\\/\\\/www.accuratereviews.com\\\/it\\\/strumenti-seo-lista-software\\\/website-rocket-recensione\\\/#breadcrumb\"},\"inLanguage\":\"it-IT\",\"potentialAction\":[{\"@type\":\"ReadAction\",\"target\":[\"https:\\\/\\\/www.accuratereviews.com\\\/it\\\/strumenti-seo-lista-software\\\/website-rocket-recensione\\\/\"]}]},{\"@type\":\"ImageObject\",\"inLanguage\":\"it-IT\",\"@id\":\"https:\\\/\\\/www.accuratereviews.com\\\/it\\\/strumenti-seo-lista-software\\\/website-rocket-recensione\\\/#primaryimage\",\"url\":\"https:\\\/\\\/www.accuratereviews.com\\\/wp-content\\\/uploads\\\/2019\\\/11\\\/Schermata-2019-11-07-alle-12.18.01.png\",\"contentUrl\":\"https:\\\/\\\/www.accuratereviews.com\\\/wp-content\\\/uploads\\\/2019\\\/11\\\/Schermata-2019-11-07-alle-12.18.01.png\",\"width\":1092,\"height\":204},{\"@type\":\"BreadcrumbList\",\"@id\":\"https:\\\/\\\/www.accuratereviews.com\\\/it\\\/strumenti-seo-lista-software\\\/website-rocket-recensione\\\/#breadcrumb\",\"itemListElement\":[{\"@type\":\"ListItem\",\"position\":1,\"name\":\"Home\",\"item\":\"https:\\\/\\\/www.accuratereviews.com\\\/it\\\/\"},{\"@type\":\"ListItem\",\"position\":2,\"name\":\"Strumenti SEO\",\"item\":\"https:\\\/\\\/www.accuratereviews.com\\\/it\\\/strumenti-seo-lista-software\\\/\"},{\"@type\":\"ListItem\",\"position\":3,\"name\":\"Website Rocket\"}]},{\"@type\":\"WebSite\",\"@id\":\"https:\\\/\\\/www.accuratereviews.com\\\/it\\\/#website\",\"url\":\"https:\\\/\\\/www.accuratereviews.com\\\/it\\\/\",\"name\":\"Accurate Reviews\",\"description\":\"\",\"potentialAction\":[{\"@type\":\"SearchAction\",\"target\":{\"@type\":\"EntryPoint\",\"urlTemplate\":\"https:\\\/\\\/www.accuratereviews.com\\\/it\\\/?s={search_term_string}\"},\"query-input\":{\"@type\":\"PropertyValueSpecification\",\"valueRequired\":true,\"valueName\":\"search_term_string\"}}],\"inLanguage\":\"it-IT\"}]}<\/script>\n<!-- \/ Yoast SEO plugin. -->","yoast_head_json":{"title":"Website Rocket: recensione software SEO - Accurate Reviews","description":"Website Rocket: recensione\u00a0software SEO creato per aiutare le imprese a connettersi con i loro clienti online o potenziali, per promuovere l'attivit\u00e0.","robots":{"index":"index","follow":"follow","max-snippet":"max-snippet:-1","max-image-preview":"max-image-preview:large","max-video-preview":"max-video-preview:-1"},"canonical":"https:\/\/www.accuratereviews.com\/it\/strumenti-seo-lista-software\/website-rocket-recensione\/","og_locale":"it_IT","og_type":"article","og_title":"Website Rocket: recensione software SEO - Accurate Reviews","og_description":"Website Rocket: recensione\u00a0software SEO creato per aiutare le imprese a connettersi con i loro clienti online o potenziali, per promuovere l'attivit\u00e0.","og_url":"https:\/\/www.accuratereviews.com\/it\/strumenti-seo-lista-software\/website-rocket-recensione\/","og_site_name":"Accurate Reviews","article_modified_time":"2021-11-11T17:21:41+00:00","og_image":[{"width":1092,"height":204,"url":"https:\/\/www.accuratereviews.com\/wp-content\/uploads\/2019\/11\/Schermata-2019-11-07-alle-12.18.01.png","type":"image\/png"}],"twitter_card":"summary_large_image","twitter_misc":{"Tempo di lettura stimato":"3 minuti"},"schema":{"@context":"https:\/\/schema.org","@graph":[{"@type":"WebPage","@id":"https:\/\/www.accuratereviews.com\/it\/strumenti-seo-lista-software\/website-rocket-recensione\/","url":"https:\/\/www.accuratereviews.com\/it\/strumenti-seo-lista-software\/website-rocket-recensione\/","name":"Website Rocket: recensione software SEO - Accurate Reviews","isPartOf":{"@id":"https:\/\/www.accuratereviews.com\/it\/#website"},"primaryImageOfPage":{"@id":"https:\/\/www.accuratereviews.com\/it\/strumenti-seo-lista-software\/website-rocket-recensione\/#primaryimage"},"image":{"@id":"https:\/\/www.accuratereviews.com\/it\/strumenti-seo-lista-software\/website-rocket-recensione\/#primaryimage"},"thumbnailUrl":"https:\/\/www.accuratereviews.com\/wp-content\/uploads\/2019\/11\/Schermata-2019-11-07-alle-12.18.01.png","datePublished":"2019-11-07T14:39:09+00:00","dateModified":"2021-11-11T17:21:41+00:00","description":"Website Rocket: recensione\u00a0software SEO creato per aiutare le imprese a connettersi con i loro clienti online o potenziali, per promuovere l'attivit\u00e0.","breadcrumb":{"@id":"https:\/\/www.accuratereviews.com\/it\/strumenti-seo-lista-software\/website-rocket-recensione\/#breadcrumb"},"inLanguage":"it-IT","potentialAction":[{"@type":"ReadAction","target":["https:\/\/www.accuratereviews.com\/it\/strumenti-seo-lista-software\/website-rocket-recensione\/"]}]},{"@type":"ImageObject","inLanguage":"it-IT","@id":"https:\/\/www.accuratereviews.com\/it\/strumenti-seo-lista-software\/website-rocket-recensione\/#primaryimage","url":"https:\/\/www.accuratereviews.com\/wp-content\/uploads\/2019\/11\/Schermata-2019-11-07-alle-12.18.01.png","contentUrl":"https:\/\/www.accuratereviews.com\/wp-content\/uploads\/2019\/11\/Schermata-2019-11-07-alle-12.18.01.png","width":1092,"height":204},{"@type":"BreadcrumbList","@id":"https:\/\/www.accuratereviews.com\/it\/strumenti-seo-lista-software\/website-rocket-recensione\/#breadcrumb","itemListElement":[{"@type":"ListItem","position":1,"name":"Home","item":"https:\/\/www.accuratereviews.com\/it\/"},{"@type":"ListItem","position":2,"name":"Strumenti SEO","item":"https:\/\/www.accuratereviews.com\/it\/strumenti-seo-lista-software\/"},{"@type":"ListItem","position":3,"name":"Website Rocket"}]},{"@type":"WebSite","@id":"https:\/\/www.accuratereviews.com\/it\/#website","url":"https:\/\/www.accuratereviews.com\/it\/","name":"Accurate Reviews","description":"","potentialAction":[{"@type":"SearchAction","target":{"@type":"EntryPoint","urlTemplate":"https:\/\/www.accuratereviews.com\/it\/?s={search_term_string}"},"query-input":{"@type":"PropertyValueSpecification","valueRequired":true,"valueName":"search_term_string"}}],"inLanguage":"it-IT"}]}},"_links":{"self":[{"href":"https:\/\/www.accuratereviews.com\/it\/wp-json\/wp\/v2\/pages\/19884","targetHints":{"allow":["GET"]}}],"collection":[{"href":"https:\/\/www.accuratereviews.com\/it\/wp-json\/wp\/v2\/pages"}],"about":[{"href":"https:\/\/www.accuratereviews.com\/it\/wp-json\/wp\/v2\/types\/page"}],"author":[{"embeddable":true,"href":"https:\/\/www.accuratereviews.com\/it\/wp-json\/wp\/v2\/users\/19"}],"replies":[{"embeddable":true,"href":"https:\/\/www.accuratereviews.com\/it\/wp-json\/wp\/v2\/comments?post=19884"}],"version-history":[{"count":12,"href":"https:\/\/www.accuratereviews.com\/it\/wp-json\/wp\/v2\/pages\/19884\/revisions"}],"predecessor-version":[{"id":49877,"href":"https:\/\/www.accuratereviews.com\/it\/wp-json\/wp\/v2\/pages\/19884\/revisions\/49877"}],"up":[{"embeddable":true,"href":"https:\/\/www.accuratereviews.com\/it\/wp-json\/wp\/v2\/pages\/8849"}],"wp:featuredmedia":[{"embeddable":true,"href":"https:\/\/www.accuratereviews.com\/it\/wp-json\/wp\/v2\/media\/19919"}],"wp:attachment":[{"href":"https:\/\/www.accuratereviews.com\/it\/wp-json\/wp\/v2\/media?parent=19884"}],"wp:term":[{"taxonomy":"category","embeddable":true,"href":"https:\/\/www.accuratereviews.com\/it\/wp-json\/wp\/v2\/categories?post=19884"},{"taxonomy":"post_tag","embeddable":true,"href":"https:\/\/www.accuratereviews.com\/it\/wp-json\/wp\/v2\/tags?post=19884"},{"taxonomy":"features","embeddable":true,"href":"https:\/\/www.accuratereviews.com\/it\/wp-json\/wp\/v2\/features?post=19884"}],"curies":[{"name":"wp","href":"https:\/\/api.w.org\/{rel}","templated":true}]}}