{"id":19891,"date":"2019-11-07T14:39:20","date_gmt":"2019-11-07T14:39:20","guid":{"rendered":"https:\/\/www.accuratereviews.com\/?page_id=19891"},"modified":"2021-11-10T11:08:24","modified_gmt":"2021-11-10T11:08:24","slug":"seomator-recensione","status":"publish","type":"page","link":"https:\/\/www.accuratereviews.com\/it\/strumenti-seo-lista-software\/seomator-recensione\/","title":{"rendered":"SEOmator"},"content":{"rendered":"<p class=\"h2 mb-0\"><strong>SEOmator<\/strong> \u00e8 uno <strong>strumento di audit SEO<\/strong> che ti permette di analizzare il tuo sito web, offrendoti suggerimenti su come ottimizzarlo a livello SEO. Si tratta di un software semplice da usare e davvero funzionale, progettato da <strong>professionisti SEO\/SEM per professionisti SEO\/SEM<\/strong>. Grazie a questa piattaforma, potrai eseguire la scansione del tuo sito e ottenere un report completo che ti indichi la velocit\u00e0 della pagina, i social media, i collegamenti interni, i tag HTML, i backlink, la qualit\u00e0 dei contenuti e molto altro. Grazie a <strong>SEOmator<\/strong> e ai suoi suggerimenti pratici, potrai finalmente migliorare il tuo sito.<\/p>\n<h2>COME FUNZIONA SEOMATOR &#8211; TUTORIAL<\/h2>\n<p>Ecco un video che ci mostra come utilizzare questo programma:<\/p>\n<div id=\"fluid-wrapper-counter-1\" class=\"g1-fluid-wrapper \" style=\"width:686px;\">\n<div style=\"padding-bottom:56.268221574344%;\"><iframe loading=\"lazy\" title=\"Embedded SEO Audit Widget\" width=\"686\" height=\"386\" src=\"https:\/\/www.youtube.com\/embed\/qY6lL3ruE0c?feature=oembed&amp;wmode=transparent&amp;autohide=1&amp;autoplay=0&amp;disablekb=0&amp;fs=1&amp;loop=0&amp;enablejsapi=1&amp;rel=0&amp;controls=2&amp;showinfo=0&amp;wmode=transparent&amp;autohide=2&amp;autoplay=0&amp;disablekb=0&amp;fs=1&amp;loop=0&amp;enablejsapi=1&amp;rel=0&amp;controls=2&amp;showinfo=1\" frameborder=\"0\" allow=\"accelerometer; autoplay; clipboard-write; encrypted-media; gyroscope; picture-in-picture\" allowfullscreen><\/iframe><\/div>\n<\/div>\n<h3>SEOMATOR &#8211; CARATTERISTICHE<\/h3>\n<p>Di seguito le sue principali caratteristiche:<\/p>\n<ul>\n<li><strong>Strumento di audit SEO<\/strong>: esegui la scansione del tuo sito Web e ottieni un report completo basato sulla SEO del tuo sito Web, collegamenti interni, tag HTML, backlink, velocit\u00e0 della pagina, usabilit\u00e0 mobile, statistiche testuali, social media, presenza organica e qualit\u00e0 dei contenuti<\/li>\n<li><strong>Avvisi di monitoraggio SEO<\/strong>: monitora continuamente gli eventuali cambiamenti nella pagina nella vita SEO di un sito web grazie a questo strumento<\/li>\n<li><strong>Report<\/strong>: crea i tuoi report e modifica le impostazioni di personalizzazione, aggiungendo il nome della tua azienda, il logo e le informazioni di contatto per rendere riconoscibile il tuo report con il tuo marchio<\/li>\n<li><strong>Strumento di confronto domini<\/strong>: confronta i siti web di due concorrenti in 10 minuti. Sarai\u00a0 quindi in grado di trovare i lati forti o deboli della SEO del tuo sito web, tra cui un rapido controllo delle metriche dell&#8217;autorit\u00e0 di dominio, una ricerca sulla pagina per presenza di collegamenti interrotti, tag HTML, qualit\u00e0 del contenuto e statistiche di testo.<\/li>\n<\/ul>\n<h3>LE RECENSIONI DEGLI UTENTI<\/h3>\n<ul>\n<li><strong>&#8220;Un ottimo strumento di ottimizzazione SEO a pagina con un prezzo ragionevole&#8221;<\/strong><br \/>\nPRO: Ho usato questo strumento per alcuni dei miei progetti di hobby e sembra promettente. \u00c8 molto facile da usare ed efficace per l&#8217;analisi seo sulla pagina. Penso che questo strumento abbia molte potenzialit\u00e0.<br \/>\nCONTRO: Si possono confrontare altri strumenti seo sul mercato. Ma il rapporto qualit\u00e0-prezzo \u00e8 abbastanza buono.<\/li>\n<li><strong>&#8220;Molte caratteristiche interessanti, copre pi\u00f9 di quanto possa controllare&#8221;<\/strong><br \/>\nIN GENERALE: copre alcune esigenze SEO di base e il suo prezzo \u00e8 davvero accessibile per iniziare con qualsiasi strumento. Funziona ed \u00e8 buono, ma in qualche modo non \u00e8 all&#8217;altezza.<br \/>\nPRO: lo strumento di audit \u00e8 molto completo e consente di identificare i problemi di base della struttura SEO come duplicati e metadati mancanti. Mi piace molto la possibilit\u00e0 di esportare i dati pronti a presentare in documenti PDF<br \/>\nCONTRO: la pagina off non era completamente affidabile; Uso altri strumenti di cui mi fido e mostrano dati diversi in molti aspetti. Penso che sia uno dei casi in cui hanno voluto coprire tutte le aree della SEO ma fallendo.<\/li>\n<li><strong>&#8220;Costantemente offline&#8221;<\/strong><br \/>\nIN GENERALE: ottieni ci\u00f2 per cui paghi, e insieme al prezzo basso arriva un&#8217;azienda che non risponde e non \u00e8 disposta a mantenere il proprio prodotto aggiornato con gli attuali standard di Google. Non ha molto senso fornire ai clienti audit non corretti.<br \/>\nPRO: 1. Widget gratuito che esegue automaticamente audit del sito Web e raccoglie lead per audit pi\u00f9 completi<br \/>\n2. Prezzo basso<br \/>\nCONTRO: 1. Supporto inesistente (la societ\u00e0 non risponde MAI alle e-mail e non risponde al telefono)<br \/>\n2. Funzioni obsolete che utilizzano ancora meta descrizioni quando superavano i 300 caratteri<br \/>\n3. \u00c8 costantemente inattivo e offline, quindi il widget non funziona per met\u00e0 del tempo<\/li>\n<\/ul>\n","protected":false},"excerpt":{"rendered":"<p>SEOmator \u00e8 uno strumento di audit SEO che ti permette di analizzare il tuo sito web, offrendoti suggerimenti su come ottimizzarlo a livello SEO. Si tratta di un software semplice da usare e davvero funzionale, progettato da professionisti SEO\/SEM per professionisti SEO\/SEM.<\/p>\n","protected":false},"author":17,"featured_media":19903,"parent":8849,"menu_order":0,"comment_status":"open","ping_status":"closed","template":"g1_template_page_review_new.php","meta":{"_acf_changed":false,"cwp_meta_box_check":"Yes","cwp_rev_product_name":"","cwp_rev_product_image":"","wppr_links":[],"cwp_rev_price":"","wppr_options":[],"wppr_pros":[],"wppr_cons":[],"_monsterinsights_skip_tracking":false,"_monsterinsights_sitenote_active":false,"_monsterinsights_sitenote_note":"","_monsterinsights_sitenote_category":0,"footnotes":""},"categories":[175],"tags":[1401,901,1398,1447],"features":[],"class_list":{"0":"post-19891","1":"page","2":"type-page","3":"status-publish","4":"has-post-thumbnail","6":"category-strumenti-seo-categoria","7":"tag-analisi-seo","8":"tag-seo","9":"tag-seo-software","10":"tag-seomator"},"wppr_data":{"cwp_meta_box_check":"Yes","cwp_rev_product_name":"","cwp_rev_product_image":"","cwp_image_link":"image","cwp_rev_price":"","wppr_rating":"0.00"},"acf":[],"yoast_head":"<!-- This site is optimized with the Yoast SEO plugin v27.4 - https:\/\/yoast.com\/product\/yoast-seo-wordpress\/ -->\n<title>SEOmator: recensione strumento SEO - Accurate Reviews<\/title>\n<meta name=\"description\" content=\"SEOmator: recensione dello strumento di audit SEO che ti permette di analizzare il tuo sito web, offrendoti suggerimenti su come ottimizzarlo a livello SEO.\" \/>\n<meta name=\"robots\" content=\"index, follow, max-snippet:-1, max-image-preview:large, max-video-preview:-1\" \/>\n<link rel=\"canonical\" href=\"https:\/\/www.accuratereviews.com\/it\/strumenti-seo-lista-software\/seomator-recensione\/\" \/>\n<meta property=\"og:locale\" content=\"it_IT\" \/>\n<meta property=\"og:type\" content=\"article\" \/>\n<meta property=\"og:title\" content=\"SEOmator: recensione strumento SEO - Accurate Reviews\" \/>\n<meta property=\"og:description\" content=\"SEOmator: recensione dello strumento di audit SEO che ti permette di analizzare il tuo sito web, offrendoti suggerimenti su come ottimizzarlo a livello SEO.\" \/>\n<meta property=\"og:url\" content=\"https:\/\/www.accuratereviews.com\/it\/strumenti-seo-lista-software\/seomator-recensione\/\" \/>\n<meta property=\"og:site_name\" content=\"Accurate Reviews\" \/>\n<meta property=\"article:modified_time\" content=\"2021-11-10T11:08:24+00:00\" \/>\n<meta property=\"og:image\" content=\"https:\/\/www.accuratereviews.com\/wp-content\/uploads\/2019\/11\/twitter_back.jpg\" \/>\n\t<meta property=\"og:image:width\" content=\"1499\" \/>\n\t<meta property=\"og:image:height\" content=\"500\" \/>\n\t<meta property=\"og:image:type\" content=\"image\/jpeg\" \/>\n<meta name=\"twitter:card\" content=\"summary_large_image\" \/>\n<meta name=\"twitter:label1\" content=\"Tempo di lettura stimato\" \/>\n\t<meta name=\"twitter:data1\" content=\"3 minuti\" \/>\n<script type=\"application\/ld+json\" class=\"yoast-schema-graph\">{\"@context\":\"https:\\\/\\\/schema.org\",\"@graph\":[{\"@type\":\"WebPage\",\"@id\":\"https:\\\/\\\/www.accuratereviews.com\\\/it\\\/strumenti-seo-lista-software\\\/seomator-recensione\\\/\",\"url\":\"https:\\\/\\\/www.accuratereviews.com\\\/it\\\/strumenti-seo-lista-software\\\/seomator-recensione\\\/\",\"name\":\"SEOmator: recensione strumento SEO - Accurate Reviews\",\"isPartOf\":{\"@id\":\"https:\\\/\\\/www.accuratereviews.com\\\/it\\\/#website\"},\"primaryImageOfPage\":{\"@id\":\"https:\\\/\\\/www.accuratereviews.com\\\/it\\\/strumenti-seo-lista-software\\\/seomator-recensione\\\/#primaryimage\"},\"image\":{\"@id\":\"https:\\\/\\\/www.accuratereviews.com\\\/it\\\/strumenti-seo-lista-software\\\/seomator-recensione\\\/#primaryimage\"},\"thumbnailUrl\":\"https:\\\/\\\/www.accuratereviews.com\\\/wp-content\\\/uploads\\\/2019\\\/11\\\/twitter_back.jpg\",\"datePublished\":\"2019-11-07T14:39:20+00:00\",\"dateModified\":\"2021-11-10T11:08:24+00:00\",\"description\":\"SEOmator: recensione dello strumento di audit SEO che ti permette di analizzare il tuo sito web, offrendoti suggerimenti su come ottimizzarlo a livello SEO.\",\"breadcrumb\":{\"@id\":\"https:\\\/\\\/www.accuratereviews.com\\\/it\\\/strumenti-seo-lista-software\\\/seomator-recensione\\\/#breadcrumb\"},\"inLanguage\":\"it-IT\",\"potentialAction\":[{\"@type\":\"ReadAction\",\"target\":[\"https:\\\/\\\/www.accuratereviews.com\\\/it\\\/strumenti-seo-lista-software\\\/seomator-recensione\\\/\"]}]},{\"@type\":\"ImageObject\",\"inLanguage\":\"it-IT\",\"@id\":\"https:\\\/\\\/www.accuratereviews.com\\\/it\\\/strumenti-seo-lista-software\\\/seomator-recensione\\\/#primaryimage\",\"url\":\"https:\\\/\\\/www.accuratereviews.com\\\/wp-content\\\/uploads\\\/2019\\\/11\\\/twitter_back.jpg\",\"contentUrl\":\"https:\\\/\\\/www.accuratereviews.com\\\/wp-content\\\/uploads\\\/2019\\\/11\\\/twitter_back.jpg\",\"width\":1499,\"height\":500},{\"@type\":\"BreadcrumbList\",\"@id\":\"https:\\\/\\\/www.accuratereviews.com\\\/it\\\/strumenti-seo-lista-software\\\/seomator-recensione\\\/#breadcrumb\",\"itemListElement\":[{\"@type\":\"ListItem\",\"position\":1,\"name\":\"Home\",\"item\":\"https:\\\/\\\/www.accuratereviews.com\\\/it\\\/\"},{\"@type\":\"ListItem\",\"position\":2,\"name\":\"Strumenti SEO\",\"item\":\"https:\\\/\\\/www.accuratereviews.com\\\/it\\\/strumenti-seo-lista-software\\\/\"},{\"@type\":\"ListItem\",\"position\":3,\"name\":\"SEOmator\"}]},{\"@type\":\"WebSite\",\"@id\":\"https:\\\/\\\/www.accuratereviews.com\\\/it\\\/#website\",\"url\":\"https:\\\/\\\/www.accuratereviews.com\\\/it\\\/\",\"name\":\"Accurate Reviews\",\"description\":\"\",\"potentialAction\":[{\"@type\":\"SearchAction\",\"target\":{\"@type\":\"EntryPoint\",\"urlTemplate\":\"https:\\\/\\\/www.accuratereviews.com\\\/it\\\/?s={search_term_string}\"},\"query-input\":{\"@type\":\"PropertyValueSpecification\",\"valueRequired\":true,\"valueName\":\"search_term_string\"}}],\"inLanguage\":\"it-IT\"}]}<\/script>\n<!-- \/ Yoast SEO plugin. -->","yoast_head_json":{"title":"SEOmator: recensione strumento SEO - Accurate Reviews","description":"SEOmator: recensione dello strumento di audit SEO che ti permette di analizzare il tuo sito web, offrendoti suggerimenti su come ottimizzarlo a livello SEO.","robots":{"index":"index","follow":"follow","max-snippet":"max-snippet:-1","max-image-preview":"max-image-preview:large","max-video-preview":"max-video-preview:-1"},"canonical":"https:\/\/www.accuratereviews.com\/it\/strumenti-seo-lista-software\/seomator-recensione\/","og_locale":"it_IT","og_type":"article","og_title":"SEOmator: recensione strumento SEO - Accurate Reviews","og_description":"SEOmator: recensione dello strumento di audit SEO che ti permette di analizzare il tuo sito web, offrendoti suggerimenti su come ottimizzarlo a livello SEO.","og_url":"https:\/\/www.accuratereviews.com\/it\/strumenti-seo-lista-software\/seomator-recensione\/","og_site_name":"Accurate Reviews","article_modified_time":"2021-11-10T11:08:24+00:00","og_image":[{"width":1499,"height":500,"url":"https:\/\/www.accuratereviews.com\/wp-content\/uploads\/2019\/11\/twitter_back.jpg","type":"image\/jpeg"}],"twitter_card":"summary_large_image","twitter_misc":{"Tempo di lettura stimato":"3 minuti"},"schema":{"@context":"https:\/\/schema.org","@graph":[{"@type":"WebPage","@id":"https:\/\/www.accuratereviews.com\/it\/strumenti-seo-lista-software\/seomator-recensione\/","url":"https:\/\/www.accuratereviews.com\/it\/strumenti-seo-lista-software\/seomator-recensione\/","name":"SEOmator: recensione strumento SEO - Accurate Reviews","isPartOf":{"@id":"https:\/\/www.accuratereviews.com\/it\/#website"},"primaryImageOfPage":{"@id":"https:\/\/www.accuratereviews.com\/it\/strumenti-seo-lista-software\/seomator-recensione\/#primaryimage"},"image":{"@id":"https:\/\/www.accuratereviews.com\/it\/strumenti-seo-lista-software\/seomator-recensione\/#primaryimage"},"thumbnailUrl":"https:\/\/www.accuratereviews.com\/wp-content\/uploads\/2019\/11\/twitter_back.jpg","datePublished":"2019-11-07T14:39:20+00:00","dateModified":"2021-11-10T11:08:24+00:00","description":"SEOmator: recensione dello strumento di audit SEO che ti permette di analizzare il tuo sito web, offrendoti suggerimenti su come ottimizzarlo a livello SEO.","breadcrumb":{"@id":"https:\/\/www.accuratereviews.com\/it\/strumenti-seo-lista-software\/seomator-recensione\/#breadcrumb"},"inLanguage":"it-IT","potentialAction":[{"@type":"ReadAction","target":["https:\/\/www.accuratereviews.com\/it\/strumenti-seo-lista-software\/seomator-recensione\/"]}]},{"@type":"ImageObject","inLanguage":"it-IT","@id":"https:\/\/www.accuratereviews.com\/it\/strumenti-seo-lista-software\/seomator-recensione\/#primaryimage","url":"https:\/\/www.accuratereviews.com\/wp-content\/uploads\/2019\/11\/twitter_back.jpg","contentUrl":"https:\/\/www.accuratereviews.com\/wp-content\/uploads\/2019\/11\/twitter_back.jpg","width":1499,"height":500},{"@type":"BreadcrumbList","@id":"https:\/\/www.accuratereviews.com\/it\/strumenti-seo-lista-software\/seomator-recensione\/#breadcrumb","itemListElement":[{"@type":"ListItem","position":1,"name":"Home","item":"https:\/\/www.accuratereviews.com\/it\/"},{"@type":"ListItem","position":2,"name":"Strumenti SEO","item":"https:\/\/www.accuratereviews.com\/it\/strumenti-seo-lista-software\/"},{"@type":"ListItem","position":3,"name":"SEOmator"}]},{"@type":"WebSite","@id":"https:\/\/www.accuratereviews.com\/it\/#website","url":"https:\/\/www.accuratereviews.com\/it\/","name":"Accurate Reviews","description":"","potentialAction":[{"@type":"SearchAction","target":{"@type":"EntryPoint","urlTemplate":"https:\/\/www.accuratereviews.com\/it\/?s={search_term_string}"},"query-input":{"@type":"PropertyValueSpecification","valueRequired":true,"valueName":"search_term_string"}}],"inLanguage":"it-IT"}]}},"_links":{"self":[{"href":"https:\/\/www.accuratereviews.com\/it\/wp-json\/wp\/v2\/pages\/19891","targetHints":{"allow":["GET"]}}],"collection":[{"href":"https:\/\/www.accuratereviews.com\/it\/wp-json\/wp\/v2\/pages"}],"about":[{"href":"https:\/\/www.accuratereviews.com\/it\/wp-json\/wp\/v2\/types\/page"}],"author":[{"embeddable":true,"href":"https:\/\/www.accuratereviews.com\/it\/wp-json\/wp\/v2\/users\/17"}],"replies":[{"embeddable":true,"href":"https:\/\/www.accuratereviews.com\/it\/wp-json\/wp\/v2\/comments?post=19891"}],"version-history":[{"count":6,"href":"https:\/\/www.accuratereviews.com\/it\/wp-json\/wp\/v2\/pages\/19891\/revisions"}],"predecessor-version":[{"id":49730,"href":"https:\/\/www.accuratereviews.com\/it\/wp-json\/wp\/v2\/pages\/19891\/revisions\/49730"}],"up":[{"embeddable":true,"href":"https:\/\/www.accuratereviews.com\/it\/wp-json\/wp\/v2\/pages\/8849"}],"wp:featuredmedia":[{"embeddable":true,"href":"https:\/\/www.accuratereviews.com\/it\/wp-json\/wp\/v2\/media\/19903"}],"wp:attachment":[{"href":"https:\/\/www.accuratereviews.com\/it\/wp-json\/wp\/v2\/media?parent=19891"}],"wp:term":[{"taxonomy":"category","embeddable":true,"href":"https:\/\/www.accuratereviews.com\/it\/wp-json\/wp\/v2\/categories?post=19891"},{"taxonomy":"post_tag","embeddable":true,"href":"https:\/\/www.accuratereviews.com\/it\/wp-json\/wp\/v2\/tags?post=19891"},{"taxonomy":"features","embeddable":true,"href":"https:\/\/www.accuratereviews.com\/it\/wp-json\/wp\/v2\/features?post=19891"}],"curies":[{"name":"wp","href":"https:\/\/api.w.org\/{rel}","templated":true}]}}