{"id":19913,"date":"2019-11-07T14:39:48","date_gmt":"2019-11-07T14:39:48","guid":{"rendered":"https:\/\/www.accuratereviews.com\/?page_id=19913"},"modified":"2021-11-12T08:53:02","modified_gmt":"2021-11-12T08:53:02","slug":"seo-tester-online","status":"publish","type":"page","link":"https:\/\/www.accuratereviews.com\/it\/strumenti-seo-lista-software\/seo-tester-online\/","title":{"rendered":"SEO Tester Online"},"content":{"rendered":"<p><strong>SEO Tester Online<\/strong> \u00e8 una piattaforma online che aiuta gli esperti SEO, i marketer, le PMI, i ecommerce e le agenzie web a migliorare la visibilit\u00e0 del loro sito o quella dei loro clienti con una serie di <strong>strumenti SEO<\/strong> innovativi e integrati: dal crawling del sito web alla ricerca di parole chiave e <strong>SEO copywriting<\/strong>. Grazie a questo programma, riesci ad ottenere una potente analisi SEO per il tuo sito scegliendo la parola chiave giusta per dei contenuti <strong>SEO-friendly<\/strong>. Potrai inoltre analizzare le mosse della concorrenza in modo tale da raggiungere nuovi clienti e migliorare l&#8217;ottimizzazione dei motori di ricerca, raggiungendo il posizionamento in cima.<\/p>\n<h2>COME INDICIZZARE UN SITO CON SEO TESTER ONLINE &#8211; TUTORIAL<\/h2>\n<p>Diamo uno sguardo a questo video per comprendere qualcosa di pi\u00f9:<\/p>\n<div id=\"fluid-wrapper-counter-1\" class=\"g1-fluid-wrapper \" style=\"width:686px;\">\n<div style=\"padding-bottom:56.268221574344%;\"><iframe loading=\"lazy\" title=\"Come indicizzare un sito su Google con il SEO Checker\" width=\"686\" height=\"386\" src=\"https:\/\/www.youtube.com\/embed\/MCPv9LaBp_Y?feature=oembed&amp;wmode=transparent&amp;autohide=1&amp;autoplay=0&amp;disablekb=0&amp;fs=1&amp;loop=0&amp;enablejsapi=1&amp;rel=0&amp;controls=2&amp;showinfo=0&amp;wmode=transparent&amp;autohide=2&amp;autoplay=0&amp;disablekb=0&amp;fs=1&amp;loop=0&amp;enablejsapi=1&amp;rel=0&amp;controls=2&amp;showinfo=1\" frameborder=\"0\" allow=\"accelerometer; autoplay; clipboard-write; encrypted-media; gyroscope; picture-in-picture\" allowfullscreen><\/iframe><\/div>\n<\/div>\n<h3>SEO TESTER ONLINE &#8211; CARATTERISTICHE<\/h3>\n<p>Ecco le sue principali caratteristiche:<\/p>\n<ul>\n<li><strong>SEO Checker<\/strong>: analizza la struttura di base, il contenuto, la velocit\u00e0 di caricamento e la SEO del tuo sito web. Grazie a questo strumento, potrai scoprire come occuparti di ogni aspetto fondamentale, dai tag di intestazione al contenuto, fino alla velocit\u00e0 di caricamento delle tue pagine web<\/li>\n<li><strong>SEO Spider<\/strong>: grazie a questo strumento, potrai eseguire la scansione SEO di migliaia di pagine e ottenere report completi incentrati su ogni aspetto SEO pertinente cos\u00ec da poter ottimizzare il tuo sito web<\/li>\n<li><strong>Keyword Explorer<\/strong>: scopri quali parole chiave hanno valore per la tua attivit\u00e0, intercetta volumi di ricerca, CPC e intenti di ricerca del tuo target e identifica migliaia di parole chiave long tail perfette per le tue strategie di marketing dei contenuti. Confronta le parole chiave, genera centinaia di suggerimenti e trovane di nuove relative ai tuoi contenuti<\/li>\n<li><strong>SEO Editor<\/strong>: utilizza questo assistente editoriale orientato alla SEO in modo da scegliere le parole chiave giuste per creare articoli ottimizzati che seguano i principi della SEO copywriting.<\/li>\n<\/ul>\n<h3>LE RECENSIONI DEGLI UTENTI<\/h3>\n<ul>\n<li><strong>&#8220;Assolutamente consigliato&#8221;<\/strong><br \/>\nPRO: Seo Tester \u00e8 uno strumento efficace e intuitivo per ottimizzare un sito web. Non solo identifica il problema, ma suggerisce anche una possibile soluzione. La sua caratteristica principale, rispetto ad altri, \u00e8 l&#8217;accessibilit\u00e0 e la facilit\u00e0 d&#8217;uso. Assolutamente consigliato!<br \/>\nCONTRO: Non riesco a trovare alcun contro. Si adatta perfettamente alle mie reali esigenze.<\/li>\n<li><strong>&#8220;Strumento SEO molto potente!&#8221;<\/strong><br \/>\nIN GENERALE: nessun passaggio complicato da imparare ed \u00e8 molto semplice per l&#8217;utente inesperto ma abbastanza potente per il veterano pi\u00f9 esperto.<br \/>\nPRO: \u00c8 facile da usare, ha tutti gli strumenti necessari per classificare il mio sito web e i report PDF sono fantastici. Questo team ha dato molto valore a questo software e sono fantastici nel rispondere alle domande.<br \/>\nCONTRO: Finora non ci sono contro, il software ha funzionato perfettamente ed \u00e8 facile da capire.<\/li>\n<li><strong>&#8220;Uno strumento SEO sconosciuto che \u00e8 una gemma nascosta&#8221;<\/strong><br \/>\nIN GENERALE: finora tutto bene. \u00c8 uno strumento seo piccolo e in crescita. Buono per le piccole imprese.<br \/>\nPRO: SEO Tester online consente audit SEO e tecnici, generazioni di lead, ricerca di parole chiave e metriche di copia. Mostra i tuoi siti web completi sulla pagina SEO. Mi piace molto lo strumento di generazione di lead in cui \u00e8 possibile implementare un&#8217;analisi gratuita per acquisire lead.<br \/>\nCONTRO: a volte \u00e8 lento e non ottiene correttamente i dati per alcuni siti.<\/li>\n<\/ul>\n","protected":false},"excerpt":{"rendered":"<p>SEO Tester Online \u00e8 una piattaforma online che aiuta gli esperti SEO, i marketer, le PMI, i ecommerce e le agenzie web a migliorare la visibilit\u00e0 del loro sito o quella dei loro clienti con una serie di strumenti SEO innovativi e integrati: dal crawling del sito web alla ricerca di parole chiave e SEO copywriting.<\/p>\n","protected":false},"author":17,"featured_media":19915,"parent":8849,"menu_order":0,"comment_status":"open","ping_status":"closed","template":"g1_template_page_review_new.php","meta":{"_acf_changed":false,"cwp_meta_box_check":"Yes","cwp_rev_product_name":"","cwp_rev_product_image":"","wppr_links":[],"cwp_rev_price":"","wppr_options":[],"wppr_pros":[],"wppr_cons":[],"_monsterinsights_skip_tracking":false,"_monsterinsights_sitenote_active":false,"_monsterinsights_sitenote_note":"","_monsterinsights_sitenote_category":0,"footnotes":""},"categories":[175],"tags":[1401,1431,1421,901,1448],"features":[],"class_list":{"0":"post-19913","1":"page","2":"type-page","3":"status-publish","4":"has-post-thumbnail","6":"category-strumenti-seo-categoria","7":"tag-analisi-seo","8":"tag-ottimizzazione-seo","9":"tag-programma-seo","10":"tag-seo","11":"tag-seo-tester-online"},"wppr_data":{"cwp_meta_box_check":"Yes","cwp_rev_product_name":"","cwp_rev_product_image":"","cwp_image_link":"image","cwp_rev_price":"","wppr_rating":"0.00"},"acf":[],"yoast_head":"<!-- This site is optimized with the Yoast SEO plugin v27.4 - https:\/\/yoast.com\/product\/yoast-seo-wordpress\/ -->\n<title>SEO Tester Online: recensione - Accurate Reviews<\/title>\n<meta name=\"description\" content=\"SEO Tester Onlin: recensione della piattaforma che aiuta gli esperti SEO, le PMI, i ecommerce e le agenzie web a migliorare la visibilit\u00e0 del loro sito.\" \/>\n<meta name=\"robots\" content=\"index, follow, max-snippet:-1, max-image-preview:large, max-video-preview:-1\" \/>\n<link rel=\"canonical\" href=\"https:\/\/www.accuratereviews.com\/it\/strumenti-seo-lista-software\/seo-tester-online\/\" \/>\n<meta property=\"og:locale\" content=\"it_IT\" \/>\n<meta property=\"og:type\" content=\"article\" \/>\n<meta property=\"og:title\" content=\"SEO Tester Online: recensione - Accurate Reviews\" \/>\n<meta property=\"og:description\" content=\"SEO Tester Onlin: recensione della piattaforma che aiuta gli esperti SEO, le PMI, i ecommerce e le agenzie web a migliorare la visibilit\u00e0 del loro sito.\" \/>\n<meta property=\"og:url\" content=\"https:\/\/www.accuratereviews.com\/it\/strumenti-seo-lista-software\/seo-tester-online\/\" \/>\n<meta property=\"og:site_name\" content=\"Accurate Reviews\" \/>\n<meta property=\"article:modified_time\" content=\"2021-11-12T08:53:02+00:00\" \/>\n<meta property=\"og:image\" content=\"https:\/\/www.accuratereviews.com\/wp-content\/uploads\/2019\/11\/seo-tools-seo-tester-online.png\" \/>\n\t<meta property=\"og:image:width\" content=\"1200\" \/>\n\t<meta property=\"og:image:height\" content=\"630\" \/>\n\t<meta property=\"og:image:type\" content=\"image\/png\" \/>\n<meta name=\"twitter:card\" content=\"summary_large_image\" \/>\n<meta name=\"twitter:label1\" content=\"Tempo di lettura stimato\" \/>\n\t<meta name=\"twitter:data1\" content=\"3 minuti\" \/>\n<script type=\"application\/ld+json\" class=\"yoast-schema-graph\">{\"@context\":\"https:\\\/\\\/schema.org\",\"@graph\":[{\"@type\":\"WebPage\",\"@id\":\"https:\\\/\\\/www.accuratereviews.com\\\/it\\\/strumenti-seo-lista-software\\\/seo-tester-online\\\/\",\"url\":\"https:\\\/\\\/www.accuratereviews.com\\\/it\\\/strumenti-seo-lista-software\\\/seo-tester-online\\\/\",\"name\":\"SEO Tester Online: recensione - Accurate Reviews\",\"isPartOf\":{\"@id\":\"https:\\\/\\\/www.accuratereviews.com\\\/it\\\/#website\"},\"primaryImageOfPage\":{\"@id\":\"https:\\\/\\\/www.accuratereviews.com\\\/it\\\/strumenti-seo-lista-software\\\/seo-tester-online\\\/#primaryimage\"},\"image\":{\"@id\":\"https:\\\/\\\/www.accuratereviews.com\\\/it\\\/strumenti-seo-lista-software\\\/seo-tester-online\\\/#primaryimage\"},\"thumbnailUrl\":\"https:\\\/\\\/www.accuratereviews.com\\\/wp-content\\\/uploads\\\/2019\\\/11\\\/seo-tools-seo-tester-online.png\",\"datePublished\":\"2019-11-07T14:39:48+00:00\",\"dateModified\":\"2021-11-12T08:53:02+00:00\",\"description\":\"SEO Tester Onlin: recensione della piattaforma che aiuta gli esperti SEO, le PMI, i ecommerce e le agenzie web a migliorare la visibilit\u00e0 del loro sito.\",\"breadcrumb\":{\"@id\":\"https:\\\/\\\/www.accuratereviews.com\\\/it\\\/strumenti-seo-lista-software\\\/seo-tester-online\\\/#breadcrumb\"},\"inLanguage\":\"it-IT\",\"potentialAction\":[{\"@type\":\"ReadAction\",\"target\":[\"https:\\\/\\\/www.accuratereviews.com\\\/it\\\/strumenti-seo-lista-software\\\/seo-tester-online\\\/\"]}]},{\"@type\":\"ImageObject\",\"inLanguage\":\"it-IT\",\"@id\":\"https:\\\/\\\/www.accuratereviews.com\\\/it\\\/strumenti-seo-lista-software\\\/seo-tester-online\\\/#primaryimage\",\"url\":\"https:\\\/\\\/www.accuratereviews.com\\\/wp-content\\\/uploads\\\/2019\\\/11\\\/seo-tools-seo-tester-online.png\",\"contentUrl\":\"https:\\\/\\\/www.accuratereviews.com\\\/wp-content\\\/uploads\\\/2019\\\/11\\\/seo-tools-seo-tester-online.png\",\"width\":1200,\"height\":630},{\"@type\":\"BreadcrumbList\",\"@id\":\"https:\\\/\\\/www.accuratereviews.com\\\/it\\\/strumenti-seo-lista-software\\\/seo-tester-online\\\/#breadcrumb\",\"itemListElement\":[{\"@type\":\"ListItem\",\"position\":1,\"name\":\"Home\",\"item\":\"https:\\\/\\\/www.accuratereviews.com\\\/it\\\/\"},{\"@type\":\"ListItem\",\"position\":2,\"name\":\"Strumenti SEO\",\"item\":\"https:\\\/\\\/www.accuratereviews.com\\\/it\\\/strumenti-seo-lista-software\\\/\"},{\"@type\":\"ListItem\",\"position\":3,\"name\":\"SEO Tester Online\"}]},{\"@type\":\"WebSite\",\"@id\":\"https:\\\/\\\/www.accuratereviews.com\\\/it\\\/#website\",\"url\":\"https:\\\/\\\/www.accuratereviews.com\\\/it\\\/\",\"name\":\"Accurate Reviews\",\"description\":\"\",\"potentialAction\":[{\"@type\":\"SearchAction\",\"target\":{\"@type\":\"EntryPoint\",\"urlTemplate\":\"https:\\\/\\\/www.accuratereviews.com\\\/it\\\/?s={search_term_string}\"},\"query-input\":{\"@type\":\"PropertyValueSpecification\",\"valueRequired\":true,\"valueName\":\"search_term_string\"}}],\"inLanguage\":\"it-IT\"}]}<\/script>\n<!-- \/ Yoast SEO plugin. -->","yoast_head_json":{"title":"SEO Tester Online: recensione - Accurate Reviews","description":"SEO Tester Onlin: recensione della piattaforma che aiuta gli esperti SEO, le PMI, i ecommerce e le agenzie web a migliorare la visibilit\u00e0 del loro sito.","robots":{"index":"index","follow":"follow","max-snippet":"max-snippet:-1","max-image-preview":"max-image-preview:large","max-video-preview":"max-video-preview:-1"},"canonical":"https:\/\/www.accuratereviews.com\/it\/strumenti-seo-lista-software\/seo-tester-online\/","og_locale":"it_IT","og_type":"article","og_title":"SEO Tester Online: recensione - Accurate Reviews","og_description":"SEO Tester Onlin: recensione della piattaforma che aiuta gli esperti SEO, le PMI, i ecommerce e le agenzie web a migliorare la visibilit\u00e0 del loro sito.","og_url":"https:\/\/www.accuratereviews.com\/it\/strumenti-seo-lista-software\/seo-tester-online\/","og_site_name":"Accurate Reviews","article_modified_time":"2021-11-12T08:53:02+00:00","og_image":[{"width":1200,"height":630,"url":"https:\/\/www.accuratereviews.com\/wp-content\/uploads\/2019\/11\/seo-tools-seo-tester-online.png","type":"image\/png"}],"twitter_card":"summary_large_image","twitter_misc":{"Tempo di lettura stimato":"3 minuti"},"schema":{"@context":"https:\/\/schema.org","@graph":[{"@type":"WebPage","@id":"https:\/\/www.accuratereviews.com\/it\/strumenti-seo-lista-software\/seo-tester-online\/","url":"https:\/\/www.accuratereviews.com\/it\/strumenti-seo-lista-software\/seo-tester-online\/","name":"SEO Tester Online: recensione - Accurate Reviews","isPartOf":{"@id":"https:\/\/www.accuratereviews.com\/it\/#website"},"primaryImageOfPage":{"@id":"https:\/\/www.accuratereviews.com\/it\/strumenti-seo-lista-software\/seo-tester-online\/#primaryimage"},"image":{"@id":"https:\/\/www.accuratereviews.com\/it\/strumenti-seo-lista-software\/seo-tester-online\/#primaryimage"},"thumbnailUrl":"https:\/\/www.accuratereviews.com\/wp-content\/uploads\/2019\/11\/seo-tools-seo-tester-online.png","datePublished":"2019-11-07T14:39:48+00:00","dateModified":"2021-11-12T08:53:02+00:00","description":"SEO Tester Onlin: recensione della piattaforma che aiuta gli esperti SEO, le PMI, i ecommerce e le agenzie web a migliorare la visibilit\u00e0 del loro sito.","breadcrumb":{"@id":"https:\/\/www.accuratereviews.com\/it\/strumenti-seo-lista-software\/seo-tester-online\/#breadcrumb"},"inLanguage":"it-IT","potentialAction":[{"@type":"ReadAction","target":["https:\/\/www.accuratereviews.com\/it\/strumenti-seo-lista-software\/seo-tester-online\/"]}]},{"@type":"ImageObject","inLanguage":"it-IT","@id":"https:\/\/www.accuratereviews.com\/it\/strumenti-seo-lista-software\/seo-tester-online\/#primaryimage","url":"https:\/\/www.accuratereviews.com\/wp-content\/uploads\/2019\/11\/seo-tools-seo-tester-online.png","contentUrl":"https:\/\/www.accuratereviews.com\/wp-content\/uploads\/2019\/11\/seo-tools-seo-tester-online.png","width":1200,"height":630},{"@type":"BreadcrumbList","@id":"https:\/\/www.accuratereviews.com\/it\/strumenti-seo-lista-software\/seo-tester-online\/#breadcrumb","itemListElement":[{"@type":"ListItem","position":1,"name":"Home","item":"https:\/\/www.accuratereviews.com\/it\/"},{"@type":"ListItem","position":2,"name":"Strumenti SEO","item":"https:\/\/www.accuratereviews.com\/it\/strumenti-seo-lista-software\/"},{"@type":"ListItem","position":3,"name":"SEO Tester Online"}]},{"@type":"WebSite","@id":"https:\/\/www.accuratereviews.com\/it\/#website","url":"https:\/\/www.accuratereviews.com\/it\/","name":"Accurate Reviews","description":"","potentialAction":[{"@type":"SearchAction","target":{"@type":"EntryPoint","urlTemplate":"https:\/\/www.accuratereviews.com\/it\/?s={search_term_string}"},"query-input":{"@type":"PropertyValueSpecification","valueRequired":true,"valueName":"search_term_string"}}],"inLanguage":"it-IT"}]}},"_links":{"self":[{"href":"https:\/\/www.accuratereviews.com\/it\/wp-json\/wp\/v2\/pages\/19913","targetHints":{"allow":["GET"]}}],"collection":[{"href":"https:\/\/www.accuratereviews.com\/it\/wp-json\/wp\/v2\/pages"}],"about":[{"href":"https:\/\/www.accuratereviews.com\/it\/wp-json\/wp\/v2\/types\/page"}],"author":[{"embeddable":true,"href":"https:\/\/www.accuratereviews.com\/it\/wp-json\/wp\/v2\/users\/17"}],"replies":[{"embeddable":true,"href":"https:\/\/www.accuratereviews.com\/it\/wp-json\/wp\/v2\/comments?post=19913"}],"version-history":[{"count":4,"href":"https:\/\/www.accuratereviews.com\/it\/wp-json\/wp\/v2\/pages\/19913\/revisions"}],"predecessor-version":[{"id":49889,"href":"https:\/\/www.accuratereviews.com\/it\/wp-json\/wp\/v2\/pages\/19913\/revisions\/49889"}],"up":[{"embeddable":true,"href":"https:\/\/www.accuratereviews.com\/it\/wp-json\/wp\/v2\/pages\/8849"}],"wp:featuredmedia":[{"embeddable":true,"href":"https:\/\/www.accuratereviews.com\/it\/wp-json\/wp\/v2\/media\/19915"}],"wp:attachment":[{"href":"https:\/\/www.accuratereviews.com\/it\/wp-json\/wp\/v2\/media?parent=19913"}],"wp:term":[{"taxonomy":"category","embeddable":true,"href":"https:\/\/www.accuratereviews.com\/it\/wp-json\/wp\/v2\/categories?post=19913"},{"taxonomy":"post_tag","embeddable":true,"href":"https:\/\/www.accuratereviews.com\/it\/wp-json\/wp\/v2\/tags?post=19913"},{"taxonomy":"features","embeddable":true,"href":"https:\/\/www.accuratereviews.com\/it\/wp-json\/wp\/v2\/features?post=19913"}],"curies":[{"name":"wp","href":"https:\/\/api.w.org\/{rel}","templated":true}]}}