{"id":19942,"date":"2019-11-08T14:56:21","date_gmt":"2019-11-08T14:56:21","guid":{"rendered":"https:\/\/www.accuratereviews.com\/?page_id=19942"},"modified":"2021-11-10T15:12:02","modified_gmt":"2021-11-10T15:12:02","slug":"canirank-recensione","status":"publish","type":"page","link":"https:\/\/www.accuratereviews.com\/it\/strumenti-seo-lista-software\/canirank-recensione\/","title":{"rendered":"CanIRank"},"content":{"rendered":"<p><strong>CanIRank<\/strong> \u00e8 un <strong>software SEO<\/strong> che mira a sfruttare la raccolta e l&#8217;analisi dei dati che i computer fanno in relazione al marketing online fornendo informazioni fruibili, piani e raccomandazioni.\u00a0Questo <strong>software SEO<\/strong> non si concentra solo sui dati che i marketer e i consulenti trattano per aumentare il ROI SEO, ma ha anche l&#8217;obiettivo di collegare una diagnostica dei dati SEO estesa a tutti i dati raccolti dalle attivit\u00e0 e di marketing dei contenuti. Con questa capacit\u00e0, esperti SEO e principianti possono prendere decisioni migliori per le loro strategie. La sua gestione dell&#8217;attivit\u00e0 di outsourcer consente agli utenti di dotare i propri liberi professionisti di conoscenza e formazione, nonch\u00e9 di garantire che il loro lavoro sia adeguato alle esigenze del sito web.<\/p>\n<h2>CANIRANK &#8211; TUTORIAL<\/h2>\n<p>Questo video, mostra come utilizzare questo <strong>software SEO<\/strong> per generare l&#8217;elenco delle parole chiave ad alto potenziale per il tuo sito:<\/p>\n<div id=\"fluid-wrapper-counter-1\" class=\"g1-fluid-wrapper \" style=\"width:686px;\">\n<div style=\"padding-bottom:56.268221574344%;\"><iframe loading=\"lazy\" title=\"Which pages have the most potential for growing search engine traffic?\" width=\"686\" height=\"386\" src=\"https:\/\/www.youtube.com\/embed\/tTHL5mdONvk?list=PLlgJfNEU8dBd8dTQOrcNc31IhPC2gby_w\" frameborder=\"0\" allow=\"accelerometer; autoplay; clipboard-write; encrypted-media; gyroscope; picture-in-picture\" allowfullscreen><\/iframe><\/div>\n<\/div>\n<h3>CANIRANK &#8211; CARATTERISTICHE<\/h3>\n<ul>\n<li><strong>Analizza oltre 200 fattori da 7 fonti diverse<\/strong>: non perdere tempo a estrarre manualmente i dati della concorrenza da strumenti come Google AdWords, Moz, SEMRush, Arefs, social media, SimliarWeb o BuzzSumo. Ottieni tutto ci\u00f2 che devi sapere in un semplice report, inserito automaticamente tramite API per il tuo sito Web e i tuoi concorrenti<\/li>\n<li><strong>Rapporti di analisi competitiva SEO di facile comprensione, anche per i clienti<\/strong>: per rendere comprensibili i rapporti anche ai nuovi utenti SEO, puoi unire i dati in sei aree principali del fattore di classificazione e puoi creare una mappa \u00a0che mostra i punti di forza e di debolezza del tuo sito web rispetto ai tuoi concorrenti<\/li>\n<li><strong>Non basta confrontare le metriche SEO, impara come migliorarle<\/strong>: i migliori SEO non seguono ciecamente lo stesso approccio per ogni parola chiave e ogni sito. Un buon processo di analisi competitiva pu\u00f2 rivelare quali fattori Google d\u00e0 la priorit\u00e0 per qualsiasi pagina dei risultati dei motori di ricerca, consentendoti di orientarti verso il percorso pi\u00f9 efficiente verso l&#8217;alto<\/li>\n<li><strong>Oltre una dozzina di strategie per la creazione di link in un unico strumento<\/strong>: Molti strumenti gratuiti per la creazione di link possono aiutarti a trovare blogger o influencer sui social media. Ma la sensibilizzazione \u00e8 un modo difficile e inefficiente per guadagnare backlink. Con questo programma potrai incorporare una serie di strategie di costruzione di collegamenti con percentuali di successo pi\u00f9 elevate, tra cui collegamenti della concorrenza, menzioni non collegate, pagine delle risorse, domande e risposte e post degli ospiti<\/li>\n<li><strong>Uno strumento di analisi delle parole chiave di data scientist, non di esperti di marketing<\/strong>:\u00a0le previsioni di probabilit\u00e0 di posizionamento \u00a0si basano su algoritmi di apprendimento automatico che valutano oltre 200 fattori per determinare se il tuo sito pu\u00f2 competere o meno. Una migliore scienza dei dati significa che non perdi tempo a cercare &#8220;falsi positivi&#8221; che in realt\u00e0 sono troppo difficili per il tuo sito.<\/li>\n<\/ul>\n<h4>LE RECENSIONI DEGLI UTENTI<\/h4>\n<h4>Michael M. &#8220;Cruscotto ben organizzato e intuitivo&#8221;<\/h4>\n<p><strong>Vantaggi<\/strong>: ho usato CanIRank perch\u00e9 ho provato di tutto per classificare pi\u00f9 in alto le parole chiave nel settore delle ordinazioni online. Ho avuto successo con molte query di ricerca a coda lunga e ho ottenuto le mie classifiche tra i primi 3-5. Ma non riesco a decifrare la prima pagina per i principali termini di ricerca. Ho usato BuzzSumo e ho provato ogni strada che mi venisse in mente. Ma non sono mai passato oltre la seconda pagina. Quindi ho provato CanIRank e il feedback \u00e8 stato estremamente utile. Mi \u00e8 piaciuto il modo in cui hanno dato la priorit\u00e0 ai loro suggerimenti in base al valore del completamento di un&#8217;attivit\u00e0. E il ragionamento alla base delle loro raccomandazioni era prezioso. Mi \u00e8 piaciuto il modo in cui hanno dato la priorit\u00e0 e classificato le attivit\u00e0. Un ottimo strumento da aggiungere. Penso che questo sposter\u00e0 l&#8217;ago.<\/p>\n<p><strong>Inconvenienti<\/strong>: ho iniziato a usarlo come versione di prova gratuita e vorrei poter avere qualche altro strumento da utilizzare con la versione gratuita prima di impegnarmi. Ma alla fine \u00e8 stato contento di essermi iscritto.<\/p>\n<h4><strong>Tom M. &#8220;Strumento straordinario&#8221;<\/strong><\/h4>\n<p><strong>Commenti<\/strong>: \u00c8 stato grandioso!<\/p>\n<p><strong>Vantaggi<\/strong>: Di \u200b\u200brecente abbiamo iniziato a utilizzare CanIRank. Abbiamo e utilizziamo ancora altri software simili. Ma nessuno di quelli che abbiamo trovato fa un buon lavoro nel fare l&#8217;analisi per te. Questo software ci ha permesso di individuare realmente ci\u00f2 che sta trattenendo un sito web del cliente dalla classifica a pagina 1. Proprio questa settimana, ho usato alcuni dei dati in una riunione di vendita per mostrare a un cliente perch\u00e9 dovevamo creare pi\u00f9 pagine di contenuto. Consiglio vivamente questo software &#8220;.<\/p>\n<p><strong>Inconvenienti<\/strong>: non riesco proprio a pensare a niente. \u00c8 un software straordinario<\/p>\n<p><strong>San B. &#8220;Altamente raccomandato&#8221;<\/strong><\/p>\n<p><strong>Commenti<\/strong>: S\u00ec, abbiamo utilizzato CanIRank per i nostri clienti e abbiamo anche iniziato a utilizzare lo strumento per la nostra attivit\u00e0 web3solution.com. Come societ\u00e0 di marketing digitale dal 2008 abbiamo utilizzato diversi strumenti come Moz, seranking, rank tracker, ahrefs, serpstat, marketing miner e molti altri strumenti. Possiamo tranquillamente affermare che CanIRank \u00e8 uno strumento straordinario. Il nuovo approccio per vedere la promozione SEO di CanIRank \u00e8 interessante. Controlla le prestazioni di marketing, le opportunit\u00e0, Cresci per contenuto, Migliora il posizionamento, promuovi contenuti e costruisci le mie opzioni di autorit\u00e0 rendendo l&#8217;approccio SEO molto pi\u00f9 facile per gli utenti per capire e agire. Raccomandiamo gi\u00e0 i nostri clienti e lo consiglieremo anche in futuro.<\/p>\n<p><strong>Vantaggi<\/strong>: l&#8217;usabilit\u00e0, le funzionalit\u00e0 del software e l&#8217;interfase facile da usare.<\/p>\n<p><strong>Inconvenienti<\/strong>: molto difficile trovare queste informazioni sul software.<\/p>\n<p>&nbsp;<\/p>\n","protected":false},"excerpt":{"rendered":"<p>CanIRank \u00e8 un software SEO che mira a sfruttare la raccolta e l&#8217;analisi dei dati che i computer fanno in relazione al marketing online fornendo informazioni fruibili, piani e raccomandazioni.\u00a0Questo software SEO non si concentra solo sui dati che i marketer e i consulenti trattano per aumentare il ROI SEO, ma ha anche l&#8217;obiettivo di collegare una diagnostica dei dati SEO estesa a tutti i dati raccolti dalle attivit\u00e0 e di marketing dei contenuti.<\/p>\n","protected":false},"author":19,"featured_media":19976,"parent":8849,"menu_order":0,"comment_status":"open","ping_status":"closed","template":"g1_template_page_review_new.php","meta":{"_acf_changed":false,"cwp_meta_box_check":"No","cwp_rev_product_name":"","cwp_rev_product_image":"","wppr_links":[],"cwp_rev_price":"","wppr_options":[],"wppr_pros":[],"wppr_cons":[],"_monsterinsights_skip_tracking":false,"_monsterinsights_sitenote_active":false,"_monsterinsights_sitenote_note":"","_monsterinsights_sitenote_category":0,"footnotes":""},"categories":[175],"tags":[1455,1421,1420,1417,1419],"features":[],"class_list":{"0":"post-19942","1":"page","2":"type-page","3":"status-publish","4":"has-post-thumbnail","6":"category-strumenti-seo-categoria","7":"tag-canirank","8":"tag-programma-seo","9":"tag-software-seo","10":"tag-soluzione-seo","11":"tag-strumento-seo"},"wppr_data":{"cwp_meta_box_check":"No"},"acf":[],"yoast_head":"<!-- This site is optimized with the Yoast SEO plugin v27.4 - https:\/\/yoast.com\/product\/yoast-seo-wordpress\/ -->\n<title>CanIRank: recensione software SEO - Accurate Reviews<\/title>\n<meta name=\"description\" content=\"CanIRank: recensione software SEO che raccoglie e analizza dati fornendo informazioni fruibili, piani e raccomandazioni per le tue camapagne marketing.\" \/>\n<meta name=\"robots\" content=\"index, follow, max-snippet:-1, max-image-preview:large, max-video-preview:-1\" \/>\n<link rel=\"canonical\" href=\"https:\/\/www.accuratereviews.com\/it\/strumenti-seo-lista-software\/canirank-recensione\/\" \/>\n<meta property=\"og:locale\" content=\"it_IT\" \/>\n<meta property=\"og:type\" content=\"article\" \/>\n<meta property=\"og:title\" content=\"CanIRank: recensione software SEO - Accurate Reviews\" \/>\n<meta property=\"og:description\" content=\"CanIRank: recensione software SEO che raccoglie e analizza dati fornendo informazioni fruibili, piani e raccomandazioni per le tue camapagne marketing.\" \/>\n<meta property=\"og:url\" content=\"https:\/\/www.accuratereviews.com\/it\/strumenti-seo-lista-software\/canirank-recensione\/\" \/>\n<meta property=\"og:site_name\" content=\"Accurate Reviews\" \/>\n<meta property=\"article:modified_time\" content=\"2021-11-10T15:12:02+00:00\" \/>\n<meta property=\"og:image\" content=\"https:\/\/www.accuratereviews.com\/wp-content\/uploads\/2019\/11\/CanIRank.png\" \/>\n\t<meta property=\"og:image:width\" content=\"400\" \/>\n\t<meta property=\"og:image:height\" content=\"400\" \/>\n\t<meta property=\"og:image:type\" content=\"image\/png\" \/>\n<meta name=\"twitter:card\" content=\"summary_large_image\" \/>\n<meta name=\"twitter:label1\" content=\"Tempo di lettura stimato\" \/>\n\t<meta name=\"twitter:data1\" content=\"5 minuti\" \/>\n<script type=\"application\/ld+json\" class=\"yoast-schema-graph\">{\"@context\":\"https:\\\/\\\/schema.org\",\"@graph\":[{\"@type\":\"WebPage\",\"@id\":\"https:\\\/\\\/www.accuratereviews.com\\\/it\\\/strumenti-seo-lista-software\\\/canirank-recensione\\\/\",\"url\":\"https:\\\/\\\/www.accuratereviews.com\\\/it\\\/strumenti-seo-lista-software\\\/canirank-recensione\\\/\",\"name\":\"CanIRank: recensione software SEO - Accurate Reviews\",\"isPartOf\":{\"@id\":\"https:\\\/\\\/www.accuratereviews.com\\\/it\\\/#website\"},\"primaryImageOfPage\":{\"@id\":\"https:\\\/\\\/www.accuratereviews.com\\\/it\\\/strumenti-seo-lista-software\\\/canirank-recensione\\\/#primaryimage\"},\"image\":{\"@id\":\"https:\\\/\\\/www.accuratereviews.com\\\/it\\\/strumenti-seo-lista-software\\\/canirank-recensione\\\/#primaryimage\"},\"thumbnailUrl\":\"https:\\\/\\\/www.accuratereviews.com\\\/wp-content\\\/uploads\\\/2019\\\/11\\\/CanIRank.png\",\"datePublished\":\"2019-11-08T14:56:21+00:00\",\"dateModified\":\"2021-11-10T15:12:02+00:00\",\"description\":\"CanIRank: recensione software SEO che raccoglie e analizza dati fornendo informazioni fruibili, piani e raccomandazioni per le tue camapagne marketing.\",\"breadcrumb\":{\"@id\":\"https:\\\/\\\/www.accuratereviews.com\\\/it\\\/strumenti-seo-lista-software\\\/canirank-recensione\\\/#breadcrumb\"},\"inLanguage\":\"it-IT\",\"potentialAction\":[{\"@type\":\"ReadAction\",\"target\":[\"https:\\\/\\\/www.accuratereviews.com\\\/it\\\/strumenti-seo-lista-software\\\/canirank-recensione\\\/\"]}]},{\"@type\":\"ImageObject\",\"inLanguage\":\"it-IT\",\"@id\":\"https:\\\/\\\/www.accuratereviews.com\\\/it\\\/strumenti-seo-lista-software\\\/canirank-recensione\\\/#primaryimage\",\"url\":\"https:\\\/\\\/www.accuratereviews.com\\\/wp-content\\\/uploads\\\/2019\\\/11\\\/CanIRank.png\",\"contentUrl\":\"https:\\\/\\\/www.accuratereviews.com\\\/wp-content\\\/uploads\\\/2019\\\/11\\\/CanIRank.png\",\"width\":400,\"height\":400},{\"@type\":\"BreadcrumbList\",\"@id\":\"https:\\\/\\\/www.accuratereviews.com\\\/it\\\/strumenti-seo-lista-software\\\/canirank-recensione\\\/#breadcrumb\",\"itemListElement\":[{\"@type\":\"ListItem\",\"position\":1,\"name\":\"Home\",\"item\":\"https:\\\/\\\/www.accuratereviews.com\\\/it\\\/\"},{\"@type\":\"ListItem\",\"position\":2,\"name\":\"Strumenti SEO\",\"item\":\"https:\\\/\\\/www.accuratereviews.com\\\/it\\\/strumenti-seo-lista-software\\\/\"},{\"@type\":\"ListItem\",\"position\":3,\"name\":\"CanIRank\"}]},{\"@type\":\"WebSite\",\"@id\":\"https:\\\/\\\/www.accuratereviews.com\\\/it\\\/#website\",\"url\":\"https:\\\/\\\/www.accuratereviews.com\\\/it\\\/\",\"name\":\"Accurate Reviews\",\"description\":\"\",\"potentialAction\":[{\"@type\":\"SearchAction\",\"target\":{\"@type\":\"EntryPoint\",\"urlTemplate\":\"https:\\\/\\\/www.accuratereviews.com\\\/it\\\/?s={search_term_string}\"},\"query-input\":{\"@type\":\"PropertyValueSpecification\",\"valueRequired\":true,\"valueName\":\"search_term_string\"}}],\"inLanguage\":\"it-IT\"}]}<\/script>\n<!-- \/ Yoast SEO plugin. -->","yoast_head_json":{"title":"CanIRank: recensione software SEO - Accurate Reviews","description":"CanIRank: recensione software SEO che raccoglie e analizza dati fornendo informazioni fruibili, piani e raccomandazioni per le tue camapagne marketing.","robots":{"index":"index","follow":"follow","max-snippet":"max-snippet:-1","max-image-preview":"max-image-preview:large","max-video-preview":"max-video-preview:-1"},"canonical":"https:\/\/www.accuratereviews.com\/it\/strumenti-seo-lista-software\/canirank-recensione\/","og_locale":"it_IT","og_type":"article","og_title":"CanIRank: recensione software SEO - Accurate Reviews","og_description":"CanIRank: recensione software SEO che raccoglie e analizza dati fornendo informazioni fruibili, piani e raccomandazioni per le tue camapagne marketing.","og_url":"https:\/\/www.accuratereviews.com\/it\/strumenti-seo-lista-software\/canirank-recensione\/","og_site_name":"Accurate Reviews","article_modified_time":"2021-11-10T15:12:02+00:00","og_image":[{"width":400,"height":400,"url":"https:\/\/www.accuratereviews.com\/wp-content\/uploads\/2019\/11\/CanIRank.png","type":"image\/png"}],"twitter_card":"summary_large_image","twitter_misc":{"Tempo di lettura stimato":"5 minuti"},"schema":{"@context":"https:\/\/schema.org","@graph":[{"@type":"WebPage","@id":"https:\/\/www.accuratereviews.com\/it\/strumenti-seo-lista-software\/canirank-recensione\/","url":"https:\/\/www.accuratereviews.com\/it\/strumenti-seo-lista-software\/canirank-recensione\/","name":"CanIRank: recensione software SEO - Accurate Reviews","isPartOf":{"@id":"https:\/\/www.accuratereviews.com\/it\/#website"},"primaryImageOfPage":{"@id":"https:\/\/www.accuratereviews.com\/it\/strumenti-seo-lista-software\/canirank-recensione\/#primaryimage"},"image":{"@id":"https:\/\/www.accuratereviews.com\/it\/strumenti-seo-lista-software\/canirank-recensione\/#primaryimage"},"thumbnailUrl":"https:\/\/www.accuratereviews.com\/wp-content\/uploads\/2019\/11\/CanIRank.png","datePublished":"2019-11-08T14:56:21+00:00","dateModified":"2021-11-10T15:12:02+00:00","description":"CanIRank: recensione software SEO che raccoglie e analizza dati fornendo informazioni fruibili, piani e raccomandazioni per le tue camapagne marketing.","breadcrumb":{"@id":"https:\/\/www.accuratereviews.com\/it\/strumenti-seo-lista-software\/canirank-recensione\/#breadcrumb"},"inLanguage":"it-IT","potentialAction":[{"@type":"ReadAction","target":["https:\/\/www.accuratereviews.com\/it\/strumenti-seo-lista-software\/canirank-recensione\/"]}]},{"@type":"ImageObject","inLanguage":"it-IT","@id":"https:\/\/www.accuratereviews.com\/it\/strumenti-seo-lista-software\/canirank-recensione\/#primaryimage","url":"https:\/\/www.accuratereviews.com\/wp-content\/uploads\/2019\/11\/CanIRank.png","contentUrl":"https:\/\/www.accuratereviews.com\/wp-content\/uploads\/2019\/11\/CanIRank.png","width":400,"height":400},{"@type":"BreadcrumbList","@id":"https:\/\/www.accuratereviews.com\/it\/strumenti-seo-lista-software\/canirank-recensione\/#breadcrumb","itemListElement":[{"@type":"ListItem","position":1,"name":"Home","item":"https:\/\/www.accuratereviews.com\/it\/"},{"@type":"ListItem","position":2,"name":"Strumenti SEO","item":"https:\/\/www.accuratereviews.com\/it\/strumenti-seo-lista-software\/"},{"@type":"ListItem","position":3,"name":"CanIRank"}]},{"@type":"WebSite","@id":"https:\/\/www.accuratereviews.com\/it\/#website","url":"https:\/\/www.accuratereviews.com\/it\/","name":"Accurate Reviews","description":"","potentialAction":[{"@type":"SearchAction","target":{"@type":"EntryPoint","urlTemplate":"https:\/\/www.accuratereviews.com\/it\/?s={search_term_string}"},"query-input":{"@type":"PropertyValueSpecification","valueRequired":true,"valueName":"search_term_string"}}],"inLanguage":"it-IT"}]}},"_links":{"self":[{"href":"https:\/\/www.accuratereviews.com\/it\/wp-json\/wp\/v2\/pages\/19942","targetHints":{"allow":["GET"]}}],"collection":[{"href":"https:\/\/www.accuratereviews.com\/it\/wp-json\/wp\/v2\/pages"}],"about":[{"href":"https:\/\/www.accuratereviews.com\/it\/wp-json\/wp\/v2\/types\/page"}],"author":[{"embeddable":true,"href":"https:\/\/www.accuratereviews.com\/it\/wp-json\/wp\/v2\/users\/19"}],"replies":[{"embeddable":true,"href":"https:\/\/www.accuratereviews.com\/it\/wp-json\/wp\/v2\/comments?post=19942"}],"version-history":[{"count":8,"href":"https:\/\/www.accuratereviews.com\/it\/wp-json\/wp\/v2\/pages\/19942\/revisions"}],"predecessor-version":[{"id":49778,"href":"https:\/\/www.accuratereviews.com\/it\/wp-json\/wp\/v2\/pages\/19942\/revisions\/49778"}],"up":[{"embeddable":true,"href":"https:\/\/www.accuratereviews.com\/it\/wp-json\/wp\/v2\/pages\/8849"}],"wp:featuredmedia":[{"embeddable":true,"href":"https:\/\/www.accuratereviews.com\/it\/wp-json\/wp\/v2\/media\/19976"}],"wp:attachment":[{"href":"https:\/\/www.accuratereviews.com\/it\/wp-json\/wp\/v2\/media?parent=19942"}],"wp:term":[{"taxonomy":"category","embeddable":true,"href":"https:\/\/www.accuratereviews.com\/it\/wp-json\/wp\/v2\/categories?post=19942"},{"taxonomy":"post_tag","embeddable":true,"href":"https:\/\/www.accuratereviews.com\/it\/wp-json\/wp\/v2\/tags?post=19942"},{"taxonomy":"features","embeddable":true,"href":"https:\/\/www.accuratereviews.com\/it\/wp-json\/wp\/v2\/features?post=19942"}],"curies":[{"name":"wp","href":"https:\/\/api.w.org\/{rel}","templated":true}]}}