{"id":19944,"date":"2019-11-08T14:58:11","date_gmt":"2019-11-08T14:58:11","guid":{"rendered":"https:\/\/www.accuratereviews.com\/?page_id=19944"},"modified":"2021-11-11T17:27:13","modified_gmt":"2021-11-11T17:27:13","slug":"mondavo-recensione","status":"publish","type":"page","link":"https:\/\/www.accuratereviews.com\/it\/strumenti-seo-lista-software\/mondavo-recensione\/","title":{"rendered":"Mondovo"},"content":{"rendered":"<p><strong>Mondovo<\/strong> \u00e8 uno strumento di <strong>monitoraggio SEO<\/strong> all-in-one e una soluzione di marketing sui social media. Esegue le attivit\u00e0 di un crawler di siti web, un monitor di social media e un tracker di metriche SEO.\u00a0Con questo programma, le aziende sono in grado di eseguire una moltitudine di attivit\u00e0 da un&#8217;unica interfaccia. La dashboard intuitiva della soluzione mette a disposizione strumenti e funzionalit\u00e0 importanti. La soluzione consente inoltre agli esperti di marketing digitale di analizzare i dati dei social media. Attraverso <strong>Mondovo<\/strong>, sono in grado di monitorare le menzioni dei loro siti o attivit\u00e0 commerciali su<strong> Facebook e Twitter<\/strong>, nonch\u00e9 di valutare come si confrontano con i loro concorrenti.\u00a0Mondovo non limita la condivisione di analisi solo a coloro che hanno accesso all&#8217;account. Lo strumento di marketing digitale consente agli utenti di creare report, esportare PDF e file Excel e condividere collegamenti senza limitazioni. Questa flessibilit\u00e0 dell&#8217;account consente agli esperti di marketing di condividere facilmente i propri dati con clienti e persone rilevanti.<\/p>\n<h2>MONDOVO &#8211; TUTORIAL<\/h2>\n<p>Il tutorial che segue mostra come \u00e8 semplice usare questo<strong> software SEO<\/strong> per confrontare il traffico tra i tuoi siti e quelli della concorrenza:<\/p>\n<div id=\"fluid-wrapper-counter-1\" class=\"g1-fluid-wrapper \" style=\"width:686px;\">\n<div style=\"padding-bottom:56.268221574344%;\"><iframe loading=\"lazy\" title=\"SEO Batch Analysis of Multiple URLs - Fetch Organic Traffic Data\" width=\"686\" height=\"386\" src=\"https:\/\/www.youtube.com\/embed\/TOthxJEgEfI?feature=oembed&amp;wmode=transparent&amp;autohide=1&amp;autoplay=0&amp;disablekb=0&amp;fs=1&amp;loop=0&amp;enablejsapi=1&amp;rel=0&amp;controls=2&amp;showinfo=0&amp;wmode=transparent&amp;autohide=2&amp;autoplay=0&amp;disablekb=0&amp;fs=1&amp;loop=0&amp;enablejsapi=1&amp;rel=0&amp;controls=2&amp;showinfo=1\" frameborder=\"0\" allow=\"accelerometer; autoplay; encrypted-media; gyroscope; picture-in-picture\" allowfullscreen><\/iframe><\/div>\n<\/div>\n<h3>MONDOVO &#8211; CARATTERISTICHE<\/h3>\n<ul>\n<li><strong>Verifica del rango su richiesta<\/strong>: confronta le classifiche con 10 concorrenti, identifica pagine e termini specifici<\/li>\n<li><strong>Metriche collettive<\/strong>: raccogli dati sociali, di dominio, di pagina e di collegamento per un ampio set di URL<\/li>\n<li><strong>Link Research<\/strong>: analizza la qualit\u00e0, la composizione e le prestazioni dei tuoi link<\/li>\n<li><strong>Controllo del sito web:<\/strong> ispeziona ogni aspetto a micro livello di tutte le pagine del tuo sito web<\/li>\n<li><strong>Analisi sulla pagina<\/strong>: valuta le parti chiave come titolo della pagina, meta tag, attributi alt immagine e altro<\/li>\n<li><strong>Ricerca per parole chiave<\/strong>: recupera volumi di ricerca, suggerimenti e genera combinazioni rapidamente<\/li>\n<li><strong>Facebook<\/strong>: confronta le metriche business critical per un periodo scelto per un massimo di 5 pagine della concorrenza<\/li>\n<li><strong>Twitter<\/strong>: analizza fino a 5 account tramite un report di riepilogo completo<\/li>\n<\/ul>\n<h4>LE RECENSIONI DEGLI UTENTI<\/h4>\n<h4>Beverley T. &#8220;Servizio clienti eccellente e ottima reportistica&#8221;<\/h4>\n<p><strong>Commenti<\/strong>: tempo risparmiato sulla generazione di report.\u00a0Risparmio di denaro abbonandomi mensilmente a un software di reporting diverso, quando avevo solo bisogno di funzionalit\u00e0 specifiche da esso.<\/p>\n<p><strong>Vantaggi<\/strong>: la dashboard di Mondovo \u00e8 molto facile da navigare, \u00e8 molto intuitiva e diretta. Il loro servizio clienti \u00e8 fantastico, avevano un problema con i loro rapporti sull&#8217;analisi competitiva di Twitter ma avevo bisogno del mio generato al pi\u00f9 presto. Hanno fatto di tutto per generarne uno manualmente dalla fine, l&#8217;intero processo ha richiesto meno di un&#8217;ora. Sono rimasto davvero colpito dall&#8217;azione rapida intrapresa. Quando mi sono iscritto per la prima volta, speravo di poter esportare i report di Facebook e Twitter in PDF, ma mancavano di funzionalit\u00e0. Li ho inviati tramite la finestra di chat nella dashboard e mi hanno detto che li avrebbero presi in considerazione e che avrebbero eventualmente implementato un&#8217;opzione di esportazione PDF in futuro &#8230; La prossima volta che ho effettuato l&#8217;accesso a Mondovo c&#8217;era il pulsante Esporta in PDF! Seriamente, incredibile che ascoltino i loro clienti. Il prezzo \u00e8 ottimo e il pagamento per rapporto anzich\u00e9 pagare una tariffa mensile ha molto senso. Vorrei che altre aziende prendessero atto di questa strategia.<\/p>\n<p><strong>Inconvenienti<\/strong>: Vorrei che ci fossero pi\u00f9 opportunit\u00e0 per quanto riguarda il filtraggio delle date quando si tratta di rapporti, ma posso conviverci come \u00e8 adesso.<\/p>\n<h4>Szymon M. &#8220;Ottimo software SEO all-in-one&#8221;<\/h4>\n<p><strong>Commenti<\/strong>: Mondovo forse \u00e8 molto sottovalutato in quanto fornisce la maggior parte o talvolta pi\u00f9 funzionalit\u00e0 rispetto ai grandi concorrenti come semrush, cognitiveSEO ecc.<br \/>\nLo uso principalmente come strumento di controllo del backlink, ma puoi anche fare analisi seo on-page o monitorare le tue parole chiave e i tuoi concorrenti.<br \/>\nLo consiglierei sicuramente come una valida alternativa agli strumenti pi\u00f9 famosi l\u00e0 fuori.<\/p>\n<h4>Abhishek C. &#8220;Abbastanza buono&#8221;<\/h4>\n<p><strong>Commenti<\/strong>: Potrei dire che questo \u00e8 il miglior prodotto che abbia mai usato. Ho provato vari prodotti diversi, ma modovo \u00e8 molto speciale. La funzionalit\u00e0 di monitoraggio SERP \u00e8 semplicemente fantastica, potremmo provare diverse combinazioni di motori di ricerca per tenere traccia delle classifiche. E gestire la tua analisi di Facebook non \u00e8 mai stato cos\u00ec facile prima.<\/p>\n","protected":false},"excerpt":{"rendered":"<p>Mondovo \u00e8 uno strumento di monitoraggio SEO all-in-one e una soluzione di marketing sui social media. Esegue le attivit\u00e0 di un crawler di siti web, un monitor di social media e un tracker di metriche SEO.\u00a0Con questo programma, le aziende sono in grado di eseguire una moltitudine di attivit\u00e0 da un&#8217;unica interfaccia. La dashboard intuitiva della soluzione mette a disposizione strumenti e funzionalit\u00e0 importanti.<\/p>\n","protected":false},"author":19,"featured_media":19968,"parent":8849,"menu_order":0,"comment_status":"open","ping_status":"closed","template":"g1_template_page_review_new.php","meta":{"_acf_changed":false,"cwp_meta_box_check":"No","cwp_rev_product_name":"","cwp_rev_product_image":"","wppr_links":[],"cwp_rev_price":"","wppr_options":[],"wppr_pros":[],"wppr_cons":[],"_monsterinsights_skip_tracking":false,"_monsterinsights_sitenote_active":false,"_monsterinsights_sitenote_note":"","_monsterinsights_sitenote_category":0,"footnotes":""},"categories":[175],"tags":[459,1421,1016,1420,1417,582],"features":[],"class_list":{"0":"post-19944","1":"page","2":"type-page","3":"status-publish","4":"has-post-thumbnail","6":"category-strumenti-seo-categoria","7":"tag-facebook","8":"tag-programma-seo","9":"tag-social-network","10":"tag-software-seo","11":"tag-soluzione-seo","12":"tag-twitter"},"wppr_data":{"cwp_meta_box_check":"No"},"acf":[],"yoast_head":"<!-- This site is optimized with the Yoast SEO plugin v27.4 - https:\/\/yoast.com\/product\/yoast-seo-wordpress\/ -->\n<title>Mondovo: recensione software SEO - Accurate Reviews<\/title>\n<meta name=\"description\" content=\"Mondovo: recensione strumento di monitoraggio SEO all-in-one e una soluzione di marketing sui social media ideale per tutte le aziende.\" \/>\n<meta name=\"robots\" content=\"index, follow, max-snippet:-1, max-image-preview:large, max-video-preview:-1\" \/>\n<link rel=\"canonical\" href=\"https:\/\/www.accuratereviews.com\/it\/strumenti-seo-lista-software\/mondavo-recensione\/\" \/>\n<meta property=\"og:locale\" content=\"it_IT\" \/>\n<meta property=\"og:type\" content=\"article\" \/>\n<meta property=\"og:title\" content=\"Mondovo: recensione software SEO - Accurate Reviews\" \/>\n<meta property=\"og:description\" content=\"Mondovo: recensione strumento di monitoraggio SEO all-in-one e una soluzione di marketing sui social media ideale per tutte le aziende.\" \/>\n<meta property=\"og:url\" content=\"https:\/\/www.accuratereviews.com\/it\/strumenti-seo-lista-software\/mondavo-recensione\/\" \/>\n<meta property=\"og:site_name\" content=\"Accurate Reviews\" \/>\n<meta property=\"article:modified_time\" content=\"2021-11-11T17:27:13+00:00\" \/>\n<meta property=\"og:image\" content=\"https:\/\/www.accuratereviews.com\/wp-content\/uploads\/2019\/11\/mon.jpg\" \/>\n\t<meta property=\"og:image:width\" content=\"800\" \/>\n\t<meta property=\"og:image:height\" content=\"605\" \/>\n\t<meta property=\"og:image:type\" content=\"image\/jpeg\" \/>\n<meta name=\"twitter:card\" content=\"summary_large_image\" \/>\n<meta name=\"twitter:label1\" content=\"Tempo di lettura stimato\" \/>\n\t<meta name=\"twitter:data1\" content=\"3 minuti\" \/>\n<script type=\"application\/ld+json\" class=\"yoast-schema-graph\">{\"@context\":\"https:\\\/\\\/schema.org\",\"@graph\":[{\"@type\":\"WebPage\",\"@id\":\"https:\\\/\\\/www.accuratereviews.com\\\/it\\\/strumenti-seo-lista-software\\\/mondavo-recensione\\\/\",\"url\":\"https:\\\/\\\/www.accuratereviews.com\\\/it\\\/strumenti-seo-lista-software\\\/mondavo-recensione\\\/\",\"name\":\"Mondovo: recensione software SEO - Accurate Reviews\",\"isPartOf\":{\"@id\":\"https:\\\/\\\/www.accuratereviews.com\\\/it\\\/#website\"},\"primaryImageOfPage\":{\"@id\":\"https:\\\/\\\/www.accuratereviews.com\\\/it\\\/strumenti-seo-lista-software\\\/mondavo-recensione\\\/#primaryimage\"},\"image\":{\"@id\":\"https:\\\/\\\/www.accuratereviews.com\\\/it\\\/strumenti-seo-lista-software\\\/mondavo-recensione\\\/#primaryimage\"},\"thumbnailUrl\":\"https:\\\/\\\/www.accuratereviews.com\\\/wp-content\\\/uploads\\\/2019\\\/11\\\/mon.jpg\",\"datePublished\":\"2019-11-08T14:58:11+00:00\",\"dateModified\":\"2021-11-11T17:27:13+00:00\",\"description\":\"Mondovo: recensione strumento di monitoraggio SEO all-in-one e una soluzione di marketing sui social media ideale per tutte le aziende.\",\"breadcrumb\":{\"@id\":\"https:\\\/\\\/www.accuratereviews.com\\\/it\\\/strumenti-seo-lista-software\\\/mondavo-recensione\\\/#breadcrumb\"},\"inLanguage\":\"it-IT\",\"potentialAction\":[{\"@type\":\"ReadAction\",\"target\":[\"https:\\\/\\\/www.accuratereviews.com\\\/it\\\/strumenti-seo-lista-software\\\/mondavo-recensione\\\/\"]}]},{\"@type\":\"ImageObject\",\"inLanguage\":\"it-IT\",\"@id\":\"https:\\\/\\\/www.accuratereviews.com\\\/it\\\/strumenti-seo-lista-software\\\/mondavo-recensione\\\/#primaryimage\",\"url\":\"https:\\\/\\\/www.accuratereviews.com\\\/wp-content\\\/uploads\\\/2019\\\/11\\\/mon.jpg\",\"contentUrl\":\"https:\\\/\\\/www.accuratereviews.com\\\/wp-content\\\/uploads\\\/2019\\\/11\\\/mon.jpg\",\"width\":800,\"height\":605},{\"@type\":\"BreadcrumbList\",\"@id\":\"https:\\\/\\\/www.accuratereviews.com\\\/it\\\/strumenti-seo-lista-software\\\/mondavo-recensione\\\/#breadcrumb\",\"itemListElement\":[{\"@type\":\"ListItem\",\"position\":1,\"name\":\"Home\",\"item\":\"https:\\\/\\\/www.accuratereviews.com\\\/it\\\/\"},{\"@type\":\"ListItem\",\"position\":2,\"name\":\"Strumenti SEO\",\"item\":\"https:\\\/\\\/www.accuratereviews.com\\\/it\\\/strumenti-seo-lista-software\\\/\"},{\"@type\":\"ListItem\",\"position\":3,\"name\":\"Mondovo\"}]},{\"@type\":\"WebSite\",\"@id\":\"https:\\\/\\\/www.accuratereviews.com\\\/it\\\/#website\",\"url\":\"https:\\\/\\\/www.accuratereviews.com\\\/it\\\/\",\"name\":\"Accurate Reviews\",\"description\":\"\",\"potentialAction\":[{\"@type\":\"SearchAction\",\"target\":{\"@type\":\"EntryPoint\",\"urlTemplate\":\"https:\\\/\\\/www.accuratereviews.com\\\/it\\\/?s={search_term_string}\"},\"query-input\":{\"@type\":\"PropertyValueSpecification\",\"valueRequired\":true,\"valueName\":\"search_term_string\"}}],\"inLanguage\":\"it-IT\"}]}<\/script>\n<!-- \/ Yoast SEO plugin. -->","yoast_head_json":{"title":"Mondovo: recensione software SEO - Accurate Reviews","description":"Mondovo: recensione strumento di monitoraggio SEO all-in-one e una soluzione di marketing sui social media ideale per tutte le aziende.","robots":{"index":"index","follow":"follow","max-snippet":"max-snippet:-1","max-image-preview":"max-image-preview:large","max-video-preview":"max-video-preview:-1"},"canonical":"https:\/\/www.accuratereviews.com\/it\/strumenti-seo-lista-software\/mondavo-recensione\/","og_locale":"it_IT","og_type":"article","og_title":"Mondovo: recensione software SEO - Accurate Reviews","og_description":"Mondovo: recensione strumento di monitoraggio SEO all-in-one e una soluzione di marketing sui social media ideale per tutte le aziende.","og_url":"https:\/\/www.accuratereviews.com\/it\/strumenti-seo-lista-software\/mondavo-recensione\/","og_site_name":"Accurate Reviews","article_modified_time":"2021-11-11T17:27:13+00:00","og_image":[{"width":800,"height":605,"url":"https:\/\/www.accuratereviews.com\/wp-content\/uploads\/2019\/11\/mon.jpg","type":"image\/jpeg"}],"twitter_card":"summary_large_image","twitter_misc":{"Tempo di lettura stimato":"3 minuti"},"schema":{"@context":"https:\/\/schema.org","@graph":[{"@type":"WebPage","@id":"https:\/\/www.accuratereviews.com\/it\/strumenti-seo-lista-software\/mondavo-recensione\/","url":"https:\/\/www.accuratereviews.com\/it\/strumenti-seo-lista-software\/mondavo-recensione\/","name":"Mondovo: recensione software SEO - Accurate Reviews","isPartOf":{"@id":"https:\/\/www.accuratereviews.com\/it\/#website"},"primaryImageOfPage":{"@id":"https:\/\/www.accuratereviews.com\/it\/strumenti-seo-lista-software\/mondavo-recensione\/#primaryimage"},"image":{"@id":"https:\/\/www.accuratereviews.com\/it\/strumenti-seo-lista-software\/mondavo-recensione\/#primaryimage"},"thumbnailUrl":"https:\/\/www.accuratereviews.com\/wp-content\/uploads\/2019\/11\/mon.jpg","datePublished":"2019-11-08T14:58:11+00:00","dateModified":"2021-11-11T17:27:13+00:00","description":"Mondovo: recensione strumento di monitoraggio SEO all-in-one e una soluzione di marketing sui social media ideale per tutte le aziende.","breadcrumb":{"@id":"https:\/\/www.accuratereviews.com\/it\/strumenti-seo-lista-software\/mondavo-recensione\/#breadcrumb"},"inLanguage":"it-IT","potentialAction":[{"@type":"ReadAction","target":["https:\/\/www.accuratereviews.com\/it\/strumenti-seo-lista-software\/mondavo-recensione\/"]}]},{"@type":"ImageObject","inLanguage":"it-IT","@id":"https:\/\/www.accuratereviews.com\/it\/strumenti-seo-lista-software\/mondavo-recensione\/#primaryimage","url":"https:\/\/www.accuratereviews.com\/wp-content\/uploads\/2019\/11\/mon.jpg","contentUrl":"https:\/\/www.accuratereviews.com\/wp-content\/uploads\/2019\/11\/mon.jpg","width":800,"height":605},{"@type":"BreadcrumbList","@id":"https:\/\/www.accuratereviews.com\/it\/strumenti-seo-lista-software\/mondavo-recensione\/#breadcrumb","itemListElement":[{"@type":"ListItem","position":1,"name":"Home","item":"https:\/\/www.accuratereviews.com\/it\/"},{"@type":"ListItem","position":2,"name":"Strumenti SEO","item":"https:\/\/www.accuratereviews.com\/it\/strumenti-seo-lista-software\/"},{"@type":"ListItem","position":3,"name":"Mondovo"}]},{"@type":"WebSite","@id":"https:\/\/www.accuratereviews.com\/it\/#website","url":"https:\/\/www.accuratereviews.com\/it\/","name":"Accurate Reviews","description":"","potentialAction":[{"@type":"SearchAction","target":{"@type":"EntryPoint","urlTemplate":"https:\/\/www.accuratereviews.com\/it\/?s={search_term_string}"},"query-input":{"@type":"PropertyValueSpecification","valueRequired":true,"valueName":"search_term_string"}}],"inLanguage":"it-IT"}]}},"_links":{"self":[{"href":"https:\/\/www.accuratereviews.com\/it\/wp-json\/wp\/v2\/pages\/19944","targetHints":{"allow":["GET"]}}],"collection":[{"href":"https:\/\/www.accuratereviews.com\/it\/wp-json\/wp\/v2\/pages"}],"about":[{"href":"https:\/\/www.accuratereviews.com\/it\/wp-json\/wp\/v2\/types\/page"}],"author":[{"embeddable":true,"href":"https:\/\/www.accuratereviews.com\/it\/wp-json\/wp\/v2\/users\/19"}],"replies":[{"embeddable":true,"href":"https:\/\/www.accuratereviews.com\/it\/wp-json\/wp\/v2\/comments?post=19944"}],"version-history":[{"count":11,"href":"https:\/\/www.accuratereviews.com\/it\/wp-json\/wp\/v2\/pages\/19944\/revisions"}],"predecessor-version":[{"id":49880,"href":"https:\/\/www.accuratereviews.com\/it\/wp-json\/wp\/v2\/pages\/19944\/revisions\/49880"}],"up":[{"embeddable":true,"href":"https:\/\/www.accuratereviews.com\/it\/wp-json\/wp\/v2\/pages\/8849"}],"wp:featuredmedia":[{"embeddable":true,"href":"https:\/\/www.accuratereviews.com\/it\/wp-json\/wp\/v2\/media\/19968"}],"wp:attachment":[{"href":"https:\/\/www.accuratereviews.com\/it\/wp-json\/wp\/v2\/media?parent=19944"}],"wp:term":[{"taxonomy":"category","embeddable":true,"href":"https:\/\/www.accuratereviews.com\/it\/wp-json\/wp\/v2\/categories?post=19944"},{"taxonomy":"post_tag","embeddable":true,"href":"https:\/\/www.accuratereviews.com\/it\/wp-json\/wp\/v2\/tags?post=19944"},{"taxonomy":"features","embeddable":true,"href":"https:\/\/www.accuratereviews.com\/it\/wp-json\/wp\/v2\/features?post=19944"}],"curies":[{"name":"wp","href":"https:\/\/api.w.org\/{rel}","templated":true}]}}