{"id":19948,"date":"2019-11-08T10:43:29","date_gmt":"2019-11-08T10:43:29","guid":{"rendered":"https:\/\/www.accuratereviews.com\/?page_id=19948"},"modified":"2021-11-10T15:53:18","modified_gmt":"2021-11-10T15:53:18","slug":"linkody-recensione","status":"publish","type":"page","link":"https:\/\/www.accuratereviews.com\/it\/strumenti-seo-lista-software\/linkody-recensione\/","title":{"rendered":"Linkody"},"content":{"rendered":"<div class=\"tlid-input input\">\n<div class=\"source-wrap\">\n<div class=\"input-full-height-wrapper tlid-input-full-height-wrapper\">\n<div class=\"source-input\">\n<div class=\"source-footer-wrap source-or-target-footer\">\n<div class=\"source-footer\">\n<div class=\"speech-wrap source-or-target-footer-button left-positioned\">\n<div id=\"gt-speech\" class=\"speech-button goog-toolbar-button\" tabindex=\"0\" role=\"button\" aria-label=\"Attiva l'input vocale\" data-tooltip-align=\"t,c\" aria-pressed=\"false\" aria-disabled=\"false\" data-tooltip=\"Attiva l'input vocale\"><strong>Linkody<\/strong> \u00e8 uno <strong>strumento SEO<\/strong> che automatizza l&#8217;intero processo del <strong>monitoraggio dei backlink<\/strong>, inviandoti notifiche quando ricevi nuovi backlink o quando questi vengono rimossi. Inoltre ti permette anche di monitorare la <strong>strategia di link building<\/strong> che utilizzano i tuoi concorrenti per raggiungere pi\u00f9 <strong>traffico SEO<\/strong>. In questo modo saprai sempre quando stanno ricevendo backlink e potrai avere la situazione sotto controllo. Con Linkody potrai comprendere quali backlink sono preziosi e quali invece sono potenzialmente dannosi per la <strong>posizione delle parole chiave<\/strong> del tuo sito web.<\/div>\n<div tabindex=\"0\" role=\"button\" aria-label=\"Attiva l'input vocale\" data-tooltip-align=\"t,c\" aria-pressed=\"false\" aria-disabled=\"false\" data-tooltip=\"Attiva l'input vocale\"><\/div>\n<\/div>\n<h2 tabindex=\"0\" role=\"button\" aria-label=\"Attiva l'input vocale\" data-tooltip-align=\"t,c\" aria-pressed=\"false\" aria-disabled=\"false\" data-tooltip=\"Attiva l'input vocale\">COME FUNZIONA LINKODY &#8211; TUTORIAL<\/h2>\n<p>Ecco un video in cui ci verr\u00e0 spiegato qualcosa di pi\u00f9 al riguardo:<\/p>\n<div id=\"fluid-wrapper-counter-1\" class=\"g1-fluid-wrapper \" style=\"width:686px;\">\n<div style=\"padding-bottom:56.268221574344%;\"><iframe loading=\"lazy\" title=\"Website Review: Linkody\" width=\"686\" height=\"386\" src=\"https:\/\/www.youtube.com\/embed\/QT7Mv612pDE?feature=oembed&amp;wmode=transparent&amp;autohide=1&amp;autoplay=0&amp;disablekb=0&amp;fs=1&amp;loop=0&amp;enablejsapi=1&amp;rel=0&amp;controls=2&amp;showinfo=0&amp;wmode=transparent&amp;autohide=2&amp;autoplay=0&amp;disablekb=0&amp;fs=1&amp;loop=0&amp;enablejsapi=1&amp;rel=0&amp;controls=2&amp;showinfo=1\" frameborder=\"0\" allow=\"accelerometer; autoplay; clipboard-write; encrypted-media; gyroscope; picture-in-picture\" allowfullscreen><\/iframe><\/div>\n<\/div>\n<h3>LINKODY &#8211; CARATTERISTICHE<\/h3>\n<p>Di seguito le sue principali caratteristiche:<\/p>\n<ul>\n<li><strong>Ottimizzazione delle parole chiave<\/strong>: controlla i metadati delle tue landing page e ottimizza le parole chiave. Guarda quali link puntano a loro<\/li>\n<li><strong>Strumento Disavow<\/strong>: trova facilmente i backlink che stanno danneggiando\u00a0la posizione delle parole chiave del tuo sito web e rinnegali<\/li>\n<li><strong>Posizione del collegamento istantaneo<\/strong>: individua visivamente il link nella pagina di origine con un solo clic<\/li>\n<li><strong>Report whitelabel PDF<\/strong>: crea report in PDF con il tuo logo, pronti per essere inviati ai tuoi clienti. Potrai anche riceverli nella tua casella di posta<\/li>\n<li><strong>Dati Moz<\/strong>: controlla la posizione di Moz, autorit\u00e0 di dominio, autorit\u00e0 di pagina, punteggio spam<\/li>\n<li><strong>Statistiche di Google<\/strong>: collega il tuo account Google Analytics a Linkody per ottenere pi\u00f9 dati di backlink<\/li>\n<li><strong>Supporto multiutente<\/strong>: diversi utenti possono accedere con lo stesso account Linkody.<\/li>\n<\/ul>\n<h3>LE RECENSIONI DEGLI UTENTI<\/h3>\n<ul>\n<li><strong>&#8220;Uno dei miei primi 5 strumenti nel mio SEO Toolkit&#8221;<\/strong><br \/>\nPRO: Il motivo principale per cui utilizziamo questo strumento \u00e8 dopo aver creato post sul blog degli ospiti, ecc., Ci piace tenerli d&#8217;occhio per assicurarci che siano mantenuti attivi e che i link rimangano, questo strumento rende questo lavoro molto pi\u00f9 facile per il monitoraggio. Ci piace anche usare la funzione di tagging in modo da poter controllare i collegamenti da determinati fornitori ecc. In modo rapido e semplice.<br \/>\nCONTRO: Vorremmo che lo strumento fosse in grado di controllare lo stato dell&#8217;indice dei link in Google, comprendiamo che questo non pu\u00f2 essere fatto contro Google.<\/li>\n<li><strong>&#8220;Il miglior software di localizzazione dei link in basso&#8221;<\/strong><br \/>\nPRO: facilit\u00e0 d&#8217;uso, layout e praticit\u00e0. Non ci sono molti buoni software di monitoraggio dei collegamenti in giro. Lo uso da pi\u00f9 di due anni e vale la pena di pesare in oro.<br \/>\nCONTRO: Beh, non c&#8217;\u00e8 molto da dire, ma non tiene traccia dei serps, quindi devo usare un altro strumento di software per questo, sebbene gli sviluppatori di Linkody abbiano apparentemente aggiunto questo alla loro lista di cose da fare<\/li>\n<li><strong>&#8220;Il collegamento \u00e8 utile per verificare la salute del nostro backlink e tenere d&#8217;occhio l&#8217;origine di nuovi backlink.&#8221;<\/strong><br \/>\nPRO: Linkody \u00e8 un buon modo per identificare quando si verificano backlink errati in modo che possano essere rapidamente rinnegati prima di danneggiare la reputazione del sito.<br \/>\nCONTRO: A volte ci sono errori di scansione e riceviamo avvisi con centinaia di errori. Poich\u00e9 alcuni degli errori sono legittimi, \u00e8 necessario prenderli tutti in considerazione o attendere qualche giorno per verificarli.<\/li>\n<\/ul>\n<\/div>\n<\/div>\n<\/div>\n<\/div>\n<\/div>\n<\/div>\n","protected":false},"excerpt":{"rendered":"<p>Linkody \u00e8 uno strumento SEO che automatizza l&#8217;intero processo del monitoraggio dei backlink, inviandoti notifiche quando ricevi nuovi backlink o quando questi vengono rimossi. Inoltre ti permette anche di monitorare la strategia di link building che utilizzano i tuoi concorrenti per raggiungere pi\u00f9 traffico SEO.<\/p>\n","protected":false},"author":17,"featured_media":19951,"parent":8849,"menu_order":0,"comment_status":"open","ping_status":"closed","template":"g1_template_page_review_new.php","meta":{"_acf_changed":false,"cwp_meta_box_check":"Yes","cwp_rev_product_name":"","cwp_rev_product_image":"","wppr_links":[],"cwp_rev_price":"","wppr_options":[],"wppr_pros":[],"wppr_cons":[],"_monsterinsights_skip_tracking":false,"_monsterinsights_sitenote_active":false,"_monsterinsights_sitenote_note":"","_monsterinsights_sitenote_category":0,"footnotes":""},"categories":[175],"tags":[1401,1489,1421,1420,1417,1419],"features":[],"class_list":{"0":"post-19948","1":"page","2":"type-page","3":"status-publish","4":"has-post-thumbnail","6":"category-strumenti-seo-categoria","7":"tag-analisi-seo","8":"tag-linkody","9":"tag-programma-seo","10":"tag-software-seo","11":"tag-soluzione-seo","12":"tag-strumento-seo","13":"g1_relation_tag-analisi-seo","14":"g1_relation_tag-seo","15":"g1_relation_tag-seo-programma","16":"g1_relation_tag-seo-software"},"wppr_data":{"cwp_meta_box_check":"Yes","cwp_rev_product_name":"","cwp_rev_product_image":"","cwp_image_link":"image","cwp_rev_price":"","wppr_rating":"0.00"},"acf":[],"yoast_head":"<!-- This site is optimized with the Yoast SEO plugin v27.4 - https:\/\/yoast.com\/product\/yoast-seo-wordpress\/ -->\n<title>Linkody: recensione strumento SEO - Accurate Reviews<\/title>\n<meta name=\"description\" content=\"Linkody: recensione dello strumento SEO che automatizza l&#039;intero processo del monitoraggio dei backlink. Scopri subito come funziona.\" \/>\n<meta name=\"robots\" content=\"index, follow, max-snippet:-1, max-image-preview:large, max-video-preview:-1\" \/>\n<link rel=\"canonical\" href=\"https:\/\/www.accuratereviews.com\/it\/strumenti-seo-lista-software\/linkody-recensione\/\" \/>\n<meta property=\"og:locale\" content=\"it_IT\" \/>\n<meta property=\"og:type\" content=\"article\" \/>\n<meta property=\"og:title\" content=\"Linkody: recensione strumento SEO - Accurate Reviews\" \/>\n<meta property=\"og:description\" content=\"Linkody: recensione dello strumento SEO che automatizza l&#039;intero processo del monitoraggio dei backlink. Scopri subito come funziona.\" \/>\n<meta property=\"og:url\" content=\"https:\/\/www.accuratereviews.com\/it\/strumenti-seo-lista-software\/linkody-recensione\/\" \/>\n<meta property=\"og:site_name\" content=\"Accurate Reviews\" \/>\n<meta property=\"article:modified_time\" content=\"2021-11-10T15:53:18+00:00\" \/>\n<meta property=\"og:image\" content=\"https:\/\/www.accuratereviews.com\/wp-content\/uploads\/2019\/11\/images.png\" \/>\n\t<meta property=\"og:image:width\" content=\"407\" \/>\n\t<meta property=\"og:image:height\" content=\"124\" \/>\n\t<meta property=\"og:image:type\" content=\"image\/png\" \/>\n<meta name=\"twitter:card\" content=\"summary_large_image\" \/>\n<meta name=\"twitter:label1\" content=\"Tempo di lettura stimato\" \/>\n\t<meta name=\"twitter:data1\" content=\"3 minuti\" \/>\n<script type=\"application\/ld+json\" class=\"yoast-schema-graph\">{\"@context\":\"https:\\\/\\\/schema.org\",\"@graph\":[{\"@type\":\"WebPage\",\"@id\":\"https:\\\/\\\/www.accuratereviews.com\\\/it\\\/strumenti-seo-lista-software\\\/linkody-recensione\\\/\",\"url\":\"https:\\\/\\\/www.accuratereviews.com\\\/it\\\/strumenti-seo-lista-software\\\/linkody-recensione\\\/\",\"name\":\"Linkody: recensione strumento SEO - Accurate Reviews\",\"isPartOf\":{\"@id\":\"https:\\\/\\\/www.accuratereviews.com\\\/it\\\/#website\"},\"primaryImageOfPage\":{\"@id\":\"https:\\\/\\\/www.accuratereviews.com\\\/it\\\/strumenti-seo-lista-software\\\/linkody-recensione\\\/#primaryimage\"},\"image\":{\"@id\":\"https:\\\/\\\/www.accuratereviews.com\\\/it\\\/strumenti-seo-lista-software\\\/linkody-recensione\\\/#primaryimage\"},\"thumbnailUrl\":\"https:\\\/\\\/www.accuratereviews.com\\\/wp-content\\\/uploads\\\/2019\\\/11\\\/images.png\",\"datePublished\":\"2019-11-08T10:43:29+00:00\",\"dateModified\":\"2021-11-10T15:53:18+00:00\",\"description\":\"Linkody: recensione dello strumento SEO che automatizza l'intero processo del monitoraggio dei backlink. Scopri subito come funziona.\",\"breadcrumb\":{\"@id\":\"https:\\\/\\\/www.accuratereviews.com\\\/it\\\/strumenti-seo-lista-software\\\/linkody-recensione\\\/#breadcrumb\"},\"inLanguage\":\"it-IT\",\"potentialAction\":[{\"@type\":\"ReadAction\",\"target\":[\"https:\\\/\\\/www.accuratereviews.com\\\/it\\\/strumenti-seo-lista-software\\\/linkody-recensione\\\/\"]}]},{\"@type\":\"ImageObject\",\"inLanguage\":\"it-IT\",\"@id\":\"https:\\\/\\\/www.accuratereviews.com\\\/it\\\/strumenti-seo-lista-software\\\/linkody-recensione\\\/#primaryimage\",\"url\":\"https:\\\/\\\/www.accuratereviews.com\\\/wp-content\\\/uploads\\\/2019\\\/11\\\/images.png\",\"contentUrl\":\"https:\\\/\\\/www.accuratereviews.com\\\/wp-content\\\/uploads\\\/2019\\\/11\\\/images.png\",\"width\":407,\"height\":124},{\"@type\":\"BreadcrumbList\",\"@id\":\"https:\\\/\\\/www.accuratereviews.com\\\/it\\\/strumenti-seo-lista-software\\\/linkody-recensione\\\/#breadcrumb\",\"itemListElement\":[{\"@type\":\"ListItem\",\"position\":1,\"name\":\"Home\",\"item\":\"https:\\\/\\\/www.accuratereviews.com\\\/it\\\/\"},{\"@type\":\"ListItem\",\"position\":2,\"name\":\"Strumenti SEO\",\"item\":\"https:\\\/\\\/www.accuratereviews.com\\\/it\\\/strumenti-seo-lista-software\\\/\"},{\"@type\":\"ListItem\",\"position\":3,\"name\":\"Linkody\"}]},{\"@type\":\"WebSite\",\"@id\":\"https:\\\/\\\/www.accuratereviews.com\\\/it\\\/#website\",\"url\":\"https:\\\/\\\/www.accuratereviews.com\\\/it\\\/\",\"name\":\"Accurate Reviews\",\"description\":\"\",\"potentialAction\":[{\"@type\":\"SearchAction\",\"target\":{\"@type\":\"EntryPoint\",\"urlTemplate\":\"https:\\\/\\\/www.accuratereviews.com\\\/it\\\/?s={search_term_string}\"},\"query-input\":{\"@type\":\"PropertyValueSpecification\",\"valueRequired\":true,\"valueName\":\"search_term_string\"}}],\"inLanguage\":\"it-IT\"}]}<\/script>\n<!-- \/ Yoast SEO plugin. -->","yoast_head_json":{"title":"Linkody: recensione strumento SEO - Accurate Reviews","description":"Linkody: recensione dello strumento SEO che automatizza l'intero processo del monitoraggio dei backlink. Scopri subito come funziona.","robots":{"index":"index","follow":"follow","max-snippet":"max-snippet:-1","max-image-preview":"max-image-preview:large","max-video-preview":"max-video-preview:-1"},"canonical":"https:\/\/www.accuratereviews.com\/it\/strumenti-seo-lista-software\/linkody-recensione\/","og_locale":"it_IT","og_type":"article","og_title":"Linkody: recensione strumento SEO - Accurate Reviews","og_description":"Linkody: recensione dello strumento SEO che automatizza l'intero processo del monitoraggio dei backlink. Scopri subito come funziona.","og_url":"https:\/\/www.accuratereviews.com\/it\/strumenti-seo-lista-software\/linkody-recensione\/","og_site_name":"Accurate Reviews","article_modified_time":"2021-11-10T15:53:18+00:00","og_image":[{"width":407,"height":124,"url":"https:\/\/www.accuratereviews.com\/wp-content\/uploads\/2019\/11\/images.png","type":"image\/png"}],"twitter_card":"summary_large_image","twitter_misc":{"Tempo di lettura stimato":"3 minuti"},"schema":{"@context":"https:\/\/schema.org","@graph":[{"@type":"WebPage","@id":"https:\/\/www.accuratereviews.com\/it\/strumenti-seo-lista-software\/linkody-recensione\/","url":"https:\/\/www.accuratereviews.com\/it\/strumenti-seo-lista-software\/linkody-recensione\/","name":"Linkody: recensione strumento SEO - Accurate Reviews","isPartOf":{"@id":"https:\/\/www.accuratereviews.com\/it\/#website"},"primaryImageOfPage":{"@id":"https:\/\/www.accuratereviews.com\/it\/strumenti-seo-lista-software\/linkody-recensione\/#primaryimage"},"image":{"@id":"https:\/\/www.accuratereviews.com\/it\/strumenti-seo-lista-software\/linkody-recensione\/#primaryimage"},"thumbnailUrl":"https:\/\/www.accuratereviews.com\/wp-content\/uploads\/2019\/11\/images.png","datePublished":"2019-11-08T10:43:29+00:00","dateModified":"2021-11-10T15:53:18+00:00","description":"Linkody: recensione dello strumento SEO che automatizza l'intero processo del monitoraggio dei backlink. Scopri subito come funziona.","breadcrumb":{"@id":"https:\/\/www.accuratereviews.com\/it\/strumenti-seo-lista-software\/linkody-recensione\/#breadcrumb"},"inLanguage":"it-IT","potentialAction":[{"@type":"ReadAction","target":["https:\/\/www.accuratereviews.com\/it\/strumenti-seo-lista-software\/linkody-recensione\/"]}]},{"@type":"ImageObject","inLanguage":"it-IT","@id":"https:\/\/www.accuratereviews.com\/it\/strumenti-seo-lista-software\/linkody-recensione\/#primaryimage","url":"https:\/\/www.accuratereviews.com\/wp-content\/uploads\/2019\/11\/images.png","contentUrl":"https:\/\/www.accuratereviews.com\/wp-content\/uploads\/2019\/11\/images.png","width":407,"height":124},{"@type":"BreadcrumbList","@id":"https:\/\/www.accuratereviews.com\/it\/strumenti-seo-lista-software\/linkody-recensione\/#breadcrumb","itemListElement":[{"@type":"ListItem","position":1,"name":"Home","item":"https:\/\/www.accuratereviews.com\/it\/"},{"@type":"ListItem","position":2,"name":"Strumenti SEO","item":"https:\/\/www.accuratereviews.com\/it\/strumenti-seo-lista-software\/"},{"@type":"ListItem","position":3,"name":"Linkody"}]},{"@type":"WebSite","@id":"https:\/\/www.accuratereviews.com\/it\/#website","url":"https:\/\/www.accuratereviews.com\/it\/","name":"Accurate Reviews","description":"","potentialAction":[{"@type":"SearchAction","target":{"@type":"EntryPoint","urlTemplate":"https:\/\/www.accuratereviews.com\/it\/?s={search_term_string}"},"query-input":{"@type":"PropertyValueSpecification","valueRequired":true,"valueName":"search_term_string"}}],"inLanguage":"it-IT"}]}},"_links":{"self":[{"href":"https:\/\/www.accuratereviews.com\/it\/wp-json\/wp\/v2\/pages\/19948","targetHints":{"allow":["GET"]}}],"collection":[{"href":"https:\/\/www.accuratereviews.com\/it\/wp-json\/wp\/v2\/pages"}],"about":[{"href":"https:\/\/www.accuratereviews.com\/it\/wp-json\/wp\/v2\/types\/page"}],"author":[{"embeddable":true,"href":"https:\/\/www.accuratereviews.com\/it\/wp-json\/wp\/v2\/users\/17"}],"replies":[{"embeddable":true,"href":"https:\/\/www.accuratereviews.com\/it\/wp-json\/wp\/v2\/comments?post=19948"}],"version-history":[{"count":7,"href":"https:\/\/www.accuratereviews.com\/it\/wp-json\/wp\/v2\/pages\/19948\/revisions"}],"predecessor-version":[{"id":49792,"href":"https:\/\/www.accuratereviews.com\/it\/wp-json\/wp\/v2\/pages\/19948\/revisions\/49792"}],"up":[{"embeddable":true,"href":"https:\/\/www.accuratereviews.com\/it\/wp-json\/wp\/v2\/pages\/8849"}],"wp:featuredmedia":[{"embeddable":true,"href":"https:\/\/www.accuratereviews.com\/it\/wp-json\/wp\/v2\/media\/19951"}],"wp:attachment":[{"href":"https:\/\/www.accuratereviews.com\/it\/wp-json\/wp\/v2\/media?parent=19948"}],"wp:term":[{"taxonomy":"category","embeddable":true,"href":"https:\/\/www.accuratereviews.com\/it\/wp-json\/wp\/v2\/categories?post=19948"},{"taxonomy":"post_tag","embeddable":true,"href":"https:\/\/www.accuratereviews.com\/it\/wp-json\/wp\/v2\/tags?post=19948"},{"taxonomy":"features","embeddable":true,"href":"https:\/\/www.accuratereviews.com\/it\/wp-json\/wp\/v2\/features?post=19948"}],"curies":[{"name":"wp","href":"https:\/\/api.w.org\/{rel}","templated":true}]}}