{"id":19957,"date":"2019-11-08T14:59:14","date_gmt":"2019-11-08T14:59:14","guid":{"rendered":"https:\/\/www.accuratereviews.com\/?page_id=19957"},"modified":"2021-11-12T15:27:25","modified_gmt":"2021-11-12T15:27:25","slug":"rankactive-recensione","status":"publish","type":"page","link":"https:\/\/www.accuratereviews.com\/it\/strumenti-seo-lista-software\/rankactive-recensione\/","title":{"rendered":"RankActive"},"content":{"rendered":"<p><strong>RankActive<\/strong> \u00e8 una <strong>soluzione SEO<\/strong> progettata principalmente per esperti e agenzie SEO, imprenditori e marketers che necessitano di uno strumento che migliori la la gestione del flusso di lavoro. Si tratta infatti di una piattaforma online che automatizza moltissimi processi che normalmente richiedono tempo e denaro come, ad esempio, la <strong>creazione dei report e l&#8217;analisi on-page<\/strong>. Oltre a questo, funge anche da <strong>strumento di ricerca per parole chiave<\/strong> che ti suggerisce quali sono le migliori da utilizzare in modo tale da portare il tuo sito web in cima alle ricerche. Pu\u00f2 anche fare un&#8217;analisi completa e approfondita della <strong>strategia SEO dei concorrenti<\/strong> che ti permette di rimanere sempre aggiornato su tutto.<\/p>\n<h2>COME FUNZIONA RANKACTIVE &#8211; TUTORIAL<\/h2>\n<p>In questo breve video verr\u00e0 spiegato come utilizzare lo strumento di Analytics di questo software:<\/p>\n<div id=\"fluid-wrapper-counter-1\" class=\"g1-fluid-wrapper \" style=\"width:686px;\">\n<div style=\"padding-bottom:56.268221574344%;\"><iframe loading=\"lazy\" title=\"Analytics Overview\" width=\"686\" height=\"386\" src=\"https:\/\/www.youtube.com\/embed\/joXhQWey3Rs?feature=oembed&amp;wmode=transparent&amp;autohide=1&amp;autoplay=0&amp;disablekb=0&amp;fs=1&amp;loop=0&amp;enablejsapi=1&amp;rel=0&amp;controls=2&amp;showinfo=0&amp;wmode=transparent&amp;autohide=2&amp;autoplay=0&amp;disablekb=0&amp;fs=1&amp;loop=0&amp;enablejsapi=1&amp;rel=0&amp;controls=2&amp;showinfo=1\" frameborder=\"0\" allow=\"accelerometer; autoplay; clipboard-write; encrypted-media; gyroscope; picture-in-picture\" allowfullscreen><\/iframe><\/div>\n<\/div>\n<h3>RANKACTIVE &#8211; CARATTERISTICHE<\/h3>\n<p>Ecco le sue principali caratteristiche:<\/p>\n<p><strong>Rank tracker<\/strong>:\u00a0ti aiuta a monitorare le classifiche dei tuoi motori di ricerca e a ottenere informazioni complete sulle tue parole chiave<br \/>\n<strong>Anlytics del sito web<\/strong>: puoi integrarlo con Google Analytics per controllare il traffico, le conversioni, i contenuti popolari e molto altro<br \/>\n<strong>Ispettore concorrenti<\/strong>: ti aiuta a confrontare il tuo sito web con i concorrenti per traffico, classifiche, visibilit\u00e0<br \/>\n<strong>Revisore del sito<\/strong>: controlla ogni pagina del tuo sito web per errori tecnici e collegamenti interrotti, in modo da poterli correggere nel caso vengano trovati<br \/>\n<strong>Top Analyzer<\/strong>: fornisce i dati dettagliati per l&#8217;analisi del sito web TOP 10 dalla SERP di qualsiasi motore di ricerca.<br \/>\n<strong>Keyword Finder<\/strong>: aiuta a far fronte alla ricerca di parole chiave. Raccogli le parole chiave pi\u00f9 efficienti, traccia le loro prestazioni e sviluppa un eccezionale piano di gioco SEO.<\/p>\n<h3>LE RECENSIONI DEGLI UTENTI<\/h3>\n<ul>\n<li><strong>&#8220;Grande set di strumenti SEO e fantastici piani di tracciamento dei ranghi.&#8221;<\/strong><br \/>\nIN GENERALE: grande squadra, \u00e8 stato reattivo quando li ho contattati. Davvero uno strumento che mi ha lasciato senza fiato!<br \/>\nPRO: Adoro il set di strumenti, il loro posizionamento \u00e8 solido, i loro audit e altre informazioni sono utili quando si lavora su SEO. Non vedo l&#8217;ora di vedere cosa aggiungeranno dopo!!<br \/>\nCONTRO: mi ha aiutato a selezionare le mie parole chiave e ha scaricato molte parole chiave extra, quindi \u00e8 necessario dedicare del tempo per qualificare le parole chiave. Questo \u00e8 per qualsiasi tracker di rango ma il loro pull automatico delle parole chiave pu\u00f2 renderlo pi\u00f9 facile o pi\u00f9 ingombrante a seconda di ci\u00f2 che estrae.<\/li>\n<li><strong>&#8220;Questo porta il sito web a un livello superiore&#8221;<\/strong><br \/>\nIN GENERALE: sto ottimizzando i miei rapporti e la manutenzione del sito con una combinazione di rankactive, google analytics e google search console<br \/>\nPRO: oltre a utilizzare Google Analytics su tutti i miei siti Web, Rankactive fornisce un altro livello di informazioni che \u00e8 incredibilmente utile quando si tratta di mantenere la produttivit\u00e0 dei miei siti. Il revisore dei siti ha contribuito a identificare alcuni problemi di fondo che non sono stati osservati per un bel po&#8217;.<br \/>\nCONTRO: la segnalazione dei concorrenti non \u00e8 molto accurata<\/li>\n<li><strong>&#8220;Facile da usare ha ancora bisogno di appianare alcuni nodi.&#8221;<\/strong><br \/>\nPRO: RankActive \u00e8 fantastico se ti stai concentrando sul SEO. Tiene traccia di parole chiave, backlink, dati della concorrenza e consigli SEO sulla pagina. Quasi ogni report pu\u00f2 essere esportato.<br \/>\nCONTRO: Odio davvero il modo in cui i dati prodotti su RankActive differiscono da ci\u00f2 che viene mostrato su Google Analytics. I numeri sono sempre spenti.<\/li>\n<\/ul>\n","protected":false},"excerpt":{"rendered":"<p>RankActive \u00e8 una soluzione SEO progettata principalmente per esperti e agenzie SEO, imprenditori e marketers che necessitano di uno strumento che migliori la la gestione del flusso di lavoro. Si tratta infatti di una piattaforma online che automatizza moltissimi processi che normalmente richiedono tempo e denaro come, ad esempio, la creazione dei report e l&#8217;analisi on-page.<\/p>\n","protected":false},"author":17,"featured_media":19959,"parent":8849,"menu_order":0,"comment_status":"open","ping_status":"closed","template":"g1_template_page_review_new.php","meta":{"_acf_changed":false,"cwp_meta_box_check":"Yes","cwp_rev_product_name":"","cwp_rev_product_image":"","wppr_links":[],"cwp_rev_price":"","wppr_options":[],"wppr_pros":[],"wppr_cons":[],"_monsterinsights_skip_tracking":false,"_monsterinsights_sitenote_active":false,"_monsterinsights_sitenote_note":"","_monsterinsights_sitenote_category":0,"footnotes":""},"categories":[175],"tags":[1401,1431,901,1419],"features":[],"class_list":{"0":"post-19957","1":"page","2":"type-page","3":"status-publish","4":"has-post-thumbnail","6":"category-strumenti-seo-categoria","7":"tag-analisi-seo","8":"tag-ottimizzazione-seo","9":"tag-seo","10":"tag-strumento-seo"},"wppr_data":{"cwp_meta_box_check":"Yes","cwp_rev_product_name":"","cwp_rev_product_image":"","cwp_image_link":"image","cwp_rev_price":"","wppr_rating":"0.00"},"acf":[],"yoast_head":"<!-- This site is optimized with the Yoast SEO plugin v27.4 - https:\/\/yoast.com\/product\/yoast-seo-wordpress\/ -->\n<title>RankActive: recensione programma SEO - Accurate Reviews<\/title>\n<meta name=\"description\" content=\"RankActive: recensione del programma SEO progettato principalmente per esperti e agenzie SEO, imprenditori e marketers. Scopri di pi\u00f9.\" \/>\n<meta name=\"robots\" content=\"index, follow, max-snippet:-1, max-image-preview:large, max-video-preview:-1\" \/>\n<link rel=\"canonical\" href=\"https:\/\/www.accuratereviews.com\/it\/strumenti-seo-lista-software\/rankactive-recensione\/\" \/>\n<meta property=\"og:locale\" content=\"it_IT\" \/>\n<meta property=\"og:type\" content=\"article\" \/>\n<meta property=\"og:title\" content=\"RankActive: recensione programma SEO - Accurate Reviews\" \/>\n<meta property=\"og:description\" content=\"RankActive: recensione del programma SEO progettato principalmente per esperti e agenzie SEO, imprenditori e marketers. Scopri di pi\u00f9.\" \/>\n<meta property=\"og:url\" content=\"https:\/\/www.accuratereviews.com\/it\/strumenti-seo-lista-software\/rankactive-recensione\/\" \/>\n<meta property=\"og:site_name\" content=\"Accurate Reviews\" \/>\n<meta property=\"article:modified_time\" content=\"2021-11-12T15:27:25+00:00\" \/>\n<meta property=\"og:image\" content=\"https:\/\/www.accuratereviews.com\/wp-content\/uploads\/2019\/11\/images-1.png\" \/>\n\t<meta property=\"og:image:width\" content=\"505\" \/>\n\t<meta property=\"og:image:height\" content=\"100\" \/>\n\t<meta property=\"og:image:type\" content=\"image\/png\" \/>\n<meta name=\"twitter:card\" content=\"summary_large_image\" \/>\n<meta name=\"twitter:label1\" content=\"Tempo di lettura stimato\" \/>\n\t<meta name=\"twitter:data1\" content=\"3 minuti\" \/>\n<script type=\"application\/ld+json\" class=\"yoast-schema-graph\">{\"@context\":\"https:\\\/\\\/schema.org\",\"@graph\":[{\"@type\":\"WebPage\",\"@id\":\"https:\\\/\\\/www.accuratereviews.com\\\/it\\\/strumenti-seo-lista-software\\\/rankactive-recensione\\\/\",\"url\":\"https:\\\/\\\/www.accuratereviews.com\\\/it\\\/strumenti-seo-lista-software\\\/rankactive-recensione\\\/\",\"name\":\"RankActive: recensione programma SEO - Accurate Reviews\",\"isPartOf\":{\"@id\":\"https:\\\/\\\/www.accuratereviews.com\\\/it\\\/#website\"},\"primaryImageOfPage\":{\"@id\":\"https:\\\/\\\/www.accuratereviews.com\\\/it\\\/strumenti-seo-lista-software\\\/rankactive-recensione\\\/#primaryimage\"},\"image\":{\"@id\":\"https:\\\/\\\/www.accuratereviews.com\\\/it\\\/strumenti-seo-lista-software\\\/rankactive-recensione\\\/#primaryimage\"},\"thumbnailUrl\":\"https:\\\/\\\/www.accuratereviews.com\\\/wp-content\\\/uploads\\\/2019\\\/11\\\/images-1.png\",\"datePublished\":\"2019-11-08T14:59:14+00:00\",\"dateModified\":\"2021-11-12T15:27:25+00:00\",\"description\":\"RankActive: recensione del programma SEO progettato principalmente per esperti e agenzie SEO, imprenditori e marketers. Scopri di pi\u00f9.\",\"breadcrumb\":{\"@id\":\"https:\\\/\\\/www.accuratereviews.com\\\/it\\\/strumenti-seo-lista-software\\\/rankactive-recensione\\\/#breadcrumb\"},\"inLanguage\":\"it-IT\",\"potentialAction\":[{\"@type\":\"ReadAction\",\"target\":[\"https:\\\/\\\/www.accuratereviews.com\\\/it\\\/strumenti-seo-lista-software\\\/rankactive-recensione\\\/\"]}]},{\"@type\":\"ImageObject\",\"inLanguage\":\"it-IT\",\"@id\":\"https:\\\/\\\/www.accuratereviews.com\\\/it\\\/strumenti-seo-lista-software\\\/rankactive-recensione\\\/#primaryimage\",\"url\":\"https:\\\/\\\/www.accuratereviews.com\\\/wp-content\\\/uploads\\\/2019\\\/11\\\/images-1.png\",\"contentUrl\":\"https:\\\/\\\/www.accuratereviews.com\\\/wp-content\\\/uploads\\\/2019\\\/11\\\/images-1.png\",\"width\":505,\"height\":100},{\"@type\":\"BreadcrumbList\",\"@id\":\"https:\\\/\\\/www.accuratereviews.com\\\/it\\\/strumenti-seo-lista-software\\\/rankactive-recensione\\\/#breadcrumb\",\"itemListElement\":[{\"@type\":\"ListItem\",\"position\":1,\"name\":\"Home\",\"item\":\"https:\\\/\\\/www.accuratereviews.com\\\/it\\\/\"},{\"@type\":\"ListItem\",\"position\":2,\"name\":\"Strumenti SEO\",\"item\":\"https:\\\/\\\/www.accuratereviews.com\\\/it\\\/strumenti-seo-lista-software\\\/\"},{\"@type\":\"ListItem\",\"position\":3,\"name\":\"RankActive\"}]},{\"@type\":\"WebSite\",\"@id\":\"https:\\\/\\\/www.accuratereviews.com\\\/it\\\/#website\",\"url\":\"https:\\\/\\\/www.accuratereviews.com\\\/it\\\/\",\"name\":\"Accurate Reviews\",\"description\":\"\",\"potentialAction\":[{\"@type\":\"SearchAction\",\"target\":{\"@type\":\"EntryPoint\",\"urlTemplate\":\"https:\\\/\\\/www.accuratereviews.com\\\/it\\\/?s={search_term_string}\"},\"query-input\":{\"@type\":\"PropertyValueSpecification\",\"valueRequired\":true,\"valueName\":\"search_term_string\"}}],\"inLanguage\":\"it-IT\"}]}<\/script>\n<!-- \/ Yoast SEO plugin. -->","yoast_head_json":{"title":"RankActive: recensione programma SEO - Accurate Reviews","description":"RankActive: recensione del programma SEO progettato principalmente per esperti e agenzie SEO, imprenditori e marketers. Scopri di pi\u00f9.","robots":{"index":"index","follow":"follow","max-snippet":"max-snippet:-1","max-image-preview":"max-image-preview:large","max-video-preview":"max-video-preview:-1"},"canonical":"https:\/\/www.accuratereviews.com\/it\/strumenti-seo-lista-software\/rankactive-recensione\/","og_locale":"it_IT","og_type":"article","og_title":"RankActive: recensione programma SEO - Accurate Reviews","og_description":"RankActive: recensione del programma SEO progettato principalmente per esperti e agenzie SEO, imprenditori e marketers. Scopri di pi\u00f9.","og_url":"https:\/\/www.accuratereviews.com\/it\/strumenti-seo-lista-software\/rankactive-recensione\/","og_site_name":"Accurate Reviews","article_modified_time":"2021-11-12T15:27:25+00:00","og_image":[{"width":505,"height":100,"url":"https:\/\/www.accuratereviews.com\/wp-content\/uploads\/2019\/11\/images-1.png","type":"image\/png"}],"twitter_card":"summary_large_image","twitter_misc":{"Tempo di lettura stimato":"3 minuti"},"schema":{"@context":"https:\/\/schema.org","@graph":[{"@type":"WebPage","@id":"https:\/\/www.accuratereviews.com\/it\/strumenti-seo-lista-software\/rankactive-recensione\/","url":"https:\/\/www.accuratereviews.com\/it\/strumenti-seo-lista-software\/rankactive-recensione\/","name":"RankActive: recensione programma SEO - Accurate Reviews","isPartOf":{"@id":"https:\/\/www.accuratereviews.com\/it\/#website"},"primaryImageOfPage":{"@id":"https:\/\/www.accuratereviews.com\/it\/strumenti-seo-lista-software\/rankactive-recensione\/#primaryimage"},"image":{"@id":"https:\/\/www.accuratereviews.com\/it\/strumenti-seo-lista-software\/rankactive-recensione\/#primaryimage"},"thumbnailUrl":"https:\/\/www.accuratereviews.com\/wp-content\/uploads\/2019\/11\/images-1.png","datePublished":"2019-11-08T14:59:14+00:00","dateModified":"2021-11-12T15:27:25+00:00","description":"RankActive: recensione del programma SEO progettato principalmente per esperti e agenzie SEO, imprenditori e marketers. Scopri di pi\u00f9.","breadcrumb":{"@id":"https:\/\/www.accuratereviews.com\/it\/strumenti-seo-lista-software\/rankactive-recensione\/#breadcrumb"},"inLanguage":"it-IT","potentialAction":[{"@type":"ReadAction","target":["https:\/\/www.accuratereviews.com\/it\/strumenti-seo-lista-software\/rankactive-recensione\/"]}]},{"@type":"ImageObject","inLanguage":"it-IT","@id":"https:\/\/www.accuratereviews.com\/it\/strumenti-seo-lista-software\/rankactive-recensione\/#primaryimage","url":"https:\/\/www.accuratereviews.com\/wp-content\/uploads\/2019\/11\/images-1.png","contentUrl":"https:\/\/www.accuratereviews.com\/wp-content\/uploads\/2019\/11\/images-1.png","width":505,"height":100},{"@type":"BreadcrumbList","@id":"https:\/\/www.accuratereviews.com\/it\/strumenti-seo-lista-software\/rankactive-recensione\/#breadcrumb","itemListElement":[{"@type":"ListItem","position":1,"name":"Home","item":"https:\/\/www.accuratereviews.com\/it\/"},{"@type":"ListItem","position":2,"name":"Strumenti SEO","item":"https:\/\/www.accuratereviews.com\/it\/strumenti-seo-lista-software\/"},{"@type":"ListItem","position":3,"name":"RankActive"}]},{"@type":"WebSite","@id":"https:\/\/www.accuratereviews.com\/it\/#website","url":"https:\/\/www.accuratereviews.com\/it\/","name":"Accurate Reviews","description":"","potentialAction":[{"@type":"SearchAction","target":{"@type":"EntryPoint","urlTemplate":"https:\/\/www.accuratereviews.com\/it\/?s={search_term_string}"},"query-input":{"@type":"PropertyValueSpecification","valueRequired":true,"valueName":"search_term_string"}}],"inLanguage":"it-IT"}]}},"_links":{"self":[{"href":"https:\/\/www.accuratereviews.com\/it\/wp-json\/wp\/v2\/pages\/19957","targetHints":{"allow":["GET"]}}],"collection":[{"href":"https:\/\/www.accuratereviews.com\/it\/wp-json\/wp\/v2\/pages"}],"about":[{"href":"https:\/\/www.accuratereviews.com\/it\/wp-json\/wp\/v2\/types\/page"}],"author":[{"embeddable":true,"href":"https:\/\/www.accuratereviews.com\/it\/wp-json\/wp\/v2\/users\/17"}],"replies":[{"embeddable":true,"href":"https:\/\/www.accuratereviews.com\/it\/wp-json\/wp\/v2\/comments?post=19957"}],"version-history":[{"count":2,"href":"https:\/\/www.accuratereviews.com\/it\/wp-json\/wp\/v2\/pages\/19957\/revisions"}],"predecessor-version":[{"id":49935,"href":"https:\/\/www.accuratereviews.com\/it\/wp-json\/wp\/v2\/pages\/19957\/revisions\/49935"}],"up":[{"embeddable":true,"href":"https:\/\/www.accuratereviews.com\/it\/wp-json\/wp\/v2\/pages\/8849"}],"wp:featuredmedia":[{"embeddable":true,"href":"https:\/\/www.accuratereviews.com\/it\/wp-json\/wp\/v2\/media\/19959"}],"wp:attachment":[{"href":"https:\/\/www.accuratereviews.com\/it\/wp-json\/wp\/v2\/media?parent=19957"}],"wp:term":[{"taxonomy":"category","embeddable":true,"href":"https:\/\/www.accuratereviews.com\/it\/wp-json\/wp\/v2\/categories?post=19957"},{"taxonomy":"post_tag","embeddable":true,"href":"https:\/\/www.accuratereviews.com\/it\/wp-json\/wp\/v2\/tags?post=19957"},{"taxonomy":"features","embeddable":true,"href":"https:\/\/www.accuratereviews.com\/it\/wp-json\/wp\/v2\/features?post=19957"}],"curies":[{"name":"wp","href":"https:\/\/api.w.org\/{rel}","templated":true}]}}