{"id":20014,"date":"2019-11-11T16:18:00","date_gmt":"2019-11-11T16:18:00","guid":{"rendered":"https:\/\/www.accuratereviews.com\/?page_id=20014"},"modified":"2021-11-10T16:54:58","modified_gmt":"2021-11-10T16:54:58","slug":"brightlocal-recensione","status":"publish","type":"page","link":"https:\/\/www.accuratereviews.com\/it\/strumenti-seo-lista-software\/brightlocal-recensione\/","title":{"rendered":"BrightLocal"},"content":{"rendered":"<p><strong>BrightLocal<\/strong> \u00e8 un <strong>software SEO<\/strong> sviluppato con tutte le funzionalit\u00e0 e gli strumenti per aumentare la visibilit\u00e0 della tua attivit\u00e0 sul web e attirare pi\u00f9 consumatori locali. Con <strong>BrightLocal<\/strong>, otterrai rapporti SEO locali rapidi e precisi mentre risparmi ore preziose di lavoro. Ci\u00f2 significa che puoi aggiungere elementi di branding come loghi e colori del marchio ai tuoi rapporti per dare loro una sensazione molto aziendale che i tuoi clienti apprezzeranno. Puoi anche dare loro accesso ai tuoi report HTML (online) in modo che possano visualizzare i dati e ottenere anche approfondimenti. Oppure, se lo desideri, hai il potere di controllare quali dati desideri vengano visualizzati dai tuoi clienti.<\/p>\n<h2>BRIGHTLOCAL &#8211; TUTORIAL<\/h2>\n<p>In questo video diamo un occhiata come funziona esattamente questo <strong>software SEO<\/strong> in modo da sapere come usarlo per aumentare il posizionamento dei motori di ricerca per qualsiasi attivit\u00e0 commerciale locale:<\/p>\n<div id=\"fluid-wrapper-counter-1\" class=\"g1-fluid-wrapper \" style=\"width:686px;\">\n<div style=\"padding-bottom:56.268221574344%;\"><iframe loading=\"lazy\" title=\"Local SEO Checkup: How to Use Bright Local to Improve Rankings\" width=\"686\" height=\"386\" src=\"https:\/\/www.youtube.com\/embed\/HpkmbaKIm1M?feature=oembed&amp;wmode=transparent&amp;autohide=1&amp;autoplay=0&amp;disablekb=0&amp;fs=1&amp;loop=0&amp;enablejsapi=1&amp;rel=0&amp;controls=2&amp;showinfo=0&amp;wmode=transparent&amp;autohide=2&amp;autoplay=0&amp;disablekb=0&amp;fs=1&amp;loop=0&amp;enablejsapi=1&amp;rel=0&amp;controls=2&amp;showinfo=1\" frameborder=\"0\" allow=\"accelerometer; autoplay; clipboard-write; encrypted-media; gyroscope; picture-in-picture\" allowfullscreen><\/iframe><\/div>\n<\/div>\n<p>&nbsp;<\/p>\n<h3>BRIGHTLOCAL &#8211; CARATTERISTICHE<\/h3>\n<ul>\n<li>Istantanea visiva delle tue metriche pi\u00f9 importanti in un unico posto<\/li>\n<li>Rapporti individuali dettagliati per un&#8217;analisi pi\u00f9 approfondita<\/li>\n<li>Layout personalizzabile con semplici moduli drag-and-drop<\/li>\n<li>Gestisci i tuoi risultati con i report client in white label<\/li>\n<li>Assumi il pieno controllo di ci\u00f2 che ogni cliente vede<\/li>\n<li>Monitora le classifiche in organico, pacchetto locale, mappe e dispositivi mobili<\/li>\n<li>Tieni traccia delle classifiche a livello di citt\u00e0 o codice postale<\/li>\n<li>Identifica i gruppi di parole chiave migliori e peggiori<\/li>\n<li>Confronta le classifiche per centinaia di posizioni in un rapporto<\/li>\n<li>Classifiche benchmark rispetto ai concorrenti<\/li>\n<li>Scopri il potenziale valore della parola chiave<\/li>\n<li>Audit NAP dettagliato e rapporto sul punteggio di citazione<\/li>\n<li>Tieni traccia della crescita delle citazioni attive settimana su settimana<\/li>\n<li>Trova e correggi duplicati dannosi<\/li>\n<li>Monitorare le citazioni della concorrenza e colmare le lacune<\/li>\n<li>Scopri nuove opportunit\u00e0 di citazione<\/li>\n<li>Personalizza i rapporti con note e icone<\/li>\n<li>Visualizza preziosi feedback dei clienti in un unico posto<\/li>\n<li>Generare recensioni online su siti<\/li>\n<li>Risposta in 1 clic alle recensioni di Google e Facebook<\/li>\n<li>Monitorare siti di recensioni specifici del settore<\/li>\n<li>Ricevi nuovi avvisi di revisione<\/li>\n<li>Agisci su recensioni false<\/li>\n<\/ul>\n<h4>LE RECENSIONI DEGLI UTENTI<\/h4>\n<h4>Steven J. &#8220;Prodotto eccellente per SEO&#8221;<\/h4>\n<p><strong>Commenti<\/strong>: \u00e8 stato molto piacevole. La loro squadra \u00e8 molto ricettiva. Sono nel Regno Unito, quindi i tempi sono stati una sfida, ma non male!<\/p>\n<p><strong>Vantaggi<\/strong>: \u00e8 uno sportello unico per le esigenze SEO della nostra agenzia. Siamo in grado di tracciare gli elenchi locali e il SEO tecnico in loco.<\/p>\n<p><strong>Inconvenienti<\/strong>: la creazione di un account come agenzia \u00e8 stata un po &#8216;complicata e difficile da navigare. Sono passati mesi e stiamo ancora lavorando al set up.<\/p>\n<h4>Charles T. &#8220;Uso di base per le imprese&#8221;<\/h4>\n<p><strong>Commenti<\/strong>: l&#8217;esperienza complessiva \u00e8 giusta. Alcuni servizi clienti sono stati migliori di altri. Inoltre, gli strumenti di reporting e i report in white label sono fantastici. Sarebbe meglio con alcuni elementi di monitoraggio di base 24\/7 che non richiedevano l&#8217;esecuzione di un rapporto.<\/p>\n<p><strong>Vantaggi<\/strong>: il team di supporto \u00e8 stato per la maggior parte molto utile quando si \u00e8 verificato un problema. Mi piace la possibilit\u00e0 di utilizzare gli elementi Rank Checker e Citation Tracking nello stesso software.<\/p>\n<p><strong>Inconvenienti<\/strong>: uno degli aspetti peggiori di BrightLocal \u00e8 che eseguono il software in parte in base ai costi che si verificano durante l&#8217;esecuzione di un report. Capisco questo modello; tuttavia, se non esegui un rapporto, non ci sono metriche selezionabili per le parole chiave che stai monitorando. Puoi guardare solo dall&#8217;ora specifica del rapporto pi\u00f9 recente all&#8217;ora specifica del rapporto pi\u00f9 vecchio.<\/p>\n<h4>Brendon R. &#8220;Strumenti SEO&#8221;<\/h4>\n<p><strong>Commenti<\/strong>: Nel complesso \u00e8 un ottimo prodotto. Molto perspicace.<\/p>\n<p><strong>Vantaggi<\/strong>: mi piace che il programma sia facile da imparare. La colonna a sinistra semplifica l&#8217;ordinamento dei dati e personalizza le nostre diverse posizioni.<\/p>\n<p><strong>Inconvenienti<\/strong>: non mi piace che sia difficile aggiornare le impostazioni di classifica dopo aver creato un rapporto. (ad es. modifica della frequenza di esecuzione del rapporto)<\/p>\n","protected":false},"excerpt":{"rendered":"<p>BrightLocal \u00e8 un software SEO sviluppato con tutte le funzionalit\u00e0 e gli strumenti per aumentare la visibilit\u00e0 della tua attivit\u00e0 sul web e attirare pi\u00f9 consumatori locali. Con BrightLocal, otterrai rapporti SEO locali rapidi e precisi mentre risparmi ore preziose di lavoro.<\/p>\n","protected":false},"author":19,"featured_media":20015,"parent":8849,"menu_order":0,"comment_status":"open","ping_status":"closed","template":"g1_template_page_review_new.php","meta":{"_acf_changed":false,"cwp_meta_box_check":"Yes","cwp_rev_product_name":"","cwp_rev_product_image":"","wppr_links":[],"cwp_rev_price":"","wppr_options":[],"wppr_pros":[],"wppr_cons":[],"_monsterinsights_skip_tracking":false,"_monsterinsights_sitenote_active":false,"_monsterinsights_sitenote_note":"","_monsterinsights_sitenote_category":0,"footnotes":""},"categories":[175],"tags":[1461,1421,1420,1417,885],"features":[],"class_list":{"0":"post-20014","1":"page","2":"type-page","3":"status-publish","4":"has-post-thumbnail","6":"category-strumenti-seo-categoria","7":"tag-brightlocal","8":"tag-programma-seo","9":"tag-software-seo","10":"tag-soluzione-seo","11":"tag-strumenti-seo"},"wppr_data":{"cwp_meta_box_check":"Yes","cwp_rev_product_name":"","cwp_rev_product_image":"","cwp_image_link":"image","cwp_rev_price":"","wppr_rating":"0.00"},"acf":[],"yoast_head":"<!-- This site is optimized with the Yoast SEO plugin v27.4 - https:\/\/yoast.com\/product\/yoast-seo-wordpress\/ -->\n<title>Brightlocal: recensione software SEO - Accurate Reviews<\/title>\n<meta name=\"description\" content=\"BrightLocal: recensione software SEO sviluppato con tutte le funzionalit\u00e0 e gli strumenti per aumentare la visibilit\u00e0 della tua attivit\u00e0 sul web.\" \/>\n<meta name=\"robots\" content=\"index, follow, max-snippet:-1, max-image-preview:large, max-video-preview:-1\" \/>\n<link rel=\"canonical\" href=\"https:\/\/www.accuratereviews.com\/it\/strumenti-seo-lista-software\/brightlocal-recensione\/\" \/>\n<meta property=\"og:locale\" content=\"it_IT\" \/>\n<meta property=\"og:type\" content=\"article\" \/>\n<meta property=\"og:title\" content=\"Brightlocal: recensione software SEO - Accurate Reviews\" \/>\n<meta property=\"og:description\" content=\"BrightLocal: recensione software SEO sviluppato con tutte le funzionalit\u00e0 e gli strumenti per aumentare la visibilit\u00e0 della tua attivit\u00e0 sul web.\" \/>\n<meta property=\"og:url\" content=\"https:\/\/www.accuratereviews.com\/it\/strumenti-seo-lista-software\/brightlocal-recensione\/\" \/>\n<meta property=\"og:site_name\" content=\"Accurate Reviews\" \/>\n<meta property=\"article:modified_time\" content=\"2021-11-10T16:54:58+00:00\" \/>\n<meta property=\"og:image\" content=\"https:\/\/www.accuratereviews.com\/wp-content\/uploads\/2019\/11\/BrightLocal-.jpg\" \/>\n\t<meta property=\"og:image:width\" content=\"1588\" \/>\n\t<meta property=\"og:image:height\" content=\"768\" \/>\n\t<meta property=\"og:image:type\" content=\"image\/jpeg\" \/>\n<meta name=\"twitter:card\" content=\"summary_large_image\" \/>\n<meta name=\"twitter:label1\" content=\"Tempo di lettura stimato\" \/>\n\t<meta name=\"twitter:data1\" content=\"3 minuti\" \/>\n<script type=\"application\/ld+json\" class=\"yoast-schema-graph\">{\"@context\":\"https:\\\/\\\/schema.org\",\"@graph\":[{\"@type\":\"WebPage\",\"@id\":\"https:\\\/\\\/www.accuratereviews.com\\\/it\\\/strumenti-seo-lista-software\\\/brightlocal-recensione\\\/\",\"url\":\"https:\\\/\\\/www.accuratereviews.com\\\/it\\\/strumenti-seo-lista-software\\\/brightlocal-recensione\\\/\",\"name\":\"Brightlocal: recensione software SEO - Accurate Reviews\",\"isPartOf\":{\"@id\":\"https:\\\/\\\/www.accuratereviews.com\\\/it\\\/#website\"},\"primaryImageOfPage\":{\"@id\":\"https:\\\/\\\/www.accuratereviews.com\\\/it\\\/strumenti-seo-lista-software\\\/brightlocal-recensione\\\/#primaryimage\"},\"image\":{\"@id\":\"https:\\\/\\\/www.accuratereviews.com\\\/it\\\/strumenti-seo-lista-software\\\/brightlocal-recensione\\\/#primaryimage\"},\"thumbnailUrl\":\"https:\\\/\\\/www.accuratereviews.com\\\/wp-content\\\/uploads\\\/2019\\\/11\\\/BrightLocal-.jpg\",\"datePublished\":\"2019-11-11T16:18:00+00:00\",\"dateModified\":\"2021-11-10T16:54:58+00:00\",\"description\":\"BrightLocal: recensione software SEO sviluppato con tutte le funzionalit\u00e0 e gli strumenti per aumentare la visibilit\u00e0 della tua attivit\u00e0 sul web.\",\"breadcrumb\":{\"@id\":\"https:\\\/\\\/www.accuratereviews.com\\\/it\\\/strumenti-seo-lista-software\\\/brightlocal-recensione\\\/#breadcrumb\"},\"inLanguage\":\"it-IT\",\"potentialAction\":[{\"@type\":\"ReadAction\",\"target\":[\"https:\\\/\\\/www.accuratereviews.com\\\/it\\\/strumenti-seo-lista-software\\\/brightlocal-recensione\\\/\"]}]},{\"@type\":\"ImageObject\",\"inLanguage\":\"it-IT\",\"@id\":\"https:\\\/\\\/www.accuratereviews.com\\\/it\\\/strumenti-seo-lista-software\\\/brightlocal-recensione\\\/#primaryimage\",\"url\":\"https:\\\/\\\/www.accuratereviews.com\\\/wp-content\\\/uploads\\\/2019\\\/11\\\/BrightLocal-.jpg\",\"contentUrl\":\"https:\\\/\\\/www.accuratereviews.com\\\/wp-content\\\/uploads\\\/2019\\\/11\\\/BrightLocal-.jpg\",\"width\":1588,\"height\":768},{\"@type\":\"BreadcrumbList\",\"@id\":\"https:\\\/\\\/www.accuratereviews.com\\\/it\\\/strumenti-seo-lista-software\\\/brightlocal-recensione\\\/#breadcrumb\",\"itemListElement\":[{\"@type\":\"ListItem\",\"position\":1,\"name\":\"Home\",\"item\":\"https:\\\/\\\/www.accuratereviews.com\\\/it\\\/\"},{\"@type\":\"ListItem\",\"position\":2,\"name\":\"Strumenti SEO\",\"item\":\"https:\\\/\\\/www.accuratereviews.com\\\/it\\\/strumenti-seo-lista-software\\\/\"},{\"@type\":\"ListItem\",\"position\":3,\"name\":\"BrightLocal\"}]},{\"@type\":\"WebSite\",\"@id\":\"https:\\\/\\\/www.accuratereviews.com\\\/it\\\/#website\",\"url\":\"https:\\\/\\\/www.accuratereviews.com\\\/it\\\/\",\"name\":\"Accurate Reviews\",\"description\":\"\",\"potentialAction\":[{\"@type\":\"SearchAction\",\"target\":{\"@type\":\"EntryPoint\",\"urlTemplate\":\"https:\\\/\\\/www.accuratereviews.com\\\/it\\\/?s={search_term_string}\"},\"query-input\":{\"@type\":\"PropertyValueSpecification\",\"valueRequired\":true,\"valueName\":\"search_term_string\"}}],\"inLanguage\":\"it-IT\"}]}<\/script>\n<!-- \/ Yoast SEO plugin. -->","yoast_head_json":{"title":"Brightlocal: recensione software SEO - Accurate Reviews","description":"BrightLocal: recensione software SEO sviluppato con tutte le funzionalit\u00e0 e gli strumenti per aumentare la visibilit\u00e0 della tua attivit\u00e0 sul web.","robots":{"index":"index","follow":"follow","max-snippet":"max-snippet:-1","max-image-preview":"max-image-preview:large","max-video-preview":"max-video-preview:-1"},"canonical":"https:\/\/www.accuratereviews.com\/it\/strumenti-seo-lista-software\/brightlocal-recensione\/","og_locale":"it_IT","og_type":"article","og_title":"Brightlocal: recensione software SEO - Accurate Reviews","og_description":"BrightLocal: recensione software SEO sviluppato con tutte le funzionalit\u00e0 e gli strumenti per aumentare la visibilit\u00e0 della tua attivit\u00e0 sul web.","og_url":"https:\/\/www.accuratereviews.com\/it\/strumenti-seo-lista-software\/brightlocal-recensione\/","og_site_name":"Accurate Reviews","article_modified_time":"2021-11-10T16:54:58+00:00","og_image":[{"width":1588,"height":768,"url":"https:\/\/www.accuratereviews.com\/wp-content\/uploads\/2019\/11\/BrightLocal-.jpg","type":"image\/jpeg"}],"twitter_card":"summary_large_image","twitter_misc":{"Tempo di lettura stimato":"3 minuti"},"schema":{"@context":"https:\/\/schema.org","@graph":[{"@type":"WebPage","@id":"https:\/\/www.accuratereviews.com\/it\/strumenti-seo-lista-software\/brightlocal-recensione\/","url":"https:\/\/www.accuratereviews.com\/it\/strumenti-seo-lista-software\/brightlocal-recensione\/","name":"Brightlocal: recensione software SEO - Accurate Reviews","isPartOf":{"@id":"https:\/\/www.accuratereviews.com\/it\/#website"},"primaryImageOfPage":{"@id":"https:\/\/www.accuratereviews.com\/it\/strumenti-seo-lista-software\/brightlocal-recensione\/#primaryimage"},"image":{"@id":"https:\/\/www.accuratereviews.com\/it\/strumenti-seo-lista-software\/brightlocal-recensione\/#primaryimage"},"thumbnailUrl":"https:\/\/www.accuratereviews.com\/wp-content\/uploads\/2019\/11\/BrightLocal-.jpg","datePublished":"2019-11-11T16:18:00+00:00","dateModified":"2021-11-10T16:54:58+00:00","description":"BrightLocal: recensione software SEO sviluppato con tutte le funzionalit\u00e0 e gli strumenti per aumentare la visibilit\u00e0 della tua attivit\u00e0 sul web.","breadcrumb":{"@id":"https:\/\/www.accuratereviews.com\/it\/strumenti-seo-lista-software\/brightlocal-recensione\/#breadcrumb"},"inLanguage":"it-IT","potentialAction":[{"@type":"ReadAction","target":["https:\/\/www.accuratereviews.com\/it\/strumenti-seo-lista-software\/brightlocal-recensione\/"]}]},{"@type":"ImageObject","inLanguage":"it-IT","@id":"https:\/\/www.accuratereviews.com\/it\/strumenti-seo-lista-software\/brightlocal-recensione\/#primaryimage","url":"https:\/\/www.accuratereviews.com\/wp-content\/uploads\/2019\/11\/BrightLocal-.jpg","contentUrl":"https:\/\/www.accuratereviews.com\/wp-content\/uploads\/2019\/11\/BrightLocal-.jpg","width":1588,"height":768},{"@type":"BreadcrumbList","@id":"https:\/\/www.accuratereviews.com\/it\/strumenti-seo-lista-software\/brightlocal-recensione\/#breadcrumb","itemListElement":[{"@type":"ListItem","position":1,"name":"Home","item":"https:\/\/www.accuratereviews.com\/it\/"},{"@type":"ListItem","position":2,"name":"Strumenti SEO","item":"https:\/\/www.accuratereviews.com\/it\/strumenti-seo-lista-software\/"},{"@type":"ListItem","position":3,"name":"BrightLocal"}]},{"@type":"WebSite","@id":"https:\/\/www.accuratereviews.com\/it\/#website","url":"https:\/\/www.accuratereviews.com\/it\/","name":"Accurate Reviews","description":"","potentialAction":[{"@type":"SearchAction","target":{"@type":"EntryPoint","urlTemplate":"https:\/\/www.accuratereviews.com\/it\/?s={search_term_string}"},"query-input":{"@type":"PropertyValueSpecification","valueRequired":true,"valueName":"search_term_string"}}],"inLanguage":"it-IT"}]}},"_links":{"self":[{"href":"https:\/\/www.accuratereviews.com\/it\/wp-json\/wp\/v2\/pages\/20014","targetHints":{"allow":["GET"]}}],"collection":[{"href":"https:\/\/www.accuratereviews.com\/it\/wp-json\/wp\/v2\/pages"}],"about":[{"href":"https:\/\/www.accuratereviews.com\/it\/wp-json\/wp\/v2\/types\/page"}],"author":[{"embeddable":true,"href":"https:\/\/www.accuratereviews.com\/it\/wp-json\/wp\/v2\/users\/19"}],"replies":[{"embeddable":true,"href":"https:\/\/www.accuratereviews.com\/it\/wp-json\/wp\/v2\/comments?post=20014"}],"version-history":[{"count":9,"href":"https:\/\/www.accuratereviews.com\/it\/wp-json\/wp\/v2\/pages\/20014\/revisions"}],"predecessor-version":[{"id":49805,"href":"https:\/\/www.accuratereviews.com\/it\/wp-json\/wp\/v2\/pages\/20014\/revisions\/49805"}],"up":[{"embeddable":true,"href":"https:\/\/www.accuratereviews.com\/it\/wp-json\/wp\/v2\/pages\/8849"}],"wp:featuredmedia":[{"embeddable":true,"href":"https:\/\/www.accuratereviews.com\/it\/wp-json\/wp\/v2\/media\/20015"}],"wp:attachment":[{"href":"https:\/\/www.accuratereviews.com\/it\/wp-json\/wp\/v2\/media?parent=20014"}],"wp:term":[{"taxonomy":"category","embeddable":true,"href":"https:\/\/www.accuratereviews.com\/it\/wp-json\/wp\/v2\/categories?post=20014"},{"taxonomy":"post_tag","embeddable":true,"href":"https:\/\/www.accuratereviews.com\/it\/wp-json\/wp\/v2\/tags?post=20014"},{"taxonomy":"features","embeddable":true,"href":"https:\/\/www.accuratereviews.com\/it\/wp-json\/wp\/v2\/features?post=20014"}],"curies":[{"name":"wp","href":"https:\/\/api.w.org\/{rel}","templated":true}]}}