{"id":20036,"date":"2019-11-11T13:42:36","date_gmt":"2019-11-11T13:42:36","guid":{"rendered":"https:\/\/www.accuratereviews.com\/?page_id=20036"},"modified":"2021-11-12T15:22:32","modified_gmt":"2021-11-12T15:22:32","slug":"accuranker-recensione","status":"publish","type":"page","link":"https:\/\/www.accuratereviews.com\/it\/strumenti-seo-lista-software\/accuranker-recensione\/","title":{"rendered":"AccuRanker"},"content":{"rendered":"<p><strong>AccuRanker<\/strong> \u00e8 uno <strong>strumento SEO<\/strong> davvero funzionale per gli <strong>esperti e le agenzie SEO<\/strong> che desiderano dati precisi e approfonditi su richiesta. Si tratta di una piattaforma online che ti consente di acquisire un miglior controllo della tua <strong>strategia SEO<\/strong> dandoti la possibilit\u00e0 di fare aggiornamenti quotidiani cos\u00ec da aggiornare le classifiche delle parole chiave in qualsiasi momento. Utilizza le varie <strong>funzionalit\u00e0 SERP<\/strong> per indirizzare il traffico verso il tuo sito, scegli e organizza le parole chiave giuste, i tag cloud e i landing page.<\/p>\n<h2>COME UTILIZZARE ACCURANKER &#8211; TUTORIAL<\/h2>\n<p>Ecco un video che ci permetter\u00e0 di capire qualcosa di pi\u00f9 al riguardo:<\/p>\n<div id=\"fluid-wrapper-counter-1\" class=\"g1-fluid-wrapper \" style=\"width:686px;\">\n<div style=\"padding-bottom:56.268221574344%;\"><iframe loading=\"lazy\" title=\"Rank Tracker Tutorial: How to get started with AccuRanker\" width=\"686\" height=\"386\" src=\"https:\/\/www.youtube.com\/embed\/E6dYPZlir_U?feature=oembed&amp;wmode=transparent&amp;autohide=1&amp;autoplay=0&amp;disablekb=0&amp;fs=1&amp;loop=0&amp;enablejsapi=1&amp;rel=0&amp;controls=2&amp;showinfo=0&amp;wmode=transparent&amp;autohide=2&amp;autoplay=0&amp;disablekb=0&amp;fs=1&amp;loop=0&amp;enablejsapi=1&amp;rel=0&amp;controls=2&amp;showinfo=1\" frameborder=\"0\" allow=\"accelerometer; autoplay; clipboard-write; encrypted-media; gyroscope; picture-in-picture\" allowfullscreen><\/iframe><\/div>\n<\/div>\n<h3>ACCURANKER &#8211; CARATTERISTICHE<\/h3>\n<p>Di seguito le sue principali caratteristiche:<\/p>\n<div class=\"tlid-results-container results-container\">\n<div class=\"tlid-result result-dict-wrapper\">\n<div class=\"result tlid-copy-target\">\n<div class=\"text-wrap tlid-copy-target\">\n<ul>\n<li class=\"result-shield-container tlid-copy-target\" tabindex=\"0\"><span class=\"tlid-translation translation\" lang=\"it\"><strong>Aggiornamenti istantanei su richiesta<\/strong>: esegui aggiornamenti quotidiani e dati su richiesta, aggiornando le classifiche delle parole chiave ogni volta che ne hai bisogno<\/span><\/li>\n<li class=\"result-shield-container tlid-copy-target\" tabindex=\"0\"><span class=\"tlid-translation translation\" lang=\"it\"><strong>Funzionalit\u00e0 SERP<\/strong>: costruisci la tua visibilit\u00e0 organica scegliendo come target varie funzionalit\u00e0 SERP su Google che indirizzano il traffico verso il tuo sito<\/span><\/li>\n<li class=\"result-shield-container tlid-copy-target\" tabindex=\"0\"><span class=\"tlid-translation translation\" lang=\"it\"><strong>Strumento di analisi dettagliata<\/strong>: segmenta, filtra i tuoi dati e condividi approfondimenti con il tuo team in modo che possano prendere decisioni intelligenti basate sui dati<\/span><\/li>\n<li class=\"result-shield-container tlid-copy-target\" tabindex=\"0\"><span class=\"tlid-translation translation\" lang=\"it\"><strong>Panoramica accurata della tua posizione<\/strong>: tieni sotto controllo le parole chiave, i tag, le pagine di destinazione el le sue visualizzazioni personalizzate<\/span><\/li>\n<li class=\"result-shield-container tlid-copy-target\" tabindex=\"0\"><span class=\"tlid-translation translation\" lang=\"it\"><strong>Etichettatura e pagine di destinazione<\/strong>: misura l&#8217;impatto della tua strategia SEO e organizza dati di parole chiave di grandi dimensioni con le funzionalit\u00e0 di tag cloud e landing page<\/span><\/li>\n<li class=\"result-shield-container tlid-copy-target\" tabindex=\"0\"><span class=\"tlid-translation translation\" lang=\"it\"><strong>Domini illimitati e utenti illimitati<\/strong>: aggiungi e gestisci facilmente tutti i domini con un solo account o aggiungi utenti illimitati e concedi l&#8217;accesso ai tuoi clienti e ai membri del team.<br \/>\n<\/span><\/li>\n<\/ul>\n<h3>LE RECENSIONI DEGLI UTENTI:<\/h3>\n<ul>\n<li><strong>&#8220;Uno strumento tracker di rango in grado di tenere traccia dei risultati mobili e desktop.&#8221;<\/strong><br \/>\nPRO: AccuRanker \u00e8 un ottimo strumento per tracciare le mie parole chiave. Pu\u00f2 tenere traccia dei risultati mobile\/desktop in un istante. Forniscono risultati di classifica accurati con il loro strumento SERP Live. Pu\u00f2 anche tenere traccia delle parole chiave locali scegliendo la posizione o il paese. AccuRanker offre anche una prova gratuita di 14 giorni e hanno alcuni strumenti gratuiti che puoi utilizzare immediatamente come Google Grump e il controllo SERP.<br \/>\nCONTRO: Non ho problemi con AccuRanker. \u00c8 preciso e funziona davvero bene.<\/li>\n<li><strong>&#8220;AccuRanker \u00e8 l&#8217;opzione migliore se hai molte parole chiave da tracciare!&#8221;<\/strong><br \/>\nIN GENERALE: AccuRanker \u00e8 davvero un tracker di rango preciso.<br \/>\nPRO: Come parte di un&#8217;agenzia SEO, abbiamo molte parole chiave da tracciare. Accuranker \u00e8 uno degli strumenti che stiamo utilizzando per tracciare centinaia di parole chiave. Il loro piano pi\u00f9 basso ci consente di tracciare 500 parole chiave con aggiornamenti giornalieri automatici e manuali. Posso anche integrare il nostro Google Analytics e importare le nostre parole chiave dalla console di ricerca di Google. Il loro tracker \u00e8 anche molto affidabile e preciso.<br \/>\nCONTRO: hai bisogno di un piano pi\u00f9 grande per sbloccare alcune opzioni avanzate come utenti illimitati, cronologia SERP, API e monitorare i ranghi dei tuoi concorrenti. Quelli non sono disponibili sul loro piano pi\u00f9 basso.<\/li>\n<li><strong>&#8220;Preciso e velocissimo!&#8221;<\/strong><br \/>\nPRO: AccuRanker ci offre molti vantaggi. \u00c8 un software di tracking di rango eccezionale. Lavorare con esso \u00e8 semplice e veloce. La dashboard \u00e8 semplice e mi piace molto il design e la combinazione di colori. \u00c8 abbastanza preciso e aggiorna automaticamente le nostre parole chiave ogni 24 ore. Hanno un blog davvero utile che contiene notizie su SEO e suggerimenti su come diventare un migliore internet marketer. Anche i loro prezzi sono competitivi.<br \/>\nCONTRO Alcune delle funzionalit\u00e0 avanzate come la cronologia SERP e gli utenti illimitati non sono disponibili nei loro piani inferiori.<\/li>\n<\/ul>\n<\/div>\n<\/div>\n<\/div>\n<\/div>\n","protected":false},"excerpt":{"rendered":"<p>AccuRanker \u00e8 uno strumento SEO davvero funzionale per gli esperti e le agenzie SEO che desiderano dati precisi e approfonditi su richiesta. Si tratta di una piattaforma online che ti consente di acquisire un miglior controllo della tua strategia SEO dandoti la possibilit\u00e0 di fare aggiornamenti quotidiani<\/p>\n","protected":false},"author":17,"featured_media":20037,"parent":8849,"menu_order":0,"comment_status":"open","ping_status":"closed","template":"g1_template_page_review_new.php","meta":{"_acf_changed":false,"cwp_meta_box_check":"Yes","cwp_rev_product_name":"","cwp_rev_product_image":"","wppr_links":[],"cwp_rev_price":"","wppr_options":[],"wppr_pros":[],"wppr_cons":[],"_monsterinsights_skip_tracking":false,"_monsterinsights_sitenote_active":false,"_monsterinsights_sitenote_note":"","_monsterinsights_sitenote_category":0,"footnotes":""},"categories":[175],"tags":[1401,901,1398,885],"features":[],"class_list":{"0":"post-20036","1":"page","2":"type-page","3":"status-publish","4":"has-post-thumbnail","6":"category-strumenti-seo-categoria","7":"tag-analisi-seo","8":"tag-seo","9":"tag-seo-software","10":"tag-strumenti-seo"},"wppr_data":{"cwp_meta_box_check":"Yes","cwp_rev_product_name":"","cwp_rev_product_image":"","cwp_image_link":"image","cwp_rev_price":"","wppr_rating":"0.00"},"acf":[],"yoast_head":"<!-- This site is optimized with the Yoast SEO plugin v27.4 - https:\/\/yoast.com\/product\/yoast-seo-wordpress\/ -->\n<title>AccuRanker: recensione strumento SEO - Accurate Reviews<\/title>\n<meta name=\"description\" content=\"AccuRanker: recensione dello strumento SEO funzionale per gli esperti e le agenzie SEO che desiderano dati precisi e approfonditi su richiesta.\" \/>\n<meta name=\"robots\" content=\"index, follow, max-snippet:-1, max-image-preview:large, max-video-preview:-1\" \/>\n<link rel=\"canonical\" href=\"https:\/\/www.accuratereviews.com\/it\/strumenti-seo-lista-software\/accuranker-recensione\/\" \/>\n<meta property=\"og:locale\" content=\"it_IT\" \/>\n<meta property=\"og:type\" content=\"article\" \/>\n<meta property=\"og:title\" content=\"AccuRanker: recensione strumento SEO - Accurate Reviews\" \/>\n<meta property=\"og:description\" content=\"AccuRanker: recensione dello strumento SEO funzionale per gli esperti e le agenzie SEO che desiderano dati precisi e approfonditi su richiesta.\" \/>\n<meta property=\"og:url\" content=\"https:\/\/www.accuratereviews.com\/it\/strumenti-seo-lista-software\/accuranker-recensione\/\" \/>\n<meta property=\"og:site_name\" content=\"Accurate Reviews\" \/>\n<meta property=\"article:modified_time\" content=\"2021-11-12T15:22:32+00:00\" \/>\n<meta property=\"og:image\" content=\"https:\/\/www.accuratereviews.com\/wp-content\/uploads\/2019\/11\/images-2.png\" \/>\n\t<meta property=\"og:image:width\" content=\"387\" \/>\n\t<meta property=\"og:image:height\" content=\"130\" \/>\n\t<meta property=\"og:image:type\" content=\"image\/png\" \/>\n<meta name=\"twitter:card\" content=\"summary_large_image\" \/>\n<meta name=\"twitter:label1\" content=\"Tempo di lettura stimato\" \/>\n\t<meta name=\"twitter:data1\" content=\"3 minuti\" \/>\n<script type=\"application\/ld+json\" class=\"yoast-schema-graph\">{\"@context\":\"https:\\\/\\\/schema.org\",\"@graph\":[{\"@type\":\"WebPage\",\"@id\":\"https:\\\/\\\/www.accuratereviews.com\\\/it\\\/strumenti-seo-lista-software\\\/accuranker-recensione\\\/\",\"url\":\"https:\\\/\\\/www.accuratereviews.com\\\/it\\\/strumenti-seo-lista-software\\\/accuranker-recensione\\\/\",\"name\":\"AccuRanker: recensione strumento SEO - Accurate Reviews\",\"isPartOf\":{\"@id\":\"https:\\\/\\\/www.accuratereviews.com\\\/it\\\/#website\"},\"primaryImageOfPage\":{\"@id\":\"https:\\\/\\\/www.accuratereviews.com\\\/it\\\/strumenti-seo-lista-software\\\/accuranker-recensione\\\/#primaryimage\"},\"image\":{\"@id\":\"https:\\\/\\\/www.accuratereviews.com\\\/it\\\/strumenti-seo-lista-software\\\/accuranker-recensione\\\/#primaryimage\"},\"thumbnailUrl\":\"https:\\\/\\\/www.accuratereviews.com\\\/wp-content\\\/uploads\\\/2019\\\/11\\\/images-2.png\",\"datePublished\":\"2019-11-11T13:42:36+00:00\",\"dateModified\":\"2021-11-12T15:22:32+00:00\",\"description\":\"AccuRanker: recensione dello strumento SEO funzionale per gli esperti e le agenzie SEO che desiderano dati precisi e approfonditi su richiesta.\",\"breadcrumb\":{\"@id\":\"https:\\\/\\\/www.accuratereviews.com\\\/it\\\/strumenti-seo-lista-software\\\/accuranker-recensione\\\/#breadcrumb\"},\"inLanguage\":\"it-IT\",\"potentialAction\":[{\"@type\":\"ReadAction\",\"target\":[\"https:\\\/\\\/www.accuratereviews.com\\\/it\\\/strumenti-seo-lista-software\\\/accuranker-recensione\\\/\"]}]},{\"@type\":\"ImageObject\",\"inLanguage\":\"it-IT\",\"@id\":\"https:\\\/\\\/www.accuratereviews.com\\\/it\\\/strumenti-seo-lista-software\\\/accuranker-recensione\\\/#primaryimage\",\"url\":\"https:\\\/\\\/www.accuratereviews.com\\\/wp-content\\\/uploads\\\/2019\\\/11\\\/images-2.png\",\"contentUrl\":\"https:\\\/\\\/www.accuratereviews.com\\\/wp-content\\\/uploads\\\/2019\\\/11\\\/images-2.png\",\"width\":387,\"height\":130},{\"@type\":\"BreadcrumbList\",\"@id\":\"https:\\\/\\\/www.accuratereviews.com\\\/it\\\/strumenti-seo-lista-software\\\/accuranker-recensione\\\/#breadcrumb\",\"itemListElement\":[{\"@type\":\"ListItem\",\"position\":1,\"name\":\"Home\",\"item\":\"https:\\\/\\\/www.accuratereviews.com\\\/it\\\/\"},{\"@type\":\"ListItem\",\"position\":2,\"name\":\"Strumenti SEO\",\"item\":\"https:\\\/\\\/www.accuratereviews.com\\\/it\\\/strumenti-seo-lista-software\\\/\"},{\"@type\":\"ListItem\",\"position\":3,\"name\":\"AccuRanker\"}]},{\"@type\":\"WebSite\",\"@id\":\"https:\\\/\\\/www.accuratereviews.com\\\/it\\\/#website\",\"url\":\"https:\\\/\\\/www.accuratereviews.com\\\/it\\\/\",\"name\":\"Accurate Reviews\",\"description\":\"\",\"potentialAction\":[{\"@type\":\"SearchAction\",\"target\":{\"@type\":\"EntryPoint\",\"urlTemplate\":\"https:\\\/\\\/www.accuratereviews.com\\\/it\\\/?s={search_term_string}\"},\"query-input\":{\"@type\":\"PropertyValueSpecification\",\"valueRequired\":true,\"valueName\":\"search_term_string\"}}],\"inLanguage\":\"it-IT\"}]}<\/script>\n<!-- \/ Yoast SEO plugin. -->","yoast_head_json":{"title":"AccuRanker: recensione strumento SEO - Accurate Reviews","description":"AccuRanker: recensione dello strumento SEO funzionale per gli esperti e le agenzie SEO che desiderano dati precisi e approfonditi su richiesta.","robots":{"index":"index","follow":"follow","max-snippet":"max-snippet:-1","max-image-preview":"max-image-preview:large","max-video-preview":"max-video-preview:-1"},"canonical":"https:\/\/www.accuratereviews.com\/it\/strumenti-seo-lista-software\/accuranker-recensione\/","og_locale":"it_IT","og_type":"article","og_title":"AccuRanker: recensione strumento SEO - Accurate Reviews","og_description":"AccuRanker: recensione dello strumento SEO funzionale per gli esperti e le agenzie SEO che desiderano dati precisi e approfonditi su richiesta.","og_url":"https:\/\/www.accuratereviews.com\/it\/strumenti-seo-lista-software\/accuranker-recensione\/","og_site_name":"Accurate Reviews","article_modified_time":"2021-11-12T15:22:32+00:00","og_image":[{"width":387,"height":130,"url":"https:\/\/www.accuratereviews.com\/wp-content\/uploads\/2019\/11\/images-2.png","type":"image\/png"}],"twitter_card":"summary_large_image","twitter_misc":{"Tempo di lettura stimato":"3 minuti"},"schema":{"@context":"https:\/\/schema.org","@graph":[{"@type":"WebPage","@id":"https:\/\/www.accuratereviews.com\/it\/strumenti-seo-lista-software\/accuranker-recensione\/","url":"https:\/\/www.accuratereviews.com\/it\/strumenti-seo-lista-software\/accuranker-recensione\/","name":"AccuRanker: recensione strumento SEO - Accurate Reviews","isPartOf":{"@id":"https:\/\/www.accuratereviews.com\/it\/#website"},"primaryImageOfPage":{"@id":"https:\/\/www.accuratereviews.com\/it\/strumenti-seo-lista-software\/accuranker-recensione\/#primaryimage"},"image":{"@id":"https:\/\/www.accuratereviews.com\/it\/strumenti-seo-lista-software\/accuranker-recensione\/#primaryimage"},"thumbnailUrl":"https:\/\/www.accuratereviews.com\/wp-content\/uploads\/2019\/11\/images-2.png","datePublished":"2019-11-11T13:42:36+00:00","dateModified":"2021-11-12T15:22:32+00:00","description":"AccuRanker: recensione dello strumento SEO funzionale per gli esperti e le agenzie SEO che desiderano dati precisi e approfonditi su richiesta.","breadcrumb":{"@id":"https:\/\/www.accuratereviews.com\/it\/strumenti-seo-lista-software\/accuranker-recensione\/#breadcrumb"},"inLanguage":"it-IT","potentialAction":[{"@type":"ReadAction","target":["https:\/\/www.accuratereviews.com\/it\/strumenti-seo-lista-software\/accuranker-recensione\/"]}]},{"@type":"ImageObject","inLanguage":"it-IT","@id":"https:\/\/www.accuratereviews.com\/it\/strumenti-seo-lista-software\/accuranker-recensione\/#primaryimage","url":"https:\/\/www.accuratereviews.com\/wp-content\/uploads\/2019\/11\/images-2.png","contentUrl":"https:\/\/www.accuratereviews.com\/wp-content\/uploads\/2019\/11\/images-2.png","width":387,"height":130},{"@type":"BreadcrumbList","@id":"https:\/\/www.accuratereviews.com\/it\/strumenti-seo-lista-software\/accuranker-recensione\/#breadcrumb","itemListElement":[{"@type":"ListItem","position":1,"name":"Home","item":"https:\/\/www.accuratereviews.com\/it\/"},{"@type":"ListItem","position":2,"name":"Strumenti SEO","item":"https:\/\/www.accuratereviews.com\/it\/strumenti-seo-lista-software\/"},{"@type":"ListItem","position":3,"name":"AccuRanker"}]},{"@type":"WebSite","@id":"https:\/\/www.accuratereviews.com\/it\/#website","url":"https:\/\/www.accuratereviews.com\/it\/","name":"Accurate Reviews","description":"","potentialAction":[{"@type":"SearchAction","target":{"@type":"EntryPoint","urlTemplate":"https:\/\/www.accuratereviews.com\/it\/?s={search_term_string}"},"query-input":{"@type":"PropertyValueSpecification","valueRequired":true,"valueName":"search_term_string"}}],"inLanguage":"it-IT"}]}},"_links":{"self":[{"href":"https:\/\/www.accuratereviews.com\/it\/wp-json\/wp\/v2\/pages\/20036","targetHints":{"allow":["GET"]}}],"collection":[{"href":"https:\/\/www.accuratereviews.com\/it\/wp-json\/wp\/v2\/pages"}],"about":[{"href":"https:\/\/www.accuratereviews.com\/it\/wp-json\/wp\/v2\/types\/page"}],"author":[{"embeddable":true,"href":"https:\/\/www.accuratereviews.com\/it\/wp-json\/wp\/v2\/users\/17"}],"replies":[{"embeddable":true,"href":"https:\/\/www.accuratereviews.com\/it\/wp-json\/wp\/v2\/comments?post=20036"}],"version-history":[{"count":4,"href":"https:\/\/www.accuratereviews.com\/it\/wp-json\/wp\/v2\/pages\/20036\/revisions"}],"predecessor-version":[{"id":49933,"href":"https:\/\/www.accuratereviews.com\/it\/wp-json\/wp\/v2\/pages\/20036\/revisions\/49933"}],"up":[{"embeddable":true,"href":"https:\/\/www.accuratereviews.com\/it\/wp-json\/wp\/v2\/pages\/8849"}],"wp:featuredmedia":[{"embeddable":true,"href":"https:\/\/www.accuratereviews.com\/it\/wp-json\/wp\/v2\/media\/20037"}],"wp:attachment":[{"href":"https:\/\/www.accuratereviews.com\/it\/wp-json\/wp\/v2\/media?parent=20036"}],"wp:term":[{"taxonomy":"category","embeddable":true,"href":"https:\/\/www.accuratereviews.com\/it\/wp-json\/wp\/v2\/categories?post=20036"},{"taxonomy":"post_tag","embeddable":true,"href":"https:\/\/www.accuratereviews.com\/it\/wp-json\/wp\/v2\/tags?post=20036"},{"taxonomy":"features","embeddable":true,"href":"https:\/\/www.accuratereviews.com\/it\/wp-json\/wp\/v2\/features?post=20036"}],"curies":[{"name":"wp","href":"https:\/\/api.w.org\/{rel}","templated":true}]}}